{"id":59516,"date":"2026-01-10T09:39:26","date_gmt":"2026-01-10T09:39:26","guid":{"rendered":"https:\/\/vozolvapen.de\/?post_type=product&#038;p=59516"},"modified":"2026-01-10T10:09:58","modified_gmt":"2026-01-10T10:09:58","slug":"puff-60k-bang-legend-geek-60000-grape-ice","status":"publish","type":"product","link":"https:\/\/vozolvapen.de\/fr\/product\/puff-60k-bang-legend-geek-60000-grape-ice\/","title":{"rendered":"Puff 60k Bang Legend Geek 60000 - Grape Ice"},"content":{"rendered":"<h1>Grape Ice : Bang Legend Geek 60000<\/h1>\n<p data-path-to-node=\"11\"><b data-path-to-node=\"11\" data-index-in-node=\"0\">Plong\u00e9e dans le vignoble Bold<\/b><\/p>\n<p data-path-to-node=\"11\">Il ne s'agit pas d'un simple raisin, mais d'une explosion de pourpre \u00e0 haute saturation. Les <b data-path-to-node=\"11\" data-index-in-node=\"96\">Puff 60k Bang Legend Geek 60000<\/b> offre une inhalation profonde et sirupeuse de raisin de concorde, suivie d'une finale glaciale et cristalline. C'est le genre de performance audacieuse que l'on attend d'une <b data-path-to-node=\"11\" data-index-in-node=\"272\">Geek Vape Legend<\/b> de l'installation.<\/p>\n<ul data-path-to-node=\"12\">\n<li>\n<p data-path-to-node=\"12,0,0\"><b data-path-to-node=\"12,0,0\" data-index-in-node=\"0\">Douceur :<\/b> \u2605\u2605\u2605\u2605\u2606 - Raisin intense, ressemblant \u00e0 un bonbon.<\/p>\n<\/li>\n<li>\n<p data-path-to-node=\"12,1,0\"><b data-path-to-node=\"12,1,0\" data-index-in-node=\"0\">Glacial\/froid :<\/b> \u2605\u2605\u2605\u2605\u2606 - Expiration arctique rafra\u00eechissante.<\/p>\n<\/li>\n<li>\n<p data-path-to-node=\"12,2,0\"><b data-path-to-node=\"12,2,0\" data-index-in-node=\"0\">Ar\u00f4me :<\/b> \u2605\u2605\u2605\u2605\u2606 - Parfum classique et reconnaissable de soda au raisin.<\/p>\n<\/li>\n<\/ul>\n<h2 data-path-to-node=\"13\"><b data-path-to-node=\"13\" data-index-in-node=\"0\">\u00c0 qui s'adresse cette saveur ?<\/b><\/h2>\n<p data-path-to-node=\"13\"><b data-path-to-node=\"13\" data-index-in-node=\"24\">Le fan de saveurs audacieuses :<\/b> Parfait pour ceux qui veulent un go\u00fbt \u201cfort\u201d qui ne s'estompe pas, m\u00eame apr\u00e8s des semaines d'utilisation intensive.<\/p>\n<h2><strong>Puff 60k Bang Legend Geek 60000 <\/strong><strong>Vid\u00e9o :<\/strong><\/h2>\n<p><iframe src=\"https:\/\/player.vimeo.com\/video\/1153127582?badge=0&amp;autopause=0&amp;player_id=0&amp;app_id=58479\" width=\"400\" height=\"711\" frameborder=\"0\" allow=\"autoplay; fullscreen; picture-in-picture; clipboard-write; encrypted-media; web-share\" referrerpolicy=\"strict-origin-when-cross-origin\" title=\"Puff 60k Bang Legend Geek 60000 vape\"><\/iframe><\/p>\n<h2 data-path-to-node=\"14\"><b data-path-to-node=\"14\" data-index-in-node=\"0\">Avantage technique du mat\u00e9riel :<\/b><\/h2>\n<p data-path-to-node=\"14\">Utilisez le <b data-path-to-node=\"14\" data-index-in-node=\"38\">D\u00e9bit d'air r\u00e9glable<\/b> pour resserrer le tirage pour un go\u00fbt de raisin plus \u201cconcentr\u00e9\u201d, ou l'ouvrir en <b data-path-to-node=\"14\" data-index-in-node=\"133\">Mode Turbo<\/b> pour cr\u00e9er des nuages de raisin massifs et froids qui imitent l'exp\u00e9rience d'une chicha de premi\u00e8re qualit\u00e9.<\/p>\n<h2 data-path-to-node=\"8\"><b data-path-to-node=\"8\" data-index-in-node=\"0\">Puff 60k Bang Legend Geek 60000 Sp\u00e9cifications<\/b><\/h2>\n<table data-path-to-node=\"4\">\n<thead>\n<tr>\n<td><strong>Moteur technique<\/strong><\/td>\n<td><strong>Bang Legend Geek 60000 D\u00e9tails<\/strong><\/td>\n<\/tr>\n<\/thead>\n<tbody>\n<tr>\n<td><span data-path-to-node=\"4,1,0,0\"><b data-path-to-node=\"4,1,0,0\" data-index-in-node=\"0\">S\u00e9rie de mod\u00e8les<\/b><\/span><\/td>\n<td><span data-path-to-node=\"4,1,1,0\"><b data-path-to-node=\"4,1,1,0\" data-index-in-node=\"0\">Puff 60k Bang Legend Geek 60k<\/b><\/span><\/td>\n<\/tr>\n<tr>\n<td><span data-path-to-node=\"4,2,0,0\"><b data-path-to-node=\"4,2,0,0\" data-index-in-node=\"0\">Capacit\u00e9 de soufflage<\/b><\/span><\/td>\n<td><span data-path-to-node=\"4,2,1,0\">Jusqu'\u00e0 60 000 bouff\u00e9es de haute intensit\u00e9<\/span><\/td>\n<\/tr>\n<tr>\n<td><span data-path-to-node=\"4,3,0,0\"><b data-path-to-node=\"4,3,0,0\" data-index-in-node=\"0\">Mode d'alimentation<\/b><\/span><\/td>\n<td><span data-path-to-node=\"4,3,1,0\"><b data-path-to-node=\"4,3,1,0\" data-index-in-node=\"0\">Mode Turbo<\/b> (Augmentation de la saveur et du nuage)<\/span><\/td>\n<\/tr>\n<tr>\n<td><span data-path-to-node=\"4,4,0,0\"><b data-path-to-node=\"4,4,0,0\" data-index-in-node=\"0\">\u00c9l\u00e9ment chauffant<\/b><\/span><\/td>\n<td><span data-path-to-node=\"4,4,1,0\">1.0\u03a9 Pro-Grade Mesh Coil<\/span><\/td>\n<\/tr>\n<tr>\n<td><span data-path-to-node=\"4,5,0,0\"><b data-path-to-node=\"4,5,0,0\" data-index-in-node=\"0\">Contr\u00f4le du d\u00e9bit d'air<\/b><\/span><\/td>\n<td><span data-path-to-node=\"4,5,1,0\">Enti\u00e8rement <b data-path-to-node=\"4,5,1,0\" data-index-in-node=\"6\">D\u00e9bit d'air r\u00e9glable<\/b> Toggle<\/span><\/td>\n<\/tr>\n<tr>\n<td><span data-path-to-node=\"4,6,0,0\"><b data-path-to-node=\"4,6,0,0\" data-index-in-node=\"0\">Surveillance des jus<\/b><\/span><\/td>\n<td><span data-path-to-node=\"4,6,1,0\"><b data-path-to-node=\"4,6,1,0\" data-index-in-node=\"0\">Fen\u00eatre E-liquide transparente<\/b> pour un suivi en temps r\u00e9el<\/span><\/td>\n<\/tr>\n<tr>\n<td><span data-path-to-node=\"4,7,0,0\"><b data-path-to-node=\"4,7,0,0\" data-index-in-node=\"0\">Technologie des batteries<\/b><\/span><\/td>\n<td><span data-path-to-node=\"4,7,1,0\">Cobalt haute densit\u00e9 850mAh (Type-C)<\/span><\/td>\n<\/tr>\n<\/tbody>\n<\/table>\n<h3 dir=\"auto\">Voici d'autres recommandations pour vous :<\/h3>\n<p dir=\"auto\">D\u00e9couvrez encore plus de saveurs incroyables avec la Puff 60k Bang Legend Geek 60000 Vape !<\/p>\n<p dir=\"auto\"><a href=\"https:\/\/vozolvapen.de\/fr\/product-category\/bang-vape\/puff-60k-bang-legend-geek-60000\/\">Voir toutes les vari\u00e9t\u00e9s ici \u2192<\/a><\/p>\n<p dir=\"auto\">D\u00e9couvrez notre collection compl\u00e8te et achetez les meilleures marques de cigarettes \u00e9lectroniques que vous allez adorer.<\/p>\n<p dir=\"auto\"><a href=\"https:\/\/vozolvapen.de\/fr\/\">Parcourir toutes les marques maintenant \u2192<\/a><\/p>\n<p dir=\"auto\">D\u00e9couvrez la gamme compl\u00e8te Bang Vape : toutes les saveurs, tous les styles !<\/p>\n<p dir=\"auto\"><a href=\"https:\/\/vozolvapen.de\/fr\/product-category\/bang-vape\/\">D\u00e9couvrez toute la collection Bang Vape \u2192<\/a><\/p>","protected":false},"excerpt":{"rendered":"<p>Un coup de poing violet audacieux. Cette <b data-path-to-node=\"13,2,0\" data-index-in-node=\"45\">60k vape<\/b> offre une saveur satur\u00e9e de raisin de Corinthe avec une finale menthol\u00e9e croustillante, inspir\u00e9e par les normes mat\u00e9rielles de haute performance de l'industrie de l'automobile. <b data-path-to-node=\"13,2,0\" data-index-in-node=\"182\">Geek Vape Legend<\/b> s\u00e9rie.<\/p>","protected":false},"featured_media":59897,"comment_status":"open","ping_status":"closed","template":"","meta":{"_acf_changed":false},"product_brand":[],"product_cat":[114],"product_tag":[],"class_list":{"0":"post-59516","1":"product","2":"type-product","3":"status-publish","4":"has-post-thumbnail","6":"product_cat-puff-60k-bang-legend-geek-60000","8":"first","9":"instock","10":"shipping-taxable","11":"purchasable","12":"product-type-variable"},"acf":[],"yoast_head":"<!-- This site is optimized with the Yoast SEO Premium plugin v26.1 (Yoast SEO v27.5) - https:\/\/yoast.com\/product\/yoast-seo-premium-wordpress\/ -->\n<title>Grape Ice | Bang Legend Geek 60000 | Puff 60k - vozolvapen<\/title>\n<meta name=\"description\" content=\"Experience Grape Ice Bang Legend Geek 6k. 60,000 puffs of chilled grape soda flavor. Turbo Mode &amp; 1.0\u03a9 mesh coil. Fast EU\/US delivery.\" \/>\n<meta name=\"robots\" content=\"index, follow, max-snippet:-1, max-image-preview:large, max-video-preview:-1\" \/>\n<link rel=\"canonical\" href=\"https:\/\/vozolvapen.de\/fr\/product\/puff-60k-bang-legend-geek-60000-grape-ice\/\" \/>\n<meta property=\"og:locale\" content=\"fr_FR\" \/>\n<meta property=\"og:type\" content=\"article\" \/>\n<meta property=\"og:title\" content=\"Puff 60k Bang Legend Geek 60000 - Grape Ice\" \/>\n<meta property=\"og:description\" content=\"Experience Grape Ice Bang Legend Geek 6k. 60,000 puffs of chilled grape soda flavor. Turbo Mode &amp; 1.0\u03a9 mesh coil. Fast EU\/US delivery.\" \/>\n<meta property=\"og:url\" content=\"https:\/\/vozolvapen.de\/fr\/product\/puff-60k-bang-legend-geek-60000-grape-ice\/\" \/>\n<meta property=\"og:site_name\" content=\"vozolvapen\" \/>\n<meta property=\"article:modified_time\" content=\"2026-01-10T10:09:58+00:00\" \/>\n<meta property=\"og:image\" content=\"https:\/\/vozolvapen.de\/wp-content\/uploads\/2026\/01\/Puff-60k-Bang-Legend-Geek-60000-Grape-Ice.webp\" \/>\n\t<meta property=\"og:image:width\" content=\"1200\" \/>\n\t<meta property=\"og:image:height\" content=\"1200\" \/>\n\t<meta property=\"og:image:type\" content=\"image\/webp\" \/>\n<meta name=\"twitter:card\" content=\"summary_large_image\" \/>\n<meta name=\"twitter:label1\" content=\"Dur\u00e9e de lecture estim\u00e9e\" \/>\n\t<meta name=\"twitter:data1\" content=\"2 minutes\" \/>\n<script type=\"application\/ld+json\" class=\"yoast-schema-graph\">{\"@context\":\"https:\\\/\\\/schema.org\",\"@graph\":[{\"@type\":\"WebPage\",\"@id\":\"https:\\\/\\\/vozolvapen.de\\\/product\\\/puff-60k-bang-legend-geek-60000-grape-ice\\\/\",\"url\":\"https:\\\/\\\/vozolvapen.de\\\/product\\\/puff-60k-bang-legend-geek-60000-grape-ice\\\/\",\"name\":\"Grape Ice | Bang Legend Geek 60000 | Puff 60k - vozolvapen\",\"isPartOf\":{\"@id\":\"https:\\\/\\\/vozolvapen.de\\\/#website\"},\"primaryImageOfPage\":{\"@id\":\"https:\\\/\\\/vozolvapen.de\\\/product\\\/puff-60k-bang-legend-geek-60000-grape-ice\\\/#primaryimage\"},\"image\":{\"@id\":\"https:\\\/\\\/vozolvapen.de\\\/product\\\/puff-60k-bang-legend-geek-60000-grape-ice\\\/#primaryimage\"},\"thumbnailUrl\":\"https:\\\/\\\/vozolvapen.de\\\/wp-content\\\/uploads\\\/2026\\\/01\\\/Puff-60k-Bang-Legend-Geek-60000-Grape-Ice.webp\",\"datePublished\":\"2026-01-10T09:39:26+00:00\",\"dateModified\":\"2026-01-10T10:09:58+00:00\",\"description\":\"Experience Grape Ice Bang Legend Geek 6k. 60,000 puffs of chilled grape soda flavor. Turbo Mode & 1.0\u03a9 mesh coil. Fast EU\\\/US delivery.\",\"breadcrumb\":{\"@id\":\"https:\\\/\\\/vozolvapen.de\\\/product\\\/puff-60k-bang-legend-geek-60000-grape-ice\\\/#breadcrumb\"},\"inLanguage\":\"fr-FR\",\"potentialAction\":[{\"@type\":\"ReadAction\",\"target\":[\"https:\\\/\\\/vozolvapen.de\\\/product\\\/puff-60k-bang-legend-geek-60000-grape-ice\\\/\"]}]},{\"@type\":\"ImageObject\",\"inLanguage\":\"fr-FR\",\"@id\":\"https:\\\/\\\/vozolvapen.de\\\/product\\\/puff-60k-bang-legend-geek-60000-grape-ice\\\/#primaryimage\",\"url\":\"https:\\\/\\\/vozolvapen.de\\\/wp-content\\\/uploads\\\/2026\\\/01\\\/Puff-60k-Bang-Legend-Geek-60000-Grape-Ice.webp\",\"contentUrl\":\"https:\\\/\\\/vozolvapen.de\\\/wp-content\\\/uploads\\\/2026\\\/01\\\/Puff-60k-Bang-Legend-Geek-60000-Grape-Ice.webp\",\"width\":1200,\"height\":1200,\"caption\":\"Puff 60k Bang Legend Geek 60000 Grape Ice Disposable Vape Device\"},{\"@type\":\"BreadcrumbList\",\"@id\":\"https:\\\/\\\/vozolvapen.de\\\/product\\\/puff-60k-bang-legend-geek-60000-grape-ice\\\/#breadcrumb\",\"itemListElement\":[{\"@type\":\"ListItem\",\"position\":1,\"name\":\"Home\",\"item\":\"https:\\\/\\\/vozolvapen.de\\\/de\\\/\"},{\"@type\":\"ListItem\",\"position\":2,\"name\":\"Shop\",\"item\":\"https:\\\/\\\/vozolvapen.de\\\/shop\\\/\"},{\"@type\":\"ListItem\",\"position\":3,\"name\":\"Puff 60k Bang Legend Geek 60000 &#8211; Grape Ice\"}]},{\"@type\":\"WebSite\",\"@id\":\"https:\\\/\\\/vozolvapen.de\\\/#website\",\"url\":\"https:\\\/\\\/vozolvapen.de\\\/\",\"name\":\"vozolvapen\",\"description\":\"vozolvapen\",\"publisher\":{\"@id\":\"https:\\\/\\\/vozolvapen.de\\\/#organization\"},\"potentialAction\":[{\"@type\":\"SearchAction\",\"target\":{\"@type\":\"EntryPoint\",\"urlTemplate\":\"https:\\\/\\\/vozolvapen.de\\\/?s={search_term_string}\"},\"query-input\":{\"@type\":\"PropertyValueSpecification\",\"valueRequired\":true,\"valueName\":\"search_term_string\"}}],\"inLanguage\":\"fr-FR\"},{\"@type\":\"Organization\",\"@id\":\"https:\\\/\\\/vozolvapen.de\\\/#organization\",\"name\":\"vozolvapen\",\"url\":\"https:\\\/\\\/vozolvapen.de\\\/\",\"logo\":{\"@type\":\"ImageObject\",\"inLanguage\":\"fr-FR\",\"@id\":\"https:\\\/\\\/vozolvapen.de\\\/#\\\/schema\\\/logo\\\/image\\\/\",\"url\":\"https:\\\/\\\/vozolvapen.de\\\/wp-content\\\/uploads\\\/2025\\\/12\\\/cropped-vozovapen-logo.webp\",\"contentUrl\":\"https:\\\/\\\/vozolvapen.de\\\/wp-content\\\/uploads\\\/2025\\\/12\\\/cropped-vozovapen-logo.webp\",\"width\":470,\"height\":110,\"caption\":\"vozolvapen\"},\"image\":{\"@id\":\"https:\\\/\\\/vozolvapen.de\\\/#\\\/schema\\\/logo\\\/image\\\/\"}}]}<\/script>\n<!-- \/ Yoast SEO Premium plugin. -->","yoast_head_json":{"title":"Grape Ice | Bang Legend Geek 60000 | Puff 60k - vozolvapen","description":"D\u00e9couvrez Grape Ice Bang Legend Geek 6k. 60 000 bouff\u00e9es d'ar\u00f4me de soda au raisin r\u00e9frig\u00e9r\u00e9. Mode Turbo &amp; 1.0\u03a9 mesh coil. Livraison rapide UE\/USA.","robots":{"index":"index","follow":"follow","max-snippet":"max-snippet:-1","max-image-preview":"max-image-preview:large","max-video-preview":"max-video-preview:-1"},"canonical":"https:\/\/vozolvapen.de\/fr\/product\/puff-60k-bang-legend-geek-60000-grape-ice\/","og_locale":"fr_FR","og_type":"article","og_title":"Puff 60k Bang Legend Geek 60000 - Grape Ice","og_description":"Experience Grape Ice Bang Legend Geek 6k. 60,000 puffs of chilled grape soda flavor. Turbo Mode & 1.0\u03a9 mesh coil. Fast EU\/US delivery.","og_url":"https:\/\/vozolvapen.de\/fr\/product\/puff-60k-bang-legend-geek-60000-grape-ice\/","og_site_name":"vozolvapen","article_modified_time":"2026-01-10T10:09:58+00:00","og_image":[{"width":1200,"height":1200,"url":"https:\/\/vozolvapen.de\/wp-content\/uploads\/2026\/01\/Puff-60k-Bang-Legend-Geek-60000-Grape-Ice.webp","type":"image\/webp"}],"twitter_card":"summary_large_image","twitter_misc":{"Dur\u00e9e de lecture estim\u00e9e":"2 minutes"},"schema":{"@context":"https:\/\/schema.org","@graph":[{"@type":"WebPage","@id":"https:\/\/vozolvapen.de\/product\/puff-60k-bang-legend-geek-60000-grape-ice\/","url":"https:\/\/vozolvapen.de\/product\/puff-60k-bang-legend-geek-60000-grape-ice\/","name":"Grape Ice | Bang Legend Geek 60000 | Puff 60k - vozolvapen","isPartOf":{"@id":"https:\/\/vozolvapen.de\/#website"},"primaryImageOfPage":{"@id":"https:\/\/vozolvapen.de\/product\/puff-60k-bang-legend-geek-60000-grape-ice\/#primaryimage"},"image":{"@id":"https:\/\/vozolvapen.de\/product\/puff-60k-bang-legend-geek-60000-grape-ice\/#primaryimage"},"thumbnailUrl":"https:\/\/vozolvapen.de\/wp-content\/uploads\/2026\/01\/Puff-60k-Bang-Legend-Geek-60000-Grape-Ice.webp","datePublished":"2026-01-10T09:39:26+00:00","dateModified":"2026-01-10T10:09:58+00:00","description":"D\u00e9couvrez Grape Ice Bang Legend Geek 6k. 60 000 bouff\u00e9es d'ar\u00f4me de soda au raisin r\u00e9frig\u00e9r\u00e9. Mode Turbo &amp; 1.0\u03a9 mesh coil. Livraison rapide UE\/USA.","breadcrumb":{"@id":"https:\/\/vozolvapen.de\/product\/puff-60k-bang-legend-geek-60000-grape-ice\/#breadcrumb"},"inLanguage":"fr-FR","potentialAction":[{"@type":"ReadAction","target":["https:\/\/vozolvapen.de\/product\/puff-60k-bang-legend-geek-60000-grape-ice\/"]}]},{"@type":"ImageObject","inLanguage":"fr-FR","@id":"https:\/\/vozolvapen.de\/product\/puff-60k-bang-legend-geek-60000-grape-ice\/#primaryimage","url":"https:\/\/vozolvapen.de\/wp-content\/uploads\/2026\/01\/Puff-60k-Bang-Legend-Geek-60000-Grape-Ice.webp","contentUrl":"https:\/\/vozolvapen.de\/wp-content\/uploads\/2026\/01\/Puff-60k-Bang-Legend-Geek-60000-Grape-Ice.webp","width":1200,"height":1200,"caption":"Puff 60k Bang Legend Geek 60000 Grape Ice Disposable Vape Device"},{"@type":"BreadcrumbList","@id":"https:\/\/vozolvapen.de\/product\/puff-60k-bang-legend-geek-60000-grape-ice\/#breadcrumb","itemListElement":[{"@type":"ListItem","position":1,"name":"Home","item":"https:\/\/vozolvapen.de\/de\/"},{"@type":"ListItem","position":2,"name":"Shop","item":"https:\/\/vozolvapen.de\/shop\/"},{"@type":"ListItem","position":3,"name":"Puff 60k Bang Legend Geek 60000 &#8211; Grape Ice"}]},{"@type":"WebSite","@id":"https:\/\/vozolvapen.de\/#website","url":"https:\/\/vozolvapen.de\/","name":"vozolvapen","description":"vozolvapen","publisher":{"@id":"https:\/\/vozolvapen.de\/#organization"},"potentialAction":[{"@type":"SearchAction","target":{"@type":"EntryPoint","urlTemplate":"https:\/\/vozolvapen.de\/?s={search_term_string}"},"query-input":{"@type":"PropertyValueSpecification","valueRequired":true,"valueName":"search_term_string"}}],"inLanguage":"fr-FR"},{"@type":"Organization","@id":"https:\/\/vozolvapen.de\/#organization","name":"vozolvapen","url":"https:\/\/vozolvapen.de\/","logo":{"@type":"ImageObject","inLanguage":"fr-FR","@id":"https:\/\/vozolvapen.de\/#\/schema\/logo\/image\/","url":"https:\/\/vozolvapen.de\/wp-content\/uploads\/2025\/12\/cropped-vozovapen-logo.webp","contentUrl":"https:\/\/vozolvapen.de\/wp-content\/uploads\/2025\/12\/cropped-vozovapen-logo.webp","width":470,"height":110,"caption":"vozolvapen"},"image":{"@id":"https:\/\/vozolvapen.de\/#\/schema\/logo\/image\/"}}]}},"tiered_pricing_type":"fixed","tiered_pricing_fixed_rules":{"30":"11.85","50":"9.85","100":"8.85","200":"8.35"},"tiered_pricing_product_settings":{"layout":"default","base_unit_name":{"singular":null,"plural":null},"default_variation":{}},"tiered_pricing_minimum_quantity":10,"tiered_pricing_roles_data":[],"tiered_pricing_percentage_rules":[],"tiered_pricing_maximum_quantity":null,"tiered_pricing_quantity_step":"10","_links":{"self":[{"href":"https:\/\/vozolvapen.de\/fr\/wp-json\/wp\/v2\/product\/59516","targetHints":{"allow":["GET"]}}],"collection":[{"href":"https:\/\/vozolvapen.de\/fr\/wp-json\/wp\/v2\/product"}],"about":[{"href":"https:\/\/vozolvapen.de\/fr\/wp-json\/wp\/v2\/types\/product"}],"replies":[{"embeddable":true,"href":"https:\/\/vozolvapen.de\/fr\/wp-json\/wp\/v2\/comments?post=59516"}],"wp:featuredmedia":[{"embeddable":true,"href":"https:\/\/vozolvapen.de\/fr\/wp-json\/wp\/v2\/media\/59897"}],"wp:attachment":[{"href":"https:\/\/vozolvapen.de\/fr\/wp-json\/wp\/v2\/media?parent=59516"}],"wp:term":[{"taxonomy":"product_brand","embeddable":true,"href":"https:\/\/vozolvapen.de\/fr\/wp-json\/wp\/v2\/product_brand?post=59516"},{"taxonomy":"product_cat","embeddable":true,"href":"https:\/\/vozolvapen.de\/fr\/wp-json\/wp\/v2\/product_cat?post=59516"},{"taxonomy":"product_tag","embeddable":true,"href":"https:\/\/vozolvapen.de\/fr\/wp-json\/wp\/v2\/product_tag?post=59516"}],"curies":[{"name":"wp","href":"https:\/\/api.w.org\/{rel}","templated":true}]}}