{"id":61603,"date":"2026-01-15T04:01:49","date_gmt":"2026-01-15T04:01:49","guid":{"rendered":"https:\/\/vozolvapen.de\/?post_type=product&#038;p=61603"},"modified":"2026-02-10T10:39:37","modified_gmt":"2026-02-10T10:39:37","slug":"hifancy-dream-45000-45k-puffs-lemon-lime","status":"publish","type":"product","link":"https:\/\/vozolvapen.de\/fr\/product\/hifancy-dream-45000-45k-puffs-lemon-lime\/","title":{"rendered":"Hifancy Dream 45000 45K Puffs - Citron vert"},"content":{"rendered":"<h1 data-path-to-node=\"75\"><b data-path-to-node=\"75\" data-index-in-node=\"0\">Hifancy Dream 45000 Lemon Lime | 45K Puff Vape<\/b><\/h1>\n<p data-path-to-node=\"76\">Un duo d'agrumes vif et piquant qui nettoie le palais. Savourez 45 000 bouff\u00e9es de citron vif et de citron vert.<\/p>\n<h2 data-path-to-node=\"77\"><b data-path-to-node=\"77\" data-index-in-node=\"0\">1\ufe0f\u20e3 Description de l'ar\u00f4me<\/b><\/h2>\n<p data-path-to-node=\"77\">Lemon Lime est l'ultime nettoyeur de palais. C'est un m\u00e9lange d'agrumes vif, piquant et non sucr\u00e9 qui agit comme une parfaite \u201cremise \u00e0 z\u00e9ro\u201d. Le flux d'air r\u00e9glable vous permet d'ajuster l'intensit\u00e9 du citron vert pour un r\u00e9sultat personnalis\u00e9.<\/p>\n<h2 data-path-to-node=\"78\"><b data-path-to-node=\"78\" data-index-in-node=\"0\">2\ufe0f\u20e3 Points forts de la saveur \/ Notes de d\u00e9gustation<\/b><\/h2>\n<ul data-path-to-node=\"79\">\n<li>\n<p data-path-to-node=\"79,0,0\"><b data-path-to-node=\"79,0,0\" data-index-in-node=\"0\">Douceur :<\/b> Faible<\/p>\n<\/li>\n<li>\n<p data-path-to-node=\"79,1,0\"><b data-path-to-node=\"79,1,0\" data-index-in-node=\"0\">Glace \/ Refroidissement :<\/b> Mod\u00e9r\u00e9<\/p>\n<\/li>\n<li>\n<p data-path-to-node=\"79,2,0\"><b data-path-to-node=\"79,2,0\" data-index-in-node=\"0\">Citrus Tang :<\/b> Maximum<\/p>\n<\/li>\n<li>\n<p data-path-to-node=\"79,3,0\"><b data-path-to-node=\"79,3,0\" data-index-in-node=\"0\">Dessiner :<\/b> Pointu et propre<\/p>\n<\/li>\n<\/ul>\n<h2 data-path-to-node=\"7\"><b data-path-to-node=\"7\" data-index-in-node=\"0\">3\ufe0f\u20e3 Hifancy Dream 45000 45K Puffs - Lemon Lime Sp\u00e9cifications du produit<\/b><\/h2>\n<table data-path-to-node=\"21\">\n<thead>\n<tr>\n<td><strong>Param\u00e8tre<\/strong><\/td>\n<td><strong>D\u00e9tails<\/strong><\/td>\n<\/tr>\n<\/thead>\n<tbody>\n<tr>\n<td><span data-path-to-node=\"21,1,0,0\"><b data-path-to-node=\"21,1,0,0\" data-index-in-node=\"0\">Identit\u00e9 de la s\u00e9rie<\/b><\/span><\/td>\n<td><span data-path-to-node=\"21,1,1,0\"><b data-path-to-node=\"21,1,1,0\" data-index-in-node=\"0\">S\u00e9rie Hifancy 45000 Zest<\/b><\/span><\/td>\n<\/tr>\n<tr>\n<td><span data-path-to-node=\"21,2,0,0\"><b data-path-to-node=\"21,2,0,0\" data-index-in-node=\"0\">Profil aromatique<\/b><\/span><\/td>\n<td><span data-path-to-node=\"21,2,1,0\">Citron piquant et zeste de citron vert acidul\u00e9<\/span><\/td>\n<\/tr>\n<tr>\n<td><span data-path-to-node=\"21,3,0,0\"><b data-path-to-node=\"21,3,0,0\" data-index-in-node=\"0\">Sensation au palais<\/b><\/span><\/td>\n<td><span data-path-to-node=\"21,3,1,0\">Lumineux \/ Piquant \/ Propre<\/span><\/td>\n<\/tr>\n<tr>\n<td><span data-path-to-node=\"21,4,0,0\"><b data-path-to-node=\"21,4,0,0\" data-index-in-node=\"0\">Teneur en nicotine<\/b><\/span><\/td>\n<td><span data-path-to-node=\"21,4,1,0\">2% \/ 3% \/ 5%<\/span><\/td>\n<\/tr>\n<tr>\n<td><span data-path-to-node=\"21,5,0,0\"><b data-path-to-node=\"21,5,0,0\" data-index-in-node=\"0\">Nombre de Puff<\/b><\/span><\/td>\n<td><span data-path-to-node=\"21,5,1,0\">45 000 bouff\u00e9es<\/span><\/td>\n<\/tr>\n<tr>\n<td><span data-path-to-node=\"21,6,0,0\"><b data-path-to-node=\"21,6,0,0\" data-index-in-node=\"0\">D\u00e9bit d'air r\u00e9glable<\/b><\/span><\/td>\n<td><span data-path-to-node=\"21,6,1,0\">Haut (Meilleur pour un effet d'agrume vif)<\/span><\/td>\n<\/tr>\n<tr>\n<td><span data-path-to-node=\"21,7,0,0\"><b data-path-to-node=\"21,7,0,0\" data-index-in-node=\"0\">Capacit\u00e9<\/b><\/span><\/td>\n<td><span data-path-to-node=\"21,7,1,0\">R\u00e9servoir anti-fuite 35ML<\/span><\/td>\n<\/tr>\n<\/tbody>\n<\/table>\n<h2 data-path-to-node=\"80\"><b data-path-to-node=\"80\" data-index-in-node=\"0\">4\ufe0f\u20e3 Utilisation id\u00e9ale et sc\u00e9narios<\/b><\/h2>\n<ul data-path-to-node=\"81\">\n<li>\n<p data-path-to-node=\"81,0,0\">Vapoter pendant le travail pour une concentration \u201cpropre<\/p>\n<\/li>\n<li>\n<p data-path-to-node=\"81,1,0\">Nettoyage du palais entre diff\u00e9rentes saveurs lourdes<\/p>\n<\/li>\n<\/ul>\n<h3 data-path-to-node=\"83\"><b data-path-to-node=\"83\" data-index-in-node=\"0\">5\ufe0f\u20e3 FAQ standard (s'applique \u00e0 tous les ar\u00f4mes Hifancy Dream 45000)<\/b><\/h3>\n<ul data-path-to-node=\"84\">\n<li>\n<p data-path-to-node=\"84,0,0\"><b data-path-to-node=\"84,0,0\" data-index-in-node=\"0\">Combien de bouff\u00e9es ce dispositif permet-il d'obtenir ?<\/b> Jusqu'\u00e0 45 000 bouff\u00e9es par appareil selon les habitudes d'utilisation.<\/p>\n<\/li>\n<li>\n<p data-path-to-node=\"84,1,0\"><b data-path-to-node=\"84,1,0\" data-index-in-node=\"0\">La vape Hifancy Dream est-elle rechargeable ?<\/b> Oui, il est dot\u00e9 d'une batterie rechargeable de 650mAh et d'un port Type-C.<\/p>\n<\/li>\n<li>\n<p data-path-to-node=\"84,2,0\"><b data-path-to-node=\"84,2,0\" data-index-in-node=\"0\">Puis-je r\u00e9gler le d\u00e9bit d'air ?<\/b> Oui, le basculeur vous permet de passer d'un tirage serr\u00e9 (MTL) \u00e0 un tirage a\u00e9r\u00e9 (DTL).<\/p>\n<\/li>\n<li>\n<p data-path-to-node=\"84,3,0\"><b data-path-to-node=\"84,3,0\" data-index-in-node=\"0\">Quels sont les taux de nicotine disponibles ?<\/b> Nous proposons des taux de nicotine de 2%, 3% et 5% pour r\u00e9pondre \u00e0 toutes les pr\u00e9f\u00e9rences.<\/p>\n<\/li>\n<\/ul>\n<h3 dir=\"auto\">Voici d'autres recommandations pour vous :<\/h3>\n<p dir=\"auto\">D\u00e9couvrez encore plus de saveurs incroyables avec la Hifancy Dream 45000 Puff Vape !<\/p>\n<p dir=\"auto\"><a href=\"https:\/\/vozolvapen.de\/fr\/product-category\/vape-haut-de-gamme\/hifancy-dream-45000-puffs-vape\/\">Voir toutes les vari\u00e9t\u00e9s ici \u2192<\/a><\/p>\n<p dir=\"auto\">D\u00e9couvrez notre collection compl\u00e8te et achetez les meilleures marques de cigarettes \u00e9lectroniques que vous allez adorer.<\/p>\n<p dir=\"auto\"><a href=\"https:\/\/vozolvapen.de\/fr\/\">Parcourir toutes les marques maintenant \u2192<\/a><\/p>\n<p dir=\"auto\">D\u00e9couvrez la gamme compl\u00e8te Hifancy Vape : toutes les saveurs, tous les styles !<\/p>\n<p dir=\"auto\"><a href=\"https:\/\/vozolvapen.de\/fr\/product-category\/vape-haut-de-gamme\/\">D\u00e9couvrez toute la collection Hifancy Vape \u2192<\/a><\/p>","protected":false},"excerpt":{"rendered":"<p>Piquant et rafra\u00eechissant. <b data-path-to-node=\"21,2,0\" data-index-in-node=\"41\">Citron vert<\/b> est l'ultime nettoyeur de palais pour les <b data-path-to-node=\"21,2,0\" data-index-in-node=\"92\">HIFANCY 45k<\/b> Cette s\u00e9rie offre un go\u00fbt d'agrumes vif et brillant qui ne s'estompe jamais au cours de la journ\u00e9e. <b data-path-to-node=\"21,2,0\" data-index-in-node=\"173\">45,000 puffs<\/b>.<\/p>","protected":false},"featured_media":61656,"comment_status":"open","ping_status":"closed","template":"","meta":{"_acf_changed":false},"product_brand":[],"product_cat":[134,119],"product_tag":[],"class_list":{"0":"post-61603","1":"product","2":"type-product","3":"status-publish","4":"has-post-thumbnail","6":"product_cat-eu-warehouse-in-stock","7":"product_cat-hifancy-dream-45000-puffs-vape","9":"first","10":"instock","11":"shipping-taxable","12":"purchasable","13":"product-type-variable"},"acf":[],"yoast_head":"<!-- This site is optimized with the Yoast SEO Premium plugin v26.1 (Yoast SEO v27.5) - https:\/\/yoast.com\/product\/yoast-seo-premium-wordpress\/ -->\n<title>Lemon Lime Hifancy Dream 45000 | Zesty Citrus 45K Vape - vozolvapen<\/title>\n<meta name=\"description\" content=\"Sharp Lemon Lime Hifancy 45000. 45k puffs of bright citrus zest. Adjustable airflow for the perfect MTL\/DTL 45,000 puff experience.\" \/>\n<meta name=\"robots\" content=\"index, follow, max-snippet:-1, max-image-preview:large, max-video-preview:-1\" \/>\n<link rel=\"canonical\" href=\"https:\/\/vozolvapen.de\/fr\/product\/hifancy-dream-45000-45k-puffs-lemon-lime\/\" \/>\n<meta property=\"og:locale\" content=\"fr_FR\" \/>\n<meta property=\"og:type\" content=\"article\" \/>\n<meta property=\"og:title\" content=\"Hifancy Dream 45000 45K Puffs - Lemon Lime\" \/>\n<meta property=\"og:description\" content=\"Sharp Lemon Lime Hifancy 45000. 45k puffs of bright citrus zest. Adjustable airflow for the perfect MTL\/DTL 45,000 puff experience.\" \/>\n<meta property=\"og:url\" content=\"https:\/\/vozolvapen.de\/fr\/product\/hifancy-dream-45000-45k-puffs-lemon-lime\/\" \/>\n<meta property=\"og:site_name\" content=\"vozolvapen\" \/>\n<meta property=\"article:modified_time\" content=\"2026-02-10T10:39:37+00:00\" \/>\n<meta property=\"og:image\" content=\"https:\/\/vozolvapen.de\/wp-content\/uploads\/2026\/01\/Hifancy-Dream-45000-45K-Puffs-Lemon-Lime-2.webp\" \/>\n\t<meta property=\"og:image:width\" content=\"1000\" \/>\n\t<meta property=\"og:image:height\" content=\"1000\" \/>\n\t<meta property=\"og:image:type\" content=\"image\/webp\" \/>\n<meta name=\"twitter:card\" content=\"summary_large_image\" \/>\n<meta name=\"twitter:label1\" content=\"Dur\u00e9e de lecture estim\u00e9e\" \/>\n\t<meta name=\"twitter:data1\" content=\"2 minutes\" \/>\n<script type=\"application\/ld+json\" class=\"yoast-schema-graph\">{\"@context\":\"https:\\\/\\\/schema.org\",\"@graph\":[{\"@type\":\"WebPage\",\"@id\":\"https:\\\/\\\/vozolvapen.de\\\/product\\\/hifancy-dream-45000-45k-puffs-lemon-lime\\\/\",\"url\":\"https:\\\/\\\/vozolvapen.de\\\/product\\\/hifancy-dream-45000-45k-puffs-lemon-lime\\\/\",\"name\":\"Lemon Lime Hifancy Dream 45000 | Zesty Citrus 45K Vape - vozolvapen\",\"isPartOf\":{\"@id\":\"https:\\\/\\\/vozolvapen.de\\\/#website\"},\"primaryImageOfPage\":{\"@id\":\"https:\\\/\\\/vozolvapen.de\\\/product\\\/hifancy-dream-45000-45k-puffs-lemon-lime\\\/#primaryimage\"},\"image\":{\"@id\":\"https:\\\/\\\/vozolvapen.de\\\/product\\\/hifancy-dream-45000-45k-puffs-lemon-lime\\\/#primaryimage\"},\"thumbnailUrl\":\"https:\\\/\\\/vozolvapen.de\\\/wp-content\\\/uploads\\\/2026\\\/01\\\/Hifancy-Dream-45000-45K-Puffs-Lemon-Lime-2.webp\",\"datePublished\":\"2026-01-15T04:01:49+00:00\",\"dateModified\":\"2026-02-10T10:39:37+00:00\",\"description\":\"Sharp Lemon Lime Hifancy 45000. 45k puffs of bright citrus zest. Adjustable airflow for the perfect MTL\\\/DTL 45,000 puff experience.\",\"breadcrumb\":{\"@id\":\"https:\\\/\\\/vozolvapen.de\\\/product\\\/hifancy-dream-45000-45k-puffs-lemon-lime\\\/#breadcrumb\"},\"inLanguage\":\"fr-FR\",\"potentialAction\":[{\"@type\":\"ReadAction\",\"target\":[\"https:\\\/\\\/vozolvapen.de\\\/product\\\/hifancy-dream-45000-45k-puffs-lemon-lime\\\/\"]}]},{\"@type\":\"ImageObject\",\"inLanguage\":\"fr-FR\",\"@id\":\"https:\\\/\\\/vozolvapen.de\\\/product\\\/hifancy-dream-45000-45k-puffs-lemon-lime\\\/#primaryimage\",\"url\":\"https:\\\/\\\/vozolvapen.de\\\/wp-content\\\/uploads\\\/2026\\\/01\\\/Hifancy-Dream-45000-45K-Puffs-Lemon-Lime-2.webp\",\"contentUrl\":\"https:\\\/\\\/vozolvapen.de\\\/wp-content\\\/uploads\\\/2026\\\/01\\\/Hifancy-Dream-45000-45K-Puffs-Lemon-Lime-2.webp\",\"width\":1000,\"height\":1000,\"caption\":\"Hifancy Dream 45000 45k Puffs Lemon Lime 2 Disposable Vape Device\"},{\"@type\":\"BreadcrumbList\",\"@id\":\"https:\\\/\\\/vozolvapen.de\\\/product\\\/hifancy-dream-45000-45k-puffs-lemon-lime\\\/#breadcrumb\",\"itemListElement\":[{\"@type\":\"ListItem\",\"position\":1,\"name\":\"Home\",\"item\":\"https:\\\/\\\/vozolvapen.de\\\/de\\\/\"},{\"@type\":\"ListItem\",\"position\":2,\"name\":\"Shop\",\"item\":\"https:\\\/\\\/vozolvapen.de\\\/shop\\\/\"},{\"@type\":\"ListItem\",\"position\":3,\"name\":\"Hifancy Dream 45000 45K Puffs &#8211; Lemon Lime\"}]},{\"@type\":\"WebSite\",\"@id\":\"https:\\\/\\\/vozolvapen.de\\\/#website\",\"url\":\"https:\\\/\\\/vozolvapen.de\\\/\",\"name\":\"vozolvapen\",\"description\":\"vozolvapen\",\"publisher\":{\"@id\":\"https:\\\/\\\/vozolvapen.de\\\/#organization\"},\"potentialAction\":[{\"@type\":\"SearchAction\",\"target\":{\"@type\":\"EntryPoint\",\"urlTemplate\":\"https:\\\/\\\/vozolvapen.de\\\/?s={search_term_string}\"},\"query-input\":{\"@type\":\"PropertyValueSpecification\",\"valueRequired\":true,\"valueName\":\"search_term_string\"}}],\"inLanguage\":\"fr-FR\"},{\"@type\":\"Organization\",\"@id\":\"https:\\\/\\\/vozolvapen.de\\\/#organization\",\"name\":\"vozolvapen\",\"url\":\"https:\\\/\\\/vozolvapen.de\\\/\",\"logo\":{\"@type\":\"ImageObject\",\"inLanguage\":\"fr-FR\",\"@id\":\"https:\\\/\\\/vozolvapen.de\\\/#\\\/schema\\\/logo\\\/image\\\/\",\"url\":\"https:\\\/\\\/vozolvapen.de\\\/wp-content\\\/uploads\\\/2025\\\/12\\\/cropped-vozovapen-logo.webp\",\"contentUrl\":\"https:\\\/\\\/vozolvapen.de\\\/wp-content\\\/uploads\\\/2025\\\/12\\\/cropped-vozovapen-logo.webp\",\"width\":470,\"height\":110,\"caption\":\"vozolvapen\"},\"image\":{\"@id\":\"https:\\\/\\\/vozolvapen.de\\\/#\\\/schema\\\/logo\\\/image\\\/\"}}]}<\/script>\n<!-- \/ Yoast SEO Premium plugin. -->","yoast_head_json":{"title":"Lemon Lime Hifancy Dream 45000 | Zesty Citrus 45K Vape - vozolvapen","description":"Sharp Lemon Lime Hifancy 45000. 45k bouff\u00e9es de zeste d'agrumes. Flux d'air r\u00e9glable pour une exp\u00e9rience MTL\/DTL parfaite de 45 000 bouff\u00e9es.","robots":{"index":"index","follow":"follow","max-snippet":"max-snippet:-1","max-image-preview":"max-image-preview:large","max-video-preview":"max-video-preview:-1"},"canonical":"https:\/\/vozolvapen.de\/fr\/product\/hifancy-dream-45000-45k-puffs-lemon-lime\/","og_locale":"fr_FR","og_type":"article","og_title":"Hifancy Dream 45000 45K Puffs - Lemon Lime","og_description":"Sharp Lemon Lime Hifancy 45000. 45k puffs of bright citrus zest. Adjustable airflow for the perfect MTL\/DTL 45,000 puff experience.","og_url":"https:\/\/vozolvapen.de\/fr\/product\/hifancy-dream-45000-45k-puffs-lemon-lime\/","og_site_name":"vozolvapen","article_modified_time":"2026-02-10T10:39:37+00:00","og_image":[{"width":1000,"height":1000,"url":"https:\/\/vozolvapen.de\/wp-content\/uploads\/2026\/01\/Hifancy-Dream-45000-45K-Puffs-Lemon-Lime-2.webp","type":"image\/webp"}],"twitter_card":"summary_large_image","twitter_misc":{"Dur\u00e9e de lecture estim\u00e9e":"2 minutes"},"schema":{"@context":"https:\/\/schema.org","@graph":[{"@type":"WebPage","@id":"https:\/\/vozolvapen.de\/product\/hifancy-dream-45000-45k-puffs-lemon-lime\/","url":"https:\/\/vozolvapen.de\/product\/hifancy-dream-45000-45k-puffs-lemon-lime\/","name":"Lemon Lime Hifancy Dream 45000 | Zesty Citrus 45K Vape - vozolvapen","isPartOf":{"@id":"https:\/\/vozolvapen.de\/#website"},"primaryImageOfPage":{"@id":"https:\/\/vozolvapen.de\/product\/hifancy-dream-45000-45k-puffs-lemon-lime\/#primaryimage"},"image":{"@id":"https:\/\/vozolvapen.de\/product\/hifancy-dream-45000-45k-puffs-lemon-lime\/#primaryimage"},"thumbnailUrl":"https:\/\/vozolvapen.de\/wp-content\/uploads\/2026\/01\/Hifancy-Dream-45000-45K-Puffs-Lemon-Lime-2.webp","datePublished":"2026-01-15T04:01:49+00:00","dateModified":"2026-02-10T10:39:37+00:00","description":"Sharp Lemon Lime Hifancy 45000. 45k bouff\u00e9es de zeste d'agrumes. Flux d'air r\u00e9glable pour une exp\u00e9rience MTL\/DTL parfaite de 45 000 bouff\u00e9es.","breadcrumb":{"@id":"https:\/\/vozolvapen.de\/product\/hifancy-dream-45000-45k-puffs-lemon-lime\/#breadcrumb"},"inLanguage":"fr-FR","potentialAction":[{"@type":"ReadAction","target":["https:\/\/vozolvapen.de\/product\/hifancy-dream-45000-45k-puffs-lemon-lime\/"]}]},{"@type":"ImageObject","inLanguage":"fr-FR","@id":"https:\/\/vozolvapen.de\/product\/hifancy-dream-45000-45k-puffs-lemon-lime\/#primaryimage","url":"https:\/\/vozolvapen.de\/wp-content\/uploads\/2026\/01\/Hifancy-Dream-45000-45K-Puffs-Lemon-Lime-2.webp","contentUrl":"https:\/\/vozolvapen.de\/wp-content\/uploads\/2026\/01\/Hifancy-Dream-45000-45K-Puffs-Lemon-Lime-2.webp","width":1000,"height":1000,"caption":"Hifancy Dream 45000 45k Puffs Lemon Lime 2 Disposable Vape Device"},{"@type":"BreadcrumbList","@id":"https:\/\/vozolvapen.de\/product\/hifancy-dream-45000-45k-puffs-lemon-lime\/#breadcrumb","itemListElement":[{"@type":"ListItem","position":1,"name":"Home","item":"https:\/\/vozolvapen.de\/de\/"},{"@type":"ListItem","position":2,"name":"Shop","item":"https:\/\/vozolvapen.de\/shop\/"},{"@type":"ListItem","position":3,"name":"Hifancy Dream 45000 45K Puffs &#8211; Lemon Lime"}]},{"@type":"WebSite","@id":"https:\/\/vozolvapen.de\/#website","url":"https:\/\/vozolvapen.de\/","name":"vozolvapen","description":"vozolvapen","publisher":{"@id":"https:\/\/vozolvapen.de\/#organization"},"potentialAction":[{"@type":"SearchAction","target":{"@type":"EntryPoint","urlTemplate":"https:\/\/vozolvapen.de\/?s={search_term_string}"},"query-input":{"@type":"PropertyValueSpecification","valueRequired":true,"valueName":"search_term_string"}}],"inLanguage":"fr-FR"},{"@type":"Organization","@id":"https:\/\/vozolvapen.de\/#organization","name":"vozolvapen","url":"https:\/\/vozolvapen.de\/","logo":{"@type":"ImageObject","inLanguage":"fr-FR","@id":"https:\/\/vozolvapen.de\/#\/schema\/logo\/image\/","url":"https:\/\/vozolvapen.de\/wp-content\/uploads\/2025\/12\/cropped-vozovapen-logo.webp","contentUrl":"https:\/\/vozolvapen.de\/wp-content\/uploads\/2025\/12\/cropped-vozovapen-logo.webp","width":470,"height":110,"caption":"vozolvapen"},"image":{"@id":"https:\/\/vozolvapen.de\/#\/schema\/logo\/image\/"}}]}},"tiered_pricing_type":"fixed","tiered_pricing_fixed_rules":{"30":"13.36","50":"10.25","100":"9.5","200":"8.5"},"tiered_pricing_product_settings":{"layout":"default","base_unit_name":{"singular":null,"plural":null},"default_variation":{}},"tiered_pricing_minimum_quantity":10,"tiered_pricing_roles_data":[],"tiered_pricing_percentage_rules":[],"tiered_pricing_maximum_quantity":null,"tiered_pricing_quantity_step":"10","_links":{"self":[{"href":"https:\/\/vozolvapen.de\/fr\/wp-json\/wp\/v2\/product\/61603","targetHints":{"allow":["GET"]}}],"collection":[{"href":"https:\/\/vozolvapen.de\/fr\/wp-json\/wp\/v2\/product"}],"about":[{"href":"https:\/\/vozolvapen.de\/fr\/wp-json\/wp\/v2\/types\/product"}],"replies":[{"embeddable":true,"href":"https:\/\/vozolvapen.de\/fr\/wp-json\/wp\/v2\/comments?post=61603"}],"wp:featuredmedia":[{"embeddable":true,"href":"https:\/\/vozolvapen.de\/fr\/wp-json\/wp\/v2\/media\/61656"}],"wp:attachment":[{"href":"https:\/\/vozolvapen.de\/fr\/wp-json\/wp\/v2\/media?parent=61603"}],"wp:term":[{"taxonomy":"product_brand","embeddable":true,"href":"https:\/\/vozolvapen.de\/fr\/wp-json\/wp\/v2\/product_brand?post=61603"},{"taxonomy":"product_cat","embeddable":true,"href":"https:\/\/vozolvapen.de\/fr\/wp-json\/wp\/v2\/product_cat?post=61603"},{"taxonomy":"product_tag","embeddable":true,"href":"https:\/\/vozolvapen.de\/fr\/wp-json\/wp\/v2\/product_tag?post=61603"}],"curies":[{"name":"wp","href":"https:\/\/api.w.org\/{rel}","templated":true}]}}