{"id":61811,"date":"2026-01-15T07:09:33","date_gmt":"2026-01-15T07:09:33","guid":{"rendered":"https:\/\/vozolvapen.de\/?post_type=product&#038;p=61811"},"modified":"2026-02-10T10:39:20","modified_gmt":"2026-02-10T10:39:20","slug":"vozol-vista-20000-puffs-vzbull","status":"publish","type":"product","link":"https:\/\/vozolvapen.de\/fr\/product\/vozol-vista-20000-puffs-vzbull\/","title":{"rendered":"VOZOL Vista 20000 Puffs - Vzbull"},"content":{"rendered":"<h1 data-path-to-node=\"42\"><b data-path-to-node=\"42\" data-index-in-node=\"0\">VOZOL Vista 20000 - Vzbull<\/b><\/h1>\n<p data-path-to-node=\"43\">Inspir\u00e9 par la boisson \u00e9nergisante la plus embl\u00e9matique au monde, Vzbull offre cette saveur \u00e9nergisante, acidul\u00e9e et gazeuse incomparable dans un emballage high-tech de 20 000 bouff\u00e9es.<\/p>\n<h2 data-path-to-node=\"44\"><b data-path-to-node=\"44\" data-index-in-node=\"0\">\u00c9valuation des ar\u00f4mes - Vzbull<\/b><\/h2>\n<ul data-path-to-node=\"45\">\n<li>\n<p data-path-to-node=\"45,0,0\"><b data-path-to-node=\"45,0,0\" data-index-in-node=\"0\">Douceur :<\/b> \u2605\u2605\u2605\u2605\u2606<\/p>\n<\/li>\n<li>\n<p data-path-to-node=\"45,1,0\"><b data-path-to-node=\"45,1,0\" data-index-in-node=\"0\">Niveau de glace :<\/b> \u2605\u2605\u2605\u2605\u2606<\/p>\n<\/li>\n<li>\n<p data-path-to-node=\"45,2,0\"><b data-path-to-node=\"45,2,0\" data-index-in-node=\"0\">Ar\u00f4me :<\/b> \u2605\u2605\u2605\u2605\u2606<\/p>\n<\/li>\n<li>\n<p data-path-to-node=\"45,3,0\"><b data-path-to-node=\"45,3,0\" data-index-in-node=\"0\">Verdict sur le go\u00fbt :<\/b> Du p\u00e9tillant \u00e0 chaque bouff\u00e9e. La bobine \u00e0 double maille de 0,65\u03a9 reproduit parfaitement la sensation \u201cpointue\u201d d'une boisson \u00e9nergisante.<\/p>\n<\/li>\n<\/ul>\n<h2 data-path-to-node=\"46\"><b data-path-to-node=\"46\" data-index-in-node=\"0\">\ud83c\udfaf \u00c0 qui s'adresse ce produit ?<\/b><\/h2>\n<ul data-path-to-node=\"47\">\n<li>\n<p data-path-to-node=\"47,0,0\"><b data-path-to-node=\"47,0,0\" data-index-in-node=\"0\">Le vapoteur \u00e0 haute \u00e9nergie :<\/b> Si vous aimez les vapes de type \u201csoda\u201d et que vous avez besoin d'une saveur qui corresponde \u00e0 votre style de vie rapide.<\/p>\n<\/li>\n<li>\n<p data-path-to-node=\"47,1,0\"><b data-path-to-node=\"47,1,0\" data-index-in-node=\"0\">Le f\u00eatard vapoteur :<\/b> Une saveur vibrante et forte qui se d\u00e9marque dans la foule.<\/p>\n<\/li>\n<\/ul>\n<h2 data-path-to-node=\"19\"><b data-path-to-node=\"19\" data-index-in-node=\"0\">Sp\u00e9cifications du VOZOL Vista 20000<\/b><\/h2>\n<table data-path-to-node=\"17\">\n<thead>\n<tr>\n<td><strong>Param\u00e8tre<\/strong><\/td>\n<td><strong>Donn\u00e9es de la s\u00e9rie VOZOL Energy<\/strong><\/td>\n<\/tr>\n<\/thead>\n<tbody>\n<tr>\n<td><span data-path-to-node=\"17,1,0,0\"><b data-path-to-node=\"17,1,0,0\" data-index-in-node=\"0\">Profil aromatique<\/b><\/span><\/td>\n<td><span data-path-to-node=\"17,1,1,0\">Boisson \u00e9nergisante authentique \/ sensation gazeuse<\/span><\/td>\n<\/tr>\n<tr>\n<td><span data-path-to-node=\"17,2,0,0\"><b data-path-to-node=\"17,2,0,0\" data-index-in-node=\"0\">Densit\u00e9 de vapeur<\/b><\/span><\/td>\n<td><span data-path-to-node=\"17,2,1,0\">Volume \u00e9lev\u00e9 (sortie double maille)<\/span><\/td>\n<\/tr>\n<tr>\n<td><span data-path-to-node=\"17,3,0,0\"><b data-path-to-node=\"17,3,0,0\" data-index-in-node=\"0\">Personnalisation<\/b><\/span><\/td>\n<td><span data-path-to-node=\"17,3,1,0\">Contr\u00f4le de la puissance \u00e0 6 niveaux<\/span><\/td>\n<\/tr>\n<tr>\n<td><span data-path-to-node=\"17,4,0,0\"><b data-path-to-node=\"17,4,0,0\" data-index-in-node=\"0\">Interaction avec l'\u00e9cran<\/b><\/span><\/td>\n<td><span data-path-to-node=\"17,4,1,0\">Mouvement de l'interface utilisateur pendant le r\u00e9glage de la puissance<\/span><\/td>\n<\/tr>\n<tr>\n<td><span data-path-to-node=\"17,5,0,0\"><b data-path-to-node=\"17,5,0,0\" data-index-in-node=\"0\">Taille de la cosse<\/b><\/span><\/td>\n<td><span data-path-to-node=\"17,5,1,0\">20 ml<\/span><\/td>\n<\/tr>\n<tr>\n<td><span data-path-to-node=\"17,6,0,0\"><b data-path-to-node=\"17,6,0,0\" data-index-in-node=\"0\">Teneur en nicotine<\/b><\/span><\/td>\n<td><span data-path-to-node=\"17,6,1,0\">5% (50 mg)<\/span><\/td>\n<\/tr>\n<tr>\n<td><span data-path-to-node=\"17,7,0,0\"><b data-path-to-node=\"17,7,0,0\" data-index-in-node=\"0\">Style de conception<\/b><\/span><\/td>\n<td><span data-path-to-node=\"17,7,1,0\">L'esth\u00e9tique cyberpunk high-tech<\/span><\/td>\n<\/tr>\n<\/tbody>\n<\/table>\n<h2 data-path-to-node=\"48\"><b data-path-to-node=\"48\" data-index-in-node=\"0\">\ud83c\udfaf A qui s'adresse le VOZOL Vista 20000 ?<\/b><\/h2>\n<ul data-path-to-node=\"49\">\n<li>\n<p data-path-to-node=\"49,0,0\"><b data-path-to-node=\"49,0,0\" data-index-in-node=\"0\">L'amoureux de l'interface utilisateur :<\/b> Vous allez adorer la <b data-path-to-node=\"49,0,0\" data-index-in-node=\"30\">interaction dynamique de l'interface utilisateur<\/b> qui change au fur et \u00e0 mesure que vous r\u00e9glez les niveaux de puissance sur l'\u00e9cran du miroir.<\/p>\n<\/li>\n<li>\n<p data-path-to-node=\"49,1,0\"><b data-path-to-node=\"49,1,0\" data-index-in-node=\"0\">La proc\u00e9dure acc\u00e9l\u00e9r\u00e9e de l'UE :<\/b> Parfait pour les clients qui veulent que leur technologie <i data-path-to-node=\"49,1,0\" data-index-in-node=\"61\">maintenant<\/i>, gr\u00e2ce \u00e0 <b data-path-to-node=\"49,1,0\" data-index-in-node=\"76\">Livraison sous 1 \u00e0 3 jours<\/b> depuis notre entrep\u00f4t europ\u00e9en.<\/p>\n<\/li>\n<\/ul>\n<h3 dir=\"auto\">Voici d'autres recommandations pour vous :<\/h3>\n<p dir=\"auto\">D\u00e9couvrez encore plus de saveurs incroyables avec le VOZOL Vista 20000 Puff Vape !<\/p>\n<p dir=\"auto\"><a href=\"https:\/\/vozolvapen.de\/fr\/product-category\/vozol-vape\/vozol-vista-20000-puffs-vape\/\">Voir toutes les vari\u00e9t\u00e9s ici \u2192<\/a><\/p>\n<p dir=\"auto\">D\u00e9couvrez notre collection compl\u00e8te et achetez les meilleures marques de cigarettes \u00e9lectroniques que vous allez adorer.<\/p>\n<p dir=\"auto\"><a href=\"https:\/\/vozolvapen.de\/fr\/\">Parcourir toutes les marques maintenant \u2192<\/a><\/p>\n<p dir=\"auto\">D\u00e9couvrez la gamme compl\u00e8te VOZOL Vape : toutes les saveurs, tous les styles !<\/p>\n<p dir=\"auto\"><a href=\"https:\/\/vozolvapen.de\/fr\/product-category\/vozol-vape\/\">D\u00e9couvrez toute la collection VOZOL Vape \u2192<\/a><\/p>","protected":false},"excerpt":{"rendered":"<p>Le vapotage \u00e0 haute tension. <b data-path-to-node=\"17,2,0\" data-index-in-node=\"40\">Vzbull<\/b> reproduit le picotement aigu et gazeux de votre boisson \u00e9nerg\u00e9tique pr\u00e9f\u00e9r\u00e9e. Combin\u00e9 avec le <b data-path-to-node=\"17,2,0\" data-index-in-node=\"135\">VOZOL Vista's<\/b> l'ambiance cyberpunk et <b data-path-to-node=\"17,2,0\" data-index-in-node=\"168\">Technologie S.i.L.C<\/b>, C'est le choix ultime pour un style de vie actif et ax\u00e9 sur la technologie.<\/p>","protected":false},"featured_media":61911,"comment_status":"open","ping_status":"closed","template":"","meta":{"_acf_changed":false},"product_brand":[],"product_cat":[134,115],"product_tag":[],"class_list":{"0":"post-61811","1":"product","2":"type-product","3":"status-publish","4":"has-post-thumbnail","6":"product_cat-eu-warehouse-in-stock","7":"product_cat-vozol-vista-20000-puffs-vape","9":"first","10":"instock","11":"shipping-taxable","12":"purchasable","13":"product-type-variable"},"acf":[],"yoast_head":"<!-- This site is optimized with the Yoast SEO Premium plugin v26.1 (Yoast SEO v27.5) - https:\/\/yoast.com\/product\/yoast-seo-premium-wordpress\/ -->\n<title>Vzbull VOZOL Vista 20000 | Energy Drink Flavor 20K Vape - vozolvapen<\/title>\n<meta name=\"description\" content=\"Spark your day with Vzbull VOZOL Vista 20000. Authentic energy drink taste with a 2.2&quot; HD screen and 20,000 puffs. Order from our EU warehouse.\" \/>\n<meta name=\"robots\" content=\"index, follow, max-snippet:-1, max-image-preview:large, max-video-preview:-1\" \/>\n<link rel=\"canonical\" href=\"https:\/\/vozolvapen.de\/fr\/product\/vozol-vista-20000-puffs-vzbull\/\" \/>\n<meta property=\"og:locale\" content=\"fr_FR\" \/>\n<meta property=\"og:type\" content=\"article\" \/>\n<meta property=\"og:title\" content=\"VOZOL Vista 20000 Puffs - Vzbull\" \/>\n<meta property=\"og:description\" content=\"Spark your day with Vzbull VOZOL Vista 20000. Authentic energy drink taste with a 2.2&quot; HD screen and 20,000 puffs. Order from our EU warehouse.\" \/>\n<meta property=\"og:url\" content=\"https:\/\/vozolvapen.de\/fr\/product\/vozol-vista-20000-puffs-vzbull\/\" \/>\n<meta property=\"og:site_name\" content=\"vozolvapen\" \/>\n<meta property=\"article:modified_time\" content=\"2026-02-10T10:39:20+00:00\" \/>\n<meta property=\"og:image\" content=\"https:\/\/vozolvapen.de\/wp-content\/uploads\/2026\/01\/VOZOL-Vista-20000-Puffs-Vzbull-Front.webp\" \/>\n\t<meta property=\"og:image:width\" content=\"1080\" \/>\n\t<meta property=\"og:image:height\" content=\"1080\" \/>\n\t<meta property=\"og:image:type\" content=\"image\/webp\" \/>\n<meta name=\"twitter:card\" content=\"summary_large_image\" \/>\n<meta name=\"twitter:label1\" content=\"Dur\u00e9e de lecture estim\u00e9e\" \/>\n\t<meta name=\"twitter:data1\" content=\"2 minutes\" \/>\n<script type=\"application\/ld+json\" class=\"yoast-schema-graph\">{\"@context\":\"https:\\\/\\\/schema.org\",\"@graph\":[{\"@type\":\"WebPage\",\"@id\":\"https:\\\/\\\/vozolvapen.de\\\/product\\\/vozol-vista-20000-puffs-vzbull\\\/\",\"url\":\"https:\\\/\\\/vozolvapen.de\\\/product\\\/vozol-vista-20000-puffs-vzbull\\\/\",\"name\":\"Vzbull VOZOL Vista 20000 | Energy Drink Flavor 20K Vape - vozolvapen\",\"isPartOf\":{\"@id\":\"https:\\\/\\\/vozolvapen.de\\\/#website\"},\"primaryImageOfPage\":{\"@id\":\"https:\\\/\\\/vozolvapen.de\\\/product\\\/vozol-vista-20000-puffs-vzbull\\\/#primaryimage\"},\"image\":{\"@id\":\"https:\\\/\\\/vozolvapen.de\\\/product\\\/vozol-vista-20000-puffs-vzbull\\\/#primaryimage\"},\"thumbnailUrl\":\"https:\\\/\\\/vozolvapen.de\\\/wp-content\\\/uploads\\\/2026\\\/01\\\/VOZOL-Vista-20000-Puffs-Vzbull-Front.webp\",\"datePublished\":\"2026-01-15T07:09:33+00:00\",\"dateModified\":\"2026-02-10T10:39:20+00:00\",\"description\":\"Spark your day with Vzbull VOZOL Vista 20000. Authentic energy drink taste with a 2.2\\\" HD screen and 20,000 puffs. Order from our EU warehouse.\",\"breadcrumb\":{\"@id\":\"https:\\\/\\\/vozolvapen.de\\\/product\\\/vozol-vista-20000-puffs-vzbull\\\/#breadcrumb\"},\"inLanguage\":\"fr-FR\",\"potentialAction\":[{\"@type\":\"ReadAction\",\"target\":[\"https:\\\/\\\/vozolvapen.de\\\/product\\\/vozol-vista-20000-puffs-vzbull\\\/\"]}]},{\"@type\":\"ImageObject\",\"inLanguage\":\"fr-FR\",\"@id\":\"https:\\\/\\\/vozolvapen.de\\\/product\\\/vozol-vista-20000-puffs-vzbull\\\/#primaryimage\",\"url\":\"https:\\\/\\\/vozolvapen.de\\\/wp-content\\\/uploads\\\/2026\\\/01\\\/VOZOL-Vista-20000-Puffs-Vzbull-Front.webp\",\"contentUrl\":\"https:\\\/\\\/vozolvapen.de\\\/wp-content\\\/uploads\\\/2026\\\/01\\\/VOZOL-Vista-20000-Puffs-Vzbull-Front.webp\",\"width\":1080,\"height\":1080,\"caption\":\"Vozol Vista 20000 Puffs Vzbull Front Disposable Vape Device\"},{\"@type\":\"BreadcrumbList\",\"@id\":\"https:\\\/\\\/vozolvapen.de\\\/product\\\/vozol-vista-20000-puffs-vzbull\\\/#breadcrumb\",\"itemListElement\":[{\"@type\":\"ListItem\",\"position\":1,\"name\":\"Home\",\"item\":\"https:\\\/\\\/vozolvapen.de\\\/de\\\/\"},{\"@type\":\"ListItem\",\"position\":2,\"name\":\"Shop\",\"item\":\"https:\\\/\\\/vozolvapen.de\\\/shop\\\/\"},{\"@type\":\"ListItem\",\"position\":3,\"name\":\"VOZOL Vista 20000 Puffs &#8211; Vzbull\"}]},{\"@type\":\"WebSite\",\"@id\":\"https:\\\/\\\/vozolvapen.de\\\/#website\",\"url\":\"https:\\\/\\\/vozolvapen.de\\\/\",\"name\":\"vozolvapen\",\"description\":\"vozolvapen\",\"publisher\":{\"@id\":\"https:\\\/\\\/vozolvapen.de\\\/#organization\"},\"potentialAction\":[{\"@type\":\"SearchAction\",\"target\":{\"@type\":\"EntryPoint\",\"urlTemplate\":\"https:\\\/\\\/vozolvapen.de\\\/?s={search_term_string}\"},\"query-input\":{\"@type\":\"PropertyValueSpecification\",\"valueRequired\":true,\"valueName\":\"search_term_string\"}}],\"inLanguage\":\"fr-FR\"},{\"@type\":\"Organization\",\"@id\":\"https:\\\/\\\/vozolvapen.de\\\/#organization\",\"name\":\"vozolvapen\",\"url\":\"https:\\\/\\\/vozolvapen.de\\\/\",\"logo\":{\"@type\":\"ImageObject\",\"inLanguage\":\"fr-FR\",\"@id\":\"https:\\\/\\\/vozolvapen.de\\\/#\\\/schema\\\/logo\\\/image\\\/\",\"url\":\"https:\\\/\\\/vozolvapen.de\\\/wp-content\\\/uploads\\\/2025\\\/12\\\/cropped-vozovapen-logo.webp\",\"contentUrl\":\"https:\\\/\\\/vozolvapen.de\\\/wp-content\\\/uploads\\\/2025\\\/12\\\/cropped-vozovapen-logo.webp\",\"width\":470,\"height\":110,\"caption\":\"vozolvapen\"},\"image\":{\"@id\":\"https:\\\/\\\/vozolvapen.de\\\/#\\\/schema\\\/logo\\\/image\\\/\"}}]}<\/script>\n<!-- \/ Yoast SEO Premium plugin. -->","yoast_head_json":{"title":"Vzbull VOZOL Vista 20000 | Boisson \u00e9nerg\u00e9tique saveur 20K Vape - vozolvapen","description":"Stimulez votre journ\u00e9e avec Vzbull VOZOL Vista 20000. Le go\u00fbt authentique d'une boisson \u00e9nergisante avec un \u00e9cran HD de 2,2 pouces et 20 000 bouff\u00e9es. Commandez dans notre entrep\u00f4t europ\u00e9en.","robots":{"index":"index","follow":"follow","max-snippet":"max-snippet:-1","max-image-preview":"max-image-preview:large","max-video-preview":"max-video-preview:-1"},"canonical":"https:\/\/vozolvapen.de\/fr\/product\/vozol-vista-20000-puffs-vzbull\/","og_locale":"fr_FR","og_type":"article","og_title":"VOZOL Vista 20000 Puffs - Vzbull","og_description":"Spark your day with Vzbull VOZOL Vista 20000. Authentic energy drink taste with a 2.2\" HD screen and 20,000 puffs. Order from our EU warehouse.","og_url":"https:\/\/vozolvapen.de\/fr\/product\/vozol-vista-20000-puffs-vzbull\/","og_site_name":"vozolvapen","article_modified_time":"2026-02-10T10:39:20+00:00","og_image":[{"width":1080,"height":1080,"url":"https:\/\/vozolvapen.de\/wp-content\/uploads\/2026\/01\/VOZOL-Vista-20000-Puffs-Vzbull-Front.webp","type":"image\/webp"}],"twitter_card":"summary_large_image","twitter_misc":{"Dur\u00e9e de lecture estim\u00e9e":"2 minutes"},"schema":{"@context":"https:\/\/schema.org","@graph":[{"@type":"WebPage","@id":"https:\/\/vozolvapen.de\/product\/vozol-vista-20000-puffs-vzbull\/","url":"https:\/\/vozolvapen.de\/product\/vozol-vista-20000-puffs-vzbull\/","name":"Vzbull VOZOL Vista 20000 | Boisson \u00e9nerg\u00e9tique saveur 20K Vape - vozolvapen","isPartOf":{"@id":"https:\/\/vozolvapen.de\/#website"},"primaryImageOfPage":{"@id":"https:\/\/vozolvapen.de\/product\/vozol-vista-20000-puffs-vzbull\/#primaryimage"},"image":{"@id":"https:\/\/vozolvapen.de\/product\/vozol-vista-20000-puffs-vzbull\/#primaryimage"},"thumbnailUrl":"https:\/\/vozolvapen.de\/wp-content\/uploads\/2026\/01\/VOZOL-Vista-20000-Puffs-Vzbull-Front.webp","datePublished":"2026-01-15T07:09:33+00:00","dateModified":"2026-02-10T10:39:20+00:00","description":"Stimulez votre journ\u00e9e avec Vzbull VOZOL Vista 20000. Le go\u00fbt authentique d'une boisson \u00e9nergisante avec un \u00e9cran HD de 2,2 pouces et 20 000 bouff\u00e9es. Commandez dans notre entrep\u00f4t europ\u00e9en.","breadcrumb":{"@id":"https:\/\/vozolvapen.de\/product\/vozol-vista-20000-puffs-vzbull\/#breadcrumb"},"inLanguage":"fr-FR","potentialAction":[{"@type":"ReadAction","target":["https:\/\/vozolvapen.de\/product\/vozol-vista-20000-puffs-vzbull\/"]}]},{"@type":"ImageObject","inLanguage":"fr-FR","@id":"https:\/\/vozolvapen.de\/product\/vozol-vista-20000-puffs-vzbull\/#primaryimage","url":"https:\/\/vozolvapen.de\/wp-content\/uploads\/2026\/01\/VOZOL-Vista-20000-Puffs-Vzbull-Front.webp","contentUrl":"https:\/\/vozolvapen.de\/wp-content\/uploads\/2026\/01\/VOZOL-Vista-20000-Puffs-Vzbull-Front.webp","width":1080,"height":1080,"caption":"Vozol Vista 20000 Puffs Vzbull Front Disposable Vape Device"},{"@type":"BreadcrumbList","@id":"https:\/\/vozolvapen.de\/product\/vozol-vista-20000-puffs-vzbull\/#breadcrumb","itemListElement":[{"@type":"ListItem","position":1,"name":"Home","item":"https:\/\/vozolvapen.de\/de\/"},{"@type":"ListItem","position":2,"name":"Shop","item":"https:\/\/vozolvapen.de\/shop\/"},{"@type":"ListItem","position":3,"name":"VOZOL Vista 20000 Puffs &#8211; Vzbull"}]},{"@type":"WebSite","@id":"https:\/\/vozolvapen.de\/#website","url":"https:\/\/vozolvapen.de\/","name":"vozolvapen","description":"vozolvapen","publisher":{"@id":"https:\/\/vozolvapen.de\/#organization"},"potentialAction":[{"@type":"SearchAction","target":{"@type":"EntryPoint","urlTemplate":"https:\/\/vozolvapen.de\/?s={search_term_string}"},"query-input":{"@type":"PropertyValueSpecification","valueRequired":true,"valueName":"search_term_string"}}],"inLanguage":"fr-FR"},{"@type":"Organization","@id":"https:\/\/vozolvapen.de\/#organization","name":"vozolvapen","url":"https:\/\/vozolvapen.de\/","logo":{"@type":"ImageObject","inLanguage":"fr-FR","@id":"https:\/\/vozolvapen.de\/#\/schema\/logo\/image\/","url":"https:\/\/vozolvapen.de\/wp-content\/uploads\/2025\/12\/cropped-vozovapen-logo.webp","contentUrl":"https:\/\/vozolvapen.de\/wp-content\/uploads\/2025\/12\/cropped-vozovapen-logo.webp","width":470,"height":110,"caption":"vozolvapen"},"image":{"@id":"https:\/\/vozolvapen.de\/#\/schema\/logo\/image\/"}}]}},"tiered_pricing_type":"fixed","tiered_pricing_fixed_rules":{"30":"13.5","50":"10.89","100":"10.39","200":"9.8"},"tiered_pricing_product_settings":{"layout":"default","base_unit_name":{"singular":null,"plural":null},"default_variation":{}},"tiered_pricing_minimum_quantity":10,"tiered_pricing_roles_data":[],"tiered_pricing_percentage_rules":[],"tiered_pricing_maximum_quantity":null,"tiered_pricing_quantity_step":"10","_links":{"self":[{"href":"https:\/\/vozolvapen.de\/fr\/wp-json\/wp\/v2\/product\/61811","targetHints":{"allow":["GET"]}}],"collection":[{"href":"https:\/\/vozolvapen.de\/fr\/wp-json\/wp\/v2\/product"}],"about":[{"href":"https:\/\/vozolvapen.de\/fr\/wp-json\/wp\/v2\/types\/product"}],"replies":[{"embeddable":true,"href":"https:\/\/vozolvapen.de\/fr\/wp-json\/wp\/v2\/comments?post=61811"}],"wp:featuredmedia":[{"embeddable":true,"href":"https:\/\/vozolvapen.de\/fr\/wp-json\/wp\/v2\/media\/61911"}],"wp:attachment":[{"href":"https:\/\/vozolvapen.de\/fr\/wp-json\/wp\/v2\/media?parent=61811"}],"wp:term":[{"taxonomy":"product_brand","embeddable":true,"href":"https:\/\/vozolvapen.de\/fr\/wp-json\/wp\/v2\/product_brand?post=61811"},{"taxonomy":"product_cat","embeddable":true,"href":"https:\/\/vozolvapen.de\/fr\/wp-json\/wp\/v2\/product_cat?post=61811"},{"taxonomy":"product_tag","embeddable":true,"href":"https:\/\/vozolvapen.de\/fr\/wp-json\/wp\/v2\/product_tag?post=61811"}],"curies":[{"name":"wp","href":"https:\/\/api.w.org\/{rel}","templated":true}]}}