{"id":62381,"date":"2026-01-19T03:57:50","date_gmt":"2026-01-19T03:57:50","guid":{"rendered":"https:\/\/vozolvapen.de\/?post_type=product&#038;p=62381"},"modified":"2026-04-08T03:07:52","modified_gmt":"2026-04-08T03:07:52","slug":"puff-60k-bang-60000-refillable-vape-watermelon-cherry-cherry-coke","status":"publish","type":"product","link":"https:\/\/vozolvapen.de\/fr\/product\/puff-60k-bang-60000-refillable-vape-watermelon-cherry-cherry-coke\/","title":{"rendered":"Vapeur rechargeable Puff 60k Bang 60000 - Past\u00e8que Cerise &amp; Coca Cerise"},"content":{"rendered":"<h1 data-path-to-node=\"13\">Vapeur rechargeable Puff 60k Bang 60000 - Past\u00e8que Cerise &amp; Coca Cerise<\/h1>\n<h2 data-path-to-node=\"14\"><b data-path-to-node=\"14\" data-index-in-node=\"0\">La nostalgie rencontre l'innovation : Des fruits et des sodas dans un seul appareil<\/b><\/h2>\n<p data-path-to-node=\"15\">Le <b data-path-to-node=\"15\" data-index-in-node=\"4\">Bang 60000 Past\u00e8que Cerise &amp; Coca Cerise<\/b> est con\u00e7u pour les vapoteurs aventureux. En combinant un m\u00e9lange classique de fruits avec un profil de boisson p\u00e9tillante, cette <b data-path-to-node=\"15\" data-index-in-node=\"162\">60k vape<\/b> offre une exp\u00e9rience sensorielle qui \u00e9volue en fonction de votre humeur. Les <b data-path-to-node=\"15\" data-index-in-node=\"232\">Finition d\u00e9grad\u00e9e futuriste<\/b> et la coquille de cristal lui conf\u00e8rent un aspect aussi audacieux que son go\u00fbt.<\/p>\n<h3 data-path-to-node=\"16\"><b data-path-to-node=\"16\" data-index-in-node=\"0\">Mode A : past\u00e8que fleur de cerisier<\/b><\/h3>\n<p data-path-to-node=\"16\">Le Mode A offre un mariage sophistiqu\u00e9. La douceur l\u00e9g\u00e8re et a\u00e9rienne de la past\u00e8que sert de toile de fond aux notes profondes et l\u00e9g\u00e8rement acidul\u00e9es de la cerise noire. C'est une saveur raffin\u00e9e, qui dure toute la journ\u00e9e et qui est parfum\u00e9e sans \u00eatre dominante.<\/p>\n<h3 data-path-to-node=\"17\"><b data-path-to-node=\"17\" data-index-in-node=\"0\">Mode B : L'embl\u00e9matique Cherry Coke Fizz<\/b><\/h3>\n<p data-path-to-node=\"17\">Passez en mode B pour vous plonger dans la nostalgie d'une fontaine \u00e0 soda. Notre syst\u00e8me avanc\u00e9 de <b data-path-to-node=\"17\" data-index-in-node=\"115\">Technologie Mesh Coil<\/b> reproduit la sensation \u201ceffervescente\u201d d'un cola p\u00e9tillant et se termine par un zeste de cerise. C'est p\u00e9tillant, sucr\u00e9 et incroyablement satisfaisant.<\/p>\n<h2 data-path-to-node=\"18\"><b data-path-to-node=\"18\" data-index-in-node=\"0\">Ing\u00e9nierie avanc\u00e9e pour le vapoteur moderne<\/b><\/h2>\n<ul data-path-to-node=\"19\">\n<li>\n<p data-path-to-node=\"19,0,0\"><b data-path-to-node=\"19,0,0\" data-index-in-node=\"0\">1.0\u03a9 Pr\u00e9cision de la maille :<\/b> Sp\u00e9cialement con\u00e7u pour \u00e9viter la \u201cfatigue des saveurs\u201d, l'\u00e9l\u00e9ment chauffant \u00e0 mailles garantit que le \u201cp\u00e9tillement\u201d du Cherry Coke et le \u201cjus\u201d de la past\u00e8que restent distincts et ne s'embrouillent jamais.<\/p>\n<\/li>\n<li>\n<p data-path-to-node=\"19,1,0\"><b data-path-to-node=\"19,1,0\" data-index-in-node=\"0\">Type-C Chargement rapide :<\/b> Ne laissez pas une batterie d\u00e9charg\u00e9e interrompre votre session. La batterie de 550mAh se recharge en quelques minutes, ce qui vous permet de garder votre appareil en \u00e9tat de marche. <b data-path-to-node=\"19,1,0\" data-index-in-node=\"120\">crystal vape<\/b> pr\u00eat \u00e0 l'action.<\/p>\n<\/li>\n<li>\n<p data-path-to-node=\"19,2,0\"><b data-path-to-node=\"19,2,0\" data-index-in-node=\"0\">Polyvalence 2 en 1 :<\/b> Ne transportez plus deux appareils. Que vous vouliez un fruit ou un soda, le Bang 60000 s'en charge dans un format compact de type bo\u00eete.<\/p>\n<\/li>\n<\/ul>\n<h3 data-path-to-node=\"20\"><b data-path-to-node=\"20\" data-index-in-node=\"0\">\u00c0 qui s'adresse ce produit ?<\/b><\/h3>\n<ul data-path-to-node=\"21\">\n<li>\n<p data-path-to-node=\"21,0,0\"><b data-path-to-node=\"21,0,0\" data-index-in-node=\"0\">L'amateur de soda :<\/b> Si vous aimez les vapes aromatis\u00e9es aux boissons, le mode Cherry Coke est une ex\u00e9cution de premier ordre.<\/p>\n<\/li>\n<li>\n<p data-path-to-node=\"21,1,0\"><b data-path-to-node=\"21,1,0\" data-index-in-node=\"0\">Le chercheur de valeur :<\/b> \u00c0 <b data-path-to-node=\"21,1,0\" data-index-in-node=\"21\">60,000 puffs<\/b>, Le rapport prix par bouff\u00e9e est imbattable, surtout pour une bouff\u00e9e de <b data-path-to-node=\"21,1,0\" data-index-in-node=\"92\">vape rechargeable<\/b> syst\u00e8me.<\/p>\n<\/li>\n<li>\n<p data-path-to-node=\"21,2,0\"><b data-path-to-node=\"21,2,0\" data-index-in-node=\"0\">Clients de l'UE :<\/b> Exp\u00e9di\u00e9 directement depuis notre <b data-path-to-node=\"21,2,0\" data-index-in-node=\"40\">entrep\u00f4t europ\u00e9en<\/b>, Le d\u00e9lai de livraison est de 1 \u00e0 3 jours - pas de douane, pas d'attente prolong\u00e9e.<\/p>\n<\/li>\n<\/ul>\n<h2 data-path-to-node=\"10\"><b data-path-to-node=\"10\" data-index-in-node=\"0\">Ventilation technique et \u00e9valuations<\/b><\/h2>\n<table data-path-to-node=\"25\">\n<thead>\n<tr>\n<td><strong>Mesure de la performance<\/strong><\/td>\n<td><strong>Caract\u00e9ristiques techniques<\/strong><\/td>\n<\/tr>\n<\/thead>\n<tbody>\n<tr>\n<td><span data-path-to-node=\"25,1,0,0\"><b data-path-to-node=\"25,1,0,0\" data-index-in-node=\"0\">Douceur<\/b><\/span><\/td>\n<td><span data-path-to-node=\"25,1,1,0\">\u2605\u2605\u2605\u2605\u2605 (sucrerie et soda)<\/span><\/td>\n<\/tr>\n<tr>\n<td><span data-path-to-node=\"25,2,0,0\"><b data-path-to-node=\"25,2,0,0\" data-index-in-node=\"0\">Effet de refroidissement<\/b><\/span><\/td>\n<td><span data-path-to-node=\"25,2,1,0\">\u2605\u2605\u2605\u2606\u2606\u2606 (Fizz gazeux simul\u00e9)<\/span><\/td>\n<\/tr>\n<tr>\n<td><span data-path-to-node=\"25,3,0,0\"><b data-path-to-node=\"25,3,0,0\" data-index-in-node=\"0\">Intensit\u00e9 aromatique<\/b><\/span><\/td>\n<td><span data-path-to-node=\"25,3,1,0\">\u2605\u2605\u2605\u2605\u2605 (R\u00e9plication \u00e9lev\u00e9e de cola)<\/span><\/td>\n<\/tr>\n<tr>\n<td><span data-path-to-node=\"25,4,0,0\"><b data-path-to-node=\"25,4,0,0\" data-index-in-node=\"0\">Ar\u00f4me<\/b><\/span><\/td>\n<td><span data-path-to-node=\"25,4,1,0\">\u2605\u2605\u2605\u2605\u2605 (parfum iconique de cerise et de soda)<\/span><\/td>\n<\/tr>\n<tr>\n<td><span data-path-to-node=\"25,5,0,0\"><b data-path-to-node=\"25,5,0,0\" data-index-in-node=\"0\">Esth\u00e9tique<\/b><\/span><\/td>\n<td><span data-path-to-node=\"25,5,1,0\">Finition futuriste en d\u00e9grad\u00e9 vibrant<\/span><\/td>\n<\/tr>\n<tr>\n<td><span data-path-to-node=\"25,6,0,0\"><b data-path-to-node=\"25,6,0,0\" data-index-in-node=\"0\">Profil de l'utilisateur<\/b><\/span><\/td>\n<td><span data-path-to-node=\"25,6,1,0\">Le meilleur pour les amateurs de boissons et de bonbons<\/span><\/td>\n<\/tr>\n<\/tbody>\n<\/table>\n<h3><b data-path-to-node=\"57\" data-index-in-node=\"0\">R\u00e9sum\u00e9 du mat\u00e9riel et de la logistique\u00a0<\/b><\/h3>\n<ul data-path-to-node=\"58\">\n<li>\n<p data-path-to-node=\"58,0,0\"><b data-path-to-node=\"58,0,0\" data-index-in-node=\"0\">Rechargeable Libert\u00e9 :<\/b> Ne vous arr\u00eatez pas \u00e0 60k. Il s'agit d'un <b data-path-to-node=\"58,0,0\" data-index-in-node=\"49\">vape pour le remplissage de liquide<\/b>, Vous pouvez ainsi utiliser le mat\u00e9riel bien plus longtemps qu'un mat\u00e9riel jetable standard.<\/p>\n<\/li>\n<li>\n<p data-path-to-node=\"58,1,0\"><b data-path-to-node=\"58,1,0\" data-index-in-node=\"0\">\u00c9cran HD intelligent :<\/b> Connaissez toujours l'autonomie de votre batterie et le r\u00e9servoir (A ou B) que vous utilisez actuellement.<\/p>\n<\/li>\n<li>\n<p data-path-to-node=\"58,2,0\"><b data-path-to-node=\"58,2,0\" data-index-in-node=\"0\">Double r\u00e9servoir d'une capacit\u00e9 de 36 ml :<\/b> La plus grande de l'industrie, associ\u00e9e \u00e0 une <b data-path-to-node=\"58,2,0\" data-index-in-node=\"68\">Batterie rechargeable Type-C de 550mAh<\/b>.<\/p>\n<\/li>\n<li>\n<p data-path-to-node=\"58,3,0\"><b data-path-to-node=\"58,3,0\" data-index-in-node=\"0\">Exp\u00e9dition depuis l'entrep\u00f4t de l'UE :<\/b> Commandez aujourd'hui et recevez votre <b data-path-to-node=\"58,3,0\" data-index-in-node=\"52\">vape rechargeable<\/b> en <b data-path-to-node=\"58,3,0\" data-index-in-node=\"71\">1 \u00e0 3 jours ouvrables<\/b> partout dans l'UE. Pas de douane, pas de tracas.<\/p>\n<\/li>\n<\/ul>\n<h3 dir=\"auto\">Voici d'autres recommandations pour vous :<\/h3>\n<p dir=\"auto\">D\u00e9couvrez encore plus de saveurs incroyables avec le Puff 60k Bang 60000 Refillable Vape !<\/p>\n<p dir=\"auto\"><a href=\"https:\/\/vozolvapen.deproduct-category\/bang-vape\/puff-60k-bang-60000-refillable-vape\">Voir toutes les vari\u00e9t\u00e9s ici \u2192<\/a><\/p>\n<p dir=\"auto\">D\u00e9couvrez notre collection compl\u00e8te et achetez les meilleures marques de cigarettes \u00e9lectroniques que vous allez adorer.<\/p>\n<p dir=\"auto\"><a href=\"https:\/\/vozolvapen.de\/fr\/\">Parcourir toutes les marques maintenant \u2192<\/a><\/p>\n<p dir=\"auto\">D\u00e9couvrez la gamme compl\u00e8te Bang Vape : toutes les saveurs, tous les styles !<\/p>\n<p dir=\"auto\"><a href=\"https:\/\/vozolvapen.de\/fr\/product-category\/bang-vape\/\">D\u00e9couvrez toute la collection Bang Vape \u2192<\/a><\/p>\n<h2 data-path-to-node=\"27\"><b data-path-to-node=\"27\" data-index-in-node=\"0\">Foire aux questions (FAQ)<\/b><\/h2>\n<h3 data-path-to-node=\"28\"><b data-path-to-node=\"28\" data-index-in-node=\"0\">Le Bang 60000 est-il vraiment une vape rechargeable ?<\/b><\/h3>\n<p data-path-to-node=\"29\">Oui. Bien qu'il soit livr\u00e9 pr\u00e9-rempli avec 36ml d'e-liquide premium, l'architecture du r\u00e9servoir est con\u00e7ue pour \u00eatre <b data-path-to-node=\"29\" data-index-in-node=\"102\">rechargeable<\/b>. Cela vous permet d'utiliser l'appareil comme un outil de travail \u00e0 long terme. <b data-path-to-node=\"29\" data-index-in-node=\"163\">syst\u00e8me de pods vape<\/b> m\u00eame apr\u00e8s la fin du liquide initial.<\/p>\n<h3 data-path-to-node=\"30\"><b data-path-to-node=\"30\" data-index-in-node=\"0\">Comment puis-je passer d'une saveur \u00e0 l'autre ?<\/b><\/h3>\n<p data-path-to-node=\"31\">L'appareil est dot\u00e9 d'un interrupteur \u00e0 bascule. Il suffit de le faire glisser pour choisir <b data-path-to-node=\"31\" data-index-in-node=\"67\">Mode A<\/b> ou <b data-path-to-node=\"31\" data-index-in-node=\"77\">Mode B<\/b> pour changer instantan\u00e9ment le r\u00e9servoir interne utilis\u00e9.<\/p>\n<h3 data-path-to-node=\"32\"><b data-path-to-node=\"32\" data-index-in-node=\"0\">Quels sont les niveaux de nicotine disponibles pour le Puff 60k ?<\/b><\/h3>\n<p data-path-to-node=\"33\">Nous r\u00e9pondons \u00e0 toutes les pr\u00e9f\u00e9rences, en proposant <b data-path-to-node=\"33\" data-index-in-node=\"38\">0mg (sans nicotine)<\/b>, <b data-path-to-node=\"33\" data-index-in-node=\"59\">20mg (2%)<\/b>, <b data-path-to-node=\"33\" data-index-in-node=\"70\">30mg (3%)<\/b>, et <b data-path-to-node=\"33\" data-index-in-node=\"85\">50mg (5%)<\/b> options.<\/p>\n<h3 data-path-to-node=\"34\"><b data-path-to-node=\"34\" data-index-in-node=\"0\">Comment charger le Bang 60000 ?<\/b><\/h3>\n<p data-path-to-node=\"35\">L'appareil utilise un <b data-path-to-node=\"35\" data-index-in-node=\"27\">Port de chargement de type C<\/b> situ\u00e9 dans la partie inf\u00e9rieure. La batterie de 550mAh prend en charge la charge rapide pour minimiser les temps d'arr\u00eat.<\/p>","protected":false},"excerpt":{"rendered":"<p>Les fruits rencontrent le p\u00e9tillant ! Appr\u00e9ciez le sucr\u00e9 <b data-path-to-node=\"17,2,0\" data-index-in-node=\"49\">Past\u00e8que Cerise<\/b> ou la pop nostalgique de <b data-path-to-node=\"17,2,0\" data-index-in-node=\"91\">Coca-Cola \u00e0 la cerise<\/b>. Ceci <b data-path-to-node=\"17,2,0\" data-index-in-node=\"109\">60k puff crystal vape<\/b> est dot\u00e9 d'un double r\u00e9servoir transparent unique et d'une interface utilisateur intelligente, parfait pour ceux qui aiment la vari\u00e9t\u00e9 et la valeur durable.<\/p>","protected":false},"featured_media":62661,"comment_status":"open","ping_status":"closed","template":"","meta":{"_acf_changed":false},"product_brand":[],"product_cat":[120],"product_tag":[],"class_list":{"0":"post-62381","1":"product","2":"type-product","3":"status-publish","4":"has-post-thumbnail","6":"product_cat-puff-60k-bang-60000-refillable-vape","8":"first","9":"instock","10":"shipping-taxable","11":"purchasable","12":"product-type-variable"},"acf":[],"yoast_head":"<!-- This site is optimized with the Yoast SEO Premium plugin v26.1 (Yoast SEO v27.5) - https:\/\/yoast.com\/product\/yoast-seo-premium-wordpress\/ -->\n<title>Watermelon Cherry &amp; Cherry Coke Bang 60000 | 2-in-1 60k Puffs - vozolvapen<\/title>\n<meta name=\"description\" content=\"Bang 60000 Watermelon Cherry &amp; Cherry Coke. Experience fizzy soda and sweet fruit in one 60k puff device. 36ml refillable capacity. EU Stock.\" \/>\n<meta name=\"robots\" content=\"index, follow, max-snippet:-1, max-image-preview:large, max-video-preview:-1\" \/>\n<link rel=\"canonical\" href=\"https:\/\/vozolvapen.de\/fr\/product\/puff-60k-bang-60000-refillable-vape-watermelon-cherry-cherry-coke\/\" \/>\n<meta property=\"og:locale\" content=\"fr_FR\" \/>\n<meta property=\"og:type\" content=\"article\" \/>\n<meta property=\"og:title\" content=\"Puff 60k Bang 60000 Refillable Vape - Watermelon Cherry &amp; Cherry Coke\" \/>\n<meta property=\"og:description\" content=\"Bang 60000 Watermelon Cherry &amp; Cherry Coke. Experience fizzy soda and sweet fruit in one 60k puff device. 36ml refillable capacity. EU Stock.\" \/>\n<meta property=\"og:url\" content=\"https:\/\/vozolvapen.de\/fr\/product\/puff-60k-bang-60000-refillable-vape-watermelon-cherry-cherry-coke\/\" \/>\n<meta property=\"og:site_name\" content=\"vozolvapen\" \/>\n<meta property=\"article:modified_time\" content=\"2026-04-08T03:07:52+00:00\" \/>\n<meta property=\"og:image\" content=\"https:\/\/vozolvapen.de\/wp-content\/uploads\/2026\/01\/Puff-60k-Bang-60000-Refillable-Vape-Watermelon-Cherry-Cherry-Coke.webp\" \/>\n\t<meta property=\"og:image:width\" content=\"774\" \/>\n\t<meta property=\"og:image:height\" content=\"1200\" \/>\n\t<meta property=\"og:image:type\" content=\"image\/webp\" \/>\n<meta name=\"twitter:card\" content=\"summary_large_image\" \/>\n<meta name=\"twitter:label1\" content=\"Dur\u00e9e de lecture estim\u00e9e\" \/>\n\t<meta name=\"twitter:data1\" content=\"3 minutes\" \/>\n<script type=\"application\/ld+json\" class=\"yoast-schema-graph\">{\"@context\":\"https:\\\/\\\/schema.org\",\"@graph\":[{\"@type\":\"WebPage\",\"@id\":\"https:\\\/\\\/vozolvapen.de\\\/product\\\/puff-60k-bang-60000-refillable-vape-watermelon-cherry-cherry-coke\\\/\",\"url\":\"https:\\\/\\\/vozolvapen.de\\\/product\\\/puff-60k-bang-60000-refillable-vape-watermelon-cherry-cherry-coke\\\/\",\"name\":\"Watermelon Cherry & Cherry Coke Bang 60000 | 2-in-1 60k Puffs - vozolvapen\",\"isPartOf\":{\"@id\":\"https:\\\/\\\/vozolvapen.de\\\/#website\"},\"primaryImageOfPage\":{\"@id\":\"https:\\\/\\\/vozolvapen.de\\\/product\\\/puff-60k-bang-60000-refillable-vape-watermelon-cherry-cherry-coke\\\/#primaryimage\"},\"image\":{\"@id\":\"https:\\\/\\\/vozolvapen.de\\\/product\\\/puff-60k-bang-60000-refillable-vape-watermelon-cherry-cherry-coke\\\/#primaryimage\"},\"thumbnailUrl\":\"https:\\\/\\\/vozolvapen.de\\\/wp-content\\\/uploads\\\/2026\\\/01\\\/Puff-60k-Bang-60000-Refillable-Vape-Watermelon-Cherry-Cherry-Coke.webp\",\"datePublished\":\"2026-01-19T03:57:50+00:00\",\"dateModified\":\"2026-04-08T03:07:52+00:00\",\"description\":\"Bang 60000 Watermelon Cherry & Cherry Coke. Experience fizzy soda and sweet fruit in one 60k puff device. 36ml refillable capacity. EU Stock.\",\"breadcrumb\":{\"@id\":\"https:\\\/\\\/vozolvapen.de\\\/product\\\/puff-60k-bang-60000-refillable-vape-watermelon-cherry-cherry-coke\\\/#breadcrumb\"},\"inLanguage\":\"fr-FR\",\"potentialAction\":[{\"@type\":\"ReadAction\",\"target\":[\"https:\\\/\\\/vozolvapen.de\\\/product\\\/puff-60k-bang-60000-refillable-vape-watermelon-cherry-cherry-coke\\\/\"]}]},{\"@type\":\"ImageObject\",\"inLanguage\":\"fr-FR\",\"@id\":\"https:\\\/\\\/vozolvapen.de\\\/product\\\/puff-60k-bang-60000-refillable-vape-watermelon-cherry-cherry-coke\\\/#primaryimage\",\"url\":\"https:\\\/\\\/vozolvapen.de\\\/wp-content\\\/uploads\\\/2026\\\/01\\\/Puff-60k-Bang-60000-Refillable-Vape-Watermelon-Cherry-Cherry-Coke.webp\",\"contentUrl\":\"https:\\\/\\\/vozolvapen.de\\\/wp-content\\\/uploads\\\/2026\\\/01\\\/Puff-60k-Bang-60000-Refillable-Vape-Watermelon-Cherry-Cherry-Coke.webp\",\"width\":774,\"height\":1200,\"caption\":\"Puff 60k Bang 60000 Refillable Vape Watermelon Cherry Coke Disposable Device\"},{\"@type\":\"BreadcrumbList\",\"@id\":\"https:\\\/\\\/vozolvapen.de\\\/product\\\/puff-60k-bang-60000-refillable-vape-watermelon-cherry-cherry-coke\\\/#breadcrumb\",\"itemListElement\":[{\"@type\":\"ListItem\",\"position\":1,\"name\":\"Home\",\"item\":\"https:\\\/\\\/vozolvapen.de\\\/de\\\/\"},{\"@type\":\"ListItem\",\"position\":2,\"name\":\"Shop\",\"item\":\"https:\\\/\\\/vozolvapen.de\\\/shop\\\/\"},{\"@type\":\"ListItem\",\"position\":3,\"name\":\"Puff 60k Bang 60000 Refillable Vape &#8211; Watermelon Cherry &#038; Cherry Coke\"}]},{\"@type\":\"WebSite\",\"@id\":\"https:\\\/\\\/vozolvapen.de\\\/#website\",\"url\":\"https:\\\/\\\/vozolvapen.de\\\/\",\"name\":\"vozolvapen\",\"description\":\"vozolvapen\",\"publisher\":{\"@id\":\"https:\\\/\\\/vozolvapen.de\\\/#organization\"},\"potentialAction\":[{\"@type\":\"SearchAction\",\"target\":{\"@type\":\"EntryPoint\",\"urlTemplate\":\"https:\\\/\\\/vozolvapen.de\\\/?s={search_term_string}\"},\"query-input\":{\"@type\":\"PropertyValueSpecification\",\"valueRequired\":true,\"valueName\":\"search_term_string\"}}],\"inLanguage\":\"fr-FR\"},{\"@type\":\"Organization\",\"@id\":\"https:\\\/\\\/vozolvapen.de\\\/#organization\",\"name\":\"vozolvapen\",\"url\":\"https:\\\/\\\/vozolvapen.de\\\/\",\"logo\":{\"@type\":\"ImageObject\",\"inLanguage\":\"fr-FR\",\"@id\":\"https:\\\/\\\/vozolvapen.de\\\/#\\\/schema\\\/logo\\\/image\\\/\",\"url\":\"https:\\\/\\\/vozolvapen.de\\\/wp-content\\\/uploads\\\/2025\\\/12\\\/cropped-vozovapen-logo.webp\",\"contentUrl\":\"https:\\\/\\\/vozolvapen.de\\\/wp-content\\\/uploads\\\/2025\\\/12\\\/cropped-vozovapen-logo.webp\",\"width\":470,\"height\":110,\"caption\":\"vozolvapen\"},\"image\":{\"@id\":\"https:\\\/\\\/vozolvapen.de\\\/#\\\/schema\\\/logo\\\/image\\\/\"}}]}<\/script>\n<!-- \/ Yoast SEO Premium plugin. -->","yoast_head_json":{"title":"Past\u00e8que Cerise &amp; Cerise Coca Bang 60000 | 2-en-1 60k Puffs - vozolvapen","description":"Bang 60000 Watermelon Cherry &amp; Cherry Coke. Faites l'exp\u00e9rience d'un soda p\u00e9tillant et d'un fruit sucr\u00e9 dans un seul appareil \u00e0 60 bouff\u00e9es. Capacit\u00e9 de 36ml. Stock UE.","robots":{"index":"index","follow":"follow","max-snippet":"max-snippet:-1","max-image-preview":"max-image-preview:large","max-video-preview":"max-video-preview:-1"},"canonical":"https:\/\/vozolvapen.de\/fr\/product\/puff-60k-bang-60000-refillable-vape-watermelon-cherry-cherry-coke\/","og_locale":"fr_FR","og_type":"article","og_title":"Puff 60k Bang 60000 Refillable Vape - Watermelon Cherry & Cherry Coke","og_description":"Bang 60000 Watermelon Cherry & Cherry Coke. Experience fizzy soda and sweet fruit in one 60k puff device. 36ml refillable capacity. EU Stock.","og_url":"https:\/\/vozolvapen.de\/fr\/product\/puff-60k-bang-60000-refillable-vape-watermelon-cherry-cherry-coke\/","og_site_name":"vozolvapen","article_modified_time":"2026-04-08T03:07:52+00:00","og_image":[{"width":774,"height":1200,"url":"https:\/\/vozolvapen.de\/wp-content\/uploads\/2026\/01\/Puff-60k-Bang-60000-Refillable-Vape-Watermelon-Cherry-Cherry-Coke.webp","type":"image\/webp"}],"twitter_card":"summary_large_image","twitter_misc":{"Dur\u00e9e de lecture estim\u00e9e":"3 minutes"},"schema":{"@context":"https:\/\/schema.org","@graph":[{"@type":"WebPage","@id":"https:\/\/vozolvapen.de\/product\/puff-60k-bang-60000-refillable-vape-watermelon-cherry-cherry-coke\/","url":"https:\/\/vozolvapen.de\/product\/puff-60k-bang-60000-refillable-vape-watermelon-cherry-cherry-coke\/","name":"Past\u00e8que Cerise &amp; Cerise Coca Bang 60000 | 2-en-1 60k Puffs - vozolvapen","isPartOf":{"@id":"https:\/\/vozolvapen.de\/#website"},"primaryImageOfPage":{"@id":"https:\/\/vozolvapen.de\/product\/puff-60k-bang-60000-refillable-vape-watermelon-cherry-cherry-coke\/#primaryimage"},"image":{"@id":"https:\/\/vozolvapen.de\/product\/puff-60k-bang-60000-refillable-vape-watermelon-cherry-cherry-coke\/#primaryimage"},"thumbnailUrl":"https:\/\/vozolvapen.de\/wp-content\/uploads\/2026\/01\/Puff-60k-Bang-60000-Refillable-Vape-Watermelon-Cherry-Cherry-Coke.webp","datePublished":"2026-01-19T03:57:50+00:00","dateModified":"2026-04-08T03:07:52+00:00","description":"Bang 60000 Watermelon Cherry &amp; Cherry Coke. Faites l'exp\u00e9rience d'un soda p\u00e9tillant et d'un fruit sucr\u00e9 dans un seul appareil \u00e0 60 bouff\u00e9es. Capacit\u00e9 de 36ml. Stock UE.","breadcrumb":{"@id":"https:\/\/vozolvapen.de\/product\/puff-60k-bang-60000-refillable-vape-watermelon-cherry-cherry-coke\/#breadcrumb"},"inLanguage":"fr-FR","potentialAction":[{"@type":"ReadAction","target":["https:\/\/vozolvapen.de\/product\/puff-60k-bang-60000-refillable-vape-watermelon-cherry-cherry-coke\/"]}]},{"@type":"ImageObject","inLanguage":"fr-FR","@id":"https:\/\/vozolvapen.de\/product\/puff-60k-bang-60000-refillable-vape-watermelon-cherry-cherry-coke\/#primaryimage","url":"https:\/\/vozolvapen.de\/wp-content\/uploads\/2026\/01\/Puff-60k-Bang-60000-Refillable-Vape-Watermelon-Cherry-Cherry-Coke.webp","contentUrl":"https:\/\/vozolvapen.de\/wp-content\/uploads\/2026\/01\/Puff-60k-Bang-60000-Refillable-Vape-Watermelon-Cherry-Cherry-Coke.webp","width":774,"height":1200,"caption":"Puff 60k Bang 60000 Refillable Vape Watermelon Cherry Coke Disposable Device"},{"@type":"BreadcrumbList","@id":"https:\/\/vozolvapen.de\/product\/puff-60k-bang-60000-refillable-vape-watermelon-cherry-cherry-coke\/#breadcrumb","itemListElement":[{"@type":"ListItem","position":1,"name":"Home","item":"https:\/\/vozolvapen.de\/de\/"},{"@type":"ListItem","position":2,"name":"Shop","item":"https:\/\/vozolvapen.de\/shop\/"},{"@type":"ListItem","position":3,"name":"Puff 60k Bang 60000 Refillable Vape &#8211; Watermelon Cherry &#038; Cherry Coke"}]},{"@type":"WebSite","@id":"https:\/\/vozolvapen.de\/#website","url":"https:\/\/vozolvapen.de\/","name":"vozolvapen","description":"vozolvapen","publisher":{"@id":"https:\/\/vozolvapen.de\/#organization"},"potentialAction":[{"@type":"SearchAction","target":{"@type":"EntryPoint","urlTemplate":"https:\/\/vozolvapen.de\/?s={search_term_string}"},"query-input":{"@type":"PropertyValueSpecification","valueRequired":true,"valueName":"search_term_string"}}],"inLanguage":"fr-FR"},{"@type":"Organization","@id":"https:\/\/vozolvapen.de\/#organization","name":"vozolvapen","url":"https:\/\/vozolvapen.de\/","logo":{"@type":"ImageObject","inLanguage":"fr-FR","@id":"https:\/\/vozolvapen.de\/#\/schema\/logo\/image\/","url":"https:\/\/vozolvapen.de\/wp-content\/uploads\/2025\/12\/cropped-vozovapen-logo.webp","contentUrl":"https:\/\/vozolvapen.de\/wp-content\/uploads\/2025\/12\/cropped-vozovapen-logo.webp","width":470,"height":110,"caption":"vozolvapen"},"image":{"@id":"https:\/\/vozolvapen.de\/#\/schema\/logo\/image\/"}}]}},"tiered_pricing_type":"fixed","tiered_pricing_fixed_rules":{"30":"12","50":"10","100":"9","200":"8.5"},"tiered_pricing_product_settings":{"layout":"default","base_unit_name":{"singular":null,"plural":null},"default_variation":{}},"tiered_pricing_minimum_quantity":10,"tiered_pricing_roles_data":[],"tiered_pricing_percentage_rules":[],"tiered_pricing_maximum_quantity":null,"tiered_pricing_quantity_step":"10","_links":{"self":[{"href":"https:\/\/vozolvapen.de\/fr\/wp-json\/wp\/v2\/product\/62381","targetHints":{"allow":["GET"]}}],"collection":[{"href":"https:\/\/vozolvapen.de\/fr\/wp-json\/wp\/v2\/product"}],"about":[{"href":"https:\/\/vozolvapen.de\/fr\/wp-json\/wp\/v2\/types\/product"}],"replies":[{"embeddable":true,"href":"https:\/\/vozolvapen.de\/fr\/wp-json\/wp\/v2\/comments?post=62381"}],"wp:featuredmedia":[{"embeddable":true,"href":"https:\/\/vozolvapen.de\/fr\/wp-json\/wp\/v2\/media\/62661"}],"wp:attachment":[{"href":"https:\/\/vozolvapen.de\/fr\/wp-json\/wp\/v2\/media?parent=62381"}],"wp:term":[{"taxonomy":"product_brand","embeddable":true,"href":"https:\/\/vozolvapen.de\/fr\/wp-json\/wp\/v2\/product_brand?post=62381"},{"taxonomy":"product_cat","embeddable":true,"href":"https:\/\/vozolvapen.de\/fr\/wp-json\/wp\/v2\/product_cat?post=62381"},{"taxonomy":"product_tag","embeddable":true,"href":"https:\/\/vozolvapen.de\/fr\/wp-json\/wp\/v2\/product_tag?post=62381"}],"curies":[{"name":"wp","href":"https:\/\/api.w.org\/{rel}","templated":true}]}}