{"id":64455,"date":"2026-01-22T02:51:48","date_gmt":"2026-01-22T02:51:48","guid":{"rendered":"https:\/\/vozolvapen.de\/?post_type=product&#038;p=64455"},"modified":"2026-04-08T03:01:31","modified_gmt":"2026-04-08T03:01:31","slug":"puff-5k-bang-blaze-bc5000-e-cigarette-vape-mixed-fruit","status":"publish","type":"product","link":"https:\/\/vozolvapen.de\/fr\/product\/puff-5k-bang-blaze-bc5000-e-cigarette-vape-mixed-fruit\/","title":{"rendered":"puff 5k Bang Blaze BC5000 E Cigarette Vape - Fruits m\u00e9lang\u00e9s"},"content":{"rendered":"<h1>puff 5k Bang Blaze BC5000 E Cigarette Vape - Fruits m\u00e9lang\u00e9s<\/h1>\n<p data-path-to-node=\"55\">Un carnaval de saveurs ! <b data-path-to-node=\"55\" data-index-in-node=\"22\">M\u00e9lange de fruits<\/b> est destin\u00e9 aux vapoteurs aventureux qui veulent un peu de tout dans leur <b data-path-to-node=\"55\" data-index-in-node=\"102\">puff 5000 tiri<\/b>.<\/p>\n<h2 data-path-to-node=\"56\"><b data-path-to-node=\"56\" data-index-in-node=\"0\">Exp\u00e9rience gustative : Fruits m\u00e9lang\u00e9s<\/b><\/h2>\n<ul data-path-to-node=\"57\">\n<li>\n<p data-path-to-node=\"57,0,0\"><b data-path-to-node=\"57,0,0\" data-index-in-node=\"0\">M\u00e9lange de vergers :<\/b> Notes de pomme et de baies.<\/p>\n<\/li>\n<li>\n<p data-path-to-node=\"57,1,0\"><b data-path-to-node=\"57,1,0\" data-index-in-node=\"0\">Toucher exotique :<\/b> Notes subtiles d'ananas et d'agrumes. Une exp\u00e9rience fruiti\u00e8re \u00e9quilibr\u00e9e et multicolore qui change l\u00e9g\u00e8rement \u00e0 chaque tirage.<\/p>\n<\/li>\n<\/ul>\n<h2>Bang Blaze BC5000 Flavors Rating - Fruits m\u00e9lang\u00e9s<\/h2>\n<table data-path-to-node=\"54\">\n<thead>\n<tr>\n<td><strong>Mesure de la performance<\/strong><\/td>\n<td><strong>Classement \/ D\u00e9tail<\/strong><\/td>\n<\/tr>\n<\/thead>\n<tbody>\n<tr>\n<td><span data-path-to-node=\"54,1,0,0\"><b data-path-to-node=\"54,1,0,0\" data-index-in-node=\"0\">Profil aromatique<\/b><\/span><\/td>\n<td><span data-path-to-node=\"54,1,1,0\">M\u00e9lange de fruits secret<\/span><\/td>\n<\/tr>\n<tr>\n<td><span data-path-to-node=\"54,2,0,0\"><b data-path-to-node=\"54,2,0,0\" data-index-in-node=\"0\">\u00c9quilibre<\/b><\/span><\/td>\n<td><span data-path-to-node=\"54,2,1,0\">\u2605\u2605\u2605\u2605\u2605 (m\u00e9lange sucr\u00e9-sal\u00e9)<\/span><\/td>\n<\/tr>\n<tr>\n<td><span data-path-to-node=\"54,3,0,0\"><b data-path-to-node=\"54,3,0,0\" data-index-in-node=\"0\">Capacit\u00e9<\/b><\/span><\/td>\n<td><span data-path-to-node=\"54,3,1,0\">16mL E-Liquid<\/span><\/td>\n<\/tr>\n<tr>\n<td><span data-path-to-node=\"54,4,0,0\"><b data-path-to-node=\"54,4,0,0\" data-index-in-node=\"0\">Exp\u00e9dition<\/b><\/span><\/td>\n<td><span data-path-to-node=\"54,4,1,0\">Wholesale Ready 10pcs\/pack<\/span><\/td>\n<\/tr>\n<\/tbody>\n<\/table>\n<h2>\u00c0 qui s'adresse cette saveur ?<\/h2>\n<ul>\n<li>\n<p data-path-to-node=\"34,0,0\"><b data-path-to-node=\"34,0,0\" data-index-in-node=\"0\">Le fumeur \u201cind\u00e9cis\u201d :<\/b> Vous n'arrivez pas \u00e0 choisir votre fruit pr\u00e9f\u00e9r\u00e9 ? Ce m\u00e9lange offre un peu de tout.<\/p>\n<\/li>\n<li>\n<p data-path-to-node=\"34,1,0\"><b data-path-to-node=\"34,1,0\" data-index-in-node=\"0\">Amoureux de la surprise :<\/b> Un m\u00e9lange complexe o\u00f9 diff\u00e9rentes notes de fruits prennent le dessus en fonction du niveau de la batterie et de la dur\u00e9e de la bouff\u00e9e.<\/p>\n<\/li>\n<li>\n<p data-path-to-node=\"34,2,0\"><b data-path-to-node=\"34,2,0\" data-index-in-node=\"0\">Acheteurs en gros :<\/b> Un excellent go\u00fbt \u201cneutre\u201d que la plupart des gens appr\u00e9cieront, ce qui en fait un produit id\u00e9al pour les grossistes.<\/p>\n<\/li>\n<\/ul>\n<h2>Bang Blaze BC5000 - Caract\u00e9ristiques techniques - Fruits m\u00e9lang\u00e9s<\/h2>\n<table data-path-to-node=\"34\">\n<thead>\n<tr>\n<td><strong>Fonctionnalit\u00e9<\/strong><\/td>\n<td><strong>D\u00e9tails<\/strong><\/td>\n<\/tr>\n<\/thead>\n<tbody>\n<tr>\n<td><span data-path-to-node=\"34,1,0,0\"><b data-path-to-node=\"34,1,0,0\" data-index-in-node=\"0\">Palette des saveurs<\/b><\/span><\/td>\n<td><span data-path-to-node=\"34,1,1,0\">Verger secret et m\u00e9lange tropical<\/span><\/td>\n<\/tr>\n<tr>\n<td><span data-path-to-node=\"34,2,0,0\"><b data-path-to-node=\"34,2,0,0\" data-index-in-node=\"0\">Gamme Nicotine<\/b><\/span><\/td>\n<td><span data-path-to-node=\"34,2,1,0\">0% - 5% (S\u00e9lection personnalis\u00e9e)<\/span><\/td>\n<\/tr>\n<tr>\n<td><span data-path-to-node=\"34,3,0,0\"><b data-path-to-node=\"34,3,0,0\" data-index-in-node=\"0\">Taille du r\u00e9servoir<\/b><\/span><\/td>\n<td><span data-path-to-node=\"34,3,1,0\">16mL pr\u00e9-rempli<\/span><\/td>\n<\/tr>\n<tr>\n<td><span data-path-to-node=\"34,4,0,0\"><b data-path-to-node=\"34,4,0,0\" data-index-in-node=\"0\">\u00c9valuation des bouff\u00e9es<\/b><\/span><\/td>\n<td><span data-path-to-node=\"34,4,1,0\">5000 Hits (<b data-path-to-node=\"34,4,1,0\" data-index-in-node=\"11\">5k puff<\/b>)<\/span><\/td>\n<\/tr>\n<tr>\n<td><span data-path-to-node=\"34,5,0,0\"><b data-path-to-node=\"34,5,0,0\" data-index-in-node=\"0\">Type d'appareil<\/b><\/span><\/td>\n<td><span data-path-to-node=\"34,5,1,0\"><b data-path-to-node=\"34,5,1,0\" data-index-in-node=\"0\">Kleine e zigarette<\/b><\/span><\/td>\n<\/tr>\n<tr>\n<td><span data-path-to-node=\"34,6,0,0\"><b data-path-to-node=\"34,6,0,0\" data-index-in-node=\"0\">Emballage<\/b><\/span><\/td>\n<td><span data-path-to-node=\"34,6,1,0\">10 pi\u00e8ces\/paquet (Pr\u00eat pour la vente en gros)<\/span><\/td>\n<\/tr>\n<tr>\n<td><span data-path-to-node=\"34,7,0,0\"><b data-path-to-node=\"34,7,0,0\" data-index-in-node=\"0\">Vari\u00e9t\u00e9<\/b><\/span><\/td>\n<td><span data-path-to-node=\"34,7,1,0\">Vapeur multi-fruits tout au long de la journ\u00e9e<\/span><\/td>\n<\/tr>\n<\/tbody>\n<\/table>\n<h3 data-path-to-node=\"64\"><b data-path-to-node=\"64\" data-index-in-node=\"0\">Pourquoi choisir d'acheter chez nous ?<\/b><\/h3>\n<p data-path-to-node=\"65\">Lorsque vous achetez votre <b data-path-to-node=\"65\" data-index-in-node=\"23\">Bang Blaze BC5000<\/b> de notre magasin, vous b\u00e9n\u00e9ficiez<\/p>\n<ul data-path-to-node=\"66\">\n<li>\n<p data-path-to-node=\"66,0,0\"><b data-path-to-node=\"66,0,0\" data-index-in-node=\"0\">100% Produits authentiques :<\/b> Garantie d'authenticit\u00e9 <b data-path-to-node=\"66,0,0\" data-index-in-node=\"44\">Bang Vape<\/b> mat\u00e9riel informatique.<\/p>\n<\/li>\n<li>\n<p data-path-to-node=\"66,1,0\"><b data-path-to-node=\"66,1,0\" data-index-in-node=\"0\">Exp\u00e9dition rapide dans l'UE :<\/b> Livr\u00e9 dans un d\u00e9lai de 1 \u00e0 3 jours ouvrables \u00e0 partir de notre entrep\u00f4t local.<\/p>\n<\/li>\n<li>\n<p data-path-to-node=\"66,2,0\"><b data-path-to-node=\"66,2,0\" data-index-in-node=\"0\">Garantie du meilleur prix :<\/b> Tarifs comp\u00e9titifs pour le commerce de d\u00e9tail et de gros (bo\u00eetes de pr\u00e9sentation de 10 pi\u00e8ces).<\/p>\n<\/li>\n<li>\n<p data-path-to-node=\"66,3,0\"><b data-path-to-node=\"66,3,0\" data-index-in-node=\"0\">Support Premium :<\/b> Notre \u00e9quipe d'experts est l\u00e0 pour vous aider \u00e0 trouver la solution id\u00e9ale. <b data-path-to-node=\"66,3,0\" data-index-in-node=\"75\">puff 5k<\/b> exp\u00e9rience.<\/p>\n<\/li>\n<\/ul>\n<h3 dir=\"auto\">Voici d'autres recommandations pour vous :<\/h3>\n<p dir=\"auto\">D\u00e9couvrez encore plus de saveurs incroyables avec l'E Cigarette Vape 5k Bang Blaze BC5000 !<\/p>\n<p dir=\"auto\"><a href=\"https:\/\/vozolvapen.de\/fr\/product-category\/bang-vape\/puff-20k-bang-leader-20000-bouffees-vape\/\">Voir toutes les vari\u00e9t\u00e9s ici \u2192<\/a><\/p>\n<p dir=\"auto\">D\u00e9couvrez notre collection compl\u00e8te et achetez les meilleures marques de cigarettes \u00e9lectroniques que vous allez adorer.<\/p>\n<p dir=\"auto\"><a href=\"https:\/\/vozolvapen.de\/fr\/\">Parcourir toutes les marques maintenant \u2192<\/a><\/p>\n<p dir=\"auto\">D\u00e9couvrez la gamme compl\u00e8te Bang Vape : toutes les saveurs, tous les styles !<\/p>\n<p dir=\"auto\"><a href=\"https:\/\/vozolvapen.de\/fr\/product-category\/bang-vape\/\">D\u00e9couvrez toute la collection Bang Vape \u2192<\/a><\/p>","protected":false},"excerpt":{"rendered":"<p>Un carnaval de fruits \u00e0 chaque bouff\u00e9e ! Cette bouff\u00e9e <b data-path-to-node=\"23,2,0\" data-index-in-node=\"59\">cigarette electronique simple<\/b> Il se caract\u00e9rise par un m\u00e9lange \u00e9quilibr\u00e9 de fruits du verger et de fruits tropicaux, ce qui lui conf\u00e8re un caract\u00e8re vibrant et multicouche. <b data-path-to-node=\"23,2,0\" data-index-in-node=\"185\">5k puff<\/b> une exp\u00e9rience qui ne se d\u00e9mode jamais.<\/p>","protected":false},"featured_media":64582,"comment_status":"open","ping_status":"closed","template":"","meta":{"_acf_changed":false},"product_brand":[],"product_cat":[121],"product_tag":[],"class_list":{"0":"post-64455","1":"product","2":"type-product","3":"status-publish","4":"has-post-thumbnail","6":"product_cat-puff-5k-bang-blaze-bc5000-e-cigarette","8":"first","9":"instock","10":"shipping-taxable","11":"purchasable","12":"product-type-variable"},"acf":[],"yoast_head":"<!-- This site is optimized with the Yoast SEO Premium plugin v26.1 (Yoast SEO v27.5) - https:\/\/yoast.com\/product\/yoast-seo-premium-wordpress\/ -->\n<title>Mixed Fruit Bang Blaze BC5000 | Multi-Fruit 5000 Puff - vozolvapen<\/title>\n<meta name=\"description\" content=\"Can&#039;t choose? Get the Mixed Fruit Bang BC5000. A carnival of orchard and tropical fruits with 5000 puffs and 16ml liquid. Wholesale ready.\" \/>\n<meta name=\"robots\" content=\"index, follow, max-snippet:-1, max-image-preview:large, max-video-preview:-1\" \/>\n<link rel=\"canonical\" href=\"https:\/\/vozolvapen.de\/fr\/product\/puff-5k-bang-blaze-bc5000-e-cigarette-vape-mixed-fruit\/\" \/>\n<meta property=\"og:locale\" content=\"fr_FR\" \/>\n<meta property=\"og:type\" content=\"article\" \/>\n<meta property=\"og:title\" content=\"puff 5k Bang Blaze BC5000 E Cigarette Vape - Mixed Fruit\" \/>\n<meta property=\"og:description\" content=\"Can&#039;t choose? Get the Mixed Fruit Bang BC5000. A carnival of orchard and tropical fruits with 5000 puffs and 16ml liquid. Wholesale ready.\" \/>\n<meta property=\"og:url\" content=\"https:\/\/vozolvapen.de\/fr\/product\/puff-5k-bang-blaze-bc5000-e-cigarette-vape-mixed-fruit\/\" \/>\n<meta property=\"og:site_name\" content=\"vozolvapen\" \/>\n<meta property=\"article:modified_time\" content=\"2026-04-08T03:01:31+00:00\" \/>\n<meta property=\"og:image\" content=\"https:\/\/vozolvapen.de\/wp-content\/uploads\/2026\/01\/puff-5k-Bang-Blaze-BC5000-E-Cigarette-Vape-Mixed-Fruit.webp\" \/>\n\t<meta property=\"og:image:width\" content=\"1200\" \/>\n\t<meta property=\"og:image:height\" content=\"1200\" \/>\n\t<meta property=\"og:image:type\" content=\"image\/webp\" \/>\n<meta name=\"twitter:card\" content=\"summary_large_image\" \/>\n<meta name=\"twitter:label1\" content=\"Dur\u00e9e de lecture estim\u00e9e\" \/>\n\t<meta name=\"twitter:data1\" content=\"2 minutes\" \/>\n<script type=\"application\/ld+json\" class=\"yoast-schema-graph\">{\"@context\":\"https:\\\/\\\/schema.org\",\"@graph\":[{\"@type\":\"WebPage\",\"@id\":\"https:\\\/\\\/vozolvapen.de\\\/product\\\/puff-5k-bang-blaze-bc5000-e-cigarette-vape-mixed-fruit\\\/\",\"url\":\"https:\\\/\\\/vozolvapen.de\\\/product\\\/puff-5k-bang-blaze-bc5000-e-cigarette-vape-mixed-fruit\\\/\",\"name\":\"Mixed Fruit Bang Blaze BC5000 | Multi-Fruit 5000 Puff - vozolvapen\",\"isPartOf\":{\"@id\":\"https:\\\/\\\/vozolvapen.de\\\/#website\"},\"primaryImageOfPage\":{\"@id\":\"https:\\\/\\\/vozolvapen.de\\\/product\\\/puff-5k-bang-blaze-bc5000-e-cigarette-vape-mixed-fruit\\\/#primaryimage\"},\"image\":{\"@id\":\"https:\\\/\\\/vozolvapen.de\\\/product\\\/puff-5k-bang-blaze-bc5000-e-cigarette-vape-mixed-fruit\\\/#primaryimage\"},\"thumbnailUrl\":\"https:\\\/\\\/vozolvapen.de\\\/wp-content\\\/uploads\\\/2026\\\/01\\\/puff-5k-Bang-Blaze-BC5000-E-Cigarette-Vape-Mixed-Fruit.webp\",\"datePublished\":\"2026-01-22T02:51:48+00:00\",\"dateModified\":\"2026-04-08T03:01:31+00:00\",\"description\":\"Can't choose? Get the Mixed Fruit Bang BC5000. A carnival of orchard and tropical fruits with 5000 puffs and 16ml liquid. Wholesale ready.\",\"breadcrumb\":{\"@id\":\"https:\\\/\\\/vozolvapen.de\\\/product\\\/puff-5k-bang-blaze-bc5000-e-cigarette-vape-mixed-fruit\\\/#breadcrumb\"},\"inLanguage\":\"fr-FR\",\"potentialAction\":[{\"@type\":\"ReadAction\",\"target\":[\"https:\\\/\\\/vozolvapen.de\\\/product\\\/puff-5k-bang-blaze-bc5000-e-cigarette-vape-mixed-fruit\\\/\"]}]},{\"@type\":\"ImageObject\",\"inLanguage\":\"fr-FR\",\"@id\":\"https:\\\/\\\/vozolvapen.de\\\/product\\\/puff-5k-bang-blaze-bc5000-e-cigarette-vape-mixed-fruit\\\/#primaryimage\",\"url\":\"https:\\\/\\\/vozolvapen.de\\\/wp-content\\\/uploads\\\/2026\\\/01\\\/puff-5k-Bang-Blaze-BC5000-E-Cigarette-Vape-Mixed-Fruit.webp\",\"contentUrl\":\"https:\\\/\\\/vozolvapen.de\\\/wp-content\\\/uploads\\\/2026\\\/01\\\/puff-5k-Bang-Blaze-BC5000-E-Cigarette-Vape-Mixed-Fruit.webp\",\"width\":1200,\"height\":1200,\"caption\":\"Puff 5k Bang Blaze Bc5000 E Cigarette Vape Mixed Fruit Disposable Device\"},{\"@type\":\"BreadcrumbList\",\"@id\":\"https:\\\/\\\/vozolvapen.de\\\/product\\\/puff-5k-bang-blaze-bc5000-e-cigarette-vape-mixed-fruit\\\/#breadcrumb\",\"itemListElement\":[{\"@type\":\"ListItem\",\"position\":1,\"name\":\"Home\",\"item\":\"https:\\\/\\\/vozolvapen.de\\\/de\\\/\"},{\"@type\":\"ListItem\",\"position\":2,\"name\":\"Shop\",\"item\":\"https:\\\/\\\/vozolvapen.de\\\/shop\\\/\"},{\"@type\":\"ListItem\",\"position\":3,\"name\":\"puff 5k Bang Blaze BC5000 E Cigarette Vape &#8211; Mixed Fruit\"}]},{\"@type\":\"WebSite\",\"@id\":\"https:\\\/\\\/vozolvapen.de\\\/#website\",\"url\":\"https:\\\/\\\/vozolvapen.de\\\/\",\"name\":\"vozolvapen\",\"description\":\"vozolvapen\",\"publisher\":{\"@id\":\"https:\\\/\\\/vozolvapen.de\\\/#organization\"},\"potentialAction\":[{\"@type\":\"SearchAction\",\"target\":{\"@type\":\"EntryPoint\",\"urlTemplate\":\"https:\\\/\\\/vozolvapen.de\\\/?s={search_term_string}\"},\"query-input\":{\"@type\":\"PropertyValueSpecification\",\"valueRequired\":true,\"valueName\":\"search_term_string\"}}],\"inLanguage\":\"fr-FR\"},{\"@type\":\"Organization\",\"@id\":\"https:\\\/\\\/vozolvapen.de\\\/#organization\",\"name\":\"vozolvapen\",\"url\":\"https:\\\/\\\/vozolvapen.de\\\/\",\"logo\":{\"@type\":\"ImageObject\",\"inLanguage\":\"fr-FR\",\"@id\":\"https:\\\/\\\/vozolvapen.de\\\/#\\\/schema\\\/logo\\\/image\\\/\",\"url\":\"https:\\\/\\\/vozolvapen.de\\\/wp-content\\\/uploads\\\/2025\\\/12\\\/cropped-vozovapen-logo.webp\",\"contentUrl\":\"https:\\\/\\\/vozolvapen.de\\\/wp-content\\\/uploads\\\/2025\\\/12\\\/cropped-vozovapen-logo.webp\",\"width\":470,\"height\":110,\"caption\":\"vozolvapen\"},\"image\":{\"@id\":\"https:\\\/\\\/vozolvapen.de\\\/#\\\/schema\\\/logo\\\/image\\\/\"}}]}<\/script>\n<!-- \/ Yoast SEO Premium plugin. -->","yoast_head_json":{"title":"Mixed Fruit Bang Blaze BC5000 | Multi-Fruit 5000 Puff - vozolvapen","description":"Vous n'arrivez pas \u00e0 choisir ? Optez pour le Mixed Fruit Bang BC5000. Un carnaval de fruits du verger et de fruits tropicaux avec 5000 bouff\u00e9es et 16ml de liquide. Pr\u00eat pour la vente en gros.","robots":{"index":"index","follow":"follow","max-snippet":"max-snippet:-1","max-image-preview":"max-image-preview:large","max-video-preview":"max-video-preview:-1"},"canonical":"https:\/\/vozolvapen.de\/fr\/product\/puff-5k-bang-blaze-bc5000-e-cigarette-vape-mixed-fruit\/","og_locale":"fr_FR","og_type":"article","og_title":"puff 5k Bang Blaze BC5000 E Cigarette Vape - Mixed Fruit","og_description":"Can't choose? Get the Mixed Fruit Bang BC5000. A carnival of orchard and tropical fruits with 5000 puffs and 16ml liquid. Wholesale ready.","og_url":"https:\/\/vozolvapen.de\/fr\/product\/puff-5k-bang-blaze-bc5000-e-cigarette-vape-mixed-fruit\/","og_site_name":"vozolvapen","article_modified_time":"2026-04-08T03:01:31+00:00","og_image":[{"width":1200,"height":1200,"url":"https:\/\/vozolvapen.de\/wp-content\/uploads\/2026\/01\/puff-5k-Bang-Blaze-BC5000-E-Cigarette-Vape-Mixed-Fruit.webp","type":"image\/webp"}],"twitter_card":"summary_large_image","twitter_misc":{"Dur\u00e9e de lecture estim\u00e9e":"2 minutes"},"schema":{"@context":"https:\/\/schema.org","@graph":[{"@type":"WebPage","@id":"https:\/\/vozolvapen.de\/product\/puff-5k-bang-blaze-bc5000-e-cigarette-vape-mixed-fruit\/","url":"https:\/\/vozolvapen.de\/product\/puff-5k-bang-blaze-bc5000-e-cigarette-vape-mixed-fruit\/","name":"Mixed Fruit Bang Blaze BC5000 | Multi-Fruit 5000 Puff - vozolvapen","isPartOf":{"@id":"https:\/\/vozolvapen.de\/#website"},"primaryImageOfPage":{"@id":"https:\/\/vozolvapen.de\/product\/puff-5k-bang-blaze-bc5000-e-cigarette-vape-mixed-fruit\/#primaryimage"},"image":{"@id":"https:\/\/vozolvapen.de\/product\/puff-5k-bang-blaze-bc5000-e-cigarette-vape-mixed-fruit\/#primaryimage"},"thumbnailUrl":"https:\/\/vozolvapen.de\/wp-content\/uploads\/2026\/01\/puff-5k-Bang-Blaze-BC5000-E-Cigarette-Vape-Mixed-Fruit.webp","datePublished":"2026-01-22T02:51:48+00:00","dateModified":"2026-04-08T03:01:31+00:00","description":"Vous n'arrivez pas \u00e0 choisir ? Optez pour le Mixed Fruit Bang BC5000. Un carnaval de fruits du verger et de fruits tropicaux avec 5000 bouff\u00e9es et 16ml de liquide. Pr\u00eat pour la vente en gros.","breadcrumb":{"@id":"https:\/\/vozolvapen.de\/product\/puff-5k-bang-blaze-bc5000-e-cigarette-vape-mixed-fruit\/#breadcrumb"},"inLanguage":"fr-FR","potentialAction":[{"@type":"ReadAction","target":["https:\/\/vozolvapen.de\/product\/puff-5k-bang-blaze-bc5000-e-cigarette-vape-mixed-fruit\/"]}]},{"@type":"ImageObject","inLanguage":"fr-FR","@id":"https:\/\/vozolvapen.de\/product\/puff-5k-bang-blaze-bc5000-e-cigarette-vape-mixed-fruit\/#primaryimage","url":"https:\/\/vozolvapen.de\/wp-content\/uploads\/2026\/01\/puff-5k-Bang-Blaze-BC5000-E-Cigarette-Vape-Mixed-Fruit.webp","contentUrl":"https:\/\/vozolvapen.de\/wp-content\/uploads\/2026\/01\/puff-5k-Bang-Blaze-BC5000-E-Cigarette-Vape-Mixed-Fruit.webp","width":1200,"height":1200,"caption":"Puff 5k Bang Blaze Bc5000 E Cigarette Vape Mixed Fruit Disposable Device"},{"@type":"BreadcrumbList","@id":"https:\/\/vozolvapen.de\/product\/puff-5k-bang-blaze-bc5000-e-cigarette-vape-mixed-fruit\/#breadcrumb","itemListElement":[{"@type":"ListItem","position":1,"name":"Home","item":"https:\/\/vozolvapen.de\/de\/"},{"@type":"ListItem","position":2,"name":"Shop","item":"https:\/\/vozolvapen.de\/shop\/"},{"@type":"ListItem","position":3,"name":"puff 5k Bang Blaze BC5000 E Cigarette Vape &#8211; Mixed Fruit"}]},{"@type":"WebSite","@id":"https:\/\/vozolvapen.de\/#website","url":"https:\/\/vozolvapen.de\/","name":"vozolvapen","description":"vozolvapen","publisher":{"@id":"https:\/\/vozolvapen.de\/#organization"},"potentialAction":[{"@type":"SearchAction","target":{"@type":"EntryPoint","urlTemplate":"https:\/\/vozolvapen.de\/?s={search_term_string}"},"query-input":{"@type":"PropertyValueSpecification","valueRequired":true,"valueName":"search_term_string"}}],"inLanguage":"fr-FR"},{"@type":"Organization","@id":"https:\/\/vozolvapen.de\/#organization","name":"vozolvapen","url":"https:\/\/vozolvapen.de\/","logo":{"@type":"ImageObject","inLanguage":"fr-FR","@id":"https:\/\/vozolvapen.de\/#\/schema\/logo\/image\/","url":"https:\/\/vozolvapen.de\/wp-content\/uploads\/2025\/12\/cropped-vozovapen-logo.webp","contentUrl":"https:\/\/vozolvapen.de\/wp-content\/uploads\/2025\/12\/cropped-vozovapen-logo.webp","width":470,"height":110,"caption":"vozolvapen"},"image":{"@id":"https:\/\/vozolvapen.de\/#\/schema\/logo\/image\/"}}]}},"tiered_pricing_type":"fixed","tiered_pricing_fixed_rules":{"30":"6.71","50":"4.71","100":"4.3","200":"3.9"},"tiered_pricing_product_settings":{"layout":"default","base_unit_name":{"singular":null,"plural":null},"default_variation":{}},"tiered_pricing_minimum_quantity":10,"tiered_pricing_roles_data":[],"tiered_pricing_percentage_rules":[],"tiered_pricing_maximum_quantity":null,"tiered_pricing_quantity_step":"10","_links":{"self":[{"href":"https:\/\/vozolvapen.de\/fr\/wp-json\/wp\/v2\/product\/64455","targetHints":{"allow":["GET"]}}],"collection":[{"href":"https:\/\/vozolvapen.de\/fr\/wp-json\/wp\/v2\/product"}],"about":[{"href":"https:\/\/vozolvapen.de\/fr\/wp-json\/wp\/v2\/types\/product"}],"replies":[{"embeddable":true,"href":"https:\/\/vozolvapen.de\/fr\/wp-json\/wp\/v2\/comments?post=64455"}],"wp:featuredmedia":[{"embeddable":true,"href":"https:\/\/vozolvapen.de\/fr\/wp-json\/wp\/v2\/media\/64582"}],"wp:attachment":[{"href":"https:\/\/vozolvapen.de\/fr\/wp-json\/wp\/v2\/media?parent=64455"}],"wp:term":[{"taxonomy":"product_brand","embeddable":true,"href":"https:\/\/vozolvapen.de\/fr\/wp-json\/wp\/v2\/product_brand?post=64455"},{"taxonomy":"product_cat","embeddable":true,"href":"https:\/\/vozolvapen.de\/fr\/wp-json\/wp\/v2\/product_cat?post=64455"},{"taxonomy":"product_tag","embeddable":true,"href":"https:\/\/vozolvapen.de\/fr\/wp-json\/wp\/v2\/product_tag?post=64455"}],"curies":[{"name":"wp","href":"https:\/\/api.w.org\/{rel}","templated":true}]}}