{"id":66550,"date":"2026-02-03T08:14:53","date_gmt":"2026-02-03T08:14:53","guid":{"rendered":"https:\/\/vozolvapen.de\/?post_type=product&#038;p=66550"},"modified":"2026-02-26T08:41:52","modified_gmt":"2026-02-26T08:41:52","slug":"vozol-rave-40000-40k-puffs-disposable-vape-party-mode-eu-warehouse-wholesale","status":"publish","type":"product","link":"https:\/\/vozolvapen.de\/fr\/product\/vozol-rave-40000-40k-puffs-disposable-vape-party-mode-eu-warehouse-wholesale\/","title":{"rendered":"VOZOL RAVE 40000 40k Puffs Disposable Vape | Party Mode | EU Warehouse Wholesale"},"content":{"rendered":"<h1 style=\"text-align: center;\">VOZOL RAVE 40000 Puffs Vape jetable<\/h1>\n<p>D\u00e9couvrez la fusion de la saveur haute fid\u00e9lit\u00e9 et de la technologie futuriste avec le <b data-path-to-node=\"1\" data-index-in-node=\"75\">Vozol Rave 40000<\/b>. Con\u00e7u pour ceux qui souhaitent que leur <b data-path-to-node=\"1\" data-index-in-node=\"127\">vozol vape<\/b> pour \u00eatre aussi performant qu'il joue, le <b data-path-to-node=\"1\" data-index-in-node=\"174\">Vozol Rave 40k<\/b> d\u00e9livre jusqu'\u00e0 40 000 bouff\u00e9es envelopp\u00e9es d'une lueur vibrante de 270\u00b0 qui bat au rythme de votre tirage.<\/p>\n<h2 data-path-to-node=\"3\">Param\u00e8tres de base et performances<\/h2>\n<table data-path-to-node=\"4\">\n<thead>\n<tr>\n<td><strong>Objet<\/strong><\/td>\n<td><strong>D\u00e9tails<\/strong><\/td>\n<\/tr>\n<\/thead>\n<tbody>\n<tr>\n<td><span data-path-to-node=\"4,1,0,0\"><b data-path-to-node=\"4,1,0,0\" data-index-in-node=\"0\">Mod\u00e8le<\/b><\/span><\/td>\n<td><span data-path-to-node=\"4,1,1,0\">VOZOL RAVE 40000<\/span><\/td>\n<\/tr>\n<tr>\n<td><span data-path-to-node=\"4,2,0,0\"><b data-path-to-node=\"4,2,0,0\" data-index-in-node=\"0\">Capacit\u00e9 de soufflage<\/b><\/span><\/td>\n<td><span data-path-to-node=\"4,2,1,0\">Jusqu'\u00e0 40000 Puffs<\/span><\/td>\n<\/tr>\n<tr>\n<td><span data-path-to-node=\"4,3,0,0\"><b data-path-to-node=\"4,3,0,0\" data-index-in-node=\"0\">Batterie<\/b><\/span><\/td>\n<td><span data-path-to-node=\"4,3,1,0\">1000mAh (80% Charge en 20 minutes)<\/span><\/td>\n<\/tr>\n<tr>\n<td><span data-path-to-node=\"4,4,0,0\"><b data-path-to-node=\"4,4,0,0\" data-index-in-node=\"0\">Volume d'e-liquide<\/b><\/span><\/td>\n<td><span data-path-to-node=\"4,4,1,0\">20 ml pr\u00e9rempli<\/span><\/td>\n<\/tr>\n<tr>\n<td><span data-path-to-node=\"4,5,0,0\"><b data-path-to-node=\"4,5,0,0\" data-index-in-node=\"0\">Technologie des bobines<\/b><\/span><\/td>\n<td><span data-path-to-node=\"4,5,1,0\">1.2\u03a9 Maillage de haute pr\u00e9cision<\/span><\/td>\n<\/tr>\n<tr>\n<td><span data-path-to-node=\"4,6,0,0\"><b data-path-to-node=\"4,6,0,0\" data-index-in-node=\"0\">Teneur en nicotine<\/b><\/span><\/td>\n<td><span data-path-to-node=\"4,6,1,0\">5% (50 mg\/mL)<\/span><\/td>\n<\/tr>\n<tr>\n<td><span data-path-to-node=\"4,7,0,0\"><b data-path-to-node=\"4,7,0,0\" data-index-in-node=\"0\">Visuels<\/b><\/span><\/td>\n<td><span data-path-to-node=\"4,7,1,0\">Animation de vapotage 270\u00b0 Glow &amp; Eclipse<\/span><\/td>\n<\/tr>\n<tr>\n<td><span data-path-to-node=\"4,8,0,0\"><b data-path-to-node=\"4,8,0,0\" data-index-in-node=\"0\">Exp\u00e9dition<\/b><\/span><\/td>\n<td><span data-path-to-node=\"4,8,1,0\"><b data-path-to-node=\"4,8,1,0\" data-index-in-node=\"0\">Entrep\u00f4t de l'UE (1-3 jours de livraison)<\/b><\/span><\/td>\n<\/tr>\n<\/tbody>\n<\/table>\n<h2 data-path-to-node=\"6\">VOZOL RAVE 40000 Voyage sensoriel des saveurs : La Collection<\/h2>\n<p data-path-to-node=\"7\">Le <b data-path-to-node=\"7\" data-index-in-node=\"4\">Vozol 40000<\/b> est un cours magistral de \u201cmixologie\u201d des fruits. Au lieu d'une douceur plate, attendez-vous \u00e0 un voyage \u00e0 plusieurs niveaux, de la premi\u00e8re inhalation \u00e0 l'arri\u00e8re-go\u00fbt persistant.<\/p>\n<p data-path-to-node=\"7\">1. Glace au razz bleu<br \/>\n2. Glace \u00e0 la myrtille<br \/>\n3. Myrtille et past\u00e8que<br \/>\n4. Cerise Fraise<br \/>\n5. Menthe fra\u00eeche<br \/>\n6. Double pomme<br \/>\n7. Glace au raisin<br \/>\n8. Amour 777<br \/>\n9. Glace \u00e0 la mangue<br \/>\n10. Mangue-P\u00eache<br \/>\n11. Glace \u00e0 la p\u00eache<br \/>\n12. Limonade \u00e0 la p\u00eache et \u00e0 la framboise<br \/>\n13. Glace \u00e0 la fraise<br \/>\n14. Fraise-kiwi<br \/>\n15. Fraise-mangue<br \/>\n16. Fraise-past\u00e8que<br \/>\n17. P\u00eache melon<br \/>\n18. Bubble-gum \u00e0 la past\u00e8que<br \/>\n19. Glace \u00e0 la past\u00e8que<br \/>\n20. Rancher \u00e0 la past\u00e8que et au razz<\/p>\n<h2 data-path-to-node=\"10\">Pourquoi le Vozol Rave 40000 surpasse-t-il la concurrence ?<\/h2>\n<p data-path-to-node=\"11\">Il ne s'agit pas d'un simple appareil de plus, mais d'un saut technologique dans le domaine de la sant\u00e9. <b data-path-to-node=\"11\" data-index-in-node=\"75\">vozol 40000<\/b> s\u00e9rie.<\/p>\n<ul data-path-to-node=\"12\">\n<li>\n<p data-path-to-node=\"12,0,0\"><b data-path-to-node=\"12,0,0\" data-index-in-node=\"0\">Mode 270\u00b0 Vibrant Glow &amp; Beat-Synced :<\/b> Votre appareil n'est pas seulement un outil, c'est une ambiance. Les LED r\u00e9agissent \u00e0 votre rythme de vapotage, ce qui en fait l'accessoire de f\u00eate par excellence.<\/p>\n<\/li>\n<li>\n<p data-path-to-node=\"12,1,0\"><b data-path-to-node=\"12,1,0\" data-index-in-node=\"0\">Chargement rapide (Lightning Fast Charging) :<\/b> Oubliez l'attente. Avec sa batterie de 1000mAh qui frappe <b data-path-to-node=\"12,1,0\" data-index-in-node=\"74\">80% se charge en 20 minutes seulement<\/b>, Vous passez ainsi plus de temps \u00e0 vaper et moins de temps \u00e0 vous attacher \u00e0 un c\u00e2ble.<\/p>\n<\/li>\n<li>\n<p data-path-to-node=\"12,2,0\"><b data-path-to-node=\"12,2,0\" data-index-in-node=\"0\">Animation Eclipse Vaping :<\/b> Une interface num\u00e9rique \u00e9tonnante qui donne l'impression de regarder une smartwatch haut de gamme en v\u00e9rifiant les niveaux de batterie et d'\u00e9nergie.<\/p>\n<\/li>\n<li>\n<p data-path-to-node=\"12,3,0\"><b data-path-to-node=\"12,3,0\" data-index-in-node=\"0\">Maillage coh\u00e9rent de 1,2\u03a9 :<\/b> Alors que d'autres s'effacent, le <b data-path-to-node=\"12,3,0\" data-index-in-node=\"45\">Vozol Rave<\/b> conserve l'int\u00e9grit\u00e9 des saveurs de la premi\u00e8re \u00e0 la 40 000e bouff\u00e9e.<\/p>\n<\/li>\n<\/ul>\n<h2 data-path-to-node=\"14\">Commerce de gros et B2B : Augmentez vos profits<\/h2>\n<p data-path-to-node=\"15\">Le <b data-path-to-node=\"15\" data-index-in-node=\"4\">Vozol 40000 bouff\u00e9es<\/b> est un mod\u00e8le \u00e0 forte marge pour les d\u00e9taillants et les grossistes.<\/p>\n<ul data-path-to-node=\"16\">\n<li>\n<p data-path-to-node=\"16,0,0\"><b data-path-to-node=\"16,0,0\" data-index-in-node=\"0\">Appel \u00e0 l'\u00e9tag\u00e8re :<\/b> L'\u00e9clat \u00e0 270\u00b0 et l'iconographie \u201cMonkey\u201d attirent l'attention dans n'importe quelle vitrine.<\/p>\n<\/li>\n<li>\n<p data-path-to-node=\"16,1,0\"><b data-path-to-node=\"16,1,0\" data-index-in-node=\"0\">Avantage logistique :<\/b> Exp\u00e9di\u00e9 depuis notre <b data-path-to-node=\"16,1,0\" data-index-in-node=\"38\">entrep\u00f4t europ\u00e9en<\/b>, Nous garantissons un d\u00e9lai d'ex\u00e9cution de 1 \u00e0 3 jours, ce qui vous permet de vous r\u00e9approvisionner plus rapidement et d'\u00e9liminer les pertes de revenus li\u00e9es aux ruptures de stock.<\/p>\n<\/li>\n<li>\n<p data-path-to-node=\"16,2,0\"><b data-path-to-node=\"16,2,0\" data-index-in-node=\"0\">Pr\u00eat pour la vente en gros :<\/b> Emball\u00e9 dans des bo\u00eetes de pr\u00e9sentation de 10 pi\u00e8ces, parfaitement pes\u00e9es \u00e0 113g\/pcs pour une exp\u00e9dition efficace.<\/p>\n<\/li>\n<\/ul>\n<h2 data-path-to-node=\"18\">Foire aux questions (FAQ)<\/h2>\n<h3 data-path-to-node=\"19\"><b data-path-to-node=\"19\" data-index-in-node=\"0\">Q : Le \u201cmode f\u00eate\u201d \u00e9puise-t-il la batterie trop rapidement ?<\/b><\/h3>\n<p data-path-to-node=\"19\"><b data-path-to-node=\"19\" data-index-in-node=\"53\">A :<\/b> Pas du tout. La batterie de 1000mAh est optimis\u00e9e pour g\u00e9rer \u00e0 la fois les LED et le coil. M\u00eame si vous l'utilisez beaucoup, la charge rapide de 20 minutes vous permet de reprendre l'action instantan\u00e9ment.<\/p>\n<h3 data-path-to-node=\"20\"><b data-path-to-node=\"20\" data-index-in-node=\"0\">Q : Comment la saveur se maintient-elle avec un nombre de bouff\u00e9es aussi \u00e9lev\u00e9 ?<\/b><\/h3>\n<p data-path-to-node=\"20\"><b data-path-to-node=\"20\" data-index-in-node=\"58\">A :<\/b> Le <b data-path-to-node=\"20\" data-index-in-node=\"65\">Vozol Rave<\/b> utilise une bobine de r\u00e9sistance de 1,2\u03a9 sp\u00e9cifiquement r\u00e9gl\u00e9e pour la stabilit\u00e9 thermique, \u00e9vitant ainsi le \u201cgo\u00fbt de br\u00fbl\u00e9\u201d lorsque le r\u00e9servoir de 20 ml devient faible.<\/p>\n<h3 data-path-to-node=\"21\"><b data-path-to-node=\"21\" data-index-in-node=\"0\">Q : L'effet de la nicotine est-il doux ou dur ?<\/b><\/h3>\n<p data-path-to-node=\"21\"><b data-path-to-node=\"21\" data-index-in-node=\"40\">A :<\/b> Avec 5%, il fournit un hit satisfaisant et puissant, mais la bobine de haute pr\u00e9cision garantit une vapeur soyeuse plut\u00f4t qu'irritante pour la gorge.<\/p>","protected":false},"excerpt":{"rendered":"<ul>\n<li data-path-to-node=\"10,0,0\"><b data-path-to-node=\"10,0,0\" data-index-in-node=\"0\">Long\u00e9vit\u00e9 :<\/b> 40 000 bouff\u00e9es \u00e0 partir de 20 ml d'e-liquide de qualit\u00e9 sup\u00e9rieure.<\/li>\n<li data-path-to-node=\"10,1,0\"><b data-path-to-node=\"10,1,0\" data-index-in-node=\"0\">Tech :<\/b> Mode f\u00eate rythm\u00e9 et charge \u00e9clair de 20 minutes.<\/li>\n<li data-path-to-node=\"10,2,0\"><b data-path-to-node=\"10,2,0\" data-index-in-node=\"0\">Pr\u00e9cision :<\/b> Bobine en maille de 1,2\u03a9 pour une saveur douce et de haute fid\u00e9lit\u00e9.<\/li>\n<li data-path-to-node=\"10,3,0\"><b data-path-to-node=\"10,3,0\" data-index-in-node=\"0\">Logistique :<\/b> <b data-path-to-node=\"10,3,0\" data-index-in-node=\"11\">Entrep\u00f4t de l'UE - Livr\u00e9 en 1-3 jours.<\/b><\/li>\n<\/ul>","protected":false},"featured_media":66263,"comment_status":"open","ping_status":"closed","template":"","meta":{"_acf_changed":false},"product_brand":[],"product_cat":[134,52],"product_tag":[],"class_list":{"0":"post-66550","1":"product","2":"type-product","3":"status-publish","4":"has-post-thumbnail","6":"product_cat-eu-warehouse-in-stock","7":"product_cat-vozol-vape","9":"first","10":"instock","11":"shipping-taxable","12":"purchasable","13":"product-type-variable"},"acf":[],"yoast_head":"<!-- This site is optimized with the Yoast SEO Premium plugin v26.1 (Yoast SEO v27.5) - https:\/\/yoast.com\/product\/yoast-seo-premium-wordpress\/ -->\n<title>VOZOL RAVE 40000 Puffs | 270\u00b0 Glow Party Mode | Vozol Rave 40kVOZOL RAVE 40000 40k Puffs Disposable Vape | Party Mode | EU Warehouse Wholesale - vozolvapen<\/title>\n<meta name=\"description\" content=\"Level up with VOZOL RAVE 40000. Featuring 40k puffs, a 270\u00b0 vibrant glow, and 80% charge in just 20 mins. Premium flavor meets party tech. Fast 1-3 day EU shipping!\" \/>\n<meta name=\"robots\" content=\"index, follow, max-snippet:-1, max-image-preview:large, max-video-preview:-1\" \/>\n<link rel=\"canonical\" href=\"https:\/\/vozolvapen.de\/fr\/product\/vozol-rave-40000-40k-puffs-disposable-vape-party-mode-eu-warehouse-wholesale\/\" \/>\n<meta property=\"og:locale\" content=\"fr_FR\" \/>\n<meta property=\"og:type\" content=\"article\" \/>\n<meta property=\"og:title\" content=\"VOZOL RAVE 40000 40k Puffs Disposable Vape | Party Mode | EU Warehouse Wholesale\" \/>\n<meta property=\"og:description\" content=\"Level up with VOZOL RAVE 40000. Featuring 40k puffs, a 270\u00b0 vibrant glow, and 80% charge in just 20 mins. Premium flavor meets party tech. Fast 1-3 day EU shipping!\" \/>\n<meta property=\"og:url\" content=\"https:\/\/vozolvapen.de\/fr\/product\/vozol-rave-40000-40k-puffs-disposable-vape-party-mode-eu-warehouse-wholesale\/\" \/>\n<meta property=\"og:site_name\" content=\"vozolvapen\" \/>\n<meta property=\"article:modified_time\" content=\"2026-02-26T08:41:52+00:00\" \/>\n<meta property=\"og:image\" content=\"https:\/\/vozolvapen.de\/wp-content\/uploads\/2026\/01\/VOZOL-RAVE-40000-Blue-Razz-Ice-2.webp\" \/>\n\t<meta property=\"og:image:width\" content=\"1200\" \/>\n\t<meta property=\"og:image:height\" content=\"1200\" \/>\n\t<meta property=\"og:image:type\" content=\"image\/webp\" \/>\n<meta name=\"twitter:card\" content=\"summary_large_image\" \/>\n<meta name=\"twitter:label1\" content=\"Dur\u00e9e de lecture estim\u00e9e\" \/>\n\t<meta name=\"twitter:data1\" content=\"3 minutes\" \/>\n<script type=\"application\/ld+json\" class=\"yoast-schema-graph\">{\"@context\":\"https:\\\/\\\/schema.org\",\"@graph\":[{\"@type\":\"WebPage\",\"@id\":\"https:\\\/\\\/vozolvapen.de\\\/product\\\/vozol-rave-40000-40k-puffs-disposable-vape-party-mode-eu-warehouse-wholesale\\\/\",\"url\":\"https:\\\/\\\/vozolvapen.de\\\/product\\\/vozol-rave-40000-40k-puffs-disposable-vape-party-mode-eu-warehouse-wholesale\\\/\",\"name\":\"VOZOL RAVE 40000 Puffs | 270\u00b0 Glow Party Mode | Vozol Rave 40kVOZOL RAVE 40000 40k Puffs Disposable Vape | Party Mode | EU Warehouse Wholesale - vozolvapen\",\"isPartOf\":{\"@id\":\"https:\\\/\\\/vozolvapen.de\\\/#website\"},\"primaryImageOfPage\":{\"@id\":\"https:\\\/\\\/vozolvapen.de\\\/product\\\/vozol-rave-40000-40k-puffs-disposable-vape-party-mode-eu-warehouse-wholesale\\\/#primaryimage\"},\"image\":{\"@id\":\"https:\\\/\\\/vozolvapen.de\\\/product\\\/vozol-rave-40000-40k-puffs-disposable-vape-party-mode-eu-warehouse-wholesale\\\/#primaryimage\"},\"thumbnailUrl\":\"https:\\\/\\\/vozolvapen.de\\\/wp-content\\\/uploads\\\/2026\\\/01\\\/VOZOL-RAVE-40000-Blue-Razz-Ice-2.webp\",\"datePublished\":\"2026-02-03T08:14:53+00:00\",\"dateModified\":\"2026-02-26T08:41:52+00:00\",\"description\":\"Level up with VOZOL RAVE 40000. Featuring 40k puffs, a 270\u00b0 vibrant glow, and 80% charge in just 20 mins. Premium flavor meets party tech. Fast 1-3 day EU shipping!\",\"breadcrumb\":{\"@id\":\"https:\\\/\\\/vozolvapen.de\\\/product\\\/vozol-rave-40000-40k-puffs-disposable-vape-party-mode-eu-warehouse-wholesale\\\/#breadcrumb\"},\"inLanguage\":\"fr-FR\",\"potentialAction\":[{\"@type\":\"ReadAction\",\"target\":[\"https:\\\/\\\/vozolvapen.de\\\/product\\\/vozol-rave-40000-40k-puffs-disposable-vape-party-mode-eu-warehouse-wholesale\\\/\"]}]},{\"@type\":\"ImageObject\",\"inLanguage\":\"fr-FR\",\"@id\":\"https:\\\/\\\/vozolvapen.de\\\/product\\\/vozol-rave-40000-40k-puffs-disposable-vape-party-mode-eu-warehouse-wholesale\\\/#primaryimage\",\"url\":\"https:\\\/\\\/vozolvapen.de\\\/wp-content\\\/uploads\\\/2026\\\/01\\\/VOZOL-RAVE-40000-Blue-Razz-Ice-2.webp\",\"contentUrl\":\"https:\\\/\\\/vozolvapen.de\\\/wp-content\\\/uploads\\\/2026\\\/01\\\/VOZOL-RAVE-40000-Blue-Razz-Ice-2.webp\",\"width\":1200,\"height\":1200,\"caption\":\"Vozol Rave 40000 Blue Razz Ice 2 Disposable Vape Device\"},{\"@type\":\"BreadcrumbList\",\"@id\":\"https:\\\/\\\/vozolvapen.de\\\/product\\\/vozol-rave-40000-40k-puffs-disposable-vape-party-mode-eu-warehouse-wholesale\\\/#breadcrumb\",\"itemListElement\":[{\"@type\":\"ListItem\",\"position\":1,\"name\":\"Home\",\"item\":\"https:\\\/\\\/vozolvapen.de\\\/de\\\/\"},{\"@type\":\"ListItem\",\"position\":2,\"name\":\"Shop\",\"item\":\"https:\\\/\\\/vozolvapen.de\\\/shop\\\/\"},{\"@type\":\"ListItem\",\"position\":3,\"name\":\"VOZOL RAVE 40000 40k Puffs Disposable Vape | Party Mode | EU Warehouse Wholesale\"}]},{\"@type\":\"WebSite\",\"@id\":\"https:\\\/\\\/vozolvapen.de\\\/#website\",\"url\":\"https:\\\/\\\/vozolvapen.de\\\/\",\"name\":\"vozolvapen\",\"description\":\"vozolvapen\",\"publisher\":{\"@id\":\"https:\\\/\\\/vozolvapen.de\\\/#organization\"},\"potentialAction\":[{\"@type\":\"SearchAction\",\"target\":{\"@type\":\"EntryPoint\",\"urlTemplate\":\"https:\\\/\\\/vozolvapen.de\\\/?s={search_term_string}\"},\"query-input\":{\"@type\":\"PropertyValueSpecification\",\"valueRequired\":true,\"valueName\":\"search_term_string\"}}],\"inLanguage\":\"fr-FR\"},{\"@type\":\"Organization\",\"@id\":\"https:\\\/\\\/vozolvapen.de\\\/#organization\",\"name\":\"vozolvapen\",\"url\":\"https:\\\/\\\/vozolvapen.de\\\/\",\"logo\":{\"@type\":\"ImageObject\",\"inLanguage\":\"fr-FR\",\"@id\":\"https:\\\/\\\/vozolvapen.de\\\/#\\\/schema\\\/logo\\\/image\\\/\",\"url\":\"https:\\\/\\\/vozolvapen.de\\\/wp-content\\\/uploads\\\/2025\\\/12\\\/cropped-vozovapen-logo.webp\",\"contentUrl\":\"https:\\\/\\\/vozolvapen.de\\\/wp-content\\\/uploads\\\/2025\\\/12\\\/cropped-vozovapen-logo.webp\",\"width\":470,\"height\":110,\"caption\":\"vozolvapen\"},\"image\":{\"@id\":\"https:\\\/\\\/vozolvapen.de\\\/#\\\/schema\\\/logo\\\/image\\\/\"}}]}<\/script>\n<!-- \/ Yoast SEO Premium plugin. -->","yoast_head_json":{"title":"VOZOL RAVE 40000 Puffs | 270\u00b0 Glow Party Mode | Vozol Rave 40kVOZOL RAVE 40000 40k Puffs Disposable Vape | Party Mode | EU Warehouse Wholesale - vozolvapen","description":"Passez \u00e0 la vitesse sup\u00e9rieure avec la VOZOL RAVE 40000. Avec 40 000 bouff\u00e9es, une lumi\u00e8re vibrante de 270\u00b0 et une charge de 80% en seulement 20 minutes. La saveur premium rencontre la technologie de la f\u00eate. Livraison rapide en 1 \u00e0 3 jours dans l'UE !","robots":{"index":"index","follow":"follow","max-snippet":"max-snippet:-1","max-image-preview":"max-image-preview:large","max-video-preview":"max-video-preview:-1"},"canonical":"https:\/\/vozolvapen.de\/fr\/product\/vozol-rave-40000-40k-puffs-disposable-vape-party-mode-eu-warehouse-wholesale\/","og_locale":"fr_FR","og_type":"article","og_title":"VOZOL RAVE 40000 40k Puffs Disposable Vape | Party Mode | EU Warehouse Wholesale","og_description":"Level up with VOZOL RAVE 40000. Featuring 40k puffs, a 270\u00b0 vibrant glow, and 80% charge in just 20 mins. Premium flavor meets party tech. Fast 1-3 day EU shipping!","og_url":"https:\/\/vozolvapen.de\/fr\/product\/vozol-rave-40000-40k-puffs-disposable-vape-party-mode-eu-warehouse-wholesale\/","og_site_name":"vozolvapen","article_modified_time":"2026-02-26T08:41:52+00:00","og_image":[{"width":1200,"height":1200,"url":"https:\/\/vozolvapen.de\/wp-content\/uploads\/2026\/01\/VOZOL-RAVE-40000-Blue-Razz-Ice-2.webp","type":"image\/webp"}],"twitter_card":"summary_large_image","twitter_misc":{"Dur\u00e9e de lecture estim\u00e9e":"3 minutes"},"schema":{"@context":"https:\/\/schema.org","@graph":[{"@type":"WebPage","@id":"https:\/\/vozolvapen.de\/product\/vozol-rave-40000-40k-puffs-disposable-vape-party-mode-eu-warehouse-wholesale\/","url":"https:\/\/vozolvapen.de\/product\/vozol-rave-40000-40k-puffs-disposable-vape-party-mode-eu-warehouse-wholesale\/","name":"VOZOL RAVE 40000 Puffs | 270\u00b0 Glow Party Mode | Vozol Rave 40kVOZOL RAVE 40000 40k Puffs Disposable Vape | Party Mode | EU Warehouse Wholesale - vozolvapen","isPartOf":{"@id":"https:\/\/vozolvapen.de\/#website"},"primaryImageOfPage":{"@id":"https:\/\/vozolvapen.de\/product\/vozol-rave-40000-40k-puffs-disposable-vape-party-mode-eu-warehouse-wholesale\/#primaryimage"},"image":{"@id":"https:\/\/vozolvapen.de\/product\/vozol-rave-40000-40k-puffs-disposable-vape-party-mode-eu-warehouse-wholesale\/#primaryimage"},"thumbnailUrl":"https:\/\/vozolvapen.de\/wp-content\/uploads\/2026\/01\/VOZOL-RAVE-40000-Blue-Razz-Ice-2.webp","datePublished":"2026-02-03T08:14:53+00:00","dateModified":"2026-02-26T08:41:52+00:00","description":"Passez \u00e0 la vitesse sup\u00e9rieure avec la VOZOL RAVE 40000. Avec 40 000 bouff\u00e9es, une lumi\u00e8re vibrante de 270\u00b0 et une charge de 80% en seulement 20 minutes. La saveur premium rencontre la technologie de la f\u00eate. Livraison rapide en 1 \u00e0 3 jours dans l'UE !","breadcrumb":{"@id":"https:\/\/vozolvapen.de\/product\/vozol-rave-40000-40k-puffs-disposable-vape-party-mode-eu-warehouse-wholesale\/#breadcrumb"},"inLanguage":"fr-FR","potentialAction":[{"@type":"ReadAction","target":["https:\/\/vozolvapen.de\/product\/vozol-rave-40000-40k-puffs-disposable-vape-party-mode-eu-warehouse-wholesale\/"]}]},{"@type":"ImageObject","inLanguage":"fr-FR","@id":"https:\/\/vozolvapen.de\/product\/vozol-rave-40000-40k-puffs-disposable-vape-party-mode-eu-warehouse-wholesale\/#primaryimage","url":"https:\/\/vozolvapen.de\/wp-content\/uploads\/2026\/01\/VOZOL-RAVE-40000-Blue-Razz-Ice-2.webp","contentUrl":"https:\/\/vozolvapen.de\/wp-content\/uploads\/2026\/01\/VOZOL-RAVE-40000-Blue-Razz-Ice-2.webp","width":1200,"height":1200,"caption":"Vozol Rave 40000 Blue Razz Ice 2 Disposable Vape Device"},{"@type":"BreadcrumbList","@id":"https:\/\/vozolvapen.de\/product\/vozol-rave-40000-40k-puffs-disposable-vape-party-mode-eu-warehouse-wholesale\/#breadcrumb","itemListElement":[{"@type":"ListItem","position":1,"name":"Home","item":"https:\/\/vozolvapen.de\/de\/"},{"@type":"ListItem","position":2,"name":"Shop","item":"https:\/\/vozolvapen.de\/shop\/"},{"@type":"ListItem","position":3,"name":"VOZOL RAVE 40000 40k Puffs Disposable Vape | Party Mode | EU Warehouse Wholesale"}]},{"@type":"WebSite","@id":"https:\/\/vozolvapen.de\/#website","url":"https:\/\/vozolvapen.de\/","name":"vozolvapen","description":"vozolvapen","publisher":{"@id":"https:\/\/vozolvapen.de\/#organization"},"potentialAction":[{"@type":"SearchAction","target":{"@type":"EntryPoint","urlTemplate":"https:\/\/vozolvapen.de\/?s={search_term_string}"},"query-input":{"@type":"PropertyValueSpecification","valueRequired":true,"valueName":"search_term_string"}}],"inLanguage":"fr-FR"},{"@type":"Organization","@id":"https:\/\/vozolvapen.de\/#organization","name":"vozolvapen","url":"https:\/\/vozolvapen.de\/","logo":{"@type":"ImageObject","inLanguage":"fr-FR","@id":"https:\/\/vozolvapen.de\/#\/schema\/logo\/image\/","url":"https:\/\/vozolvapen.de\/wp-content\/uploads\/2025\/12\/cropped-vozovapen-logo.webp","contentUrl":"https:\/\/vozolvapen.de\/wp-content\/uploads\/2025\/12\/cropped-vozovapen-logo.webp","width":470,"height":110,"caption":"vozolvapen"},"image":{"@id":"https:\/\/vozolvapen.de\/#\/schema\/logo\/image\/"}}]}},"tiered_pricing_type":"fixed","tiered_pricing_fixed_rules":{"30":"14.04","50":"11.54","100":"11.04","200":"10.04"},"tiered_pricing_product_settings":{"layout":"default","base_unit_name":{"singular":null,"plural":null},"default_variation":null},"tiered_pricing_minimum_quantity":10,"tiered_pricing_roles_data":[],"tiered_pricing_percentage_rules":[],"tiered_pricing_maximum_quantity":null,"tiered_pricing_quantity_step":"10","_links":{"self":[{"href":"https:\/\/vozolvapen.de\/fr\/wp-json\/wp\/v2\/product\/66550","targetHints":{"allow":["GET"]}}],"collection":[{"href":"https:\/\/vozolvapen.de\/fr\/wp-json\/wp\/v2\/product"}],"about":[{"href":"https:\/\/vozolvapen.de\/fr\/wp-json\/wp\/v2\/types\/product"}],"replies":[{"embeddable":true,"href":"https:\/\/vozolvapen.de\/fr\/wp-json\/wp\/v2\/comments?post=66550"}],"wp:featuredmedia":[{"embeddable":true,"href":"https:\/\/vozolvapen.de\/fr\/wp-json\/wp\/v2\/media\/66263"}],"wp:attachment":[{"href":"https:\/\/vozolvapen.de\/fr\/wp-json\/wp\/v2\/media?parent=66550"}],"wp:term":[{"taxonomy":"product_brand","embeddable":true,"href":"https:\/\/vozolvapen.de\/fr\/wp-json\/wp\/v2\/product_brand?post=66550"},{"taxonomy":"product_cat","embeddable":true,"href":"https:\/\/vozolvapen.de\/fr\/wp-json\/wp\/v2\/product_cat?post=66550"},{"taxonomy":"product_tag","embeddable":true,"href":"https:\/\/vozolvapen.de\/fr\/wp-json\/wp\/v2\/product_tag?post=66550"}],"curies":[{"name":"wp","href":"https:\/\/api.w.org\/{rel}","templated":true}]}}