{"id":66806,"date":"2026-02-24T07:31:43","date_gmt":"2026-02-24T07:31:43","guid":{"rendered":"https:\/\/vozolvapen.de\/?post_type=product&#038;p=66806"},"modified":"2026-02-24T10:02:51","modified_gmt":"2026-02-24T10:02:51","slug":"bang-blaze-100000-100k-puffs-disposable-vape-6-in-1-flavors-eu-warehouse-wholesale","status":"publish","type":"product","link":"https:\/\/vozolvapen.de\/fr\/product\/bang-blaze-100000-100k-puffs-disposable-vape-6-in-1-flavors-eu-warehouse-wholesale\/","title":{"rendered":"Bang Blaze 100000 100k Puffs Vape jetable | 6 in 1 Flavors | EU Warehouse Wholesale"},"content":{"rendered":"<p><strong data-start=\"86\" data-end=\"111\">Bang Blaze 100K Puffs<\/strong> est une vape 100k de nouvelle g\u00e9n\u00e9ration con\u00e7ue pour les utilisateurs qui exigent une long\u00e9vit\u00e9 extr\u00eame, un changement de saveurs multiples et des performances stables. <strong data-start=\"244\" data-end=\"267\">jusqu'\u00e0 100 000 bouff\u00e9es<\/strong>, Avec ses trois r\u00e9servoirs d'huile et ses 6 modes d'ar\u00f4mes, Bang 100k offre une exp\u00e9rience de bouff\u00e9e flexible et puissante dans un seul appareil intelligent. <strong data-start=\"417\" data-end=\"479\">Bang Blaze 100000, puff 100000 tiri, 100k puff, bang puffs<\/strong>, Ce mod\u00e8le est con\u00e7u pour une utilisation en grande quantit\u00e9 et avec un taux de satisfaction \u00e9lev\u00e9.<\/p>\n\n\n\n<h2 class=\"wp-block-heading\" id=\"h-bang-blaze-100000-product-specifications\">\ud83d\udd27Bang Blaze 100000 Sp\u00e9cifications du produit<\/h2>\n\n\n\n<figure class=\"wp-block-table is-style-stripes\"><table class=\"has-fixed-layout\"><thead><tr><th>Param\u00e8tre<\/th><th>D\u00e9tails<\/th><\/tr><\/thead><tbody><tr><td>Nom du produit<\/td><td>Bang Blaze 100K Puffs<\/td><\/tr><tr><td>Nombre de Puff<\/td><td>Jusqu'\u00e0 100 000 bouff\u00e9es<\/td><\/tr><tr><td>Teneur en nicotine<\/td><td>0% \/ 2% \/ 3% \/ 5%<\/td><\/tr><tr><td>Syst\u00e8me de r\u00e9servoir d'huile<\/td><td>3 r\u00e9servoirs (triple saveur)<\/td><\/tr><tr><td>Modes d'ar\u00f4mes<\/td><td>A \/ B \/ C \/ A+B \/ A+C \/ B+C<\/td><\/tr><tr><td>Batterie<\/td><td>850 mAh rechargeable<\/td><\/tr><tr><td>Port de recharge<\/td><td>Type C<\/td><\/tr><tr><td>Bobine<\/td><td>Triple bobine maill\u00e9e<\/td><\/tr><tr><td>\u00c9cran<\/td><td>\u00c9cran LED<\/td><\/tr><tr><td>Emballage<\/td><td>10 pi\u00e8ces par paquet<\/td><\/tr><tr><td>Options de saveurs<\/td><td>S\u00e9rie 10 (mod\u00e8le \u00e0 trois combinaisons)<\/td><\/tr><\/tbody><\/table><\/figure>\n\n\n\n<h2 class=\"wp-block-heading\" id=\"h-bang-blaze-100000-triple-flavor-collection-10-premium-series\">\u2b50Bang Blaze 100000 Triple Flavor Collection - 10 Premium Series<\/h2>\n\n\n\n<p>Chaque Bang Blaze 100000 est livr\u00e9 avec <strong data-start=\"1135\" data-end=\"1162\">3 r\u00e9servoirs d'ar\u00f4mes int\u00e9gr\u00e9s<\/strong>, permettant aux utilisateurs de passer d'une combinaison simple \u00e0 une combinaison double.<\/p>\n\n\n\n<h3 class=\"wp-block-heading\" id=\"h-1-watermelon-ice-series\">1\ufe0f\u20e3 S\u00e9rie \"Watermelon Ice<\/h3>\n\n\n\n<p>Melon d'eau glac\u00e9 \/ Mamba de fraise \/ Melon d'eau \u00e0 la fraise<br data-start=\"1316\" data-end=\"1319\">M\u00e9langes de fruits frais, sucr\u00e9s et pr\u00eats pour l'\u00e9t\u00e9.<\/p>\n\n\n\n<h3 class=\"wp-block-heading\" id=\"h-2-fuji-apple-series\">2\ufe0f\u20e3 S\u00e9rie Fuji Apple<\/h3>\n\n\n\n<p>Fuji Ice \/ Pomme Raisin \/ Cerise Grenade<br data-start=\"1436\" data-end=\"1439\">Une base de pomme croquante agr\u00e9ment\u00e9e de notes de baies juteuses et de fruits acidul\u00e9s.<\/p>\n\n\n\n<h3 class=\"wp-block-heading\" id=\"h-3-blueberry-fusion-series\">3\ufe0f\u20e3 S\u00e9rie Fusion aux myrtilles<\/h3>\n\n\n\n<p>Glace \u00e0 la myrtille \/ Citron \u00e0 la framboise \/ Melon d'eau \u00e0 la gomme balloune<br data-start=\"1590\" data-end=\"1593\">Des tons de baies sucr\u00e9es avec des finales rafra\u00eechissantes et sucr\u00e9es.<\/p>\n\n\n\n<h3 class=\"wp-block-heading\" id=\"h-4-tropical-berry-mix\">4\ufe0f\u20e3 M\u00e9lange de baies tropicales<\/h3>\n\n\n\n<p>Myrtilles Framboises \/ acides Ananas Oranges \/ framboises Past\u00e8ques<br data-start=\"1749\" data-end=\"1752\">Explosion aigre-douce de fruits tropicaux.<\/p>\n\n\n\n<h3 class=\"wp-block-heading\" id=\"h-5-grape-amp-mango-series\">5\ufe0f\u20e3 S\u00e9rie raisin et mangue<\/h3>\n\n\n\n<p>Glace de raisin \/ P\u00eache de mangue \/ Past\u00e8que de myrtille<br data-start=\"1867\" data-end=\"1870\">Douceur fruit\u00e9e \u00e9quilibr\u00e9e avec une finale de raisin glac\u00e9.<\/p>\n\n\n\n<h3 class=\"wp-block-heading\" id=\"h-6-passion-fruit-blend\">6\ufe0f\u20e3 M\u00e9lange de fruits de la passion<\/h3>\n\n\n\n<p>Fraise glac\u00e9e \/ P\u00eache citron \/ Kiwi Fruit de la passion Goyave<br data-start=\"2004\" data-end=\"2007\">Combinaison tropicale exotique et rafra\u00eechissante.<\/p>\n\n\n\n<h3 class=\"wp-block-heading\" id=\"h-7-energy-tropical-series\">7\ufe0f\u20e3 Energy Tropical Series<\/h3>\n\n\n\n<p>Ananas noix de coco \/ Blueberry Red Bull \/ Watermelon Ice<br data-start=\"2140\" data-end=\"2143\">La cr\u00e8me tropicale rencontre la sensation d'une boisson \u00e9nergisante.<\/p>\n\n\n\n<h3 class=\"wp-block-heading\" id=\"h-8-berry-cream-collection\">8\ufe0f\u20e3 Collection de cr\u00e8mes aux baies<\/h3>\n\n\n\n<p>Fraise Kiwi \/ Myrtille Noix de Coco \/ Fruits mixtes<br data-start=\"2272\" data-end=\"2275\">Une couche de baies douces avec une profondeur cr\u00e9meuse.<\/p>\n\n\n\n<h3 class=\"wp-block-heading\" id=\"h-9-menthol-fusion\">9\ufe0f\u20e3 Menthol Fusion<\/h3>\n\n\n\n<p>Lemon Romance \/ Blueberry Raspberry \/ Peach Menthol<br data-start=\"2393\" data-end=\"2396\">Agrumes brillants avec une touche de menthol rafra\u00eechissant.<\/p>\n\n\n\n<h3 class=\"wp-block-heading\" id=\"h-ice-fruit-mix\">\ud83d\udd1f M\u00e9lange de fruits et de glace<\/h3>\n\n\n\n<p>P\u00eache Ice \/ Cassis Ananas Ice \/ Pomme verte Kiwi<br data-start=\"2519\" data-end=\"2522\">L'acidit\u00e9 des pommes vertes fra\u00eeches se m\u00eale \u00e0 celle des fruits glac\u00e9s sucr\u00e9s.<\/p>\n\n\n\n<p>\ud83d\udc49 Les utilisateurs peuvent choisir entre A, B, C ou combiner A+B \/ A+C \/ B+C pour personnaliser l'intensit\u00e9 de la saveur.<\/p>\n\n\n\n<h2 class=\"wp-block-heading\" id=\"h-performance-amp-experience\">\ud83d\udca8 Performance et exp\u00e9rience<\/h2>\n\n\n\n<h3 class=\"wp-block-heading\" id=\"h-850mah-rechargeable-battery\">\ud83d\udd0b Batterie rechargeable de 850mAh<\/h3>\n\n\n\n<p>La batterie de grande capacit\u00e9 garantit une puissance stable sur des cycles d'utilisation prolong\u00e9s.<\/p>\n\n\n\n<h3 class=\"wp-block-heading\" id=\"h-triple-mesh-coil-technology\">\ud83d\udd25 Triple Mesh Coil Technology<\/h3>\n\n\n\n<p>Fournit :<\/p>\n\n\n\n<ul class=\"wp-block-list\">\n<li><p data-start=\"2883\" data-end=\"2899\">Un chauffage plus rapide<\/p><\/li>\n\n\n\n<li><p data-start=\"2902\" data-end=\"2929\">Production de vapeur am\u00e9lior\u00e9e<\/p><\/li>\n\n\n\n<li><p data-start=\"2932\" data-end=\"2961\">Une restauration des saveurs plus forte<\/p><\/li>\n\n\n\n<li><p data-start=\"2964\" data-end=\"2985\">Effet de gorge plus doux<\/p><\/li>\n<\/ul>\n\n\n\n<h3 class=\"wp-block-heading\" id=\"h-led-smart-display\">\ud83d\udcfa \u00c9cran LED intelligent<\/h3>\n\n\n\n<p>Affiche clairement l'\u00e9tat de la batterie et le niveau d'utilisation - pas de devinettes, pas de coups secs.<\/p>\n\n\n\n<h3 class=\"wp-block-heading\" id=\"h-6-flavor-modes\">\ud83d\udd04 6 modes d'ar\u00f4mes<\/h3>\n\n\n\n<p>Contrairement aux appareils \u00e0 bouff\u00e9es standard de 100k, Bang Blaze 100k offre aux utilisateurs un contr\u00f4le total sur le m\u00e9lange d'un seul ou de deux ar\u00f4mes.<\/p>\n\n\n\n<p>Il ne s'agit pas seulement d'un appareil 100k \u00e0 bouff\u00e9es - c'est un syst\u00e8me de vaporisation 100k personnalisable.<\/p>\n\n\n\n<h2 class=\"wp-block-heading\" id=\"h-wholesale-amp-b2b-supply-bang-100k-bulk-orders\">\ud83d\udce6 Approvisionnement en gros et B2B - Bang 100K Bulk Orders<\/h2>\n\n\n\n<p>Nous fournissons un service professionnel de vente en gros pour Bang Blaze 100000 :<\/p>\n\n\n\n<ul class=\"wp-block-list\">\n<li><p data-start=\"3428\" data-end=\"3445\">10 pi\u00e8ces par paquet<\/p><\/li>\n\n\n\n<li><p data-start=\"3448\" data-end=\"3471\">Approvisionnement stable de l'usine<\/p><\/li>\n\n\n\n<li><p data-start=\"3474\" data-end=\"3511\">Plusieurs options de nicotine disponibles<\/p><\/li>\n\n\n\n<li><p data-start=\"3514\" data-end=\"3543\">Support de carton pour ar\u00f4mes m\u00e9lang\u00e9s<\/p><\/li>\n\n\n\n<li><p data-start=\"3546\" data-end=\"3592\">Exp\u00e9dition rapide de l'entrep\u00f4t (UE \/ International)<\/p><\/li>\n\n\n\n<li><p data-start=\"3595\" data-end=\"3628\">Demande de label priv\u00e9 disponible<\/p><\/li>\n<\/ul>\n\n\n\n<p>Si vous \u00eates un distributeur \u00e0 la recherche de <strong data-start=\"3667\" data-end=\"3708\">Bang 100k high-puff disposable models<\/strong>, ce produit offre :<\/p>\n\n\n\n<p>Marge de revente \u00e9lev\u00e9e<br data-start=\"3752\" data-end=\"3755\">\u2714 Cycle d'utilisation durable de la client\u00e8le<br data-start=\"3790\" data-end=\"3793\">\u2714 Une forte attractivit\u00e9 visuelle en rayon<br data-start=\"3821\" data-end=\"3824\">\u2714 Trending 100k puff demand<\/p>\n\n\n\n<p>Contactez-nous pour obtenir des informations sur les prix de gros et les quantit\u00e9s minimales \u00e0 produire.<\/p>\n\n\n\n<hr class=\"wp-block-separator has-alpha-channel-opacity\"\/>\n\n\n\n<h2 class=\"wp-block-heading\" id=\"h-faq-bang-blaze-100k\">\u2753 FAQ - Bang Blaze 100K<\/h2>\n\n\n\n<p><strong data-start=\"3934\" data-end=\"3981\">Q1 : Bang Blaze 100K est-il vraiment 100 000 bouff\u00e9es ?<\/strong><br data-start=\"3981\" data-end=\"3984\">Dans des conditions de test standard, il d\u00e9livre jusqu'\u00e0 100 000 bouff\u00e9es en fonction des habitudes d'utilisation.<\/p>\n\n\n\n<p><strong data-start=\"4076\" data-end=\"4102\">Q2 : Puis-je m\u00e9langer les ar\u00f4mes ?<\/strong><br data-start=\"4102\" data-end=\"4105\">Oui. Vous pouvez basculer entre A, B, C ou combiner A+B, A+C, B+C.<\/p>\n\n\n\n<p><strong data-start=\"4168\" data-end=\"4204\">Q3 : La batterie est-elle rechargeable ?<\/strong><br data-start=\"4204\" data-end=\"4207\">Oui, il est dot\u00e9 d'une batterie de 850mAh avec charge rapide Type-C.<\/p>\n\n\n\n<p><strong data-start=\"4270\" data-end=\"4316\">Q4 : Quels sont les taux de nicotine disponibles ?<\/strong><br data-start=\"4316\" data-end=\"4319\">0%, 2%, 3% et 5%.<\/p>\n\n\n\n<p><strong data-start=\"4340\" data-end=\"4397\">Q5 : En quoi est-il diff\u00e9rent des autres mod\u00e8les de Bang puffs ?<\/strong><br data-start=\"4397\" data-end=\"4400\">Le triple r\u00e9servoir + le triple coil mesh + les modes de m\u00e9lange d'ar\u00f4mes rendent Bang Blaze 100000 plus polyvalent que les appareils de vape 100k standard.<\/p>","protected":false},"excerpt":{"rendered":"<div class=\"flex flex-col text-sm pb-25\">\n<article class=\"text-token-text-primary w-full focus:outline-none [--shadow-height:45px] has-data-writing-block:pointer-events-none has-data-writing-block:-mt-(--shadow-height) has-data-writing-block:pt-(--shadow-height) [&amp;:has([data-writing-block])&gt;*]:pointer-events-auto scroll-mt-[calc(var(--header-height)+min(200px,max(70px,20svh)))]\" dir=\"auto\" tabindex=\"-1\" data-turn-id=\"request-WEB:9f2eb835-b96f-43d8-9e85-3267051ed8f8-3\" data-testid=\"conversation-turn-8\" data-scroll-anchor=\"true\" data-turn=\"assistant\">\n<div class=\"text-base my-auto mx-auto pb-10 [--thread-content-margin:--spacing(4)] @w-sm\/main:[--thread-content-margin:--spacing(6)] @w-lg\/main:[--thread-content-margin:--spacing(16)] px-(--thread-content-margin)\">\n<div class=\"[--thread-content-max-width:40rem] @w-lg\/main:[--thread-content-max-width:48rem] mx-auto max-w-(--thread-content-max-width) flex-1 group\/turn-messages focus-visible:outline-hidden relative flex w-full min-w-0 flex-col agent-turn\" tabindex=\"-1\">\n<div class=\"flex max-w-full flex-col grow\">\n<div class=\"min-h-8 text-message relative flex w-full flex-col items-end gap-2 text-start break-words whitespace-normal [.text-message+&amp;]:mt-1\" dir=\"auto\" data-message-author-role=\"assistant\" data-message-id=\"bdff1603-7cb7-46a9-99d0-1b6ae0284651\" data-message-model-slug=\"gpt-5-2\">\n<div class=\"flex w-full flex-col gap-1 empty:hidden first:pt-[1px]\">\n<div class=\"markdown prose dark:prose-invert w-full wrap-break-word light markdown-new-styling\">\n<p data-start=\"0\" data-end=\"181\" data-is-last-node=\"\" data-is-only-node=\"\">Bang Blaze 100K Puffs features up to 100,000 puffs, triple flavor tanks, 6 flavor modes, and an 850mAh rechargeable battery. Available in 0%\u20135% nicotine, ideal for wholesale supply.<\/p>\n<\/div>\n<\/div>\n<\/div>\n<\/div>\n<\/div>\n<\/div>\n<\/article>\n<\/div>\n","protected":false},"featured_media":66807,"comment_status":"open","ping_status":"closed","template":"","meta":{"_acf_changed":false},"product_brand":[],"product_cat":[53],"product_tag":[],"class_list":{"0":"post-66806","1":"product","2":"type-product","3":"status-publish","4":"has-post-thumbnail","6":"product_cat-bang-vape","8":"first","9":"instock","10":"shipping-taxable","11":"purchasable","12":"product-type-variable"},"acf":[],"yoast_head":"<!-- This site is optimized with the Yoast SEO Premium plugin v26.1 (Yoast SEO v27.5) - https:\/\/yoast.com\/product\/yoast-seo-premium-wordpress\/ -->\n<title>Bang Blaze 100K Puffs \u2013 Bang 100000 Puff Triple Tank 100k Vape - vozolvapen<\/title>\n<meta name=\"description\" content=\"Shop Bang Blaze 100K Puffs with up to 100,000 puffs, triple flavor tanks, 6 flavor modes, LED screen and rechargeable 850mAh battery. Available in 0%\u20135% nicotine. Wholesale Bang 100k supported.\" \/>\n<meta name=\"robots\" content=\"index, follow, max-snippet:-1, max-image-preview:large, max-video-preview:-1\" \/>\n<link rel=\"canonical\" href=\"https:\/\/vozolvapen.de\/fr\/product\/bang-blaze-100000-100k-puffs-disposable-vape-6-in-1-flavors-eu-warehouse-wholesale\/\" \/>\n<meta property=\"og:locale\" content=\"fr_FR\" \/>\n<meta property=\"og:type\" content=\"article\" \/>\n<meta property=\"og:title\" content=\"Bang Blaze 100000 100k Puffs Disposable Vape | 6 in 1 Flavors | EU Warehouse Wholesale\" \/>\n<meta property=\"og:description\" content=\"Shop Bang Blaze 100K Puffs with up to 100,000 puffs, triple flavor tanks, 6 flavor modes, LED screen and rechargeable 850mAh battery. Available in 0%\u20135% nicotine. Wholesale Bang 100k supported.\" \/>\n<meta property=\"og:url\" content=\"https:\/\/vozolvapen.de\/fr\/product\/bang-blaze-100000-100k-puffs-disposable-vape-6-in-1-flavors-eu-warehouse-wholesale\/\" \/>\n<meta property=\"og:site_name\" content=\"vozolvapen\" \/>\n<meta property=\"article:modified_time\" content=\"2026-02-24T10:02:51+00:00\" \/>\n<meta property=\"og:image\" content=\"https:\/\/vozolvapen.de\/wp-content\/uploads\/2026\/02\/Bang-100k-Bang-Blaze-100000-Puff-2.webp\" \/>\n\t<meta property=\"og:image:width\" content=\"1200\" \/>\n\t<meta property=\"og:image:height\" content=\"1200\" \/>\n\t<meta property=\"og:image:type\" content=\"image\/webp\" \/>\n<meta name=\"twitter:card\" content=\"summary_large_image\" \/>\n<meta name=\"twitter:label1\" content=\"Dur\u00e9e de lecture estim\u00e9e\" \/>\n\t<meta name=\"twitter:data1\" content=\"4 minutes\" \/>\n<script type=\"application\/ld+json\" class=\"yoast-schema-graph\">{\"@context\":\"https:\\\/\\\/schema.org\",\"@graph\":[{\"@type\":\"WebPage\",\"@id\":\"https:\\\/\\\/vozolvapen.de\\\/product\\\/bang-blaze-100000-100k-puffs-disposable-vape-6-in-1-flavors-eu-warehouse-wholesale\\\/\",\"url\":\"https:\\\/\\\/vozolvapen.de\\\/product\\\/bang-blaze-100000-100k-puffs-disposable-vape-6-in-1-flavors-eu-warehouse-wholesale\\\/\",\"name\":\"Bang Blaze 100K Puffs \u2013 Bang 100000 Puff Triple Tank 100k Vape - vozolvapen\",\"isPartOf\":{\"@id\":\"https:\\\/\\\/vozolvapen.de\\\/#website\"},\"primaryImageOfPage\":{\"@id\":\"https:\\\/\\\/vozolvapen.de\\\/product\\\/bang-blaze-100000-100k-puffs-disposable-vape-6-in-1-flavors-eu-warehouse-wholesale\\\/#primaryimage\"},\"image\":{\"@id\":\"https:\\\/\\\/vozolvapen.de\\\/product\\\/bang-blaze-100000-100k-puffs-disposable-vape-6-in-1-flavors-eu-warehouse-wholesale\\\/#primaryimage\"},\"thumbnailUrl\":\"https:\\\/\\\/vozolvapen.de\\\/wp-content\\\/uploads\\\/2026\\\/02\\\/Bang-100k-Bang-Blaze-100000-Puff-2.webp\",\"datePublished\":\"2026-02-24T07:31:43+00:00\",\"dateModified\":\"2026-02-24T10:02:51+00:00\",\"description\":\"Shop Bang Blaze 100K Puffs with up to 100,000 puffs, triple flavor tanks, 6 flavor modes, LED screen and rechargeable 850mAh battery. Available in 0%\u20135% nicotine. Wholesale Bang 100k supported.\",\"breadcrumb\":{\"@id\":\"https:\\\/\\\/vozolvapen.de\\\/product\\\/bang-blaze-100000-100k-puffs-disposable-vape-6-in-1-flavors-eu-warehouse-wholesale\\\/#breadcrumb\"},\"inLanguage\":\"fr-FR\",\"potentialAction\":[{\"@type\":\"ReadAction\",\"target\":[\"https:\\\/\\\/vozolvapen.de\\\/product\\\/bang-blaze-100000-100k-puffs-disposable-vape-6-in-1-flavors-eu-warehouse-wholesale\\\/\"]}]},{\"@type\":\"ImageObject\",\"inLanguage\":\"fr-FR\",\"@id\":\"https:\\\/\\\/vozolvapen.de\\\/product\\\/bang-blaze-100000-100k-puffs-disposable-vape-6-in-1-flavors-eu-warehouse-wholesale\\\/#primaryimage\",\"url\":\"https:\\\/\\\/vozolvapen.de\\\/wp-content\\\/uploads\\\/2026\\\/02\\\/Bang-100k-Bang-Blaze-100000-Puff-2.webp\",\"contentUrl\":\"https:\\\/\\\/vozolvapen.de\\\/wp-content\\\/uploads\\\/2026\\\/02\\\/Bang-100k-Bang-Blaze-100000-Puff-2.webp\",\"width\":1200,\"height\":1200,\"caption\":\"Bang 100k Blaze 100000 Puff 2 Disposable Vape Device\"},{\"@type\":\"BreadcrumbList\",\"@id\":\"https:\\\/\\\/vozolvapen.de\\\/product\\\/bang-blaze-100000-100k-puffs-disposable-vape-6-in-1-flavors-eu-warehouse-wholesale\\\/#breadcrumb\",\"itemListElement\":[{\"@type\":\"ListItem\",\"position\":1,\"name\":\"Home\",\"item\":\"https:\\\/\\\/vozolvapen.de\\\/de\\\/\"},{\"@type\":\"ListItem\",\"position\":2,\"name\":\"Shop\",\"item\":\"https:\\\/\\\/vozolvapen.de\\\/shop\\\/\"},{\"@type\":\"ListItem\",\"position\":3,\"name\":\"Bang Blaze 100000 100k Puffs Disposable Vape | 6 in 1 Flavors | EU Warehouse Wholesale\"}]},{\"@type\":\"WebSite\",\"@id\":\"https:\\\/\\\/vozolvapen.de\\\/#website\",\"url\":\"https:\\\/\\\/vozolvapen.de\\\/\",\"name\":\"vozolvapen\",\"description\":\"vozolvapen\",\"publisher\":{\"@id\":\"https:\\\/\\\/vozolvapen.de\\\/#organization\"},\"potentialAction\":[{\"@type\":\"SearchAction\",\"target\":{\"@type\":\"EntryPoint\",\"urlTemplate\":\"https:\\\/\\\/vozolvapen.de\\\/?s={search_term_string}\"},\"query-input\":{\"@type\":\"PropertyValueSpecification\",\"valueRequired\":true,\"valueName\":\"search_term_string\"}}],\"inLanguage\":\"fr-FR\"},{\"@type\":\"Organization\",\"@id\":\"https:\\\/\\\/vozolvapen.de\\\/#organization\",\"name\":\"vozolvapen\",\"url\":\"https:\\\/\\\/vozolvapen.de\\\/\",\"logo\":{\"@type\":\"ImageObject\",\"inLanguage\":\"fr-FR\",\"@id\":\"https:\\\/\\\/vozolvapen.de\\\/#\\\/schema\\\/logo\\\/image\\\/\",\"url\":\"https:\\\/\\\/vozolvapen.de\\\/wp-content\\\/uploads\\\/2025\\\/12\\\/cropped-vozovapen-logo.webp\",\"contentUrl\":\"https:\\\/\\\/vozolvapen.de\\\/wp-content\\\/uploads\\\/2025\\\/12\\\/cropped-vozovapen-logo.webp\",\"width\":470,\"height\":110,\"caption\":\"vozolvapen\"},\"image\":{\"@id\":\"https:\\\/\\\/vozolvapen.de\\\/#\\\/schema\\\/logo\\\/image\\\/\"}}]}<\/script>\n<!-- \/ Yoast SEO Premium plugin. -->","yoast_head_json":{"title":"Bang Blaze 100K Puffs - Bang 100000 Puff Triple Tank 100k Vape - vozolvapen","description":"Shop Bang Blaze 100K Puffs avec jusqu'\u00e0 100 000 bouff\u00e9es, des r\u00e9servoirs \u00e0 trois saveurs, 6 modes de saveurs, un \u00e9cran LED et une batterie rechargeable de 850mAh. Disponible en nicotine 0%-5%. Grossiste Bang 100k pris en charge.","robots":{"index":"index","follow":"follow","max-snippet":"max-snippet:-1","max-image-preview":"max-image-preview:large","max-video-preview":"max-video-preview:-1"},"canonical":"https:\/\/vozolvapen.de\/fr\/product\/bang-blaze-100000-100k-puffs-disposable-vape-6-in-1-flavors-eu-warehouse-wholesale\/","og_locale":"fr_FR","og_type":"article","og_title":"Bang Blaze 100000 100k Puffs Disposable Vape | 6 in 1 Flavors | EU Warehouse Wholesale","og_description":"Shop Bang Blaze 100K Puffs with up to 100,000 puffs, triple flavor tanks, 6 flavor modes, LED screen and rechargeable 850mAh battery. Available in 0%\u20135% nicotine. Wholesale Bang 100k supported.","og_url":"https:\/\/vozolvapen.de\/fr\/product\/bang-blaze-100000-100k-puffs-disposable-vape-6-in-1-flavors-eu-warehouse-wholesale\/","og_site_name":"vozolvapen","article_modified_time":"2026-02-24T10:02:51+00:00","og_image":[{"width":1200,"height":1200,"url":"https:\/\/vozolvapen.de\/wp-content\/uploads\/2026\/02\/Bang-100k-Bang-Blaze-100000-Puff-2.webp","type":"image\/webp"}],"twitter_card":"summary_large_image","twitter_misc":{"Dur\u00e9e de lecture estim\u00e9e":"4 minutes"},"schema":{"@context":"https:\/\/schema.org","@graph":[{"@type":"WebPage","@id":"https:\/\/vozolvapen.de\/product\/bang-blaze-100000-100k-puffs-disposable-vape-6-in-1-flavors-eu-warehouse-wholesale\/","url":"https:\/\/vozolvapen.de\/product\/bang-blaze-100000-100k-puffs-disposable-vape-6-in-1-flavors-eu-warehouse-wholesale\/","name":"Bang Blaze 100K Puffs - Bang 100000 Puff Triple Tank 100k Vape - vozolvapen","isPartOf":{"@id":"https:\/\/vozolvapen.de\/#website"},"primaryImageOfPage":{"@id":"https:\/\/vozolvapen.de\/product\/bang-blaze-100000-100k-puffs-disposable-vape-6-in-1-flavors-eu-warehouse-wholesale\/#primaryimage"},"image":{"@id":"https:\/\/vozolvapen.de\/product\/bang-blaze-100000-100k-puffs-disposable-vape-6-in-1-flavors-eu-warehouse-wholesale\/#primaryimage"},"thumbnailUrl":"https:\/\/vozolvapen.de\/wp-content\/uploads\/2026\/02\/Bang-100k-Bang-Blaze-100000-Puff-2.webp","datePublished":"2026-02-24T07:31:43+00:00","dateModified":"2026-02-24T10:02:51+00:00","description":"Shop Bang Blaze 100K Puffs avec jusqu'\u00e0 100 000 bouff\u00e9es, des r\u00e9servoirs \u00e0 trois saveurs, 6 modes de saveurs, un \u00e9cran LED et une batterie rechargeable de 850mAh. Disponible en nicotine 0%-5%. Grossiste Bang 100k pris en charge.","breadcrumb":{"@id":"https:\/\/vozolvapen.de\/product\/bang-blaze-100000-100k-puffs-disposable-vape-6-in-1-flavors-eu-warehouse-wholesale\/#breadcrumb"},"inLanguage":"fr-FR","potentialAction":[{"@type":"ReadAction","target":["https:\/\/vozolvapen.de\/product\/bang-blaze-100000-100k-puffs-disposable-vape-6-in-1-flavors-eu-warehouse-wholesale\/"]}]},{"@type":"ImageObject","inLanguage":"fr-FR","@id":"https:\/\/vozolvapen.de\/product\/bang-blaze-100000-100k-puffs-disposable-vape-6-in-1-flavors-eu-warehouse-wholesale\/#primaryimage","url":"https:\/\/vozolvapen.de\/wp-content\/uploads\/2026\/02\/Bang-100k-Bang-Blaze-100000-Puff-2.webp","contentUrl":"https:\/\/vozolvapen.de\/wp-content\/uploads\/2026\/02\/Bang-100k-Bang-Blaze-100000-Puff-2.webp","width":1200,"height":1200,"caption":"Bang 100k Blaze 100000 Puff 2 Disposable Vape Device"},{"@type":"BreadcrumbList","@id":"https:\/\/vozolvapen.de\/product\/bang-blaze-100000-100k-puffs-disposable-vape-6-in-1-flavors-eu-warehouse-wholesale\/#breadcrumb","itemListElement":[{"@type":"ListItem","position":1,"name":"Home","item":"https:\/\/vozolvapen.de\/de\/"},{"@type":"ListItem","position":2,"name":"Shop","item":"https:\/\/vozolvapen.de\/shop\/"},{"@type":"ListItem","position":3,"name":"Bang Blaze 100000 100k Puffs Disposable Vape | 6 in 1 Flavors | EU Warehouse Wholesale"}]},{"@type":"WebSite","@id":"https:\/\/vozolvapen.de\/#website","url":"https:\/\/vozolvapen.de\/","name":"vozolvapen","description":"vozolvapen","publisher":{"@id":"https:\/\/vozolvapen.de\/#organization"},"potentialAction":[{"@type":"SearchAction","target":{"@type":"EntryPoint","urlTemplate":"https:\/\/vozolvapen.de\/?s={search_term_string}"},"query-input":{"@type":"PropertyValueSpecification","valueRequired":true,"valueName":"search_term_string"}}],"inLanguage":"fr-FR"},{"@type":"Organization","@id":"https:\/\/vozolvapen.de\/#organization","name":"vozolvapen","url":"https:\/\/vozolvapen.de\/","logo":{"@type":"ImageObject","inLanguage":"fr-FR","@id":"https:\/\/vozolvapen.de\/#\/schema\/logo\/image\/","url":"https:\/\/vozolvapen.de\/wp-content\/uploads\/2025\/12\/cropped-vozovapen-logo.webp","contentUrl":"https:\/\/vozolvapen.de\/wp-content\/uploads\/2025\/12\/cropped-vozovapen-logo.webp","width":470,"height":110,"caption":"vozolvapen"},"image":{"@id":"https:\/\/vozolvapen.de\/#\/schema\/logo\/image\/"}}]}},"tiered_pricing_type":"fixed","tiered_pricing_fixed_rules":{"30":"14.18","50":"10.93","100":"9.9","200":"9.07"},"tiered_pricing_product_settings":{"layout":"default","base_unit_name":{"singular":null,"plural":null},"default_variation":{}},"tiered_pricing_minimum_quantity":10,"tiered_pricing_roles_data":[],"tiered_pricing_percentage_rules":[],"tiered_pricing_maximum_quantity":null,"tiered_pricing_quantity_step":"10","_links":{"self":[{"href":"https:\/\/vozolvapen.de\/fr\/wp-json\/wp\/v2\/product\/66806","targetHints":{"allow":["GET"]}}],"collection":[{"href":"https:\/\/vozolvapen.de\/fr\/wp-json\/wp\/v2\/product"}],"about":[{"href":"https:\/\/vozolvapen.de\/fr\/wp-json\/wp\/v2\/types\/product"}],"replies":[{"embeddable":true,"href":"https:\/\/vozolvapen.de\/fr\/wp-json\/wp\/v2\/comments?post=66806"}],"wp:featuredmedia":[{"embeddable":true,"href":"https:\/\/vozolvapen.de\/fr\/wp-json\/wp\/v2\/media\/66807"}],"wp:attachment":[{"href":"https:\/\/vozolvapen.de\/fr\/wp-json\/wp\/v2\/media?parent=66806"}],"wp:term":[{"taxonomy":"product_brand","embeddable":true,"href":"https:\/\/vozolvapen.de\/fr\/wp-json\/wp\/v2\/product_brand?post=66806"},{"taxonomy":"product_cat","embeddable":true,"href":"https:\/\/vozolvapen.de\/fr\/wp-json\/wp\/v2\/product_cat?post=66806"},{"taxonomy":"product_tag","embeddable":true,"href":"https:\/\/vozolvapen.de\/fr\/wp-json\/wp\/v2\/product_tag?post=66806"}],"curies":[{"name":"wp","href":"https:\/\/api.w.org\/{rel}","templated":true}]}}