{"id":66900,"date":"2026-02-25T10:25:38","date_gmt":"2026-02-25T10:25:38","guid":{"rendered":"https:\/\/vozolvapen.de\/?post_type=product&#038;p=66900"},"modified":"2026-02-27T09:23:54","modified_gmt":"2026-02-27T09:23:54","slug":"razz-bar-40000-40k-puffs-disposable-vape-2-in-1-flavors-eu-warehouse-wholesale","status":"publish","type":"product","link":"https:\/\/vozolvapen.de\/fr\/product\/razz-bar-40000-40k-puffs-disposable-vape-2-in-1-flavors-eu-warehouse-wholesale\/","title":{"rendered":"Razz Bar 40000 40k Puffs Vape jetable | 2 in 1 Flavors | EU Warehouse Wholesale"},"content":{"rendered":"<div class=\"wp-block-group has-global-padding is-layout-constrained wp-block-group-is-layout-constrained\">\n<div class=\"wp-block-columns is-layout-flex wp-container-core-columns-is-layout-28f84493 wp-block-columns-is-layout-flex\">\n<div class=\"wp-block-column is-layout-flow wp-block-column-is-layout-flow\"><\/div>\n<\/div>\n<\/div>\n\n\n\n<p>D\u00e9couvrez les <strong>Razz Bar 40000<\/strong>, une offre de vape jetable de grande capacit\u00e9 <strong>jusqu'\u00e0 40 000 bouff\u00e9es<\/strong> avec une polyvalence \u00e0 double saveur. Parfait pour un plaisir durable, le <strong>Razz Bar 40k Vape<\/strong> combine un design ergonomique, la commodit\u00e9 d'une recharge et des bouff\u00e9es douces et savoureuses \u00e0 chaque bouff\u00e9e.<\/p>\n\n\n\n<h2 class=\"wp-block-heading\" id=\"h-razz-bar-40000-core-product-specifications\">Sp\u00e9cifications du produit Razz Bar 40000 Core<\/h2>\n\n\n\n<ul class=\"wp-block-list\">\n<li><strong>Nom de marque :<\/strong> Razz Bar<\/li>\n\n\n\n<li><strong>Num\u00e9ro de mod\u00e8le :<\/strong> Razz Bar 40000 Crystal<\/li>\n\n\n\n<li><strong>Puffs :<\/strong> Jusqu'\u00e0 40 000<\/li>\n\n\n\n<li><strong>Saveur :<\/strong> 10 combinaisons de saveurs (2 en 1)<\/li>\n\n\n\n<li><strong>Capacit\u00e9 de la batterie :<\/strong> 650mAh rechargeable<\/li>\n\n\n\n<li><strong>Capacit\u00e9 du pod :<\/strong> E-liquide pr\u00e9rempli de 30 ml<\/li>\n\n\n\n<li><strong>Type de bobine :<\/strong> Bobine double maill\u00e9e 1,0 \u03a9<\/li>\n\n\n\n<li><strong>Teneur en nicotine :<\/strong> 0% (20mg\/mL) \/ 2% (50mg\/mL)<\/li>\n\n\n\n<li><strong>Recharge :<\/strong> Port USB de type C<\/li>\n\n\n\n<li><strong>Emballage :<\/strong> Paquet de 10 vapes<\/li>\n\n\n\n<li><strong>Lieu d'exp\u00e9dition :<\/strong> Entrep\u00f4t europ\u00e9en (1-3 jours de livraison)<\/li>\n<\/ul>\n\n\n\n<h2 class=\"wp-block-heading\" id=\"h-flavor-aggregation-module\">Module d'agr\u00e9gation d'ar\u00f4mes<\/h2>\n\n\n\n<p><strong>Razz Bar 40000 Dual-Flavor Combos - 2-in-1 \u201cTwins\u201d Design<\/strong><br><\/p>\n\n\n\n<figure class=\"wp-block-table is-style-stripes\"><table class=\"has-fixed-layout\"><thead><tr><th>Combo #<\/th><th>Saveur 1<\/th><th>Saveur 2<\/th><\/tr><\/thead><tbody><tr><td>1<\/td><td>Citron vert<\/td><td>Glace luxuriante<\/td><\/tr><tr><td>2<\/td><td>Glace \u00e0 la fraise<\/td><td>M\u00e9lange de baies<\/td><\/tr><tr><td>3<\/td><td>Glace bleue \u00e0 la framboise<\/td><td>Chewing-gum \u00e0 la fraise et \u00e0 la past\u00e8que<\/td><\/tr><tr><td>4<\/td><td>M\u00e9lange de baies<\/td><td>Glace \u00e0 la past\u00e8que<\/td><\/tr><tr><td>5<\/td><td>Fraise Banane<\/td><td>Red Bull Ice<\/td><\/tr><tr><td>6<\/td><td>Glace \u00e0 la myrtille<\/td><td>Amour 66<\/td><\/tr><tr><td>7<\/td><td>Glace \u00e0 la p\u00eache<\/td><td>Glace \u00e0 la myrtille<\/td><\/tr><tr><td>8<\/td><td>Fraise Kiwi<\/td><td>Myrtille Framboise acidul\u00e9e<\/td><\/tr><tr><td>9<\/td><td>Glace \u00e0 la past\u00e8que<\/td><td>Cola glac\u00e9<\/td><\/tr><tr><td>10<\/td><td>Fraise Past\u00e8que<\/td><td>Glace au raisin<\/td><\/tr><\/tbody><\/table><\/figure>\n\n\n\n<p>Changez instantan\u00e9ment de go\u00fbt en <strong>rotation de l'embout<\/strong> - jouir <strong>deux go\u00fbts compl\u00e9mentaires dans un seul appareil<\/strong> sans avoir \u00e0 transporter plusieurs vapes.<\/p>\n\n\n\n<figure class=\"wp-block-image size-large\"><a href=\"https:\/\/vozolvapen.de\/wp-content\/uploads\/2026\/02\/Razz-bar-40000-40k-Puffs-2-in-1-Flavors-list-1.webp\"><img fetchpriority=\"high\" decoding=\"async\" width=\"1024\" height=\"1024\" src=\"https:\/\/vozolvapen.de\/wp-content\/uploads\/2026\/02\/Razz-bar-40000-40k-Puffs-2-in-1-Flavors-list-1-1024x1024.webp\" alt=\"\" class=\"wp-image-66941\" srcset=\"https:\/\/vozolvapen.de\/wp-content\/uploads\/2026\/02\/Razz-bar-40000-40k-Puffs-2-in-1-Flavors-list-1-1024x1024.webp 1024w, https:\/\/vozolvapen.de\/wp-content\/uploads\/2026\/02\/Razz-bar-40000-40k-Puffs-2-in-1-Flavors-list-1-300x300.webp 300w, https:\/\/vozolvapen.de\/wp-content\/uploads\/2026\/02\/Razz-bar-40000-40k-Puffs-2-in-1-Flavors-list-1-150x150.webp 150w, https:\/\/vozolvapen.de\/wp-content\/uploads\/2026\/02\/Razz-bar-40000-40k-Puffs-2-in-1-Flavors-list-1-768x768.webp 768w, https:\/\/vozolvapen.de\/wp-content\/uploads\/2026\/02\/Razz-bar-40000-40k-Puffs-2-in-1-Flavors-list-1-12x12.webp 12w, https:\/\/vozolvapen.de\/wp-content\/uploads\/2026\/02\/Razz-bar-40000-40k-Puffs-2-in-1-Flavors-list-1-990x990.webp 990w, https:\/\/vozolvapen.de\/wp-content\/uploads\/2026\/02\/Razz-bar-40000-40k-Puffs-2-in-1-Flavors-list-1-441x441.webp 441w, https:\/\/vozolvapen.de\/wp-content\/uploads\/2026\/02\/Razz-bar-40000-40k-Puffs-2-in-1-Flavors-list-1-100x100.webp 100w, https:\/\/vozolvapen.de\/wp-content\/uploads\/2026\/02\/Razz-bar-40000-40k-Puffs-2-in-1-Flavors-list-1-800x800.webp 800w, https:\/\/vozolvapen.de\/wp-content\/uploads\/2026\/02\/Razz-bar-40000-40k-Puffs-2-in-1-Flavors-list-1.webp 1200w\" sizes=\"(max-width: 1024px) 100vw, 1024px\" \/><\/a><\/figure>\n\n\n\n<h2 class=\"wp-block-heading\" id=\"h-usage-experience-selling-points\">Exp\u00e9rience d'utilisation \/ Arguments de vente<\/h2>\n\n\n\n<ul class=\"wp-block-list\">\n<li><strong>Flexibilit\u00e9 des deux ar\u00f4mes :<\/strong> Un seul appareil, deux saveurs excitantes - tournez l'embout pour changer.<\/li>\n\n\n\n<li><strong>Hits doux et savoureux :<\/strong> La bobine \u00e0 double maille de 1,0\u03a9 assure un chauffage uniforme, une saveur riche et une vapeur dense.<\/li>\n\n\n\n<li><strong>\u00c9cran intelligent :<\/strong> Contr\u00f4le en temps r\u00e9el de la batterie et de l'e-liquide pour un contr\u00f4le sans effort.<\/li>\n\n\n\n<li><strong>Batterie longue dur\u00e9e :<\/strong> La batterie rechargeable de 650mAh garantit une utilisation compl\u00e8te de 30ML d'e-liquide.<\/li>\n\n\n\n<li><strong>Conception portative :<\/strong> Le corps rectangulaire ergonomique tient confortablement dans la main et dans la poche.<\/li>\n\n\n\n<li><strong>Chargement pratique :<\/strong> Port USB de type C pour une recharge rapide et fiable.<\/li>\n<\/ul>\n\n\n\n<h2 class=\"wp-block-heading\" id=\"h-wholesale-b2b-paragraph\">Vente en gros \/ B2B Paragraphe<\/h2>\n\n\n\n<p>Les acheteurs en gros et les distributeurs peuvent profiter des avantages suivants <strong>Stock de l'entrep\u00f4t europ\u00e9en<\/strong>, en veillant \u00e0 ce que <strong>livraison rapide en 1-3 jours<\/strong> dans toute l'Europe. Chaque carton de 10 paquets offre une <strong>dispositifs \u00e0 double ar\u00f4me<\/strong> id\u00e9al pour la vente au d\u00e9tail ou la distribution B2B. Gr\u00e2ce \u00e0 son nombre \u00e9lev\u00e9 de bouff\u00e9es et \u00e0 sa conception rechargeable, le Razz Bar 40000 offre une grande souplesse d'utilisation. <strong>exp\u00e9rience de vaporisation jetable de premi\u00e8re qualit\u00e9<\/strong> qui incite les clients \u00e0 revenir.<\/p>\n\n\n\n<h2 class=\"wp-block-heading\" id=\"h-razz-bar-40000-faq\">Razz Bar 40000 FAQ<\/h2>\n\n\n\n<p><strong>Q1 : Quelle est la dur\u00e9e de vie d'un Razz Bar 40000 ?<\/strong><br>R : Chaque dispositif offre jusqu'\u00e0 <strong>40k Puffs<\/strong>, selon les habitudes d'utilisation.<\/p>\n\n\n\n<p><strong>Q2 : Puis-je recharger la Razz Bar 40k Vape ?<\/strong><br>R : Oui, il comprend un <strong>Batterie rechargeable de 650 mAh<\/strong> avec charge de type C.<\/p>\n\n\n\n<p><strong>Q3 : Comment puis-je passer d'une saveur \u00e0 l'autre ?<\/strong><br>R : Tout simplement <strong>tourner l'embout<\/strong> pour passer d'une version \u00e0 l'autre.<\/p>\n\n\n\n<p><strong>Q4 : La nicotine est-elle incluse ?<\/strong><br>R : Oui, vous avez le choix entre <strong>0% (20mg\/mL) ou 2% (50mg\/mL) taux de nicotine<\/strong>.<\/p>\n\n\n\n<p><strong>Q5 : Quelle est la rapidit\u00e9 d'exp\u00e9dition pour les commandes en gros ?<\/strong><br>R : De notre <strong>entrep\u00f4t europ\u00e9en<\/strong>, le d\u00e9lai de livraison est de <strong>1-3 jours<\/strong>.<\/p>","protected":false},"excerpt":{"rendered":"<p data-start=\"82\" data-end=\"330\">Le <strong data-start=\"119\" data-end=\"137\">Razz Bar 40000<\/strong> est une vape jetable 2-en-1 de grande capacit\u00e9 avec jusqu'\u00e0 <strong data-start=\"191\" data-end=\"207\">40k Puffs<\/strong>, Il est dot\u00e9 d'une batterie rechargeable de 650mAh et de 10 combinaisons d'ar\u00f4mes excitantes pour une vaporisation douce et de longue dur\u00e9e.<\/p>","protected":false},"featured_media":66901,"comment_status":"open","ping_status":"closed","template":"","meta":{"_acf_changed":true},"product_brand":[],"product_cat":[134,110],"product_tag":[],"class_list":{"0":"post-66900","1":"product","2":"type-product","3":"status-publish","4":"has-post-thumbnail","6":"product_cat-eu-warehouse-in-stock","7":"product_cat-razz-bar","9":"first","10":"instock","11":"shipping-taxable","12":"purchasable","13":"product-type-variable"},"acf":[],"yoast_head":"<!-- This site is optimized with the Yoast SEO Premium plugin v26.1 (Yoast SEO v27.5) - https:\/\/yoast.com\/product\/yoast-seo-premium-wordpress\/ -->\n<title>Razz Bar 40000 40k Puffs 2-in-1 Dual-Flavor Vape \u2013 Crystal Edition | High-Capacity Disposable Vape - vozolvapen<\/title>\n<meta name=\"description\" content=\"Experience the Razz Bar 40000 with up to 40,000 puffs and dual-flavor \u201cTwins\u201d design. Rechargeable 650mAh battery, ergonomic design, and 10 exciting flavor combos. Perfect for long-lasting vaping and B2B wholesale.\" \/>\n<meta name=\"robots\" content=\"index, follow, max-snippet:-1, max-image-preview:large, max-video-preview:-1\" \/>\n<link rel=\"canonical\" href=\"https:\/\/vozolvapen.de\/fr\/product\/razz-bar-40000-40k-puffs-disposable-vape-2-in-1-flavors-eu-warehouse-wholesale\/\" \/>\n<meta property=\"og:locale\" content=\"fr_FR\" \/>\n<meta property=\"og:type\" content=\"article\" \/>\n<meta property=\"og:title\" content=\"Razz Bar 40000 40k Puffs Disposable Vape | 2 in 1 Flavors | EU Warehouse Wholesale\" \/>\n<meta property=\"og:description\" content=\"Experience the Razz Bar 40000 with up to 40,000 puffs and dual-flavor \u201cTwins\u201d design. Rechargeable 650mAh battery, ergonomic design, and 10 exciting flavor combos. Perfect for long-lasting vaping and B2B wholesale.\" \/>\n<meta property=\"og:url\" content=\"https:\/\/vozolvapen.de\/fr\/product\/razz-bar-40000-40k-puffs-disposable-vape-2-in-1-flavors-eu-warehouse-wholesale\/\" \/>\n<meta property=\"og:site_name\" content=\"vozolvapen\" \/>\n<meta property=\"article:modified_time\" content=\"2026-02-27T09:23:54+00:00\" \/>\n<meta property=\"og:image\" content=\"https:\/\/vozolvapen.de\/wp-content\/uploads\/2026\/02\/Razz-bar-40000-40k-Puffs-2-in-1-Disposable-Vape-6.webp\" \/>\n\t<meta property=\"og:image:width\" content=\"1200\" \/>\n\t<meta property=\"og:image:height\" content=\"1200\" \/>\n\t<meta property=\"og:image:type\" content=\"image\/webp\" \/>\n<meta name=\"twitter:card\" content=\"summary_large_image\" \/>\n<meta name=\"twitter:label1\" content=\"Dur\u00e9e de lecture estim\u00e9e\" \/>\n\t<meta name=\"twitter:data1\" content=\"3 minutes\" \/>\n<script type=\"application\/ld+json\" class=\"yoast-schema-graph\">{\"@context\":\"https:\\\/\\\/schema.org\",\"@graph\":[{\"@type\":\"WebPage\",\"@id\":\"https:\\\/\\\/vozolvapen.de\\\/product\\\/razz-bar-40000-40k-puffs-disposable-vape-2-in-1-flavors-eu-warehouse-wholesale\\\/\",\"url\":\"https:\\\/\\\/vozolvapen.de\\\/product\\\/razz-bar-40000-40k-puffs-disposable-vape-2-in-1-flavors-eu-warehouse-wholesale\\\/\",\"name\":\"Razz Bar 40000 40k Puffs 2-in-1 Dual-Flavor Vape \u2013 Crystal Edition | High-Capacity Disposable Vape - vozolvapen\",\"isPartOf\":{\"@id\":\"https:\\\/\\\/vozolvapen.de\\\/#website\"},\"primaryImageOfPage\":{\"@id\":\"https:\\\/\\\/vozolvapen.de\\\/product\\\/razz-bar-40000-40k-puffs-disposable-vape-2-in-1-flavors-eu-warehouse-wholesale\\\/#primaryimage\"},\"image\":{\"@id\":\"https:\\\/\\\/vozolvapen.de\\\/product\\\/razz-bar-40000-40k-puffs-disposable-vape-2-in-1-flavors-eu-warehouse-wholesale\\\/#primaryimage\"},\"thumbnailUrl\":\"https:\\\/\\\/vozolvapen.de\\\/wp-content\\\/uploads\\\/2026\\\/02\\\/Razz-bar-40000-40k-Puffs-2-in-1-Disposable-Vape-6.webp\",\"datePublished\":\"2026-02-25T10:25:38+00:00\",\"dateModified\":\"2026-02-27T09:23:54+00:00\",\"description\":\"Experience the Razz Bar 40000 with up to 40,000 puffs and dual-flavor \u201cTwins\u201d design. Rechargeable 650mAh battery, ergonomic design, and 10 exciting flavor combos. Perfect for long-lasting vaping and B2B wholesale.\",\"breadcrumb\":{\"@id\":\"https:\\\/\\\/vozolvapen.de\\\/product\\\/razz-bar-40000-40k-puffs-disposable-vape-2-in-1-flavors-eu-warehouse-wholesale\\\/#breadcrumb\"},\"inLanguage\":\"fr-FR\",\"potentialAction\":[{\"@type\":\"ReadAction\",\"target\":[\"https:\\\/\\\/vozolvapen.de\\\/product\\\/razz-bar-40000-40k-puffs-disposable-vape-2-in-1-flavors-eu-warehouse-wholesale\\\/\"]}]},{\"@type\":\"ImageObject\",\"inLanguage\":\"fr-FR\",\"@id\":\"https:\\\/\\\/vozolvapen.de\\\/product\\\/razz-bar-40000-40k-puffs-disposable-vape-2-in-1-flavors-eu-warehouse-wholesale\\\/#primaryimage\",\"url\":\"https:\\\/\\\/vozolvapen.de\\\/wp-content\\\/uploads\\\/2026\\\/02\\\/Razz-bar-40000-40k-Puffs-2-in-1-Disposable-Vape-6.webp\",\"contentUrl\":\"https:\\\/\\\/vozolvapen.de\\\/wp-content\\\/uploads\\\/2026\\\/02\\\/Razz-bar-40000-40k-Puffs-2-in-1-Disposable-Vape-6.webp\",\"width\":1200,\"height\":1200,\"caption\":\"Razz Bar 40000 40k Puffs 2 In 1 Disposable Vape 6 Device\"},{\"@type\":\"BreadcrumbList\",\"@id\":\"https:\\\/\\\/vozolvapen.de\\\/product\\\/razz-bar-40000-40k-puffs-disposable-vape-2-in-1-flavors-eu-warehouse-wholesale\\\/#breadcrumb\",\"itemListElement\":[{\"@type\":\"ListItem\",\"position\":1,\"name\":\"Home\",\"item\":\"https:\\\/\\\/vozolvapen.de\\\/de\\\/\"},{\"@type\":\"ListItem\",\"position\":2,\"name\":\"Shop\",\"item\":\"https:\\\/\\\/vozolvapen.de\\\/shop\\\/\"},{\"@type\":\"ListItem\",\"position\":3,\"name\":\"Razz Bar 40000 40k Puffs Disposable Vape | 2 in 1 Flavors | EU Warehouse Wholesale\"}]},{\"@type\":\"WebSite\",\"@id\":\"https:\\\/\\\/vozolvapen.de\\\/#website\",\"url\":\"https:\\\/\\\/vozolvapen.de\\\/\",\"name\":\"vozolvapen\",\"description\":\"vozolvapen\",\"publisher\":{\"@id\":\"https:\\\/\\\/vozolvapen.de\\\/#organization\"},\"potentialAction\":[{\"@type\":\"SearchAction\",\"target\":{\"@type\":\"EntryPoint\",\"urlTemplate\":\"https:\\\/\\\/vozolvapen.de\\\/?s={search_term_string}\"},\"query-input\":{\"@type\":\"PropertyValueSpecification\",\"valueRequired\":true,\"valueName\":\"search_term_string\"}}],\"inLanguage\":\"fr-FR\"},{\"@type\":\"Organization\",\"@id\":\"https:\\\/\\\/vozolvapen.de\\\/#organization\",\"name\":\"vozolvapen\",\"url\":\"https:\\\/\\\/vozolvapen.de\\\/\",\"logo\":{\"@type\":\"ImageObject\",\"inLanguage\":\"fr-FR\",\"@id\":\"https:\\\/\\\/vozolvapen.de\\\/#\\\/schema\\\/logo\\\/image\\\/\",\"url\":\"https:\\\/\\\/vozolvapen.de\\\/wp-content\\\/uploads\\\/2025\\\/12\\\/cropped-vozovapen-logo.webp\",\"contentUrl\":\"https:\\\/\\\/vozolvapen.de\\\/wp-content\\\/uploads\\\/2025\\\/12\\\/cropped-vozovapen-logo.webp\",\"width\":470,\"height\":110,\"caption\":\"vozolvapen\"},\"image\":{\"@id\":\"https:\\\/\\\/vozolvapen.de\\\/#\\\/schema\\\/logo\\\/image\\\/\"}}]}<\/script>\n<!-- \/ Yoast SEO Premium plugin. -->","yoast_head_json":{"title":"Razz Bar 40000 40k Puffs 2-in-1 Dual-Flavor Vape - Crystal Edition | High-Capacity Disposable Vape - vozolvapen","description":"D\u00e9couvrez le Razz Bar 40000 avec jusqu'\u00e0 40 000 bouff\u00e9es et le design \u201cTwins\u201d \u00e0 double saveur. Batterie rechargeable de 650mAh, design ergonomique et 10 combinaisons de saveurs excitantes. Parfait pour le vapotage de longue dur\u00e9e et la vente en gros B2B.","robots":{"index":"index","follow":"follow","max-snippet":"max-snippet:-1","max-image-preview":"max-image-preview:large","max-video-preview":"max-video-preview:-1"},"canonical":"https:\/\/vozolvapen.de\/fr\/product\/razz-bar-40000-40k-puffs-disposable-vape-2-in-1-flavors-eu-warehouse-wholesale\/","og_locale":"fr_FR","og_type":"article","og_title":"Razz Bar 40000 40k Puffs Disposable Vape | 2 in 1 Flavors | EU Warehouse Wholesale","og_description":"Experience the Razz Bar 40000 with up to 40,000 puffs and dual-flavor \u201cTwins\u201d design. Rechargeable 650mAh battery, ergonomic design, and 10 exciting flavor combos. Perfect for long-lasting vaping and B2B wholesale.","og_url":"https:\/\/vozolvapen.de\/fr\/product\/razz-bar-40000-40k-puffs-disposable-vape-2-in-1-flavors-eu-warehouse-wholesale\/","og_site_name":"vozolvapen","article_modified_time":"2026-02-27T09:23:54+00:00","og_image":[{"width":1200,"height":1200,"url":"https:\/\/vozolvapen.de\/wp-content\/uploads\/2026\/02\/Razz-bar-40000-40k-Puffs-2-in-1-Disposable-Vape-6.webp","type":"image\/webp"}],"twitter_card":"summary_large_image","twitter_misc":{"Dur\u00e9e de lecture estim\u00e9e":"3 minutes"},"schema":{"@context":"https:\/\/schema.org","@graph":[{"@type":"WebPage","@id":"https:\/\/vozolvapen.de\/product\/razz-bar-40000-40k-puffs-disposable-vape-2-in-1-flavors-eu-warehouse-wholesale\/","url":"https:\/\/vozolvapen.de\/product\/razz-bar-40000-40k-puffs-disposable-vape-2-in-1-flavors-eu-warehouse-wholesale\/","name":"Razz Bar 40000 40k Puffs 2-in-1 Dual-Flavor Vape - Crystal Edition | High-Capacity Disposable Vape - vozolvapen","isPartOf":{"@id":"https:\/\/vozolvapen.de\/#website"},"primaryImageOfPage":{"@id":"https:\/\/vozolvapen.de\/product\/razz-bar-40000-40k-puffs-disposable-vape-2-in-1-flavors-eu-warehouse-wholesale\/#primaryimage"},"image":{"@id":"https:\/\/vozolvapen.de\/product\/razz-bar-40000-40k-puffs-disposable-vape-2-in-1-flavors-eu-warehouse-wholesale\/#primaryimage"},"thumbnailUrl":"https:\/\/vozolvapen.de\/wp-content\/uploads\/2026\/02\/Razz-bar-40000-40k-Puffs-2-in-1-Disposable-Vape-6.webp","datePublished":"2026-02-25T10:25:38+00:00","dateModified":"2026-02-27T09:23:54+00:00","description":"D\u00e9couvrez le Razz Bar 40000 avec jusqu'\u00e0 40 000 bouff\u00e9es et le design \u201cTwins\u201d \u00e0 double saveur. Batterie rechargeable de 650mAh, design ergonomique et 10 combinaisons de saveurs excitantes. Parfait pour le vapotage de longue dur\u00e9e et la vente en gros B2B.","breadcrumb":{"@id":"https:\/\/vozolvapen.de\/product\/razz-bar-40000-40k-puffs-disposable-vape-2-in-1-flavors-eu-warehouse-wholesale\/#breadcrumb"},"inLanguage":"fr-FR","potentialAction":[{"@type":"ReadAction","target":["https:\/\/vozolvapen.de\/product\/razz-bar-40000-40k-puffs-disposable-vape-2-in-1-flavors-eu-warehouse-wholesale\/"]}]},{"@type":"ImageObject","inLanguage":"fr-FR","@id":"https:\/\/vozolvapen.de\/product\/razz-bar-40000-40k-puffs-disposable-vape-2-in-1-flavors-eu-warehouse-wholesale\/#primaryimage","url":"https:\/\/vozolvapen.de\/wp-content\/uploads\/2026\/02\/Razz-bar-40000-40k-Puffs-2-in-1-Disposable-Vape-6.webp","contentUrl":"https:\/\/vozolvapen.de\/wp-content\/uploads\/2026\/02\/Razz-bar-40000-40k-Puffs-2-in-1-Disposable-Vape-6.webp","width":1200,"height":1200,"caption":"Razz Bar 40000 40k Puffs 2 In 1 Disposable Vape 6 Device"},{"@type":"BreadcrumbList","@id":"https:\/\/vozolvapen.de\/product\/razz-bar-40000-40k-puffs-disposable-vape-2-in-1-flavors-eu-warehouse-wholesale\/#breadcrumb","itemListElement":[{"@type":"ListItem","position":1,"name":"Home","item":"https:\/\/vozolvapen.de\/de\/"},{"@type":"ListItem","position":2,"name":"Shop","item":"https:\/\/vozolvapen.de\/shop\/"},{"@type":"ListItem","position":3,"name":"Razz Bar 40000 40k Puffs Disposable Vape | 2 in 1 Flavors | EU Warehouse Wholesale"}]},{"@type":"WebSite","@id":"https:\/\/vozolvapen.de\/#website","url":"https:\/\/vozolvapen.de\/","name":"vozolvapen","description":"vozolvapen","publisher":{"@id":"https:\/\/vozolvapen.de\/#organization"},"potentialAction":[{"@type":"SearchAction","target":{"@type":"EntryPoint","urlTemplate":"https:\/\/vozolvapen.de\/?s={search_term_string}"},"query-input":{"@type":"PropertyValueSpecification","valueRequired":true,"valueName":"search_term_string"}}],"inLanguage":"fr-FR"},{"@type":"Organization","@id":"https:\/\/vozolvapen.de\/#organization","name":"vozolvapen","url":"https:\/\/vozolvapen.de\/","logo":{"@type":"ImageObject","inLanguage":"fr-FR","@id":"https:\/\/vozolvapen.de\/#\/schema\/logo\/image\/","url":"https:\/\/vozolvapen.de\/wp-content\/uploads\/2025\/12\/cropped-vozovapen-logo.webp","contentUrl":"https:\/\/vozolvapen.de\/wp-content\/uploads\/2025\/12\/cropped-vozovapen-logo.webp","width":470,"height":110,"caption":"vozolvapen"},"image":{"@id":"https:\/\/vozolvapen.de\/#\/schema\/logo\/image\/"}}]}},"tiered_pricing_type":"fixed","tiered_pricing_fixed_rules":{"100":"9.67","400":"8.02"},"tiered_pricing_product_settings":{"layout":"default","base_unit_name":{"singular":null,"plural":null},"default_variation":{}},"tiered_pricing_minimum_quantity":50,"tiered_pricing_roles_data":[],"tiered_pricing_percentage_rules":[],"tiered_pricing_maximum_quantity":null,"tiered_pricing_quantity_step":"10","_links":{"self":[{"href":"https:\/\/vozolvapen.de\/fr\/wp-json\/wp\/v2\/product\/66900","targetHints":{"allow":["GET"]}}],"collection":[{"href":"https:\/\/vozolvapen.de\/fr\/wp-json\/wp\/v2\/product"}],"about":[{"href":"https:\/\/vozolvapen.de\/fr\/wp-json\/wp\/v2\/types\/product"}],"replies":[{"embeddable":true,"href":"https:\/\/vozolvapen.de\/fr\/wp-json\/wp\/v2\/comments?post=66900"}],"wp:featuredmedia":[{"embeddable":true,"href":"https:\/\/vozolvapen.de\/fr\/wp-json\/wp\/v2\/media\/66901"}],"wp:attachment":[{"href":"https:\/\/vozolvapen.de\/fr\/wp-json\/wp\/v2\/media?parent=66900"}],"wp:term":[{"taxonomy":"product_brand","embeddable":true,"href":"https:\/\/vozolvapen.de\/fr\/wp-json\/wp\/v2\/product_brand?post=66900"},{"taxonomy":"product_cat","embeddable":true,"href":"https:\/\/vozolvapen.de\/fr\/wp-json\/wp\/v2\/product_cat?post=66900"},{"taxonomy":"product_tag","embeddable":true,"href":"https:\/\/vozolvapen.de\/fr\/wp-json\/wp\/v2\/product_tag?post=66900"}],"curies":[{"name":"wp","href":"https:\/\/api.w.org\/{rel}","templated":true}]}}