{"id":69859,"date":"2026-05-11T05:55:41","date_gmt":"2026-05-11T05:55:41","guid":{"rendered":"https:\/\/vozolvapen.de\/?post_type=product&#038;p=69859"},"modified":"2026-05-11T07:29:04","modified_gmt":"2026-05-11T07:29:04","slug":"hyppe-infiniti-50k-50000-puffs-kiwi-melon-blush","status":"publish","type":"product","link":"https:\/\/vozolvapen.de\/fr\/product\/hyppe-infiniti-50k-50000-puffs-kiwi-melon-blush\/","title":{"rendered":"Hyppe Infiniti 50K 50000 Puffs - KIWI MELON BLUSH"},"content":{"rendered":"<p>Laissez-vous s\u00e9duire par les notes d\u00e9licates et florales de <strong>Hyppe Infiniti 50K Kiwi Melon Blush<\/strong>, Ce profil raffin\u00e9 et non glac\u00e9 offre 50 000 bouff\u00e9es d'un \u201cblush\u201d de fruits \u00e0 plusieurs niveaux qui reste incroyablement constant gr\u00e2ce \u00e0 l'utilisation d'un m\u00e9lange de fruits et d'eau. Ce profil raffin\u00e9 et non glac\u00e9 offre 50 000 bouff\u00e9es d'un \"blush\" de fruits multicouches qui reste incroyablement constant gr\u00e2ce \u00e0 la technologie de l'eau de Javel. <strong>Infiniti 50000<\/strong> syst\u00e8me \u00e0 double maille.<\/p>\n\n\n\n<h2 class=\"wp-block-heading\" id=\"h-kiwi-melon-blush-velvet-fruit\">KIWI MELON BLUSH (Fruit de velours)<\/h2>\n\n\n\n<p><strong>L'inspiration :<\/strong> Un \u201czip\u201d vif et tropical de kiwi vert. Il donne une ouverture vive et acide qui s'adoucit rapidement.<\/p>\n\n\n\n<p><strong>La section m\u00e9diane :<\/strong> Un m\u00e9lange de melon luxuriant (melon miel et cantaloup) prend le relais, cr\u00e9ant une note m\u00e9diane douce et mielleuse qui semble tr\u00e8s raffin\u00e9e.<\/p>\n\n\n\n<p><strong>L'arri\u00e8re-go\u00fbt :<\/strong> Un \u201cblush\u201d de notes florales de baies l\u00e9g\u00e8res. La finale n'est pas glac\u00e9e et se concentre uniquement sur l'\u00e9l\u00e9gance aromatique du fruit.<\/p>\n\n\n\n<p><strong>Ambiance :<\/strong> El\u00e9gant, rond et aromatique.<\/p>\n\n\n\n<h2 class=\"wp-block-heading\" id=\"h-product-specifications\">Sp\u00e9cifications du produit<\/h2>\n\n\n\n<figure class=\"wp-block-table\"><table class=\"has-fixed-layout\"><thead><tr><td><strong>Attribut technique<\/strong><\/td><td><strong>D\u00e9tail des sp\u00e9cifications<\/strong><\/td><td><strong>Prestation de performance<\/strong><\/td><\/tr><\/thead><tbody><tr><td><strong>S\u00e9rie de mod\u00e8les<\/strong><\/td><td>Hyppe Infiniti 50K<\/td><td>Jetable intelligent de grande capacit\u00e9.<\/td><\/tr><tr><td><strong>Nombre de Puff<\/strong><\/td><td>Jusqu'\u00e0 50 000 bouff\u00e9es<\/td><td>Une long\u00e9vit\u00e9 in\u00e9gal\u00e9e dans l'industrie pour une valeur \u00e0 long terme.<\/td><\/tr><tr><td><strong>Technologie d'affichage<\/strong><\/td><td><strong>\u00c9cran panoramique \u00e0 360<\/strong><\/td><td>Suivi en temps r\u00e9el des niveaux d'e-liquide et de batterie.<\/td><\/tr><tr><td><strong>Modes de performance<\/strong><\/td><td><strong>Modes Normal et Boost<\/strong><\/td><td>Passez d'une dur\u00e9e de vie prolong\u00e9e \u00e0 une intensit\u00e9 de saveur.<\/td><\/tr><tr><td><strong>Architecture des bobines<\/strong><\/td><td>R\u00e9sistance avanc\u00e9e en mesh 1,0 \u03a9<\/td><td>Chauffage rapide pour des nuages de vapeur consistants et denses.<\/td><\/tr><tr><td><strong>Teneur en nicotine<\/strong><\/td><td>5% (50mg\/mL) Sels de nicotine<\/td><td>La gorge est douce et la satisfaction rapide.<\/td><\/tr><tr><td><strong>Capacit\u00e9 en liquide<\/strong><\/td><td>R\u00e9servoir pr\u00e9-rempli ultra-large<\/td><td>Soutient le potentiel massif de 50 000 bouff\u00e9es.<\/td><\/tr><tr><td><strong>Syst\u00e8me de batterie<\/strong><\/td><td>650 mAh haute densit\u00e9 au cobalt<\/td><td>Puissance stable m\u00eame en cas de faible charge.<\/td><\/tr><tr><td><strong>Interface de chargement<\/strong><\/td><td>Charge rapide USB Type-C<\/td><td>Minimisez les temps d'arr\u00eat gr\u00e2ce \u00e0 la charge \u00e0 synchronisation rapide.<\/td><\/tr><tr><td><strong>Activation<\/strong><\/td><td>Activation du tirage de pr\u00e9cision<\/td><td>R\u00e9ponse instantan\u00e9e sans aucun bouton.<\/td><\/tr><tr><td><strong>Caract\u00e9ristiques de s\u00e9curit\u00e9<\/strong><\/td><td>Protection contre les surcharges et les courts-circuits<\/td><td>Con\u00e7u pour une utilisation quotidienne s\u00fbre et fiable.<\/td><\/tr><\/tbody><\/table><\/figure>\n\n\n\n<h2 class=\"wp-block-heading\" id=\"h-hyppe-infiniti-50k-flavor-specific-faq\">Hyppe Infiniti 50K : FAQ sur les ar\u00f4mes<\/h2>\n\n\n\n<blockquote class=\"wp-block-quote is-layout-flow wp-block-quote-is-layout-flow\">\n<p><strong>Q : Comment la saveur de KIWI MELON BLUSH reste-t-elle constante apr\u00e8s 50 000 bouff\u00e9es ?<\/strong> <strong>A :<\/strong> Le <strong>Hyppe Infiniti 50K<\/strong> utilise un syst\u00e8me de bobine \u00e0 double parcours de 1,0\u03a9. Contrairement aux produits jetables standard dont l'ar\u00f4me se d\u00e9grade avec le temps, le syst\u00e8me de bobines \u00e0 double parcours de 1,0\u03a9 est un syst\u00e8me de bobines \u00e0 mailles. <strong>Infiniti 50000<\/strong> Cette architecture garantit que le profil du KIWI MELON BLUSH reste vif et satur\u00e9 de la premi\u00e8re \u00e0 la derni\u00e8re goutte de son \u00e9norme r\u00e9servoir de 29 ml.<\/p>\n<\/blockquote>\n\n\n\n<blockquote class=\"wp-block-quote is-layout-flow wp-block-quote-is-layout-flow\">\n<p><strong>Q : L'utilisation du mode Boost affectera-t-elle les notes de d\u00e9gustation de KIWI MELON BLUSH ?<\/strong> <strong>A :<\/strong> Oui, mais de mani\u00e8re positive. En passant \u00e0 <strong>Mode Boost<\/strong> sur votre <strong>Hyppe Infinity vape<\/strong> augmente la puissance de l'\u00e9l\u00e9ment chauffant. Pour KIWI MELON BLUSH, cela se traduit par une vapeur plus chaude, un ar\u00f4me plus intense et une \u201cfloraison\u201d plus prononc\u00e9e des notes de fruits ou de menthol, bien que l'e-liquide soit consomm\u00e9 un peu plus rapidement.<\/p>\n<\/blockquote>\n\n\n\n<blockquote class=\"wp-block-quote is-layout-flow wp-block-quote-is-layout-flow\">\n<p><strong>Q : Le profil KIWI MELON BLUSH est-il trop sucr\u00e9 ou trop glac\u00e9 ?<\/strong> <strong>A :<\/strong> Nous classons KIWI MELON BLUSH dans la cat\u00e9gorie des profils glac\u00e9s. Con\u00e7u pour une utilisation tout au long de la journ\u00e9e, il offre un \u00e9quilibre entre des ar\u00f4mes de haute fid\u00e9lit\u00e9 et un effet de gorge doux. Vous pouvez contr\u00f4ler le \u201cvibe\u201d et l'intensit\u00e9 de vos tirages en temps r\u00e9el sur l'\u00e9cran de l'appareil. <strong>\u00c9cran intelligent \u00e0 360 degr\u00e9s<\/strong>.<\/p>\n<\/blockquote>\n\n\n\n<blockquote class=\"wp-block-quote is-layout-flow wp-block-quote-is-layout-flow\">\n<p><strong>Q : Comment puis-je savoir si mon Hyppe Infiniti 50K KIWI MELON BLUSH est authentique ?<\/strong> <strong>A :<\/strong> Tous authentiques <strong>Hyppe Infiniti 50000<\/strong> sont accompagn\u00e9s d'un code de v\u00e9rification unique sur l'emballage. En outre, la qualit\u00e9 de fabrication sup\u00e9rieure des <strong>Affichage de la vapeur \u00e0 360<\/strong> et la complexit\u00e9 raffin\u00e9e du KIWI MELON BLUSH sont la marque d'une v\u00e9ritable ing\u00e9nierie Hyppe.<\/p>\n<\/blockquote>\n\n\n\n<blockquote class=\"wp-block-quote is-layout-flow wp-block-quote-is-layout-flow\">\n<p><strong>Q : Pourquoi devrais-je choisir KIWI MELON BLUSH dans la version 50 000 bouff\u00e9es ?<\/strong> <strong>A :<\/strong> Le <strong>Hyppe Infiniti 50K<\/strong> offre le meilleur co\u00fbt par bouff\u00e9e de l'industrie. En choisissant la version 50 000 bouff\u00e9es de KIWI MELON BLUSH, vous r\u00e9duisez la fr\u00e9quence des changements d'appareil tout en profitant d'un appareil intelligent de premier plan dot\u00e9 d'un design futuriste. <strong>pr\u00e9sentoir \u00e0 vape<\/strong> esth\u00e9tique.<\/p>\n<\/blockquote>\n\n\n\n<h2 class=\"wp-block-heading\" id=\"h-related-hyppe-50k-flavors\">Saveurs connexes Hyppe 50K<\/h2>\n\n\n\n<p>1.<a href=\"https:\/\/vozolvapen.de\/fr\/product\/hyppe-infiniti-50k-50000-puffs-naked\/\">NAKED<\/a><br>2.<a href=\"https:\/\/vozolvapen.de\/fr\/product\/hyppe-infiniti-50k-50000-puffs-blue-razz-freeze\/\">Blue Razz Freeze<\/a><br>3.<a href=\"https:\/\/vozolvapen.de\/fr\/product\/hyppe-infiniti-50k-50000-puffs-cool-mint\/\">Menthe fra\u00eeche<\/a><br>4.<a href=\"https:\/\/vozolvapen.de\/fr\/product\/hyppe-infiniti-50k-50000-puffs-peach-freeze\/\">PECH FREE ZE<\/a><br>5.<a href=\"https:\/\/vozolvapen.de\/fr\/product\/hyppe-infiniti-50k-50000-puffs-white-gummy-freeze\/\">Gomme gel\u00e9e blanche<\/a><br>6.<a href=\"https:\/\/vozolvapen.de\/fr\/product\/hyppe-infiniti-50k-50000-puffs-sou-summer-fab\/\">Sou Summer Fab<\/a><br>7.<a href=\"https:\/\/vozolvapen.de\/fr\/product\/hyppe-infiniti-50k-50000-puffs-hawaiian-fog\/\">HawaiianFoG<\/a><br>8.<a href=\"https:\/\/vozolvapen.de\/fr\/product\/hyppe-infiniti-50k-50000-puffs-virginia-tobacco\/\">VirginieTabac<\/a><br>9.<a href=\"https:\/\/vozolvapen.de\/fr\/product\/hyppe-infiniti-50k-50000-puffs-grape-aloe-freeze\/\">Gel d'alo\u00e8s au raisin<\/a><br>10.<a href=\"https:\/\/vozolvapen.de\/fr\/product\/hyppe-infiniti-50k-50000-puffs-sour-watermelon-freeze\/\">Gel de past\u00e8que acidul\u00e9e<\/a><br>12.<a href=\"https:\/\/vozolvapen.de\/fr\/product\/hyppe-infiniti-50k-50000-puffs-mighty-mint\/\">MightyMint<\/a><br>13.<a href=\"https:\/\/vozolvapen.de\/fr\/product\/hyppe-infiniti-50k-50000-puffs-fizzy-cola\/\">FIZZY COLA<\/a><\/p>","protected":false},"excerpt":{"rendered":"<p>Une \u00e9l\u00e9gante symphonie de fruits. <b data-path-to-node=\"29,2,0\" data-index-in-node=\"46\">Kiwi Melon Blush Hyppe Infiniti 50K<\/b> met en valeur le piquant du kiwi vert sur fond de melon doux et mielleux. Un choix raffin\u00e9 et non glac\u00e9 pour les connaisseurs.<\/p>","protected":false},"featured_media":69914,"comment_status":"open","ping_status":"closed","template":"","meta":{"_acf_changed":false},"product_brand":[],"product_cat":[170],"product_tag":[],"class_list":{"0":"post-69859","1":"product","2":"type-product","3":"status-publish","4":"has-post-thumbnail","6":"product_cat-hyppe-infiniti-50k-50000-puffs","8":"first","9":"instock","10":"shipping-taxable","11":"purchasable","12":"product-type-variable"},"acf":[],"yoast_head":"<!-- This site is optimized with the Yoast SEO Premium plugin v26.1 (Yoast SEO v27.5) - https:\/\/yoast.com\/product\/yoast-seo-premium-wordpress\/ -->\n<title>Kiwi Melon Blush Hyppe Infiniti 50K | Fruit Fusion 50k Puffs<\/title>\n<meta name=\"description\" content=\"Sophisticated sweetness! Kiwi Melon Blush Hyppe Infiniti 50K. 50,000 puffs of tart kiwi &amp; honeyed melon. Flagship 360\u00b0 visual tech.\" \/>\n<meta name=\"robots\" content=\"index, follow, max-snippet:-1, max-image-preview:large, max-video-preview:-1\" \/>\n<link rel=\"canonical\" href=\"https:\/\/vozolvapen.de\/fr\/product\/hyppe-infiniti-50k-50000-puffs-kiwi-melon-blush\/\" \/>\n<meta property=\"og:locale\" content=\"fr_FR\" \/>\n<meta property=\"og:type\" content=\"article\" \/>\n<meta property=\"og:title\" content=\"Hyppe Infiniti 50K 50000 Puffs - KIWI MELON BLUSH\" \/>\n<meta property=\"og:description\" content=\"Sophisticated sweetness! Kiwi Melon Blush Hyppe Infiniti 50K. 50,000 puffs of tart kiwi &amp; honeyed melon. Flagship 360\u00b0 visual tech.\" \/>\n<meta property=\"og:url\" content=\"https:\/\/vozolvapen.de\/fr\/product\/hyppe-infiniti-50k-50000-puffs-kiwi-melon-blush\/\" \/>\n<meta property=\"og:site_name\" content=\"vozolvapen\" \/>\n<meta property=\"article:modified_time\" content=\"2026-05-11T07:29:04+00:00\" \/>\n<meta property=\"og:image\" content=\"https:\/\/vozolvapen.de\/wp-content\/uploads\/2026\/05\/kiwi-melon-blush-Hyppe-Infiniti-50K-50000-Puffs-1.webp\" \/>\n\t<meta property=\"og:image:width\" content=\"800\" \/>\n\t<meta property=\"og:image:height\" content=\"800\" \/>\n\t<meta property=\"og:image:type\" content=\"image\/webp\" \/>\n<meta name=\"twitter:card\" content=\"summary_large_image\" \/>\n<meta name=\"twitter:label1\" content=\"Dur\u00e9e de lecture estim\u00e9e\" \/>\n\t<meta name=\"twitter:data1\" content=\"2 minutes\" \/>\n<script type=\"application\/ld+json\" class=\"yoast-schema-graph\">{\"@context\":\"https:\\\/\\\/schema.org\",\"@graph\":[{\"@type\":\"WebPage\",\"@id\":\"https:\\\/\\\/vozolvapen.de\\\/product\\\/hyppe-infiniti-50k-50000-puffs-kiwi-melon-blush\\\/\",\"url\":\"https:\\\/\\\/vozolvapen.de\\\/product\\\/hyppe-infiniti-50k-50000-puffs-kiwi-melon-blush\\\/\",\"name\":\"Kiwi Melon Blush Hyppe Infiniti 50K | Fruit Fusion 50k Puffs\",\"isPartOf\":{\"@id\":\"https:\\\/\\\/vozolvapen.de\\\/#website\"},\"primaryImageOfPage\":{\"@id\":\"https:\\\/\\\/vozolvapen.de\\\/product\\\/hyppe-infiniti-50k-50000-puffs-kiwi-melon-blush\\\/#primaryimage\"},\"image\":{\"@id\":\"https:\\\/\\\/vozolvapen.de\\\/product\\\/hyppe-infiniti-50k-50000-puffs-kiwi-melon-blush\\\/#primaryimage\"},\"thumbnailUrl\":\"https:\\\/\\\/vozolvapen.de\\\/wp-content\\\/uploads\\\/2026\\\/05\\\/kiwi-melon-blush-Hyppe-Infiniti-50K-50000-Puffs-1.webp\",\"datePublished\":\"2026-05-11T05:55:41+00:00\",\"dateModified\":\"2026-05-11T07:29:04+00:00\",\"description\":\"Sophisticated sweetness! Kiwi Melon Blush Hyppe Infiniti 50K. 50,000 puffs of tart kiwi & honeyed melon. Flagship 360\u00b0 visual tech.\",\"breadcrumb\":{\"@id\":\"https:\\\/\\\/vozolvapen.de\\\/product\\\/hyppe-infiniti-50k-50000-puffs-kiwi-melon-blush\\\/#breadcrumb\"},\"inLanguage\":\"fr-FR\",\"potentialAction\":[{\"@type\":\"ReadAction\",\"target\":[\"https:\\\/\\\/vozolvapen.de\\\/product\\\/hyppe-infiniti-50k-50000-puffs-kiwi-melon-blush\\\/\"]}]},{\"@type\":\"ImageObject\",\"inLanguage\":\"fr-FR\",\"@id\":\"https:\\\/\\\/vozolvapen.de\\\/product\\\/hyppe-infiniti-50k-50000-puffs-kiwi-melon-blush\\\/#primaryimage\",\"url\":\"https:\\\/\\\/vozolvapen.de\\\/wp-content\\\/uploads\\\/2026\\\/05\\\/kiwi-melon-blush-Hyppe-Infiniti-50K-50000-Puffs-1.webp\",\"contentUrl\":\"https:\\\/\\\/vozolvapen.de\\\/wp-content\\\/uploads\\\/2026\\\/05\\\/kiwi-melon-blush-Hyppe-Infiniti-50K-50000-Puffs-1.webp\",\"width\":800,\"height\":800,\"caption\":\"Kiwi Melon Blush Hyppe Infiniti 50k 50000 Puffs 1 Disposable Vape Device\"},{\"@type\":\"BreadcrumbList\",\"@id\":\"https:\\\/\\\/vozolvapen.de\\\/product\\\/hyppe-infiniti-50k-50000-puffs-kiwi-melon-blush\\\/#breadcrumb\",\"itemListElement\":[{\"@type\":\"ListItem\",\"position\":1,\"name\":\"Home\",\"item\":\"https:\\\/\\\/vozolvapen.de\\\/de\\\/\"},{\"@type\":\"ListItem\",\"position\":2,\"name\":\"Shop\",\"item\":\"https:\\\/\\\/vozolvapen.de\\\/shop\\\/\"},{\"@type\":\"ListItem\",\"position\":3,\"name\":\"Hyppe Infiniti 50K 50000 Puffs &#8211; KIWI MELON BLUSH\"}]},{\"@type\":\"WebSite\",\"@id\":\"https:\\\/\\\/vozolvapen.de\\\/#website\",\"url\":\"https:\\\/\\\/vozolvapen.de\\\/\",\"name\":\"vozolvapen\",\"description\":\"vozolvapen\",\"publisher\":{\"@id\":\"https:\\\/\\\/vozolvapen.de\\\/#organization\"},\"potentialAction\":[{\"@type\":\"SearchAction\",\"target\":{\"@type\":\"EntryPoint\",\"urlTemplate\":\"https:\\\/\\\/vozolvapen.de\\\/?s={search_term_string}\"},\"query-input\":{\"@type\":\"PropertyValueSpecification\",\"valueRequired\":true,\"valueName\":\"search_term_string\"}}],\"inLanguage\":\"fr-FR\"},{\"@type\":\"Organization\",\"@id\":\"https:\\\/\\\/vozolvapen.de\\\/#organization\",\"name\":\"vozolvapen\",\"url\":\"https:\\\/\\\/vozolvapen.de\\\/\",\"logo\":{\"@type\":\"ImageObject\",\"inLanguage\":\"fr-FR\",\"@id\":\"https:\\\/\\\/vozolvapen.de\\\/#\\\/schema\\\/logo\\\/image\\\/\",\"url\":\"https:\\\/\\\/vozolvapen.de\\\/wp-content\\\/uploads\\\/2025\\\/12\\\/cropped-vozovapen-logo.webp\",\"contentUrl\":\"https:\\\/\\\/vozolvapen.de\\\/wp-content\\\/uploads\\\/2025\\\/12\\\/cropped-vozovapen-logo.webp\",\"width\":470,\"height\":110,\"caption\":\"vozolvapen\"},\"image\":{\"@id\":\"https:\\\/\\\/vozolvapen.de\\\/#\\\/schema\\\/logo\\\/image\\\/\"}}]}<\/script>\n<!-- \/ Yoast SEO Premium plugin. -->","yoast_head_json":{"title":"Kiwi Melon Blush Hyppe Infiniti 50K | Fruit Fusion 50k Puffs","description":"Une douceur sophistiqu\u00e9e ! Kiwi Melon Blush Hyppe Infiniti 50K. 50 000 bouff\u00e9es de kiwi acidul\u00e9 et de melon mielleux. Technologie visuelle \u00e0 360\u00b0.","robots":{"index":"index","follow":"follow","max-snippet":"max-snippet:-1","max-image-preview":"max-image-preview:large","max-video-preview":"max-video-preview:-1"},"canonical":"https:\/\/vozolvapen.de\/fr\/product\/hyppe-infiniti-50k-50000-puffs-kiwi-melon-blush\/","og_locale":"fr_FR","og_type":"article","og_title":"Hyppe Infiniti 50K 50000 Puffs - KIWI MELON BLUSH","og_description":"Sophisticated sweetness! Kiwi Melon Blush Hyppe Infiniti 50K. 50,000 puffs of tart kiwi & honeyed melon. Flagship 360\u00b0 visual tech.","og_url":"https:\/\/vozolvapen.de\/fr\/product\/hyppe-infiniti-50k-50000-puffs-kiwi-melon-blush\/","og_site_name":"vozolvapen","article_modified_time":"2026-05-11T07:29:04+00:00","og_image":[{"width":800,"height":800,"url":"https:\/\/vozolvapen.de\/wp-content\/uploads\/2026\/05\/kiwi-melon-blush-Hyppe-Infiniti-50K-50000-Puffs-1.webp","type":"image\/webp"}],"twitter_card":"summary_large_image","twitter_misc":{"Dur\u00e9e de lecture estim\u00e9e":"2 minutes"},"schema":{"@context":"https:\/\/schema.org","@graph":[{"@type":"WebPage","@id":"https:\/\/vozolvapen.de\/product\/hyppe-infiniti-50k-50000-puffs-kiwi-melon-blush\/","url":"https:\/\/vozolvapen.de\/product\/hyppe-infiniti-50k-50000-puffs-kiwi-melon-blush\/","name":"Kiwi Melon Blush Hyppe Infiniti 50K | Fruit Fusion 50k Puffs","isPartOf":{"@id":"https:\/\/vozolvapen.de\/#website"},"primaryImageOfPage":{"@id":"https:\/\/vozolvapen.de\/product\/hyppe-infiniti-50k-50000-puffs-kiwi-melon-blush\/#primaryimage"},"image":{"@id":"https:\/\/vozolvapen.de\/product\/hyppe-infiniti-50k-50000-puffs-kiwi-melon-blush\/#primaryimage"},"thumbnailUrl":"https:\/\/vozolvapen.de\/wp-content\/uploads\/2026\/05\/kiwi-melon-blush-Hyppe-Infiniti-50K-50000-Puffs-1.webp","datePublished":"2026-05-11T05:55:41+00:00","dateModified":"2026-05-11T07:29:04+00:00","description":"Une douceur sophistiqu\u00e9e ! Kiwi Melon Blush Hyppe Infiniti 50K. 50 000 bouff\u00e9es de kiwi acidul\u00e9 et de melon mielleux. Technologie visuelle \u00e0 360\u00b0.","breadcrumb":{"@id":"https:\/\/vozolvapen.de\/product\/hyppe-infiniti-50k-50000-puffs-kiwi-melon-blush\/#breadcrumb"},"inLanguage":"fr-FR","potentialAction":[{"@type":"ReadAction","target":["https:\/\/vozolvapen.de\/product\/hyppe-infiniti-50k-50000-puffs-kiwi-melon-blush\/"]}]},{"@type":"ImageObject","inLanguage":"fr-FR","@id":"https:\/\/vozolvapen.de\/product\/hyppe-infiniti-50k-50000-puffs-kiwi-melon-blush\/#primaryimage","url":"https:\/\/vozolvapen.de\/wp-content\/uploads\/2026\/05\/kiwi-melon-blush-Hyppe-Infiniti-50K-50000-Puffs-1.webp","contentUrl":"https:\/\/vozolvapen.de\/wp-content\/uploads\/2026\/05\/kiwi-melon-blush-Hyppe-Infiniti-50K-50000-Puffs-1.webp","width":800,"height":800,"caption":"Kiwi Melon Blush Hyppe Infiniti 50k 50000 Puffs 1 Disposable Vape Device"},{"@type":"BreadcrumbList","@id":"https:\/\/vozolvapen.de\/product\/hyppe-infiniti-50k-50000-puffs-kiwi-melon-blush\/#breadcrumb","itemListElement":[{"@type":"ListItem","position":1,"name":"Home","item":"https:\/\/vozolvapen.de\/de\/"},{"@type":"ListItem","position":2,"name":"Shop","item":"https:\/\/vozolvapen.de\/shop\/"},{"@type":"ListItem","position":3,"name":"Hyppe Infiniti 50K 50000 Puffs &#8211; KIWI MELON BLUSH"}]},{"@type":"WebSite","@id":"https:\/\/vozolvapen.de\/#website","url":"https:\/\/vozolvapen.de\/","name":"vozolvapen","description":"vozolvapen","publisher":{"@id":"https:\/\/vozolvapen.de\/#organization"},"potentialAction":[{"@type":"SearchAction","target":{"@type":"EntryPoint","urlTemplate":"https:\/\/vozolvapen.de\/?s={search_term_string}"},"query-input":{"@type":"PropertyValueSpecification","valueRequired":true,"valueName":"search_term_string"}}],"inLanguage":"fr-FR"},{"@type":"Organization","@id":"https:\/\/vozolvapen.de\/#organization","name":"vozolvapen","url":"https:\/\/vozolvapen.de\/","logo":{"@type":"ImageObject","inLanguage":"fr-FR","@id":"https:\/\/vozolvapen.de\/#\/schema\/logo\/image\/","url":"https:\/\/vozolvapen.de\/wp-content\/uploads\/2025\/12\/cropped-vozovapen-logo.webp","contentUrl":"https:\/\/vozolvapen.de\/wp-content\/uploads\/2025\/12\/cropped-vozovapen-logo.webp","width":470,"height":110,"caption":"vozolvapen"},"image":{"@id":"https:\/\/vozolvapen.de\/#\/schema\/logo\/image\/"}}]}},"tiered_pricing_type":"fixed","tiered_pricing_fixed_rules":{"30":"11.8","50":"9.3","100":"8.8","200":"8.2"},"tiered_pricing_product_settings":{"layout":"default","base_unit_name":{"singular":null,"plural":null},"default_variation":null},"tiered_pricing_minimum_quantity":10,"tiered_pricing_roles_data":[],"tiered_pricing_percentage_rules":[],"tiered_pricing_maximum_quantity":null,"tiered_pricing_quantity_step":"10","_links":{"self":[{"href":"https:\/\/vozolvapen.de\/fr\/wp-json\/wp\/v2\/product\/69859","targetHints":{"allow":["GET"]}}],"collection":[{"href":"https:\/\/vozolvapen.de\/fr\/wp-json\/wp\/v2\/product"}],"about":[{"href":"https:\/\/vozolvapen.de\/fr\/wp-json\/wp\/v2\/types\/product"}],"replies":[{"embeddable":true,"href":"https:\/\/vozolvapen.de\/fr\/wp-json\/wp\/v2\/comments?post=69859"}],"wp:featuredmedia":[{"embeddable":true,"href":"https:\/\/vozolvapen.de\/fr\/wp-json\/wp\/v2\/media\/69914"}],"wp:attachment":[{"href":"https:\/\/vozolvapen.de\/fr\/wp-json\/wp\/v2\/media?parent=69859"}],"wp:term":[{"taxonomy":"product_brand","embeddable":true,"href":"https:\/\/vozolvapen.de\/fr\/wp-json\/wp\/v2\/product_brand?post=69859"},{"taxonomy":"product_cat","embeddable":true,"href":"https:\/\/vozolvapen.de\/fr\/wp-json\/wp\/v2\/product_cat?post=69859"},{"taxonomy":"product_tag","embeddable":true,"href":"https:\/\/vozolvapen.de\/fr\/wp-json\/wp\/v2\/product_tag?post=69859"}],"curies":[{"name":"wp","href":"https:\/\/api.w.org\/{rel}","templated":true}]}}