{"id":70091,"date":"2026-05-12T09:01:43","date_gmt":"2026-05-12T09:01:43","guid":{"rendered":"https:\/\/vozolvapen.de\/?post_type=product&#038;p=70091"},"modified":"2026-05-12T09:42:00","modified_gmt":"2026-05-12T09:42:00","slug":"bnag-leader-450k-pod-2-cola-ice-energy-drink","status":"publish","type":"product","link":"https:\/\/vozolvapen.de\/fr\/product\/bnag-leader-450k-pod-2-cola-ice-energy-drink\/","title":{"rendered":"Bnag Leader 450k - Pod 2 : Concentrateur 15-en-1 Fizzy Energy &amp; Soda"},"content":{"rendered":"<p>Le <strong>Chef du Bnag 450k<\/strong> (Bnag Leader 450000) bat tous les records du secteur. <strong>Pod 2<\/strong> est sp\u00e9cialement con\u00e7u pour les vapoteurs qui ont envie de l'effervescence des sodas et de l'\u00e9nergie des boissons \u00e9nergisantes. En tant que premier <strong>450k vape<\/strong>, Il offre une qualit\u00e9 de service in\u00e9gal\u00e9e. <strong>Saveur 15 en 1<\/strong> qui garantit que votre voyage \u00e0 450 000 bouff\u00e9es reste passionnant, personnalisable et performant.<\/p>\n\n\n\n<h2 class=\"wp-block-heading\" id=\"h-core-parameters-amp-tech\"><strong>Param\u00e8tres de base et technologie<\/strong><\/h2>\n\n\n\n<ul class=\"wp-block-list\">\n<li><strong>Nombre de bouff\u00e9es :<\/strong> Jusqu'\u00e0 450 000 bouff\u00e9es (la r\u00e9f\u00e9rence dans l'industrie)<\/li>\n\n\n\n<li><strong>Logique des ar\u00f4mes :<\/strong> Syst\u00e8me de commutation hybride 15 en 1<\/li>\n\n\n\n<li><strong>Mat\u00e9riel :<\/strong> 1.2\u03a9 Advanced Mesh Coil | 850mAh Cobalt Battery<\/li>\n\n\n\n<li><strong>Recharge :<\/strong> Port de recharge ultra-rapide de type C<\/li>\n\n\n\n<li><strong>Options nicotine :<\/strong> 0% | 2% | 3% | 5% Sel Nicotine<\/li>\n<\/ul>\n\n\n\n<h2 class=\"wp-block-heading\">\ud83c\udfa8 La terrasse \u201cfontaine \u00e0 soda\u201d 15 en 1 (Pod 2)<\/h2>\n\n\n\n<p>Pourquoi se contenter d'une boisson quand on peut avoir une fontaine ? <strong>Pod 2<\/strong> abrite quatre bases de boissons et de fruits embl\u00e9matiques. Gr\u00e2ce \u00e0 la bascule manuelle, vous pouvez les vaper pures ou cr\u00e9er 11 fusions carbonat\u00e9es uniques.<\/p>\n\n\n\n<h3 class=\"wp-block-heading\"><strong>Les 4 \u00e9l\u00e9ments de base :<\/strong><\/h3>\n\n\n\n<ol start=\"1\" class=\"wp-block-list\">\n<li><strong>Cola Ice :<\/strong> Un classique nostalgique, \u00e9pic\u00e9 et sucr\u00e9, avec une finale lourde en dessous de z\u00e9ro.<\/li>\n\n\n\n<li><strong>Boisson \u00e9nergisante :<\/strong> Une saveur piquante, inspir\u00e9e de la taurine, qui \u00e9lectrise le palais.<\/li>\n\n\n\n<li><strong>Glace \u00e0 la cerise :<\/strong> Cerise noire profonde et succulente, tremp\u00e9e dans le gel arctique.<\/li>\n\n\n\n<li><strong>Melon Fruit de la passion :<\/strong> Une touche tropicale hydratante pour \u00e9quilibrer le p\u00e9tillement.<\/li>\n<\/ol>\n\n\n\n<h3 class=\"wp-block-heading\"><strong>M\u00e9langes hybrides de signature :<\/strong><\/h3>\n\n\n\n<ul class=\"wp-block-list\">\n<li><strong>Le Turbo Cola (m\u00e9lange 1+2) :<\/strong> Une fusion de Cola et de boisson \u00e9nerg\u00e9tique \u00e0 haut indice d'octane pour une stimulation maximale.<\/li>\n\n\n\n<li><strong>Cherry Cola Fizz (m\u00e9lange 1+3) :<\/strong> Le m\u00e9lange de soda classique par excellence - la cerise sucr\u00e9e rencontre le cola \u00e9pic\u00e9.<\/li>\n\n\n\n<li><strong>\u00c9nergie exotique (m\u00e9lange 2+4) :<\/strong> Boisson \u00e9nerg\u00e9tique infus\u00e9e avec des notes tropicales de melon et de fruit de la passion.<\/li>\n\n\n\n<li><strong>The Party Punch (Mix 1+2+3+4) :<\/strong> Les quatre chambres s'ouvrent pour une explosion complexe et bouillonnante de fruits et de soda.<\/li>\n<\/ul>\n\n\n\n<h2 class=\"wp-block-heading\">\ud83e\uddec Focus sensoriel : Vapeur haute d\u00e9finition<\/h2>\n\n\n\n<p>En utilisant <strong>R\u00e9f\u00e9rencement des produits de vapotage<\/strong> nous nous concentrons sur la \u201csensation en bouche\u201d recherch\u00e9e par les utilisateurs. Les <strong>Bnag Leader 450000<\/strong> utilise sa bobine de 1,2\u03a9 pour simuler une sensation d'effervescence.<\/p>\n\n\n\n<ul class=\"wp-block-list\">\n<li><strong>L'inspiration :<\/strong> Les \u00e9l\u00e9ments \u201cIce\u201d provoquent un coup de froid imm\u00e9diat, suivi par le piquant de la base Energy Drink.<\/li>\n\n\n\n<li><strong>La section m\u00e9diane :<\/strong> L'\u00e9pice Cola apporte un corps chaud et sucr\u00e9, tandis que le Fruit de la Passion Melon ajoute une hydratation \u201chumide\u201d \u00e0 la vapeur.<\/li>\n\n\n\n<li><strong>L'arri\u00e8re-go\u00fbt :<\/strong> Une douceur persistante et croustillante. Le Cherry Ice laisse un sillage professionnel et aromatique qui imite l'expiration d'une boisson fra\u00eeche.<\/li>\n<\/ul>\n\n\n\n<h2 class=\"wp-block-heading\">\u2753 Optimisation des FAQ et des Rich Snippet<\/h2>\n\n\n\n<p><strong>Q : Puis-je m\u00e9langer les 4 saveurs en m\u00eame temps sur le Bnag Leader 450k ?<\/strong> <\/p>\n\n\n\n<p><strong>A :<\/strong> Oui ! Les <strong>Saveurs 15 en 1<\/strong> permet d'engager simultan\u00e9ment les quatre r\u00e9servoirs internes. Cela cr\u00e9e le profil le plus complexe disponible dans n'importe quel <strong>Puff 450k Bang Leader 450000<\/strong> appareil.<\/p>\n\n\n\n<p><strong>Q : La bobine \u00e0 mailles de 1,2\u03a9 supporte-t-elle bien les ar\u00f4mes de soda ?<\/strong> <\/p>\n\n\n\n<p><strong>A :<\/strong> Absolument. La r\u00e9sistance de 1,2\u03a9 est sp\u00e9cifiquement r\u00e9gl\u00e9e pour les profils de boissons, ce qui garantit que les notes \u201cp\u00e9tillantes\u201d sont nettes et que la batterie de 850 mAh fournit suffisamment de puissance pour une atomisation coh\u00e9rente. <strong>450 000 bouff\u00e9es<\/strong>.<\/p>\n\n\n\n<p><strong>Q : Le Pod 2 est-il disponible pour la vente en gros ?<\/strong> <\/p>\n\n\n\n<p><strong>A :<\/strong> Oui, nous proposons <strong>Bnag Leader 450k en gros<\/strong> (10 pi\u00e8ces\/paquet) avec des prix \u00e9chelonn\u00e9s pour les distributeurs mondiaux.<\/p>\n\n\n\n<h2 class=\"wp-block-heading\">\ud83d\udd0d Explore More 15-in-1 Sensory Experiences (Exp\u00e9riences sensorielles 15-en-1)<\/h2>\n\n\n\n<p>Si vous avez appr\u00e9ci\u00e9 la technologie hybride complexe de la <strong>Bnag Leader 450000<\/strong>, D\u00e9couvrez ces alternatives s\u00e9lectionn\u00e9es, con\u00e7ues pour repousser les limites de l'art et de la culture. <strong>450k vape<\/strong> r\u00e9volution.<\/p>\n\n\n\n<p>1.<a href=\"https:\/\/vozolvapen.de\/fr\/product\/bnag-leader-450k-pod-1-watermelon-cherry-mango\/\">Station Tropical Red &amp; Mango<\/a><br>3.<a href=\"https:\/\/vozolvapen.de\/fr\/product\/bnag-leader-450k-pod-3-watermelon-ice-red-bull\/\">Le revitalisant glac\u00e9<\/a><br>4.<a href=\"https:\/\/vozolvapen.de\/fr\/product\/bnag-leader-450k-pod-4-pineapple-coconut-mango-peach\/\">Cr\u00e8me des \u00eeles exotiques<\/a><br>5.<a href=\"https:\/\/vozolvapen.de\/fr\/product\/bnag-leader-450k-pod-5-energy-drink-blueberry-watermelon-gummy-bear\/\">Energie de bonbon acidul\u00e9<\/a><br>6.<a href=\"https:\/\/vozolvapen.de\/fr\/product\/bnag-leader-450k-pod-6-strawberry-watermelon-kiwi-guava\/\">Anthologie du verger d'\u00e9t\u00e9<\/a><br>7.<a href=\"https:\/\/vozolvapen.de\/fr\/product\/bnag-leader-450k-pod-7-fuji-apple-ice-blueberry-mint-lime-romance\/\">Fuji Romance et Menthe<\/a><br>8.<a href=\"https:\/\/vozolvapen.de\/fr\/product\/bnag-leader-450k-pod-8-peach-ice-blueberry-ice-rainbow-candy-lemon-sour-orange\/\">Zeste de bonbons arc-en-ciel<\/a><br>9.<a href=\"https:\/\/vozolvapen.de\/fr\/product\/bnag-leader-450k-pod-9-blueberry-ice-peach-mango-watermelon-passion-kiss-melon-apple\/\">Baiser au melon de la passion<\/a><br>10.<a href=\"https:\/\/vozolvapen.de\/fr\/product\/bnag-leader-450k-pod-10-watermelon-ice-blueberry-cherry-sour-mango-pineapple\/\">Ananas Summer Sour<\/a><br>11.<a href=\"https:\/\/vozolvapen.de\/fr\/product\/bnag-leader-450k-pod-11-california-cherry-passion-fruit-mango-berry-mix\/\">R\u00e9colte des baies en Californie<\/a><br>12.<a href=\"https:\/\/vozolvapen.de\/fr\/product\/bnag-leader-450k-pod-12-love66-red-mojito-strawberry-mango\/\">Love &amp; Mojito Lounge<\/a><\/p>","protected":false},"excerpt":{"rendered":"<p data-path-to-node=\"4\">Alimentez vos sens avec l'ultime fusion de boissons. <b data-path-to-node=\"4\" data-index-in-node=\"89\">Pod 2<\/b> combine des notes gazeuses de Cola Ice et de boisson \u00e9nergisante avec une finale de glace \u00e0 la cerise. Un choix phare pour les <b data-path-to-node=\"4\" data-index-in-node=\"195\">Optimisation de la vape \u00e0 usage unique<\/b>, Le syst\u00e8me d'alimentation de l'entreprise permet d'obtenir 450 000 bouff\u00e9es de saveur p\u00e9tillante \u00e0 haute saturation.<\/p>","protected":false},"featured_media":70823,"comment_status":"open","ping_status":"closed","template":"","meta":{"_acf_changed":false},"product_brand":[],"product_cat":[171],"product_tag":[],"class_list":{"0":"post-70091","1":"product","2":"type-product","3":"status-publish","4":"has-post-thumbnail","6":"product_cat-puff-450k-bang-leader-450k-15-in-1","8":"first","9":"instock","10":"shipping-taxable","11":"purchasable","12":"product-type-variable"},"acf":[],"yoast_head":"<!-- This site is optimized with the Yoast SEO Premium plugin v26.1 (Yoast SEO v27.5) - https:\/\/yoast.com\/product\/yoast-seo-premium-wordpress\/ -->\n<title>Bnag Leader 450k Pod 2 | 450,000 Puffs Cola &amp; Energy 15-in-1<\/title>\n<meta name=\"description\" content=\"Shop Bnag Leader 450k Pod 2. Experience 450,000 puffs of Cola Ice, Energy Drink, Cherry Ice, and Melon Passion Fruit. 15 custom flavor mixes in one 450k vape.\" \/>\n<meta name=\"robots\" content=\"index, follow, max-snippet:-1, max-image-preview:large, max-video-preview:-1\" \/>\n<link rel=\"canonical\" href=\"https:\/\/vozolvapen.de\/fr\/product\/bnag-leader-450k-pod-2-cola-ice-energy-drink\/\" \/>\n<meta property=\"og:locale\" content=\"fr_FR\" \/>\n<meta property=\"og:type\" content=\"article\" \/>\n<meta property=\"og:title\" content=\"Bnag Leader 450k - Pod 2: Fizzy Energy &amp; Soda 15-in-1 Hub\" \/>\n<meta property=\"og:description\" content=\"Shop Bnag Leader 450k Pod 2. Experience 450,000 puffs of Cola Ice, Energy Drink, Cherry Ice, and Melon Passion Fruit. 15 custom flavor mixes in one 450k vape.\" \/>\n<meta property=\"og:url\" content=\"https:\/\/vozolvapen.de\/fr\/product\/bnag-leader-450k-pod-2-cola-ice-energy-drink\/\" \/>\n<meta property=\"og:site_name\" content=\"vozolvapen\" \/>\n<meta property=\"article:modified_time\" content=\"2026-05-12T09:42:00+00:00\" \/>\n<meta property=\"og:image\" content=\"https:\/\/vozolvapen.de\/wp-content\/uploads\/2026\/05\/450k-puffs-Bnag-Leader-450k-Soda-Energy-Spark.webp\" \/>\n\t<meta property=\"og:image:width\" content=\"768\" \/>\n\t<meta property=\"og:image:height\" content=\"768\" \/>\n\t<meta property=\"og:image:type\" content=\"image\/webp\" \/>\n<meta name=\"twitter:card\" content=\"summary_large_image\" \/>\n<meta name=\"twitter:label1\" content=\"Dur\u00e9e de lecture estim\u00e9e\" \/>\n\t<meta name=\"twitter:data1\" content=\"3 minutes\" \/>\n<script type=\"application\/ld+json\" class=\"yoast-schema-graph\">{\"@context\":\"https:\\\/\\\/schema.org\",\"@graph\":[{\"@type\":\"WebPage\",\"@id\":\"https:\\\/\\\/vozolvapen.de\\\/product\\\/bnag-leader-450k-pod-2-cola-ice-energy-drink\\\/\",\"url\":\"https:\\\/\\\/vozolvapen.de\\\/product\\\/bnag-leader-450k-pod-2-cola-ice-energy-drink\\\/\",\"name\":\"Bnag Leader 450k Pod 2 | 450,000 Puffs Cola & Energy 15-in-1\",\"isPartOf\":{\"@id\":\"https:\\\/\\\/vozolvapen.de\\\/#website\"},\"primaryImageOfPage\":{\"@id\":\"https:\\\/\\\/vozolvapen.de\\\/product\\\/bnag-leader-450k-pod-2-cola-ice-energy-drink\\\/#primaryimage\"},\"image\":{\"@id\":\"https:\\\/\\\/vozolvapen.de\\\/product\\\/bnag-leader-450k-pod-2-cola-ice-energy-drink\\\/#primaryimage\"},\"thumbnailUrl\":\"https:\\\/\\\/vozolvapen.de\\\/wp-content\\\/uploads\\\/2026\\\/05\\\/450k-puffs-Bnag-Leader-450k-Soda-Energy-Spark.webp\",\"datePublished\":\"2026-05-12T09:01:43+00:00\",\"dateModified\":\"2026-05-12T09:42:00+00:00\",\"description\":\"Shop Bnag Leader 450k Pod 2. Experience 450,000 puffs of Cola Ice, Energy Drink, Cherry Ice, and Melon Passion Fruit. 15 custom flavor mixes in one 450k vape.\",\"breadcrumb\":{\"@id\":\"https:\\\/\\\/vozolvapen.de\\\/product\\\/bnag-leader-450k-pod-2-cola-ice-energy-drink\\\/#breadcrumb\"},\"inLanguage\":\"fr-FR\",\"potentialAction\":[{\"@type\":\"ReadAction\",\"target\":[\"https:\\\/\\\/vozolvapen.de\\\/product\\\/bnag-leader-450k-pod-2-cola-ice-energy-drink\\\/\"]}]},{\"@type\":\"ImageObject\",\"inLanguage\":\"fr-FR\",\"@id\":\"https:\\\/\\\/vozolvapen.de\\\/product\\\/bnag-leader-450k-pod-2-cola-ice-energy-drink\\\/#primaryimage\",\"url\":\"https:\\\/\\\/vozolvapen.de\\\/wp-content\\\/uploads\\\/2026\\\/05\\\/450k-puffs-Bnag-Leader-450k-Soda-Energy-Spark.webp\",\"contentUrl\":\"https:\\\/\\\/vozolvapen.de\\\/wp-content\\\/uploads\\\/2026\\\/05\\\/450k-puffs-Bnag-Leader-450k-Soda-Energy-Spark.webp\",\"width\":768,\"height\":768,\"caption\":\"450k Puffs Bnag Leader Soda Energy Spark Disposable Vape Device\"},{\"@type\":\"BreadcrumbList\",\"@id\":\"https:\\\/\\\/vozolvapen.de\\\/product\\\/bnag-leader-450k-pod-2-cola-ice-energy-drink\\\/#breadcrumb\",\"itemListElement\":[{\"@type\":\"ListItem\",\"position\":1,\"name\":\"Home\",\"item\":\"https:\\\/\\\/vozolvapen.de\\\/de\\\/\"},{\"@type\":\"ListItem\",\"position\":2,\"name\":\"Shop\",\"item\":\"https:\\\/\\\/vozolvapen.de\\\/shop\\\/\"},{\"@type\":\"ListItem\",\"position\":3,\"name\":\"Bnag Leader 450k &#8211; Pod 2: Fizzy Energy &amp; Soda 15-in-1 Hub\"}]},{\"@type\":\"WebSite\",\"@id\":\"https:\\\/\\\/vozolvapen.de\\\/#website\",\"url\":\"https:\\\/\\\/vozolvapen.de\\\/\",\"name\":\"vozolvapen\",\"description\":\"vozolvapen\",\"publisher\":{\"@id\":\"https:\\\/\\\/vozolvapen.de\\\/#organization\"},\"potentialAction\":[{\"@type\":\"SearchAction\",\"target\":{\"@type\":\"EntryPoint\",\"urlTemplate\":\"https:\\\/\\\/vozolvapen.de\\\/?s={search_term_string}\"},\"query-input\":{\"@type\":\"PropertyValueSpecification\",\"valueRequired\":true,\"valueName\":\"search_term_string\"}}],\"inLanguage\":\"fr-FR\"},{\"@type\":\"Organization\",\"@id\":\"https:\\\/\\\/vozolvapen.de\\\/#organization\",\"name\":\"vozolvapen\",\"url\":\"https:\\\/\\\/vozolvapen.de\\\/\",\"logo\":{\"@type\":\"ImageObject\",\"inLanguage\":\"fr-FR\",\"@id\":\"https:\\\/\\\/vozolvapen.de\\\/#\\\/schema\\\/logo\\\/image\\\/\",\"url\":\"https:\\\/\\\/vozolvapen.de\\\/wp-content\\\/uploads\\\/2025\\\/12\\\/cropped-vozovapen-logo.webp\",\"contentUrl\":\"https:\\\/\\\/vozolvapen.de\\\/wp-content\\\/uploads\\\/2025\\\/12\\\/cropped-vozovapen-logo.webp\",\"width\":470,\"height\":110,\"caption\":\"vozolvapen\"},\"image\":{\"@id\":\"https:\\\/\\\/vozolvapen.de\\\/#\\\/schema\\\/logo\\\/image\\\/\"}}]}<\/script>\n<!-- \/ Yoast SEO Premium plugin. -->","yoast_head_json":{"title":"Bnag Leader 450k Pod 2 | 450 000 Puffs Cola &amp; Energy 15-en-1","description":"Boutique Bnag Leader 450k Pod 2. D\u00e9couvrez 450 000 bouff\u00e9es de Cola Ice, Energy Drink, Cherry Ice et Melon Passion Fruit. 15 m\u00e9langes d'ar\u00f4mes personnalis\u00e9s dans une vape 450k.","robots":{"index":"index","follow":"follow","max-snippet":"max-snippet:-1","max-image-preview":"max-image-preview:large","max-video-preview":"max-video-preview:-1"},"canonical":"https:\/\/vozolvapen.de\/fr\/product\/bnag-leader-450k-pod-2-cola-ice-energy-drink\/","og_locale":"fr_FR","og_type":"article","og_title":"Bnag Leader 450k - Pod 2: Fizzy Energy &amp; Soda 15-in-1 Hub","og_description":"Shop Bnag Leader 450k Pod 2. Experience 450,000 puffs of Cola Ice, Energy Drink, Cherry Ice, and Melon Passion Fruit. 15 custom flavor mixes in one 450k vape.","og_url":"https:\/\/vozolvapen.de\/fr\/product\/bnag-leader-450k-pod-2-cola-ice-energy-drink\/","og_site_name":"vozolvapen","article_modified_time":"2026-05-12T09:42:00+00:00","og_image":[{"width":768,"height":768,"url":"https:\/\/vozolvapen.de\/wp-content\/uploads\/2026\/05\/450k-puffs-Bnag-Leader-450k-Soda-Energy-Spark.webp","type":"image\/webp"}],"twitter_card":"summary_large_image","twitter_misc":{"Dur\u00e9e de lecture estim\u00e9e":"3 minutes"},"schema":{"@context":"https:\/\/schema.org","@graph":[{"@type":"WebPage","@id":"https:\/\/vozolvapen.de\/product\/bnag-leader-450k-pod-2-cola-ice-energy-drink\/","url":"https:\/\/vozolvapen.de\/product\/bnag-leader-450k-pod-2-cola-ice-energy-drink\/","name":"Bnag Leader 450k Pod 2 | 450 000 Puffs Cola &amp; Energy 15-en-1","isPartOf":{"@id":"https:\/\/vozolvapen.de\/#website"},"primaryImageOfPage":{"@id":"https:\/\/vozolvapen.de\/product\/bnag-leader-450k-pod-2-cola-ice-energy-drink\/#primaryimage"},"image":{"@id":"https:\/\/vozolvapen.de\/product\/bnag-leader-450k-pod-2-cola-ice-energy-drink\/#primaryimage"},"thumbnailUrl":"https:\/\/vozolvapen.de\/wp-content\/uploads\/2026\/05\/450k-puffs-Bnag-Leader-450k-Soda-Energy-Spark.webp","datePublished":"2026-05-12T09:01:43+00:00","dateModified":"2026-05-12T09:42:00+00:00","description":"Boutique Bnag Leader 450k Pod 2. D\u00e9couvrez 450 000 bouff\u00e9es de Cola Ice, Energy Drink, Cherry Ice et Melon Passion Fruit. 15 m\u00e9langes d'ar\u00f4mes personnalis\u00e9s dans une vape 450k.","breadcrumb":{"@id":"https:\/\/vozolvapen.de\/product\/bnag-leader-450k-pod-2-cola-ice-energy-drink\/#breadcrumb"},"inLanguage":"fr-FR","potentialAction":[{"@type":"ReadAction","target":["https:\/\/vozolvapen.de\/product\/bnag-leader-450k-pod-2-cola-ice-energy-drink\/"]}]},{"@type":"ImageObject","inLanguage":"fr-FR","@id":"https:\/\/vozolvapen.de\/product\/bnag-leader-450k-pod-2-cola-ice-energy-drink\/#primaryimage","url":"https:\/\/vozolvapen.de\/wp-content\/uploads\/2026\/05\/450k-puffs-Bnag-Leader-450k-Soda-Energy-Spark.webp","contentUrl":"https:\/\/vozolvapen.de\/wp-content\/uploads\/2026\/05\/450k-puffs-Bnag-Leader-450k-Soda-Energy-Spark.webp","width":768,"height":768,"caption":"450k Puffs Bnag Leader Soda Energy Spark Disposable Vape Device"},{"@type":"BreadcrumbList","@id":"https:\/\/vozolvapen.de\/product\/bnag-leader-450k-pod-2-cola-ice-energy-drink\/#breadcrumb","itemListElement":[{"@type":"ListItem","position":1,"name":"Home","item":"https:\/\/vozolvapen.de\/de\/"},{"@type":"ListItem","position":2,"name":"Shop","item":"https:\/\/vozolvapen.de\/shop\/"},{"@type":"ListItem","position":3,"name":"Bnag Leader 450k &#8211; Pod 2: Fizzy Energy &amp; Soda 15-in-1 Hub"}]},{"@type":"WebSite","@id":"https:\/\/vozolvapen.de\/#website","url":"https:\/\/vozolvapen.de\/","name":"vozolvapen","description":"vozolvapen","publisher":{"@id":"https:\/\/vozolvapen.de\/#organization"},"potentialAction":[{"@type":"SearchAction","target":{"@type":"EntryPoint","urlTemplate":"https:\/\/vozolvapen.de\/?s={search_term_string}"},"query-input":{"@type":"PropertyValueSpecification","valueRequired":true,"valueName":"search_term_string"}}],"inLanguage":"fr-FR"},{"@type":"Organization","@id":"https:\/\/vozolvapen.de\/#organization","name":"vozolvapen","url":"https:\/\/vozolvapen.de\/","logo":{"@type":"ImageObject","inLanguage":"fr-FR","@id":"https:\/\/vozolvapen.de\/#\/schema\/logo\/image\/","url":"https:\/\/vozolvapen.de\/wp-content\/uploads\/2025\/12\/cropped-vozovapen-logo.webp","contentUrl":"https:\/\/vozolvapen.de\/wp-content\/uploads\/2025\/12\/cropped-vozovapen-logo.webp","width":470,"height":110,"caption":"vozolvapen"},"image":{"@id":"https:\/\/vozolvapen.de\/#\/schema\/logo\/image\/"}}]}},"tiered_pricing_type":"fixed","tiered_pricing_fixed_rules":{"30":"14.5","50":"12.5","100":"12.5","200":"11.5"},"tiered_pricing_product_settings":{"layout":"default","base_unit_name":{"singular":null,"plural":null},"default_variation":null},"tiered_pricing_minimum_quantity":10,"tiered_pricing_roles_data":[],"tiered_pricing_percentage_rules":[],"tiered_pricing_maximum_quantity":null,"tiered_pricing_quantity_step":"10","_links":{"self":[{"href":"https:\/\/vozolvapen.de\/fr\/wp-json\/wp\/v2\/product\/70091","targetHints":{"allow":["GET"]}}],"collection":[{"href":"https:\/\/vozolvapen.de\/fr\/wp-json\/wp\/v2\/product"}],"about":[{"href":"https:\/\/vozolvapen.de\/fr\/wp-json\/wp\/v2\/types\/product"}],"replies":[{"embeddable":true,"href":"https:\/\/vozolvapen.de\/fr\/wp-json\/wp\/v2\/comments?post=70091"}],"wp:featuredmedia":[{"embeddable":true,"href":"https:\/\/vozolvapen.de\/fr\/wp-json\/wp\/v2\/media\/70823"}],"wp:attachment":[{"href":"https:\/\/vozolvapen.de\/fr\/wp-json\/wp\/v2\/media?parent=70091"}],"wp:term":[{"taxonomy":"product_brand","embeddable":true,"href":"https:\/\/vozolvapen.de\/fr\/wp-json\/wp\/v2\/product_brand?post=70091"},{"taxonomy":"product_cat","embeddable":true,"href":"https:\/\/vozolvapen.de\/fr\/wp-json\/wp\/v2\/product_cat?post=70091"},{"taxonomy":"product_tag","embeddable":true,"href":"https:\/\/vozolvapen.de\/fr\/wp-json\/wp\/v2\/product_tag?post=70091"}],"curies":[{"name":"wp","href":"https:\/\/api.w.org\/{rel}","templated":true}]}}