{"id":70487,"date":"2026-05-12T09:02:04","date_gmt":"2026-05-12T09:02:04","guid":{"rendered":"https:\/\/vozolvapen.de\/?post_type=product&#038;p=70487"},"modified":"2026-05-12T09:42:15","modified_gmt":"2026-05-12T09:42:15","slug":"bnag-leader-450k-pod-8-peach-ice-blueberry-ice-rainbow-candy-lemon-sour-orange","status":"publish","type":"product","link":"https:\/\/vozolvapen.de\/fr\/product\/bnag-leader-450k-pod-8-peach-ice-blueberry-ice-rainbow-candy-lemon-sour-orange\/","title":{"rendered":"Bnag Leader 450k - Pod 8 : Rainbow Candy &amp; Peach Ice 15-in-1 Hub"},"content":{"rendered":"<p>Le <strong>Chef du Bnag 450k<\/strong> (Bnag Leader 450000) est le summum de l'innovation. <strong>R\u00e9f\u00e9rencement de sites web d'e-liquides<\/strong> et l'ing\u00e9nierie. <strong>Pod 8<\/strong> est une collection vibrante con\u00e7ue pour les amateurs de \u201cSweet &amp; Zesty\u201d, m\u00ealant des notes nostalgiques de bonbons \u00e0 des agrumes tranchants et \u00e0 des fruits \u00e0 noyaux frais. En tant que produit phare <strong>450k vape<\/strong>, Il est dot\u00e9 de notre syst\u00e8me m\u00e9canique exclusif <strong>Saveur 15 en 1<\/strong> qui vous permet de naviguer dans 450 000 bouff\u00e9es de saveur \u00e0 haute saturation avec une pr\u00e9cision chirurgicale.<\/p>\n\n\n\n<h2 class=\"wp-block-heading\" id=\"h-technical-parameters-amp-performance\"><strong>Param\u00e8tres techniques et performances :<\/strong><\/h2>\n\n\n\n<ul class=\"wp-block-list\">\n<li><strong>Capacit\u00e9 de bouff\u00e9e :<\/strong> Jusqu'\u00e0 450 000 bouff\u00e9es (retour sur investissement maximum)<\/li>\n\n\n\n<li><strong>Logique des ar\u00f4mes :<\/strong> Syst\u00e8me hybride m\u00e9canique 15 en 1<\/li>\n\n\n\n<li><strong>Mat\u00e9riel :<\/strong> 1.2\u03a9 Advanced Mesh Coil | 850mAh Cobalt Battery<\/li>\n\n\n\n<li><strong>Recharge :<\/strong> Interface rechargeable Type-C \u00e0 grande vitesse<\/li>\n\n\n\n<li><strong>Pr\u00e9cision de la nicotine :<\/strong> 0% | 2% | 3% | 5% Sel Taux de nicotine<\/li>\n<\/ul>\n\n\n\n<h2 class=\"wp-block-heading\">\ud83c\udfa8 La palette d'ar\u00f4mes 15 en 1 \u201cConfiserie et agrumes\u201d (Pod 8)<\/h2>\n\n\n\n<p>Pourquoi choisir une seule friandise quand on peut avoir tout le magasin de bonbons ? <strong>Pod 8<\/strong> propose quatre liquides de base haute d\u00e9finition. Utilisez la bascule hybride pour les d\u00e9guster purs ou cr\u00e9ez 11 combinaisons uniques \u201cSugar-Zest\u201d.<\/p>\n\n\n\n<h3 class=\"wp-block-heading\"><strong>Les 4 composantes de la vitalit\u00e9 de base :<\/strong><\/h3>\n\n\n\n<ol start=\"1\" class=\"wp-block-list\">\n<li><strong>Glace \u00e0 la p\u00eache :<\/strong> Un nectar de p\u00eache velout\u00e9, m\u00fbri au soleil, avec une finale croustillante en dessous de z\u00e9ro.<\/li>\n\n\n\n<li><strong>Glace \u00e0 la myrtille :<\/strong> Un profil profond de fruits des bois, tremp\u00e9 dans une gel\u00e9e arctique.<\/li>\n\n\n\n<li><strong>Bonbons arc-en-ciel :<\/strong> Une explosion \u00e0 plusieurs niveaux de bonbons aromatis\u00e9s aux fruits et de nostalgie sucr\u00e9e.<\/li>\n\n\n\n<li><strong>Citron vert et orange am\u00e8re :<\/strong> Un duo d'agrumes \u00e0 haute intensit\u00e9 qui offre un \u201czing\u201d vif et piquant.\u201d<\/li>\n<\/ol>\n\n\n\n<h3 class=\"wp-block-heading\"><strong>M\u00e9langes hybrides de signature :<\/strong><\/h3>\n\n\n\n<ul class=\"wp-block-list\">\n<li><strong>Le bonbon piquant (m\u00e9lange 3+4) :<\/strong> Rainbow Candy rencontre Lemon Sour Orange pour une explosion de confiserie sucr\u00e9e-sal\u00e9e.<\/li>\n\n\n\n<li><strong>M\u00e9lange de fruits glac\u00e9s (m\u00e9lange 1+2) :<\/strong> Une fusion doublement r\u00e9frig\u00e9r\u00e9e de p\u00eache velout\u00e9e et de glace de myrtille profonde.<\/li>\n\n\n\n<li><strong>Citrus Peach Frost (m\u00e9lange 1+4) :<\/strong> Glace de p\u00eache onctueuse infus\u00e9e avec le piquant du citron et de l'orange acidul\u00e9e.<\/li>\n\n\n\n<li><strong>The Ultimate Rainbow Mix (Mix 1+2+3+4) :<\/strong> Les quatre chambres s'ouvrent pour une symphonie complexe de bonbons et d'agrumes 15 en 1.<\/li>\n<\/ul>\n\n\n\n<h2 class=\"wp-block-heading\">\ud83e\uddec Sensory Focus : La saturation des saveurs de la prochaine g\u00e9n\u00e9ration<\/h2>\n\n\n\n<p>Utilisation <strong>Recherche de mots-cl\u00e9s pour les vapes<\/strong> pour cibler les sensations sp\u00e9cifiques de l'utilisateur, nous nous concentrons sur l'utilisation de la technologie de l'information et de la communication. <strong>Bnag Leader 450000<\/strong>\u2019La performance de la maille de 1,2\u03a9 et la performance de la maille de 1,2\u03a9 de la <strong>Optimisation de l'URL et de l'architecture du site<\/strong>.<\/p>\n\n\n\n<ul class=\"wp-block-list\">\n<li><strong>L'inspiration :<\/strong> Le Rainbow Candy provoque une pouss\u00e9e sucr\u00e9e imm\u00e9diate, rapidement suivie par le \u201cpop\u201d acide et tranchant du Lemon Sour Orange.<\/li>\n\n\n\n<li><strong>La section m\u00e9diane :<\/strong> La Peach Ice procure une sensation en bouche \u201ccharnue\u201d et succulente qui ajoute du corps et de la douceur \u00e0 la vapeur.<\/li>\n\n\n\n<li><strong>L'arri\u00e8re-go\u00fbt :<\/strong> Croustillant et rafra\u00eechissant. La glace aux myrtilles laisse un sillage de baies fra\u00eeches et fonc\u00e9es qui garantit le succ\u00e8s de la boisson. <strong>450 000 bouff\u00e9es<\/strong> Le voyage reste \u00e9quilibr\u00e9 et n'est jamais trop sucr\u00e9.<\/li>\n<\/ul>\n\n\n\n<h2 class=\"wp-block-heading\">\u2753 Optimisation des FAQ et des Rich Snippet<\/h2>\n\n\n\n<p><strong>Q : Les \u201cbonbons arc-en-ciel\u201d du Pod 8 ont-ils le go\u00fbt de vrais bonbons ?<\/strong><\/p>\n\n\n\n<p> <strong>A :<\/strong> Oui. Il est formul\u00e9 pour imiter une vari\u00e9t\u00e9 de bonbons durs aromatis\u00e9s aux fruits, offrant un profil de sucre nostalgique qui s'associe parfaitement avec la <strong>Saveurs 15 en 1<\/strong> syst\u00e8me.<\/p>\n\n\n\n<p><strong>Q : Comment la bobine de 1,2\u03a9 g\u00e8re-t-elle les notes d'agrumes dans le Pod 8 ?<\/strong> <\/p>\n\n\n\n<p><strong>A :<\/strong> La bobine de 1,2\u03a9 est sp\u00e9cifiquement optimis\u00e9e pour les liquides \u00e0 haute saturation, emp\u00eachant les notes de citron et d'orange d'avoir un go\u00fbt de br\u00fbl\u00e9. <strong>450 000 bouff\u00e9es<\/strong> dur\u00e9e de vie.<\/p>\n\n\n\n<p><strong>Q : Le Pod 8 est-il disponible pour le commerce de gros B2B ?<\/strong><\/p>\n\n\n\n<p> <strong>A :<\/strong> Oui. Nous offrons des services sp\u00e9cialis\u00e9s de <strong>Marketing num\u00e9rique pour les boutiques de vapotage<\/strong> support et conditionnement en gros (10 packs) pour les distributeurs mondiaux.<\/p>\n\n\n\n<h2 class=\"wp-block-heading\">\ud83d\udd0d Explore More 15-in-1 Sensory Experiences (Exp\u00e9riences sensorielles 15-en-1)<\/h2>\n\n\n\n<p>Si vous avez appr\u00e9ci\u00e9 la technologie hybride complexe de la <strong>Bnag Leader 450000<\/strong>, D\u00e9couvrez ces alternatives s\u00e9lectionn\u00e9es, con\u00e7ues pour repousser les limites de l'art et de la culture. <strong>450k vape<\/strong> r\u00e9volution.<\/p>\n\n\n\n<p>1.<a href=\"https:\/\/vozolvapen.de\/fr\/product\/bnag-leader-450k-pod-1-watermelon-cherry-mango\/\">Station Tropical Red &amp; Mango<\/a><br>2.<a href=\"https:\/\/vozolvapen.de\/fr\/product\/bnag-leader-450k-pod-2-cola-ice-energy-drink\/\">Soda et Energy Spark<\/a><br>3.<a href=\"https:\/\/vozolvapen.de\/fr\/product\/bnag-leader-450k-pod-3-watermelon-ice-red-bull\/\">Le revitalisant glac\u00e9<\/a><br>4.<a href=\"https:\/\/vozolvapen.de\/fr\/product\/bnag-leader-450k-pod-4-pineapple-coconut-mango-peach\/\">Cr\u00e8me des \u00eeles exotiques<\/a><br>5.<a href=\"https:\/\/vozolvapen.de\/fr\/product\/bnag-leader-450k-pod-5-energy-drink-blueberry-watermelon-gummy-bear\/\">Energie de bonbon acidul\u00e9<\/a><br>6.<a href=\"https:\/\/vozolvapen.de\/fr\/product\/bnag-leader-450k-pod-6-strawberry-watermelon-kiwi-guava\/\">Anthologie du verger d'\u00e9t\u00e9<\/a><br>7.<a href=\"https:\/\/vozolvapen.de\/fr\/product\/bnag-leader-450k-pod-7-fuji-apple-ice-blueberry-mint-lime-romance\/\">Fuji Romance et Menthe<\/a><br>9.<a href=\"https:\/\/vozolvapen.de\/fr\/product\/bnag-leader-450k-pod-9-blueberry-ice-peach-mango-watermelon-passion-kiss-melon-apple\/\">Baiser au melon de la passion<\/a><br>10.<a href=\"https:\/\/vozolvapen.de\/fr\/product\/bnag-leader-450k-pod-10-watermelon-ice-blueberry-cherry-sour-mango-pineapple\/\">Ananas Summer Sour<\/a><br>11.<a href=\"https:\/\/vozolvapen.de\/fr\/product\/bnag-leader-450k-pod-11-california-cherry-passion-fruit-mango-berry-mix\/\">R\u00e9colte des baies en Californie<\/a><br>12.<a href=\"https:\/\/vozolvapen.de\/fr\/product\/bnag-leader-450k-pod-12-love66-red-mojito-strawberry-mango\/\">Love &amp; Mojito Lounge<\/a><\/p>","protected":false},"excerpt":{"rendered":"<p data-path-to-node=\"10\">Une explosion de confiseries aux agrumes de haute intensit\u00e9. M\u00e9langez la nostalgie sucr\u00e9e de Rainbow Candy avec la saveur piquante de Lemon Sour Orange et Peach Ice. Ce syst\u00e8me 15 en 1 garantit le profil d'ar\u00f4me le plus vibrant de la gamme. <b data-path-to-node=\"10\" data-index-in-node=\"251\">Chef du Bnag 450k<\/b> alignement.<\/p>","protected":false},"featured_media":70822,"comment_status":"open","ping_status":"closed","template":"","meta":{"_acf_changed":false},"product_brand":[],"product_cat":[171],"product_tag":[],"class_list":{"0":"post-70487","1":"product","2":"type-product","3":"status-publish","4":"has-post-thumbnail","6":"product_cat-puff-450k-bang-leader-450k-15-in-1","8":"first","9":"instock","10":"shipping-taxable","11":"purchasable","12":"product-type-variable"},"acf":[],"yoast_head":"<!-- This site is optimized with the Yoast SEO Premium plugin v26.1 (Yoast SEO v27.5) - https:\/\/yoast.com\/product\/yoast-seo-premium-wordpress\/ -->\n<title>Bnag Leader 450k Pod 8 | 450k Puffs Rainbow Candy &amp; Peach Ice<\/title>\n<meta name=\"description\" content=\"Experience 450,000 puffs of Bnag Leader 450k Pod 8. Featuring Rainbow Candy, Peach Ice, and Lemon Sour Orange in a revolutionary 15-in-1 hybrid vape.\" \/>\n<meta name=\"robots\" content=\"index, follow, max-snippet:-1, max-image-preview:large, max-video-preview:-1\" \/>\n<link rel=\"canonical\" href=\"https:\/\/vozolvapen.de\/fr\/product\/bnag-leader-450k-pod-8-peach-ice-blueberry-ice-rainbow-candy-lemon-sour-orange\/\" \/>\n<meta property=\"og:locale\" content=\"fr_FR\" \/>\n<meta property=\"og:type\" content=\"article\" \/>\n<meta property=\"og:title\" content=\"Bnag Leader 450k - Pod 8: Rainbow Candy &amp; Peach Ice 15-in-1 Hub\" \/>\n<meta property=\"og:description\" content=\"Experience 450,000 puffs of Bnag Leader 450k Pod 8. Featuring Rainbow Candy, Peach Ice, and Lemon Sour Orange in a revolutionary 15-in-1 hybrid vape.\" \/>\n<meta property=\"og:url\" content=\"https:\/\/vozolvapen.de\/fr\/product\/bnag-leader-450k-pod-8-peach-ice-blueberry-ice-rainbow-candy-lemon-sour-orange\/\" \/>\n<meta property=\"og:site_name\" content=\"vozolvapen\" \/>\n<meta property=\"article:modified_time\" content=\"2026-05-12T09:42:15+00:00\" \/>\n<meta property=\"og:image\" content=\"https:\/\/vozolvapen.de\/wp-content\/uploads\/2026\/05\/450k-puffs-Bnag-Leader-450k-Rainbow-Candy-Zest.webp\" \/>\n\t<meta property=\"og:image:width\" content=\"768\" \/>\n\t<meta property=\"og:image:height\" content=\"768\" \/>\n\t<meta property=\"og:image:type\" content=\"image\/webp\" \/>\n<meta name=\"twitter:card\" content=\"summary_large_image\" \/>\n<meta name=\"twitter:label1\" content=\"Dur\u00e9e de lecture estim\u00e9e\" \/>\n\t<meta name=\"twitter:data1\" content=\"3 minutes\" \/>\n<script type=\"application\/ld+json\" class=\"yoast-schema-graph\">{\"@context\":\"https:\\\/\\\/schema.org\",\"@graph\":[{\"@type\":\"WebPage\",\"@id\":\"https:\\\/\\\/vozolvapen.de\\\/product\\\/bnag-leader-450k-pod-8-peach-ice-blueberry-ice-rainbow-candy-lemon-sour-orange\\\/\",\"url\":\"https:\\\/\\\/vozolvapen.de\\\/product\\\/bnag-leader-450k-pod-8-peach-ice-blueberry-ice-rainbow-candy-lemon-sour-orange\\\/\",\"name\":\"Bnag Leader 450k Pod 8 | 450k Puffs Rainbow Candy & Peach Ice\",\"isPartOf\":{\"@id\":\"https:\\\/\\\/vozolvapen.de\\\/#website\"},\"primaryImageOfPage\":{\"@id\":\"https:\\\/\\\/vozolvapen.de\\\/product\\\/bnag-leader-450k-pod-8-peach-ice-blueberry-ice-rainbow-candy-lemon-sour-orange\\\/#primaryimage\"},\"image\":{\"@id\":\"https:\\\/\\\/vozolvapen.de\\\/product\\\/bnag-leader-450k-pod-8-peach-ice-blueberry-ice-rainbow-candy-lemon-sour-orange\\\/#primaryimage\"},\"thumbnailUrl\":\"https:\\\/\\\/vozolvapen.de\\\/wp-content\\\/uploads\\\/2026\\\/05\\\/450k-puffs-Bnag-Leader-450k-Rainbow-Candy-Zest.webp\",\"datePublished\":\"2026-05-12T09:02:04+00:00\",\"dateModified\":\"2026-05-12T09:42:15+00:00\",\"description\":\"Experience 450,000 puffs of Bnag Leader 450k Pod 8. Featuring Rainbow Candy, Peach Ice, and Lemon Sour Orange in a revolutionary 15-in-1 hybrid vape.\",\"breadcrumb\":{\"@id\":\"https:\\\/\\\/vozolvapen.de\\\/product\\\/bnag-leader-450k-pod-8-peach-ice-blueberry-ice-rainbow-candy-lemon-sour-orange\\\/#breadcrumb\"},\"inLanguage\":\"fr-FR\",\"potentialAction\":[{\"@type\":\"ReadAction\",\"target\":[\"https:\\\/\\\/vozolvapen.de\\\/product\\\/bnag-leader-450k-pod-8-peach-ice-blueberry-ice-rainbow-candy-lemon-sour-orange\\\/\"]}]},{\"@type\":\"ImageObject\",\"inLanguage\":\"fr-FR\",\"@id\":\"https:\\\/\\\/vozolvapen.de\\\/product\\\/bnag-leader-450k-pod-8-peach-ice-blueberry-ice-rainbow-candy-lemon-sour-orange\\\/#primaryimage\",\"url\":\"https:\\\/\\\/vozolvapen.de\\\/wp-content\\\/uploads\\\/2026\\\/05\\\/450k-puffs-Bnag-Leader-450k-Rainbow-Candy-Zest.webp\",\"contentUrl\":\"https:\\\/\\\/vozolvapen.de\\\/wp-content\\\/uploads\\\/2026\\\/05\\\/450k-puffs-Bnag-Leader-450k-Rainbow-Candy-Zest.webp\",\"width\":768,\"height\":768,\"caption\":\"450k Puffs Bnag Leader Rainbow Candy Zest Disposable Vape Device\"},{\"@type\":\"BreadcrumbList\",\"@id\":\"https:\\\/\\\/vozolvapen.de\\\/product\\\/bnag-leader-450k-pod-8-peach-ice-blueberry-ice-rainbow-candy-lemon-sour-orange\\\/#breadcrumb\",\"itemListElement\":[{\"@type\":\"ListItem\",\"position\":1,\"name\":\"Home\",\"item\":\"https:\\\/\\\/vozolvapen.de\\\/de\\\/\"},{\"@type\":\"ListItem\",\"position\":2,\"name\":\"Shop\",\"item\":\"https:\\\/\\\/vozolvapen.de\\\/shop\\\/\"},{\"@type\":\"ListItem\",\"position\":3,\"name\":\"Bnag Leader 450k &#8211; Pod 8: Rainbow Candy &amp; Peach Ice 15-in-1 Hub\"}]},{\"@type\":\"WebSite\",\"@id\":\"https:\\\/\\\/vozolvapen.de\\\/#website\",\"url\":\"https:\\\/\\\/vozolvapen.de\\\/\",\"name\":\"vozolvapen\",\"description\":\"vozolvapen\",\"publisher\":{\"@id\":\"https:\\\/\\\/vozolvapen.de\\\/#organization\"},\"potentialAction\":[{\"@type\":\"SearchAction\",\"target\":{\"@type\":\"EntryPoint\",\"urlTemplate\":\"https:\\\/\\\/vozolvapen.de\\\/?s={search_term_string}\"},\"query-input\":{\"@type\":\"PropertyValueSpecification\",\"valueRequired\":true,\"valueName\":\"search_term_string\"}}],\"inLanguage\":\"fr-FR\"},{\"@type\":\"Organization\",\"@id\":\"https:\\\/\\\/vozolvapen.de\\\/#organization\",\"name\":\"vozolvapen\",\"url\":\"https:\\\/\\\/vozolvapen.de\\\/\",\"logo\":{\"@type\":\"ImageObject\",\"inLanguage\":\"fr-FR\",\"@id\":\"https:\\\/\\\/vozolvapen.de\\\/#\\\/schema\\\/logo\\\/image\\\/\",\"url\":\"https:\\\/\\\/vozolvapen.de\\\/wp-content\\\/uploads\\\/2025\\\/12\\\/cropped-vozovapen-logo.webp\",\"contentUrl\":\"https:\\\/\\\/vozolvapen.de\\\/wp-content\\\/uploads\\\/2025\\\/12\\\/cropped-vozovapen-logo.webp\",\"width\":470,\"height\":110,\"caption\":\"vozolvapen\"},\"image\":{\"@id\":\"https:\\\/\\\/vozolvapen.de\\\/#\\\/schema\\\/logo\\\/image\\\/\"}}]}<\/script>\n<!-- \/ Yoast SEO Premium plugin. -->","yoast_head_json":{"title":"Bnag Leader 450k Pod 8 | 450k Puffs Rainbow Candy &amp; Peach Ice","description":"D\u00e9couvrez 450 000 bouff\u00e9es de Bnag Leader 450k Pod 8. Avec Rainbow Candy, Peach Ice et Lemon Sour Orange dans une vape hybride r\u00e9volutionnaire 15 en 1.","robots":{"index":"index","follow":"follow","max-snippet":"max-snippet:-1","max-image-preview":"max-image-preview:large","max-video-preview":"max-video-preview:-1"},"canonical":"https:\/\/vozolvapen.de\/fr\/product\/bnag-leader-450k-pod-8-peach-ice-blueberry-ice-rainbow-candy-lemon-sour-orange\/","og_locale":"fr_FR","og_type":"article","og_title":"Bnag Leader 450k - Pod 8: Rainbow Candy &amp; Peach Ice 15-in-1 Hub","og_description":"Experience 450,000 puffs of Bnag Leader 450k Pod 8. Featuring Rainbow Candy, Peach Ice, and Lemon Sour Orange in a revolutionary 15-in-1 hybrid vape.","og_url":"https:\/\/vozolvapen.de\/fr\/product\/bnag-leader-450k-pod-8-peach-ice-blueberry-ice-rainbow-candy-lemon-sour-orange\/","og_site_name":"vozolvapen","article_modified_time":"2026-05-12T09:42:15+00:00","og_image":[{"width":768,"height":768,"url":"https:\/\/vozolvapen.de\/wp-content\/uploads\/2026\/05\/450k-puffs-Bnag-Leader-450k-Rainbow-Candy-Zest.webp","type":"image\/webp"}],"twitter_card":"summary_large_image","twitter_misc":{"Dur\u00e9e de lecture estim\u00e9e":"3 minutes"},"schema":{"@context":"https:\/\/schema.org","@graph":[{"@type":"WebPage","@id":"https:\/\/vozolvapen.de\/product\/bnag-leader-450k-pod-8-peach-ice-blueberry-ice-rainbow-candy-lemon-sour-orange\/","url":"https:\/\/vozolvapen.de\/product\/bnag-leader-450k-pod-8-peach-ice-blueberry-ice-rainbow-candy-lemon-sour-orange\/","name":"Bnag Leader 450k Pod 8 | 450k Puffs Rainbow Candy &amp; Peach Ice","isPartOf":{"@id":"https:\/\/vozolvapen.de\/#website"},"primaryImageOfPage":{"@id":"https:\/\/vozolvapen.de\/product\/bnag-leader-450k-pod-8-peach-ice-blueberry-ice-rainbow-candy-lemon-sour-orange\/#primaryimage"},"image":{"@id":"https:\/\/vozolvapen.de\/product\/bnag-leader-450k-pod-8-peach-ice-blueberry-ice-rainbow-candy-lemon-sour-orange\/#primaryimage"},"thumbnailUrl":"https:\/\/vozolvapen.de\/wp-content\/uploads\/2026\/05\/450k-puffs-Bnag-Leader-450k-Rainbow-Candy-Zest.webp","datePublished":"2026-05-12T09:02:04+00:00","dateModified":"2026-05-12T09:42:15+00:00","description":"D\u00e9couvrez 450 000 bouff\u00e9es de Bnag Leader 450k Pod 8. Avec Rainbow Candy, Peach Ice et Lemon Sour Orange dans une vape hybride r\u00e9volutionnaire 15 en 1.","breadcrumb":{"@id":"https:\/\/vozolvapen.de\/product\/bnag-leader-450k-pod-8-peach-ice-blueberry-ice-rainbow-candy-lemon-sour-orange\/#breadcrumb"},"inLanguage":"fr-FR","potentialAction":[{"@type":"ReadAction","target":["https:\/\/vozolvapen.de\/product\/bnag-leader-450k-pod-8-peach-ice-blueberry-ice-rainbow-candy-lemon-sour-orange\/"]}]},{"@type":"ImageObject","inLanguage":"fr-FR","@id":"https:\/\/vozolvapen.de\/product\/bnag-leader-450k-pod-8-peach-ice-blueberry-ice-rainbow-candy-lemon-sour-orange\/#primaryimage","url":"https:\/\/vozolvapen.de\/wp-content\/uploads\/2026\/05\/450k-puffs-Bnag-Leader-450k-Rainbow-Candy-Zest.webp","contentUrl":"https:\/\/vozolvapen.de\/wp-content\/uploads\/2026\/05\/450k-puffs-Bnag-Leader-450k-Rainbow-Candy-Zest.webp","width":768,"height":768,"caption":"450k Puffs Bnag Leader Rainbow Candy Zest Disposable Vape Device"},{"@type":"BreadcrumbList","@id":"https:\/\/vozolvapen.de\/product\/bnag-leader-450k-pod-8-peach-ice-blueberry-ice-rainbow-candy-lemon-sour-orange\/#breadcrumb","itemListElement":[{"@type":"ListItem","position":1,"name":"Home","item":"https:\/\/vozolvapen.de\/de\/"},{"@type":"ListItem","position":2,"name":"Shop","item":"https:\/\/vozolvapen.de\/shop\/"},{"@type":"ListItem","position":3,"name":"Bnag Leader 450k &#8211; Pod 8: Rainbow Candy &amp; Peach Ice 15-in-1 Hub"}]},{"@type":"WebSite","@id":"https:\/\/vozolvapen.de\/#website","url":"https:\/\/vozolvapen.de\/","name":"vozolvapen","description":"vozolvapen","publisher":{"@id":"https:\/\/vozolvapen.de\/#organization"},"potentialAction":[{"@type":"SearchAction","target":{"@type":"EntryPoint","urlTemplate":"https:\/\/vozolvapen.de\/?s={search_term_string}"},"query-input":{"@type":"PropertyValueSpecification","valueRequired":true,"valueName":"search_term_string"}}],"inLanguage":"fr-FR"},{"@type":"Organization","@id":"https:\/\/vozolvapen.de\/#organization","name":"vozolvapen","url":"https:\/\/vozolvapen.de\/","logo":{"@type":"ImageObject","inLanguage":"fr-FR","@id":"https:\/\/vozolvapen.de\/#\/schema\/logo\/image\/","url":"https:\/\/vozolvapen.de\/wp-content\/uploads\/2025\/12\/cropped-vozovapen-logo.webp","contentUrl":"https:\/\/vozolvapen.de\/wp-content\/uploads\/2025\/12\/cropped-vozovapen-logo.webp","width":470,"height":110,"caption":"vozolvapen"},"image":{"@id":"https:\/\/vozolvapen.de\/#\/schema\/logo\/image\/"}}]}},"tiered_pricing_type":"fixed","tiered_pricing_fixed_rules":{"30":"14.5","50":"12.5","100":"12.5","200":"11.5"},"tiered_pricing_product_settings":{"layout":"default","base_unit_name":{"singular":null,"plural":null},"default_variation":null},"tiered_pricing_minimum_quantity":10,"tiered_pricing_roles_data":[],"tiered_pricing_percentage_rules":[],"tiered_pricing_maximum_quantity":null,"tiered_pricing_quantity_step":"10","_links":{"self":[{"href":"https:\/\/vozolvapen.de\/fr\/wp-json\/wp\/v2\/product\/70487","targetHints":{"allow":["GET"]}}],"collection":[{"href":"https:\/\/vozolvapen.de\/fr\/wp-json\/wp\/v2\/product"}],"about":[{"href":"https:\/\/vozolvapen.de\/fr\/wp-json\/wp\/v2\/types\/product"}],"replies":[{"embeddable":true,"href":"https:\/\/vozolvapen.de\/fr\/wp-json\/wp\/v2\/comments?post=70487"}],"wp:featuredmedia":[{"embeddable":true,"href":"https:\/\/vozolvapen.de\/fr\/wp-json\/wp\/v2\/media\/70822"}],"wp:attachment":[{"href":"https:\/\/vozolvapen.de\/fr\/wp-json\/wp\/v2\/media?parent=70487"}],"wp:term":[{"taxonomy":"product_brand","embeddable":true,"href":"https:\/\/vozolvapen.de\/fr\/wp-json\/wp\/v2\/product_brand?post=70487"},{"taxonomy":"product_cat","embeddable":true,"href":"https:\/\/vozolvapen.de\/fr\/wp-json\/wp\/v2\/product_cat?post=70487"},{"taxonomy":"product_tag","embeddable":true,"href":"https:\/\/vozolvapen.de\/fr\/wp-json\/wp\/v2\/product_tag?post=70487"}],"curies":[{"name":"wp","href":"https:\/\/api.w.org\/{rel}","templated":true}]}}