{"id":70619,"date":"2026-05-12T09:02:13","date_gmt":"2026-05-12T09:02:13","guid":{"rendered":"https:\/\/vozolvapen.de\/?post_type=product&#038;p=70619"},"modified":"2026-05-12T09:42:34","modified_gmt":"2026-05-12T09:42:34","slug":"bnag-leader-450k-pod-10-watermelon-ice-blueberry-cherry-sour-mango-pineapple","status":"publish","type":"product","link":"https:\/\/vozolvapen.de\/fr\/product\/bnag-leader-450k-pod-10-watermelon-ice-blueberry-cherry-sour-mango-pineapple\/","title":{"rendered":"Bnag Leader 450k - Pod 10 : Summer Time &amp; Sour Mango 15-in-1 Hub"},"content":{"rendered":"<p>Le <strong>Chef du Bnag 450k<\/strong> (Bnag Leader 450000) est le summum de l'innovation. <strong>Marketing num\u00e9rique pour les boutiques de vapotage<\/strong> et l'ing\u00e9nierie de pr\u00e9cision. <strong>Pod 10<\/strong> est une collection \u00e0 haute teneur en oxyg\u00e8ne con\u00e7ue pour les amateurs de \u201cpiquant et rafra\u00eechissant\u201d, m\u00ealant une acidit\u00e9 tropicale tranchante \u00e0 des classiques estivaux juteux. En tant que produit phare <strong>450k vape<\/strong>, Il est dot\u00e9 de notre syst\u00e8me m\u00e9canique exclusif <strong>Saveur 15 en 1<\/strong> Le commutateur hybride vous permet de naviguer dans 450 000 bouff\u00e9es d'ar\u00f4mes haute d\u00e9finition avec une pr\u00e9cision chirurgicale et une grande facilit\u00e9 d'utilisation. <strong>Optimisation de l'URL et de l'architecture du site<\/strong>.<\/p>\n\n\n\n<h2 class=\"wp-block-heading\" id=\"h-technical-parameters-amp-performance\"><strong>Param\u00e8tres techniques et performances :<\/strong><\/h2>\n\n\n\n<ul class=\"wp-block-list\">\n<li><strong>Capacit\u00e9 de bouff\u00e9e :<\/strong> Jusqu'\u00e0 450 000 bouff\u00e9es (valeur de march\u00e9 in\u00e9gal\u00e9e)<\/li>\n\n\n\n<li><strong>Logique des ar\u00f4mes :<\/strong> Syst\u00e8me hybride m\u00e9canique 15 en 1<\/li>\n\n\n\n<li><strong>Mat\u00e9riel :<\/strong> 1.2\u03a9 Advanced Mesh Coil | 850mAh Cobalt Battery<\/li>\n\n\n\n<li><strong>Recharge :<\/strong> Interface rechargeable Type-C \u00e0 grande vitesse<\/li>\n\n\n\n<li><strong>Pr\u00e9cision de la nicotine :<\/strong> 0% | 2% | 3% | 5% Sel Intensit\u00e9 de la nicotine<\/li>\n<\/ul>\n\n\n\n<h2 class=\"wp-block-heading\">\ud83c\udfa8 La palette de saveurs \u201cZeste d'\u00e9t\u00e9\u201d 15 en 1 (Pod 10)<\/h2>\n\n\n\n<p>Pourquoi se contenter d'une saison quand on peut organiser un festival d'\u00e9t\u00e9 ? <strong>Pod 10<\/strong> propose quatre liquides de base haute d\u00e9finition. Utilisez la bascule hybride pour les d\u00e9guster purs ou cr\u00e9ez 11 combinaisons uniques \u201cSour-Tropical\u201d.<\/p>\n\n\n\n<h3 class=\"wp-block-heading\"><strong>Les 4 composantes de la vitalit\u00e9 de base :<\/strong><\/h3>\n\n\n\n<ol start=\"1\" class=\"wp-block-list\">\n<li><strong>Glace \u00e0 la past\u00e8que :<\/strong> Une base d'hydratation fra\u00eeche, recouverte de givre, pour un fond de teint lisse et froid.<\/li>\n\n\n\n<li><strong>Myrtille Cerise :<\/strong> Une fusion profonde et confitur\u00e9e de baies des bois et de douceur de fruits \u00e0 noyau.<\/li>\n\n\n\n<li><strong>Heure d'\u00e9t\u00e9 :<\/strong> Un m\u00e9lange exclusif d'agrumes ensoleill\u00e9s et de notes tropicales l\u00e9g\u00e8res.<\/li>\n\n\n\n<li><strong>Mangue acidul\u00e9e et ananas :<\/strong> Un duo tropical de haute intensit\u00e9 qui offre un \u201czing\u201d vif et piquant.\u201d<\/li>\n<\/ol>\n\n\n\n<h3 class=\"wp-block-heading\"><strong>M\u00e9langes hybrides de signature :<\/strong><\/h3>\n\n\n\n<ul class=\"wp-block-list\">\n<li><strong>Le Tropical Pucker (m\u00e9lange 3+4) :<\/strong> Summer Time rencontre Sour Mango Pineapple pour une explosion tropicale vive et acide.<\/li>\n\n\n\n<li><strong>Icy Berry Refresh (m\u00e9lange 1+2) :<\/strong> Glace de past\u00e8que infus\u00e9e avec la douceur profonde de la myrtille et de la cerise.<\/li>\n\n\n\n<li><strong>Zesty Summer Frost (m\u00e9lange 1+3) :<\/strong> La past\u00e8que fra\u00eeche est \u00e9quilibr\u00e9e par les notes vibrantes d'agrumes de l'heure d'\u00e9t\u00e9.<\/li>\n\n\n\n<li><strong>L'ultime mix d'\u00e9t\u00e9 (Mix 1+2+3+4) :<\/strong> Les quatre chambres s'ouvrent sur une symphonie complexe de fruits acides 15 en 1.<\/li>\n<\/ul>\n\n\n\n<h2 class=\"wp-block-heading\">\ud83e\uddec Sensory Focus : La saturation des saveurs de la prochaine g\u00e9n\u00e9ration<\/h2>\n\n\n\n<p>Utilisation <strong>Recherche de mots-cl\u00e9s pour les vapes<\/strong> pour cibler les sensations sp\u00e9cifiques de l'utilisateur, nous nous concentrons sur l'utilisation de la technologie de l'information et de la communication. <strong>Bnag Leader 450000<\/strong>\u2019La performance de la maille de 1,2\u03a9 et la performance de la maille de 1,2\u03a9 de la <strong>Optimisation de la structure du contenu<\/strong>.<\/p>\n\n\n\n<ul class=\"wp-block-list\">\n<li><strong>L'inspiration :<\/strong> Il s'ouvre imm\u00e9diatement sur le piquant de la mangue et de l'ananas acidul\u00e9s, suivi des notes lumineuses de Summer Time.<\/li>\n\n\n\n<li><strong>La section m\u00e9diane :<\/strong> Le Watermelon Ice apporte une sensation de bouche \u201chumide\u201d et hydratante qui \u00e9quilibre l'acidit\u00e9 tranchante du fruit tropical.<\/li>\n\n\n\n<li><strong>L'arri\u00e8re-go\u00fbt :<\/strong> Propre et persistant. La cerise aux myrtilles laisse un sillage sophistiqu\u00e9 de fruits noirs qui assure la p\u00e9rennit\u00e9 du vin. <strong>450 000 bouff\u00e9es<\/strong> reste passionnant et \u00e9quilibr\u00e9.<\/li>\n<\/ul>\n\n\n\n<h2 class=\"wp-block-heading\">\u2753 Optimisation des FAQ et des Rich Snippet<\/h2>\n\n\n\n<p><strong>Q : Quel est le degr\u00e9 d'acidit\u00e9 de l'ananas mangue acidul\u00e9 de la capsule 10 ?<\/strong><\/p>\n\n\n\n<p> <strong>A :<\/strong> Il est con\u00e7u pour \u00eatre acidul\u00e9 et piquant, stimulant le palais sans \u00eatre envahissant. Il agit comme un parfait \u201c\u00e9claircisseur de saveur\u201d dans le cadre de la campagne de promotion de la bi\u00e8re. <strong>Saveurs 15 en 1<\/strong> syst\u00e8me.<\/p>\n\n\n\n<p><strong>Q : Le Bnag Leader 450k n\u00e9cessite-t-il un entretien ?<\/strong> <\/p>\n\n\n\n<p><strong>A :<\/strong> Non. Il s'agit d'un syst\u00e8me enti\u00e8rement jetable. Il suffit de recharger la batterie de 850mAh via <strong>Type C<\/strong> pour s'assurer que la bobine de 1,2\u03a9 atomise efficacement l'e-liquide jusqu'\u00e0 ce que vous atteigniez le point de consigne. <strong>450k vape<\/strong> limite.<\/p>\n\n\n\n<p><strong>Q : Le Pod 10 est-il disponible pour le commerce de gros B2B ?<\/strong> <\/p>\n\n\n\n<p><strong>A :<\/strong> Oui. Nous offrons des services sp\u00e9cialis\u00e9s de <strong>SEO pour les sites d'e-cig<\/strong> soutien et conditionnement en gros (paquet de 10) pour les distributeurs mondiaux cherchant \u00e0 conqu\u00e9rir le march\u00e9 estival.<\/p>\n\n\n\n<h2 class=\"wp-block-heading\">\ud83d\udd0d Explore More 15-in-1 Sensory Experiences (Exp\u00e9riences sensorielles 15-en-1)<\/h2>\n\n\n\n<p>Si vous avez appr\u00e9ci\u00e9 la technologie hybride complexe de la <strong>Bnag Leader 450000<\/strong>, D\u00e9couvrez ces alternatives s\u00e9lectionn\u00e9es, con\u00e7ues pour repousser les limites de l'art et de la culture. <strong>450k vape<\/strong> r\u00e9volution.<\/p>\n\n\n\n<p>1.<a href=\"https:\/\/vozolvapen.de\/fr\/product\/bnag-leader-450k-pod-1-watermelon-cherry-mango\/\">Station Tropical Red &amp; Mango<\/a><br>2.<a href=\"https:\/\/vozolvapen.de\/fr\/product\/bnag-leader-450k-pod-2-cola-ice-energy-drink\/\">Soda et Energy Spark<\/a><br>3.<a href=\"https:\/\/vozolvapen.de\/fr\/product\/bnag-leader-450k-pod-3-watermelon-ice-red-bull\/\">Le revitalisant glac\u00e9<\/a><br>4.<a href=\"https:\/\/vozolvapen.de\/fr\/product\/bnag-leader-450k-pod-4-pineapple-coconut-mango-peach\/\">Cr\u00e8me des \u00eeles exotiques<\/a><br>5.<a href=\"https:\/\/vozolvapen.de\/fr\/product\/bnag-leader-450k-pod-5-energy-drink-blueberry-watermelon-gummy-bear\/\">Energie de bonbon acidul\u00e9<\/a><br>6.<a href=\"https:\/\/vozolvapen.de\/fr\/product\/bnag-leader-450k-pod-6-strawberry-watermelon-kiwi-guava\/\">Anthologie du verger d'\u00e9t\u00e9<\/a><br>7.<a href=\"https:\/\/vozolvapen.de\/fr\/product\/bnag-leader-450k-pod-7-fuji-apple-ice-blueberry-mint-lime-romance\/\">Fuji Romance et Menthe<\/a><br>8.<a href=\"https:\/\/vozolvapen.de\/fr\/product\/bnag-leader-450k-pod-8-peach-ice-blueberry-ice-rainbow-candy-lemon-sour-orange\/\">Zeste de bonbons arc-en-ciel<\/a><br>9.<a href=\"https:\/\/vozolvapen.de\/fr\/product\/bnag-leader-450k-pod-9-blueberry-ice-peach-mango-watermelon-passion-kiss-melon-apple\/\">Baiser au melon de la passion<\/a><br>11.<a href=\"https:\/\/vozolvapen.de\/fr\/product\/bnag-leader-450k-pod-11-california-cherry-passion-fruit-mango-berry-mix\/\">R\u00e9colte des baies en Californie<\/a><br>12.<a href=\"https:\/\/vozolvapen.de\/fr\/product\/bnag-leader-450k-pod-12-love66-red-mojito-strawberry-mango\/\">Love &amp; Mojito Lounge<\/a><\/p>","protected":false},"excerpt":{"rendered":"<p data-path-to-node=\"12\">Le zeste d'\u00e9t\u00e9 par excellence. Il se compose de mangue acide et d'ananas \u00e0 haute acidit\u00e9 et d'un m\u00e9lange d'agrumes \u201cSummer Time\u201d brevet\u00e9. Ce zeste d'\u00e9t\u00e9 a \u00e9t\u00e9 \u00e9labor\u00e9 \u00e0 partir d'un m\u00e9lange d'agrumes. <b data-path-to-node=\"12\" data-index-in-node=\"166\">450k houppette<\/b> powerhouse utilise un syst\u00e8me de commutation \u00e0 double saveur pour garder votre palais rafra\u00eechi pendant les cycles de vapotage les plus longs.<\/p>","protected":false},"featured_media":70826,"comment_status":"open","ping_status":"closed","template":"","meta":{"_acf_changed":false},"product_brand":[],"product_cat":[171],"product_tag":[],"class_list":{"0":"post-70619","1":"product","2":"type-product","3":"status-publish","4":"has-post-thumbnail","6":"product_cat-puff-450k-bang-leader-450k-15-in-1","8":"first","9":"instock","10":"shipping-taxable","11":"purchasable","12":"product-type-variable"},"acf":[],"yoast_head":"<!-- This site is optimized with the Yoast SEO Premium plugin v26.1 (Yoast SEO v27.5) - https:\/\/yoast.com\/product\/yoast-seo-premium-wordpress\/ -->\n<title>Bnag Leader 450k Pod 10 | 450k Puffs Sour Mango Pineapple 15-in-1<\/title>\n<meta name=\"description\" content=\"Experience 450,000 puffs of Bnag Leader 450k Pod 10. Featuring Sour Mango Pineapple, Summer Time, and Watermelon Ice in a revolutionary 15-in-1 hybrid vape.\" \/>\n<meta name=\"robots\" content=\"index, follow, max-snippet:-1, max-image-preview:large, max-video-preview:-1\" \/>\n<link rel=\"canonical\" href=\"https:\/\/vozolvapen.de\/fr\/product\/bnag-leader-450k-pod-10-watermelon-ice-blueberry-cherry-sour-mango-pineapple\/\" \/>\n<meta property=\"og:locale\" content=\"fr_FR\" \/>\n<meta property=\"og:type\" content=\"article\" \/>\n<meta property=\"og:title\" content=\"Bnag Leader 450k - Pod 10: Summer Time &amp; Sour Mango 15-in-1 Hub\" \/>\n<meta property=\"og:description\" content=\"Experience 450,000 puffs of Bnag Leader 450k Pod 10. Featuring Sour Mango Pineapple, Summer Time, and Watermelon Ice in a revolutionary 15-in-1 hybrid vape.\" \/>\n<meta property=\"og:url\" content=\"https:\/\/vozolvapen.de\/fr\/product\/bnag-leader-450k-pod-10-watermelon-ice-blueberry-cherry-sour-mango-pineapple\/\" \/>\n<meta property=\"og:site_name\" content=\"vozolvapen\" \/>\n<meta property=\"article:modified_time\" content=\"2026-05-12T09:42:34+00:00\" \/>\n<meta property=\"og:image\" content=\"https:\/\/vozolvapen.de\/wp-content\/uploads\/2026\/05\/450k-puffs-Bnag-Leader-450k-Summer-Sour-Pineapple.webp\" \/>\n\t<meta property=\"og:image:width\" content=\"768\" \/>\n\t<meta property=\"og:image:height\" content=\"768\" \/>\n\t<meta property=\"og:image:type\" content=\"image\/webp\" \/>\n<meta name=\"twitter:card\" content=\"summary_large_image\" \/>\n<meta name=\"twitter:label1\" content=\"Dur\u00e9e de lecture estim\u00e9e\" \/>\n\t<meta name=\"twitter:data1\" content=\"3 minutes\" \/>\n<script type=\"application\/ld+json\" class=\"yoast-schema-graph\">{\"@context\":\"https:\\\/\\\/schema.org\",\"@graph\":[{\"@type\":\"WebPage\",\"@id\":\"https:\\\/\\\/vozolvapen.de\\\/product\\\/bnag-leader-450k-pod-10-watermelon-ice-blueberry-cherry-sour-mango-pineapple\\\/\",\"url\":\"https:\\\/\\\/vozolvapen.de\\\/product\\\/bnag-leader-450k-pod-10-watermelon-ice-blueberry-cherry-sour-mango-pineapple\\\/\",\"name\":\"Bnag Leader 450k Pod 10 | 450k Puffs Sour Mango Pineapple 15-in-1\",\"isPartOf\":{\"@id\":\"https:\\\/\\\/vozolvapen.de\\\/#website\"},\"primaryImageOfPage\":{\"@id\":\"https:\\\/\\\/vozolvapen.de\\\/product\\\/bnag-leader-450k-pod-10-watermelon-ice-blueberry-cherry-sour-mango-pineapple\\\/#primaryimage\"},\"image\":{\"@id\":\"https:\\\/\\\/vozolvapen.de\\\/product\\\/bnag-leader-450k-pod-10-watermelon-ice-blueberry-cherry-sour-mango-pineapple\\\/#primaryimage\"},\"thumbnailUrl\":\"https:\\\/\\\/vozolvapen.de\\\/wp-content\\\/uploads\\\/2026\\\/05\\\/450k-puffs-Bnag-Leader-450k-Summer-Sour-Pineapple.webp\",\"datePublished\":\"2026-05-12T09:02:13+00:00\",\"dateModified\":\"2026-05-12T09:42:34+00:00\",\"description\":\"Experience 450,000 puffs of Bnag Leader 450k Pod 10. Featuring Sour Mango Pineapple, Summer Time, and Watermelon Ice in a revolutionary 15-in-1 hybrid vape.\",\"breadcrumb\":{\"@id\":\"https:\\\/\\\/vozolvapen.de\\\/product\\\/bnag-leader-450k-pod-10-watermelon-ice-blueberry-cherry-sour-mango-pineapple\\\/#breadcrumb\"},\"inLanguage\":\"fr-FR\",\"potentialAction\":[{\"@type\":\"ReadAction\",\"target\":[\"https:\\\/\\\/vozolvapen.de\\\/product\\\/bnag-leader-450k-pod-10-watermelon-ice-blueberry-cherry-sour-mango-pineapple\\\/\"]}]},{\"@type\":\"ImageObject\",\"inLanguage\":\"fr-FR\",\"@id\":\"https:\\\/\\\/vozolvapen.de\\\/product\\\/bnag-leader-450k-pod-10-watermelon-ice-blueberry-cherry-sour-mango-pineapple\\\/#primaryimage\",\"url\":\"https:\\\/\\\/vozolvapen.de\\\/wp-content\\\/uploads\\\/2026\\\/05\\\/450k-puffs-Bnag-Leader-450k-Summer-Sour-Pineapple.webp\",\"contentUrl\":\"https:\\\/\\\/vozolvapen.de\\\/wp-content\\\/uploads\\\/2026\\\/05\\\/450k-puffs-Bnag-Leader-450k-Summer-Sour-Pineapple.webp\",\"width\":768,\"height\":768,\"caption\":\"450k Puffs Bnag Leader Summer Sour Pineapple Disposable Vape Device\"},{\"@type\":\"BreadcrumbList\",\"@id\":\"https:\\\/\\\/vozolvapen.de\\\/product\\\/bnag-leader-450k-pod-10-watermelon-ice-blueberry-cherry-sour-mango-pineapple\\\/#breadcrumb\",\"itemListElement\":[{\"@type\":\"ListItem\",\"position\":1,\"name\":\"Home\",\"item\":\"https:\\\/\\\/vozolvapen.de\\\/de\\\/\"},{\"@type\":\"ListItem\",\"position\":2,\"name\":\"Shop\",\"item\":\"https:\\\/\\\/vozolvapen.de\\\/shop\\\/\"},{\"@type\":\"ListItem\",\"position\":3,\"name\":\"Bnag Leader 450k &#8211; Pod 10: Summer Time &amp; Sour Mango 15-in-1 Hub\"}]},{\"@type\":\"WebSite\",\"@id\":\"https:\\\/\\\/vozolvapen.de\\\/#website\",\"url\":\"https:\\\/\\\/vozolvapen.de\\\/\",\"name\":\"vozolvapen\",\"description\":\"vozolvapen\",\"publisher\":{\"@id\":\"https:\\\/\\\/vozolvapen.de\\\/#organization\"},\"potentialAction\":[{\"@type\":\"SearchAction\",\"target\":{\"@type\":\"EntryPoint\",\"urlTemplate\":\"https:\\\/\\\/vozolvapen.de\\\/?s={search_term_string}\"},\"query-input\":{\"@type\":\"PropertyValueSpecification\",\"valueRequired\":true,\"valueName\":\"search_term_string\"}}],\"inLanguage\":\"fr-FR\"},{\"@type\":\"Organization\",\"@id\":\"https:\\\/\\\/vozolvapen.de\\\/#organization\",\"name\":\"vozolvapen\",\"url\":\"https:\\\/\\\/vozolvapen.de\\\/\",\"logo\":{\"@type\":\"ImageObject\",\"inLanguage\":\"fr-FR\",\"@id\":\"https:\\\/\\\/vozolvapen.de\\\/#\\\/schema\\\/logo\\\/image\\\/\",\"url\":\"https:\\\/\\\/vozolvapen.de\\\/wp-content\\\/uploads\\\/2025\\\/12\\\/cropped-vozovapen-logo.webp\",\"contentUrl\":\"https:\\\/\\\/vozolvapen.de\\\/wp-content\\\/uploads\\\/2025\\\/12\\\/cropped-vozovapen-logo.webp\",\"width\":470,\"height\":110,\"caption\":\"vozolvapen\"},\"image\":{\"@id\":\"https:\\\/\\\/vozolvapen.de\\\/#\\\/schema\\\/logo\\\/image\\\/\"}}]}<\/script>\n<!-- \/ Yoast SEO Premium plugin. -->","yoast_head_json":{"title":"Bnag Leader 450k Pod 10 | 450k Puffs Sour Mango Pineapple 15-in-1","description":"D\u00e9couvrez 450 000 bouff\u00e9es de Bnag Leader 450k Pod 10. Avec Sour Mango Pineapple, Summer Time et Watermelon Ice dans une vape hybride r\u00e9volutionnaire 15 en 1.","robots":{"index":"index","follow":"follow","max-snippet":"max-snippet:-1","max-image-preview":"max-image-preview:large","max-video-preview":"max-video-preview:-1"},"canonical":"https:\/\/vozolvapen.de\/fr\/product\/bnag-leader-450k-pod-10-watermelon-ice-blueberry-cherry-sour-mango-pineapple\/","og_locale":"fr_FR","og_type":"article","og_title":"Bnag Leader 450k - Pod 10: Summer Time &amp; Sour Mango 15-in-1 Hub","og_description":"Experience 450,000 puffs of Bnag Leader 450k Pod 10. Featuring Sour Mango Pineapple, Summer Time, and Watermelon Ice in a revolutionary 15-in-1 hybrid vape.","og_url":"https:\/\/vozolvapen.de\/fr\/product\/bnag-leader-450k-pod-10-watermelon-ice-blueberry-cherry-sour-mango-pineapple\/","og_site_name":"vozolvapen","article_modified_time":"2026-05-12T09:42:34+00:00","og_image":[{"width":768,"height":768,"url":"https:\/\/vozolvapen.de\/wp-content\/uploads\/2026\/05\/450k-puffs-Bnag-Leader-450k-Summer-Sour-Pineapple.webp","type":"image\/webp"}],"twitter_card":"summary_large_image","twitter_misc":{"Dur\u00e9e de lecture estim\u00e9e":"3 minutes"},"schema":{"@context":"https:\/\/schema.org","@graph":[{"@type":"WebPage","@id":"https:\/\/vozolvapen.de\/product\/bnag-leader-450k-pod-10-watermelon-ice-blueberry-cherry-sour-mango-pineapple\/","url":"https:\/\/vozolvapen.de\/product\/bnag-leader-450k-pod-10-watermelon-ice-blueberry-cherry-sour-mango-pineapple\/","name":"Bnag Leader 450k Pod 10 | 450k Puffs Sour Mango Pineapple 15-in-1","isPartOf":{"@id":"https:\/\/vozolvapen.de\/#website"},"primaryImageOfPage":{"@id":"https:\/\/vozolvapen.de\/product\/bnag-leader-450k-pod-10-watermelon-ice-blueberry-cherry-sour-mango-pineapple\/#primaryimage"},"image":{"@id":"https:\/\/vozolvapen.de\/product\/bnag-leader-450k-pod-10-watermelon-ice-blueberry-cherry-sour-mango-pineapple\/#primaryimage"},"thumbnailUrl":"https:\/\/vozolvapen.de\/wp-content\/uploads\/2026\/05\/450k-puffs-Bnag-Leader-450k-Summer-Sour-Pineapple.webp","datePublished":"2026-05-12T09:02:13+00:00","dateModified":"2026-05-12T09:42:34+00:00","description":"D\u00e9couvrez 450 000 bouff\u00e9es de Bnag Leader 450k Pod 10. Avec Sour Mango Pineapple, Summer Time et Watermelon Ice dans une vape hybride r\u00e9volutionnaire 15 en 1.","breadcrumb":{"@id":"https:\/\/vozolvapen.de\/product\/bnag-leader-450k-pod-10-watermelon-ice-blueberry-cherry-sour-mango-pineapple\/#breadcrumb"},"inLanguage":"fr-FR","potentialAction":[{"@type":"ReadAction","target":["https:\/\/vozolvapen.de\/product\/bnag-leader-450k-pod-10-watermelon-ice-blueberry-cherry-sour-mango-pineapple\/"]}]},{"@type":"ImageObject","inLanguage":"fr-FR","@id":"https:\/\/vozolvapen.de\/product\/bnag-leader-450k-pod-10-watermelon-ice-blueberry-cherry-sour-mango-pineapple\/#primaryimage","url":"https:\/\/vozolvapen.de\/wp-content\/uploads\/2026\/05\/450k-puffs-Bnag-Leader-450k-Summer-Sour-Pineapple.webp","contentUrl":"https:\/\/vozolvapen.de\/wp-content\/uploads\/2026\/05\/450k-puffs-Bnag-Leader-450k-Summer-Sour-Pineapple.webp","width":768,"height":768,"caption":"450k Puffs Bnag Leader Summer Sour Pineapple Disposable Vape Device"},{"@type":"BreadcrumbList","@id":"https:\/\/vozolvapen.de\/product\/bnag-leader-450k-pod-10-watermelon-ice-blueberry-cherry-sour-mango-pineapple\/#breadcrumb","itemListElement":[{"@type":"ListItem","position":1,"name":"Home","item":"https:\/\/vozolvapen.de\/de\/"},{"@type":"ListItem","position":2,"name":"Shop","item":"https:\/\/vozolvapen.de\/shop\/"},{"@type":"ListItem","position":3,"name":"Bnag Leader 450k &#8211; Pod 10: Summer Time &amp; Sour Mango 15-in-1 Hub"}]},{"@type":"WebSite","@id":"https:\/\/vozolvapen.de\/#website","url":"https:\/\/vozolvapen.de\/","name":"vozolvapen","description":"vozolvapen","publisher":{"@id":"https:\/\/vozolvapen.de\/#organization"},"potentialAction":[{"@type":"SearchAction","target":{"@type":"EntryPoint","urlTemplate":"https:\/\/vozolvapen.de\/?s={search_term_string}"},"query-input":{"@type":"PropertyValueSpecification","valueRequired":true,"valueName":"search_term_string"}}],"inLanguage":"fr-FR"},{"@type":"Organization","@id":"https:\/\/vozolvapen.de\/#organization","name":"vozolvapen","url":"https:\/\/vozolvapen.de\/","logo":{"@type":"ImageObject","inLanguage":"fr-FR","@id":"https:\/\/vozolvapen.de\/#\/schema\/logo\/image\/","url":"https:\/\/vozolvapen.de\/wp-content\/uploads\/2025\/12\/cropped-vozovapen-logo.webp","contentUrl":"https:\/\/vozolvapen.de\/wp-content\/uploads\/2025\/12\/cropped-vozovapen-logo.webp","width":470,"height":110,"caption":"vozolvapen"},"image":{"@id":"https:\/\/vozolvapen.de\/#\/schema\/logo\/image\/"}}]}},"tiered_pricing_type":"fixed","tiered_pricing_fixed_rules":{"30":"14.5","50":"12.5","100":"12.5","200":"11.5"},"tiered_pricing_product_settings":{"layout":"default","base_unit_name":{"singular":null,"plural":null},"default_variation":null},"tiered_pricing_minimum_quantity":10,"tiered_pricing_roles_data":[],"tiered_pricing_percentage_rules":[],"tiered_pricing_maximum_quantity":null,"tiered_pricing_quantity_step":"10","_links":{"self":[{"href":"https:\/\/vozolvapen.de\/fr\/wp-json\/wp\/v2\/product\/70619","targetHints":{"allow":["GET"]}}],"collection":[{"href":"https:\/\/vozolvapen.de\/fr\/wp-json\/wp\/v2\/product"}],"about":[{"href":"https:\/\/vozolvapen.de\/fr\/wp-json\/wp\/v2\/types\/product"}],"replies":[{"embeddable":true,"href":"https:\/\/vozolvapen.de\/fr\/wp-json\/wp\/v2\/comments?post=70619"}],"wp:featuredmedia":[{"embeddable":true,"href":"https:\/\/vozolvapen.de\/fr\/wp-json\/wp\/v2\/media\/70826"}],"wp:attachment":[{"href":"https:\/\/vozolvapen.de\/fr\/wp-json\/wp\/v2\/media?parent=70619"}],"wp:term":[{"taxonomy":"product_brand","embeddable":true,"href":"https:\/\/vozolvapen.de\/fr\/wp-json\/wp\/v2\/product_brand?post=70619"},{"taxonomy":"product_cat","embeddable":true,"href":"https:\/\/vozolvapen.de\/fr\/wp-json\/wp\/v2\/product_cat?post=70619"},{"taxonomy":"product_tag","embeddable":true,"href":"https:\/\/vozolvapen.de\/fr\/wp-json\/wp\/v2\/product_tag?post=70619"}],"curies":[{"name":"wp","href":"https:\/\/api.w.org\/{rel}","templated":true}]}}