{"id":7292,"date":"2025-12-03T09:44:31","date_gmt":"2025-12-03T09:44:31","guid":{"rendered":"https:\/\/vozolvapen.de\/?post_type=product&#038;p=7292"},"modified":"2026-02-10T11:17:26","modified_gmt":"2026-02-10T11:17:26","slug":"vozol-rave-40000-blueberry-ice","status":"publish","type":"product","link":"https:\/\/vozolvapen.de\/fr\/product\/vozol-rave-40000-blueberry-ice\/","title":{"rendered":"VOZOL RAVE 40000 \u2013 Blueberry Ice"},"content":{"rendered":"<h1 style=\"text-align: center;\">VOZOL RAVE 40000 Puffs Vape jetable \u2013 Saveur myrtille glac\u00e9e<\/h1>\n<p><b>Pr\u00e9sentation des saveurs :<\/b> Le <b>Glace \u00e0 la myrtille<\/b> saveur provenant du <b>VOZOL RAVE 40000<\/b> Cette s\u00e9rie est un classique perfectionn\u00e9. Ceci <b>vozol vape<\/b> met l'accent sur la richesse et la douceur moelleuse des myrtilles sauvages, compl\u00e9t\u00e9es par une finale menthol\u00e9e parfaitement rafra\u00eechissante. C'est le choix id\u00e9al pour les utilisateurs qui aiment une exp\u00e9rience simple et rafra\u00eechissante aux baies. L'immense <b>40000 puffs<\/b> Le nombre de portions vous permet de profiter longtemps de cette sensation glac\u00e9e aux baies, rehauss\u00e9e par la fra\u00eecheur. <b>Animation Eclipse Vaping<\/b> effet.<\/p>\n<h2>Avantages techniques du VOZOL RAVE 40000<\/h2>\n<p>Nous proposons non seulement la meilleure saveur de glace \u00e0 la myrtille, mais \u00e9galement une technologie de pointe :<\/p>\n<ul>\n<li>Capacit\u00e9 d'e-liquide massive : la capacit\u00e9 d'e-liquide de 20 ml soutient parfaitement l'incroyable autonomie de la batterie du Vozol 40000 bouff\u00e9es.<\/li>\n<li>Garantie de performance : la conception de la r\u00e9sistance de 1,2 \u03a9 garantit une saveur Blueberry Ice constante et pure du d\u00e9but \u00e0 la fin.<\/li>\n<li>\u00c9quipement pour faire la f\u00eate : le mode \u2019 Party \u00bb synchronis\u00e9 avec le rythme du Vozol Rave 40000 vous permet d'\u00eatre le centre de l'attention.<\/li>\n<\/ul>\n<h3>VOZOL RAVE 40000 Caract\u00e9ristiques techniques principales<\/h3>\n<table data-path-to-node=\"5\">\n<thead>\n<tr>\n<td><strong>Param\u00e8tre<\/strong><\/td>\n<td><strong>D\u00e9tail<\/strong><\/td>\n<td><strong>Mettre en \u00e9vidence<\/strong><\/td>\n<\/tr>\n<\/thead>\n<tbody>\n<tr>\n<td><span data-path-to-node=\"5,1,0,0\"><b>Nom du mod\u00e8le<\/b><\/span><\/td>\n<td><span data-path-to-node=\"5,1,1,0\"><b>VOZOL RAVE 40000<\/b><\/span><\/td>\n<td><span data-path-to-node=\"5,1,2,0\">Leader du march\u00e9 <b>Vozol 40000<\/b> S\u00e9rie<\/span><\/td>\n<\/tr>\n<tr>\n<td><span data-path-to-node=\"5,2,0,0\"><b>Max Puffs<\/b><\/span><\/td>\n<td><span data-path-to-node=\"5,2,1,0\">Jusqu'\u00e0 40000 Puffs<\/span><\/td>\n<td><span data-path-to-node=\"5,2,2,0\">Long\u00e9vit\u00e9 in\u00e9gal\u00e9e<\/span><\/td>\n<\/tr>\n<tr>\n<td><span data-path-to-node=\"5,3,0,0\"><b>E-liquide<\/b><\/span><\/td>\n<td><span data-path-to-node=\"5,3,1,0\">Liquide pr\u00e9rempli de 20 ml<\/span><\/td>\n<td><span data-path-to-node=\"5,3,2,0\">Capacit\u00e9 maximale<\/span><\/td>\n<\/tr>\n<tr>\n<td><span data-path-to-node=\"5,4,0,0\"><b>Nicotine<\/b><\/span><\/td>\n<td><span data-path-to-node=\"5,4,1,0\">5% (50 mg\/ml) Teneur en nicotine<\/span><\/td>\n<td><span data-path-to-node=\"5,4,2,0\">Coup puissant et satisfaisant<\/span><\/td>\n<\/tr>\n<tr>\n<td><span data-path-to-node=\"5,5,0,0\"><b>Batterie<\/b><\/span><\/td>\n<td><span data-path-to-node=\"5,5,1,0\">1000 mAh rechargeable<\/span><\/td>\n<td><span data-path-to-node=\"5,5,2,0\">80% Charg\u00e9 en 20 minutes<\/span><\/td>\n<\/tr>\n<tr>\n<td><span data-path-to-node=\"5,6,0,0\"><b>Exp\u00e9dition<\/b><\/span><\/td>\n<td><span data-path-to-node=\"5,6,1,0\">Entrep\u00f4t europ\u00e9en (1 \u00e0 3 jours)<\/span><\/td>\n<td><span data-path-to-node=\"5,6,2,0\">Livraison rapide dans l'UE<\/span><\/td>\n<\/tr>\n<tr>\n<td><span data-path-to-node=\"5,7,0,0\"><b>Caract\u00e9ristiques<\/b><\/span><\/td>\n<td><span data-path-to-node=\"5,7,1,0\">Lueur vibrante \u00e0 270\u00b0, mode f\u00eate synchronis\u00e9 avec le rythme<\/span><\/td>\n<td><span data-path-to-node=\"5,7,2,0\">Une exp\u00e9rience de vapotage unique<\/span><\/td>\n<\/tr>\n<\/tbody>\n<\/table>\n<h3 dir=\"auto\">Voici d'autres recommandations pour vous :<\/h3>\n<p dir=\"auto\">D\u00e9couvrez encore plus de saveurs incroyables avec la cigarette \u00e9lectronique JNR Falcon-X 18000 Puff Vape!<\/p>\n<p dir=\"auto\"><a href=\"https:\/\/vozolvapen.de\/fr\/product-category\/vozol-vape\/vozol-rave-40-000-bouffees-de-vape\/\">Voir toutes les vari\u00e9t\u00e9s ici \u2192<\/a><\/p>\n<p dir=\"auto\">D\u00e9couvrez notre collection compl\u00e8te et achetez les meilleures marques de cigarettes \u00e9lectroniques que vous allez adorer.<\/p>\n<p dir=\"auto\"><a href=\"https:\/\/vozolvapen.de\/fr\/\">Parcourir toutes les marques maintenant \u2192<\/a><\/p>\n<p dir=\"auto\">D\u00e9couvrez la gamme compl\u00e8te VOZOL Vape : toutes les saveurs, tous les styles !<\/p>\n<p dir=\"auto\"><a href=\"https:\/\/vozolvapen.de\/fr\/product-category\/vozol-vape\/\">D\u00e9couvrez toute la collection VOZOL Vape \u2192<\/a><\/p>","protected":false},"excerpt":{"rendered":"<p>La douceur riche et m\u00fbre des myrtilles se marie parfaitement avec la fra\u00eecheur intense de la menthe. Savourez un go\u00fbt pur et rafra\u00eechissant. <b>vozol 40000 puffs<\/b> une exp\u00e9rience qui dure.<\/p>","protected":false},"featured_media":7294,"comment_status":"open","ping_status":"closed","template":"","meta":{"_acf_changed":false},"product_brand":[],"product_cat":[134,55],"product_tag":[],"class_list":{"0":"post-7292","1":"product","2":"type-product","3":"status-publish","4":"has-post-thumbnail","6":"product_cat-eu-warehouse-in-stock","7":"product_cat-vozol-rave-40000-puffs-vape","9":"first","10":"instock","11":"shipping-taxable","12":"purchasable","13":"product-type-variable"},"acf":[],"yoast_head":"<!-- This site is optimized with the Yoast SEO Premium plugin v26.1 (Yoast SEO v27.5) - https:\/\/yoast.com\/product\/yoast-seo-premium-wordpress\/ -->\n<title>Vozol 40000 Puffs Blueberry Ice - Official Vozol Rave vozol vape Bulk Buy - vozolvapen<\/title>\n<meta name=\"description\" content=\"Looking for pure Blueberry Ice? The Vozol Rave 40000 Blueberry Ice flavor delivers 40000 perfect, icy puffs. 20ML capacity, 5% nicotine. Authentic Vozol 40000 in stock at our EU warehouse.\" \/>\n<meta name=\"robots\" content=\"index, follow, max-snippet:-1, max-image-preview:large, max-video-preview:-1\" \/>\n<link rel=\"canonical\" href=\"https:\/\/vozolvapen.de\/fr\/product\/vozol-rave-40000-blueberry-ice\/\" \/>\n<meta property=\"og:locale\" content=\"fr_FR\" \/>\n<meta property=\"og:type\" content=\"article\" \/>\n<meta property=\"og:title\" content=\"VOZOL RAVE 40000 - Blueberry Ice\" \/>\n<meta property=\"og:description\" content=\"Looking for pure Blueberry Ice? The Vozol Rave 40000 Blueberry Ice flavor delivers 40000 perfect, icy puffs. 20ML capacity, 5% nicotine. Authentic Vozol 40000 in stock at our EU warehouse.\" \/>\n<meta property=\"og:url\" content=\"https:\/\/vozolvapen.de\/fr\/product\/vozol-rave-40000-blueberry-ice\/\" \/>\n<meta property=\"og:site_name\" content=\"vozolvapen\" \/>\n<meta property=\"article:modified_time\" content=\"2026-02-10T11:17:26+00:00\" \/>\n<meta property=\"og:image\" content=\"https:\/\/vozolvapen.de\/wp-content\/uploads\/2025\/12\/VOZOL-RAVE-40000-Blueberry-Ice-3.webp\" \/>\n\t<meta property=\"og:image:width\" content=\"1200\" \/>\n\t<meta property=\"og:image:height\" content=\"1200\" \/>\n\t<meta property=\"og:image:type\" content=\"image\/webp\" \/>\n<meta name=\"twitter:card\" content=\"summary_large_image\" \/>\n<meta name=\"twitter:label1\" content=\"Dur\u00e9e de lecture estim\u00e9e\" \/>\n\t<meta name=\"twitter:data1\" content=\"2 minutes\" \/>\n<script type=\"application\/ld+json\" class=\"yoast-schema-graph\">{\"@context\":\"https:\\\/\\\/schema.org\",\"@graph\":[{\"@type\":\"WebPage\",\"@id\":\"https:\\\/\\\/vozolvapen.de\\\/product\\\/vozol-rave-40000-blueberry-ice\\\/\",\"url\":\"https:\\\/\\\/vozolvapen.de\\\/product\\\/vozol-rave-40000-blueberry-ice\\\/\",\"name\":\"Vozol 40000 Puffs Blueberry Ice - Official Vozol Rave vozol vape Bulk Buy - vozolvapen\",\"isPartOf\":{\"@id\":\"https:\\\/\\\/vozolvapen.de\\\/#website\"},\"primaryImageOfPage\":{\"@id\":\"https:\\\/\\\/vozolvapen.de\\\/product\\\/vozol-rave-40000-blueberry-ice\\\/#primaryimage\"},\"image\":{\"@id\":\"https:\\\/\\\/vozolvapen.de\\\/product\\\/vozol-rave-40000-blueberry-ice\\\/#primaryimage\"},\"thumbnailUrl\":\"https:\\\/\\\/vozolvapen.de\\\/wp-content\\\/uploads\\\/2025\\\/12\\\/VOZOL-RAVE-40000-Blueberry-Ice-3.webp\",\"datePublished\":\"2025-12-03T09:44:31+00:00\",\"dateModified\":\"2026-02-10T11:17:26+00:00\",\"description\":\"Looking for pure Blueberry Ice? The Vozol Rave 40000 Blueberry Ice flavor delivers 40000 perfect, icy puffs. 20ML capacity, 5% nicotine. Authentic Vozol 40000 in stock at our EU warehouse.\",\"breadcrumb\":{\"@id\":\"https:\\\/\\\/vozolvapen.de\\\/product\\\/vozol-rave-40000-blueberry-ice\\\/#breadcrumb\"},\"inLanguage\":\"fr-FR\",\"potentialAction\":[{\"@type\":\"ReadAction\",\"target\":[\"https:\\\/\\\/vozolvapen.de\\\/product\\\/vozol-rave-40000-blueberry-ice\\\/\"]}]},{\"@type\":\"ImageObject\",\"inLanguage\":\"fr-FR\",\"@id\":\"https:\\\/\\\/vozolvapen.de\\\/product\\\/vozol-rave-40000-blueberry-ice\\\/#primaryimage\",\"url\":\"https:\\\/\\\/vozolvapen.de\\\/wp-content\\\/uploads\\\/2025\\\/12\\\/VOZOL-RAVE-40000-Blueberry-Ice-3.webp\",\"contentUrl\":\"https:\\\/\\\/vozolvapen.de\\\/wp-content\\\/uploads\\\/2025\\\/12\\\/VOZOL-RAVE-40000-Blueberry-Ice-3.webp\",\"width\":1200,\"height\":1200,\"caption\":\"Vozol Rave 40000 Blueberry Ice 3 Disposable Vape Device\"},{\"@type\":\"BreadcrumbList\",\"@id\":\"https:\\\/\\\/vozolvapen.de\\\/product\\\/vozol-rave-40000-blueberry-ice\\\/#breadcrumb\",\"itemListElement\":[{\"@type\":\"ListItem\",\"position\":1,\"name\":\"Home\",\"item\":\"https:\\\/\\\/vozolvapen.de\\\/de\\\/\"},{\"@type\":\"ListItem\",\"position\":2,\"name\":\"Shop\",\"item\":\"https:\\\/\\\/vozolvapen.de\\\/shop\\\/\"},{\"@type\":\"ListItem\",\"position\":3,\"name\":\"VOZOL RAVE 40000 &#8211; Blueberry Ice\"}]},{\"@type\":\"WebSite\",\"@id\":\"https:\\\/\\\/vozolvapen.de\\\/#website\",\"url\":\"https:\\\/\\\/vozolvapen.de\\\/\",\"name\":\"vozolvapen\",\"description\":\"vozolvapen\",\"publisher\":{\"@id\":\"https:\\\/\\\/vozolvapen.de\\\/#organization\"},\"potentialAction\":[{\"@type\":\"SearchAction\",\"target\":{\"@type\":\"EntryPoint\",\"urlTemplate\":\"https:\\\/\\\/vozolvapen.de\\\/?s={search_term_string}\"},\"query-input\":{\"@type\":\"PropertyValueSpecification\",\"valueRequired\":true,\"valueName\":\"search_term_string\"}}],\"inLanguage\":\"fr-FR\"},{\"@type\":\"Organization\",\"@id\":\"https:\\\/\\\/vozolvapen.de\\\/#organization\",\"name\":\"vozolvapen\",\"url\":\"https:\\\/\\\/vozolvapen.de\\\/\",\"logo\":{\"@type\":\"ImageObject\",\"inLanguage\":\"fr-FR\",\"@id\":\"https:\\\/\\\/vozolvapen.de\\\/#\\\/schema\\\/logo\\\/image\\\/\",\"url\":\"https:\\\/\\\/vozolvapen.de\\\/wp-content\\\/uploads\\\/2025\\\/12\\\/cropped-vozovapen-logo.webp\",\"contentUrl\":\"https:\\\/\\\/vozolvapen.de\\\/wp-content\\\/uploads\\\/2025\\\/12\\\/cropped-vozovapen-logo.webp\",\"width\":470,\"height\":110,\"caption\":\"vozolvapen\"},\"image\":{\"@id\":\"https:\\\/\\\/vozolvapen.de\\\/#\\\/schema\\\/logo\\\/image\\\/\"}}]}<\/script>\n<!-- \/ Yoast SEO Premium plugin. -->","yoast_head_json":{"title":"Vozol 40000 Puffs Blueberry Ice - Vozol officiel Rave vozol vape Achat en gros - vozolvapen","description":"Vous recherchez une saveur pure de Blueberry Ice ? La saveur Blueberry Ice de Vozol Rave 40000 offre 40 000 puffs glac\u00e9es parfaites. Capacit\u00e9 de 20 ml, nicotine 5%. Vozol 40000 authentique en stock dans notre entrep\u00f4t europ\u00e9en.","robots":{"index":"index","follow":"follow","max-snippet":"max-snippet:-1","max-image-preview":"max-image-preview:large","max-video-preview":"max-video-preview:-1"},"canonical":"https:\/\/vozolvapen.de\/fr\/product\/vozol-rave-40000-blueberry-ice\/","og_locale":"fr_FR","og_type":"article","og_title":"VOZOL RAVE 40000 - Blueberry Ice","og_description":"Looking for pure Blueberry Ice? The Vozol Rave 40000 Blueberry Ice flavor delivers 40000 perfect, icy puffs. 20ML capacity, 5% nicotine. Authentic Vozol 40000 in stock at our EU warehouse.","og_url":"https:\/\/vozolvapen.de\/fr\/product\/vozol-rave-40000-blueberry-ice\/","og_site_name":"vozolvapen","article_modified_time":"2026-02-10T11:17:26+00:00","og_image":[{"width":1200,"height":1200,"url":"https:\/\/vozolvapen.de\/wp-content\/uploads\/2025\/12\/VOZOL-RAVE-40000-Blueberry-Ice-3.webp","type":"image\/webp"}],"twitter_card":"summary_large_image","twitter_misc":{"Dur\u00e9e de lecture estim\u00e9e":"2 minutes"},"schema":{"@context":"https:\/\/schema.org","@graph":[{"@type":"WebPage","@id":"https:\/\/vozolvapen.de\/product\/vozol-rave-40000-blueberry-ice\/","url":"https:\/\/vozolvapen.de\/product\/vozol-rave-40000-blueberry-ice\/","name":"Vozol 40000 Puffs Blueberry Ice - Vozol officiel Rave vozol vape Achat en gros - vozolvapen","isPartOf":{"@id":"https:\/\/vozolvapen.de\/#website"},"primaryImageOfPage":{"@id":"https:\/\/vozolvapen.de\/product\/vozol-rave-40000-blueberry-ice\/#primaryimage"},"image":{"@id":"https:\/\/vozolvapen.de\/product\/vozol-rave-40000-blueberry-ice\/#primaryimage"},"thumbnailUrl":"https:\/\/vozolvapen.de\/wp-content\/uploads\/2025\/12\/VOZOL-RAVE-40000-Blueberry-Ice-3.webp","datePublished":"2025-12-03T09:44:31+00:00","dateModified":"2026-02-10T11:17:26+00:00","description":"Vous recherchez une saveur pure de Blueberry Ice ? La saveur Blueberry Ice de Vozol Rave 40000 offre 40 000 puffs glac\u00e9es parfaites. Capacit\u00e9 de 20 ml, nicotine 5%. Vozol 40000 authentique en stock dans notre entrep\u00f4t europ\u00e9en.","breadcrumb":{"@id":"https:\/\/vozolvapen.de\/product\/vozol-rave-40000-blueberry-ice\/#breadcrumb"},"inLanguage":"fr-FR","potentialAction":[{"@type":"ReadAction","target":["https:\/\/vozolvapen.de\/product\/vozol-rave-40000-blueberry-ice\/"]}]},{"@type":"ImageObject","inLanguage":"fr-FR","@id":"https:\/\/vozolvapen.de\/product\/vozol-rave-40000-blueberry-ice\/#primaryimage","url":"https:\/\/vozolvapen.de\/wp-content\/uploads\/2025\/12\/VOZOL-RAVE-40000-Blueberry-Ice-3.webp","contentUrl":"https:\/\/vozolvapen.de\/wp-content\/uploads\/2025\/12\/VOZOL-RAVE-40000-Blueberry-Ice-3.webp","width":1200,"height":1200,"caption":"Vozol Rave 40000 Blueberry Ice 3 Disposable Vape Device"},{"@type":"BreadcrumbList","@id":"https:\/\/vozolvapen.de\/product\/vozol-rave-40000-blueberry-ice\/#breadcrumb","itemListElement":[{"@type":"ListItem","position":1,"name":"Home","item":"https:\/\/vozolvapen.de\/de\/"},{"@type":"ListItem","position":2,"name":"Shop","item":"https:\/\/vozolvapen.de\/shop\/"},{"@type":"ListItem","position":3,"name":"VOZOL RAVE 40000 &#8211; Blueberry Ice"}]},{"@type":"WebSite","@id":"https:\/\/vozolvapen.de\/#website","url":"https:\/\/vozolvapen.de\/","name":"vozolvapen","description":"vozolvapen","publisher":{"@id":"https:\/\/vozolvapen.de\/#organization"},"potentialAction":[{"@type":"SearchAction","target":{"@type":"EntryPoint","urlTemplate":"https:\/\/vozolvapen.de\/?s={search_term_string}"},"query-input":{"@type":"PropertyValueSpecification","valueRequired":true,"valueName":"search_term_string"}}],"inLanguage":"fr-FR"},{"@type":"Organization","@id":"https:\/\/vozolvapen.de\/#organization","name":"vozolvapen","url":"https:\/\/vozolvapen.de\/","logo":{"@type":"ImageObject","inLanguage":"fr-FR","@id":"https:\/\/vozolvapen.de\/#\/schema\/logo\/image\/","url":"https:\/\/vozolvapen.de\/wp-content\/uploads\/2025\/12\/cropped-vozovapen-logo.webp","contentUrl":"https:\/\/vozolvapen.de\/wp-content\/uploads\/2025\/12\/cropped-vozovapen-logo.webp","width":470,"height":110,"caption":"vozolvapen"},"image":{"@id":"https:\/\/vozolvapen.de\/#\/schema\/logo\/image\/"}}]}},"tiered_pricing_type":"fixed","tiered_pricing_fixed_rules":{"30":"14.04","50":"11.54","100":"11.04","200":"10.04"},"tiered_pricing_product_settings":{"layout":"default","base_unit_name":{"singular":null,"plural":null},"default_variation":{}},"tiered_pricing_minimum_quantity":10,"tiered_pricing_roles_data":[],"tiered_pricing_percentage_rules":[],"tiered_pricing_maximum_quantity":null,"tiered_pricing_quantity_step":"10","_links":{"self":[{"href":"https:\/\/vozolvapen.de\/fr\/wp-json\/wp\/v2\/product\/7292","targetHints":{"allow":["GET"]}}],"collection":[{"href":"https:\/\/vozolvapen.de\/fr\/wp-json\/wp\/v2\/product"}],"about":[{"href":"https:\/\/vozolvapen.de\/fr\/wp-json\/wp\/v2\/types\/product"}],"replies":[{"embeddable":true,"href":"https:\/\/vozolvapen.de\/fr\/wp-json\/wp\/v2\/comments?post=7292"}],"wp:featuredmedia":[{"embeddable":true,"href":"https:\/\/vozolvapen.de\/fr\/wp-json\/wp\/v2\/media\/7294"}],"wp:attachment":[{"href":"https:\/\/vozolvapen.de\/fr\/wp-json\/wp\/v2\/media?parent=7292"}],"wp:term":[{"taxonomy":"product_brand","embeddable":true,"href":"https:\/\/vozolvapen.de\/fr\/wp-json\/wp\/v2\/product_brand?post=7292"},{"taxonomy":"product_cat","embeddable":true,"href":"https:\/\/vozolvapen.de\/fr\/wp-json\/wp\/v2\/product_cat?post=7292"},{"taxonomy":"product_tag","embeddable":true,"href":"https:\/\/vozolvapen.de\/fr\/wp-json\/wp\/v2\/product_tag?post=7292"}],"curies":[{"name":"wp","href":"https:\/\/api.w.org\/{rel}","templated":true}]}}