{"id":7297,"date":"2025-12-03T10:40:56","date_gmt":"2025-12-03T10:40:56","guid":{"rendered":"https:\/\/vozolvapen.de\/?post_type=product&#038;p=7297"},"modified":"2026-02-10T11:16:46","modified_gmt":"2026-02-10T11:16:46","slug":"vozol-rave-40000-myrtille-pasteque","status":"publish","type":"product","link":"https:\/\/vozolvapen.de\/fr\/product\/vozol-rave-40000-blueberry-watermelon\/","title":{"rendered":"VOZOL RAVE 40000 \u2013 Myrtille et past\u00e8que"},"content":{"rendered":"<h1 data-path-to-node=\"18\"><b>VOZOL RAVE 40000 Puffs Vape jetable \u2013 Saveur myrtille et past\u00e8que<\/b><\/h1>\n<p data-path-to-node=\"19\"><b>Pr\u00e9sentation des saveurs :<\/b> <b>Myrtille Past\u00e8que<\/b> est une star fruit\u00e9e dans le <b>VOZOL RAVE 40000<\/b> collection. Il combine magistralement la l\u00e9g\u00e8re acidit\u00e9 des myrtilles avec la douceur pure et juteuse de la past\u00e8que, pour un go\u00fbt complexe mais extr\u00eamement rafra\u00eechissant. Ce m\u00e9lange de fruits innovant garantit fra\u00eecheur et ar\u00f4me intense \u00e0 chaque bouff\u00e9e. Choisir ce <b>vozol vape<\/b> <b>40000 puffs<\/b> Cet appareil vous offre une endurance in\u00e9gal\u00e9e et l'\u00e9clat festif unique du <b>Vozol Rave 40000<\/b>.<\/p>\n<h2>VOZOL RAVE 40000 \u2013 Des performances haut de gamme dans une saveur myrtille-past\u00e8que<\/h2>\n<p>Ce Vozol Rave offre non seulement une saveur exceptionnelle, mais aussi un mat\u00e9riel haut de gamme :<\/p>\n<ul>\n<li>Charge ultra-rapide : une batterie haute capacit\u00e9 de 1000 mAh prend en charge la charge rapide Type-C, atteignant une charge de 80% en seulement 20 minutes.<\/li>\n<li>Concentration \u00e9lev\u00e9e en nicotine : le niveau de nicotine 5% garantit une sensation puissante et satisfaisante en gorge \u00e0 chaque puff.<\/li>\n<li>Une exp\u00e9rience unique : le mode \u2019 Beat-Synced Party \u00bb du Vozol Rave 40000 vous permet de d\u00e9guster une saveur myrtille-past\u00e8que tout en profitant d'effets lumineux dynamiques.<\/li>\n<\/ul>\n<h3 data-path-to-node=\"16\"><b>VOZOL RAVE 40000 Caract\u00e9ristiques techniques principales<\/b><\/h3>\n<table data-path-to-node=\"4\">\n<thead>\n<tr>\n<td><strong>Param\u00e8tre<\/strong><\/td>\n<td><strong>D\u00e9tail<\/strong><\/td>\n<td><strong>Mettre en \u00e9vidence<\/strong><\/td>\n<\/tr>\n<\/thead>\n<tbody>\n<tr>\n<td><span data-path-to-node=\"4,1,0,0\"><b>Nom du mod\u00e8le<\/b><\/span><\/td>\n<td><span data-path-to-node=\"4,1,1,0\"><b>VOZOL RAVE 40000<\/b><\/span><\/td>\n<td><span data-path-to-node=\"4,1,2,0\">En t\u00eate <b>Vozol 40000<\/b> S\u00e9rie<\/span><\/td>\n<\/tr>\n<tr>\n<td><span data-path-to-node=\"4,2,0,0\"><b>Max Puffs<\/b><\/span><\/td>\n<td><span data-path-to-node=\"4,2,1,0\">JUSQU'\u00c0 <b>40000 Puffs<\/b><\/span><\/td>\n<td><span data-path-to-node=\"4,2,2,0\">Long\u00e9vit\u00e9 in\u00e9gal\u00e9e<\/span><\/td>\n<\/tr>\n<tr>\n<td><span data-path-to-node=\"4,3,0,0\"><b>E-liquide<\/b><\/span><\/td>\n<td><span data-path-to-node=\"4,3,1,0\">Liquide pr\u00e9rempli de 20 ml<\/span><\/td>\n<td><span data-path-to-node=\"4,3,2,0\">Capacit\u00e9 maximale<\/span><\/td>\n<\/tr>\n<tr>\n<td><span data-path-to-node=\"4,4,0,0\"><b>Nicotine<\/b><\/span><\/td>\n<td><span data-path-to-node=\"4,4,1,0\">5% (50 mg\/ml) Teneur en nicotine<\/span><\/td>\n<td><span data-path-to-node=\"4,4,2,0\">Coup puissant et satisfaisant<\/span><\/td>\n<\/tr>\n<tr>\n<td><span data-path-to-node=\"4,5,0,0\"><b>Batterie<\/b><\/span><\/td>\n<td><span data-path-to-node=\"4,5,1,0\">1000 mAh rechargeable<\/span><\/td>\n<td><span data-path-to-node=\"4,5,2,0\">80% Charg\u00e9 en 20 minutes<\/span><\/td>\n<\/tr>\n<tr>\n<td><span data-path-to-node=\"4,6,0,0\"><b>Exp\u00e9dition<\/b><\/span><\/td>\n<td><span data-path-to-node=\"4,6,1,0\">Entrep\u00f4t europ\u00e9en (1 \u00e0 3 jours)<\/span><\/td>\n<td><span data-path-to-node=\"4,6,2,0\">Livraison rapide dans l'UE<\/span><\/td>\n<\/tr>\n<tr>\n<td><span data-path-to-node=\"4,7,0,0\"><b>Caract\u00e9ristiques<\/b><\/span><\/td>\n<td><span data-path-to-node=\"4,7,1,0\">Lueur vibrante \u00e0 270\u00b0, mode f\u00eate synchronis\u00e9 avec le rythme<\/span><\/td>\n<td><span data-path-to-node=\"4,7,2,0\">Une exp\u00e9rience de vapotage unique<\/span><\/td>\n<\/tr>\n<\/tbody>\n<\/table>\n<h3 dir=\"auto\">Voici d'autres recommandations pour vous :<\/h3>\n<p dir=\"auto\">D\u00e9couvrez encore plus de saveurs incroyables avec la cigarette \u00e9lectronique JNR Falcon-X 18000 Puff Vape!<\/p>\n<p dir=\"auto\"><a href=\"https:\/\/vozolvapen.de\/fr\/product-category\/vozol-vape\/vozol-rave-40-000-bouffees-de-vape\/\">Voir toutes les vari\u00e9t\u00e9s ici \u2192<\/a><\/p>\n<p dir=\"auto\">D\u00e9couvrez notre collection compl\u00e8te et achetez les meilleures marques de cigarettes \u00e9lectroniques que vous allez adorer.<\/p>\n<p dir=\"auto\"><a href=\"https:\/\/vozolvapen.de\/fr\/\">Parcourir toutes les marques maintenant \u2192<\/a><\/p>\n<p dir=\"auto\">D\u00e9couvrez la gamme compl\u00e8te VOZOL Vape : toutes les saveurs, tous les styles !<\/p>\n<p dir=\"auto\"><a href=\"https:\/\/vozolvapen.de\/fr\/product-category\/vozol-vape\/\">D\u00e9couvrez toute la collection VOZOL Vape \u2192<\/a><\/p>","protected":false},"excerpt":{"rendered":"<p>La l\u00e9g\u00e8re acidit\u00e9 de la myrtille se m\u00eale \u00e0 la douceur juteuse de la past\u00e8que. Ce rafra\u00eechissant <b>vozol vape<\/b> apporte une ambiance estivale complexe.<\/p>","protected":false},"featured_media":7321,"comment_status":"open","ping_status":"closed","template":"","meta":{"_acf_changed":false},"product_brand":[],"product_cat":[134,55],"product_tag":[],"class_list":{"0":"post-7297","1":"product","2":"type-product","3":"status-publish","4":"has-post-thumbnail","6":"product_cat-eu-warehouse-in-stock","7":"product_cat-vozol-rave-40000-puffs-vape","9":"first","10":"instock","11":"shipping-taxable","12":"purchasable","13":"product-type-variable"},"acf":[],"yoast_head":"<!-- This site is optimized with the Yoast SEO Premium plugin v26.1 (Yoast SEO v27.5) - https:\/\/yoast.com\/product\/yoast-seo-premium-wordpress\/ -->\n<title>Vozol Rave 40000 Puffs Blueberry Watermelon - High-Capacity Vozol Vape Store - vozolvapen<\/title>\n<meta name=\"description\" content=\"Enjoy the unique Blueberry Watermelon combination from Vozol 40000. Vozol Rave provides 40000 smooth experiences, 20ML liquid. EU stock, fast-charge design, 5% nicotine.\" \/>\n<meta name=\"robots\" content=\"index, follow, max-snippet:-1, max-image-preview:large, max-video-preview:-1\" \/>\n<link rel=\"canonical\" href=\"https:\/\/vozolvapen.de\/fr\/product\/vozol-rave-40000-myrtille-pasteque\/\" \/>\n<meta property=\"og:locale\" content=\"fr_FR\" \/>\n<meta property=\"og:type\" content=\"article\" \/>\n<meta property=\"og:title\" content=\"VOZOL RAVE 40000 - Blueberry Watermelon\" \/>\n<meta property=\"og:description\" content=\"Enjoy the unique Blueberry Watermelon combination from Vozol 40000. Vozol Rave provides 40000 smooth experiences, 20ML liquid. EU stock, fast-charge design, 5% nicotine.\" \/>\n<meta property=\"og:url\" content=\"https:\/\/vozolvapen.de\/fr\/product\/vozol-rave-40000-myrtille-pasteque\/\" \/>\n<meta property=\"og:site_name\" content=\"vozolvapen\" \/>\n<meta property=\"article:modified_time\" content=\"2026-02-10T11:16:46+00:00\" \/>\n<meta property=\"og:image\" content=\"https:\/\/vozolvapen.de\/wp-content\/uploads\/2025\/12\/VOZOL-RAVE-40000-Blueberry-Watermelon-2.webp\" \/>\n\t<meta property=\"og:image:width\" content=\"1200\" \/>\n\t<meta property=\"og:image:height\" content=\"1200\" \/>\n\t<meta property=\"og:image:type\" content=\"image\/webp\" \/>\n<meta name=\"twitter:card\" content=\"summary_large_image\" \/>\n<meta name=\"twitter:label1\" content=\"Dur\u00e9e de lecture estim\u00e9e\" \/>\n\t<meta name=\"twitter:data1\" content=\"2 minutes\" \/>\n<script type=\"application\/ld+json\" class=\"yoast-schema-graph\">{\"@context\":\"https:\\\/\\\/schema.org\",\"@graph\":[{\"@type\":\"WebPage\",\"@id\":\"https:\\\/\\\/vozolvapen.de\\\/product\\\/vozol-rave-40000-blueberry-watermelon\\\/\",\"url\":\"https:\\\/\\\/vozolvapen.de\\\/product\\\/vozol-rave-40000-blueberry-watermelon\\\/\",\"name\":\"Vozol Rave 40000 Puffs Blueberry Watermelon - High-Capacity Vozol Vape Store - vozolvapen\",\"isPartOf\":{\"@id\":\"https:\\\/\\\/vozolvapen.de\\\/#website\"},\"primaryImageOfPage\":{\"@id\":\"https:\\\/\\\/vozolvapen.de\\\/product\\\/vozol-rave-40000-blueberry-watermelon\\\/#primaryimage\"},\"image\":{\"@id\":\"https:\\\/\\\/vozolvapen.de\\\/product\\\/vozol-rave-40000-blueberry-watermelon\\\/#primaryimage\"},\"thumbnailUrl\":\"https:\\\/\\\/vozolvapen.de\\\/wp-content\\\/uploads\\\/2025\\\/12\\\/VOZOL-RAVE-40000-Blueberry-Watermelon-2.webp\",\"datePublished\":\"2025-12-03T10:40:56+00:00\",\"dateModified\":\"2026-02-10T11:16:46+00:00\",\"description\":\"Enjoy the unique Blueberry Watermelon combination from Vozol 40000. Vozol Rave provides 40000 smooth experiences, 20ML liquid. EU stock, fast-charge design, 5% nicotine.\",\"breadcrumb\":{\"@id\":\"https:\\\/\\\/vozolvapen.de\\\/product\\\/vozol-rave-40000-blueberry-watermelon\\\/#breadcrumb\"},\"inLanguage\":\"fr-FR\",\"potentialAction\":[{\"@type\":\"ReadAction\",\"target\":[\"https:\\\/\\\/vozolvapen.de\\\/product\\\/vozol-rave-40000-blueberry-watermelon\\\/\"]}]},{\"@type\":\"ImageObject\",\"inLanguage\":\"fr-FR\",\"@id\":\"https:\\\/\\\/vozolvapen.de\\\/product\\\/vozol-rave-40000-blueberry-watermelon\\\/#primaryimage\",\"url\":\"https:\\\/\\\/vozolvapen.de\\\/wp-content\\\/uploads\\\/2025\\\/12\\\/VOZOL-RAVE-40000-Blueberry-Watermelon-2.webp\",\"contentUrl\":\"https:\\\/\\\/vozolvapen.de\\\/wp-content\\\/uploads\\\/2025\\\/12\\\/VOZOL-RAVE-40000-Blueberry-Watermelon-2.webp\",\"width\":1200,\"height\":1200,\"caption\":\"Vozol Rave 40000 Blueberry Watermelon 2 Disposable Vape Device\"},{\"@type\":\"BreadcrumbList\",\"@id\":\"https:\\\/\\\/vozolvapen.de\\\/product\\\/vozol-rave-40000-blueberry-watermelon\\\/#breadcrumb\",\"itemListElement\":[{\"@type\":\"ListItem\",\"position\":1,\"name\":\"Home\",\"item\":\"https:\\\/\\\/vozolvapen.de\\\/de\\\/\"},{\"@type\":\"ListItem\",\"position\":2,\"name\":\"Shop\",\"item\":\"https:\\\/\\\/vozolvapen.de\\\/shop\\\/\"},{\"@type\":\"ListItem\",\"position\":3,\"name\":\"VOZOL RAVE 40000 &#8211; Blueberry Watermelon\"}]},{\"@type\":\"WebSite\",\"@id\":\"https:\\\/\\\/vozolvapen.de\\\/#website\",\"url\":\"https:\\\/\\\/vozolvapen.de\\\/\",\"name\":\"vozolvapen\",\"description\":\"vozolvapen\",\"publisher\":{\"@id\":\"https:\\\/\\\/vozolvapen.de\\\/#organization\"},\"potentialAction\":[{\"@type\":\"SearchAction\",\"target\":{\"@type\":\"EntryPoint\",\"urlTemplate\":\"https:\\\/\\\/vozolvapen.de\\\/?s={search_term_string}\"},\"query-input\":{\"@type\":\"PropertyValueSpecification\",\"valueRequired\":true,\"valueName\":\"search_term_string\"}}],\"inLanguage\":\"fr-FR\"},{\"@type\":\"Organization\",\"@id\":\"https:\\\/\\\/vozolvapen.de\\\/#organization\",\"name\":\"vozolvapen\",\"url\":\"https:\\\/\\\/vozolvapen.de\\\/\",\"logo\":{\"@type\":\"ImageObject\",\"inLanguage\":\"fr-FR\",\"@id\":\"https:\\\/\\\/vozolvapen.de\\\/#\\\/schema\\\/logo\\\/image\\\/\",\"url\":\"https:\\\/\\\/vozolvapen.de\\\/wp-content\\\/uploads\\\/2025\\\/12\\\/cropped-vozovapen-logo.webp\",\"contentUrl\":\"https:\\\/\\\/vozolvapen.de\\\/wp-content\\\/uploads\\\/2025\\\/12\\\/cropped-vozovapen-logo.webp\",\"width\":470,\"height\":110,\"caption\":\"vozolvapen\"},\"image\":{\"@id\":\"https:\\\/\\\/vozolvapen.de\\\/#\\\/schema\\\/logo\\\/image\\\/\"}}]}<\/script>\n<!-- \/ Yoast SEO Premium plugin. -->","yoast_head_json":{"title":"Vozol Rave 40000 Puffs Myrtille Past\u00e8que - Boutique Vozol Vape haute capacit\u00e9 - vozolvapen","description":"Profitez de la combinaison unique myrtille-past\u00e8que de Vozol 40000. Vozol Rave offre 40 000 exp\u00e9riences douces, 20 ml de liquide. Stock europ\u00e9en, conception \u00e0 charge rapide, nicotine 5%.","robots":{"index":"index","follow":"follow","max-snippet":"max-snippet:-1","max-image-preview":"max-image-preview:large","max-video-preview":"max-video-preview:-1"},"canonical":"https:\/\/vozolvapen.de\/fr\/product\/vozol-rave-40000-myrtille-pasteque\/","og_locale":"fr_FR","og_type":"article","og_title":"VOZOL RAVE 40000 - Blueberry Watermelon","og_description":"Enjoy the unique Blueberry Watermelon combination from Vozol 40000. Vozol Rave provides 40000 smooth experiences, 20ML liquid. EU stock, fast-charge design, 5% nicotine.","og_url":"https:\/\/vozolvapen.de\/fr\/product\/vozol-rave-40000-myrtille-pasteque\/","og_site_name":"vozolvapen","article_modified_time":"2026-02-10T11:16:46+00:00","og_image":[{"width":1200,"height":1200,"url":"https:\/\/vozolvapen.de\/wp-content\/uploads\/2025\/12\/VOZOL-RAVE-40000-Blueberry-Watermelon-2.webp","type":"image\/webp"}],"twitter_card":"summary_large_image","twitter_misc":{"Dur\u00e9e de lecture estim\u00e9e":"2 minutes"},"schema":{"@context":"https:\/\/schema.org","@graph":[{"@type":"WebPage","@id":"https:\/\/vozolvapen.de\/product\/vozol-rave-40000-blueberry-watermelon\/","url":"https:\/\/vozolvapen.de\/product\/vozol-rave-40000-blueberry-watermelon\/","name":"Vozol Rave 40000 Puffs Myrtille Past\u00e8que - Boutique Vozol Vape haute capacit\u00e9 - vozolvapen","isPartOf":{"@id":"https:\/\/vozolvapen.de\/#website"},"primaryImageOfPage":{"@id":"https:\/\/vozolvapen.de\/product\/vozol-rave-40000-blueberry-watermelon\/#primaryimage"},"image":{"@id":"https:\/\/vozolvapen.de\/product\/vozol-rave-40000-blueberry-watermelon\/#primaryimage"},"thumbnailUrl":"https:\/\/vozolvapen.de\/wp-content\/uploads\/2025\/12\/VOZOL-RAVE-40000-Blueberry-Watermelon-2.webp","datePublished":"2025-12-03T10:40:56+00:00","dateModified":"2026-02-10T11:16:46+00:00","description":"Profitez de la combinaison unique myrtille-past\u00e8que de Vozol 40000. Vozol Rave offre 40 000 exp\u00e9riences douces, 20 ml de liquide. Stock europ\u00e9en, conception \u00e0 charge rapide, nicotine 5%.","breadcrumb":{"@id":"https:\/\/vozolvapen.de\/product\/vozol-rave-40000-blueberry-watermelon\/#breadcrumb"},"inLanguage":"fr-FR","potentialAction":[{"@type":"ReadAction","target":["https:\/\/vozolvapen.de\/product\/vozol-rave-40000-blueberry-watermelon\/"]}]},{"@type":"ImageObject","inLanguage":"fr-FR","@id":"https:\/\/vozolvapen.de\/product\/vozol-rave-40000-blueberry-watermelon\/#primaryimage","url":"https:\/\/vozolvapen.de\/wp-content\/uploads\/2025\/12\/VOZOL-RAVE-40000-Blueberry-Watermelon-2.webp","contentUrl":"https:\/\/vozolvapen.de\/wp-content\/uploads\/2025\/12\/VOZOL-RAVE-40000-Blueberry-Watermelon-2.webp","width":1200,"height":1200,"caption":"Vozol Rave 40000 Blueberry Watermelon 2 Disposable Vape Device"},{"@type":"BreadcrumbList","@id":"https:\/\/vozolvapen.de\/product\/vozol-rave-40000-blueberry-watermelon\/#breadcrumb","itemListElement":[{"@type":"ListItem","position":1,"name":"Home","item":"https:\/\/vozolvapen.de\/de\/"},{"@type":"ListItem","position":2,"name":"Shop","item":"https:\/\/vozolvapen.de\/shop\/"},{"@type":"ListItem","position":3,"name":"VOZOL RAVE 40000 &#8211; Blueberry Watermelon"}]},{"@type":"WebSite","@id":"https:\/\/vozolvapen.de\/#website","url":"https:\/\/vozolvapen.de\/","name":"vozolvapen","description":"vozolvapen","publisher":{"@id":"https:\/\/vozolvapen.de\/#organization"},"potentialAction":[{"@type":"SearchAction","target":{"@type":"EntryPoint","urlTemplate":"https:\/\/vozolvapen.de\/?s={search_term_string}"},"query-input":{"@type":"PropertyValueSpecification","valueRequired":true,"valueName":"search_term_string"}}],"inLanguage":"fr-FR"},{"@type":"Organization","@id":"https:\/\/vozolvapen.de\/#organization","name":"vozolvapen","url":"https:\/\/vozolvapen.de\/","logo":{"@type":"ImageObject","inLanguage":"fr-FR","@id":"https:\/\/vozolvapen.de\/#\/schema\/logo\/image\/","url":"https:\/\/vozolvapen.de\/wp-content\/uploads\/2025\/12\/cropped-vozovapen-logo.webp","contentUrl":"https:\/\/vozolvapen.de\/wp-content\/uploads\/2025\/12\/cropped-vozovapen-logo.webp","width":470,"height":110,"caption":"vozolvapen"},"image":{"@id":"https:\/\/vozolvapen.de\/#\/schema\/logo\/image\/"}}]}},"tiered_pricing_type":"fixed","tiered_pricing_fixed_rules":{"30":"14.04","50":"11.54","100":"11.04","200":"10.04"},"tiered_pricing_product_settings":{"layout":"default","base_unit_name":{"singular":null,"plural":null},"default_variation":{}},"tiered_pricing_minimum_quantity":10,"tiered_pricing_roles_data":[],"tiered_pricing_percentage_rules":[],"tiered_pricing_maximum_quantity":null,"tiered_pricing_quantity_step":"10","_links":{"self":[{"href":"https:\/\/vozolvapen.de\/fr\/wp-json\/wp\/v2\/product\/7297","targetHints":{"allow":["GET"]}}],"collection":[{"href":"https:\/\/vozolvapen.de\/fr\/wp-json\/wp\/v2\/product"}],"about":[{"href":"https:\/\/vozolvapen.de\/fr\/wp-json\/wp\/v2\/types\/product"}],"replies":[{"embeddable":true,"href":"https:\/\/vozolvapen.de\/fr\/wp-json\/wp\/v2\/comments?post=7297"}],"wp:featuredmedia":[{"embeddable":true,"href":"https:\/\/vozolvapen.de\/fr\/wp-json\/wp\/v2\/media\/7321"}],"wp:attachment":[{"href":"https:\/\/vozolvapen.de\/fr\/wp-json\/wp\/v2\/media?parent=7297"}],"wp:term":[{"taxonomy":"product_brand","embeddable":true,"href":"https:\/\/vozolvapen.de\/fr\/wp-json\/wp\/v2\/product_brand?post=7297"},{"taxonomy":"product_cat","embeddable":true,"href":"https:\/\/vozolvapen.de\/fr\/wp-json\/wp\/v2\/product_cat?post=7297"},{"taxonomy":"product_tag","embeddable":true,"href":"https:\/\/vozolvapen.de\/fr\/wp-json\/wp\/v2\/product_tag?post=7297"}],"curies":[{"name":"wp","href":"https:\/\/api.w.org\/{rel}","templated":true}]}}