{"id":7377,"date":"2025-12-03T10:24:24","date_gmt":"2025-12-03T10:24:24","guid":{"rendered":"https:\/\/vozolvapen.de\/?post_type=product&#038;p=7377"},"modified":"2026-02-10T11:17:13","modified_gmt":"2026-02-10T11:17:13","slug":"vozol-rave-40000-mango-peach","status":"publish","type":"product","link":"https:\/\/vozolvapen.de\/fr\/product\/vozol-rave-40000-mango-peach\/","title":{"rendered":"VOZOL RAVE 40000 \u2013 Mangue-P\u00eache"},"content":{"rendered":"<h1 data-path-to-node=\"88\"><b>VOZOL RAVE 40000 Puffs Vape jetable - Go\u00fbt Mangue P\u00eache<\/b><\/h1>\n<p data-path-to-node=\"90\"><b>Pr\u00e9sentation des saveurs :<\/b> Le <b>Mangue P\u00eache<\/b> est un testament de la synergie parfaite des fruits, offrant une exp\u00e9rience de vapotage velout\u00e9e et luxuriante. Les <b>VOZOL RAVE 40000<\/b> team a parfaitement m\u00e9lang\u00e9 la douceur cr\u00e9meuse et dense de la mangue m\u00fbre avec la texture douce et velout\u00e9e de la p\u00eache fra\u00eeche. Cette combinaison est incroyablement douce, r\u00e9confortante et remarquablement facile \u00e0 vaper tout au long de la journ\u00e9e. En tant que produit phare <b>vozol vape<\/b> l'appareil <b>Vozol Rave 40000<\/b> offre un service d'assistance in\u00e9gal\u00e9. <b>40000 puffs<\/b> Ce go\u00fbt riche et r\u00e9confortant dure bien plus longtemps que celui de tous les concurrents.<\/p>\n<h2 data-path-to-node=\"91\"><b>Pourquoi choisir Vozol Rave 40000 Mango Peach ?<\/b><\/h2>\n<p data-path-to-node=\"92\">Ce m\u00e9lange onctueux est parfait pour ceux qui privil\u00e9gient les saveurs douces et constantes :<\/p>\n<ol start=\"1\" data-path-to-node=\"93\">\n<li>\n<p data-path-to-node=\"93,0,0\"><b>Douceur velout\u00e9e :<\/b> Un m\u00e9lange \u00e9quilibr\u00e9 et non glac\u00e9 qui met en valeur l'onctuosit\u00e9 naturelle de la mangue et la douceur d\u00e9licate de la p\u00eache.<\/p>\n<\/li>\n<li>\n<p data-path-to-node=\"93,1,0\"><b>Saveur sans fin :<\/b> La capacit\u00e9 de 20ML de liquide est con\u00e7ue pour d\u00e9livrer parfaitement la <b>Mangue P\u00eache<\/b> de mani\u00e8re coh\u00e9rente dans la vaste gamme de produits de <b>vozol 40000 puffs<\/b> compter.<\/p>\n<\/li>\n<li>\n<p data-path-to-node=\"93,2,0\"><b>Construction haut de gamme :<\/b> Le <b>Vozol Rave<\/b>\u2019La construction durable et le taux de nicotine fiable de 5% compl\u00e8tent le profil de saveur luxueux.<\/p>\n<\/li>\n<\/ol>\n<h3 data-path-to-node=\"94\"><b>VOZOL RAVE 40000 Caract\u00e9ristiques techniques principales<\/b><\/h3>\n<table data-path-to-node=\"4\">\n<thead>\n<tr>\n<td><strong>Param\u00e8tre<\/strong><\/td>\n<td><strong>D\u00e9tail<\/strong><\/td>\n<td><strong>Mettre en \u00e9vidence<\/strong><\/td>\n<\/tr>\n<\/thead>\n<tbody>\n<tr>\n<td><span data-path-to-node=\"4,1,0,0\"><b>Nom du mod\u00e8le<\/b><\/span><\/td>\n<td><span data-path-to-node=\"4,1,1,0\"><b>VOZOL RAVE 40000<\/b><\/span><\/td>\n<td><span data-path-to-node=\"4,1,2,0\">En t\u00eate <b>Vozol 40000<\/b> S\u00e9rie<\/span><\/td>\n<\/tr>\n<tr>\n<td><span data-path-to-node=\"4,2,0,0\"><b>Max Puffs<\/b><\/span><\/td>\n<td><span data-path-to-node=\"4,2,1,0\">JUSQU'\u00c0 <b>40000 Puffs<\/b><\/span><\/td>\n<td><span data-path-to-node=\"4,2,2,0\">Long\u00e9vit\u00e9 in\u00e9gal\u00e9e<\/span><\/td>\n<\/tr>\n<tr>\n<td><span data-path-to-node=\"4,3,0,0\"><b>E-liquide<\/b><\/span><\/td>\n<td><span data-path-to-node=\"4,3,1,0\">Liquide pr\u00e9rempli de 20 ml<\/span><\/td>\n<td><span data-path-to-node=\"4,3,2,0\">Capacit\u00e9 maximale<\/span><\/td>\n<\/tr>\n<tr>\n<td><span data-path-to-node=\"4,4,0,0\"><b>Nicotine<\/b><\/span><\/td>\n<td><span data-path-to-node=\"4,4,1,0\">5% (50 mg\/ml) Teneur en nicotine<\/span><\/td>\n<td><span data-path-to-node=\"4,4,2,0\">Coup puissant et satisfaisant<\/span><\/td>\n<\/tr>\n<tr>\n<td><span data-path-to-node=\"4,5,0,0\"><b>Batterie<\/b><\/span><\/td>\n<td><span data-path-to-node=\"4,5,1,0\">1000 mAh rechargeable<\/span><\/td>\n<td><span data-path-to-node=\"4,5,2,0\">80% Charg\u00e9 en 20 minutes<\/span><\/td>\n<\/tr>\n<tr>\n<td><span data-path-to-node=\"4,6,0,0\"><b>Exp\u00e9dition<\/b><\/span><\/td>\n<td><span data-path-to-node=\"4,6,1,0\">Entrep\u00f4t europ\u00e9en (1 \u00e0 3 jours)<\/span><\/td>\n<td><span data-path-to-node=\"4,6,2,0\">Livraison rapide dans l'UE<\/span><\/td>\n<\/tr>\n<tr>\n<td><span data-path-to-node=\"4,7,0,0\"><b>Caract\u00e9ristiques<\/b><\/span><\/td>\n<td><span data-path-to-node=\"4,7,1,0\">Lueur vibrante \u00e0 270\u00b0, mode f\u00eate synchronis\u00e9 avec le rythme<\/span><\/td>\n<td><span data-path-to-node=\"4,7,2,0\">Une exp\u00e9rience de vapotage unique<\/span><\/td>\n<\/tr>\n<\/tbody>\n<\/table>\n<h3 dir=\"auto\">Voici d'autres recommandations pour vous :<\/h3>\n<p dir=\"auto\">D\u00e9couvrez encore plus de saveurs incroyables avec la cigarette \u00e9lectronique JNR Falcon-X 18000 Puff Vape!<\/p>\n<p dir=\"auto\"><a href=\"https:\/\/vozolvapen.de\/fr\/product-category\/vozol-vape\/vozol-rave-40-000-bouffees-de-vape\/\">Voir toutes les vari\u00e9t\u00e9s ici \u2192<\/a><\/p>\n<p dir=\"auto\">D\u00e9couvrez notre collection compl\u00e8te et achetez les meilleures marques de cigarettes \u00e9lectroniques que vous allez adorer.<\/p>\n<p dir=\"auto\"><a href=\"https:\/\/vozolvapen.de\/fr\/\">Parcourir toutes les marques maintenant \u2192<\/a><\/p>\n<p dir=\"auto\">D\u00e9couvrez la gamme compl\u00e8te VOZOL Vape : toutes les saveurs, tous les styles !<\/p>\n<p dir=\"auto\"><a href=\"https:\/\/vozolvapen.de\/fr\/product-category\/vozol-vape\/\">D\u00e9couvrez toute la collection VOZOL Vape \u2192<\/a><\/p>","protected":false},"excerpt":{"rendered":"<p>La mangue cr\u00e9meuse et la p\u00eache douce et moelleuse fusionnent d\u00e9licatement pour donner un m\u00e9lange de fruits velout\u00e9 et non glac\u00e9. La saveur id\u00e9ale de fruits doux de <b>Vozol 40000<\/b>.<\/p>","protected":false},"featured_media":7328,"comment_status":"open","ping_status":"closed","template":"","meta":{"_acf_changed":false},"product_brand":[],"product_cat":[15,134],"product_tag":[],"class_list":{"0":"post-7377","1":"product","2":"type-product","3":"status-publish","4":"has-post-thumbnail","6":"product_cat-uncategorized","7":"product_cat-eu-warehouse-in-stock","9":"first","10":"instock","11":"shipping-taxable","12":"purchasable","13":"product-type-variable"},"acf":[],"yoast_head":"<!-- This site is optimized with the Yoast SEO Premium plugin v26.1 (Yoast SEO v27.5) - https:\/\/yoast.com\/product\/yoast-seo-premium-wordpress\/ -->\n<title>Vozol Rave 40000 Puffs Mango Peach - Sweet &amp; Juicy Vozol 40000 Flavor - vozolvapen<\/title>\n<meta name=\"description\" content=\"The perfect pairing: Vozol Rave 40000 Mango Peach. A rich blend of sweet mango and soft peach. 40000 puffs of pure, fruity satisfaction from your favorite vozol vape.\" \/>\n<meta name=\"robots\" content=\"index, follow, max-snippet:-1, max-image-preview:large, max-video-preview:-1\" \/>\n<link rel=\"canonical\" href=\"https:\/\/vozolvapen.de\/fr\/product\/vozol-rave-40000-mango-peach\/\" \/>\n<meta property=\"og:locale\" content=\"fr_FR\" \/>\n<meta property=\"og:type\" content=\"article\" \/>\n<meta property=\"og:title\" content=\"VOZOL RAVE 40000 - Mango Peach\" \/>\n<meta property=\"og:description\" content=\"The perfect pairing: Vozol Rave 40000 Mango Peach. A rich blend of sweet mango and soft peach. 40000 puffs of pure, fruity satisfaction from your favorite vozol vape.\" \/>\n<meta property=\"og:url\" content=\"https:\/\/vozolvapen.de\/fr\/product\/vozol-rave-40000-mango-peach\/\" \/>\n<meta property=\"og:site_name\" content=\"vozolvapen\" \/>\n<meta property=\"article:modified_time\" content=\"2026-02-10T11:17:13+00:00\" \/>\n<meta property=\"og:image\" content=\"https:\/\/vozolvapen.de\/wp-content\/uploads\/2025\/12\/VOZOL-RAVE-40000-Mango-Peach-2.webp\" \/>\n\t<meta property=\"og:image:width\" content=\"1200\" \/>\n\t<meta property=\"og:image:height\" content=\"1200\" \/>\n\t<meta property=\"og:image:type\" content=\"image\/webp\" \/>\n<meta name=\"twitter:card\" content=\"summary_large_image\" \/>\n<meta name=\"twitter:label1\" content=\"Dur\u00e9e de lecture estim\u00e9e\" \/>\n\t<meta name=\"twitter:data1\" content=\"2 minutes\" \/>\n<script type=\"application\/ld+json\" class=\"yoast-schema-graph\">{\"@context\":\"https:\\\/\\\/schema.org\",\"@graph\":[{\"@type\":\"WebPage\",\"@id\":\"https:\\\/\\\/vozolvapen.de\\\/product\\\/vozol-rave-40000-mango-peach\\\/\",\"url\":\"https:\\\/\\\/vozolvapen.de\\\/product\\\/vozol-rave-40000-mango-peach\\\/\",\"name\":\"Vozol Rave 40000 Puffs Mango Peach - Sweet & Juicy Vozol 40000 Flavor - vozolvapen\",\"isPartOf\":{\"@id\":\"https:\\\/\\\/vozolvapen.de\\\/#website\"},\"primaryImageOfPage\":{\"@id\":\"https:\\\/\\\/vozolvapen.de\\\/product\\\/vozol-rave-40000-mango-peach\\\/#primaryimage\"},\"image\":{\"@id\":\"https:\\\/\\\/vozolvapen.de\\\/product\\\/vozol-rave-40000-mango-peach\\\/#primaryimage\"},\"thumbnailUrl\":\"https:\\\/\\\/vozolvapen.de\\\/wp-content\\\/uploads\\\/2025\\\/12\\\/VOZOL-RAVE-40000-Mango-Peach-2.webp\",\"datePublished\":\"2025-12-03T10:24:24+00:00\",\"dateModified\":\"2026-02-10T11:17:13+00:00\",\"description\":\"The perfect pairing: Vozol Rave 40000 Mango Peach. A rich blend of sweet mango and soft peach. 40000 puffs of pure, fruity satisfaction from your favorite vozol vape.\",\"breadcrumb\":{\"@id\":\"https:\\\/\\\/vozolvapen.de\\\/product\\\/vozol-rave-40000-mango-peach\\\/#breadcrumb\"},\"inLanguage\":\"fr-FR\",\"potentialAction\":[{\"@type\":\"ReadAction\",\"target\":[\"https:\\\/\\\/vozolvapen.de\\\/product\\\/vozol-rave-40000-mango-peach\\\/\"]}]},{\"@type\":\"ImageObject\",\"inLanguage\":\"fr-FR\",\"@id\":\"https:\\\/\\\/vozolvapen.de\\\/product\\\/vozol-rave-40000-mango-peach\\\/#primaryimage\",\"url\":\"https:\\\/\\\/vozolvapen.de\\\/wp-content\\\/uploads\\\/2025\\\/12\\\/VOZOL-RAVE-40000-Mango-Peach-2.webp\",\"contentUrl\":\"https:\\\/\\\/vozolvapen.de\\\/wp-content\\\/uploads\\\/2025\\\/12\\\/VOZOL-RAVE-40000-Mango-Peach-2.webp\",\"width\":1200,\"height\":1200,\"caption\":\"Vozol Rave 40000 Mango Peach 2 Disposable Vape Device\"},{\"@type\":\"BreadcrumbList\",\"@id\":\"https:\\\/\\\/vozolvapen.de\\\/product\\\/vozol-rave-40000-mango-peach\\\/#breadcrumb\",\"itemListElement\":[{\"@type\":\"ListItem\",\"position\":1,\"name\":\"Home\",\"item\":\"https:\\\/\\\/vozolvapen.de\\\/de\\\/\"},{\"@type\":\"ListItem\",\"position\":2,\"name\":\"Shop\",\"item\":\"https:\\\/\\\/vozolvapen.de\\\/shop\\\/\"},{\"@type\":\"ListItem\",\"position\":3,\"name\":\"VOZOL RAVE 40000 &#8211; Mango Peach\"}]},{\"@type\":\"WebSite\",\"@id\":\"https:\\\/\\\/vozolvapen.de\\\/#website\",\"url\":\"https:\\\/\\\/vozolvapen.de\\\/\",\"name\":\"vozolvapen\",\"description\":\"vozolvapen\",\"publisher\":{\"@id\":\"https:\\\/\\\/vozolvapen.de\\\/#organization\"},\"potentialAction\":[{\"@type\":\"SearchAction\",\"target\":{\"@type\":\"EntryPoint\",\"urlTemplate\":\"https:\\\/\\\/vozolvapen.de\\\/?s={search_term_string}\"},\"query-input\":{\"@type\":\"PropertyValueSpecification\",\"valueRequired\":true,\"valueName\":\"search_term_string\"}}],\"inLanguage\":\"fr-FR\"},{\"@type\":\"Organization\",\"@id\":\"https:\\\/\\\/vozolvapen.de\\\/#organization\",\"name\":\"vozolvapen\",\"url\":\"https:\\\/\\\/vozolvapen.de\\\/\",\"logo\":{\"@type\":\"ImageObject\",\"inLanguage\":\"fr-FR\",\"@id\":\"https:\\\/\\\/vozolvapen.de\\\/#\\\/schema\\\/logo\\\/image\\\/\",\"url\":\"https:\\\/\\\/vozolvapen.de\\\/wp-content\\\/uploads\\\/2025\\\/12\\\/cropped-vozovapen-logo.webp\",\"contentUrl\":\"https:\\\/\\\/vozolvapen.de\\\/wp-content\\\/uploads\\\/2025\\\/12\\\/cropped-vozovapen-logo.webp\",\"width\":470,\"height\":110,\"caption\":\"vozolvapen\"},\"image\":{\"@id\":\"https:\\\/\\\/vozolvapen.de\\\/#\\\/schema\\\/logo\\\/image\\\/\"}}]}<\/script>\n<!-- \/ Yoast SEO Premium plugin. -->","yoast_head_json":{"title":"Vozol Rave 40000 Puffs Mangue P\u00eache - Saveur sucr\u00e9e et juteuse Vozol 40000 - vozolvapen","description":"La combinaison parfaite : Vozol Rave 40000 Mango Peach. Un riche m\u00e9lange de mangue sucr\u00e9e et de p\u00eache douce. 40000 bouff\u00e9es de pure satisfaction fruit\u00e9e de votre vape vozol pr\u00e9f\u00e9r\u00e9e.","robots":{"index":"index","follow":"follow","max-snippet":"max-snippet:-1","max-image-preview":"max-image-preview:large","max-video-preview":"max-video-preview:-1"},"canonical":"https:\/\/vozolvapen.de\/fr\/product\/vozol-rave-40000-mango-peach\/","og_locale":"fr_FR","og_type":"article","og_title":"VOZOL RAVE 40000 - Mango Peach","og_description":"The perfect pairing: Vozol Rave 40000 Mango Peach. A rich blend of sweet mango and soft peach. 40000 puffs of pure, fruity satisfaction from your favorite vozol vape.","og_url":"https:\/\/vozolvapen.de\/fr\/product\/vozol-rave-40000-mango-peach\/","og_site_name":"vozolvapen","article_modified_time":"2026-02-10T11:17:13+00:00","og_image":[{"width":1200,"height":1200,"url":"https:\/\/vozolvapen.de\/wp-content\/uploads\/2025\/12\/VOZOL-RAVE-40000-Mango-Peach-2.webp","type":"image\/webp"}],"twitter_card":"summary_large_image","twitter_misc":{"Dur\u00e9e de lecture estim\u00e9e":"2 minutes"},"schema":{"@context":"https:\/\/schema.org","@graph":[{"@type":"WebPage","@id":"https:\/\/vozolvapen.de\/product\/vozol-rave-40000-mango-peach\/","url":"https:\/\/vozolvapen.de\/product\/vozol-rave-40000-mango-peach\/","name":"Vozol Rave 40000 Puffs Mangue P\u00eache - Saveur sucr\u00e9e et juteuse Vozol 40000 - vozolvapen","isPartOf":{"@id":"https:\/\/vozolvapen.de\/#website"},"primaryImageOfPage":{"@id":"https:\/\/vozolvapen.de\/product\/vozol-rave-40000-mango-peach\/#primaryimage"},"image":{"@id":"https:\/\/vozolvapen.de\/product\/vozol-rave-40000-mango-peach\/#primaryimage"},"thumbnailUrl":"https:\/\/vozolvapen.de\/wp-content\/uploads\/2025\/12\/VOZOL-RAVE-40000-Mango-Peach-2.webp","datePublished":"2025-12-03T10:24:24+00:00","dateModified":"2026-02-10T11:17:13+00:00","description":"La combinaison parfaite : Vozol Rave 40000 Mango Peach. Un riche m\u00e9lange de mangue sucr\u00e9e et de p\u00eache douce. 40000 bouff\u00e9es de pure satisfaction fruit\u00e9e de votre vape vozol pr\u00e9f\u00e9r\u00e9e.","breadcrumb":{"@id":"https:\/\/vozolvapen.de\/product\/vozol-rave-40000-mango-peach\/#breadcrumb"},"inLanguage":"fr-FR","potentialAction":[{"@type":"ReadAction","target":["https:\/\/vozolvapen.de\/product\/vozol-rave-40000-mango-peach\/"]}]},{"@type":"ImageObject","inLanguage":"fr-FR","@id":"https:\/\/vozolvapen.de\/product\/vozol-rave-40000-mango-peach\/#primaryimage","url":"https:\/\/vozolvapen.de\/wp-content\/uploads\/2025\/12\/VOZOL-RAVE-40000-Mango-Peach-2.webp","contentUrl":"https:\/\/vozolvapen.de\/wp-content\/uploads\/2025\/12\/VOZOL-RAVE-40000-Mango-Peach-2.webp","width":1200,"height":1200,"caption":"Vozol Rave 40000 Mango Peach 2 Disposable Vape Device"},{"@type":"BreadcrumbList","@id":"https:\/\/vozolvapen.de\/product\/vozol-rave-40000-mango-peach\/#breadcrumb","itemListElement":[{"@type":"ListItem","position":1,"name":"Home","item":"https:\/\/vozolvapen.de\/de\/"},{"@type":"ListItem","position":2,"name":"Shop","item":"https:\/\/vozolvapen.de\/shop\/"},{"@type":"ListItem","position":3,"name":"VOZOL RAVE 40000 &#8211; Mango Peach"}]},{"@type":"WebSite","@id":"https:\/\/vozolvapen.de\/#website","url":"https:\/\/vozolvapen.de\/","name":"vozolvapen","description":"vozolvapen","publisher":{"@id":"https:\/\/vozolvapen.de\/#organization"},"potentialAction":[{"@type":"SearchAction","target":{"@type":"EntryPoint","urlTemplate":"https:\/\/vozolvapen.de\/?s={search_term_string}"},"query-input":{"@type":"PropertyValueSpecification","valueRequired":true,"valueName":"search_term_string"}}],"inLanguage":"fr-FR"},{"@type":"Organization","@id":"https:\/\/vozolvapen.de\/#organization","name":"vozolvapen","url":"https:\/\/vozolvapen.de\/","logo":{"@type":"ImageObject","inLanguage":"fr-FR","@id":"https:\/\/vozolvapen.de\/#\/schema\/logo\/image\/","url":"https:\/\/vozolvapen.de\/wp-content\/uploads\/2025\/12\/cropped-vozovapen-logo.webp","contentUrl":"https:\/\/vozolvapen.de\/wp-content\/uploads\/2025\/12\/cropped-vozovapen-logo.webp","width":470,"height":110,"caption":"vozolvapen"},"image":{"@id":"https:\/\/vozolvapen.de\/#\/schema\/logo\/image\/"}}]}},"tiered_pricing_type":"fixed","tiered_pricing_fixed_rules":{"30":"14.04","50":"11.54","100":"11.04","200":"10.04"},"tiered_pricing_product_settings":{"layout":"default","base_unit_name":{"singular":null,"plural":null},"default_variation":{}},"tiered_pricing_minimum_quantity":10,"tiered_pricing_roles_data":[],"tiered_pricing_percentage_rules":[],"tiered_pricing_maximum_quantity":null,"tiered_pricing_quantity_step":"10","_links":{"self":[{"href":"https:\/\/vozolvapen.de\/fr\/wp-json\/wp\/v2\/product\/7377","targetHints":{"allow":["GET"]}}],"collection":[{"href":"https:\/\/vozolvapen.de\/fr\/wp-json\/wp\/v2\/product"}],"about":[{"href":"https:\/\/vozolvapen.de\/fr\/wp-json\/wp\/v2\/types\/product"}],"replies":[{"embeddable":true,"href":"https:\/\/vozolvapen.de\/fr\/wp-json\/wp\/v2\/comments?post=7377"}],"wp:featuredmedia":[{"embeddable":true,"href":"https:\/\/vozolvapen.de\/fr\/wp-json\/wp\/v2\/media\/7328"}],"wp:attachment":[{"href":"https:\/\/vozolvapen.de\/fr\/wp-json\/wp\/v2\/media?parent=7377"}],"wp:term":[{"taxonomy":"product_brand","embeddable":true,"href":"https:\/\/vozolvapen.de\/fr\/wp-json\/wp\/v2\/product_brand?post=7377"},{"taxonomy":"product_cat","embeddable":true,"href":"https:\/\/vozolvapen.de\/fr\/wp-json\/wp\/v2\/product_cat?post=7377"},{"taxonomy":"product_tag","embeddable":true,"href":"https:\/\/vozolvapen.de\/fr\/wp-json\/wp\/v2\/product_tag?post=7377"}],"curies":[{"name":"wp","href":"https:\/\/api.w.org\/{rel}","templated":true}]}}