{"id":7380,"date":"2025-12-03T10:26:41","date_gmt":"2025-12-03T10:26:41","guid":{"rendered":"https:\/\/vozolvapen.de\/?post_type=product&#038;p=7380"},"modified":"2026-02-10T11:17:04","modified_gmt":"2026-02-10T11:17:04","slug":"vozol-rave-40000-fraise-glacee","status":"publish","type":"product","link":"https:\/\/vozolvapen.de\/fr\/product\/vozol-rave-40000-strawberry-ice\/","title":{"rendered":"VOZOL RAVE 40000 \u2013 Fraise glac\u00e9e"},"content":{"rendered":"<h1 data-path-to-node=\"127\"><b>VOZOL RAVE 40000 Puffs Vape jetable \u2013 Saveur fraise glac\u00e9e<\/b><\/h1>\n<p data-path-to-node=\"129\"><b>Pr\u00e9sentation des saveurs :<\/b> Le <b>Glace \u00e0 la fraise<\/b> saveur dans le <b>VOZOL RAVE 40000<\/b> est un grand classique intemporel, universellement appr\u00e9ci\u00e9 pour sa perfection toute simple. Il offre le go\u00fbt authentique et sucr\u00e9 des fraises fra\u00eeches d'\u00e9t\u00e9, imm\u00e9diatement suivi d'une sensation de fra\u00eecheur et de puret\u00e9 qui \u00e9quilibre la douceur. Cette saveur est incroyablement satisfaisante et jamais \u00e9c\u0153urante. La pure endurance du <b>vozol 40000 puffs<\/b> associ\u00e9 \u00e0 la fonction de charge rapide, cela rend ce produit <b>Vozol Rave<\/b> La fa\u00e7on la plus pratique de profiter de ce grand classique toute la journ\u00e9e, tous les jours. C'est la r\u00e9f\u00e9rence pour tout produit haut de gamme. <b>vozol vape<\/b>.<\/p>\n<h2 data-path-to-node=\"130\"><b>Pourquoi choisir Vozol Rave 40000 Strawberry Ice ?<\/b><\/h2>\n<p data-path-to-node=\"131\">Une saveur fondamentale, perfectionn\u00e9e sur le <b>Vozol Rave 40000<\/b> plateforme :<\/p>\n<ol start=\"1\" data-path-to-node=\"132\">\n<li>\n<p data-path-to-node=\"132,0,0\"><b>Un go\u00fbt intemporel :<\/b> Offre une saveur pure, sucr\u00e9e et famili\u00e8re de fraise avec une finale glac\u00e9e robuste et rafra\u00eechissante.<\/p>\n<\/li>\n<li>\n<p data-path-to-node=\"132,1,0\"><b>Performances fiables :<\/b> La grande capacit\u00e9 de 20 ml garantit une qualit\u00e9 gustative \u00e9lev\u00e9e et constante tout au long des 40 000 bouff\u00e9es.<\/p>\n<\/li>\n<li>\n<p data-path-to-node=\"132,2,0\"><b>Satisfaction \u00e9lev\u00e9e en nicotine :<\/b> Le niveau de nicotine 5% procure une sensation forte et satisfaisante qui compl\u00e8te parfaitement la riche saveur de fraise.<\/p>\n<\/li>\n<\/ol>\n<h3 data-path-to-node=\"133\"><b>VOZOL RAVE 40000 Caract\u00e9ristiques techniques principales<\/b><\/h3>\n<table data-path-to-node=\"4\">\n<thead>\n<tr>\n<td><strong>Param\u00e8tre<\/strong><\/td>\n<td><strong>D\u00e9tail<\/strong><\/td>\n<td><strong>Mettre en \u00e9vidence<\/strong><\/td>\n<\/tr>\n<\/thead>\n<tbody>\n<tr>\n<td><span data-path-to-node=\"4,1,0,0\"><b>Nom du mod\u00e8le<\/b><\/span><\/td>\n<td><span data-path-to-node=\"4,1,1,0\"><b>VOZOL RAVE 40000<\/b><\/span><\/td>\n<td><span data-path-to-node=\"4,1,2,0\">En t\u00eate <b>Vozol 40000<\/b> S\u00e9rie<\/span><\/td>\n<\/tr>\n<tr>\n<td><span data-path-to-node=\"4,2,0,0\"><b>Max Puffs<\/b><\/span><\/td>\n<td><span data-path-to-node=\"4,2,1,0\">JUSQU'\u00c0 <b>40000 Puffs<\/b><\/span><\/td>\n<td><span data-path-to-node=\"4,2,2,0\">Long\u00e9vit\u00e9 in\u00e9gal\u00e9e<\/span><\/td>\n<\/tr>\n<tr>\n<td><span data-path-to-node=\"4,3,0,0\"><b>E-liquide<\/b><\/span><\/td>\n<td><span data-path-to-node=\"4,3,1,0\">Liquide pr\u00e9rempli de 20 ml<\/span><\/td>\n<td><span data-path-to-node=\"4,3,2,0\">Capacit\u00e9 maximale<\/span><\/td>\n<\/tr>\n<tr>\n<td><span data-path-to-node=\"4,4,0,0\"><b>Nicotine<\/b><\/span><\/td>\n<td><span data-path-to-node=\"4,4,1,0\">5% (50 mg\/ml) Teneur en nicotine<\/span><\/td>\n<td><span data-path-to-node=\"4,4,2,0\">Coup puissant et satisfaisant<\/span><\/td>\n<\/tr>\n<tr>\n<td><span data-path-to-node=\"4,5,0,0\"><b>Batterie<\/b><\/span><\/td>\n<td><span data-path-to-node=\"4,5,1,0\">1000 mAh rechargeable<\/span><\/td>\n<td><span data-path-to-node=\"4,5,2,0\">80% Charg\u00e9 en 20 minutes<\/span><\/td>\n<\/tr>\n<tr>\n<td><span data-path-to-node=\"4,6,0,0\"><b>Exp\u00e9dition<\/b><\/span><\/td>\n<td><span data-path-to-node=\"4,6,1,0\">Entrep\u00f4t europ\u00e9en (1 \u00e0 3 jours)<\/span><\/td>\n<td><span data-path-to-node=\"4,6,2,0\">Livraison rapide dans l'UE<\/span><\/td>\n<\/tr>\n<tr>\n<td><span data-path-to-node=\"4,7,0,0\"><b>Caract\u00e9ristiques<\/b><\/span><\/td>\n<td><span data-path-to-node=\"4,7,1,0\">Lueur vibrante \u00e0 270\u00b0, mode f\u00eate synchronis\u00e9 avec le rythme<\/span><\/td>\n<td><span data-path-to-node=\"4,7,2,0\">Une exp\u00e9rience de vapotage unique<\/span><\/td>\n<\/tr>\n<\/tbody>\n<\/table>\n<h3 dir=\"auto\">Voici d'autres recommandations pour vous :<\/h3>\n<p dir=\"auto\">D\u00e9couvrez encore plus de saveurs incroyables avec la cigarette \u00e9lectronique JNR Falcon-X 18000 Puff Vape!<\/p>\n<p dir=\"auto\"><a href=\"https:\/\/vozolvapen.de\/fr\/product-category\/vozol-vape\/vozol-rave-40-000-bouffees-de-vape\/\">Voir toutes les vari\u00e9t\u00e9s ici \u2192<\/a><\/p>\n<p dir=\"auto\">D\u00e9couvrez notre collection compl\u00e8te et achetez les meilleures marques de cigarettes \u00e9lectroniques que vous allez adorer.<\/p>\n<p dir=\"auto\"><a href=\"https:\/\/vozolvapen.de\/fr\/\">Parcourir toutes les marques maintenant \u2192<\/a><\/p>\n<p dir=\"auto\">D\u00e9couvrez la gamme compl\u00e8te VOZOL Vape : toutes les saveurs, tous les styles !<\/p>\n<p dir=\"auto\"><a href=\"https:\/\/vozolvapen.de\/fr\/product-category\/vozol-vape\/\">D\u00e9couvrez toute la collection VOZOL Vape \u2192<\/a><\/p>","protected":false},"excerpt":{"rendered":"<p><span data-path-to-node=\"4,13,2,0\">La douceur classique de la fraise parfaitement \u00e9quilibr\u00e9e par une finale menthol\u00e9e forte et pure. Le <b>Vozol Rave<\/b> garantit la constance de cette saveur tr\u00e8s appr\u00e9ci\u00e9e.<\/span><\/p>","protected":false},"featured_media":7331,"comment_status":"open","ping_status":"closed","template":"","meta":{"_acf_changed":false},"product_brand":[],"product_cat":[134,55],"product_tag":[],"class_list":{"0":"post-7380","1":"product","2":"type-product","3":"status-publish","4":"has-post-thumbnail","6":"product_cat-eu-warehouse-in-stock","7":"product_cat-vozol-rave-40000-puffs-vape","9":"first","10":"instock","11":"shipping-taxable","12":"purchasable","13":"product-type-variable"},"acf":[],"yoast_head":"<!-- This site is optimized with the Yoast SEO Premium plugin v26.1 (Yoast SEO v27.5) - https:\/\/yoast.com\/product\/yoast-seo-premium-wordpress\/ -->\n<title>Vozol Rave 40000 Puffs Strawberry Ice - Classic Vozol Vape Flavor - vozolvapen<\/title>\n<meta name=\"description\" content=\"Vozol Rave 40000 Strawberry Ice: The ultimate chilled strawberry experience. Sweet, sun-ripened strawberry with an icy blast. 40000 puffs of classic flavor. Shop Vozol 40000 now!\" \/>\n<meta name=\"robots\" content=\"index, follow, max-snippet:-1, max-image-preview:large, max-video-preview:-1\" \/>\n<link rel=\"canonical\" href=\"https:\/\/vozolvapen.de\/fr\/product\/vozol-rave-40000-fraise-glacee\/\" \/>\n<meta property=\"og:locale\" content=\"fr_FR\" \/>\n<meta property=\"og:type\" content=\"article\" \/>\n<meta property=\"og:title\" content=\"VOZOL RAVE 40000 - Strawberry Ice\" \/>\n<meta property=\"og:description\" content=\"Vozol Rave 40000 Strawberry Ice: The ultimate chilled strawberry experience. Sweet, sun-ripened strawberry with an icy blast. 40000 puffs of classic flavor. Shop Vozol 40000 now!\" \/>\n<meta property=\"og:url\" content=\"https:\/\/vozolvapen.de\/fr\/product\/vozol-rave-40000-fraise-glacee\/\" \/>\n<meta property=\"og:site_name\" content=\"vozolvapen\" \/>\n<meta property=\"article:modified_time\" content=\"2026-02-10T11:17:04+00:00\" \/>\n<meta property=\"og:image\" content=\"https:\/\/vozolvapen.de\/wp-content\/uploads\/2025\/12\/VOZOL-RAVE-40000-Strawberry-Ice-2.webp\" \/>\n\t<meta property=\"og:image:width\" content=\"1200\" \/>\n\t<meta property=\"og:image:height\" content=\"1200\" \/>\n\t<meta property=\"og:image:type\" content=\"image\/webp\" \/>\n<meta name=\"twitter:card\" content=\"summary_large_image\" \/>\n<meta name=\"twitter:label1\" content=\"Dur\u00e9e de lecture estim\u00e9e\" \/>\n\t<meta name=\"twitter:data1\" content=\"2 minutes\" \/>\n<script type=\"application\/ld+json\" class=\"yoast-schema-graph\">{\"@context\":\"https:\\\/\\\/schema.org\",\"@graph\":[{\"@type\":\"WebPage\",\"@id\":\"https:\\\/\\\/vozolvapen.de\\\/product\\\/vozol-rave-40000-strawberry-ice\\\/\",\"url\":\"https:\\\/\\\/vozolvapen.de\\\/product\\\/vozol-rave-40000-strawberry-ice\\\/\",\"name\":\"Vozol Rave 40000 Puffs Strawberry Ice - Classic Vozol Vape Flavor - vozolvapen\",\"isPartOf\":{\"@id\":\"https:\\\/\\\/vozolvapen.de\\\/#website\"},\"primaryImageOfPage\":{\"@id\":\"https:\\\/\\\/vozolvapen.de\\\/product\\\/vozol-rave-40000-strawberry-ice\\\/#primaryimage\"},\"image\":{\"@id\":\"https:\\\/\\\/vozolvapen.de\\\/product\\\/vozol-rave-40000-strawberry-ice\\\/#primaryimage\"},\"thumbnailUrl\":\"https:\\\/\\\/vozolvapen.de\\\/wp-content\\\/uploads\\\/2025\\\/12\\\/VOZOL-RAVE-40000-Strawberry-Ice-2.webp\",\"datePublished\":\"2025-12-03T10:26:41+00:00\",\"dateModified\":\"2026-02-10T11:17:04+00:00\",\"description\":\"Vozol Rave 40000 Strawberry Ice: The ultimate chilled strawberry experience. Sweet, sun-ripened strawberry with an icy blast. 40000 puffs of classic flavor. Shop Vozol 40000 now!\",\"breadcrumb\":{\"@id\":\"https:\\\/\\\/vozolvapen.de\\\/product\\\/vozol-rave-40000-strawberry-ice\\\/#breadcrumb\"},\"inLanguage\":\"fr-FR\",\"potentialAction\":[{\"@type\":\"ReadAction\",\"target\":[\"https:\\\/\\\/vozolvapen.de\\\/product\\\/vozol-rave-40000-strawberry-ice\\\/\"]}]},{\"@type\":\"ImageObject\",\"inLanguage\":\"fr-FR\",\"@id\":\"https:\\\/\\\/vozolvapen.de\\\/product\\\/vozol-rave-40000-strawberry-ice\\\/#primaryimage\",\"url\":\"https:\\\/\\\/vozolvapen.de\\\/wp-content\\\/uploads\\\/2025\\\/12\\\/VOZOL-RAVE-40000-Strawberry-Ice-2.webp\",\"contentUrl\":\"https:\\\/\\\/vozolvapen.de\\\/wp-content\\\/uploads\\\/2025\\\/12\\\/VOZOL-RAVE-40000-Strawberry-Ice-2.webp\",\"width\":1200,\"height\":1200,\"caption\":\"Vozol Rave 40000 Strawberry Ice 2 Disposable Vape Device\"},{\"@type\":\"BreadcrumbList\",\"@id\":\"https:\\\/\\\/vozolvapen.de\\\/product\\\/vozol-rave-40000-strawberry-ice\\\/#breadcrumb\",\"itemListElement\":[{\"@type\":\"ListItem\",\"position\":1,\"name\":\"Home\",\"item\":\"https:\\\/\\\/vozolvapen.de\\\/de\\\/\"},{\"@type\":\"ListItem\",\"position\":2,\"name\":\"Shop\",\"item\":\"https:\\\/\\\/vozolvapen.de\\\/shop\\\/\"},{\"@type\":\"ListItem\",\"position\":3,\"name\":\"VOZOL RAVE 40000 &#8211; Strawberry Ice\"}]},{\"@type\":\"WebSite\",\"@id\":\"https:\\\/\\\/vozolvapen.de\\\/#website\",\"url\":\"https:\\\/\\\/vozolvapen.de\\\/\",\"name\":\"vozolvapen\",\"description\":\"vozolvapen\",\"publisher\":{\"@id\":\"https:\\\/\\\/vozolvapen.de\\\/#organization\"},\"potentialAction\":[{\"@type\":\"SearchAction\",\"target\":{\"@type\":\"EntryPoint\",\"urlTemplate\":\"https:\\\/\\\/vozolvapen.de\\\/?s={search_term_string}\"},\"query-input\":{\"@type\":\"PropertyValueSpecification\",\"valueRequired\":true,\"valueName\":\"search_term_string\"}}],\"inLanguage\":\"fr-FR\"},{\"@type\":\"Organization\",\"@id\":\"https:\\\/\\\/vozolvapen.de\\\/#organization\",\"name\":\"vozolvapen\",\"url\":\"https:\\\/\\\/vozolvapen.de\\\/\",\"logo\":{\"@type\":\"ImageObject\",\"inLanguage\":\"fr-FR\",\"@id\":\"https:\\\/\\\/vozolvapen.de\\\/#\\\/schema\\\/logo\\\/image\\\/\",\"url\":\"https:\\\/\\\/vozolvapen.de\\\/wp-content\\\/uploads\\\/2025\\\/12\\\/cropped-vozovapen-logo.webp\",\"contentUrl\":\"https:\\\/\\\/vozolvapen.de\\\/wp-content\\\/uploads\\\/2025\\\/12\\\/cropped-vozovapen-logo.webp\",\"width\":470,\"height\":110,\"caption\":\"vozolvapen\"},\"image\":{\"@id\":\"https:\\\/\\\/vozolvapen.de\\\/#\\\/schema\\\/logo\\\/image\\\/\"}}]}<\/script>\n<!-- \/ Yoast SEO Premium plugin. -->","yoast_head_json":{"title":"Vozol Rave 40000 Puffs Fraise glac\u00e9e - Saveur classique Vozol Vape - vozolvapen","description":"Vozol Rave 40000 Strawberry Ice : l'exp\u00e9rience ultime de la fraise glac\u00e9e. Une fraise sucr\u00e9e m\u00fbrie au soleil avec une touche glac\u00e9e. 40 000 Puffs d'une saveur classique. Achetez Vozol 40000 d\u00e8s maintenant !","robots":{"index":"index","follow":"follow","max-snippet":"max-snippet:-1","max-image-preview":"max-image-preview:large","max-video-preview":"max-video-preview:-1"},"canonical":"https:\/\/vozolvapen.de\/fr\/product\/vozol-rave-40000-fraise-glacee\/","og_locale":"fr_FR","og_type":"article","og_title":"VOZOL RAVE 40000 - Strawberry Ice","og_description":"Vozol Rave 40000 Strawberry Ice: The ultimate chilled strawberry experience. Sweet, sun-ripened strawberry with an icy blast. 40000 puffs of classic flavor. Shop Vozol 40000 now!","og_url":"https:\/\/vozolvapen.de\/fr\/product\/vozol-rave-40000-fraise-glacee\/","og_site_name":"vozolvapen","article_modified_time":"2026-02-10T11:17:04+00:00","og_image":[{"width":1200,"height":1200,"url":"https:\/\/vozolvapen.de\/wp-content\/uploads\/2025\/12\/VOZOL-RAVE-40000-Strawberry-Ice-2.webp","type":"image\/webp"}],"twitter_card":"summary_large_image","twitter_misc":{"Dur\u00e9e de lecture estim\u00e9e":"2 minutes"},"schema":{"@context":"https:\/\/schema.org","@graph":[{"@type":"WebPage","@id":"https:\/\/vozolvapen.de\/product\/vozol-rave-40000-strawberry-ice\/","url":"https:\/\/vozolvapen.de\/product\/vozol-rave-40000-strawberry-ice\/","name":"Vozol Rave 40000 Puffs Fraise glac\u00e9e - Saveur classique Vozol Vape - vozolvapen","isPartOf":{"@id":"https:\/\/vozolvapen.de\/#website"},"primaryImageOfPage":{"@id":"https:\/\/vozolvapen.de\/product\/vozol-rave-40000-strawberry-ice\/#primaryimage"},"image":{"@id":"https:\/\/vozolvapen.de\/product\/vozol-rave-40000-strawberry-ice\/#primaryimage"},"thumbnailUrl":"https:\/\/vozolvapen.de\/wp-content\/uploads\/2025\/12\/VOZOL-RAVE-40000-Strawberry-Ice-2.webp","datePublished":"2025-12-03T10:26:41+00:00","dateModified":"2026-02-10T11:17:04+00:00","description":"Vozol Rave 40000 Strawberry Ice : l'exp\u00e9rience ultime de la fraise glac\u00e9e. Une fraise sucr\u00e9e m\u00fbrie au soleil avec une touche glac\u00e9e. 40 000 Puffs d'une saveur classique. Achetez Vozol 40000 d\u00e8s maintenant !","breadcrumb":{"@id":"https:\/\/vozolvapen.de\/product\/vozol-rave-40000-strawberry-ice\/#breadcrumb"},"inLanguage":"fr-FR","potentialAction":[{"@type":"ReadAction","target":["https:\/\/vozolvapen.de\/product\/vozol-rave-40000-strawberry-ice\/"]}]},{"@type":"ImageObject","inLanguage":"fr-FR","@id":"https:\/\/vozolvapen.de\/product\/vozol-rave-40000-strawberry-ice\/#primaryimage","url":"https:\/\/vozolvapen.de\/wp-content\/uploads\/2025\/12\/VOZOL-RAVE-40000-Strawberry-Ice-2.webp","contentUrl":"https:\/\/vozolvapen.de\/wp-content\/uploads\/2025\/12\/VOZOL-RAVE-40000-Strawberry-Ice-2.webp","width":1200,"height":1200,"caption":"Vozol Rave 40000 Strawberry Ice 2 Disposable Vape Device"},{"@type":"BreadcrumbList","@id":"https:\/\/vozolvapen.de\/product\/vozol-rave-40000-strawberry-ice\/#breadcrumb","itemListElement":[{"@type":"ListItem","position":1,"name":"Home","item":"https:\/\/vozolvapen.de\/de\/"},{"@type":"ListItem","position":2,"name":"Shop","item":"https:\/\/vozolvapen.de\/shop\/"},{"@type":"ListItem","position":3,"name":"VOZOL RAVE 40000 &#8211; Strawberry Ice"}]},{"@type":"WebSite","@id":"https:\/\/vozolvapen.de\/#website","url":"https:\/\/vozolvapen.de\/","name":"vozolvapen","description":"vozolvapen","publisher":{"@id":"https:\/\/vozolvapen.de\/#organization"},"potentialAction":[{"@type":"SearchAction","target":{"@type":"EntryPoint","urlTemplate":"https:\/\/vozolvapen.de\/?s={search_term_string}"},"query-input":{"@type":"PropertyValueSpecification","valueRequired":true,"valueName":"search_term_string"}}],"inLanguage":"fr-FR"},{"@type":"Organization","@id":"https:\/\/vozolvapen.de\/#organization","name":"vozolvapen","url":"https:\/\/vozolvapen.de\/","logo":{"@type":"ImageObject","inLanguage":"fr-FR","@id":"https:\/\/vozolvapen.de\/#\/schema\/logo\/image\/","url":"https:\/\/vozolvapen.de\/wp-content\/uploads\/2025\/12\/cropped-vozovapen-logo.webp","contentUrl":"https:\/\/vozolvapen.de\/wp-content\/uploads\/2025\/12\/cropped-vozovapen-logo.webp","width":470,"height":110,"caption":"vozolvapen"},"image":{"@id":"https:\/\/vozolvapen.de\/#\/schema\/logo\/image\/"}}]}},"tiered_pricing_type":"fixed","tiered_pricing_fixed_rules":{"30":"14.04","50":"11.54","100":"11.04","200":"10.04"},"tiered_pricing_product_settings":{"layout":"default","base_unit_name":{"singular":null,"plural":null},"default_variation":{}},"tiered_pricing_minimum_quantity":10,"tiered_pricing_roles_data":[],"tiered_pricing_percentage_rules":[],"tiered_pricing_maximum_quantity":null,"tiered_pricing_quantity_step":"10","_links":{"self":[{"href":"https:\/\/vozolvapen.de\/fr\/wp-json\/wp\/v2\/product\/7380","targetHints":{"allow":["GET"]}}],"collection":[{"href":"https:\/\/vozolvapen.de\/fr\/wp-json\/wp\/v2\/product"}],"about":[{"href":"https:\/\/vozolvapen.de\/fr\/wp-json\/wp\/v2\/types\/product"}],"replies":[{"embeddable":true,"href":"https:\/\/vozolvapen.de\/fr\/wp-json\/wp\/v2\/comments?post=7380"}],"wp:featuredmedia":[{"embeddable":true,"href":"https:\/\/vozolvapen.de\/fr\/wp-json\/wp\/v2\/media\/7331"}],"wp:attachment":[{"href":"https:\/\/vozolvapen.de\/fr\/wp-json\/wp\/v2\/media?parent=7380"}],"wp:term":[{"taxonomy":"product_brand","embeddable":true,"href":"https:\/\/vozolvapen.de\/fr\/wp-json\/wp\/v2\/product_brand?post=7380"},{"taxonomy":"product_cat","embeddable":true,"href":"https:\/\/vozolvapen.de\/fr\/wp-json\/wp\/v2\/product_cat?post=7380"},{"taxonomy":"product_tag","embeddable":true,"href":"https:\/\/vozolvapen.de\/fr\/wp-json\/wp\/v2\/product_tag?post=7380"}],"curies":[{"name":"wp","href":"https:\/\/api.w.org\/{rel}","templated":true}]}}