{"id":7385,"date":"2025-12-03T10:30:19","date_gmt":"2025-12-03T10:30:19","guid":{"rendered":"https:\/\/vozolvapen.de\/?post_type=product&#038;p=7385"},"modified":"2026-02-10T11:16:53","modified_gmt":"2026-02-10T11:16:53","slug":"vozol-rave-40000-pastille-de-bubble-gum-a-la-pasteque","status":"publish","type":"product","link":"https:\/\/vozolvapen.de\/fr\/product\/vozol-rave-40000-watermelon-bubblegum\/","title":{"rendered":"VOZOL RAVE 40000 \u2013 Bubble-gum \u00e0 la past\u00e8que"},"content":{"rendered":"<h1 data-path-to-node=\"192\"><b>VOZOL RAVE 40000 bouff\u00e9es Vape jetable \u2013 Saveur past\u00e8que bubble-gum<\/b><\/h1>\n<p data-path-to-node=\"194\"><b>Pr\u00e9sentation des saveurs :<\/b> Le <b>Bubble-gum \u00e0 la past\u00e8que<\/b> La saveur est un d\u00e9lice nostalgique et d\u00e9licieux pr\u00e9sent\u00e9 dans un emballage \u00e0 la pointe de la technologie. <b>VOZOL RAVE 40000<\/b> paquet. Il capture l'essence fra\u00eeche et sucr\u00e9e de la past\u00e8que fra\u00eeche et la fusionne avec le go\u00fbt sucr\u00e9 et familier du chewing-gum rose classique. Ce profil sucr\u00e9, inspir\u00e9 des bonbons, est tr\u00e8s satisfaisant, tr\u00e8s aromatique et d\u00e9licieusement ludique. Avec l'exceptionnel <b>vozol 40000 puffs<\/b> capacit\u00e9 et l'attrait visuel du <b>Vozol Rave<\/b> spectacle lumineux, cette saveur redonne du plaisir et de l'excitation au vapotage.<\/p>\n<h2 data-path-to-node=\"195\"><b>Pourquoi choisir Vozol Rave 40000 Watermelon Bubblegum ?<\/b><\/h2>\n<p data-path-to-node=\"196\">Une saveur agr\u00e9able et sucr\u00e9e, associ\u00e9e \u00e0 des performances exceptionnelles :<\/p>\n<ol start=\"1\" data-path-to-node=\"197\">\n<li>\n<p data-path-to-node=\"197,0,0\"><b>Go\u00fbt nostalgique des bonbons :<\/b> Parfait pour les vapoteurs qui appr\u00e9cient les saveurs sucr\u00e9es et confiseries, offrant une note forte et pr\u00e9cise de chewing-gum bonbon.<\/p>\n<\/li>\n<li>\n<p data-path-to-node=\"197,1,0\"><b>Am\u00e9lioration de la f\u00eate :<\/b> Le <b>Mode f\u00eate synchronis\u00e9 avec le rythme<\/b> est parfaitement adapt\u00e9 \u00e0 cette saveur ludique, ajoutant un \u00e9l\u00e9ment visuel dynamique \u00e0 vos s\u00e9ances de vapotage.<\/p>\n<\/li>\n<li>\n<p data-path-to-node=\"197,2,0\"><b>Une douceur \u00e9conomique :<\/b> Avec ses 40 000 bouff\u00e9es, vous pourrez satisfaire votre envie de sucr\u00e9 pendant des semaines sans avoir \u00e0 racheter fr\u00e9quemment.<\/p>\n<\/li>\n<\/ol>\n<h3 data-path-to-node=\"198\"><b>VOZOL RAVE 40000 Caract\u00e9ristiques techniques principales<\/b><\/h3>\n<table data-path-to-node=\"4\">\n<thead>\n<tr>\n<td><strong>Param\u00e8tre<\/strong><\/td>\n<td><strong>D\u00e9tail<\/strong><\/td>\n<td><strong>Mettre en \u00e9vidence<\/strong><\/td>\n<\/tr>\n<\/thead>\n<tbody>\n<tr>\n<td><span data-path-to-node=\"4,1,0,0\"><b>Nom du mod\u00e8le<\/b><\/span><\/td>\n<td><span data-path-to-node=\"4,1,1,0\"><b>VOZOL RAVE 40000<\/b><\/span><\/td>\n<td><span data-path-to-node=\"4,1,2,0\">En t\u00eate <b>Vozol 40000<\/b> S\u00e9rie<\/span><\/td>\n<\/tr>\n<tr>\n<td><span data-path-to-node=\"4,2,0,0\"><b>Max Puffs<\/b><\/span><\/td>\n<td><span data-path-to-node=\"4,2,1,0\">JUSQU'\u00c0 <b>40000 Puffs<\/b><\/span><\/td>\n<td><span data-path-to-node=\"4,2,2,0\">Long\u00e9vit\u00e9 in\u00e9gal\u00e9e<\/span><\/td>\n<\/tr>\n<tr>\n<td><span data-path-to-node=\"4,3,0,0\"><b>E-liquide<\/b><\/span><\/td>\n<td><span data-path-to-node=\"4,3,1,0\">Liquide pr\u00e9rempli de 20 ml<\/span><\/td>\n<td><span data-path-to-node=\"4,3,2,0\">Capacit\u00e9 maximale<\/span><\/td>\n<\/tr>\n<tr>\n<td><span data-path-to-node=\"4,4,0,0\"><b>Nicotine<\/b><\/span><\/td>\n<td><span data-path-to-node=\"4,4,1,0\">5% (50 mg\/ml) Teneur en nicotine<\/span><\/td>\n<td><span data-path-to-node=\"4,4,2,0\">Coup puissant et satisfaisant<\/span><\/td>\n<\/tr>\n<tr>\n<td><span data-path-to-node=\"4,5,0,0\"><b>Batterie<\/b><\/span><\/td>\n<td><span data-path-to-node=\"4,5,1,0\">1000 mAh rechargeable<\/span><\/td>\n<td><span data-path-to-node=\"4,5,2,0\">80% Charg\u00e9 en 20 minutes<\/span><\/td>\n<\/tr>\n<tr>\n<td><span data-path-to-node=\"4,6,0,0\"><b>Exp\u00e9dition<\/b><\/span><\/td>\n<td><span data-path-to-node=\"4,6,1,0\">Entrep\u00f4t europ\u00e9en (1 \u00e0 3 jours)<\/span><\/td>\n<td><span data-path-to-node=\"4,6,2,0\">Livraison rapide dans l'UE<\/span><\/td>\n<\/tr>\n<tr>\n<td><span data-path-to-node=\"4,7,0,0\"><b>Caract\u00e9ristiques<\/b><\/span><\/td>\n<td><span data-path-to-node=\"4,7,1,0\">Lueur vibrante \u00e0 270\u00b0, mode f\u00eate synchronis\u00e9 avec le rythme<\/span><\/td>\n<td><span data-path-to-node=\"4,7,2,0\">Une exp\u00e9rience de vapotage unique<\/span><\/td>\n<\/tr>\n<\/tbody>\n<\/table>\n<h3 dir=\"auto\">Voici d'autres recommandations pour vous :<\/h3>\n<p dir=\"auto\">D\u00e9couvrez encore plus de saveurs incroyables avec la cigarette \u00e9lectronique JNR Falcon-X 18000 Puff Vape!<\/p>\n<p dir=\"auto\"><a href=\"https:\/\/vozolvapen.de\/fr\/product-category\/vozol-vape\/vozol-rave-40-000-bouffees-de-vape\/\">Voir toutes les vari\u00e9t\u00e9s ici \u2192<\/a><\/p>\n<p dir=\"auto\">D\u00e9couvrez notre collection compl\u00e8te et achetez les meilleures marques de cigarettes \u00e9lectroniques que vous allez adorer.<\/p>\n<p dir=\"auto\"><a href=\"https:\/\/vozolvapen.de\/fr\/\">Parcourir toutes les marques maintenant \u2192<\/a><\/p>\n<p dir=\"auto\">D\u00e9couvrez la gamme compl\u00e8te VOZOL Vape : toutes les saveurs, tous les styles !<\/p>\n<p dir=\"auto\"><a href=\"https:\/\/vozolvapen.de\/fr\/product-category\/vozol-vape\/\">D\u00e9couvrez toute la collection VOZOL Vape \u2192<\/a><\/p>","protected":false},"excerpt":{"rendered":"<p>La douceur croquante de la past\u00e8que infus\u00e9e avec l'ar\u00f4me sucr\u00e9 et nostalgique du chewing-gum classique. Le <b>Vozol Rave<\/b> apporte une douceur ludique et sucr\u00e9e.<\/p>","protected":false},"featured_media":7336,"comment_status":"open","ping_status":"closed","template":"","meta":{"_acf_changed":false},"product_brand":[],"product_cat":[15,134],"product_tag":[],"class_list":{"0":"post-7385","1":"product","2":"type-product","3":"status-publish","4":"has-post-thumbnail","6":"product_cat-uncategorized","7":"product_cat-eu-warehouse-in-stock","9":"first","10":"instock","11":"shipping-taxable","12":"purchasable","13":"product-type-variable"},"acf":[],"yoast_head":"<!-- This site is optimized with the Yoast SEO Premium plugin v26.1 (Yoast SEO v27.5) - https:\/\/yoast.com\/product\/yoast-seo-premium-wordpress\/ -->\n<title>Vozol Rave 40000 Puffs Watermelon Bubblegum - Vozol Vape Candy Flavor Wholesale - vozolvapen<\/title>\n<meta name=\"description\" content=\"Fun and fruity Watermelon Bubblegum in the Vozol Rave 40000. A sweet candy twist on classic watermelon. 40000 puffs, 5% Nicotine, fast 1-3 day EU delivery. Get your Vozol 40000 today!\" \/>\n<meta name=\"robots\" content=\"index, follow, max-snippet:-1, max-image-preview:large, max-video-preview:-1\" \/>\n<link rel=\"canonical\" href=\"https:\/\/vozolvapen.de\/fr\/product\/vozol-rave-40000-pastille-de-bubble-gum-a-la-pasteque\/\" \/>\n<meta property=\"og:locale\" content=\"fr_FR\" \/>\n<meta property=\"og:type\" content=\"article\" \/>\n<meta property=\"og:title\" content=\"VOZOL RAVE 40000 - Watermelon Bubblegum\" \/>\n<meta property=\"og:description\" content=\"Fun and fruity Watermelon Bubblegum in the Vozol Rave 40000. A sweet candy twist on classic watermelon. 40000 puffs, 5% Nicotine, fast 1-3 day EU delivery. Get your Vozol 40000 today!\" \/>\n<meta property=\"og:url\" content=\"https:\/\/vozolvapen.de\/fr\/product\/vozol-rave-40000-pastille-de-bubble-gum-a-la-pasteque\/\" \/>\n<meta property=\"og:site_name\" content=\"vozolvapen\" \/>\n<meta property=\"article:modified_time\" content=\"2026-02-10T11:16:53+00:00\" \/>\n<meta property=\"og:image\" content=\"https:\/\/vozolvapen.de\/wp-content\/uploads\/2025\/12\/VOZOL-RAVE-40000-Watermelon-Bubblegum-2.webp\" \/>\n\t<meta property=\"og:image:width\" content=\"1200\" \/>\n\t<meta property=\"og:image:height\" content=\"1200\" \/>\n\t<meta property=\"og:image:type\" content=\"image\/webp\" \/>\n<meta name=\"twitter:card\" content=\"summary_large_image\" \/>\n<meta name=\"twitter:label1\" content=\"Dur\u00e9e de lecture estim\u00e9e\" \/>\n\t<meta name=\"twitter:data1\" content=\"2 minutes\" \/>\n<script type=\"application\/ld+json\" class=\"yoast-schema-graph\">{\"@context\":\"https:\\\/\\\/schema.org\",\"@graph\":[{\"@type\":\"WebPage\",\"@id\":\"https:\\\/\\\/vozolvapen.de\\\/product\\\/vozol-rave-40000-watermelon-bubblegum\\\/\",\"url\":\"https:\\\/\\\/vozolvapen.de\\\/product\\\/vozol-rave-40000-watermelon-bubblegum\\\/\",\"name\":\"Vozol Rave 40000 Puffs Watermelon Bubblegum - Vozol Vape Candy Flavor Wholesale - vozolvapen\",\"isPartOf\":{\"@id\":\"https:\\\/\\\/vozolvapen.de\\\/#website\"},\"primaryImageOfPage\":{\"@id\":\"https:\\\/\\\/vozolvapen.de\\\/product\\\/vozol-rave-40000-watermelon-bubblegum\\\/#primaryimage\"},\"image\":{\"@id\":\"https:\\\/\\\/vozolvapen.de\\\/product\\\/vozol-rave-40000-watermelon-bubblegum\\\/#primaryimage\"},\"thumbnailUrl\":\"https:\\\/\\\/vozolvapen.de\\\/wp-content\\\/uploads\\\/2025\\\/12\\\/VOZOL-RAVE-40000-Watermelon-Bubblegum-2.webp\",\"datePublished\":\"2025-12-03T10:30:19+00:00\",\"dateModified\":\"2026-02-10T11:16:53+00:00\",\"description\":\"Fun and fruity Watermelon Bubblegum in the Vozol Rave 40000. A sweet candy twist on classic watermelon. 40000 puffs, 5% Nicotine, fast 1-3 day EU delivery. Get your Vozol 40000 today!\",\"breadcrumb\":{\"@id\":\"https:\\\/\\\/vozolvapen.de\\\/product\\\/vozol-rave-40000-watermelon-bubblegum\\\/#breadcrumb\"},\"inLanguage\":\"fr-FR\",\"potentialAction\":[{\"@type\":\"ReadAction\",\"target\":[\"https:\\\/\\\/vozolvapen.de\\\/product\\\/vozol-rave-40000-watermelon-bubblegum\\\/\"]}]},{\"@type\":\"ImageObject\",\"inLanguage\":\"fr-FR\",\"@id\":\"https:\\\/\\\/vozolvapen.de\\\/product\\\/vozol-rave-40000-watermelon-bubblegum\\\/#primaryimage\",\"url\":\"https:\\\/\\\/vozolvapen.de\\\/wp-content\\\/uploads\\\/2025\\\/12\\\/VOZOL-RAVE-40000-Watermelon-Bubblegum-2.webp\",\"contentUrl\":\"https:\\\/\\\/vozolvapen.de\\\/wp-content\\\/uploads\\\/2025\\\/12\\\/VOZOL-RAVE-40000-Watermelon-Bubblegum-2.webp\",\"width\":1200,\"height\":1200,\"caption\":\"Vozol Rave 40000 Watermelon Bubblegum 2 Disposable Vape Device\"},{\"@type\":\"BreadcrumbList\",\"@id\":\"https:\\\/\\\/vozolvapen.de\\\/product\\\/vozol-rave-40000-watermelon-bubblegum\\\/#breadcrumb\",\"itemListElement\":[{\"@type\":\"ListItem\",\"position\":1,\"name\":\"Home\",\"item\":\"https:\\\/\\\/vozolvapen.de\\\/de\\\/\"},{\"@type\":\"ListItem\",\"position\":2,\"name\":\"Shop\",\"item\":\"https:\\\/\\\/vozolvapen.de\\\/shop\\\/\"},{\"@type\":\"ListItem\",\"position\":3,\"name\":\"VOZOL RAVE 40000 &#8211; Watermelon Bubblegum\"}]},{\"@type\":\"WebSite\",\"@id\":\"https:\\\/\\\/vozolvapen.de\\\/#website\",\"url\":\"https:\\\/\\\/vozolvapen.de\\\/\",\"name\":\"vozolvapen\",\"description\":\"vozolvapen\",\"publisher\":{\"@id\":\"https:\\\/\\\/vozolvapen.de\\\/#organization\"},\"potentialAction\":[{\"@type\":\"SearchAction\",\"target\":{\"@type\":\"EntryPoint\",\"urlTemplate\":\"https:\\\/\\\/vozolvapen.de\\\/?s={search_term_string}\"},\"query-input\":{\"@type\":\"PropertyValueSpecification\",\"valueRequired\":true,\"valueName\":\"search_term_string\"}}],\"inLanguage\":\"fr-FR\"},{\"@type\":\"Organization\",\"@id\":\"https:\\\/\\\/vozolvapen.de\\\/#organization\",\"name\":\"vozolvapen\",\"url\":\"https:\\\/\\\/vozolvapen.de\\\/\",\"logo\":{\"@type\":\"ImageObject\",\"inLanguage\":\"fr-FR\",\"@id\":\"https:\\\/\\\/vozolvapen.de\\\/#\\\/schema\\\/logo\\\/image\\\/\",\"url\":\"https:\\\/\\\/vozolvapen.de\\\/wp-content\\\/uploads\\\/2025\\\/12\\\/cropped-vozovapen-logo.webp\",\"contentUrl\":\"https:\\\/\\\/vozolvapen.de\\\/wp-content\\\/uploads\\\/2025\\\/12\\\/cropped-vozovapen-logo.webp\",\"width\":470,\"height\":110,\"caption\":\"vozolvapen\"},\"image\":{\"@id\":\"https:\\\/\\\/vozolvapen.de\\\/#\\\/schema\\\/logo\\\/image\\\/\"}}]}<\/script>\n<!-- \/ Yoast SEO Premium plugin. -->","yoast_head_json":{"title":"Vozol Rave 40000 bouff\u00e9es past\u00e8que bubble-gum - Vozol Vape Candy Flavor Wholesale - vozolvapen","description":"Bubble-gum \u00e0 la past\u00e8que amusant et fruit\u00e9 dans le Vozol Rave 40000. Une touche sucr\u00e9e et acidul\u00e9e ajout\u00e9e \u00e0 la past\u00e8que classique. 40 000 bouff\u00e9es, 5% de nicotine, livraison rapide en 1 \u00e0 3 jours dans l'UE. Procurez-vous votre Vozol 40000 d\u00e8s aujourd'hui !","robots":{"index":"index","follow":"follow","max-snippet":"max-snippet:-1","max-image-preview":"max-image-preview:large","max-video-preview":"max-video-preview:-1"},"canonical":"https:\/\/vozolvapen.de\/fr\/product\/vozol-rave-40000-pastille-de-bubble-gum-a-la-pasteque\/","og_locale":"fr_FR","og_type":"article","og_title":"VOZOL RAVE 40000 - Watermelon Bubblegum","og_description":"Fun and fruity Watermelon Bubblegum in the Vozol Rave 40000. A sweet candy twist on classic watermelon. 40000 puffs, 5% Nicotine, fast 1-3 day EU delivery. Get your Vozol 40000 today!","og_url":"https:\/\/vozolvapen.de\/fr\/product\/vozol-rave-40000-pastille-de-bubble-gum-a-la-pasteque\/","og_site_name":"vozolvapen","article_modified_time":"2026-02-10T11:16:53+00:00","og_image":[{"width":1200,"height":1200,"url":"https:\/\/vozolvapen.de\/wp-content\/uploads\/2025\/12\/VOZOL-RAVE-40000-Watermelon-Bubblegum-2.webp","type":"image\/webp"}],"twitter_card":"summary_large_image","twitter_misc":{"Dur\u00e9e de lecture estim\u00e9e":"2 minutes"},"schema":{"@context":"https:\/\/schema.org","@graph":[{"@type":"WebPage","@id":"https:\/\/vozolvapen.de\/product\/vozol-rave-40000-watermelon-bubblegum\/","url":"https:\/\/vozolvapen.de\/product\/vozol-rave-40000-watermelon-bubblegum\/","name":"Vozol Rave 40000 bouff\u00e9es past\u00e8que bubble-gum - Vozol Vape Candy Flavor Wholesale - vozolvapen","isPartOf":{"@id":"https:\/\/vozolvapen.de\/#website"},"primaryImageOfPage":{"@id":"https:\/\/vozolvapen.de\/product\/vozol-rave-40000-watermelon-bubblegum\/#primaryimage"},"image":{"@id":"https:\/\/vozolvapen.de\/product\/vozol-rave-40000-watermelon-bubblegum\/#primaryimage"},"thumbnailUrl":"https:\/\/vozolvapen.de\/wp-content\/uploads\/2025\/12\/VOZOL-RAVE-40000-Watermelon-Bubblegum-2.webp","datePublished":"2025-12-03T10:30:19+00:00","dateModified":"2026-02-10T11:16:53+00:00","description":"Bubble-gum \u00e0 la past\u00e8que amusant et fruit\u00e9 dans le Vozol Rave 40000. Une touche sucr\u00e9e et acidul\u00e9e ajout\u00e9e \u00e0 la past\u00e8que classique. 40 000 bouff\u00e9es, 5% de nicotine, livraison rapide en 1 \u00e0 3 jours dans l'UE. Procurez-vous votre Vozol 40000 d\u00e8s aujourd'hui !","breadcrumb":{"@id":"https:\/\/vozolvapen.de\/product\/vozol-rave-40000-watermelon-bubblegum\/#breadcrumb"},"inLanguage":"fr-FR","potentialAction":[{"@type":"ReadAction","target":["https:\/\/vozolvapen.de\/product\/vozol-rave-40000-watermelon-bubblegum\/"]}]},{"@type":"ImageObject","inLanguage":"fr-FR","@id":"https:\/\/vozolvapen.de\/product\/vozol-rave-40000-watermelon-bubblegum\/#primaryimage","url":"https:\/\/vozolvapen.de\/wp-content\/uploads\/2025\/12\/VOZOL-RAVE-40000-Watermelon-Bubblegum-2.webp","contentUrl":"https:\/\/vozolvapen.de\/wp-content\/uploads\/2025\/12\/VOZOL-RAVE-40000-Watermelon-Bubblegum-2.webp","width":1200,"height":1200,"caption":"Vozol Rave 40000 Watermelon Bubblegum 2 Disposable Vape Device"},{"@type":"BreadcrumbList","@id":"https:\/\/vozolvapen.de\/product\/vozol-rave-40000-watermelon-bubblegum\/#breadcrumb","itemListElement":[{"@type":"ListItem","position":1,"name":"Home","item":"https:\/\/vozolvapen.de\/de\/"},{"@type":"ListItem","position":2,"name":"Shop","item":"https:\/\/vozolvapen.de\/shop\/"},{"@type":"ListItem","position":3,"name":"VOZOL RAVE 40000 &#8211; Watermelon Bubblegum"}]},{"@type":"WebSite","@id":"https:\/\/vozolvapen.de\/#website","url":"https:\/\/vozolvapen.de\/","name":"vozolvapen","description":"vozolvapen","publisher":{"@id":"https:\/\/vozolvapen.de\/#organization"},"potentialAction":[{"@type":"SearchAction","target":{"@type":"EntryPoint","urlTemplate":"https:\/\/vozolvapen.de\/?s={search_term_string}"},"query-input":{"@type":"PropertyValueSpecification","valueRequired":true,"valueName":"search_term_string"}}],"inLanguage":"fr-FR"},{"@type":"Organization","@id":"https:\/\/vozolvapen.de\/#organization","name":"vozolvapen","url":"https:\/\/vozolvapen.de\/","logo":{"@type":"ImageObject","inLanguage":"fr-FR","@id":"https:\/\/vozolvapen.de\/#\/schema\/logo\/image\/","url":"https:\/\/vozolvapen.de\/wp-content\/uploads\/2025\/12\/cropped-vozovapen-logo.webp","contentUrl":"https:\/\/vozolvapen.de\/wp-content\/uploads\/2025\/12\/cropped-vozovapen-logo.webp","width":470,"height":110,"caption":"vozolvapen"},"image":{"@id":"https:\/\/vozolvapen.de\/#\/schema\/logo\/image\/"}}]}},"tiered_pricing_type":"fixed","tiered_pricing_fixed_rules":{"30":"14.04","50":"11.54","100":"11.04","200":"10.04"},"tiered_pricing_product_settings":{"layout":"default","base_unit_name":{"singular":null,"plural":null},"default_variation":{}},"tiered_pricing_minimum_quantity":10,"tiered_pricing_roles_data":[],"tiered_pricing_percentage_rules":[],"tiered_pricing_maximum_quantity":null,"tiered_pricing_quantity_step":"10","_links":{"self":[{"href":"https:\/\/vozolvapen.de\/fr\/wp-json\/wp\/v2\/product\/7385","targetHints":{"allow":["GET"]}}],"collection":[{"href":"https:\/\/vozolvapen.de\/fr\/wp-json\/wp\/v2\/product"}],"about":[{"href":"https:\/\/vozolvapen.de\/fr\/wp-json\/wp\/v2\/types\/product"}],"replies":[{"embeddable":true,"href":"https:\/\/vozolvapen.de\/fr\/wp-json\/wp\/v2\/comments?post=7385"}],"wp:featuredmedia":[{"embeddable":true,"href":"https:\/\/vozolvapen.de\/fr\/wp-json\/wp\/v2\/media\/7336"}],"wp:attachment":[{"href":"https:\/\/vozolvapen.de\/fr\/wp-json\/wp\/v2\/media?parent=7385"}],"wp:term":[{"taxonomy":"product_brand","embeddable":true,"href":"https:\/\/vozolvapen.de\/fr\/wp-json\/wp\/v2\/product_brand?post=7385"},{"taxonomy":"product_cat","embeddable":true,"href":"https:\/\/vozolvapen.de\/fr\/wp-json\/wp\/v2\/product_cat?post=7385"},{"taxonomy":"product_tag","embeddable":true,"href":"https:\/\/vozolvapen.de\/fr\/wp-json\/wp\/v2\/product_tag?post=7385"}],"curies":[{"name":"wp","href":"https:\/\/api.w.org\/{rel}","templated":true}]}}