{"id":7406,"date":"2025-12-04T06:11:59","date_gmt":"2025-12-04T06:11:59","guid":{"rendered":"https:\/\/vozolvapen.de\/?post_type=product&#038;p=7406"},"modified":"2026-02-10T11:16:38","modified_gmt":"2026-02-10T11:16:38","slug":"vozol-vista-40000-blue-razz-ice","status":"publish","type":"product","link":"https:\/\/vozolvapen.de\/fr\/product\/vozol-vista-40000-blue-razz-ice\/","title":{"rendered":"VOZOL Vista 40000 \u2013 Blue Razz Ice"},"content":{"rendered":"<h1>VOZOL Vista 40000 Puffs Vape jetable \u2013 Saveur Blue Razz Ice<\/h1>\n<p data-path-to-node=\"19\"><b>Pr\u00e9sentation des saveurs :<\/b> <b>Glace bleue \u00e0 la framboise<\/b> est le m\u00e9lange ultime de framboises bleues sucr\u00e9es et d'une finale menthol\u00e9e rafra\u00eechissante, parfaitement ex\u00e9cut\u00e9 dans le <b>VOZOL Vista 40000<\/b>. Cette saveur est amplifi\u00e9e par le <b>double maillage 0,65 \u03a9*2<\/b> syst\u00e8me de bobine, garantissant un go\u00fbt haute d\u00e9finition \u00e0 chaque bouff\u00e9e. Utilisez le <b>Conception d'interactions rotatives<\/b> pour trouver l'\u00e9quilibre parfait entre la douceur et la fra\u00eecheur du <b>8 exp\u00e9riences gustatives distinctes<\/b>. L'\u00e9norme <b>40000 puffs<\/b> sa capacit\u00e9 garantit la p\u00e9rennit\u00e9 de cette saveur tr\u00e8s appr\u00e9ci\u00e9e, rendant le <b>Vozol Vista 40000<\/b> votre compagnon glac\u00e9 \u00e0 long terme.<\/p>\n<h2 data-path-to-node=\"20\"><b>Pourquoi choisir Vozol Vista 40000 Blue Razz Ice ?<\/b><\/h2>\n<ol start=\"1\" data-path-to-node=\"21\">\n<li><b>Refroidissement personnalis\u00e9 :<\/b> R\u00e9glez facilement le d\u00e9bit d'air \u00e0 l'aide du <b>Conception d'interactions rotatives<\/b> pour contr\u00f4ler l'intensit\u00e9 de l'\u00e9l\u00e9ment \u201c Glace \u201d.<\/li>\n<li><b>Saveur maximis\u00e9e :<\/b> Le <b>double bobine \u00e0 mailles<\/b> fonctionne efficacement, offrant un profil Blue Razz constant et intense pendant toute la dur\u00e9e de vie de 20 ml.<\/li>\n<li><b>Pods Vozol haute performance :<\/b> Le <b>Vozol Vista<\/b> offre une exp\u00e9rience d'un niveau sup\u00e9rieur, bien au-del\u00e0 des produits jetables standard <b>vozol pods<\/b>.<\/li>\n<\/ol>\n<h3 data-path-to-node=\"22\"><b>Caract\u00e9ristiques techniques principales du VOZOL Vista 40000<\/b><\/h3>\n<table data-path-to-node=\"10\">\n<thead>\n<tr>\n<td><strong>Param\u00e8tre<\/strong><\/td>\n<td><strong>D\u00e9tails<\/strong><\/td>\n<td><strong>Mettre en \u00e9vidence<\/strong><\/td>\n<\/tr>\n<\/thead>\n<tbody>\n<tr>\n<td><span data-path-to-node=\"10,1,0,0\"><b>Nom du mod\u00e8le<\/b><\/span><\/td>\n<td><span data-path-to-node=\"10,1,1,0\"><b>VOZOL Vista 40000<\/b><\/span><\/td>\n<td><span data-path-to-node=\"10,1,2,0\">R\u00e9volutionnaire <b>Vozol 40K<\/b> S\u00e9rie<\/span><\/td>\n<\/tr>\n<tr>\n<td><span data-path-to-node=\"10,2,0,0\"><b>Max Puffs<\/b><\/span><\/td>\n<td><span data-path-to-node=\"10,2,1,0\">Jusqu'\u00e0 <b>40000 Puffs<\/b><\/span><\/td>\n<td><span data-path-to-node=\"10,2,2,0\">Excellente long\u00e9vit\u00e9<\/span><\/td>\n<\/tr>\n<tr>\n<td><span data-path-to-node=\"10,3,0,0\"><b>E-liquide<\/b><\/span><\/td>\n<td><span data-path-to-node=\"10,3,1,0\">Liquide pr\u00e9rempli de 20 ml<\/span><\/td>\n<td><span data-path-to-node=\"10,3,2,0\">Capacit\u00e9 maximale<\/span><\/td>\n<\/tr>\n<tr>\n<td><span data-path-to-node=\"10,4,0,0\"><b>Nicotine<\/b><\/span><\/td>\n<td><span data-path-to-node=\"10,4,1,0\">5% (50 mg\/ml) Teneur en nicotine<\/span><\/td>\n<td><span data-path-to-node=\"10,4,2,0\">Coup puissant \u00e0 la gorge<\/span><\/td>\n<\/tr>\n<tr>\n<td><span data-path-to-node=\"10,5,0,0\"><b>Batterie<\/b><\/span><\/td>\n<td><span data-path-to-node=\"10,5,1,0\">1000 mAh rechargeable<\/span><\/td>\n<td><span data-path-to-node=\"10,5,2,0\">Stable et durable<\/span><\/td>\n<\/tr>\n<tr>\n<td><span data-path-to-node=\"10,6,0,0\"><b>Bobine<\/b><\/span><\/td>\n<td><span data-path-to-node=\"10,6,1,0\"><b>double maillage 0,65 \u03a9*2<\/b><\/span><\/td>\n<td><span data-path-to-node=\"10,6,2,0\">Am\u00e9lioration du go\u00fbt<\/span><\/td>\n<\/tr>\n<\/tbody>\n<\/table>\n<h3 dir=\"auto\">Voici d'autres recommandations pour vous :<\/h3>\n<p dir=\"auto\">D\u00e9couvrez encore plus de saveurs incroyables avec la cigarette \u00e9lectronique VOZOL Vista 40000 Puff!<\/p>\n<p dir=\"auto\"><a href=\"https:\/\/vozolvapen.de\/fr\/product-category\/vozol-vape\/vozol-vista-40-000-bouffees\/\">Voir toutes les vari\u00e9t\u00e9s ici \u2192<\/a><\/p>\n<p dir=\"auto\">D\u00e9couvrez notre collection compl\u00e8te et achetez les meilleures marques de cigarettes \u00e9lectroniques que vous allez adorer.<\/p>\n<p dir=\"auto\"><a href=\"https:\/\/vozolvapen.de\/fr\/\">Parcourir toutes les marques maintenant \u2192<\/a><\/p>\n<p dir=\"auto\">D\u00e9couvrez la gamme compl\u00e8te VOZOL Vape : toutes les saveurs, tous les styles !<\/p>\n<p dir=\"auto\"><a href=\"https:\/\/vozolvapen.de\/fr\/product-category\/vozol-vape\/\">D\u00e9couvrez toute la collection VOZOL Vape \u2192<\/a><\/p>","protected":false},"excerpt":{"rendered":"<p>Un m\u00e9lange puissant de framboise bleue acidul\u00e9e et de menthol arctique, qui procure une sensation glac\u00e9e parfaite d\u00e8s la premi\u00e8re bouff\u00e9e. <b>Vozol Vista 40000<\/b>.<\/p>","protected":false},"featured_media":7426,"comment_status":"open","ping_status":"closed","template":"","meta":{"_acf_changed":false},"product_brand":[],"product_cat":[15,134,57],"product_tag":[],"class_list":{"0":"post-7406","1":"product","2":"type-product","3":"status-publish","4":"has-post-thumbnail","6":"product_cat-uncategorized","7":"product_cat-eu-warehouse-in-stock","8":"product_cat-vozol-vista-40000-puffs-vape","10":"first","11":"instock","12":"shipping-taxable","13":"purchasable","14":"product-type-variable"},"acf":[],"yoast_head":"<!-- This site is optimized with the Yoast SEO Premium plugin v26.1 (Yoast SEO v27.5) - https:\/\/yoast.com\/product\/yoast-seo-premium-wordpress\/ -->\n<title>Vozol Vista 40000 Puffs Blue Razz Ice - Genuine Vozol 40K Wholesale - vozolvapen<\/title>\n<meta name=\"description\" content=\"Sweet and tart Blue Razz with an icy blast in the Vozol Vista 40000. Experience 8 customized settings with the Rotary Interaction Design on this vozol vape.\" \/>\n<meta name=\"robots\" content=\"index, follow, max-snippet:-1, max-image-preview:large, max-video-preview:-1\" \/>\n<link rel=\"canonical\" href=\"https:\/\/vozolvapen.de\/fr\/product\/vozol-vista-40000-blue-razz-ice\/\" \/>\n<meta property=\"og:locale\" content=\"fr_FR\" \/>\n<meta property=\"og:type\" content=\"article\" \/>\n<meta property=\"og:title\" content=\"VOZOL Vista 40000 - Blue Razz Ice\" \/>\n<meta property=\"og:description\" content=\"Sweet and tart Blue Razz with an icy blast in the Vozol Vista 40000. Experience 8 customized settings with the Rotary Interaction Design on this vozol vape.\" \/>\n<meta property=\"og:url\" content=\"https:\/\/vozolvapen.de\/fr\/product\/vozol-vista-40000-blue-razz-ice\/\" \/>\n<meta property=\"og:site_name\" content=\"vozolvapen\" \/>\n<meta property=\"article:modified_time\" content=\"2026-02-10T11:16:38+00:00\" \/>\n<meta property=\"og:image\" content=\"https:\/\/vozolvapen.de\/wp-content\/uploads\/2025\/12\/VOZOL-Vista-40000-BLUE-RAZZ-ICE-2.webp\" \/>\n\t<meta property=\"og:image:width\" content=\"1080\" \/>\n\t<meta property=\"og:image:height\" content=\"1080\" \/>\n\t<meta property=\"og:image:type\" content=\"image\/webp\" \/>\n<meta name=\"twitter:card\" content=\"summary_large_image\" \/>\n<meta name=\"twitter:label1\" content=\"Dur\u00e9e de lecture estim\u00e9e\" \/>\n\t<meta name=\"twitter:data1\" content=\"2 minutes\" \/>\n<script type=\"application\/ld+json\" class=\"yoast-schema-graph\">{\"@context\":\"https:\\\/\\\/schema.org\",\"@graph\":[{\"@type\":\"WebPage\",\"@id\":\"https:\\\/\\\/vozolvapen.de\\\/product\\\/vozol-vista-40000-blue-razz-ice\\\/\",\"url\":\"https:\\\/\\\/vozolvapen.de\\\/product\\\/vozol-vista-40000-blue-razz-ice\\\/\",\"name\":\"Vozol Vista 40000 Puffs Blue Razz Ice - Genuine Vozol 40K Wholesale - vozolvapen\",\"isPartOf\":{\"@id\":\"https:\\\/\\\/vozolvapen.de\\\/#website\"},\"primaryImageOfPage\":{\"@id\":\"https:\\\/\\\/vozolvapen.de\\\/product\\\/vozol-vista-40000-blue-razz-ice\\\/#primaryimage\"},\"image\":{\"@id\":\"https:\\\/\\\/vozolvapen.de\\\/product\\\/vozol-vista-40000-blue-razz-ice\\\/#primaryimage\"},\"thumbnailUrl\":\"https:\\\/\\\/vozolvapen.de\\\/wp-content\\\/uploads\\\/2025\\\/12\\\/VOZOL-Vista-40000-BLUE-RAZZ-ICE-2.webp\",\"datePublished\":\"2025-12-04T06:11:59+00:00\",\"dateModified\":\"2026-02-10T11:16:38+00:00\",\"description\":\"Sweet and tart Blue Razz with an icy blast in the Vozol Vista 40000. Experience 8 customized settings with the Rotary Interaction Design on this vozol vape.\",\"breadcrumb\":{\"@id\":\"https:\\\/\\\/vozolvapen.de\\\/product\\\/vozol-vista-40000-blue-razz-ice\\\/#breadcrumb\"},\"inLanguage\":\"fr-FR\",\"potentialAction\":[{\"@type\":\"ReadAction\",\"target\":[\"https:\\\/\\\/vozolvapen.de\\\/product\\\/vozol-vista-40000-blue-razz-ice\\\/\"]}]},{\"@type\":\"ImageObject\",\"inLanguage\":\"fr-FR\",\"@id\":\"https:\\\/\\\/vozolvapen.de\\\/product\\\/vozol-vista-40000-blue-razz-ice\\\/#primaryimage\",\"url\":\"https:\\\/\\\/vozolvapen.de\\\/wp-content\\\/uploads\\\/2025\\\/12\\\/VOZOL-Vista-40000-BLUE-RAZZ-ICE-2.webp\",\"contentUrl\":\"https:\\\/\\\/vozolvapen.de\\\/wp-content\\\/uploads\\\/2025\\\/12\\\/VOZOL-Vista-40000-BLUE-RAZZ-ICE-2.webp\",\"width\":1080,\"height\":1080,\"caption\":\"Vozol Vista 40000 Blue Razz Ice 2 Disposable Vape Device detail\"},{\"@type\":\"BreadcrumbList\",\"@id\":\"https:\\\/\\\/vozolvapen.de\\\/product\\\/vozol-vista-40000-blue-razz-ice\\\/#breadcrumb\",\"itemListElement\":[{\"@type\":\"ListItem\",\"position\":1,\"name\":\"Home\",\"item\":\"https:\\\/\\\/vozolvapen.de\\\/de\\\/\"},{\"@type\":\"ListItem\",\"position\":2,\"name\":\"Shop\",\"item\":\"https:\\\/\\\/vozolvapen.de\\\/shop\\\/\"},{\"@type\":\"ListItem\",\"position\":3,\"name\":\"VOZOL Vista 40000 &#8211; Blue Razz Ice\"}]},{\"@type\":\"WebSite\",\"@id\":\"https:\\\/\\\/vozolvapen.de\\\/#website\",\"url\":\"https:\\\/\\\/vozolvapen.de\\\/\",\"name\":\"vozolvapen\",\"description\":\"vozolvapen\",\"publisher\":{\"@id\":\"https:\\\/\\\/vozolvapen.de\\\/#organization\"},\"potentialAction\":[{\"@type\":\"SearchAction\",\"target\":{\"@type\":\"EntryPoint\",\"urlTemplate\":\"https:\\\/\\\/vozolvapen.de\\\/?s={search_term_string}\"},\"query-input\":{\"@type\":\"PropertyValueSpecification\",\"valueRequired\":true,\"valueName\":\"search_term_string\"}}],\"inLanguage\":\"fr-FR\"},{\"@type\":\"Organization\",\"@id\":\"https:\\\/\\\/vozolvapen.de\\\/#organization\",\"name\":\"vozolvapen\",\"url\":\"https:\\\/\\\/vozolvapen.de\\\/\",\"logo\":{\"@type\":\"ImageObject\",\"inLanguage\":\"fr-FR\",\"@id\":\"https:\\\/\\\/vozolvapen.de\\\/#\\\/schema\\\/logo\\\/image\\\/\",\"url\":\"https:\\\/\\\/vozolvapen.de\\\/wp-content\\\/uploads\\\/2025\\\/12\\\/cropped-vozovapen-logo.webp\",\"contentUrl\":\"https:\\\/\\\/vozolvapen.de\\\/wp-content\\\/uploads\\\/2025\\\/12\\\/cropped-vozovapen-logo.webp\",\"width\":470,\"height\":110,\"caption\":\"vozolvapen\"},\"image\":{\"@id\":\"https:\\\/\\\/vozolvapen.de\\\/#\\\/schema\\\/logo\\\/image\\\/\"}}]}<\/script>\n<!-- \/ Yoast SEO Premium plugin. -->","yoast_head_json":{"title":"Vozol Vista 40000 Puffs Blue Razz Ice - Vozol 40K authentique en gros - vozolvapen","description":"Blue Razz sucr\u00e9 et acidul\u00e9 avec une touche glac\u00e9e dans le Vozol Vista 40000. D\u00e9couvrez 8 r\u00e9glages personnalis\u00e9s gr\u00e2ce au Rotary Interaction Design sur cette cigarette \u00e9lectronique Vozol.","robots":{"index":"index","follow":"follow","max-snippet":"max-snippet:-1","max-image-preview":"max-image-preview:large","max-video-preview":"max-video-preview:-1"},"canonical":"https:\/\/vozolvapen.de\/fr\/product\/vozol-vista-40000-blue-razz-ice\/","og_locale":"fr_FR","og_type":"article","og_title":"VOZOL Vista 40000 - Blue Razz Ice","og_description":"Sweet and tart Blue Razz with an icy blast in the Vozol Vista 40000. Experience 8 customized settings with the Rotary Interaction Design on this vozol vape.","og_url":"https:\/\/vozolvapen.de\/fr\/product\/vozol-vista-40000-blue-razz-ice\/","og_site_name":"vozolvapen","article_modified_time":"2026-02-10T11:16:38+00:00","og_image":[{"width":1080,"height":1080,"url":"https:\/\/vozolvapen.de\/wp-content\/uploads\/2025\/12\/VOZOL-Vista-40000-BLUE-RAZZ-ICE-2.webp","type":"image\/webp"}],"twitter_card":"summary_large_image","twitter_misc":{"Dur\u00e9e de lecture estim\u00e9e":"2 minutes"},"schema":{"@context":"https:\/\/schema.org","@graph":[{"@type":"WebPage","@id":"https:\/\/vozolvapen.de\/product\/vozol-vista-40000-blue-razz-ice\/","url":"https:\/\/vozolvapen.de\/product\/vozol-vista-40000-blue-razz-ice\/","name":"Vozol Vista 40000 Puffs Blue Razz Ice - Vozol 40K authentique en gros - vozolvapen","isPartOf":{"@id":"https:\/\/vozolvapen.de\/#website"},"primaryImageOfPage":{"@id":"https:\/\/vozolvapen.de\/product\/vozol-vista-40000-blue-razz-ice\/#primaryimage"},"image":{"@id":"https:\/\/vozolvapen.de\/product\/vozol-vista-40000-blue-razz-ice\/#primaryimage"},"thumbnailUrl":"https:\/\/vozolvapen.de\/wp-content\/uploads\/2025\/12\/VOZOL-Vista-40000-BLUE-RAZZ-ICE-2.webp","datePublished":"2025-12-04T06:11:59+00:00","dateModified":"2026-02-10T11:16:38+00:00","description":"Blue Razz sucr\u00e9 et acidul\u00e9 avec une touche glac\u00e9e dans le Vozol Vista 40000. D\u00e9couvrez 8 r\u00e9glages personnalis\u00e9s gr\u00e2ce au Rotary Interaction Design sur cette cigarette \u00e9lectronique Vozol.","breadcrumb":{"@id":"https:\/\/vozolvapen.de\/product\/vozol-vista-40000-blue-razz-ice\/#breadcrumb"},"inLanguage":"fr-FR","potentialAction":[{"@type":"ReadAction","target":["https:\/\/vozolvapen.de\/product\/vozol-vista-40000-blue-razz-ice\/"]}]},{"@type":"ImageObject","inLanguage":"fr-FR","@id":"https:\/\/vozolvapen.de\/product\/vozol-vista-40000-blue-razz-ice\/#primaryimage","url":"https:\/\/vozolvapen.de\/wp-content\/uploads\/2025\/12\/VOZOL-Vista-40000-BLUE-RAZZ-ICE-2.webp","contentUrl":"https:\/\/vozolvapen.de\/wp-content\/uploads\/2025\/12\/VOZOL-Vista-40000-BLUE-RAZZ-ICE-2.webp","width":1080,"height":1080,"caption":"Vozol Vista 40000 Blue Razz Ice 2 Disposable Vape Device detail"},{"@type":"BreadcrumbList","@id":"https:\/\/vozolvapen.de\/product\/vozol-vista-40000-blue-razz-ice\/#breadcrumb","itemListElement":[{"@type":"ListItem","position":1,"name":"Home","item":"https:\/\/vozolvapen.de\/de\/"},{"@type":"ListItem","position":2,"name":"Shop","item":"https:\/\/vozolvapen.de\/shop\/"},{"@type":"ListItem","position":3,"name":"VOZOL Vista 40000 &#8211; Blue Razz Ice"}]},{"@type":"WebSite","@id":"https:\/\/vozolvapen.de\/#website","url":"https:\/\/vozolvapen.de\/","name":"vozolvapen","description":"vozolvapen","publisher":{"@id":"https:\/\/vozolvapen.de\/#organization"},"potentialAction":[{"@type":"SearchAction","target":{"@type":"EntryPoint","urlTemplate":"https:\/\/vozolvapen.de\/?s={search_term_string}"},"query-input":{"@type":"PropertyValueSpecification","valueRequired":true,"valueName":"search_term_string"}}],"inLanguage":"fr-FR"},{"@type":"Organization","@id":"https:\/\/vozolvapen.de\/#organization","name":"vozolvapen","url":"https:\/\/vozolvapen.de\/","logo":{"@type":"ImageObject","inLanguage":"fr-FR","@id":"https:\/\/vozolvapen.de\/#\/schema\/logo\/image\/","url":"https:\/\/vozolvapen.de\/wp-content\/uploads\/2025\/12\/cropped-vozovapen-logo.webp","contentUrl":"https:\/\/vozolvapen.de\/wp-content\/uploads\/2025\/12\/cropped-vozovapen-logo.webp","width":470,"height":110,"caption":"vozolvapen"},"image":{"@id":"https:\/\/vozolvapen.de\/#\/schema\/logo\/image\/"}}]}},"tiered_pricing_type":"fixed","tiered_pricing_fixed_rules":{"30":"14.39","50":"11.89","100":"11.39","200":"10.39"},"tiered_pricing_product_settings":{"layout":"default","base_unit_name":{"singular":null,"plural":null},"default_variation":{}},"tiered_pricing_minimum_quantity":10,"tiered_pricing_roles_data":[],"tiered_pricing_percentage_rules":[],"tiered_pricing_maximum_quantity":null,"tiered_pricing_quantity_step":"10","_links":{"self":[{"href":"https:\/\/vozolvapen.de\/fr\/wp-json\/wp\/v2\/product\/7406","targetHints":{"allow":["GET"]}}],"collection":[{"href":"https:\/\/vozolvapen.de\/fr\/wp-json\/wp\/v2\/product"}],"about":[{"href":"https:\/\/vozolvapen.de\/fr\/wp-json\/wp\/v2\/types\/product"}],"replies":[{"embeddable":true,"href":"https:\/\/vozolvapen.de\/fr\/wp-json\/wp\/v2\/comments?post=7406"}],"wp:featuredmedia":[{"embeddable":true,"href":"https:\/\/vozolvapen.de\/fr\/wp-json\/wp\/v2\/media\/7426"}],"wp:attachment":[{"href":"https:\/\/vozolvapen.de\/fr\/wp-json\/wp\/v2\/media?parent=7406"}],"wp:term":[{"taxonomy":"product_brand","embeddable":true,"href":"https:\/\/vozolvapen.de\/fr\/wp-json\/wp\/v2\/product_brand?post=7406"},{"taxonomy":"product_cat","embeddable":true,"href":"https:\/\/vozolvapen.de\/fr\/wp-json\/wp\/v2\/product_cat?post=7406"},{"taxonomy":"product_tag","embeddable":true,"href":"https:\/\/vozolvapen.de\/fr\/wp-json\/wp\/v2\/product_tag?post=7406"}],"curies":[{"name":"wp","href":"https:\/\/api.w.org\/{rel}","templated":true}]}}