{"id":7607,"date":"2025-12-05T08:26:59","date_gmt":"2025-12-05T08:26:59","guid":{"rendered":"https:\/\/vozolvapen.de\/?post_type=product&#038;p=7607"},"modified":"2026-02-10T11:21:36","modified_gmt":"2026-02-10T11:21:36","slug":"jnr-falcon-16000-eclatement-de-baies","status":"publish","type":"product","link":"https:\/\/vozolvapen.de\/fr\/product\/jnr-falcon-16000-berry-burst\/","title":{"rendered":"JNR Falcon 16000 \u2013 Explosion de baies"},"content":{"rendered":"<h1 data-path-to-node=\"54\"><span data-path-to-node=\"20,4,1,0\">JNR Falcon 16000 Puffs \u2013 Berry Burst<\/span><\/h1>\n<h2 data-path-to-node=\"54\"><span data-path-to-node=\"20,5,0,0\"><b>Profil aromatique<\/b><\/span><\/h2>\n<p>Un m\u00e9lange sauvage de baies des bois. Fraises m\u00fbres, framboises acidul\u00e9es, myrtilles profondes et m\u00fbres terreuses s'associent dans une explosion dynamique de saveurs sucr\u00e9es et acidul\u00e9es qui satisfera toutes vos envies de baies.<\/p>\n<h2 data-path-to-node=\"61\"><b>Performances du Falcon 16000<\/b><\/h2>\n<p data-path-to-node=\"62\">Le <b>JNR Falcon 16000<\/b> est con\u00e7u pour s'adapter \u00e0 tous les profils aromatiques. Aliment\u00e9 par une batterie haute capacit\u00e9 <b>850 mAh<\/b> batterie rechargeable et un \u00e9norme <b>22 ml<\/b> pod pr\u00e9rempli d'e-liquide, cet appareil est con\u00e7u pour offrir des performances et une long\u00e9vit\u00e9 maximales. Le syst\u00e8me int\u00e9gr\u00e9 <b>Bobine double maill\u00e9e 1,0 \u03a9<\/b> assure une distribution uniforme de la chaleur, extrayant la saveur la plus pure et la plus intense, de la premi\u00e8re bouff\u00e9e \u00e0 la 16 000e.<\/p>\n<h2 data-path-to-node=\"63\"><b>Caract\u00e9ristiques principales du JNR Falcon 16000 :<\/b><\/h2>\n<ul>\n<li data-path-to-node=\"64,0,0\"><b>Double recharge pratique :<\/b> \u00c9quip\u00e9 \u00e0 la fois de <b>Type-C et recharge rapide Lighting<\/b> ports, vous permettant de recharger facilement la batterie de 850 mAh.<\/li>\n<li data-path-to-node=\"64,1,0\"><b>D\u00e9bit d'air personnalisable :<\/b> Optimisez votre exp\u00e9rience de vapotage avec le <b>D\u00e9bit d'air r\u00e9glable<\/b> contr\u00f4le, vous permettant de passer d'une bouff\u00e9e MTL plus serr\u00e9e \u00e0 une bouff\u00e9e RDL plus a\u00e9r\u00e9e.<\/li>\n<li data-path-to-node=\"64,2,0\"><b>Avantage du march\u00e9 de gros europ\u00e9en :<\/b> Faites vos provisions en toute confiance. Nous exp\u00e9dions ce produit tr\u00e8s vendu. <b>puff JNR 16k<\/b> mod\u00e8le directement depuis notre <b>entrep\u00f4t europ\u00e9en<\/b> pour une utilisation rapide et fiable <b>Livraison sous 1 \u00e0 3 jours<\/b>.<\/li>\n<\/ul>\n<p data-path-to-node=\"65\"><b>Commandez d\u00e8s aujourd'hui votre Berry Burst JNR Falcon 16000 et d\u00e9couvrez la diff\u00e9rence en termes de performances et de qualit\u00e9.<\/b><\/p>\n<h3 data-path-to-node=\"54\"><span style=\"font-size: 16px;\">Voici d'autres recommandations pour vous :<\/span><\/h3>\n<p dir=\"auto\">D\u00e9couvrez encore plus de saveurs incroyables avec la cigarette \u00e9lectronique JNR Falcon 16000 Puff !<\/p>\n<p dir=\"auto\"><a href=\"https:\/\/vozolvapen.de\/fr\/product-category\/vape-junior\/jnr-falcon-16000-bouffees-vape\/\">Voir toutes les vari\u00e9t\u00e9s ici \u2192<\/a><\/p>\n<p dir=\"auto\">D\u00e9couvrez notre collection compl\u00e8te et achetez les meilleures marques de cigarettes \u00e9lectroniques que vous allez adorer.<\/p>\n<p dir=\"auto\"><a href=\"https:\/\/vozolvapen.de\/fr\/\">Parcourir toutes les marques maintenant \u2192<\/a><\/p>\n<p dir=\"auto\">D\u00e9couvrez la gamme compl\u00e8te JNR Vape : toutes les saveurs, tous les styles !<\/p>\n<p dir=\"auto\"><a href=\"https:\/\/vozolvapen.de\/fr\/product-category\/vape-junior\/\">D\u00e9couvrez toute la collection JNR Vape \u2192<\/a><\/p>","protected":false},"excerpt":{"rendered":"<p>Un m\u00e9lange explosif de baies sauvages.<\/p>","protected":false},"featured_media":7627,"comment_status":"open","ping_status":"closed","template":"","meta":{"_acf_changed":false},"product_brand":[],"product_cat":[134,60],"product_tag":[],"class_list":{"0":"post-7607","1":"product","2":"type-product","3":"status-publish","4":"has-post-thumbnail","6":"product_cat-eu-warehouse-in-stock","7":"product_cat-jnr-falcon-16000-puff-vape","9":"first","10":"instock","11":"shipping-taxable","12":"purchasable","13":"product-type-variable"},"acf":[],"yoast_head":"<!-- This site is optimized with the Yoast SEO Premium plugin v26.1 (Yoast SEO v27.5) - https:\/\/yoast.com\/product\/yoast-seo-premium-wordpress\/ -->\n<title>Berry Burst - JNR Falcon 16000 Puffs Mixed Berry Vape - vozolvapen<\/title>\n<meta name=\"description\" content=\"Shop JNR Falcon 16000 Berry Burst. An explosion of mixed forest berries. 22ml e-liquid, 850mAh battery, wholesale and retail available.\" \/>\n<meta name=\"robots\" content=\"index, follow, max-snippet:-1, max-image-preview:large, max-video-preview:-1\" \/>\n<link rel=\"canonical\" href=\"https:\/\/vozolvapen.de\/fr\/product\/jnr-falcon-16000-eclatement-de-baies\/\" \/>\n<meta property=\"og:locale\" content=\"fr_FR\" \/>\n<meta property=\"og:type\" content=\"article\" \/>\n<meta property=\"og:title\" content=\"JNR Falcon 16000 - Berry Burst\" \/>\n<meta property=\"og:description\" content=\"Shop JNR Falcon 16000 Berry Burst. An explosion of mixed forest berries. 22ml e-liquid, 850mAh battery, wholesale and retail available.\" \/>\n<meta property=\"og:url\" content=\"https:\/\/vozolvapen.de\/fr\/product\/jnr-falcon-16000-eclatement-de-baies\/\" \/>\n<meta property=\"og:site_name\" content=\"vozolvapen\" \/>\n<meta property=\"article:modified_time\" content=\"2026-02-10T11:21:36+00:00\" \/>\n<meta property=\"og:image\" content=\"https:\/\/vozolvapen.de\/wp-content\/uploads\/2025\/12\/JNR-Falcon-16000-Puff-Vape-JNR-Falcon-16000-Puff-Vape-Berry-Burst.webp\" \/>\n\t<meta property=\"og:image:width\" content=\"1200\" \/>\n\t<meta property=\"og:image:height\" content=\"1200\" \/>\n\t<meta property=\"og:image:type\" content=\"image\/webp\" \/>\n<meta name=\"twitter:card\" content=\"summary_large_image\" \/>\n<meta name=\"twitter:label1\" content=\"Dur\u00e9e de lecture estim\u00e9e\" \/>\n\t<meta name=\"twitter:data1\" content=\"2 minutes\" \/>\n<script type=\"application\/ld+json\" class=\"yoast-schema-graph\">{\"@context\":\"https:\\\/\\\/schema.org\",\"@graph\":[{\"@type\":\"WebPage\",\"@id\":\"https:\\\/\\\/vozolvapen.de\\\/product\\\/jnr-falcon-16000-berry-burst\\\/\",\"url\":\"https:\\\/\\\/vozolvapen.de\\\/product\\\/jnr-falcon-16000-berry-burst\\\/\",\"name\":\"Berry Burst - JNR Falcon 16000 Puffs Mixed Berry Vape - vozolvapen\",\"isPartOf\":{\"@id\":\"https:\\\/\\\/vozolvapen.de\\\/#website\"},\"primaryImageOfPage\":{\"@id\":\"https:\\\/\\\/vozolvapen.de\\\/product\\\/jnr-falcon-16000-berry-burst\\\/#primaryimage\"},\"image\":{\"@id\":\"https:\\\/\\\/vozolvapen.de\\\/product\\\/jnr-falcon-16000-berry-burst\\\/#primaryimage\"},\"thumbnailUrl\":\"https:\\\/\\\/vozolvapen.de\\\/wp-content\\\/uploads\\\/2025\\\/12\\\/JNR-Falcon-16000-Puff-Vape-JNR-Falcon-16000-Puff-Vape-Berry-Burst.webp\",\"datePublished\":\"2025-12-05T08:26:59+00:00\",\"dateModified\":\"2026-02-10T11:21:36+00:00\",\"description\":\"Shop JNR Falcon 16000 Berry Burst. An explosion of mixed forest berries. 22ml e-liquid, 850mAh battery, wholesale and retail available.\",\"breadcrumb\":{\"@id\":\"https:\\\/\\\/vozolvapen.de\\\/product\\\/jnr-falcon-16000-berry-burst\\\/#breadcrumb\"},\"inLanguage\":\"fr-FR\",\"potentialAction\":[{\"@type\":\"ReadAction\",\"target\":[\"https:\\\/\\\/vozolvapen.de\\\/product\\\/jnr-falcon-16000-berry-burst\\\/\"]}]},{\"@type\":\"ImageObject\",\"inLanguage\":\"fr-FR\",\"@id\":\"https:\\\/\\\/vozolvapen.de\\\/product\\\/jnr-falcon-16000-berry-burst\\\/#primaryimage\",\"url\":\"https:\\\/\\\/vozolvapen.de\\\/wp-content\\\/uploads\\\/2025\\\/12\\\/JNR-Falcon-16000-Puff-Vape-JNR-Falcon-16000-Puff-Vape-Berry-Burst.webp\",\"contentUrl\":\"https:\\\/\\\/vozolvapen.de\\\/wp-content\\\/uploads\\\/2025\\\/12\\\/JNR-Falcon-16000-Puff-Vape-JNR-Falcon-16000-Puff-Vape-Berry-Burst.webp\",\"width\":1200,\"height\":1200,\"caption\":\"Jnr Falcon 16000 Puff Vape Berry Burst Disposable Device\"},{\"@type\":\"BreadcrumbList\",\"@id\":\"https:\\\/\\\/vozolvapen.de\\\/product\\\/jnr-falcon-16000-berry-burst\\\/#breadcrumb\",\"itemListElement\":[{\"@type\":\"ListItem\",\"position\":1,\"name\":\"Home\",\"item\":\"https:\\\/\\\/vozolvapen.de\\\/de\\\/\"},{\"@type\":\"ListItem\",\"position\":2,\"name\":\"Shop\",\"item\":\"https:\\\/\\\/vozolvapen.de\\\/shop\\\/\"},{\"@type\":\"ListItem\",\"position\":3,\"name\":\"JNR Falcon 16000 &#8211; Berry Burst\"}]},{\"@type\":\"WebSite\",\"@id\":\"https:\\\/\\\/vozolvapen.de\\\/#website\",\"url\":\"https:\\\/\\\/vozolvapen.de\\\/\",\"name\":\"vozolvapen\",\"description\":\"vozolvapen\",\"publisher\":{\"@id\":\"https:\\\/\\\/vozolvapen.de\\\/#organization\"},\"potentialAction\":[{\"@type\":\"SearchAction\",\"target\":{\"@type\":\"EntryPoint\",\"urlTemplate\":\"https:\\\/\\\/vozolvapen.de\\\/?s={search_term_string}\"},\"query-input\":{\"@type\":\"PropertyValueSpecification\",\"valueRequired\":true,\"valueName\":\"search_term_string\"}}],\"inLanguage\":\"fr-FR\"},{\"@type\":\"Organization\",\"@id\":\"https:\\\/\\\/vozolvapen.de\\\/#organization\",\"name\":\"vozolvapen\",\"url\":\"https:\\\/\\\/vozolvapen.de\\\/\",\"logo\":{\"@type\":\"ImageObject\",\"inLanguage\":\"fr-FR\",\"@id\":\"https:\\\/\\\/vozolvapen.de\\\/#\\\/schema\\\/logo\\\/image\\\/\",\"url\":\"https:\\\/\\\/vozolvapen.de\\\/wp-content\\\/uploads\\\/2025\\\/12\\\/cropped-vozovapen-logo.webp\",\"contentUrl\":\"https:\\\/\\\/vozolvapen.de\\\/wp-content\\\/uploads\\\/2025\\\/12\\\/cropped-vozovapen-logo.webp\",\"width\":470,\"height\":110,\"caption\":\"vozolvapen\"},\"image\":{\"@id\":\"https:\\\/\\\/vozolvapen.de\\\/#\\\/schema\\\/logo\\\/image\\\/\"}}]}<\/script>\n<!-- \/ Yoast SEO Premium plugin. -->","yoast_head_json":{"title":"Berry Burst - JNR Falcon 16000 Puffs Vape aux baies m\u00e9lang\u00e9es - vozolvapen","description":"Achetez JNR Falcon 16000 Berry Burst. Une explosion de baies sauvages m\u00e9lang\u00e9es. E-liquide 22 ml, batterie 850 mAh, disponible en gros et au d\u00e9tail.","robots":{"index":"index","follow":"follow","max-snippet":"max-snippet:-1","max-image-preview":"max-image-preview:large","max-video-preview":"max-video-preview:-1"},"canonical":"https:\/\/vozolvapen.de\/fr\/product\/jnr-falcon-16000-eclatement-de-baies\/","og_locale":"fr_FR","og_type":"article","og_title":"JNR Falcon 16000 - Berry Burst","og_description":"Shop JNR Falcon 16000 Berry Burst. An explosion of mixed forest berries. 22ml e-liquid, 850mAh battery, wholesale and retail available.","og_url":"https:\/\/vozolvapen.de\/fr\/product\/jnr-falcon-16000-eclatement-de-baies\/","og_site_name":"vozolvapen","article_modified_time":"2026-02-10T11:21:36+00:00","og_image":[{"width":1200,"height":1200,"url":"https:\/\/vozolvapen.de\/wp-content\/uploads\/2025\/12\/JNR-Falcon-16000-Puff-Vape-JNR-Falcon-16000-Puff-Vape-Berry-Burst.webp","type":"image\/webp"}],"twitter_card":"summary_large_image","twitter_misc":{"Dur\u00e9e de lecture estim\u00e9e":"2 minutes"},"schema":{"@context":"https:\/\/schema.org","@graph":[{"@type":"WebPage","@id":"https:\/\/vozolvapen.de\/product\/jnr-falcon-16000-berry-burst\/","url":"https:\/\/vozolvapen.de\/product\/jnr-falcon-16000-berry-burst\/","name":"Berry Burst - JNR Falcon 16000 Puffs Vape aux baies m\u00e9lang\u00e9es - vozolvapen","isPartOf":{"@id":"https:\/\/vozolvapen.de\/#website"},"primaryImageOfPage":{"@id":"https:\/\/vozolvapen.de\/product\/jnr-falcon-16000-berry-burst\/#primaryimage"},"image":{"@id":"https:\/\/vozolvapen.de\/product\/jnr-falcon-16000-berry-burst\/#primaryimage"},"thumbnailUrl":"https:\/\/vozolvapen.de\/wp-content\/uploads\/2025\/12\/JNR-Falcon-16000-Puff-Vape-JNR-Falcon-16000-Puff-Vape-Berry-Burst.webp","datePublished":"2025-12-05T08:26:59+00:00","dateModified":"2026-02-10T11:21:36+00:00","description":"Achetez JNR Falcon 16000 Berry Burst. Une explosion de baies sauvages m\u00e9lang\u00e9es. E-liquide 22 ml, batterie 850 mAh, disponible en gros et au d\u00e9tail.","breadcrumb":{"@id":"https:\/\/vozolvapen.de\/product\/jnr-falcon-16000-berry-burst\/#breadcrumb"},"inLanguage":"fr-FR","potentialAction":[{"@type":"ReadAction","target":["https:\/\/vozolvapen.de\/product\/jnr-falcon-16000-berry-burst\/"]}]},{"@type":"ImageObject","inLanguage":"fr-FR","@id":"https:\/\/vozolvapen.de\/product\/jnr-falcon-16000-berry-burst\/#primaryimage","url":"https:\/\/vozolvapen.de\/wp-content\/uploads\/2025\/12\/JNR-Falcon-16000-Puff-Vape-JNR-Falcon-16000-Puff-Vape-Berry-Burst.webp","contentUrl":"https:\/\/vozolvapen.de\/wp-content\/uploads\/2025\/12\/JNR-Falcon-16000-Puff-Vape-JNR-Falcon-16000-Puff-Vape-Berry-Burst.webp","width":1200,"height":1200,"caption":"Jnr Falcon 16000 Puff Vape Berry Burst Disposable Device"},{"@type":"BreadcrumbList","@id":"https:\/\/vozolvapen.de\/product\/jnr-falcon-16000-berry-burst\/#breadcrumb","itemListElement":[{"@type":"ListItem","position":1,"name":"Home","item":"https:\/\/vozolvapen.de\/de\/"},{"@type":"ListItem","position":2,"name":"Shop","item":"https:\/\/vozolvapen.de\/shop\/"},{"@type":"ListItem","position":3,"name":"JNR Falcon 16000 &#8211; Berry Burst"}]},{"@type":"WebSite","@id":"https:\/\/vozolvapen.de\/#website","url":"https:\/\/vozolvapen.de\/","name":"vozolvapen","description":"vozolvapen","publisher":{"@id":"https:\/\/vozolvapen.de\/#organization"},"potentialAction":[{"@type":"SearchAction","target":{"@type":"EntryPoint","urlTemplate":"https:\/\/vozolvapen.de\/?s={search_term_string}"},"query-input":{"@type":"PropertyValueSpecification","valueRequired":true,"valueName":"search_term_string"}}],"inLanguage":"fr-FR"},{"@type":"Organization","@id":"https:\/\/vozolvapen.de\/#organization","name":"vozolvapen","url":"https:\/\/vozolvapen.de\/","logo":{"@type":"ImageObject","inLanguage":"fr-FR","@id":"https:\/\/vozolvapen.de\/#\/schema\/logo\/image\/","url":"https:\/\/vozolvapen.de\/wp-content\/uploads\/2025\/12\/cropped-vozovapen-logo.webp","contentUrl":"https:\/\/vozolvapen.de\/wp-content\/uploads\/2025\/12\/cropped-vozovapen-logo.webp","width":470,"height":110,"caption":"vozolvapen"},"image":{"@id":"https:\/\/vozolvapen.de\/#\/schema\/logo\/image\/"}}]}},"tiered_pricing_type":"fixed","tiered_pricing_fixed_rules":{"30":"13.63","50":"10.63","100":"9.63","200":"8.63"},"tiered_pricing_product_settings":{"layout":"default","base_unit_name":{"singular":null,"plural":null},"default_variation":{}},"tiered_pricing_minimum_quantity":10,"tiered_pricing_roles_data":[],"tiered_pricing_percentage_rules":[],"tiered_pricing_maximum_quantity":null,"tiered_pricing_quantity_step":"10","_links":{"self":[{"href":"https:\/\/vozolvapen.de\/fr\/wp-json\/wp\/v2\/product\/7607","targetHints":{"allow":["GET"]}}],"collection":[{"href":"https:\/\/vozolvapen.de\/fr\/wp-json\/wp\/v2\/product"}],"about":[{"href":"https:\/\/vozolvapen.de\/fr\/wp-json\/wp\/v2\/types\/product"}],"replies":[{"embeddable":true,"href":"https:\/\/vozolvapen.de\/fr\/wp-json\/wp\/v2\/comments?post=7607"}],"wp:featuredmedia":[{"embeddable":true,"href":"https:\/\/vozolvapen.de\/fr\/wp-json\/wp\/v2\/media\/7627"}],"wp:attachment":[{"href":"https:\/\/vozolvapen.de\/fr\/wp-json\/wp\/v2\/media?parent=7607"}],"wp:term":[{"taxonomy":"product_brand","embeddable":true,"href":"https:\/\/vozolvapen.de\/fr\/wp-json\/wp\/v2\/product_brand?post=7607"},{"taxonomy":"product_cat","embeddable":true,"href":"https:\/\/vozolvapen.de\/fr\/wp-json\/wp\/v2\/product_cat?post=7607"},{"taxonomy":"product_tag","embeddable":true,"href":"https:\/\/vozolvapen.de\/fr\/wp-json\/wp\/v2\/product_tag?post=7607"}],"curies":[{"name":"wp","href":"https:\/\/api.w.org\/{rel}","templated":true}]}}