{"id":7867,"date":"2025-12-06T08:49:33","date_gmt":"2025-12-06T08:49:33","guid":{"rendered":"https:\/\/vozolvapen.de\/?post_type=product&#038;p=7867"},"modified":"2026-02-10T12:35:23","modified_gmt":"2026-02-10T12:35:23","slug":"bouffee-80k-bang-leader-80000-framboise-mojito-peche-glace-fraise-et-pasteque-kiwi-fruit-de-la-passion-goyave","status":"publish","type":"product","link":"https:\/\/vozolvapen.de\/fr\/product\/puff-80k-bang-leader-80000-raspberry-mojito-peach-ice-strawberry-and-watermelon-kiwi-passion-fruit-guava\/","title":{"rendered":"Puff 80k Bang Leader 80000 \u2013 Framboise Mojito P\u00eache Glac\u00e9e + Fraise et Past\u00e8que + Kiwi Fruit de la Passion Goyave"},"content":{"rendered":"<h1>Bang Leader 80 000 bouff\u00e9es 3 en 1 : Mojito, Baies et Goyave tropicale<\/h1>\n<h2><b>Focus produit<\/b><\/h2>\n<p><b> La collection Carnaval<\/b> Ceci <b>Bang Leader<\/b> Cette combinaison est con\u00e7ue pour les vapoteurs aventureux. Elle associe une saveur rafra\u00eechissante inspir\u00e9e d'un cocktail (Raspberry Mojito Peach Ice) \u00e0 deux m\u00e9langes de fruits classiques (fraise et past\u00e8que, kiwi, fruit de la passion et goyave). Le syst\u00e8me innovant 3 en 1 de ce produit <b>Puff 80k Bang Leader 80000<\/b> vous garantit de ne jamais vous lasser de son go\u00fbt, ce qui en fait le produit id\u00e9al. <b>bang puff<\/b> Appareil con\u00e7u pour une utilisation prolong\u00e9e. Profitez d'une vapeur douce et homog\u00e8ne gr\u00e2ce \u00e0 la r\u00e9sistance mesh de 1,0 \u03a9 avec les trois e-liquides haut de gamme.<\/p>\n<h2 data-path-to-node=\"4\"><b>La collection Carnival : une immersion dans les saveurs<\/b><\/h2>\n<p data-path-to-node=\"4\">Cette combinaison unique 3 en 1 pour le <b>Bang Leader 80000<\/b> est un m\u00e9lange parfait entre fra\u00eecheur glac\u00e9e et douceur tropicale. D'une simple pression, vous pouvez profiter de trois exp\u00e9riences de vapotage distinctes mais compl\u00e9mentaires, le tout dans un format ultra-longue dur\u00e9e. <b>bang puff<\/b> appareil :<\/p>\n<ul>\n<li data-path-to-node=\"5,0,0\"><b>Mojito framboise-p\u00eache glac\u00e9 (Pod 1) :<\/b> Un m\u00e9lange vibrant inspir\u00e9 des cocktails, combinant l'acidit\u00e9 de la framboise et la menthe du mojito, adouci par la p\u00eache et fini par une explosion glac\u00e9e rafra\u00eechissante.<\/li>\n<li data-path-to-node=\"5,1,0\"><b>Fraise et past\u00e8que (Pod 2) :<\/b><span class=\"citation-64 citation-end-64\"> Un classique rafra\u00eechissant et universellement appr\u00e9ci\u00e9, o\u00f9 la douceur juteuse de la past\u00e8que rencontre le go\u00fbt acidul\u00e9 et familier des fraises m\u00fbres.<\/span><\/li>\n<li data-path-to-node=\"5,2,0\"><b>Kiwi, fruit de la passion, goyave (Pod 3) :<\/b><span class=\"citation-63 citation-end-63\"> Un m\u00e9lange intense et exotique alliant l'acidit\u00e9 du kiwi, l'ar\u00f4me distinctif du fruit de la passion et la douceur musqu\u00e9e de la goyave.<\/span><\/li>\n<\/ul>\n<p data-path-to-node=\"6\">Chaque bouff\u00e9e est aliment\u00e9e par le syst\u00e8me haute performance <b>R\u00e9sistance mesh 1,0 \u03a9<\/b>, garantissant une saturation maximale des saveurs et une vape douce et constante \u00e0 chaque fois que vous changez.<\/p>\n<h3 data-path-to-node=\"27\">\u00c0 qui s'adresse cette saveur ?<\/h3>\n<p><b>L'aventurier des saveurs :<\/b> Convient aux vapoteurs \u00e0 la recherche de saveurs exotiques inspir\u00e9es des cocktails. Ce m\u00e9lange est destin\u00e9 \u00e0 ceux qui appr\u00e9cient les saveurs audacieuses et complexes ainsi que la fra\u00eecheur des combinaisons de fruits glac\u00e9s.<\/p>\n<h3 data-path-to-node=\"27\">Param\u00e8tres fondamentaux<\/h3>\n<table data-path-to-node=\"29\">\n<thead>\n<tr>\n<td><strong>Param\u00e8tres de saveur<\/strong><\/td>\n<td><strong>D\u00e9tails<\/strong><\/td>\n<\/tr>\n<\/thead>\n<tbody>\n<tr>\n<td><span data-path-to-node=\"29,1,0,0\"><b>Combinaison de saveurs<\/b><\/span><\/td>\n<td>Mojito framboise, glace \u00e0 la p\u00eache + fraise et past\u00e8que + kiwi, fruit de la passion et goyave<\/td>\n<\/tr>\n<tr>\n<td><span data-path-to-node=\"29,2,0,0\"><b>Nombre de Puff<\/b><\/span><\/td>\n<td><span data-path-to-node=\"29,2,1,0\">Jusqu'\u00e0 80 000 bouff\u00e9es (Puff 80k)<\/span><\/td>\n<\/tr>\n<tr>\n<td><span data-path-to-node=\"29,3,0,0\"><b>Capacit\u00e9 du e-liquide<\/b><\/span><\/td>\n<td><span data-path-to-node=\"29,3,1,0\">78 ml pr\u00e9rempli<\/span><\/td>\n<\/tr>\n<tr>\n<td><span data-path-to-node=\"29,4,0,0\"><b>Teneurs en nicotine<\/b><\/span><\/td>\n<td><span data-path-to-node=\"29,4,1,0\">0% \/ 2% \/ 3% \/ 5% Teneur en nicotine<\/span><\/td>\n<\/tr>\n<tr>\n<td><span data-path-to-node=\"29,5,0,0\"><b>Bobine<\/b><\/span><\/td>\n<td><span data-path-to-node=\"29,5,1,0\">R\u00e9sistance Mesh 1,0 \u03a9 pour une saveur intense<\/span><\/td>\n<\/tr>\n<tr>\n<td><span data-path-to-node=\"29,6,0,0\"><b>Batterie<\/b><\/span><\/td>\n<td><span data-path-to-node=\"29,6,1,0\">850 mAh rechargeable<\/span><\/td>\n<\/tr>\n<tr>\n<td><span data-path-to-node=\"29,7,0,0\"><b>Exp\u00e9dition<\/b><\/span><\/td>\n<td><span data-path-to-node=\"29,7,1,0\">Entrep\u00f4t europ\u00e9en (1 \u00e0 3 jours)<\/span><\/td>\n<\/tr>\n<\/tbody>\n<\/table>\n<h2><strong>Puff 80k Bang Leader 80000 <\/strong><strong>Vid\u00e9o :<\/strong><\/h2>\n<p><iframe title=\"Bang Leader 80000 Puffs  Vape jetable \u2013 L&#039;exp\u00e9rience ultime 80k Puffs\" src=\"https:\/\/player.vimeo.com\/video\/1150263452?badge=0&amp;autopause=0&amp;player_id=0&amp;app_id=58479\" width=\"400\" height=\"711\" frameborder=\"0\"><\/iframe><\/p>\n<h3 dir=\"auto\">Voici d'autres recommandations pour vous :<\/h3>\n<p dir=\"auto\">D\u00e9couvrez encore plus de saveurs incroyables avec la cigarette \u00e9lectronique Puff 80k Bang Leader 80000 !<\/p>\n<p dir=\"auto\"><a href=\"https:\/\/vozolvapen.de\/fr\/product-category\/bang-vape\/puff-80k-bang-leader-80-000-bouffees-de-vape\/\">Voir toutes les vari\u00e9t\u00e9s ici \u2192<\/a><\/p>\n<p dir=\"auto\">D\u00e9couvrez notre collection compl\u00e8te et achetez les meilleures marques de cigarettes \u00e9lectroniques que vous allez adorer.<\/p>\n<p dir=\"auto\"><a href=\"https:\/\/vozolvapen.de\/fr\/\">Parcourir toutes les marques maintenant \u2192<\/a><\/p>\n<p dir=\"auto\">D\u00e9couvrez la gamme compl\u00e8te Bang Vape : toutes les saveurs, tous les styles !<\/p>\n<p dir=\"auto\"><a href=\"https:\/\/vozolvapen.de\/fr\/product-category\/bang-vape\/\">D\u00e9couvrez toute la collection Bang Vape \u2192<\/a><\/p>","protected":false},"excerpt":{"rendered":"<p data-path-to-node=\"6\">La collection Carnival est arriv\u00e9e ! D\u00e9couvrez trois saveurs complexes et vibrantes : le cocktail rafra\u00eechissant Raspberry Mojito Peach Ice, le m\u00e9lange classique Strawberry and Watermelon et le punch tropical intense Kiwi Passion Fruit Guava. <b>80 000 bouff\u00e9es<\/b> de pure vari\u00e9t\u00e9.<\/p>","protected":false},"featured_media":7880,"comment_status":"open","ping_status":"closed","template":"","meta":{"_acf_changed":false},"product_brand":[],"product_cat":[134,64],"product_tag":[],"class_list":{"0":"post-7867","1":"product","2":"type-product","3":"status-publish","4":"has-post-thumbnail","6":"product_cat-eu-warehouse-in-stock","7":"product_cat-puff-80k-bang-leader-80000-puffs-vape","9":"first","10":"instock","11":"featured","12":"shipping-taxable","13":"purchasable","14":"product-type-variable"},"acf":[],"yoast_head":"<!-- This site is optimized with the Yoast SEO Premium plugin v26.1 (Yoast SEO v27.5) - https:\/\/yoast.com\/product\/yoast-seo-premium-wordpress\/ -->\n<title>Puff 80k Bang Leader 80000: Mojito, Berries &amp; Tropical Guava 3-in-1 Flavor - vozolvapen<\/title>\n<meta name=\"description\" content=\"The Bang Leader 80000 Puffs Carnival Collection: Raspberry Mojito Peach Ice, Strawberry Watermelon, and Kiwi Passion Fruit Guava. Enjoy 3 unique flavors in one Puff 80k rechargeable device. Fast EU shipping.\" \/>\n<meta name=\"robots\" content=\"index, follow, max-snippet:-1, max-image-preview:large, max-video-preview:-1\" \/>\n<link rel=\"canonical\" href=\"https:\/\/vozolvapen.de\/fr\/product\/bouffee-80k-bang-leader-80000-framboise-mojito-peche-glace-fraise-et-pasteque-kiwi-fruit-de-la-passion-goyave\/\" \/>\n<meta property=\"og:locale\" content=\"fr_FR\" \/>\n<meta property=\"og:type\" content=\"article\" \/>\n<meta property=\"og:title\" content=\"Puff 80k Bang Leader 80000 - Raspberry Mojito Peach Ice + Strawberry And Watermelon + Kiwi Passion Fruit Guava\" \/>\n<meta property=\"og:description\" content=\"The Bang Leader 80000 Puffs Carnival Collection: Raspberry Mojito Peach Ice, Strawberry Watermelon, and Kiwi Passion Fruit Guava. Enjoy 3 unique flavors in one Puff 80k rechargeable device. Fast EU shipping.\" \/>\n<meta property=\"og:url\" content=\"https:\/\/vozolvapen.de\/fr\/product\/bouffee-80k-bang-leader-80000-framboise-mojito-peche-glace-fraise-et-pasteque-kiwi-fruit-de-la-passion-goyave\/\" \/>\n<meta property=\"og:site_name\" content=\"vozolvapen\" \/>\n<meta property=\"article:modified_time\" content=\"2026-02-10T12:35:23+00:00\" \/>\n<meta property=\"og:image\" content=\"https:\/\/vozolvapen.de\/wp-content\/uploads\/2025\/12\/Puff-80k-Bang-Leader-80000-raspberry-mojito-peach-ice-strawberry-and-watermelon-kiwi-passion-fruit-guava.jpg.webp\" \/>\n\t<meta property=\"og:image:width\" content=\"1200\" \/>\n\t<meta property=\"og:image:height\" content=\"1200\" \/>\n\t<meta property=\"og:image:type\" content=\"image\/webp\" \/>\n<meta name=\"twitter:card\" content=\"summary_large_image\" \/>\n<meta name=\"twitter:label1\" content=\"Dur\u00e9e de lecture estim\u00e9e\" \/>\n\t<meta name=\"twitter:data1\" content=\"2 minutes\" \/>\n<script type=\"application\/ld+json\" class=\"yoast-schema-graph\">{\"@context\":\"https:\\\/\\\/schema.org\",\"@graph\":[{\"@type\":\"WebPage\",\"@id\":\"https:\\\/\\\/vozolvapen.de\\\/product\\\/puff-80k-bang-leader-80000-raspberry-mojito-peach-ice-strawberry-and-watermelon-kiwi-passion-fruit-guava\\\/\",\"url\":\"https:\\\/\\\/vozolvapen.de\\\/product\\\/puff-80k-bang-leader-80000-raspberry-mojito-peach-ice-strawberry-and-watermelon-kiwi-passion-fruit-guava\\\/\",\"name\":\"Puff 80k Bang Leader 80000: Mojito, Berries & Tropical Guava 3-in-1 Flavor - vozolvapen\",\"isPartOf\":{\"@id\":\"https:\\\/\\\/vozolvapen.de\\\/#website\"},\"primaryImageOfPage\":{\"@id\":\"https:\\\/\\\/vozolvapen.de\\\/product\\\/puff-80k-bang-leader-80000-raspberry-mojito-peach-ice-strawberry-and-watermelon-kiwi-passion-fruit-guava\\\/#primaryimage\"},\"image\":{\"@id\":\"https:\\\/\\\/vozolvapen.de\\\/product\\\/puff-80k-bang-leader-80000-raspberry-mojito-peach-ice-strawberry-and-watermelon-kiwi-passion-fruit-guava\\\/#primaryimage\"},\"thumbnailUrl\":\"https:\\\/\\\/vozolvapen.de\\\/wp-content\\\/uploads\\\/2025\\\/12\\\/Puff-80k-Bang-Leader-80000-raspberry-mojito-peach-ice-strawberry-and-watermelon-kiwi-passion-fruit-guava.jpg.webp\",\"datePublished\":\"2025-12-06T08:49:33+00:00\",\"dateModified\":\"2026-02-10T12:35:23+00:00\",\"description\":\"The Bang Leader 80000 Puffs Carnival Collection: Raspberry Mojito Peach Ice, Strawberry Watermelon, and Kiwi Passion Fruit Guava. Enjoy 3 unique flavors in one Puff 80k rechargeable device. Fast EU shipping.\",\"breadcrumb\":{\"@id\":\"https:\\\/\\\/vozolvapen.de\\\/product\\\/puff-80k-bang-leader-80000-raspberry-mojito-peach-ice-strawberry-and-watermelon-kiwi-passion-fruit-guava\\\/#breadcrumb\"},\"inLanguage\":\"fr-FR\",\"potentialAction\":[{\"@type\":\"ReadAction\",\"target\":[\"https:\\\/\\\/vozolvapen.de\\\/product\\\/puff-80k-bang-leader-80000-raspberry-mojito-peach-ice-strawberry-and-watermelon-kiwi-passion-fruit-guava\\\/\"]}]},{\"@type\":\"ImageObject\",\"inLanguage\":\"fr-FR\",\"@id\":\"https:\\\/\\\/vozolvapen.de\\\/product\\\/puff-80k-bang-leader-80000-raspberry-mojito-peach-ice-strawberry-and-watermelon-kiwi-passion-fruit-guava\\\/#primaryimage\",\"url\":\"https:\\\/\\\/vozolvapen.de\\\/wp-content\\\/uploads\\\/2025\\\/12\\\/Puff-80k-Bang-Leader-80000-raspberry-mojito-peach-ice-strawberry-and-watermelon-kiwi-passion-fruit-guava.jpg.webp\",\"contentUrl\":\"https:\\\/\\\/vozolvapen.de\\\/wp-content\\\/uploads\\\/2025\\\/12\\\/Puff-80k-Bang-Leader-80000-raspberry-mojito-peach-ice-strawberry-and-watermelon-kiwi-passion-fruit-guava.jpg.webp\",\"width\":1200,\"height\":1200,\"caption\":\"Puff 80k Bang Leader 80000 Raspberry Mojito Peach Ice Strawberry And Watermelon Kiwi Passion Fruit Guava.jpg Disposable\"},{\"@type\":\"BreadcrumbList\",\"@id\":\"https:\\\/\\\/vozolvapen.de\\\/product\\\/puff-80k-bang-leader-80000-raspberry-mojito-peach-ice-strawberry-and-watermelon-kiwi-passion-fruit-guava\\\/#breadcrumb\",\"itemListElement\":[{\"@type\":\"ListItem\",\"position\":1,\"name\":\"Home\",\"item\":\"https:\\\/\\\/vozolvapen.de\\\/de\\\/\"},{\"@type\":\"ListItem\",\"position\":2,\"name\":\"Shop\",\"item\":\"https:\\\/\\\/vozolvapen.de\\\/shop\\\/\"},{\"@type\":\"ListItem\",\"position\":3,\"name\":\"Puff 80k Bang Leader 80000 &#8211; Raspberry Mojito Peach Ice + Strawberry And Watermelon + Kiwi Passion Fruit Guava\"}]},{\"@type\":\"WebSite\",\"@id\":\"https:\\\/\\\/vozolvapen.de\\\/#website\",\"url\":\"https:\\\/\\\/vozolvapen.de\\\/\",\"name\":\"vozolvapen\",\"description\":\"vozolvapen\",\"publisher\":{\"@id\":\"https:\\\/\\\/vozolvapen.de\\\/#organization\"},\"potentialAction\":[{\"@type\":\"SearchAction\",\"target\":{\"@type\":\"EntryPoint\",\"urlTemplate\":\"https:\\\/\\\/vozolvapen.de\\\/?s={search_term_string}\"},\"query-input\":{\"@type\":\"PropertyValueSpecification\",\"valueRequired\":true,\"valueName\":\"search_term_string\"}}],\"inLanguage\":\"fr-FR\"},{\"@type\":\"Organization\",\"@id\":\"https:\\\/\\\/vozolvapen.de\\\/#organization\",\"name\":\"vozolvapen\",\"url\":\"https:\\\/\\\/vozolvapen.de\\\/\",\"logo\":{\"@type\":\"ImageObject\",\"inLanguage\":\"fr-FR\",\"@id\":\"https:\\\/\\\/vozolvapen.de\\\/#\\\/schema\\\/logo\\\/image\\\/\",\"url\":\"https:\\\/\\\/vozolvapen.de\\\/wp-content\\\/uploads\\\/2025\\\/12\\\/cropped-vozovapen-logo.webp\",\"contentUrl\":\"https:\\\/\\\/vozolvapen.de\\\/wp-content\\\/uploads\\\/2025\\\/12\\\/cropped-vozovapen-logo.webp\",\"width\":470,\"height\":110,\"caption\":\"vozolvapen\"},\"image\":{\"@id\":\"https:\\\/\\\/vozolvapen.de\\\/#\\\/schema\\\/logo\\\/image\\\/\"}}]}<\/script>\n<!-- \/ Yoast SEO Premium plugin. -->","yoast_head_json":{"title":"Puff 80k Bang Leader 80000 : Mojito, baies et goyave tropicale, saveur 3 en 1 - vozolvapen","description":"La collection Bang Leader 80000 Puffs Carnival : Mojito framboise-p\u00eache glac\u00e9e, fraise-past\u00e8que et kiwi-fruit de la passion-goyave. Profitez de 3 saveurs uniques dans un seul appareil rechargeable Puff 80k. Livraison rapide dans l'UE.","robots":{"index":"index","follow":"follow","max-snippet":"max-snippet:-1","max-image-preview":"max-image-preview:large","max-video-preview":"max-video-preview:-1"},"canonical":"https:\/\/vozolvapen.de\/fr\/product\/bouffee-80k-bang-leader-80000-framboise-mojito-peche-glace-fraise-et-pasteque-kiwi-fruit-de-la-passion-goyave\/","og_locale":"fr_FR","og_type":"article","og_title":"Puff 80k Bang Leader 80000 - Raspberry Mojito Peach Ice + Strawberry And Watermelon + Kiwi Passion Fruit Guava","og_description":"The Bang Leader 80000 Puffs Carnival Collection: Raspberry Mojito Peach Ice, Strawberry Watermelon, and Kiwi Passion Fruit Guava. Enjoy 3 unique flavors in one Puff 80k rechargeable device. Fast EU shipping.","og_url":"https:\/\/vozolvapen.de\/fr\/product\/bouffee-80k-bang-leader-80000-framboise-mojito-peche-glace-fraise-et-pasteque-kiwi-fruit-de-la-passion-goyave\/","og_site_name":"vozolvapen","article_modified_time":"2026-02-10T12:35:23+00:00","og_image":[{"width":1200,"height":1200,"url":"https:\/\/vozolvapen.de\/wp-content\/uploads\/2025\/12\/Puff-80k-Bang-Leader-80000-raspberry-mojito-peach-ice-strawberry-and-watermelon-kiwi-passion-fruit-guava.jpg.webp","type":"image\/webp"}],"twitter_card":"summary_large_image","twitter_misc":{"Dur\u00e9e de lecture estim\u00e9e":"2 minutes"},"schema":{"@context":"https:\/\/schema.org","@graph":[{"@type":"WebPage","@id":"https:\/\/vozolvapen.de\/product\/puff-80k-bang-leader-80000-raspberry-mojito-peach-ice-strawberry-and-watermelon-kiwi-passion-fruit-guava\/","url":"https:\/\/vozolvapen.de\/product\/puff-80k-bang-leader-80000-raspberry-mojito-peach-ice-strawberry-and-watermelon-kiwi-passion-fruit-guava\/","name":"Puff 80k Bang Leader 80000 : Mojito, baies et goyave tropicale, saveur 3 en 1 - vozolvapen","isPartOf":{"@id":"https:\/\/vozolvapen.de\/#website"},"primaryImageOfPage":{"@id":"https:\/\/vozolvapen.de\/product\/puff-80k-bang-leader-80000-raspberry-mojito-peach-ice-strawberry-and-watermelon-kiwi-passion-fruit-guava\/#primaryimage"},"image":{"@id":"https:\/\/vozolvapen.de\/product\/puff-80k-bang-leader-80000-raspberry-mojito-peach-ice-strawberry-and-watermelon-kiwi-passion-fruit-guava\/#primaryimage"},"thumbnailUrl":"https:\/\/vozolvapen.de\/wp-content\/uploads\/2025\/12\/Puff-80k-Bang-Leader-80000-raspberry-mojito-peach-ice-strawberry-and-watermelon-kiwi-passion-fruit-guava.jpg.webp","datePublished":"2025-12-06T08:49:33+00:00","dateModified":"2026-02-10T12:35:23+00:00","description":"La collection Bang Leader 80000 Puffs Carnival : Mojito framboise-p\u00eache glac\u00e9e, fraise-past\u00e8que et kiwi-fruit de la passion-goyave. Profitez de 3 saveurs uniques dans un seul appareil rechargeable Puff 80k. Livraison rapide dans l'UE.","breadcrumb":{"@id":"https:\/\/vozolvapen.de\/product\/puff-80k-bang-leader-80000-raspberry-mojito-peach-ice-strawberry-and-watermelon-kiwi-passion-fruit-guava\/#breadcrumb"},"inLanguage":"fr-FR","potentialAction":[{"@type":"ReadAction","target":["https:\/\/vozolvapen.de\/product\/puff-80k-bang-leader-80000-raspberry-mojito-peach-ice-strawberry-and-watermelon-kiwi-passion-fruit-guava\/"]}]},{"@type":"ImageObject","inLanguage":"fr-FR","@id":"https:\/\/vozolvapen.de\/product\/puff-80k-bang-leader-80000-raspberry-mojito-peach-ice-strawberry-and-watermelon-kiwi-passion-fruit-guava\/#primaryimage","url":"https:\/\/vozolvapen.de\/wp-content\/uploads\/2025\/12\/Puff-80k-Bang-Leader-80000-raspberry-mojito-peach-ice-strawberry-and-watermelon-kiwi-passion-fruit-guava.jpg.webp","contentUrl":"https:\/\/vozolvapen.de\/wp-content\/uploads\/2025\/12\/Puff-80k-Bang-Leader-80000-raspberry-mojito-peach-ice-strawberry-and-watermelon-kiwi-passion-fruit-guava.jpg.webp","width":1200,"height":1200,"caption":"Puff 80k Bang Leader 80000 Raspberry Mojito Peach Ice Strawberry And Watermelon Kiwi Passion Fruit Guava.jpg Disposable"},{"@type":"BreadcrumbList","@id":"https:\/\/vozolvapen.de\/product\/puff-80k-bang-leader-80000-raspberry-mojito-peach-ice-strawberry-and-watermelon-kiwi-passion-fruit-guava\/#breadcrumb","itemListElement":[{"@type":"ListItem","position":1,"name":"Home","item":"https:\/\/vozolvapen.de\/de\/"},{"@type":"ListItem","position":2,"name":"Shop","item":"https:\/\/vozolvapen.de\/shop\/"},{"@type":"ListItem","position":3,"name":"Puff 80k Bang Leader 80000 &#8211; Raspberry Mojito Peach Ice + Strawberry And Watermelon + Kiwi Passion Fruit Guava"}]},{"@type":"WebSite","@id":"https:\/\/vozolvapen.de\/#website","url":"https:\/\/vozolvapen.de\/","name":"vozolvapen","description":"vozolvapen","publisher":{"@id":"https:\/\/vozolvapen.de\/#organization"},"potentialAction":[{"@type":"SearchAction","target":{"@type":"EntryPoint","urlTemplate":"https:\/\/vozolvapen.de\/?s={search_term_string}"},"query-input":{"@type":"PropertyValueSpecification","valueRequired":true,"valueName":"search_term_string"}}],"inLanguage":"fr-FR"},{"@type":"Organization","@id":"https:\/\/vozolvapen.de\/#organization","name":"vozolvapen","url":"https:\/\/vozolvapen.de\/","logo":{"@type":"ImageObject","inLanguage":"fr-FR","@id":"https:\/\/vozolvapen.de\/#\/schema\/logo\/image\/","url":"https:\/\/vozolvapen.de\/wp-content\/uploads\/2025\/12\/cropped-vozovapen-logo.webp","contentUrl":"https:\/\/vozolvapen.de\/wp-content\/uploads\/2025\/12\/cropped-vozovapen-logo.webp","width":470,"height":110,"caption":"vozolvapen"},"image":{"@id":"https:\/\/vozolvapen.de\/#\/schema\/logo\/image\/"}}]}},"tiered_pricing_type":"fixed","tiered_pricing_fixed_rules":{"30":"11.7","50":"9.7","100":"8.7","200":"8.2"},"tiered_pricing_product_settings":{"layout":"default","base_unit_name":{"singular":null,"plural":null},"default_variation":{}},"tiered_pricing_minimum_quantity":10,"tiered_pricing_roles_data":[],"tiered_pricing_percentage_rules":[],"tiered_pricing_maximum_quantity":null,"tiered_pricing_quantity_step":"10","_links":{"self":[{"href":"https:\/\/vozolvapen.de\/fr\/wp-json\/wp\/v2\/product\/7867","targetHints":{"allow":["GET"]}}],"collection":[{"href":"https:\/\/vozolvapen.de\/fr\/wp-json\/wp\/v2\/product"}],"about":[{"href":"https:\/\/vozolvapen.de\/fr\/wp-json\/wp\/v2\/types\/product"}],"replies":[{"embeddable":true,"href":"https:\/\/vozolvapen.de\/fr\/wp-json\/wp\/v2\/comments?post=7867"}],"wp:featuredmedia":[{"embeddable":true,"href":"https:\/\/vozolvapen.de\/fr\/wp-json\/wp\/v2\/media\/7880"}],"wp:attachment":[{"href":"https:\/\/vozolvapen.de\/fr\/wp-json\/wp\/v2\/media?parent=7867"}],"wp:term":[{"taxonomy":"product_brand","embeddable":true,"href":"https:\/\/vozolvapen.de\/fr\/wp-json\/wp\/v2\/product_brand?post=7867"},{"taxonomy":"product_cat","embeddable":true,"href":"https:\/\/vozolvapen.de\/fr\/wp-json\/wp\/v2\/product_cat?post=7867"},{"taxonomy":"product_tag","embeddable":true,"href":"https:\/\/vozolvapen.de\/fr\/wp-json\/wp\/v2\/product_tag?post=7867"}],"curies":[{"name":"wp","href":"https:\/\/api.w.org\/{rel}","templated":true}]}}