{"id":22470,"date":"2025-12-11T08:00:34","date_gmt":"2025-12-11T08:00:34","guid":{"rendered":"https:\/\/vozolvapen.de\/?post_type=product&#038;p=22470"},"modified":"2026-02-10T12:39:37","modified_gmt":"2026-02-10T12:39:37","slug":"vozol-gear-50000-ice-ssweet-blue-razz-ice","status":"publish","type":"product","link":"https:\/\/vozolvapen.de\/it\/product\/vozol-gear-50000-ice-ssweet-blue-razz-ice\/","title":{"rendered":"VOZOL GEAR 50000 Ice &amp; Ssweet \u2013 Blue Razz Ice"},"content":{"rendered":"<h1><b>Ghiaccio blu Razz<\/b> \u2013 VOZOL GEAR 50000 <b>vozol 50k<\/b> Vaporizzatore usa e getta intelligente<\/h1>\n<p>Prova l'energia abbagliante di <b>Ghiaccio blu Razz<\/b>, la miscela perfetta di dolcezza elettrica e freschezza regolabile, offerta dall'innovativo <b>VOZOL GEAR 50000<\/b>. Questo <b>vozol vapes<\/b> Il dispositivo garantisce che ciascuno dei tuoi 50.000 tiri sia esattamente come piace a te.<\/p>\n<h2>Profilo aromatico<\/h2>\n<p>Questo gusto cattura l'intensa nota acidula dei lamponi blu, immediatamente seguita da un retrogusto dolce e da un finale potente e pulito di mentolo. Il profilo \u00e8 vivace, agrodolce e rinvigorente: una vera e propria scarica di energia sotto forma di vapore.<\/p>\n<h2>Guida alla personalizzazione<\/h2>\n<p>Blue Razz si gusta al meglio ben freddo. Utilizzare il <b>CONTROLLO DEL GHIACCIO<\/b> a <b>Livello 3 o 4<\/b> per un'esperienza quasi ghiacciata. Poich\u00e9 il sapore \u00e8 gi\u00e0 intenso, mantieni il <b>Livello dolce<\/b> a 1 per mantenere una naturale acidit\u00e0.<\/p>\n<h3>VOZOL GEAR 50000 Gusto \u2013 Blue Razz Ice<\/h3>\n<table data-path-to-node=\"5\">\n<thead>\n<tr>\n<td><strong>Caratteristica<\/strong><\/td>\n<td><strong>Valutazione<\/strong><\/td>\n<\/tr>\n<\/thead>\n<tbody>\n<tr>\n<td><span data-path-to-node=\"5,1,0,0\"><b>Dolcezza<\/b><\/span><\/td>\n<td><span data-path-to-node=\"5,1,1,0\">\u2605\u2605\u2605\u2605\u2606<\/span><\/td>\n<\/tr>\n<tr>\n<td><span data-path-to-node=\"5,2,0,0\"><b>Ghiacciato\/Freschezza<\/b><\/span><\/td>\n<td><span data-path-to-node=\"5,2,1,0\">\u2605\u2605\u2605\u2605\u2606<\/span><\/td>\n<\/tr>\n<tr>\n<td><span data-path-to-node=\"5,3,0,0\"><b>Aroma\/Complessit\u00e0<\/b><\/span><\/td>\n<td><span data-path-to-node=\"5,3,1,0\">\u2605\u2605\u2605\u2605\u2606<\/span><\/td>\n<\/tr>\n<tr>\n<td><span data-path-to-node=\"5,4,0,0\"><b>Note aromatiche primarie<\/b><\/span><\/td>\n<td><span data-path-to-node=\"5,4,1,0\">Frutto acidulo, dolce, alto contenuto di mentolo<\/span><\/td>\n<\/tr>\n<\/tbody>\n<\/table>\n<h3 data-path-to-node=\"2\">VOZOL GEAR 50000 Puffs \u2013 Specifiche tecniche<\/h3>\n<table data-path-to-node=\"4\">\n<thead>\n<tr>\n<td><strong>Caratteristica<\/strong><\/td>\n<td><strong>Specifiche<\/strong><\/td>\n<\/tr>\n<\/thead>\n<tbody>\n<tr>\n<td><span data-path-to-node=\"4,1,0,0\"><b>Nome del modello<\/b><\/span><\/td>\n<td><span data-path-to-node=\"4,1,1,0\"><b>VOZOL GEAR 50000<\/b><\/span><\/td>\n<\/tr>\n<tr>\n<td><span data-path-to-node=\"4,2,0,0\"><b>Conteggio dei puff<\/b><\/span><\/td>\n<td><span data-path-to-node=\"4,2,1,0\">Fino a <b>50,000 Puffs<\/b> (Durata ultra lunga)<\/span><\/td>\n<\/tr>\n<tr>\n<td><span data-path-to-node=\"4,3,0,0\"><b>Capacit\u00e0 del liquido elettronico<\/b><\/span><\/td>\n<td><span data-path-to-node=\"4,3,1,0\">25 ml di liquido preriempito<\/span><\/td>\n<\/tr>\n<tr>\n<td><span data-path-to-node=\"4,4,0,0\"><b>Concentrazione di nicotina<\/b><\/span><\/td>\n<td><span data-path-to-node=\"4,4,1,0\">5% (50 mg\/ml) Nicotina<\/span><\/td>\n<\/tr>\n<tr>\n<td><span data-path-to-node=\"4,5,0,0\"><b>Capacit\u00e0 della batteria<\/b><\/span><\/td>\n<td><span data-path-to-node=\"4,5,1,0\">Batteria integrata da 1100 mAh<\/span><\/td>\n<\/tr>\n<tr>\n<td><span data-path-to-node=\"4,6,0,0\"><b>Ricaricabilit\u00e0<\/b><\/span><\/td>\n<td><span data-path-to-node=\"4,6,1,0\">S\u00ec, porta di ricarica Type-C<\/span><\/td>\n<\/tr>\n<tr>\n<td><span data-path-to-node=\"4,7,0,0\"><b>Sistema a bobina<\/b><\/span><\/td>\n<td><span data-path-to-node=\"4,7,1,0\">Avanzato <b>Tripla bobina a maglia<\/b><\/span><\/td>\n<\/tr>\n<tr>\n<td><span data-path-to-node=\"4,8,0,0\"><b>Controllo intelligente<\/b><\/span><\/td>\n<td><span data-path-to-node=\"4,8,1,0\"><b>Controllo del ghiaccio e dello zucchero<\/b> (4 livelli ghiacciati \/ 2 livelli dolci)<\/span><\/td>\n<\/tr>\n<tr>\n<td><span data-path-to-node=\"4,9,0,0\"><b>Modalit\u00e0 di alimentazione<\/b><\/span><\/td>\n<td><span data-path-to-node=\"4,9,1,0\"><b>Doppia modalit\u00e0:<\/b> Modalit\u00e0 REGOLARE \/ Modalit\u00e0 SURGE<\/span><\/td>\n<\/tr>\n<tr>\n<td><span data-path-to-node=\"4,10,0,0\"><b>Display<\/b><\/span><\/td>\n<td><span data-path-to-node=\"4,10,1,0\">Schermo curvo 3D (indicatore batteria e liquido)<\/span><\/td>\n<\/tr>\n<tr>\n<td><span data-path-to-node=\"4,11,0,0\"><b>Progettazione<\/b><\/span><\/td>\n<td><span data-path-to-node=\"4,11,1,0\">Ergonomico, portatile, finitura di alta qualit\u00e0<\/span><\/td>\n<\/tr>\n<tr>\n<td><span data-path-to-node=\"4,12,0,0\"><b>Attivazione<\/b><\/span><\/td>\n<td><span data-path-to-node=\"4,12,1,0\">Attivato dal disegno<\/span><\/td>\n<\/tr>\n<tr>\n<td><span data-path-to-node=\"4,13,0,0\"><b>Conformit\u00e0<\/b><\/span><\/td>\n<td><span data-path-to-node=\"4,13,1,0\">Conforme alle normative CE e ROHS<\/span><\/td>\n<\/tr>\n<\/tbody>\n<\/table>\n<h3 dir=\"auto\">Ecco ulteriori consigli per te:<\/h3>\n<p dir=\"auto\">Scopri sapori ancora pi\u00f9 incredibili con la sigaretta elettronica VOZOL GEAR 50000 Puff!<\/p>\n<p dir=\"auto\"><a href=\"https:\/\/vozolvapen.de\/it\/product-category\/vaporizzatore-vozol\/vozol-gear-50000-vape-ice-sweet\/\">Visualizza tutte le variet\u00e0 qui \u2192<\/a><\/p>\n<p dir=\"auto\">Esplora la nostra collezione completa e acquista le migliori marche di sigarette elettroniche che ti piaceranno.<\/p>\n<p dir=\"auto\"><a href=\"https:\/\/vozolvapen.de\/it\/\">Sfoglia tutti i marchi ora \u2192<\/a><\/p>\n<p dir=\"auto\">Scopri la serie completa VOZOL Vape: tutti i gusti, tutti gli stili!<\/p>\n<p dir=\"auto\"><a href=\"https:\/\/vozolvapen.de\/it\/product-category\/vaporizzatore-vozol\/\">Scopri l'intera collezione VOZOL Vape \u2192<\/a><\/p>","protected":false},"excerpt":{"rendered":"<p><span data-path-to-node=\"3,1,2,0\">Prova l'emozione elettrizzante delle note aspre del lampone blu e delle caramelle dolci, rinfrescate dall'intenso mentolo personalizzabile nel <b>VOZOL GEAR 50000<\/b>.<\/span><\/p>","protected":false},"featured_media":23058,"comment_status":"open","ping_status":"closed","template":"","meta":{"_acf_changed":false},"product_brand":[],"product_cat":[134,74],"product_tag":[],"class_list":{"0":"post-22470","1":"product","2":"type-product","3":"status-publish","4":"has-post-thumbnail","6":"product_cat-eu-warehouse-in-stock","7":"product_cat-vozol-gear-50000-vape-ice-sweet","9":"first","10":"instock","11":"shipping-taxable","12":"purchasable","13":"product-type-variable"},"acf":[],"yoast_head":"<!-- This site is optimized with the Yoast SEO Premium plugin v26.1 (Yoast SEO v27.5) - https:\/\/yoast.com\/product\/yoast-seo-premium-wordpress\/ -->\n<title>Blue Razz Ice VOZOL GEAR 50000 - vozolvapen<\/title>\n<meta name=\"description\" content=\"Shop Blue Razz Ice VOZOL GEAR 50000. Customize your sweet and ice levels for a personalized 50,000 puff experience with vozol 50k. Fast EU delivery.\" \/>\n<meta name=\"robots\" content=\"index, follow, max-snippet:-1, max-image-preview:large, max-video-preview:-1\" \/>\n<link rel=\"canonical\" href=\"https:\/\/vozolvapen.de\/it\/product\/vozol-gear-50000-ice-ssweet-blue-razz-ice\/\" \/>\n<meta property=\"og:locale\" content=\"it_IT\" \/>\n<meta property=\"og:type\" content=\"article\" \/>\n<meta property=\"og:title\" content=\"VOZOL GEAR 50000 Ice &amp; Ssweet - Blue Razz Ice\" \/>\n<meta property=\"og:description\" content=\"Shop Blue Razz Ice VOZOL GEAR 50000. Customize your sweet and ice levels for a personalized 50,000 puff experience with vozol 50k. Fast EU delivery.\" \/>\n<meta property=\"og:url\" content=\"https:\/\/vozolvapen.de\/it\/product\/vozol-gear-50000-ice-ssweet-blue-razz-ice\/\" \/>\n<meta property=\"og:site_name\" content=\"vozolvapen\" \/>\n<meta property=\"article:modified_time\" content=\"2026-02-10T12:39:37+00:00\" \/>\n<meta property=\"og:image\" content=\"https:\/\/vozolvapen.de\/wp-content\/uploads\/2025\/12\/VOZOL-GEAR-50000-Ice-Ssweet-Blue-Razz-Ice.webp\" \/>\n\t<meta property=\"og:image:width\" content=\"1080\" \/>\n\t<meta property=\"og:image:height\" content=\"1081\" \/>\n\t<meta property=\"og:image:type\" content=\"image\/webp\" \/>\n<meta name=\"twitter:card\" content=\"summary_large_image\" \/>\n<meta name=\"twitter:label1\" content=\"Tempo di lettura stimato\" \/>\n\t<meta name=\"twitter:data1\" content=\"2 minuti\" \/>\n<script type=\"application\/ld+json\" class=\"yoast-schema-graph\">{\"@context\":\"https:\\\/\\\/schema.org\",\"@graph\":[{\"@type\":\"WebPage\",\"@id\":\"https:\\\/\\\/vozolvapen.de\\\/product\\\/vozol-gear-50000-ice-ssweet-blue-razz-ice\\\/\",\"url\":\"https:\\\/\\\/vozolvapen.de\\\/product\\\/vozol-gear-50000-ice-ssweet-blue-razz-ice\\\/\",\"name\":\"Blue Razz Ice VOZOL GEAR 50000 - vozolvapen\",\"isPartOf\":{\"@id\":\"https:\\\/\\\/vozolvapen.de\\\/#website\"},\"primaryImageOfPage\":{\"@id\":\"https:\\\/\\\/vozolvapen.de\\\/product\\\/vozol-gear-50000-ice-ssweet-blue-razz-ice\\\/#primaryimage\"},\"image\":{\"@id\":\"https:\\\/\\\/vozolvapen.de\\\/product\\\/vozol-gear-50000-ice-ssweet-blue-razz-ice\\\/#primaryimage\"},\"thumbnailUrl\":\"https:\\\/\\\/vozolvapen.de\\\/wp-content\\\/uploads\\\/2025\\\/12\\\/VOZOL-GEAR-50000-Ice-Ssweet-Blue-Razz-Ice.webp\",\"datePublished\":\"2025-12-11T08:00:34+00:00\",\"dateModified\":\"2026-02-10T12:39:37+00:00\",\"description\":\"Shop Blue Razz Ice VOZOL GEAR 50000. Customize your sweet and ice levels for a personalized 50,000 puff experience with vozol 50k. Fast EU delivery.\",\"breadcrumb\":{\"@id\":\"https:\\\/\\\/vozolvapen.de\\\/product\\\/vozol-gear-50000-ice-ssweet-blue-razz-ice\\\/#breadcrumb\"},\"inLanguage\":\"it-IT\",\"potentialAction\":[{\"@type\":\"ReadAction\",\"target\":[\"https:\\\/\\\/vozolvapen.de\\\/product\\\/vozol-gear-50000-ice-ssweet-blue-razz-ice\\\/\"]}]},{\"@type\":\"ImageObject\",\"inLanguage\":\"it-IT\",\"@id\":\"https:\\\/\\\/vozolvapen.de\\\/product\\\/vozol-gear-50000-ice-ssweet-blue-razz-ice\\\/#primaryimage\",\"url\":\"https:\\\/\\\/vozolvapen.de\\\/wp-content\\\/uploads\\\/2025\\\/12\\\/VOZOL-GEAR-50000-Ice-Ssweet-Blue-Razz-Ice.webp\",\"contentUrl\":\"https:\\\/\\\/vozolvapen.de\\\/wp-content\\\/uploads\\\/2025\\\/12\\\/VOZOL-GEAR-50000-Ice-Ssweet-Blue-Razz-Ice.webp\",\"width\":1080,\"height\":1081,\"caption\":\"Vozol Gear 50000 Ice Ssweet Blue Razz Disposable Vape Device\"},{\"@type\":\"BreadcrumbList\",\"@id\":\"https:\\\/\\\/vozolvapen.de\\\/product\\\/vozol-gear-50000-ice-ssweet-blue-razz-ice\\\/#breadcrumb\",\"itemListElement\":[{\"@type\":\"ListItem\",\"position\":1,\"name\":\"Home\",\"item\":\"https:\\\/\\\/vozolvapen.de\\\/de\\\/\"},{\"@type\":\"ListItem\",\"position\":2,\"name\":\"Shop\",\"item\":\"https:\\\/\\\/vozolvapen.de\\\/shop\\\/\"},{\"@type\":\"ListItem\",\"position\":3,\"name\":\"VOZOL GEAR 50000 Ice &#038; Ssweet &#8211; Blue Razz Ice\"}]},{\"@type\":\"WebSite\",\"@id\":\"https:\\\/\\\/vozolvapen.de\\\/#website\",\"url\":\"https:\\\/\\\/vozolvapen.de\\\/\",\"name\":\"vozolvapen\",\"description\":\"vozolvapen\",\"publisher\":{\"@id\":\"https:\\\/\\\/vozolvapen.de\\\/#organization\"},\"potentialAction\":[{\"@type\":\"SearchAction\",\"target\":{\"@type\":\"EntryPoint\",\"urlTemplate\":\"https:\\\/\\\/vozolvapen.de\\\/?s={search_term_string}\"},\"query-input\":{\"@type\":\"PropertyValueSpecification\",\"valueRequired\":true,\"valueName\":\"search_term_string\"}}],\"inLanguage\":\"it-IT\"},{\"@type\":\"Organization\",\"@id\":\"https:\\\/\\\/vozolvapen.de\\\/#organization\",\"name\":\"vozolvapen\",\"url\":\"https:\\\/\\\/vozolvapen.de\\\/\",\"logo\":{\"@type\":\"ImageObject\",\"inLanguage\":\"it-IT\",\"@id\":\"https:\\\/\\\/vozolvapen.de\\\/#\\\/schema\\\/logo\\\/image\\\/\",\"url\":\"https:\\\/\\\/vozolvapen.de\\\/wp-content\\\/uploads\\\/2025\\\/12\\\/cropped-vozovapen-logo.webp\",\"contentUrl\":\"https:\\\/\\\/vozolvapen.de\\\/wp-content\\\/uploads\\\/2025\\\/12\\\/cropped-vozovapen-logo.webp\",\"width\":470,\"height\":110,\"caption\":\"vozolvapen\"},\"image\":{\"@id\":\"https:\\\/\\\/vozolvapen.de\\\/#\\\/schema\\\/logo\\\/image\\\/\"}}]}<\/script>\n<!-- \/ Yoast SEO Premium plugin. -->","yoast_head_json":{"title":"Blue Razz Ice VOZOL GEAR 50000 - vozolvapen","description":"Acquista Blue Razz Ice VOZOL GEAR 50000. Personalizza i livelli di dolcezza e ghiaccio per un'esperienza personalizzata da 50k Puffs con vozol 50k. Consegna rapida nell'UE.","robots":{"index":"index","follow":"follow","max-snippet":"max-snippet:-1","max-image-preview":"max-image-preview:large","max-video-preview":"max-video-preview:-1"},"canonical":"https:\/\/vozolvapen.de\/it\/product\/vozol-gear-50000-ice-ssweet-blue-razz-ice\/","og_locale":"it_IT","og_type":"article","og_title":"VOZOL GEAR 50000 Ice & Ssweet - Blue Razz Ice","og_description":"Shop Blue Razz Ice VOZOL GEAR 50000. Customize your sweet and ice levels for a personalized 50,000 puff experience with vozol 50k. Fast EU delivery.","og_url":"https:\/\/vozolvapen.de\/it\/product\/vozol-gear-50000-ice-ssweet-blue-razz-ice\/","og_site_name":"vozolvapen","article_modified_time":"2026-02-10T12:39:37+00:00","og_image":[{"width":1080,"height":1081,"url":"https:\/\/vozolvapen.de\/wp-content\/uploads\/2025\/12\/VOZOL-GEAR-50000-Ice-Ssweet-Blue-Razz-Ice.webp","type":"image\/webp"}],"twitter_card":"summary_large_image","twitter_misc":{"Tempo di lettura stimato":"2 minuti"},"schema":{"@context":"https:\/\/schema.org","@graph":[{"@type":"WebPage","@id":"https:\/\/vozolvapen.de\/product\/vozol-gear-50000-ice-ssweet-blue-razz-ice\/","url":"https:\/\/vozolvapen.de\/product\/vozol-gear-50000-ice-ssweet-blue-razz-ice\/","name":"Blue Razz Ice VOZOL GEAR 50000 - vozolvapen","isPartOf":{"@id":"https:\/\/vozolvapen.de\/#website"},"primaryImageOfPage":{"@id":"https:\/\/vozolvapen.de\/product\/vozol-gear-50000-ice-ssweet-blue-razz-ice\/#primaryimage"},"image":{"@id":"https:\/\/vozolvapen.de\/product\/vozol-gear-50000-ice-ssweet-blue-razz-ice\/#primaryimage"},"thumbnailUrl":"https:\/\/vozolvapen.de\/wp-content\/uploads\/2025\/12\/VOZOL-GEAR-50000-Ice-Ssweet-Blue-Razz-Ice.webp","datePublished":"2025-12-11T08:00:34+00:00","dateModified":"2026-02-10T12:39:37+00:00","description":"Acquista Blue Razz Ice VOZOL GEAR 50000. Personalizza i livelli di dolcezza e ghiaccio per un'esperienza personalizzata da 50k Puffs con vozol 50k. Consegna rapida nell'UE.","breadcrumb":{"@id":"https:\/\/vozolvapen.de\/product\/vozol-gear-50000-ice-ssweet-blue-razz-ice\/#breadcrumb"},"inLanguage":"it-IT","potentialAction":[{"@type":"ReadAction","target":["https:\/\/vozolvapen.de\/product\/vozol-gear-50000-ice-ssweet-blue-razz-ice\/"]}]},{"@type":"ImageObject","inLanguage":"it-IT","@id":"https:\/\/vozolvapen.de\/product\/vozol-gear-50000-ice-ssweet-blue-razz-ice\/#primaryimage","url":"https:\/\/vozolvapen.de\/wp-content\/uploads\/2025\/12\/VOZOL-GEAR-50000-Ice-Ssweet-Blue-Razz-Ice.webp","contentUrl":"https:\/\/vozolvapen.de\/wp-content\/uploads\/2025\/12\/VOZOL-GEAR-50000-Ice-Ssweet-Blue-Razz-Ice.webp","width":1080,"height":1081,"caption":"Vozol Gear 50000 Ice Ssweet Blue Razz Disposable Vape Device"},{"@type":"BreadcrumbList","@id":"https:\/\/vozolvapen.de\/product\/vozol-gear-50000-ice-ssweet-blue-razz-ice\/#breadcrumb","itemListElement":[{"@type":"ListItem","position":1,"name":"Home","item":"https:\/\/vozolvapen.de\/de\/"},{"@type":"ListItem","position":2,"name":"Shop","item":"https:\/\/vozolvapen.de\/shop\/"},{"@type":"ListItem","position":3,"name":"VOZOL GEAR 50000 Ice &#038; Ssweet &#8211; Blue Razz Ice"}]},{"@type":"WebSite","@id":"https:\/\/vozolvapen.de\/#website","url":"https:\/\/vozolvapen.de\/","name":"vozolvapen","description":"vozolvapen","publisher":{"@id":"https:\/\/vozolvapen.de\/#organization"},"potentialAction":[{"@type":"SearchAction","target":{"@type":"EntryPoint","urlTemplate":"https:\/\/vozolvapen.de\/?s={search_term_string}"},"query-input":{"@type":"PropertyValueSpecification","valueRequired":true,"valueName":"search_term_string"}}],"inLanguage":"it-IT"},{"@type":"Organization","@id":"https:\/\/vozolvapen.de\/#organization","name":"vozolvapen","url":"https:\/\/vozolvapen.de\/","logo":{"@type":"ImageObject","inLanguage":"it-IT","@id":"https:\/\/vozolvapen.de\/#\/schema\/logo\/image\/","url":"https:\/\/vozolvapen.de\/wp-content\/uploads\/2025\/12\/cropped-vozovapen-logo.webp","contentUrl":"https:\/\/vozolvapen.de\/wp-content\/uploads\/2025\/12\/cropped-vozovapen-logo.webp","width":470,"height":110,"caption":"vozolvapen"},"image":{"@id":"https:\/\/vozolvapen.de\/#\/schema\/logo\/image\/"}}]}},"tiered_pricing_type":"fixed","tiered_pricing_fixed_rules":{"30":"14.24","50":"11.74","100":"11.24","200":"10.24"},"tiered_pricing_product_settings":{"layout":"default","base_unit_name":{"singular":null,"plural":null},"default_variation":null},"tiered_pricing_minimum_quantity":10,"tiered_pricing_roles_data":[],"tiered_pricing_percentage_rules":[],"tiered_pricing_maximum_quantity":null,"tiered_pricing_quantity_step":"10","_links":{"self":[{"href":"https:\/\/vozolvapen.de\/it\/wp-json\/wp\/v2\/product\/22470","targetHints":{"allow":["GET"]}}],"collection":[{"href":"https:\/\/vozolvapen.de\/it\/wp-json\/wp\/v2\/product"}],"about":[{"href":"https:\/\/vozolvapen.de\/it\/wp-json\/wp\/v2\/types\/product"}],"replies":[{"embeddable":true,"href":"https:\/\/vozolvapen.de\/it\/wp-json\/wp\/v2\/comments?post=22470"}],"wp:featuredmedia":[{"embeddable":true,"href":"https:\/\/vozolvapen.de\/it\/wp-json\/wp\/v2\/media\/23058"}],"wp:attachment":[{"href":"https:\/\/vozolvapen.de\/it\/wp-json\/wp\/v2\/media?parent=22470"}],"wp:term":[{"taxonomy":"product_brand","embeddable":true,"href":"https:\/\/vozolvapen.de\/it\/wp-json\/wp\/v2\/product_brand?post=22470"},{"taxonomy":"product_cat","embeddable":true,"href":"https:\/\/vozolvapen.de\/it\/wp-json\/wp\/v2\/product_cat?post=22470"},{"taxonomy":"product_tag","embeddable":true,"href":"https:\/\/vozolvapen.de\/it\/wp-json\/wp\/v2\/product_tag?post=22470"}],"curies":[{"name":"wp","href":"https:\/\/api.w.org\/{rel}","templated":true}]}}