{"id":40263,"date":"2025-12-22T09:29:27","date_gmt":"2025-12-22T09:29:27","guid":{"rendered":"https:\/\/vozolvapen.de\/?post_type=product&#038;p=40263"},"modified":"2026-02-10T11:02:08","modified_gmt":"2026-02-10T11:02:08","slug":"al-fakher-15000-ice-adjust-lemon-lime-cherry-fizz","status":"publish","type":"product","link":"https:\/\/vozolvapen.de\/it\/product\/al-fakher-15000-ice-adjust-lemon-lime-cherry-fizz\/","title":{"rendered":"Al Fakher 15000 Ice Adjust \u2013 Limone, lime e ciliegia frizzante"},"content":{"rendered":"<h1 data-path-to-node=\"30\">Al Fakher 15000 Ice Adjust \u2013 Limone, lime e ciliegia frizzante<\/h1>\n<p data-path-to-node=\"31\">La perfezione delle bevande gassate. <b data-path-to-node=\"31\" data-index-in-node=\"27\">Limone, lime e ciliegia frizzante<\/b> prende il duo agrumato e aggiunge un tocco di ciliegia scura dolce con una sensazione \u201cfrizzante\u201d di soda. \u00c8 un capolavoro complesso, ispirato alle bevande.<\/p>\n<h2 data-path-to-node=\"32\"><b data-path-to-node=\"32\" data-index-in-node=\"0\">Valutazioni del gusto \u2013 Limone, lime e ciliegia frizzante<\/b><\/h2>\n<ul data-path-to-node=\"33\">\n<li>\n<p data-path-to-node=\"33,0,0\"><b data-path-to-node=\"33,0,0\" data-index-in-node=\"0\">Dolcezza:<\/b> \u2605\u2605\u2605\u2605\u2606<\/p>\n<\/li>\n<li>\n<p data-path-to-node=\"33,1,0\"><b data-path-to-node=\"33,1,0\" data-index-in-node=\"0\">Livello del ghiaccio:<\/b> \u2605\u2605\u2605\u2606\u2606 (Regolabile)<\/p>\n<\/li>\n<li>\n<p data-path-to-node=\"33,2,0\"><b data-path-to-node=\"33,2,0\" data-index-in-node=\"0\">Aroma:<\/b> \u2605\u2605\u2605\u2605\u2605<\/p>\n<\/li>\n<li>\n<p data-path-to-node=\"33,3,0\"><b data-path-to-node=\"33,3,0\" data-index-in-node=\"0\">Verdetto sul gusto:<\/b> Frizzante e audace. La ciliegia aggiunge una dolcezza intensa che bilancia perfettamente la base pungente di limone e lime.<\/p>\n<\/li>\n<\/ul>\n<h2 data-path-to-node=\"34\"><b data-path-to-node=\"34\" data-index-in-node=\"0\">A chi \u00e8 rivolto?<\/b><\/h2>\n<ul data-path-to-node=\"35\">\n<li>\n<p data-path-to-node=\"35,0,0\"><b data-path-to-node=\"35,0,0\" data-index-in-node=\"0\">Appassionati di bibite gassate:<\/b> Per chi ama i vaporizzatori in stile bevanda con una sensazione gassata.<\/p>\n<\/li>\n<li>\n<p data-path-to-node=\"35,1,0\"><b data-path-to-node=\"35,1,0\" data-index-in-node=\"0\">Il vaper avventuroso:<\/b> Per chi cerca un gusto complesso e in continua evoluzione.<\/p>\n<\/li>\n<li>\n<p data-path-to-node=\"35,2,0\"><b data-path-to-node=\"35,2,0\" data-index-in-node=\"0\">Social Vapers:<\/b> L'aroma \u00e8 incredibilmente piacevole e ricorda quello della cola alla ciliegia.<\/p>\n<\/li>\n<\/ul>\n<h3 data-path-to-node=\"95\">Specifiche tecniche \u2013 AL Fakher 15000 Ice Adjust<\/h3>\n<ul>\n<li data-path-to-node=\"96,0,0\"><b data-path-to-node=\"96,0,0\" data-index-in-node=\"0\">Capacit\u00e0:<\/b> 22 ml di liquido per sigarette elettroniche preriempito<\/li>\n<li data-path-to-node=\"96,1,0\"><b data-path-to-node=\"96,1,0\" data-index-in-node=\"0\">Sbuffi:<\/b> Fino a 15.000<\/li>\n<li data-path-to-node=\"96,2,0\"><b data-path-to-node=\"96,2,0\" data-index-in-node=\"0\">Batteria:<\/b> 850 mAh (ricaricabile Type-C)<\/li>\n<li data-path-to-node=\"96,3,0\"><b data-path-to-node=\"96,3,0\" data-index-in-node=\"0\">Display:<\/b> Schermo digitale intelligente (indicatori di liquido e batteria)<\/li>\n<li data-path-to-node=\"96,4,0\"><b data-path-to-node=\"96,4,0\" data-index-in-node=\"0\">Caratteristiche:<\/b> <b data-path-to-node=\"96,4,0\" data-index-in-node=\"10\">Cursore di regolazione del ghiaccio<\/b> &amp; Pulsante di regolazione del suono<\/li>\n<li data-path-to-node=\"96,5,0\"><b data-path-to-node=\"96,5,0\" data-index-in-node=\"0\">Bobina:<\/b> 0,65 ohm Dual Mesh (ottimizzato DTL)<\/li>\n<li data-path-to-node=\"96,6,0\"><b data-path-to-node=\"96,6,0\" data-index-in-node=\"0\">Nicotina:<\/b> 0,51 TP3T (5 mg\/ml) a basso contenuto di nicotina, stile shisha<\/li>\n<li data-path-to-node=\"96,7,0\"><b data-path-to-node=\"96,7,0\" data-index-in-node=\"0\">Spedizione:<\/b> Magazzino europeo (1-3 giorni)<\/li>\n<\/ul>\n<h3 data-path-to-node=\"97\">A chi \u00e8 destinato Al Fakher 15000 Ice Adjust?<\/h3>\n<ul>\n<li data-path-to-node=\"98,0,0\"><b data-path-to-node=\"98,0,0\" data-index-in-node=\"0\">Il maniaco del controllo:<\/b> Se vuoi decidere esattamente quanto deve essere freddo il tuo vaporizzatore per ogni boccata, il <b data-path-to-node=\"98,0,0\" data-index-in-node=\"91\">Ice Adjust<\/b> Questa funzione \u00e8 la tua nuova migliore amica.<\/li>\n<li data-path-to-node=\"98,1,0\"><b data-path-to-node=\"98,1,0\" data-index-in-node=\"0\">L'artista delle nuvole:<\/b> Coloro che amano le nuvole dense e aromatiche dello svapo DTL (Direct-to-Lung) con una nicotina morbida 0,5%.<\/li>\n<li data-path-to-node=\"98,2,0\"><b data-path-to-node=\"98,2,0\" data-index-in-node=\"0\">L'esperto di efficienza:<\/b> I vapers che desiderano un numero elevato di 15.000 boccate che rimangono costanti grazie alla doppia bobina mesh.<\/li>\n<\/ul>\n<h3 data-path-to-node=\"147\"><b data-path-to-node=\"147\" data-index-in-node=\"0\">Ecco ulteriori consigli per te:<\/b><\/h3>\n<p data-path-to-node=\"148\">Scopri altri incredibili aromi con Al Fakher 15000 Ice Adjust<b data-path-to-node=\"148\" data-index-in-node=\"47\">\u00a0Puffs Vape<\/b>!<\/p>\n<p data-path-to-node=\"149\"><a class=\"ng-star-inserted\" href=\"https:\/\/vozolvapen.de\/it\/product-category\/al-fakher\/al-fakher-15000-boccate-ice-adjust\/\" target=\"_blank\" rel=\"noopener\" data-hveid=\"0\" data-ved=\"0CAAQ_4QMahgKEwirptGFztCRAxUAAAAAHQAAAAAQqgI\">Visualizza tutte le variet\u00e0 qui \u2192<\/a><\/p>\n<p data-path-to-node=\"150\">Esplora la nostra collezione completa e acquista le migliori marche di sigarette elettroniche che ti piaceranno.<\/p>\n<p data-path-to-node=\"151\"><a class=\"ng-star-inserted\" href=\"https:\/\/vozolvapen.de\/it\/\" target=\"_blank\" rel=\"noopener\" data-hveid=\"0\" data-ved=\"0CAAQ_4QMahgKEwirptGFztCRAxUAAAAAHQAAAAAQqwI\">Sfoglia tutti i marchi ora \u2192<\/a><\/p>\n<p data-path-to-node=\"152\">Dai un'occhiata alla versione completa\u00a0<strong>Serie AL Fakher<\/strong>\u00a0\u2014 ogni gusto, ogni stile!<\/p>\n<p data-path-to-node=\"153\"><a class=\"ng-star-inserted\" href=\"https:\/\/vozolvapen.de\/it\/product-category\/al-fakher\/\" target=\"_blank\" rel=\"noopener\" data-hveid=\"0\" data-ved=\"0CAAQ_4QMahgKEwirptGFztCRAxUAAAAAHQAAAAAQrAI\">Scopri l'intera collezione Bang Vape \u2192<\/a><\/p>\n<h2 data-path-to-node=\"106\">Domande frequenti (FAQ) \u2013 Al Fakher 15000 Ice Adjust<\/h2>\n<h3 data-path-to-node=\"107\"><b data-path-to-node=\"107\" data-index-in-node=\"0\">1. Quanto durer\u00e0 effettivamente l'Al Fakher 15k?<\/b><\/h3>\n<p data-path-to-node=\"107\"><span class=\"citation-23\">Il <\/span><b data-path-to-node=\"107\" data-index-in-node=\"57\"><span class=\"citation-23\">Al Fakher 15000<\/span><\/b><span class=\"citation-23 citation-end-23\"> \u00e8 costruito per garantire una longevit\u00e0 estrema.<\/span> Con <b data-path-to-node=\"107\" data-index-in-node=\"110\">22 ml<\/b> di liquido, la maggior parte degli utenti quotidiani otterr\u00e0 <b data-path-to-node=\"107\" data-index-in-node=\"152\">Da 3 a 4 settimane<\/b> di vapore di alta qualit\u00e0. Lo schermo intelligente ti avviser\u00e0 quando il liquido sta per esaurirsi.<\/p>\n<h3 data-path-to-node=\"108\"><b data-path-to-node=\"108\" data-index-in-node=\"0\">2. Come funziona la funzione \u201cIce Adjust\u201d?<\/b><\/h3>\n<p data-path-to-node=\"108\">Sul dispositivo \u00e8 presente un cursore meccanico. Muovendolo, \u00e8 possibile controllare il flusso d'aria e l'intensit\u00e0 dell'agente refrigerante. <b data-path-to-node=\"108\" data-index-in-node=\"165\">Impostazione 0<\/b> dona un sapore puro e caldo; <b data-path-to-node=\"108\" data-index-in-node=\"203\">Impostazione 5<\/b> provoca un intenso congelamento artico.<\/p>\n<h3 data-path-to-node=\"109\"><b data-path-to-node=\"109\" data-index-in-node=\"0\">3. Questo prodotto \u00e8 autentico?<\/b><\/h3>\n<p data-path-to-node=\"109\">S\u00ec. Acquistiamo solo prodotti originali 100%. <b data-path-to-node=\"109\" data-index-in-node=\"63\">Al Fakher Vape<\/b> prodotti direttamente dal produttore ufficiale. Ogni dispositivo include un codice di sicurezza verificabile.<\/p>\n<h3 data-path-to-node=\"110\"><b data-path-to-node=\"110\" data-index-in-node=\"0\">4. Quanto \u00e8 veloce la spedizione in Europa?<\/b><\/h3>\n<p data-path-to-node=\"110\">Spediamo dal nostro <b data-path-to-node=\"110\" data-index-in-node=\"56\">Magazzino europeo<\/b>.<\/p>\n<ul data-path-to-node=\"111\">\n<li>\n<p data-path-to-node=\"111,0,0\"><b data-path-to-node=\"111,0,0\" data-index-in-node=\"0\">Germania:<\/b> 1-2 giorni lavorativi.<\/p>\n<\/li>\n<li>\n<p data-path-to-node=\"111,1,0\"><b data-path-to-node=\"111,1,0\" data-index-in-node=\"0\">Resto dell'UE:<\/b> 2-3 giorni lavorativi. Nessuna tassa doganale o ritardi.<\/p>\n<\/li>\n<\/ul>\n<h3 data-path-to-node=\"112\"><b data-path-to-node=\"112\" data-index-in-node=\"0\">5. Perch\u00e9 contiene solo 0,51 TP3T di nicotina?<\/b><\/h3>\n<p data-path-to-node=\"112\"><span class=\"citation-22\">Il <\/span><b data-path-to-node=\"112\" data-index-in-node=\"37\"><span class=\"citation-22\">Al Fakher 15000<\/span><\/b><span class=\"citation-22\"> \u00e8 progettato per <\/span><b data-path-to-node=\"112\" data-index-in-node=\"69\"><span class=\"citation-22\">Vaporizzazione in stile shisha<\/span><\/b><span class=\"citation-22 citation-end-22\">.<\/span> Il basso contenuto di nicotina (5 mg\/ml) consente di ottenere nuvole molto pi\u00f9 grandi e morbide e un'esperienza di gusto migliore senza il forte impatto sulla gola dei sali ad alto contenuto di nicotina.<\/p>","protected":false},"excerpt":{"rendered":"<p>La perfezione delle bibite gassate. Il gusto pungente degli agrumi incontra quello della ciliegia scura con una sensazione frizzante. Controlla il tuo relax con il cursore Al Fakher 15k Ice Adjust.<\/p>","protected":false},"featured_media":41254,"comment_status":"open","ping_status":"closed","template":"","meta":{"_acf_changed":false},"product_brand":[],"product_cat":[93,134],"product_tag":[],"class_list":{"0":"post-40263","1":"product","2":"type-product","3":"status-publish","4":"has-post-thumbnail","6":"product_cat-al-fakher-15000-puffs-ice-adjust","7":"product_cat-eu-warehouse-in-stock","9":"first","10":"instock","11":"shipping-taxable","12":"purchasable","13":"product-type-variable"},"acf":[],"yoast_head":"<!-- This site is optimized with the Yoast SEO Premium plugin v26.1 (Yoast SEO v27.5) - https:\/\/yoast.com\/product\/yoast-seo-premium-wordpress\/ -->\n<title>Cherry Fizz - AL Fakher 15000 Ice Adjust - vozolvapen<\/title>\n<meta name=\"description\" content=\"Sparkling Cherry Fizz AL Fakher 15000 Ice Adjust. 8000 puffs of bubbly soda flavor. Authentic Al Fakher quality shipped from Germany.\" \/>\n<meta name=\"robots\" content=\"index, follow, max-snippet:-1, max-image-preview:large, max-video-preview:-1\" \/>\n<link rel=\"canonical\" href=\"https:\/\/vozolvapen.de\/it\/product\/al-fakher-15000-ice-adjust-lemon-lime-cherry-fizz\/\" \/>\n<meta property=\"og:locale\" content=\"it_IT\" \/>\n<meta property=\"og:type\" content=\"article\" \/>\n<meta property=\"og:title\" content=\"Al Fakher 15000 Ice Adjust - Lemon Lime Cherry Fizz\" \/>\n<meta property=\"og:description\" content=\"Sparkling Cherry Fizz AL Fakher 15000 Ice Adjust. 8000 puffs of bubbly soda flavor. Authentic Al Fakher quality shipped from Germany.\" \/>\n<meta property=\"og:url\" content=\"https:\/\/vozolvapen.de\/it\/product\/al-fakher-15000-ice-adjust-lemon-lime-cherry-fizz\/\" \/>\n<meta property=\"og:site_name\" content=\"vozolvapen\" \/>\n<meta property=\"article:modified_time\" content=\"2026-02-10T11:02:08+00:00\" \/>\n<meta property=\"og:image\" content=\"https:\/\/vozolvapen.de\/wp-content\/uploads\/2025\/12\/Al-Fakher-15000-Ice-Adjust-LEMON-LIME-CHERRY-ICE.webp\" \/>\n\t<meta property=\"og:image:width\" content=\"760\" \/>\n\t<meta property=\"og:image:height\" content=\"1200\" \/>\n\t<meta property=\"og:image:type\" content=\"image\/webp\" \/>\n<meta name=\"twitter:card\" content=\"summary_large_image\" \/>\n<meta name=\"twitter:label1\" content=\"Tempo di lettura stimato\" \/>\n\t<meta name=\"twitter:data1\" content=\"3 minuti\" \/>\n<script type=\"application\/ld+json\" class=\"yoast-schema-graph\">{\"@context\":\"https:\\\/\\\/schema.org\",\"@graph\":[{\"@type\":\"WebPage\",\"@id\":\"https:\\\/\\\/vozolvapen.de\\\/product\\\/al-fakher-15000-ice-adjust-lemon-lime-cherry-fizz\\\/\",\"url\":\"https:\\\/\\\/vozolvapen.de\\\/product\\\/al-fakher-15000-ice-adjust-lemon-lime-cherry-fizz\\\/\",\"name\":\"Cherry Fizz - AL Fakher 15000 Ice Adjust - vozolvapen\",\"isPartOf\":{\"@id\":\"https:\\\/\\\/vozolvapen.de\\\/#website\"},\"primaryImageOfPage\":{\"@id\":\"https:\\\/\\\/vozolvapen.de\\\/product\\\/al-fakher-15000-ice-adjust-lemon-lime-cherry-fizz\\\/#primaryimage\"},\"image\":{\"@id\":\"https:\\\/\\\/vozolvapen.de\\\/product\\\/al-fakher-15000-ice-adjust-lemon-lime-cherry-fizz\\\/#primaryimage\"},\"thumbnailUrl\":\"https:\\\/\\\/vozolvapen.de\\\/wp-content\\\/uploads\\\/2025\\\/12\\\/Al-Fakher-15000-Ice-Adjust-LEMON-LIME-CHERRY-ICE.webp\",\"datePublished\":\"2025-12-22T09:29:27+00:00\",\"dateModified\":\"2026-02-10T11:02:08+00:00\",\"description\":\"Sparkling Cherry Fizz AL Fakher 15000 Ice Adjust. 8000 puffs of bubbly soda flavor. Authentic Al Fakher quality shipped from Germany.\",\"breadcrumb\":{\"@id\":\"https:\\\/\\\/vozolvapen.de\\\/product\\\/al-fakher-15000-ice-adjust-lemon-lime-cherry-fizz\\\/#breadcrumb\"},\"inLanguage\":\"it-IT\",\"potentialAction\":[{\"@type\":\"ReadAction\",\"target\":[\"https:\\\/\\\/vozolvapen.de\\\/product\\\/al-fakher-15000-ice-adjust-lemon-lime-cherry-fizz\\\/\"]}]},{\"@type\":\"ImageObject\",\"inLanguage\":\"it-IT\",\"@id\":\"https:\\\/\\\/vozolvapen.de\\\/product\\\/al-fakher-15000-ice-adjust-lemon-lime-cherry-fizz\\\/#primaryimage\",\"url\":\"https:\\\/\\\/vozolvapen.de\\\/wp-content\\\/uploads\\\/2025\\\/12\\\/Al-Fakher-15000-Ice-Adjust-LEMON-LIME-CHERRY-ICE.webp\",\"contentUrl\":\"https:\\\/\\\/vozolvapen.de\\\/wp-content\\\/uploads\\\/2025\\\/12\\\/Al-Fakher-15000-Ice-Adjust-LEMON-LIME-CHERRY-ICE.webp\",\"width\":760,\"height\":1200,\"caption\":\"Al Fakher 15000 Ice Adjust Lemon Lime Cherry Disposable Vape Device\"},{\"@type\":\"BreadcrumbList\",\"@id\":\"https:\\\/\\\/vozolvapen.de\\\/product\\\/al-fakher-15000-ice-adjust-lemon-lime-cherry-fizz\\\/#breadcrumb\",\"itemListElement\":[{\"@type\":\"ListItem\",\"position\":1,\"name\":\"Home\",\"item\":\"https:\\\/\\\/vozolvapen.de\\\/de\\\/\"},{\"@type\":\"ListItem\",\"position\":2,\"name\":\"Shop\",\"item\":\"https:\\\/\\\/vozolvapen.de\\\/shop\\\/\"},{\"@type\":\"ListItem\",\"position\":3,\"name\":\"Al Fakher 15000 Ice Adjust &#8211; Lemon Lime Cherry Fizz\"}]},{\"@type\":\"WebSite\",\"@id\":\"https:\\\/\\\/vozolvapen.de\\\/#website\",\"url\":\"https:\\\/\\\/vozolvapen.de\\\/\",\"name\":\"vozolvapen\",\"description\":\"vozolvapen\",\"publisher\":{\"@id\":\"https:\\\/\\\/vozolvapen.de\\\/#organization\"},\"potentialAction\":[{\"@type\":\"SearchAction\",\"target\":{\"@type\":\"EntryPoint\",\"urlTemplate\":\"https:\\\/\\\/vozolvapen.de\\\/?s={search_term_string}\"},\"query-input\":{\"@type\":\"PropertyValueSpecification\",\"valueRequired\":true,\"valueName\":\"search_term_string\"}}],\"inLanguage\":\"it-IT\"},{\"@type\":\"Organization\",\"@id\":\"https:\\\/\\\/vozolvapen.de\\\/#organization\",\"name\":\"vozolvapen\",\"url\":\"https:\\\/\\\/vozolvapen.de\\\/\",\"logo\":{\"@type\":\"ImageObject\",\"inLanguage\":\"it-IT\",\"@id\":\"https:\\\/\\\/vozolvapen.de\\\/#\\\/schema\\\/logo\\\/image\\\/\",\"url\":\"https:\\\/\\\/vozolvapen.de\\\/wp-content\\\/uploads\\\/2025\\\/12\\\/cropped-vozovapen-logo.webp\",\"contentUrl\":\"https:\\\/\\\/vozolvapen.de\\\/wp-content\\\/uploads\\\/2025\\\/12\\\/cropped-vozovapen-logo.webp\",\"width\":470,\"height\":110,\"caption\":\"vozolvapen\"},\"image\":{\"@id\":\"https:\\\/\\\/vozolvapen.de\\\/#\\\/schema\\\/logo\\\/image\\\/\"}}]}<\/script>\n<!-- \/ Yoast SEO Premium plugin. -->","yoast_head_json":{"title":"Cherry Fizz - AL Fakher 15000 Ice Adjust - vozolvapen","description":"Sparkling Cherry Fizz AL Fakher 15000 Ice Adjust. 8000 boccate dal gusto frizzante di soda. Autentica qualit\u00e0 Al Fakher spedita dalla Germania.","robots":{"index":"index","follow":"follow","max-snippet":"max-snippet:-1","max-image-preview":"max-image-preview:large","max-video-preview":"max-video-preview:-1"},"canonical":"https:\/\/vozolvapen.de\/it\/product\/al-fakher-15000-ice-adjust-lemon-lime-cherry-fizz\/","og_locale":"it_IT","og_type":"article","og_title":"Al Fakher 15000 Ice Adjust - Lemon Lime Cherry Fizz","og_description":"Sparkling Cherry Fizz AL Fakher 15000 Ice Adjust. 8000 puffs of bubbly soda flavor. Authentic Al Fakher quality shipped from Germany.","og_url":"https:\/\/vozolvapen.de\/it\/product\/al-fakher-15000-ice-adjust-lemon-lime-cherry-fizz\/","og_site_name":"vozolvapen","article_modified_time":"2026-02-10T11:02:08+00:00","og_image":[{"width":760,"height":1200,"url":"https:\/\/vozolvapen.de\/wp-content\/uploads\/2025\/12\/Al-Fakher-15000-Ice-Adjust-LEMON-LIME-CHERRY-ICE.webp","type":"image\/webp"}],"twitter_card":"summary_large_image","twitter_misc":{"Tempo di lettura stimato":"3 minuti"},"schema":{"@context":"https:\/\/schema.org","@graph":[{"@type":"WebPage","@id":"https:\/\/vozolvapen.de\/product\/al-fakher-15000-ice-adjust-lemon-lime-cherry-fizz\/","url":"https:\/\/vozolvapen.de\/product\/al-fakher-15000-ice-adjust-lemon-lime-cherry-fizz\/","name":"Cherry Fizz - AL Fakher 15000 Ice Adjust - vozolvapen","isPartOf":{"@id":"https:\/\/vozolvapen.de\/#website"},"primaryImageOfPage":{"@id":"https:\/\/vozolvapen.de\/product\/al-fakher-15000-ice-adjust-lemon-lime-cherry-fizz\/#primaryimage"},"image":{"@id":"https:\/\/vozolvapen.de\/product\/al-fakher-15000-ice-adjust-lemon-lime-cherry-fizz\/#primaryimage"},"thumbnailUrl":"https:\/\/vozolvapen.de\/wp-content\/uploads\/2025\/12\/Al-Fakher-15000-Ice-Adjust-LEMON-LIME-CHERRY-ICE.webp","datePublished":"2025-12-22T09:29:27+00:00","dateModified":"2026-02-10T11:02:08+00:00","description":"Sparkling Cherry Fizz AL Fakher 15000 Ice Adjust. 8000 boccate dal gusto frizzante di soda. Autentica qualit\u00e0 Al Fakher spedita dalla Germania.","breadcrumb":{"@id":"https:\/\/vozolvapen.de\/product\/al-fakher-15000-ice-adjust-lemon-lime-cherry-fizz\/#breadcrumb"},"inLanguage":"it-IT","potentialAction":[{"@type":"ReadAction","target":["https:\/\/vozolvapen.de\/product\/al-fakher-15000-ice-adjust-lemon-lime-cherry-fizz\/"]}]},{"@type":"ImageObject","inLanguage":"it-IT","@id":"https:\/\/vozolvapen.de\/product\/al-fakher-15000-ice-adjust-lemon-lime-cherry-fizz\/#primaryimage","url":"https:\/\/vozolvapen.de\/wp-content\/uploads\/2025\/12\/Al-Fakher-15000-Ice-Adjust-LEMON-LIME-CHERRY-ICE.webp","contentUrl":"https:\/\/vozolvapen.de\/wp-content\/uploads\/2025\/12\/Al-Fakher-15000-Ice-Adjust-LEMON-LIME-CHERRY-ICE.webp","width":760,"height":1200,"caption":"Al Fakher 15000 Ice Adjust Lemon Lime Cherry Disposable Vape Device"},{"@type":"BreadcrumbList","@id":"https:\/\/vozolvapen.de\/product\/al-fakher-15000-ice-adjust-lemon-lime-cherry-fizz\/#breadcrumb","itemListElement":[{"@type":"ListItem","position":1,"name":"Home","item":"https:\/\/vozolvapen.de\/de\/"},{"@type":"ListItem","position":2,"name":"Shop","item":"https:\/\/vozolvapen.de\/shop\/"},{"@type":"ListItem","position":3,"name":"Al Fakher 15000 Ice Adjust &#8211; Lemon Lime Cherry Fizz"}]},{"@type":"WebSite","@id":"https:\/\/vozolvapen.de\/#website","url":"https:\/\/vozolvapen.de\/","name":"vozolvapen","description":"vozolvapen","publisher":{"@id":"https:\/\/vozolvapen.de\/#organization"},"potentialAction":[{"@type":"SearchAction","target":{"@type":"EntryPoint","urlTemplate":"https:\/\/vozolvapen.de\/?s={search_term_string}"},"query-input":{"@type":"PropertyValueSpecification","valueRequired":true,"valueName":"search_term_string"}}],"inLanguage":"it-IT"},{"@type":"Organization","@id":"https:\/\/vozolvapen.de\/#organization","name":"vozolvapen","url":"https:\/\/vozolvapen.de\/","logo":{"@type":"ImageObject","inLanguage":"it-IT","@id":"https:\/\/vozolvapen.de\/#\/schema\/logo\/image\/","url":"https:\/\/vozolvapen.de\/wp-content\/uploads\/2025\/12\/cropped-vozovapen-logo.webp","contentUrl":"https:\/\/vozolvapen.de\/wp-content\/uploads\/2025\/12\/cropped-vozovapen-logo.webp","width":470,"height":110,"caption":"vozolvapen"},"image":{"@id":"https:\/\/vozolvapen.de\/#\/schema\/logo\/image\/"}}]}},"tiered_pricing_type":"fixed","tiered_pricing_fixed_rules":{"30":"13.5","50":"11","100":"10.5","200":"9.5"},"tiered_pricing_product_settings":{"layout":"default","base_unit_name":{"singular":null,"plural":null},"default_variation":{}},"tiered_pricing_minimum_quantity":10,"tiered_pricing_roles_data":[],"tiered_pricing_percentage_rules":[],"tiered_pricing_maximum_quantity":null,"tiered_pricing_quantity_step":"10","_links":{"self":[{"href":"https:\/\/vozolvapen.de\/it\/wp-json\/wp\/v2\/product\/40263","targetHints":{"allow":["GET"]}}],"collection":[{"href":"https:\/\/vozolvapen.de\/it\/wp-json\/wp\/v2\/product"}],"about":[{"href":"https:\/\/vozolvapen.de\/it\/wp-json\/wp\/v2\/types\/product"}],"replies":[{"embeddable":true,"href":"https:\/\/vozolvapen.de\/it\/wp-json\/wp\/v2\/comments?post=40263"}],"wp:featuredmedia":[{"embeddable":true,"href":"https:\/\/vozolvapen.de\/it\/wp-json\/wp\/v2\/media\/41254"}],"wp:attachment":[{"href":"https:\/\/vozolvapen.de\/it\/wp-json\/wp\/v2\/media?parent=40263"}],"wp:term":[{"taxonomy":"product_brand","embeddable":true,"href":"https:\/\/vozolvapen.de\/it\/wp-json\/wp\/v2\/product_brand?post=40263"},{"taxonomy":"product_cat","embeddable":true,"href":"https:\/\/vozolvapen.de\/it\/wp-json\/wp\/v2\/product_cat?post=40263"},{"taxonomy":"product_tag","embeddable":true,"href":"https:\/\/vozolvapen.de\/it\/wp-json\/wp\/v2\/product_tag?post=40263"}],"curies":[{"name":"wp","href":"https:\/\/api.w.org\/{rel}","templated":true}]}}