{"id":42969,"date":"2025-12-23T06:41:51","date_gmt":"2025-12-23T06:41:51","guid":{"rendered":"https:\/\/vozolvapen.de\/?post_type=product&#038;p=42969"},"modified":"2026-05-06T11:04:56","modified_gmt":"2026-05-06T11:04:56","slug":"jnr-mega-box-25000-mr-blue","status":"publish","type":"product","link":"https:\/\/vozolvapen.de\/it\/product\/jnr-mega-box-25000-mr-blue\/","title":{"rendered":"JNR Mega Box 25000 \u2013 MR BLUE"},"content":{"rendered":"<h1 data-path-to-node=\"17\"><b data-path-to-node=\"17\" data-index-in-node=\"0\">JNR Mega Box 25000 \u2013 Aroma Mr Blue<\/b><\/h1>\n<p data-path-to-node=\"18\">Mr Blue \u00e8 il leggendario campione di bacche e mentolo del <b data-path-to-node=\"18\" data-index-in-node=\"55\">puff 25k jnr<\/b> serie! Questa miscela misteriosa contiene lamponi blu, more e mirtilli con un caratteristico retrogusto rinfrescante \u201cblu\u201d. \u00c8 sofisticata, morbida e perfetta per essere svapata tutto il giorno.<\/p>\n<h2 data-path-to-node=\"19\"><b data-path-to-node=\"19\" data-index-in-node=\"0\">Perch\u00e9 scegliere JNR Mega Box 25000 Mr Blue?<\/b><\/h2>\n<ul data-path-to-node=\"20\">\n<li>\n<p data-path-to-node=\"20,0,0\"><b data-path-to-node=\"20,0,0\" data-index-in-node=\"0\">Profilo iconico:<\/b> Un profilo aromatico famoso in tutto il mondo, ottimizzato per dispositivi ad alta capacit\u00e0 da 25.000 boccate.<\/p>\n<\/li>\n<li>\n<p data-path-to-node=\"20,1,0\"><b data-path-to-node=\"20,1,0\" data-index-in-node=\"0\">Tecnologia avanzata:<\/b> Il <b data-path-to-node=\"20,1,0\" data-index-in-node=\"19\">Doppia bobina a maglia<\/b> offre un raffreddamento costante e un intenso sapore di frutti di bosco ad ogni tiro.<\/p>\n<\/li>\n<\/ul>\n<h2>JNR MEGA BOX 25000 Caratteristiche principali in sintesi<\/h2>\n<table data-path-to-node=\"78\">\n<thead>\n<tr>\n<td><strong>Parametro<\/strong><\/td>\n<td><strong>Dettaglio<\/strong><\/td>\n<td><strong>Evidenzia<\/strong><\/td>\n<\/tr>\n<\/thead>\n<tbody>\n<tr>\n<td><span data-path-to-node=\"78,1,0,0\"><b data-path-to-node=\"78,1,0,0\" data-index-in-node=\"0\">Nome del modello<\/b><\/span><\/td>\n<td><span data-path-to-node=\"78,1,1,0\"><b data-path-to-node=\"78,1,1,0\" data-index-in-node=\"0\">JNR Mega Box 25000<\/b><\/span><\/td>\n<td><span data-path-to-node=\"78,1,2,0\">Leader di mercato <b data-path-to-node=\"78,1,2,0\" data-index-in-node=\"15\">JNR 25k<\/b> Serie<\/span><\/td>\n<\/tr>\n<tr>\n<td><span data-path-to-node=\"78,2,0,0\"><b data-path-to-node=\"78,2,0,0\" data-index-in-node=\"0\">Max Puffs<\/b><\/span><\/td>\n<td><span data-path-to-node=\"78,2,1,0\">Fino a 25.000 Puffs<\/span><\/td>\n<td><span data-path-to-node=\"78,2,2,0\">Esperienze senza limiti<\/span><\/td>\n<\/tr>\n<tr>\n<td><span data-path-to-node=\"78,3,0,0\"><b data-path-to-node=\"78,3,0,0\" data-index-in-node=\"0\">Liquido per sigarette elettroniche<\/b><\/span><\/td>\n<td><span data-path-to-node=\"78,3,1,0\"><b data-path-to-node=\"78,3,1,0\" data-index-in-node=\"0\">30 ml<\/b> Liquido pre-riempito<\/span><\/td>\n<td><span data-path-to-node=\"78,3,2,0\">Massima capacit\u00e0 industriale<\/span><\/td>\n<\/tr>\n<tr>\n<td><span data-path-to-node=\"78,4,0,0\"><b data-path-to-node=\"78,4,0,0\" data-index-in-node=\"0\">Nicotina<\/b><\/span><\/td>\n<td><span data-path-to-node=\"78,4,1,0\">Livelli di nicotina 2% \/ 5%<\/span><\/td>\n<td><span data-path-to-node=\"78,4,2,0\">Colpo morbido e soddisfacente<\/span><\/td>\n<\/tr>\n<tr>\n<td><span data-path-to-node=\"78,5,0,0\"><b data-path-to-node=\"78,5,0,0\" data-index-in-node=\"0\">Sistema a bobina<\/b><\/span><\/td>\n<td><span data-path-to-node=\"78,5,1,0\"><b data-path-to-node=\"78,5,1,0\" data-index-in-node=\"0\">Doppia rete e doppio nucleo<\/b><\/span><\/td>\n<td><span data-path-to-node=\"78,5,2,0\">Gusto puro fino alla fine<\/span><\/td>\n<\/tr>\n<tr>\n<td><span data-path-to-node=\"78,6,0,0\"><b data-path-to-node=\"78,6,0,0\" data-index-in-node=\"0\">Ricarica<\/b><\/span><\/td>\n<td><span data-path-to-node=\"78,6,1,0\"><b data-path-to-node=\"78,6,1,0\" data-index-in-node=\"0\">Tipo C e illuminazione<\/b><\/span><\/td>\n<td><span data-path-to-node=\"78,6,2,0\">Ricarica rapida a doppia porta<\/span><\/td>\n<\/tr>\n<tr>\n<td><span data-path-to-node=\"78,7,0,0\"><b data-path-to-node=\"78,7,0,0\" data-index-in-node=\"0\">Spedizione<\/b><\/span><\/td>\n<td><span data-path-to-node=\"78,7,1,0\"><b data-path-to-node=\"78,7,1,0\" data-index-in-node=\"0\">Magazzino europeo<\/b><\/span><\/td>\n<td><span data-path-to-node=\"78,7,2,0\">Consegna rapida in 1-3 giorni<\/span><\/td>\n<\/tr>\n<\/tbody>\n<\/table>\n<h3 data-path-to-node=\"54\">Ecco ulteriori consigli per te:<\/h3>\n<p dir=\"auto\">Scopri sapori ancora pi\u00f9 incredibili con la JNR Mega Box 25000 Puff Vape!<\/p>\n<p dir=\"auto\"><a href=\"https:\/\/vozolvapen.de\/it\/product-category\/vaporizzatore-jnr\/jnr-mega-box-25000-boccate-vape\/28000-puffs\/\">Visualizza tutte le variet\u00e0 qui \u2192<\/a><\/p>\n<p dir=\"auto\">Esplora la nostra collezione completa e acquista le migliori marche di sigarette elettroniche che ti piaceranno.<\/p>\n<p dir=\"auto\"><a href=\"https:\/\/vozolvapen.de\/it\/\">Sfoglia tutti i marchi ora \u2192<\/a><\/p>\n<p dir=\"auto\">Scopri la serie completa JNR Vape: tutti i gusti, tutti gli stili!<\/p>\n<p dir=\"auto\"><a href=\"https:\/\/vozolvapen.de\/it\/product-category\/vaporizzatore-jnr\/\">Scopri l'intera collezione JNR Vape \u2192<\/a><\/p>\n<h3 data-path-to-node=\"2\"><b data-path-to-node=\"2\" data-index-in-node=\"0\">Domande frequenti (FAQ) \u2013 JNR Mega Box 25000<\/b><\/h3>\n<h4 data-path-to-node=\"3\"><b data-path-to-node=\"3\" data-index-in-node=\"0\">1. Come si ricarica il JNR Mega Box 25000?<\/b><\/h4>\n<p data-path-to-node=\"4\">Il <b data-path-to-node=\"4\" data-index-in-node=\"4\">JNR Mega Box 25k<\/b> presenta una caratteristica unica <b data-path-to-node=\"4\" data-index-in-node=\"39\">Sistema di ricarica a doppia porta<\/b>. \u00c8 possibile utilizzare uno standard <b data-path-to-node=\"4\" data-index-in-node=\"89\">Tipo C<\/b> cavo o un <b data-path-to-node=\"4\" data-index-in-node=\"108\">Illuminazione Apple<\/b> cavo. In questo modo, indipendentemente dallo smartphone che utilizzi, potrai sempre ricaricare rapidamente il tuo dispositivo. <b data-path-to-node=\"4\" data-index-in-node=\"224\">Batteria da 850 mAh<\/b>.<\/p>\n<h4 data-path-to-node=\"5\"><b data-path-to-node=\"5\" data-index-in-node=\"0\">2. Quanto durano effettivamente 25.000 boccate?<\/b><\/h4>\n<p data-path-to-node=\"6\">Con un enorme <b data-path-to-node=\"6\" data-index-in-node=\"15\">Capacit\u00e0 e-liquid 30 ml<\/b>, il <b data-path-to-node=\"6\" data-index-in-node=\"43\">JNR Mega Box 25000<\/b> \u00e8 costruito per garantire una longevit\u00e0 estrema.<\/p>\n<ul data-path-to-node=\"7\">\n<li>\n<p data-path-to-node=\"7,0,0\"><b data-path-to-node=\"7,0,0\" data-index-in-node=\"0\">Utenti intensivi:<\/b> Da 3 a 5 settimane.<\/p>\n<\/li>\n<li>\n<p data-path-to-node=\"7,1,0\"><b data-path-to-node=\"7,1,0\" data-index-in-node=\"0\">Utenti moderati:<\/b> Da 6 a 8 settimane. Fornisce un vero e proprio <b data-path-to-node=\"7,1,0\" data-index-in-node=\"50\">esperienza senza limiti<\/b> rispetto ai dispositivi standard da 5000 boccate.<\/p>\n<\/li>\n<\/ul>\n<h4 data-path-to-node=\"8\"><b data-path-to-node=\"8\" data-index-in-node=\"0\">3. Che cos'\u00e8 la tecnologia \u201cDual Core &amp; Dual Mesh\u201d?<\/b><\/h4>\n<p data-path-to-node=\"9\">A differenza dei vaporizzatori standard che utilizzano una singola bobina, il <b data-path-to-node=\"9\" data-index-in-node=\"50\">JNR Mega Box<\/b> utilizza un <b data-path-to-node=\"9\" data-index-in-node=\"74\">Dual Core<\/b> sistema con <b data-path-to-node=\"9\" data-index-in-node=\"96\">Bobine a doppia maglia<\/b>. Questa tecnologia alterna il processo di riscaldamento tra due bobine, impedendo al cotone di bruciarsi e garantendo che il <b data-path-to-node=\"9\" data-index-in-node=\"236\">\u201cGusto puro\u201d<\/b> rimane costante dal primo tiro al venticinquesimomillesimo.<\/p>\n<h4 data-path-to-node=\"10\"><b data-path-to-node=\"10\" data-index-in-node=\"0\">4. Il JNR Mega Box 25000 \u00e8 autentico?<\/b><\/h4>\n<p data-path-to-node=\"11\">S\u00ec. Forniamo solo <b data-path-to-node=\"11\" data-index-in-node=\"20\">100% JNR Vape originale<\/b> prodotti provenienti direttamente dal produttore. Ogni confezione da 10 e ogni singolo dispositivo \u00e8 dotato di un codice di sicurezza gratta e vinci che pu\u00f2 essere verificato sul sito web ufficiale di JNR per garantirne l'autenticit\u00e0.<\/p>\n<h4 data-path-to-node=\"12\"><b data-path-to-node=\"12\" data-index-in-node=\"0\">5. Quanto \u00e8 veloce la spedizione nel mio Paese in Europa?<\/b><\/h4>\n<p data-path-to-node=\"13\">Spediamo tutti gli ordini direttamente dal nostro <b data-path-to-node=\"13\" data-index-in-node=\"37\">Magazzino europeo<\/b>.<\/p>\n<ul data-path-to-node=\"14\">\n<li>\n<p data-path-to-node=\"14,0,0\"><b data-path-to-node=\"14,0,0\" data-index-in-node=\"0\">Germania e Paesi Bassi:<\/b> 1-2 giorni lavorativi.<\/p>\n<\/li>\n<li>\n<p data-path-to-node=\"14,1,0\"><b data-path-to-node=\"14,1,0\" data-index-in-node=\"0\">Francia, Italia, Spagna e resto dell'UE:<\/b> 2-3 giorni lavorativi.<\/p>\n<\/li>\n<li>\n<p data-path-to-node=\"14,2,0\"><b data-path-to-node=\"14,2,0\" data-index-in-node=\"0\">Dogana:<\/b> Poich\u00e9 spediamo all'interno dell'UE, ci sono <b data-path-to-node=\"14,2,0\" data-index-in-node=\"48\">nessun dazio doganale<\/b> o tasse di importazione per i residenti nell'UE.<\/p>\n<\/li>\n<\/ul>\n<h4 data-path-to-node=\"15\"><b data-path-to-node=\"15\" data-index-in-node=\"0\">6. Il JNR Mega Box 25k ha un flusso d'aria regolabile?<\/b><\/h4>\n<p data-path-to-node=\"16\">Il <b data-path-to-node=\"16\" data-index-in-node=\"4\">JNR Mega Box 25000<\/b> \u00e8 ottimizzato per garantire prestazioni elevate <b data-path-to-node=\"16\" data-index-in-node=\"60\">Polmone diretto limitato (RDL)<\/b> esperienza. Il suo flusso d'aria \u00e8 progettato per massimizzare l'intensit\u00e0 del sapore del <b data-path-to-node=\"16\" data-index-in-node=\"165\">Serbatoio da 30 ml<\/b>, fornendo nuvole dense e soddisfacenti ad ogni tiro.<\/p>\n<h4 data-path-to-node=\"17\"><b data-path-to-node=\"17\" data-index-in-node=\"0\">7. Quali sono i livelli di nicotina disponibili?<\/b><\/h4>\n<p data-path-to-node=\"18\">Il <b data-path-to-node=\"18\" data-index-in-node=\"4\">JNR 25k<\/b> La serie \u00e8 disponibile in entrambi i formati. <b data-path-to-node=\"18\" data-index-in-node=\"40\">2% (20 mg)<\/b> e <b data-path-to-node=\"18\" data-index-in-node=\"54\">5% (50 mg)<\/b> livelli di sale di nicotina, consentendoti di scegliere il colpo in gola pi\u00f9 adatto alle tue preferenze.<\/p>\n<h4 data-path-to-node=\"19\"><b data-path-to-node=\"19\" data-index-in-node=\"0\">8. Perch\u00e9 scegliere il JNR Mega Box invece del JNR Falcon 16000?<\/b><\/h4>\n<p data-path-to-node=\"20\">Sebbene entrambi siano eccellenti, il <b data-path-to-node=\"20\" data-index-in-node=\"30\">Mega Box 25000<\/b> \u00e8 il re dell'alta capacit\u00e0. Offre <b data-path-to-node=\"20\" data-index-in-node=\"84\">quasi il doppio di liquido elettronico (30 ml contro 22 ml)<\/b> e <b data-path-to-node=\"20\" data-index-in-node=\"130\">9.000 boccate in pi\u00f9<\/b> rispetto al Falcon 16000, rendendolo il prodotto pi\u00f9 conveniente per i vapers di lungo corso.<\/p>\n<hr data-path-to-node=\"21\" \/>\n<h3 data-path-to-node=\"22\"><b data-path-to-node=\"22\" data-index-in-node=\"0\">Informazioni all'ingrosso per JNR Mega Box 25k<\/b><\/h3>\n<ul data-path-to-node=\"23\">\n<li>\n<p data-path-to-node=\"23,0,0\"><b data-path-to-node=\"23,0,0\" data-index-in-node=\"0\">Imballaggio:<\/b> Venduto in scatole da <b data-path-to-node=\"23,0,0\" data-index-in-node=\"26\">10 vaporizzatori<\/b>.<\/p>\n<\/li>\n<li>\n<p data-path-to-node=\"23,1,0\"><b data-path-to-node=\"23,1,0\" data-index-in-node=\"0\">Peso:<\/b> 157 g per unit\u00e0 (struttura solida e di alta qualit\u00e0).<\/p>\n<\/li>\n<li>\n<p data-path-to-node=\"23,2,0\"><b data-path-to-node=\"23,2,0\" data-index-in-node=\"0\">Richieste di informazioni in blocco:<\/b> Per ordini superiori a 500 unit\u00e0, contattare il nostro reparto vendite all'ingrosso per conoscere i prezzi differenziati.<\/p>\n<\/li>\n<\/ul>","protected":false},"excerpt":{"rendered":"<p>Una miscela sofisticata di frutti blu con un retrogusto fresco. La scelta #1 per lo svapo quotidiano.<\/p>","protected":false},"featured_media":43640,"comment_status":"open","ping_status":"closed","template":"","meta":{"_acf_changed":false},"product_brand":[],"product_cat":[94],"product_tag":[],"class_list":{"0":"post-42969","1":"product","2":"type-product","3":"status-publish","4":"has-post-thumbnail","6":"product_cat-jnr-mega-box-25000-puff-vape","8":"first","9":"instock","10":"shipping-taxable","11":"purchasable","12":"product-type-variable"},"acf":[],"yoast_head":"<!-- This site is optimized with the Yoast SEO Premium plugin v26.1 (Yoast SEO v27.5) - https:\/\/yoast.com\/product\/yoast-seo-premium-wordpress\/ -->\n<title>Mr Blue - JNR Mega Box 25k - vozolvapen<\/title>\n<meta name=\"description\" content=\"Legendary Mr Blue JNR 25k. 25,000 puffs of berry chill. Fast shipping from EU stock.\" \/>\n<meta name=\"robots\" content=\"index, follow, max-snippet:-1, max-image-preview:large, max-video-preview:-1\" \/>\n<link rel=\"canonical\" href=\"https:\/\/vozolvapen.de\/it\/product\/jnr-mega-box-25000-mr-blue\/\" \/>\n<meta property=\"og:locale\" content=\"it_IT\" \/>\n<meta property=\"og:type\" content=\"article\" \/>\n<meta property=\"og:title\" content=\"JNR Mega Box 25000 - MR BLUE\" \/>\n<meta property=\"og:description\" content=\"Legendary Mr Blue JNR 25k. 25,000 puffs of berry chill. Fast shipping from EU stock.\" \/>\n<meta property=\"og:url\" content=\"https:\/\/vozolvapen.de\/it\/product\/jnr-mega-box-25000-mr-blue\/\" \/>\n<meta property=\"og:site_name\" content=\"vozolvapen\" \/>\n<meta property=\"article:modified_time\" content=\"2026-05-06T11:04:56+00:00\" \/>\n<meta property=\"og:image\" content=\"https:\/\/vozolvapen.de\/wp-content\/uploads\/2025\/12\/JNR-Mega-box-25000-MR-BLUE-1.webp\" \/>\n\t<meta property=\"og:image:width\" content=\"800\" \/>\n\t<meta property=\"og:image:height\" content=\"800\" \/>\n\t<meta property=\"og:image:type\" content=\"image\/webp\" \/>\n<meta name=\"twitter:card\" content=\"summary_large_image\" \/>\n<meta name=\"twitter:label1\" content=\"Tempo di lettura stimato\" \/>\n\t<meta name=\"twitter:data1\" content=\"3 minuti\" \/>\n<script type=\"application\/ld+json\" class=\"yoast-schema-graph\">{\"@context\":\"https:\\\/\\\/schema.org\",\"@graph\":[{\"@type\":\"WebPage\",\"@id\":\"https:\\\/\\\/vozolvapen.de\\\/product\\\/jnr-mega-box-25000-mr-blue\\\/\",\"url\":\"https:\\\/\\\/vozolvapen.de\\\/product\\\/jnr-mega-box-25000-mr-blue\\\/\",\"name\":\"Mr Blue - JNR Mega Box 25k - vozolvapen\",\"isPartOf\":{\"@id\":\"https:\\\/\\\/vozolvapen.de\\\/#website\"},\"primaryImageOfPage\":{\"@id\":\"https:\\\/\\\/vozolvapen.de\\\/product\\\/jnr-mega-box-25000-mr-blue\\\/#primaryimage\"},\"image\":{\"@id\":\"https:\\\/\\\/vozolvapen.de\\\/product\\\/jnr-mega-box-25000-mr-blue\\\/#primaryimage\"},\"thumbnailUrl\":\"https:\\\/\\\/vozolvapen.de\\\/wp-content\\\/uploads\\\/2025\\\/12\\\/JNR-Mega-box-25000-MR-BLUE-1.webp\",\"datePublished\":\"2025-12-23T06:41:51+00:00\",\"dateModified\":\"2026-05-06T11:04:56+00:00\",\"description\":\"Legendary Mr Blue JNR 25k. 25,000 puffs of berry chill. Fast shipping from EU stock.\",\"breadcrumb\":{\"@id\":\"https:\\\/\\\/vozolvapen.de\\\/product\\\/jnr-mega-box-25000-mr-blue\\\/#breadcrumb\"},\"inLanguage\":\"it-IT\",\"potentialAction\":[{\"@type\":\"ReadAction\",\"target\":[\"https:\\\/\\\/vozolvapen.de\\\/product\\\/jnr-mega-box-25000-mr-blue\\\/\"]}]},{\"@type\":\"ImageObject\",\"inLanguage\":\"it-IT\",\"@id\":\"https:\\\/\\\/vozolvapen.de\\\/product\\\/jnr-mega-box-25000-mr-blue\\\/#primaryimage\",\"url\":\"https:\\\/\\\/vozolvapen.de\\\/wp-content\\\/uploads\\\/2025\\\/12\\\/JNR-Mega-box-25000-MR-BLUE-1.webp\",\"contentUrl\":\"https:\\\/\\\/vozolvapen.de\\\/wp-content\\\/uploads\\\/2025\\\/12\\\/JNR-Mega-box-25000-MR-BLUE-1.webp\",\"width\":800,\"height\":800,\"caption\":\"Jnr Mega Box 25000 Mr Blue 1 Disposable Vape Device\"},{\"@type\":\"BreadcrumbList\",\"@id\":\"https:\\\/\\\/vozolvapen.de\\\/product\\\/jnr-mega-box-25000-mr-blue\\\/#breadcrumb\",\"itemListElement\":[{\"@type\":\"ListItem\",\"position\":1,\"name\":\"Home\",\"item\":\"https:\\\/\\\/vozolvapen.de\\\/de\\\/\"},{\"@type\":\"ListItem\",\"position\":2,\"name\":\"Shop\",\"item\":\"https:\\\/\\\/vozolvapen.de\\\/shop\\\/\"},{\"@type\":\"ListItem\",\"position\":3,\"name\":\"JNR Mega Box 25000 &#8211; MR BLUE\"}]},{\"@type\":\"WebSite\",\"@id\":\"https:\\\/\\\/vozolvapen.de\\\/#website\",\"url\":\"https:\\\/\\\/vozolvapen.de\\\/\",\"name\":\"vozolvapen\",\"description\":\"vozolvapen\",\"publisher\":{\"@id\":\"https:\\\/\\\/vozolvapen.de\\\/#organization\"},\"potentialAction\":[{\"@type\":\"SearchAction\",\"target\":{\"@type\":\"EntryPoint\",\"urlTemplate\":\"https:\\\/\\\/vozolvapen.de\\\/?s={search_term_string}\"},\"query-input\":{\"@type\":\"PropertyValueSpecification\",\"valueRequired\":true,\"valueName\":\"search_term_string\"}}],\"inLanguage\":\"it-IT\"},{\"@type\":\"Organization\",\"@id\":\"https:\\\/\\\/vozolvapen.de\\\/#organization\",\"name\":\"vozolvapen\",\"url\":\"https:\\\/\\\/vozolvapen.de\\\/\",\"logo\":{\"@type\":\"ImageObject\",\"inLanguage\":\"it-IT\",\"@id\":\"https:\\\/\\\/vozolvapen.de\\\/#\\\/schema\\\/logo\\\/image\\\/\",\"url\":\"https:\\\/\\\/vozolvapen.de\\\/wp-content\\\/uploads\\\/2025\\\/12\\\/cropped-vozovapen-logo.webp\",\"contentUrl\":\"https:\\\/\\\/vozolvapen.de\\\/wp-content\\\/uploads\\\/2025\\\/12\\\/cropped-vozovapen-logo.webp\",\"width\":470,\"height\":110,\"caption\":\"vozolvapen\"},\"image\":{\"@id\":\"https:\\\/\\\/vozolvapen.de\\\/#\\\/schema\\\/logo\\\/image\\\/\"}}]}<\/script>\n<!-- \/ Yoast SEO Premium plugin. -->","yoast_head_json":{"title":"Mr Blue - JNR Mega Box 25k - vozolvapen","description":"Il leggendario Mr Blue JNR 25k. 25.000 boccate di freschezza ai frutti di bosco. Spedizione veloce dal magazzino UE.","robots":{"index":"index","follow":"follow","max-snippet":"max-snippet:-1","max-image-preview":"max-image-preview:large","max-video-preview":"max-video-preview:-1"},"canonical":"https:\/\/vozolvapen.de\/it\/product\/jnr-mega-box-25000-mr-blue\/","og_locale":"it_IT","og_type":"article","og_title":"JNR Mega Box 25000 - MR BLUE","og_description":"Legendary Mr Blue JNR 25k. 25,000 puffs of berry chill. Fast shipping from EU stock.","og_url":"https:\/\/vozolvapen.de\/it\/product\/jnr-mega-box-25000-mr-blue\/","og_site_name":"vozolvapen","article_modified_time":"2026-05-06T11:04:56+00:00","og_image":[{"width":800,"height":800,"url":"https:\/\/vozolvapen.de\/wp-content\/uploads\/2025\/12\/JNR-Mega-box-25000-MR-BLUE-1.webp","type":"image\/webp"}],"twitter_card":"summary_large_image","twitter_misc":{"Tempo di lettura stimato":"3 minuti"},"schema":{"@context":"https:\/\/schema.org","@graph":[{"@type":"WebPage","@id":"https:\/\/vozolvapen.de\/product\/jnr-mega-box-25000-mr-blue\/","url":"https:\/\/vozolvapen.de\/product\/jnr-mega-box-25000-mr-blue\/","name":"Mr Blue - JNR Mega Box 25k - vozolvapen","isPartOf":{"@id":"https:\/\/vozolvapen.de\/#website"},"primaryImageOfPage":{"@id":"https:\/\/vozolvapen.de\/product\/jnr-mega-box-25000-mr-blue\/#primaryimage"},"image":{"@id":"https:\/\/vozolvapen.de\/product\/jnr-mega-box-25000-mr-blue\/#primaryimage"},"thumbnailUrl":"https:\/\/vozolvapen.de\/wp-content\/uploads\/2025\/12\/JNR-Mega-box-25000-MR-BLUE-1.webp","datePublished":"2025-12-23T06:41:51+00:00","dateModified":"2026-05-06T11:04:56+00:00","description":"Il leggendario Mr Blue JNR 25k. 25.000 boccate di freschezza ai frutti di bosco. Spedizione veloce dal magazzino UE.","breadcrumb":{"@id":"https:\/\/vozolvapen.de\/product\/jnr-mega-box-25000-mr-blue\/#breadcrumb"},"inLanguage":"it-IT","potentialAction":[{"@type":"ReadAction","target":["https:\/\/vozolvapen.de\/product\/jnr-mega-box-25000-mr-blue\/"]}]},{"@type":"ImageObject","inLanguage":"it-IT","@id":"https:\/\/vozolvapen.de\/product\/jnr-mega-box-25000-mr-blue\/#primaryimage","url":"https:\/\/vozolvapen.de\/wp-content\/uploads\/2025\/12\/JNR-Mega-box-25000-MR-BLUE-1.webp","contentUrl":"https:\/\/vozolvapen.de\/wp-content\/uploads\/2025\/12\/JNR-Mega-box-25000-MR-BLUE-1.webp","width":800,"height":800,"caption":"Jnr Mega Box 25000 Mr Blue 1 Disposable Vape Device"},{"@type":"BreadcrumbList","@id":"https:\/\/vozolvapen.de\/product\/jnr-mega-box-25000-mr-blue\/#breadcrumb","itemListElement":[{"@type":"ListItem","position":1,"name":"Home","item":"https:\/\/vozolvapen.de\/de\/"},{"@type":"ListItem","position":2,"name":"Shop","item":"https:\/\/vozolvapen.de\/shop\/"},{"@type":"ListItem","position":3,"name":"JNR Mega Box 25000 &#8211; MR BLUE"}]},{"@type":"WebSite","@id":"https:\/\/vozolvapen.de\/#website","url":"https:\/\/vozolvapen.de\/","name":"vozolvapen","description":"vozolvapen","publisher":{"@id":"https:\/\/vozolvapen.de\/#organization"},"potentialAction":[{"@type":"SearchAction","target":{"@type":"EntryPoint","urlTemplate":"https:\/\/vozolvapen.de\/?s={search_term_string}"},"query-input":{"@type":"PropertyValueSpecification","valueRequired":true,"valueName":"search_term_string"}}],"inLanguage":"it-IT"},{"@type":"Organization","@id":"https:\/\/vozolvapen.de\/#organization","name":"vozolvapen","url":"https:\/\/vozolvapen.de\/","logo":{"@type":"ImageObject","inLanguage":"it-IT","@id":"https:\/\/vozolvapen.de\/#\/schema\/logo\/image\/","url":"https:\/\/vozolvapen.de\/wp-content\/uploads\/2025\/12\/cropped-vozovapen-logo.webp","contentUrl":"https:\/\/vozolvapen.de\/wp-content\/uploads\/2025\/12\/cropped-vozovapen-logo.webp","width":470,"height":110,"caption":"vozolvapen"},"image":{"@id":"https:\/\/vozolvapen.de\/#\/schema\/logo\/image\/"}}]}},"tiered_pricing_type":"fixed","tiered_pricing_fixed_rules":{"30":"12.6","50":"10.1","100":"9.6","200":"8.6"},"tiered_pricing_product_settings":{"layout":"default","base_unit_name":{"singular":null,"plural":null},"default_variation":null},"tiered_pricing_minimum_quantity":10,"tiered_pricing_roles_data":[],"tiered_pricing_percentage_rules":[],"tiered_pricing_maximum_quantity":null,"tiered_pricing_quantity_step":"10","_links":{"self":[{"href":"https:\/\/vozolvapen.de\/it\/wp-json\/wp\/v2\/product\/42969","targetHints":{"allow":["GET"]}}],"collection":[{"href":"https:\/\/vozolvapen.de\/it\/wp-json\/wp\/v2\/product"}],"about":[{"href":"https:\/\/vozolvapen.de\/it\/wp-json\/wp\/v2\/types\/product"}],"replies":[{"embeddable":true,"href":"https:\/\/vozolvapen.de\/it\/wp-json\/wp\/v2\/comments?post=42969"}],"wp:featuredmedia":[{"embeddable":true,"href":"https:\/\/vozolvapen.de\/it\/wp-json\/wp\/v2\/media\/43640"}],"wp:attachment":[{"href":"https:\/\/vozolvapen.de\/it\/wp-json\/wp\/v2\/media?parent=42969"}],"wp:term":[{"taxonomy":"product_brand","embeddable":true,"href":"https:\/\/vozolvapen.de\/it\/wp-json\/wp\/v2\/product_brand?post=42969"},{"taxonomy":"product_cat","embeddable":true,"href":"https:\/\/vozolvapen.de\/it\/wp-json\/wp\/v2\/product_cat?post=42969"},{"taxonomy":"product_tag","embeddable":true,"href":"https:\/\/vozolvapen.de\/it\/wp-json\/wp\/v2\/product_tag?post=42969"}],"curies":[{"name":"wp","href":"https:\/\/api.w.org\/{rel}","templated":true}]}}