{"id":69724,"date":"2026-05-11T05:55:23","date_gmt":"2026-05-11T05:55:23","guid":{"rendered":"https:\/\/vozolvapen.de\/?post_type=product&#038;p=69724"},"modified":"2026-05-11T07:28:47","modified_gmt":"2026-05-11T07:28:47","slug":"hyppe-infiniti-50k-50000-puffs-blue-razz-freeze","status":"publish","type":"product","link":"https:\/\/vozolvapen.de\/it\/product\/hyppe-infiniti-50k-50000-puffs-blue-razz-freeze\/","title":{"rendered":"Hyppe Infiniti 50K 50000 Bign\u00e8 - Blu Razz Freeze"},"content":{"rendered":"<p>Sperimentate l'apice del rinfresco ai frutti di bosco con il <strong>Hyppe Infiniti 50K Blu Razz Freeze<\/strong>. Questo modello specifico combina la massiccia <strong>Capacit\u00e0 di 50.000 soffi<\/strong> con uno schermo ad alta definizione a 360\u00b0, che consente di monitorare con precisione i livelli di \u201cFreeze\u201d. Non \u00e8 solo una svapata, \u00e8 un viaggio sensoriale ghiacciato integrato nel pi\u00f9 avanzato sistema di svapo. <strong>Hyppe Infinity vape<\/strong> hardware disponibile.<\/p>\n\n\n\n<h2 class=\"wp-block-heading\" id=\"h-flavor-experience-sensory-focus\">Esperienza di gusto - Focus sensoriale<\/h2>\n\n\n\n<p><strong>L'inspirazione iniziale:<\/strong> Il viaggio inizia con un'esplosione elettrica di aspro lampone blu. La bobina a maglie da 1,0\u03a9 atomizza il liquido in una nebbiolina fine che solletica immediatamente il palato con note di frutti di bosco ad alta acidit\u00e0.<\/p>\n\n\n\n<p><strong>L'evoluzione della sezione centrale:<\/strong> Quando il vapore si deposita, l'asprezza tagliente lascia il posto a una dolcezza simile a una caramella. In <strong>Modalit\u00e0 Boost<\/strong>, Questa nota centrale diventa eccezionalmente densa e vellutata.<\/p>\n\n\n\n<p><strong>Il finale e il retrogusto:<\/strong> L'esperienza si conclude con il caratteristico \u201cFreeze\u201d, uno schiocco di mentolo sotto zero che pulisce il palato. Il finale \u00e8 frizzante e lascia una persistente fragranza di bacche fresche, senza alcuna asprezza artificiale.<\/p>\n\n\n\n<p><strong>Texture del vapore:<\/strong> Liscio e costante. Il flusso d'aria ad alta precisione assicura che, anche con 50 mg di nicotina, il colpo in gola sia soddisfacente e deciso.<\/p>\n\n\n\n<h2 class=\"wp-block-heading\" id=\"h-product-specifications\">Specifiche del prodotto<\/h2>\n\n\n\n<figure class=\"wp-block-table\"><table class=\"has-fixed-layout\"><thead><tr><td><strong>Caratteristica<\/strong><\/td><td><strong>Dettagli<\/strong><\/td><\/tr><\/thead><tbody><tr><td><strong>Modello<\/strong><\/td><td>Hyppe Infiniti 50K<\/td><\/tr><tr><td><strong>Sapore specifico<\/strong><\/td><td>Blue Razz Freeze (mentolo\/frutta)<\/td><\/tr><tr><td><strong>Conteggio dei puff<\/strong><\/td><td>Fino a 50.000 boccate<\/td><\/tr><tr><td><strong>Concentrazione di nicotina<\/strong><\/td><td>5% (50 mg)<\/td><\/tr><tr><td><strong>Tipo di bobina<\/strong><\/td><td>Doppia maglia \/ Modalit\u00e0 normale e boost<\/td><\/tr><tr><td><strong>Schermo<\/strong><\/td><td>LED intelligente a 360 gradi<\/td><\/tr><\/tbody><\/table><\/figure>\n\n\n\n<h2 class=\"wp-block-heading\" id=\"h-faq\">Domande frequenti<\/h2>\n\n\n\n<p><strong>D: Per quanto tempo il gusto Blue Razz Freeze rimane costante?<\/strong><\/p>\n\n\n\n<p><strong>A:<\/strong> Grazie al <strong>Hyppe Infiniti 50000<\/strong> Grazie alla tecnologia mesh coil, il profilo aromatico rimane stabile dalla prima all'ultima boccata, evitando il \u201cbruciato\u201d comune ai dispositivi pi\u00f9 piccoli.<\/p>\n\n\n\n<p><strong>D: L'elemento \u201cFreeze\u201d \u00e8 troppo forte?<\/strong><\/p>\n\n\n\n<p><strong>A:<\/strong> Si tratta di un livello di raffreddamento medio-alto, progettato per bilanciare la dolcezza del lampone blu per un'esperienza di svapo rinfrescante per tutto il giorno.<\/p>\n\n\n\n<h2 class=\"wp-block-heading\" id=\"h-related-hyppe-50k-flavors\">Altri gusti Hyppe 50K<\/h2>\n\n\n\n<p>1.<a href=\"https:\/\/vozolvapen.de\/it\/product\/hyppe-infiniti-50k-50000-puffs-naked\/\">NUDO<\/a><br>3.<a href=\"https:\/\/vozolvapen.de\/it\/product\/hyppe-infiniti-50k-50000-puffs-cool-mint\/\">Menta fresca<\/a><br>4.<a href=\"https:\/\/vozolvapen.de\/it\/product\/hyppe-infiniti-50k-50000-puffs-peach-freeze\/\">ZE GRATUITO ALLA PESCA<\/a><br>5.<a href=\"https:\/\/vozolvapen.de\/it\/product\/hyppe-infiniti-50k-50000-puffs-white-gummy-freeze\/\">Gomme bianche congelate<\/a><br>6.<a href=\"https:\/\/vozolvapen.de\/it\/product\/hyppe-infiniti-50k-50000-puffs-sou-summer-fab\/\">Sou Summer Fab<\/a><br>7.<a href=\"https:\/\/vozolvapen.de\/it\/product\/hyppe-infiniti-50k-50000-puffs-hawaiian-fog\/\">HawaiianFoG<\/a><br>8.<a href=\"https:\/\/vozolvapen.de\/it\/product\/hyppe-infiniti-50k-50000-puffs-virginia-tobacco\/\">VirginiaTabacco<\/a><br>9.<a href=\"https:\/\/vozolvapen.de\/it\/product\/hyppe-infiniti-50k-50000-puffs-grape-aloe-freeze\/\">Aloe congelata all'uva<\/a><br>10.<a href=\"https:\/\/vozolvapen.de\/it\/product\/hyppe-infiniti-50k-50000-puffs-sour-watermelon-freeze\/\">Anguria acida congelata<\/a><br>11.<a href=\"https:\/\/vozolvapen.de\/it\/product\/hyppe-infiniti-50k-50000-puffs-kiwi-melon-blush\/\">BLUSH AL KIWI MELONE<\/a><br>12.<a href=\"https:\/\/vozolvapen.de\/it\/product\/hyppe-infiniti-50k-50000-puffs-mighty-mint\/\">MightyMint<\/a><br>13.<a href=\"https:\/\/vozolvapen.de\/it\/product\/hyppe-infiniti-50k-50000-puffs-fizzy-cola\/\">COLA FRIZZANTE<\/a><\/p>\n\n\n\n<p><\/p>","protected":false},"excerpt":{"rendered":"<p>Una fusione elettrica di bacche aspre e mentolo sotto zero. <b data-path-to-node=\"11,2,0\" data-index-in-node=\"76\">Blu Razz Freeze Hyppe Infiniti 50K<\/b> offre un sapore ad alta saturazione per 50.000 boccate. Tracciato di precisione grazie al coinvolgente display intelligente avvolgente.<\/p>","protected":false},"featured_media":69905,"comment_status":"open","ping_status":"closed","template":"","meta":{"_acf_changed":false},"product_brand":[],"product_cat":[170],"product_tag":[],"class_list":{"0":"post-69724","1":"product","2":"type-product","3":"status-publish","4":"has-post-thumbnail","6":"product_cat-hyppe-infiniti-50k-50000-puffs","8":"first","9":"instock","10":"shipping-taxable","11":"purchasable","12":"product-type-variable"},"acf":[],"yoast_head":"<!-- This site is optimized with the Yoast SEO Premium plugin v26.1 (Yoast SEO v27.5) - https:\/\/yoast.com\/product\/yoast-seo-premium-wordpress\/ -->\n<title>Blue Razz Freeze Hyppe Infiniti 50K | Icy 50000 Puffs Disposable<\/title>\n<meta name=\"description\" content=\"Shop Blue Razz Freeze Hyppe Infiniti 50K. 50,000 puffs of tart blue raspberry with an arctic finish. Featuring the world&#039;s first 360\u00b0 vape display.\" \/>\n<meta name=\"robots\" content=\"index, follow, max-snippet:-1, max-image-preview:large, max-video-preview:-1\" \/>\n<link rel=\"canonical\" href=\"https:\/\/vozolvapen.de\/it\/product\/hyppe-infiniti-50k-50000-puffs-blue-razz-freeze\/\" \/>\n<meta property=\"og:locale\" content=\"it_IT\" \/>\n<meta property=\"og:type\" content=\"article\" \/>\n<meta property=\"og:title\" content=\"Hyppe Infiniti 50K 50000 Puffs - Blue Razz Freeze\" \/>\n<meta property=\"og:description\" content=\"Shop Blue Razz Freeze Hyppe Infiniti 50K. 50,000 puffs of tart blue raspberry with an arctic finish. Featuring the world&#039;s first 360\u00b0 vape display.\" \/>\n<meta property=\"og:url\" content=\"https:\/\/vozolvapen.de\/it\/product\/hyppe-infiniti-50k-50000-puffs-blue-razz-freeze\/\" \/>\n<meta property=\"og:site_name\" content=\"vozolvapen\" \/>\n<meta property=\"article:modified_time\" content=\"2026-05-11T07:28:47+00:00\" \/>\n<meta property=\"og:image\" content=\"https:\/\/vozolvapen.de\/wp-content\/uploads\/2026\/05\/blue-razz-freeze-Hyppe-Infiniti-50K-50000-Puffs.webp\" \/>\n\t<meta property=\"og:image:width\" content=\"800\" \/>\n\t<meta property=\"og:image:height\" content=\"800\" \/>\n\t<meta property=\"og:image:type\" content=\"image\/webp\" \/>\n<meta name=\"twitter:card\" content=\"summary_large_image\" \/>\n<meta name=\"twitter:label1\" content=\"Tempo di lettura stimato\" \/>\n\t<meta name=\"twitter:data1\" content=\"2 minuti\" \/>\n<script type=\"application\/ld+json\" class=\"yoast-schema-graph\">{\"@context\":\"https:\\\/\\\/schema.org\",\"@graph\":[{\"@type\":\"WebPage\",\"@id\":\"https:\\\/\\\/vozolvapen.de\\\/product\\\/hyppe-infiniti-50k-50000-puffs-blue-razz-freeze\\\/\",\"url\":\"https:\\\/\\\/vozolvapen.de\\\/product\\\/hyppe-infiniti-50k-50000-puffs-blue-razz-freeze\\\/\",\"name\":\"Blue Razz Freeze Hyppe Infiniti 50K | Icy 50000 Puffs Disposable\",\"isPartOf\":{\"@id\":\"https:\\\/\\\/vozolvapen.de\\\/#website\"},\"primaryImageOfPage\":{\"@id\":\"https:\\\/\\\/vozolvapen.de\\\/product\\\/hyppe-infiniti-50k-50000-puffs-blue-razz-freeze\\\/#primaryimage\"},\"image\":{\"@id\":\"https:\\\/\\\/vozolvapen.de\\\/product\\\/hyppe-infiniti-50k-50000-puffs-blue-razz-freeze\\\/#primaryimage\"},\"thumbnailUrl\":\"https:\\\/\\\/vozolvapen.de\\\/wp-content\\\/uploads\\\/2026\\\/05\\\/blue-razz-freeze-Hyppe-Infiniti-50K-50000-Puffs.webp\",\"datePublished\":\"2026-05-11T05:55:23+00:00\",\"dateModified\":\"2026-05-11T07:28:47+00:00\",\"description\":\"Shop Blue Razz Freeze Hyppe Infiniti 50K. 50,000 puffs of tart blue raspberry with an arctic finish. Featuring the world's first 360\u00b0 vape display.\",\"breadcrumb\":{\"@id\":\"https:\\\/\\\/vozolvapen.de\\\/product\\\/hyppe-infiniti-50k-50000-puffs-blue-razz-freeze\\\/#breadcrumb\"},\"inLanguage\":\"it-IT\",\"potentialAction\":[{\"@type\":\"ReadAction\",\"target\":[\"https:\\\/\\\/vozolvapen.de\\\/product\\\/hyppe-infiniti-50k-50000-puffs-blue-razz-freeze\\\/\"]}]},{\"@type\":\"ImageObject\",\"inLanguage\":\"it-IT\",\"@id\":\"https:\\\/\\\/vozolvapen.de\\\/product\\\/hyppe-infiniti-50k-50000-puffs-blue-razz-freeze\\\/#primaryimage\",\"url\":\"https:\\\/\\\/vozolvapen.de\\\/wp-content\\\/uploads\\\/2026\\\/05\\\/blue-razz-freeze-Hyppe-Infiniti-50K-50000-Puffs.webp\",\"contentUrl\":\"https:\\\/\\\/vozolvapen.de\\\/wp-content\\\/uploads\\\/2026\\\/05\\\/blue-razz-freeze-Hyppe-Infiniti-50K-50000-Puffs.webp\",\"width\":800,\"height\":800,\"caption\":\"Blue Razz Freeze Hyppe Infiniti 50k 50000 Puffs Disposable Vape Device\"},{\"@type\":\"BreadcrumbList\",\"@id\":\"https:\\\/\\\/vozolvapen.de\\\/product\\\/hyppe-infiniti-50k-50000-puffs-blue-razz-freeze\\\/#breadcrumb\",\"itemListElement\":[{\"@type\":\"ListItem\",\"position\":1,\"name\":\"Home\",\"item\":\"https:\\\/\\\/vozolvapen.de\\\/de\\\/\"},{\"@type\":\"ListItem\",\"position\":2,\"name\":\"Shop\",\"item\":\"https:\\\/\\\/vozolvapen.de\\\/shop\\\/\"},{\"@type\":\"ListItem\",\"position\":3,\"name\":\"Hyppe Infiniti 50K 50000 Puffs &#8211; Blue Razz Freeze\"}]},{\"@type\":\"WebSite\",\"@id\":\"https:\\\/\\\/vozolvapen.de\\\/#website\",\"url\":\"https:\\\/\\\/vozolvapen.de\\\/\",\"name\":\"vozolvapen\",\"description\":\"vozolvapen\",\"publisher\":{\"@id\":\"https:\\\/\\\/vozolvapen.de\\\/#organization\"},\"potentialAction\":[{\"@type\":\"SearchAction\",\"target\":{\"@type\":\"EntryPoint\",\"urlTemplate\":\"https:\\\/\\\/vozolvapen.de\\\/?s={search_term_string}\"},\"query-input\":{\"@type\":\"PropertyValueSpecification\",\"valueRequired\":true,\"valueName\":\"search_term_string\"}}],\"inLanguage\":\"it-IT\"},{\"@type\":\"Organization\",\"@id\":\"https:\\\/\\\/vozolvapen.de\\\/#organization\",\"name\":\"vozolvapen\",\"url\":\"https:\\\/\\\/vozolvapen.de\\\/\",\"logo\":{\"@type\":\"ImageObject\",\"inLanguage\":\"it-IT\",\"@id\":\"https:\\\/\\\/vozolvapen.de\\\/#\\\/schema\\\/logo\\\/image\\\/\",\"url\":\"https:\\\/\\\/vozolvapen.de\\\/wp-content\\\/uploads\\\/2025\\\/12\\\/cropped-vozovapen-logo.webp\",\"contentUrl\":\"https:\\\/\\\/vozolvapen.de\\\/wp-content\\\/uploads\\\/2025\\\/12\\\/cropped-vozovapen-logo.webp\",\"width\":470,\"height\":110,\"caption\":\"vozolvapen\"},\"image\":{\"@id\":\"https:\\\/\\\/vozolvapen.de\\\/#\\\/schema\\\/logo\\\/image\\\/\"}}]}<\/script>\n<!-- \/ Yoast SEO Premium plugin. -->","yoast_head_json":{"title":"Blue Razz Freeze Hyppe Infiniti 50K | Icy 50000 Puffs usa e getta","description":"Acquista Blue Razz Freeze Hyppe Infiniti 50K. 50.000 boccate di aspro lampone blu con una finitura artica. Con il primo display di svapo al mondo a 360\u00b0.","robots":{"index":"index","follow":"follow","max-snippet":"max-snippet:-1","max-image-preview":"max-image-preview:large","max-video-preview":"max-video-preview:-1"},"canonical":"https:\/\/vozolvapen.de\/it\/product\/hyppe-infiniti-50k-50000-puffs-blue-razz-freeze\/","og_locale":"it_IT","og_type":"article","og_title":"Hyppe Infiniti 50K 50000 Puffs - Blue Razz Freeze","og_description":"Shop Blue Razz Freeze Hyppe Infiniti 50K. 50,000 puffs of tart blue raspberry with an arctic finish. Featuring the world's first 360\u00b0 vape display.","og_url":"https:\/\/vozolvapen.de\/it\/product\/hyppe-infiniti-50k-50000-puffs-blue-razz-freeze\/","og_site_name":"vozolvapen","article_modified_time":"2026-05-11T07:28:47+00:00","og_image":[{"width":800,"height":800,"url":"https:\/\/vozolvapen.de\/wp-content\/uploads\/2026\/05\/blue-razz-freeze-Hyppe-Infiniti-50K-50000-Puffs.webp","type":"image\/webp"}],"twitter_card":"summary_large_image","twitter_misc":{"Tempo di lettura stimato":"2 minuti"},"schema":{"@context":"https:\/\/schema.org","@graph":[{"@type":"WebPage","@id":"https:\/\/vozolvapen.de\/product\/hyppe-infiniti-50k-50000-puffs-blue-razz-freeze\/","url":"https:\/\/vozolvapen.de\/product\/hyppe-infiniti-50k-50000-puffs-blue-razz-freeze\/","name":"Blue Razz Freeze Hyppe Infiniti 50K | Icy 50000 Puffs usa e getta","isPartOf":{"@id":"https:\/\/vozolvapen.de\/#website"},"primaryImageOfPage":{"@id":"https:\/\/vozolvapen.de\/product\/hyppe-infiniti-50k-50000-puffs-blue-razz-freeze\/#primaryimage"},"image":{"@id":"https:\/\/vozolvapen.de\/product\/hyppe-infiniti-50k-50000-puffs-blue-razz-freeze\/#primaryimage"},"thumbnailUrl":"https:\/\/vozolvapen.de\/wp-content\/uploads\/2026\/05\/blue-razz-freeze-Hyppe-Infiniti-50K-50000-Puffs.webp","datePublished":"2026-05-11T05:55:23+00:00","dateModified":"2026-05-11T07:28:47+00:00","description":"Acquista Blue Razz Freeze Hyppe Infiniti 50K. 50.000 boccate di aspro lampone blu con una finitura artica. Con il primo display di svapo al mondo a 360\u00b0.","breadcrumb":{"@id":"https:\/\/vozolvapen.de\/product\/hyppe-infiniti-50k-50000-puffs-blue-razz-freeze\/#breadcrumb"},"inLanguage":"it-IT","potentialAction":[{"@type":"ReadAction","target":["https:\/\/vozolvapen.de\/product\/hyppe-infiniti-50k-50000-puffs-blue-razz-freeze\/"]}]},{"@type":"ImageObject","inLanguage":"it-IT","@id":"https:\/\/vozolvapen.de\/product\/hyppe-infiniti-50k-50000-puffs-blue-razz-freeze\/#primaryimage","url":"https:\/\/vozolvapen.de\/wp-content\/uploads\/2026\/05\/blue-razz-freeze-Hyppe-Infiniti-50K-50000-Puffs.webp","contentUrl":"https:\/\/vozolvapen.de\/wp-content\/uploads\/2026\/05\/blue-razz-freeze-Hyppe-Infiniti-50K-50000-Puffs.webp","width":800,"height":800,"caption":"Blue Razz Freeze Hyppe Infiniti 50k 50000 Puffs Disposable Vape Device"},{"@type":"BreadcrumbList","@id":"https:\/\/vozolvapen.de\/product\/hyppe-infiniti-50k-50000-puffs-blue-razz-freeze\/#breadcrumb","itemListElement":[{"@type":"ListItem","position":1,"name":"Home","item":"https:\/\/vozolvapen.de\/de\/"},{"@type":"ListItem","position":2,"name":"Shop","item":"https:\/\/vozolvapen.de\/shop\/"},{"@type":"ListItem","position":3,"name":"Hyppe Infiniti 50K 50000 Puffs &#8211; Blue Razz Freeze"}]},{"@type":"WebSite","@id":"https:\/\/vozolvapen.de\/#website","url":"https:\/\/vozolvapen.de\/","name":"vozolvapen","description":"vozolvapen","publisher":{"@id":"https:\/\/vozolvapen.de\/#organization"},"potentialAction":[{"@type":"SearchAction","target":{"@type":"EntryPoint","urlTemplate":"https:\/\/vozolvapen.de\/?s={search_term_string}"},"query-input":{"@type":"PropertyValueSpecification","valueRequired":true,"valueName":"search_term_string"}}],"inLanguage":"it-IT"},{"@type":"Organization","@id":"https:\/\/vozolvapen.de\/#organization","name":"vozolvapen","url":"https:\/\/vozolvapen.de\/","logo":{"@type":"ImageObject","inLanguage":"it-IT","@id":"https:\/\/vozolvapen.de\/#\/schema\/logo\/image\/","url":"https:\/\/vozolvapen.de\/wp-content\/uploads\/2025\/12\/cropped-vozovapen-logo.webp","contentUrl":"https:\/\/vozolvapen.de\/wp-content\/uploads\/2025\/12\/cropped-vozovapen-logo.webp","width":470,"height":110,"caption":"vozolvapen"},"image":{"@id":"https:\/\/vozolvapen.de\/#\/schema\/logo\/image\/"}}]}},"tiered_pricing_type":"fixed","tiered_pricing_fixed_rules":{"30":"11.8","50":"9.3","100":"8.8","200":"8.2"},"tiered_pricing_product_settings":{"layout":"default","base_unit_name":{"singular":null,"plural":null},"default_variation":null},"tiered_pricing_minimum_quantity":10,"tiered_pricing_roles_data":[],"tiered_pricing_percentage_rules":[],"tiered_pricing_maximum_quantity":null,"tiered_pricing_quantity_step":"10","_links":{"self":[{"href":"https:\/\/vozolvapen.de\/it\/wp-json\/wp\/v2\/product\/69724","targetHints":{"allow":["GET"]}}],"collection":[{"href":"https:\/\/vozolvapen.de\/it\/wp-json\/wp\/v2\/product"}],"about":[{"href":"https:\/\/vozolvapen.de\/it\/wp-json\/wp\/v2\/types\/product"}],"replies":[{"embeddable":true,"href":"https:\/\/vozolvapen.de\/it\/wp-json\/wp\/v2\/comments?post=69724"}],"wp:featuredmedia":[{"embeddable":true,"href":"https:\/\/vozolvapen.de\/it\/wp-json\/wp\/v2\/media\/69905"}],"wp:attachment":[{"href":"https:\/\/vozolvapen.de\/it\/wp-json\/wp\/v2\/media?parent=69724"}],"wp:term":[{"taxonomy":"product_brand","embeddable":true,"href":"https:\/\/vozolvapen.de\/it\/wp-json\/wp\/v2\/product_brand?post=69724"},{"taxonomy":"product_cat","embeddable":true,"href":"https:\/\/vozolvapen.de\/it\/wp-json\/wp\/v2\/product_cat?post=69724"},{"taxonomy":"product_tag","embeddable":true,"href":"https:\/\/vozolvapen.de\/it\/wp-json\/wp\/v2\/product_tag?post=69724"}],"curies":[{"name":"wp","href":"https:\/\/api.w.org\/{rel}","templated":true}]}}