{"id":70157,"date":"2026-05-12T09:01:46","date_gmt":"2026-05-12T09:01:46","guid":{"rendered":"https:\/\/vozolvapen.de\/?post_type=product&#038;p=70157"},"modified":"2026-05-12T09:42:26","modified_gmt":"2026-05-12T09:42:26","slug":"bnag-leader-450k-pod-3-watermelon-ice-red-bull","status":"publish","type":"product","link":"https:\/\/vozolvapen.de\/it\/product\/bnag-leader-450k-pod-3-watermelon-ice-red-bull\/","title":{"rendered":"Bnag Leader 450k - Pod 3: Hub Arctic Energy &amp; Vitality 15 in 1"},"content":{"rendered":"<p>Il <strong>Capo Bnag 450k<\/strong> (Bnag Leader 450000) rappresenta l'apice di <strong>Ottimizzazione dei vape usa e getta<\/strong>. <strong>Pod 3<\/strong> \u00e8 pensato per coloro che esigono un sapore intenso e una rinfrescante freschezza. Come leader di mercato <strong>450k vape<\/strong>, integra una rivoluzionaria <strong>Gusto 15 in 1<\/strong> ibrido, che consente di gestire l'esperienza delle 450.000 boccate con una versatilit\u00e0 e una precisione senza pari.<\/p>\n\n\n\n<h2 class=\"wp-block-heading\" id=\"h-technical-parameters-amp-performance\"><strong>Parametri tecnici e prestazioni:<\/strong><\/h2>\n\n\n\n<ul class=\"wp-block-list\">\n<li><strong>Conteggio dei puff:<\/strong> Fino a 450.000 boccate (longevit\u00e0 senza pari)<\/li>\n\n\n\n<li><strong>Logica del sapore:<\/strong> Sistema ibrido dinamico 15 in 1<\/li>\n\n\n\n<li><strong>Hardware:<\/strong> Bobina a maglia avanzata da 1,2\u03a9 | Batteria ad alta densit\u00e0 da 850 mAh<\/li>\n\n\n\n<li><strong>Ricarica:<\/strong> Ricarica rapida Type-C ad alta velocit\u00e0<\/li>\n\n\n\n<li><strong>Precisione della nicotina:<\/strong> 0% | 2% | 3% | 5% Livelli di sale di nicotina<\/li>\n<\/ul>\n\n\n\n<h2 class=\"wp-block-heading\">\ud83c\udfa8 Il mazzo di sapori 15 in 1 \u201cVitality\u201d (Pod 3)<\/h2>\n\n\n\n<p>Perch\u00e9 scegliere tra frutta e carburante? <strong>Pod 3<\/strong> ospita quattro gusti base ad alta intensit\u00e0. Utilizzando la levetta ibrida meccanica, \u00e8 possibile gustarli puri o creare 11 fusioni personalizzate \u201cEnergy-Ice\u201d.<\/p>\n\n\n\n<h3 class=\"wp-block-heading\"><strong>I 4 profili di vitalit\u00e0 di base:<\/strong><\/h3>\n\n\n\n<ol start=\"1\" class=\"wp-block-list\">\n<li><strong>Gelato all'anguria:<\/strong> Un'inalazione di anguria croccante e ricoperta di brina che agisce come un perfetto refrigerante.<\/li>\n\n\n\n<li><strong>Red Bull (bevanda energetica):<\/strong> Un profilo energetico piccante e ad alta saturazione che risveglia le papille gustative.<\/li>\n\n\n\n<li><strong>Fragola e kiwi:<\/strong> Un classico binomio agrodolce con un sapore brillante e tropicale.<\/li>\n\n\n\n<li><strong>Gelato al mirtillo:<\/strong> Un profilo profondo e vellutato di bacche di bosco con un finale sotto zero.<\/li>\n<\/ol>\n\n\n\n<h3 class=\"wp-block-heading\"><strong>Miscele ibride d'autore:<\/strong><\/h3>\n\n\n\n<ul class=\"wp-block-list\">\n<li><strong>Il carburante gelido (Mix 1+2):<\/strong> Il ghiaccio all'anguria incontra la Red Bull per una sensazione di \u201cenergia sul ghiaccio\u201d senza precedenti.<\/li>\n\n\n\n<li><strong>Arctic Berry Blast (Mix 3+4):<\/strong> Una densa combinazione di fragole, kiwi e mirtilli per un gelo di bacche a pi\u00f9 strati.<\/li>\n\n\n\n<li><strong>Energia tropicale (Mix 2+3):<\/strong> Red Bull infusa con il nettare aspro della fragola e del kiwi.<\/li>\n\n\n\n<li><strong>Il mix artico definitivo (mix 1+2+3+4):<\/strong> Tutte e quattro le camere si aprono per una complessa e rivitalizzante sinfonia di frutta-energia 15 in 1.<\/li>\n<\/ul>\n\n\n\n<h2 class=\"wp-block-heading\">\ud83e\uddec Focus sensoriale: Saturazione del vapore di precisione<\/h2>\n\n\n\n<p>Sfruttamento <strong>SEO dei prodotti del vaping<\/strong> ci concentriamo sulla specifica sensazione in bocca e sul percorso sensoriale del vino. <strong>Bnag Leader 450000<\/strong>\u2018prestazioni della bobina a maglia da 1,2\u03a9.<\/p>\n\n\n\n<ul class=\"wp-block-list\">\n<li><strong>L'inspirazione:<\/strong> Un \u201czing\u201d immediato e deciso dalla base di Red Bull, stratificato con una rinfrescante brezza artica di Watermelon Ice.<\/li>\n\n\n\n<li><strong>La sezione centrale:<\/strong> Lo Strawberry Kiwi fornisce un corpo rigoglioso e marmellatoso al vapore, assicurando una densit\u00e0 di nuvole densa e soddisfacente.<\/li>\n\n\n\n<li><strong>Il retrogusto:<\/strong> Una brina di mirtillo pulita e persistente. La bobina da 1,2\u03a9 impedisce l'affievolimento del sapore, garantendo che il gusto \u201cRed Bull\u201d rimanga nitido anche dopo mesi di utilizzo.<\/li>\n<\/ul>\n\n\n\n<h2 class=\"wp-block-heading\">\u2753 FAQ e ottimizzazione dei Rich Snippet<\/h2>\n\n\n\n<p><strong>D: Come si passa da un gusto all'altro sul Bnag Leader 450k?<\/strong><\/p>\n\n\n\n<p> <strong>A:<\/strong> Il <strong>Bnag Leader 450000<\/strong> \u00e8 dotato di un sistema meccanico a levetta. Selezionando uno o pi\u00f9 interruttori, si attivano le camere interne per ottenere un sapore puro o un aroma personalizzato. <strong>Gusti 15 in 1<\/strong> mix ibrido.<\/p>\n\n\n\n<p><strong>D: Il Bnag Leader 450k \u00e8 adatto per ordini all'ingrosso?<\/strong> <\/p>\n\n\n\n<p><strong>A:<\/strong> Si. Siamo specializzati in <strong>Marketing digitale dei negozi di vape<\/strong> e distribuzione. Pod 3 \u00e8 disponibile in scatole da 10 pezzi pronte per la vendita al dettaglio, con prezzi competitivi per i grossisti di tutto il mondo.<\/p>\n\n\n\n<p><strong>D: La batteria da 850 mAh supporta la capacit\u00e0 di 450.000 puff?<\/strong> <\/p>\n\n\n\n<p><strong>A:<\/strong> Assolutamente. La batteria al cobalto da 850 mAh \u00e8 stata progettata per garantire la stabilit\u00e0 ed \u00e8 <strong>Ricaricabile di tipo C<\/strong>, per garantire l'utilizzo di ogni goccia di e-liquid nella confezione. <strong>450k vape<\/strong> serbatoio.<\/p>\n\n\n\n<h2 class=\"wp-block-heading\">\ud83d\udd0d Esplora altre esperienze sensoriali 15 in 1<\/h2>\n\n\n\n<p>Se vi \u00e8 piaciuta la complessa tecnologia ibrida del <strong>Bnag Leader 450000<\/strong>, scoprite queste alternative curate, progettate per spingere i confini della <strong>450k vape<\/strong> rivoluzione.<\/p>\n\n\n\n<p>1.<a href=\"https:\/\/vozolvapen.de\/it\/product\/bnag-leader-450k-pod-1-watermelon-cherry-mango\/\">Stazione rosso tropicale e mango<\/a><br>2.<a href=\"https:\/\/vozolvapen.de\/it\/product\/bnag-leader-450k-pod-2-cola-ice-energy-drink\/\">Soda e scintille energetiche<\/a><br>4.<a href=\"https:\/\/vozolvapen.de\/it\/product\/bnag-leader-450k-pod-4-pineapple-coconut-mango-peach\/\">Crema di isole esotiche<\/a><br>5.<a href=\"https:\/\/vozolvapen.de\/it\/product\/bnag-leader-450k-pod-5-energy-drink-blueberry-watermelon-gummy-bear\/\">Energia di caramella acida<\/a><br>6.<a href=\"https:\/\/vozolvapen.de\/it\/product\/bnag-leader-450k-pod-6-strawberry-watermelon-kiwi-guava\/\">Antologia del frutteto estivo<\/a><br>7.<a href=\"https:\/\/vozolvapen.de\/it\/product\/bnag-leader-450k-pod-7-fuji-apple-ice-blueberry-mint-lime-romance\/\">Romanticismo e menta Fuji<\/a><br>8.<a href=\"https:\/\/vozolvapen.de\/it\/product\/bnag-leader-450k-pod-8-peach-ice-blueberry-ice-rainbow-candy-lemon-sour-orange\/\">Zest di caramelle arcobaleno<\/a><br>9.<a href=\"https:\/\/vozolvapen.de\/it\/product\/bnag-leader-450k-pod-9-blueberry-ice-peach-mango-watermelon-passion-kiss-melon-apple\/\">Bacio al melone della passione<\/a><br>10.<a href=\"https:\/\/vozolvapen.de\/it\/product\/bnag-leader-450k-pod-10-watermelon-ice-blueberry-cherry-sour-mango-pineapple\/\">Ananas acido estivo<\/a><br>11.<a href=\"https:\/\/vozolvapen.de\/it\/product\/bnag-leader-450k-pod-11-california-cherry-passion-fruit-mango-berry-mix\/\">Raccolta di bacche in California<\/a><br>12.<a href=\"https:\/\/vozolvapen.de\/it\/product\/bnag-leader-450k-pod-12-love66-red-mojito-strawberry-mango\/\">Lounge Love &amp; Mojito<\/a><\/p>","protected":false},"excerpt":{"rendered":"<p data-path-to-node=\"5\">Il concentrato di energia artica. Con Red Bull e il croccante Watermelon Ice, questo <b data-path-to-node=\"5\" data-index-in-node=\"118\">450k vape<\/b> \u00e8 bilanciato da fragole, kiwi e mirtilli. Ottimizzato per la vitalit\u00e0, assicura che ogni 450.000 boccate sia di massima intensit\u00e0.<\/p>","protected":false},"featured_media":70827,"comment_status":"open","ping_status":"closed","template":"","meta":{"_acf_changed":false},"product_brand":[],"product_cat":[171],"product_tag":[],"class_list":{"0":"post-70157","1":"product","2":"type-product","3":"status-publish","4":"has-post-thumbnail","6":"product_cat-puff-450k-bang-leader-450k-15-in-1","8":"first","9":"instock","10":"shipping-taxable","11":"purchasable","12":"product-type-variable"},"acf":[],"yoast_head":"<!-- This site is optimized with the Yoast SEO Premium plugin v26.1 (Yoast SEO v27.5) - https:\/\/yoast.com\/product\/yoast-seo-premium-wordpress\/ -->\n<title>Bnag Leader 450k Pod 3 | 450k Puffs Red Bull &amp; Watermelon Ice<\/title>\n<meta name=\"description\" content=\"Experience the ultimate energy hit with Bnag Leader 450k Pod 3. 450,000 puffs of Red Bull, Watermelon Ice, Strawberry Kiwi, and Blueberry Ice. 15-in-1 hybrid tech.\" \/>\n<meta name=\"robots\" content=\"index, follow, max-snippet:-1, max-image-preview:large, max-video-preview:-1\" \/>\n<link rel=\"canonical\" href=\"https:\/\/vozolvapen.de\/it\/product\/bnag-leader-450k-pod-3-watermelon-ice-red-bull\/\" \/>\n<meta property=\"og:locale\" content=\"it_IT\" \/>\n<meta property=\"og:type\" content=\"article\" \/>\n<meta property=\"og:title\" content=\"Bnag Leader 450k - Pod 3: Arctic Energy &amp; Vitality 15-in-1 Hub\" \/>\n<meta property=\"og:description\" content=\"Experience the ultimate energy hit with Bnag Leader 450k Pod 3. 450,000 puffs of Red Bull, Watermelon Ice, Strawberry Kiwi, and Blueberry Ice. 15-in-1 hybrid tech.\" \/>\n<meta property=\"og:url\" content=\"https:\/\/vozolvapen.de\/it\/product\/bnag-leader-450k-pod-3-watermelon-ice-red-bull\/\" \/>\n<meta property=\"og:site_name\" content=\"vozolvapen\" \/>\n<meta property=\"article:modified_time\" content=\"2026-05-12T09:42:26+00:00\" \/>\n<meta property=\"og:image\" content=\"https:\/\/vozolvapen.de\/wp-content\/uploads\/2026\/05\/450k-puffs-Bnag-Leader-450k-The-Icy-Revitalizer.webp\" \/>\n\t<meta property=\"og:image:width\" content=\"768\" \/>\n\t<meta property=\"og:image:height\" content=\"768\" \/>\n\t<meta property=\"og:image:type\" content=\"image\/webp\" \/>\n<meta name=\"twitter:card\" content=\"summary_large_image\" \/>\n<meta name=\"twitter:label1\" content=\"Tempo di lettura stimato\" \/>\n\t<meta name=\"twitter:data1\" content=\"3 minuti\" \/>\n<script type=\"application\/ld+json\" class=\"yoast-schema-graph\">{\"@context\":\"https:\\\/\\\/schema.org\",\"@graph\":[{\"@type\":\"WebPage\",\"@id\":\"https:\\\/\\\/vozolvapen.de\\\/product\\\/bnag-leader-450k-pod-3-watermelon-ice-red-bull\\\/\",\"url\":\"https:\\\/\\\/vozolvapen.de\\\/product\\\/bnag-leader-450k-pod-3-watermelon-ice-red-bull\\\/\",\"name\":\"Bnag Leader 450k Pod 3 | 450k Puffs Red Bull & Watermelon Ice\",\"isPartOf\":{\"@id\":\"https:\\\/\\\/vozolvapen.de\\\/#website\"},\"primaryImageOfPage\":{\"@id\":\"https:\\\/\\\/vozolvapen.de\\\/product\\\/bnag-leader-450k-pod-3-watermelon-ice-red-bull\\\/#primaryimage\"},\"image\":{\"@id\":\"https:\\\/\\\/vozolvapen.de\\\/product\\\/bnag-leader-450k-pod-3-watermelon-ice-red-bull\\\/#primaryimage\"},\"thumbnailUrl\":\"https:\\\/\\\/vozolvapen.de\\\/wp-content\\\/uploads\\\/2026\\\/05\\\/450k-puffs-Bnag-Leader-450k-The-Icy-Revitalizer.webp\",\"datePublished\":\"2026-05-12T09:01:46+00:00\",\"dateModified\":\"2026-05-12T09:42:26+00:00\",\"description\":\"Experience the ultimate energy hit with Bnag Leader 450k Pod 3. 450,000 puffs of Red Bull, Watermelon Ice, Strawberry Kiwi, and Blueberry Ice. 15-in-1 hybrid tech.\",\"breadcrumb\":{\"@id\":\"https:\\\/\\\/vozolvapen.de\\\/product\\\/bnag-leader-450k-pod-3-watermelon-ice-red-bull\\\/#breadcrumb\"},\"inLanguage\":\"it-IT\",\"potentialAction\":[{\"@type\":\"ReadAction\",\"target\":[\"https:\\\/\\\/vozolvapen.de\\\/product\\\/bnag-leader-450k-pod-3-watermelon-ice-red-bull\\\/\"]}]},{\"@type\":\"ImageObject\",\"inLanguage\":\"it-IT\",\"@id\":\"https:\\\/\\\/vozolvapen.de\\\/product\\\/bnag-leader-450k-pod-3-watermelon-ice-red-bull\\\/#primaryimage\",\"url\":\"https:\\\/\\\/vozolvapen.de\\\/wp-content\\\/uploads\\\/2026\\\/05\\\/450k-puffs-Bnag-Leader-450k-The-Icy-Revitalizer.webp\",\"contentUrl\":\"https:\\\/\\\/vozolvapen.de\\\/wp-content\\\/uploads\\\/2026\\\/05\\\/450k-puffs-Bnag-Leader-450k-The-Icy-Revitalizer.webp\",\"width\":768,\"height\":768,\"caption\":\"450k Puffs Bnag Leader The Icy Revitalizer Disposable Vape Device\"},{\"@type\":\"BreadcrumbList\",\"@id\":\"https:\\\/\\\/vozolvapen.de\\\/product\\\/bnag-leader-450k-pod-3-watermelon-ice-red-bull\\\/#breadcrumb\",\"itemListElement\":[{\"@type\":\"ListItem\",\"position\":1,\"name\":\"Home\",\"item\":\"https:\\\/\\\/vozolvapen.de\\\/de\\\/\"},{\"@type\":\"ListItem\",\"position\":2,\"name\":\"Shop\",\"item\":\"https:\\\/\\\/vozolvapen.de\\\/shop\\\/\"},{\"@type\":\"ListItem\",\"position\":3,\"name\":\"Bnag Leader 450k &#8211; Pod 3: Arctic Energy &amp; Vitality 15-in-1 Hub\"}]},{\"@type\":\"WebSite\",\"@id\":\"https:\\\/\\\/vozolvapen.de\\\/#website\",\"url\":\"https:\\\/\\\/vozolvapen.de\\\/\",\"name\":\"vozolvapen\",\"description\":\"vozolvapen\",\"publisher\":{\"@id\":\"https:\\\/\\\/vozolvapen.de\\\/#organization\"},\"potentialAction\":[{\"@type\":\"SearchAction\",\"target\":{\"@type\":\"EntryPoint\",\"urlTemplate\":\"https:\\\/\\\/vozolvapen.de\\\/?s={search_term_string}\"},\"query-input\":{\"@type\":\"PropertyValueSpecification\",\"valueRequired\":true,\"valueName\":\"search_term_string\"}}],\"inLanguage\":\"it-IT\"},{\"@type\":\"Organization\",\"@id\":\"https:\\\/\\\/vozolvapen.de\\\/#organization\",\"name\":\"vozolvapen\",\"url\":\"https:\\\/\\\/vozolvapen.de\\\/\",\"logo\":{\"@type\":\"ImageObject\",\"inLanguage\":\"it-IT\",\"@id\":\"https:\\\/\\\/vozolvapen.de\\\/#\\\/schema\\\/logo\\\/image\\\/\",\"url\":\"https:\\\/\\\/vozolvapen.de\\\/wp-content\\\/uploads\\\/2025\\\/12\\\/cropped-vozovapen-logo.webp\",\"contentUrl\":\"https:\\\/\\\/vozolvapen.de\\\/wp-content\\\/uploads\\\/2025\\\/12\\\/cropped-vozovapen-logo.webp\",\"width\":470,\"height\":110,\"caption\":\"vozolvapen\"},\"image\":{\"@id\":\"https:\\\/\\\/vozolvapen.de\\\/#\\\/schema\\\/logo\\\/image\\\/\"}}]}<\/script>\n<!-- \/ Yoast SEO Premium plugin. -->","yoast_head_json":{"title":"Bnag Leader 450k Pod 3 | 450k Puffs Red Bull &amp; Watermelon Ice","description":"Provate il massimo dell'energia con Bnag Leader 450k Pod 3. 450.000 boccate di Red Bull, Watermelon Ice, Strawberry Kiwi e Blueberry Ice. Tecnologia ibrida 15 in 1.","robots":{"index":"index","follow":"follow","max-snippet":"max-snippet:-1","max-image-preview":"max-image-preview:large","max-video-preview":"max-video-preview:-1"},"canonical":"https:\/\/vozolvapen.de\/it\/product\/bnag-leader-450k-pod-3-watermelon-ice-red-bull\/","og_locale":"it_IT","og_type":"article","og_title":"Bnag Leader 450k - Pod 3: Arctic Energy &amp; Vitality 15-in-1 Hub","og_description":"Experience the ultimate energy hit with Bnag Leader 450k Pod 3. 450,000 puffs of Red Bull, Watermelon Ice, Strawberry Kiwi, and Blueberry Ice. 15-in-1 hybrid tech.","og_url":"https:\/\/vozolvapen.de\/it\/product\/bnag-leader-450k-pod-3-watermelon-ice-red-bull\/","og_site_name":"vozolvapen","article_modified_time":"2026-05-12T09:42:26+00:00","og_image":[{"width":768,"height":768,"url":"https:\/\/vozolvapen.de\/wp-content\/uploads\/2026\/05\/450k-puffs-Bnag-Leader-450k-The-Icy-Revitalizer.webp","type":"image\/webp"}],"twitter_card":"summary_large_image","twitter_misc":{"Tempo di lettura stimato":"3 minuti"},"schema":{"@context":"https:\/\/schema.org","@graph":[{"@type":"WebPage","@id":"https:\/\/vozolvapen.de\/product\/bnag-leader-450k-pod-3-watermelon-ice-red-bull\/","url":"https:\/\/vozolvapen.de\/product\/bnag-leader-450k-pod-3-watermelon-ice-red-bull\/","name":"Bnag Leader 450k Pod 3 | 450k Puffs Red Bull &amp; Watermelon Ice","isPartOf":{"@id":"https:\/\/vozolvapen.de\/#website"},"primaryImageOfPage":{"@id":"https:\/\/vozolvapen.de\/product\/bnag-leader-450k-pod-3-watermelon-ice-red-bull\/#primaryimage"},"image":{"@id":"https:\/\/vozolvapen.de\/product\/bnag-leader-450k-pod-3-watermelon-ice-red-bull\/#primaryimage"},"thumbnailUrl":"https:\/\/vozolvapen.de\/wp-content\/uploads\/2026\/05\/450k-puffs-Bnag-Leader-450k-The-Icy-Revitalizer.webp","datePublished":"2026-05-12T09:01:46+00:00","dateModified":"2026-05-12T09:42:26+00:00","description":"Provate il massimo dell'energia con Bnag Leader 450k Pod 3. 450.000 boccate di Red Bull, Watermelon Ice, Strawberry Kiwi e Blueberry Ice. Tecnologia ibrida 15 in 1.","breadcrumb":{"@id":"https:\/\/vozolvapen.de\/product\/bnag-leader-450k-pod-3-watermelon-ice-red-bull\/#breadcrumb"},"inLanguage":"it-IT","potentialAction":[{"@type":"ReadAction","target":["https:\/\/vozolvapen.de\/product\/bnag-leader-450k-pod-3-watermelon-ice-red-bull\/"]}]},{"@type":"ImageObject","inLanguage":"it-IT","@id":"https:\/\/vozolvapen.de\/product\/bnag-leader-450k-pod-3-watermelon-ice-red-bull\/#primaryimage","url":"https:\/\/vozolvapen.de\/wp-content\/uploads\/2026\/05\/450k-puffs-Bnag-Leader-450k-The-Icy-Revitalizer.webp","contentUrl":"https:\/\/vozolvapen.de\/wp-content\/uploads\/2026\/05\/450k-puffs-Bnag-Leader-450k-The-Icy-Revitalizer.webp","width":768,"height":768,"caption":"450k Puffs Bnag Leader The Icy Revitalizer Disposable Vape Device"},{"@type":"BreadcrumbList","@id":"https:\/\/vozolvapen.de\/product\/bnag-leader-450k-pod-3-watermelon-ice-red-bull\/#breadcrumb","itemListElement":[{"@type":"ListItem","position":1,"name":"Home","item":"https:\/\/vozolvapen.de\/de\/"},{"@type":"ListItem","position":2,"name":"Shop","item":"https:\/\/vozolvapen.de\/shop\/"},{"@type":"ListItem","position":3,"name":"Bnag Leader 450k &#8211; Pod 3: Arctic Energy &amp; Vitality 15-in-1 Hub"}]},{"@type":"WebSite","@id":"https:\/\/vozolvapen.de\/#website","url":"https:\/\/vozolvapen.de\/","name":"vozolvapen","description":"vozolvapen","publisher":{"@id":"https:\/\/vozolvapen.de\/#organization"},"potentialAction":[{"@type":"SearchAction","target":{"@type":"EntryPoint","urlTemplate":"https:\/\/vozolvapen.de\/?s={search_term_string}"},"query-input":{"@type":"PropertyValueSpecification","valueRequired":true,"valueName":"search_term_string"}}],"inLanguage":"it-IT"},{"@type":"Organization","@id":"https:\/\/vozolvapen.de\/#organization","name":"vozolvapen","url":"https:\/\/vozolvapen.de\/","logo":{"@type":"ImageObject","inLanguage":"it-IT","@id":"https:\/\/vozolvapen.de\/#\/schema\/logo\/image\/","url":"https:\/\/vozolvapen.de\/wp-content\/uploads\/2025\/12\/cropped-vozovapen-logo.webp","contentUrl":"https:\/\/vozolvapen.de\/wp-content\/uploads\/2025\/12\/cropped-vozovapen-logo.webp","width":470,"height":110,"caption":"vozolvapen"},"image":{"@id":"https:\/\/vozolvapen.de\/#\/schema\/logo\/image\/"}}]}},"tiered_pricing_type":"fixed","tiered_pricing_fixed_rules":{"30":"14.5","50":"12.5","100":"12.5","200":"11.5"},"tiered_pricing_product_settings":{"layout":"default","base_unit_name":{"singular":null,"plural":null},"default_variation":null},"tiered_pricing_minimum_quantity":10,"tiered_pricing_roles_data":[],"tiered_pricing_percentage_rules":[],"tiered_pricing_maximum_quantity":null,"tiered_pricing_quantity_step":"10","_links":{"self":[{"href":"https:\/\/vozolvapen.de\/it\/wp-json\/wp\/v2\/product\/70157","targetHints":{"allow":["GET"]}}],"collection":[{"href":"https:\/\/vozolvapen.de\/it\/wp-json\/wp\/v2\/product"}],"about":[{"href":"https:\/\/vozolvapen.de\/it\/wp-json\/wp\/v2\/types\/product"}],"replies":[{"embeddable":true,"href":"https:\/\/vozolvapen.de\/it\/wp-json\/wp\/v2\/comments?post=70157"}],"wp:featuredmedia":[{"embeddable":true,"href":"https:\/\/vozolvapen.de\/it\/wp-json\/wp\/v2\/media\/70827"}],"wp:attachment":[{"href":"https:\/\/vozolvapen.de\/it\/wp-json\/wp\/v2\/media?parent=70157"}],"wp:term":[{"taxonomy":"product_brand","embeddable":true,"href":"https:\/\/vozolvapen.de\/it\/wp-json\/wp\/v2\/product_brand?post=70157"},{"taxonomy":"product_cat","embeddable":true,"href":"https:\/\/vozolvapen.de\/it\/wp-json\/wp\/v2\/product_cat?post=70157"},{"taxonomy":"product_tag","embeddable":true,"href":"https:\/\/vozolvapen.de\/it\/wp-json\/wp\/v2\/product_tag?post=70157"}],"curies":[{"name":"wp","href":"https:\/\/api.w.org\/{rel}","templated":true}]}}