{"id":70685,"date":"2026-05-12T09:02:19","date_gmt":"2026-05-12T09:02:19","guid":{"rendered":"https:\/\/vozolvapen.de\/?post_type=product&#038;p=70685"},"modified":"2026-05-12T09:42:37","modified_gmt":"2026-05-12T09:42:37","slug":"bnag-leader-450k-pod-11-california-cherry-passion-fruit-mango-berry-mix","status":"publish","type":"product","link":"https:\/\/vozolvapen.de\/it\/product\/bnag-leader-450k-pod-11-california-cherry-passion-fruit-mango-berry-mix\/","title":{"rendered":"Bnag Leader 450k - Pod 11: Mozzo 15 in 1 alla ciliegia della California e al frutto della passione"},"content":{"rendered":"<p>Il <strong>Capo Bnag 450k<\/strong> (Bnag Leader 450000) \u00e8 il punto di riferimento dell'industria per <strong>Marketing digitale dei negozi di vape<\/strong> e ingegneria ad alta capacit\u00e0. <strong>Pod 11<\/strong> \u00e8 una lussuosa \u201cHarvest Collection\u201d, pensata per i vapers che esigono la dolcezza profonda e sofisticata dei frutti di pietra scuri e degli esotici strati tropicali. Come prodotto di punta <strong>450k vape<\/strong>, \u00e8 dotato di una meccanica proprietaria <strong>Gusto 15 in 1<\/strong> ibrido, assicurando che la vostra esperienza di 450.000 boccate sia sostenuta da <strong>Ottimizzazione dell'URL e dell'architettura del sito<\/strong> e prestazioni costanti.<\/p>\n\n\n\n<h3 class=\"wp-block-heading\" id=\"h-technical-parameters-amp-performance\"><strong>Parametri tecnici e prestazioni:<\/strong><\/h3>\n\n\n\n<ul class=\"wp-block-list\">\n<li><strong>Capacit\u00e0 di soffio:<\/strong> Fino a 450.000 bolle (ROI di mercato senza pari)<\/li>\n\n\n\n<li><strong>Logica del sapore:<\/strong> Sistema ibrido meccanico 15 in 1<\/li>\n\n\n\n<li><strong>Hardware:<\/strong> Bobina a maglia avanzata da 1,2\u03a9 | Batteria al cobalto da 850 mAh<\/li>\n\n\n\n<li><strong>Ricarica:<\/strong> Porta Type-C ad alta velocit\u00e0 pronta per il futuro<\/li>\n\n\n\n<li><strong>Precisione della nicotina:<\/strong> 0% | 2% | 3% | 5% Forza di nicotina salina<\/li>\n<\/ul>\n\n\n\n<h2 class=\"wp-block-heading\">\ud83c\udfa8 Il mazzo di sapori 15 in 1 \u201cRaccolto di bacche\u201d (Pod 11)<\/h2>\n\n\n\n<p>Perch\u00e9 scegliere una sola bacca quando si pu\u00f2 avere l'intero vigneto? <strong>Pod 11<\/strong> \u00e8 dotato di quattro liquidi base ad alta definizione. Utilizzate la levetta meccanica per gustarli puri o per creare 11 combinazioni uniche \u201cDeep-Fruit\u201d.<\/p>\n\n\n\n<h3 class=\"wp-block-heading\"><strong>I 4 componenti della vitalit\u00e0 di base:<\/strong><\/h3>\n\n\n\n<ol start=\"1\" class=\"wp-block-list\">\n<li><strong>Mirtillo Lampone:<\/strong> Una classica fusione di frutti di bosco dolce e aspra con un'elevata saturazione.<\/li>\n\n\n\n<li><strong>Frutti di bosco misti:<\/strong> Un miscuglio di bacche in confettura, a pi\u00f9 strati, che offre un ricco corpo aromatico.<\/li>\n\n\n\n<li><strong>Ciliegia della California:<\/strong> Un profilo audace e succulento di ciliegia scura che ricorda i raccolti della West Coast.<\/li>\n\n\n\n<li><strong>Frutto della passione e mango:<\/strong> Un duo tropicale burroso che aggiunge un finale esotico e setoso.<\/li>\n<\/ol>\n\n\n\n<h3 class=\"wp-block-heading\"><strong>Miscele ibride d'autore:<\/strong><\/h3>\n\n\n\n<ul class=\"wp-block-list\">\n<li><strong>La ciliegia esotica (Mix 3+4):<\/strong> La ciliegia della California incontra il mango del frutto della passione per una sofisticata esplosione di frutta tropicale.<\/li>\n\n\n\n<li><strong>Medley di bacche profonde (Mix 1+2):<\/strong> Una fusione ad alta intensit\u00e0 di mirtilli, lamponi e bacche miste.<\/li>\n\n\n\n<li><strong>Il raccolto d'oro (Mix 2+4):<\/strong> Lussureggianti bacche miste infuse con il cremoso nettare di mango e frutto della passione.<\/li>\n\n\n\n<li><strong>Il mix definitivo di vigneti (mix 1+2+3+4):<\/strong> Tutte e quattro le camere si aprono per una complessa sinfonia di bacche profonde, 15 in 1.<\/li>\n<\/ul>\n\n\n\n<h2 class=\"wp-block-heading\">\ud83e\uddec Focus sensoriale: Saturazione del gusto di nuova generazione<\/h2>\n\n\n\n<p>Sfruttamento <strong>Ricerca di parole chiave per i vapes<\/strong> e <strong>Ottimizzazione della struttura dei contenuti<\/strong>, ci concentriamo sul \u201cMouthfeel\u201d del prodotto. <strong>Bnag Leader 450000<\/strong>\u2019della bobina a maglie da 1,2\u03a9.<\/p>\n\n\n\n<ul class=\"wp-block-list\">\n<li><strong>L'inspirazione:<\/strong> La ciliegia californiana \u00e8 immediatamente dolce e profonda, seguita dall'aspra \u201cscintilla\u201d del lampone mirtillo.<\/li>\n\n\n\n<li><strong>La sezione centrale:<\/strong> Il Passion Fruit Mango offre una texture di vapore setosa e \u201cdensa\u201d che ricopre il palato di nettare tropicale.<\/li>\n\n\n\n<li><strong>Il retrogusto:<\/strong> Pulito e aromatico. La base di frutti di bosco misti lascia una scia persistente e marmellatosa che assicura la <strong>450.000 soffi<\/strong> viaggio non perde mai la sua intensit\u00e0.<\/li>\n<\/ul>\n\n\n\n<h2 class=\"wp-block-heading\">\u2753 FAQ e ottimizzazione dei Rich Snippet<\/h2>\n\n\n\n<p><strong>D: Cosa differenzia la \u201cCiliegia della California\u201d dalla Ciliegia normale?<\/strong> <\/p>\n\n\n\n<p><strong>A:<\/strong> Ciliegia della California nel <strong>Capo Bnag 450k<\/strong> \u00e8 un profilo pi\u00f9 profondo, pi\u00f9 succulento, con meno note floreali e pi\u00f9 dolcezza di frutta \u201ccarnosa\u201d, ottimizzato per il <strong>Gusti 15 in 1<\/strong> sistema.<\/p>\n\n\n\n<p><strong>D: Posso usare il Pod 11 per una soddisfazione ad alto contenuto di nicotina?<\/strong> <\/p>\n\n\n\n<p><strong>A:<\/strong> S\u00ec. Offriamo le opzioni di nicotina 2%, 3% e 5%. La bobina a rete da 1,2\u03a9 \u00e8 perfettamente regolata per <strong>50 mg di sale di nic<\/strong> consegna oltre <strong>450.000 soffi<\/strong>.<\/p>\n\n\n\n<p><strong>D: Pod 11 \u00e8 disponibile per la vendita all'ingrosso B2B?<\/strong> <\/p>\n\n\n\n<p><strong>A:<\/strong> S\u00ec. Forniamo un servizio completo <strong>Marketing digitale dei negozi di vape<\/strong> e confezioni sfuse (confezione da 10) per i distributori globali che desiderano scalare le proprie attivit\u00e0. <strong>450k vape<\/strong> inventario.<\/p>\n\n\n\n<h2 class=\"wp-block-heading\">\ud83d\udd0d Esplora altre esperienze sensoriali 15 in 1<\/h2>\n\n\n\n<p>Se vi \u00e8 piaciuta la complessa tecnologia ibrida del <strong>Bnag Leader 450000<\/strong>, scoprite queste alternative curate, progettate per spingere i confini della <strong>450k vape<\/strong> rivoluzione.<\/p>\n\n\n\n<p>1.<a href=\"https:\/\/vozolvapen.de\/it\/product\/bnag-leader-450k-pod-1-watermelon-cherry-mango\/\">Stazione rosso tropicale e mango<\/a><br>2.<a href=\"https:\/\/vozolvapen.de\/it\/product\/bnag-leader-450k-pod-2-cola-ice-energy-drink\/\">Soda e scintille energetiche<\/a><br>3.<a href=\"https:\/\/vozolvapen.de\/it\/product\/bnag-leader-450k-pod-3-watermelon-ice-red-bull\/\">Il rivitalizzante freddo<\/a><br>4.<a href=\"https:\/\/vozolvapen.de\/it\/product\/bnag-leader-450k-pod-4-pineapple-coconut-mango-peach\/\">Crema di isole esotiche<\/a><br>5.<a href=\"https:\/\/vozolvapen.de\/it\/product\/bnag-leader-450k-pod-5-energy-drink-blueberry-watermelon-gummy-bear\/\">Energia di caramella acida<\/a><br>6.<a href=\"https:\/\/vozolvapen.de\/it\/product\/bnag-leader-450k-pod-6-strawberry-watermelon-kiwi-guava\/\">Antologia del frutteto estivo<\/a><br>7.<a href=\"https:\/\/vozolvapen.de\/it\/product\/bnag-leader-450k-pod-7-fuji-apple-ice-blueberry-mint-lime-romance\/\">Romanticismo e menta Fuji<\/a><br>8.<a href=\"https:\/\/vozolvapen.de\/it\/product\/bnag-leader-450k-pod-8-peach-ice-blueberry-ice-rainbow-candy-lemon-sour-orange\/\">Zest di caramelle arcobaleno<\/a><br>9.<a href=\"https:\/\/vozolvapen.de\/it\/product\/bnag-leader-450k-pod-9-blueberry-ice-peach-mango-watermelon-passion-kiss-melon-apple\/\">Bacio al melone della passione<\/a><br>10.<a href=\"https:\/\/vozolvapen.de\/it\/product\/bnag-leader-450k-pod-10-watermelon-ice-blueberry-cherry-sour-mango-pineapple\/\">Ananas acido estivo<\/a><br>12.<a href=\"https:\/\/vozolvapen.de\/it\/product\/bnag-leader-450k-pod-12-love66-red-mojito-strawberry-mango\/\">Lounge Love &amp; Mojito<\/a><\/p>","protected":false},"excerpt":{"rendered":"<p data-path-to-node=\"13\">Ricchezza di bacche profonde dalla West Coast. <b data-path-to-node=\"13\" data-index-in-node=\"89\">Pod 11<\/b> si concentra sulla succulenta ciliegia della California e sui frutti di bosco misti, bilanciati dall'esotico mango del frutto della passione. Un profilo lussuoso e ricco di frutta a nocciolo, ottimizzato per un'erogazione di sale ad alte prestazioni.<\/p>","protected":false},"featured_media":70817,"comment_status":"open","ping_status":"closed","template":"","meta":{"_acf_changed":false},"product_brand":[],"product_cat":[171],"product_tag":[],"class_list":{"0":"post-70685","1":"product","2":"type-product","3":"status-publish","4":"has-post-thumbnail","6":"product_cat-puff-450k-bang-leader-450k-15-in-1","8":"first","9":"instock","10":"shipping-taxable","11":"purchasable","12":"product-type-variable"},"acf":[],"yoast_head":"<!-- This site is optimized with the Yoast SEO Premium plugin v26.1 (Yoast SEO v27.5) - https:\/\/yoast.com\/product\/yoast-seo-premium-wordpress\/ -->\n<title>Bnag Leader 450k Pod 11 | 450,000 Puffs California Cherry 15-in-1<\/title>\n<meta name=\"description\" content=\"450,000 puffs of Bnag Leader 450k Pod 11. Featuring California Cherry, Passion Fruit Mango, and Mixed Berries in a 15-in-1 hybrid system.\" \/>\n<meta name=\"robots\" content=\"index, follow, max-snippet:-1, max-image-preview:large, max-video-preview:-1\" \/>\n<link rel=\"canonical\" href=\"https:\/\/vozolvapen.de\/it\/product\/bnag-leader-450k-pod-11-california-cherry-passion-fruit-mango-berry-mix\/\" \/>\n<meta property=\"og:locale\" content=\"it_IT\" \/>\n<meta property=\"og:type\" content=\"article\" \/>\n<meta property=\"og:title\" content=\"Bnag Leader 450k - Pod 11: California Cherry &amp; Passion Fruit 15-in-1 Hub\" \/>\n<meta property=\"og:description\" content=\"450,000 puffs of Bnag Leader 450k Pod 11. Featuring California Cherry, Passion Fruit Mango, and Mixed Berries in a 15-in-1 hybrid system.\" \/>\n<meta property=\"og:url\" content=\"https:\/\/vozolvapen.de\/it\/product\/bnag-leader-450k-pod-11-california-cherry-passion-fruit-mango-berry-mix\/\" \/>\n<meta property=\"og:site_name\" content=\"vozolvapen\" \/>\n<meta property=\"article:modified_time\" content=\"2026-05-12T09:42:37+00:00\" \/>\n<meta property=\"og:image\" content=\"https:\/\/vozolvapen.de\/wp-content\/uploads\/2026\/05\/450k-puffs-Bnag-Leader-450k-California-Berry-Harvest.webp\" \/>\n\t<meta property=\"og:image:width\" content=\"768\" \/>\n\t<meta property=\"og:image:height\" content=\"768\" \/>\n\t<meta property=\"og:image:type\" content=\"image\/webp\" \/>\n<meta name=\"twitter:card\" content=\"summary_large_image\" \/>\n<meta name=\"twitter:label1\" content=\"Tempo di lettura stimato\" \/>\n\t<meta name=\"twitter:data1\" content=\"3 minuti\" \/>\n<script type=\"application\/ld+json\" class=\"yoast-schema-graph\">{\"@context\":\"https:\\\/\\\/schema.org\",\"@graph\":[{\"@type\":\"WebPage\",\"@id\":\"https:\\\/\\\/vozolvapen.de\\\/product\\\/bnag-leader-450k-pod-11-california-cherry-passion-fruit-mango-berry-mix\\\/\",\"url\":\"https:\\\/\\\/vozolvapen.de\\\/product\\\/bnag-leader-450k-pod-11-california-cherry-passion-fruit-mango-berry-mix\\\/\",\"name\":\"Bnag Leader 450k Pod 11 | 450,000 Puffs California Cherry 15-in-1\",\"isPartOf\":{\"@id\":\"https:\\\/\\\/vozolvapen.de\\\/#website\"},\"primaryImageOfPage\":{\"@id\":\"https:\\\/\\\/vozolvapen.de\\\/product\\\/bnag-leader-450k-pod-11-california-cherry-passion-fruit-mango-berry-mix\\\/#primaryimage\"},\"image\":{\"@id\":\"https:\\\/\\\/vozolvapen.de\\\/product\\\/bnag-leader-450k-pod-11-california-cherry-passion-fruit-mango-berry-mix\\\/#primaryimage\"},\"thumbnailUrl\":\"https:\\\/\\\/vozolvapen.de\\\/wp-content\\\/uploads\\\/2026\\\/05\\\/450k-puffs-Bnag-Leader-450k-California-Berry-Harvest.webp\",\"datePublished\":\"2026-05-12T09:02:19+00:00\",\"dateModified\":\"2026-05-12T09:42:37+00:00\",\"description\":\"450,000 puffs of Bnag Leader 450k Pod 11. Featuring California Cherry, Passion Fruit Mango, and Mixed Berries in a 15-in-1 hybrid system.\",\"breadcrumb\":{\"@id\":\"https:\\\/\\\/vozolvapen.de\\\/product\\\/bnag-leader-450k-pod-11-california-cherry-passion-fruit-mango-berry-mix\\\/#breadcrumb\"},\"inLanguage\":\"it-IT\",\"potentialAction\":[{\"@type\":\"ReadAction\",\"target\":[\"https:\\\/\\\/vozolvapen.de\\\/product\\\/bnag-leader-450k-pod-11-california-cherry-passion-fruit-mango-berry-mix\\\/\"]}]},{\"@type\":\"ImageObject\",\"inLanguage\":\"it-IT\",\"@id\":\"https:\\\/\\\/vozolvapen.de\\\/product\\\/bnag-leader-450k-pod-11-california-cherry-passion-fruit-mango-berry-mix\\\/#primaryimage\",\"url\":\"https:\\\/\\\/vozolvapen.de\\\/wp-content\\\/uploads\\\/2026\\\/05\\\/450k-puffs-Bnag-Leader-450k-California-Berry-Harvest.webp\",\"contentUrl\":\"https:\\\/\\\/vozolvapen.de\\\/wp-content\\\/uploads\\\/2026\\\/05\\\/450k-puffs-Bnag-Leader-450k-California-Berry-Harvest.webp\",\"width\":768,\"height\":768,\"caption\":\"450k Puffs Bnag Leader California Berry Harvest Disposable Vape Device\"},{\"@type\":\"BreadcrumbList\",\"@id\":\"https:\\\/\\\/vozolvapen.de\\\/product\\\/bnag-leader-450k-pod-11-california-cherry-passion-fruit-mango-berry-mix\\\/#breadcrumb\",\"itemListElement\":[{\"@type\":\"ListItem\",\"position\":1,\"name\":\"Home\",\"item\":\"https:\\\/\\\/vozolvapen.de\\\/de\\\/\"},{\"@type\":\"ListItem\",\"position\":2,\"name\":\"Shop\",\"item\":\"https:\\\/\\\/vozolvapen.de\\\/shop\\\/\"},{\"@type\":\"ListItem\",\"position\":3,\"name\":\"Bnag Leader 450k &#8211; Pod 11: California Cherry &amp; Passion Fruit 15-in-1 Hub\"}]},{\"@type\":\"WebSite\",\"@id\":\"https:\\\/\\\/vozolvapen.de\\\/#website\",\"url\":\"https:\\\/\\\/vozolvapen.de\\\/\",\"name\":\"vozolvapen\",\"description\":\"vozolvapen\",\"publisher\":{\"@id\":\"https:\\\/\\\/vozolvapen.de\\\/#organization\"},\"potentialAction\":[{\"@type\":\"SearchAction\",\"target\":{\"@type\":\"EntryPoint\",\"urlTemplate\":\"https:\\\/\\\/vozolvapen.de\\\/?s={search_term_string}\"},\"query-input\":{\"@type\":\"PropertyValueSpecification\",\"valueRequired\":true,\"valueName\":\"search_term_string\"}}],\"inLanguage\":\"it-IT\"},{\"@type\":\"Organization\",\"@id\":\"https:\\\/\\\/vozolvapen.de\\\/#organization\",\"name\":\"vozolvapen\",\"url\":\"https:\\\/\\\/vozolvapen.de\\\/\",\"logo\":{\"@type\":\"ImageObject\",\"inLanguage\":\"it-IT\",\"@id\":\"https:\\\/\\\/vozolvapen.de\\\/#\\\/schema\\\/logo\\\/image\\\/\",\"url\":\"https:\\\/\\\/vozolvapen.de\\\/wp-content\\\/uploads\\\/2025\\\/12\\\/cropped-vozovapen-logo.webp\",\"contentUrl\":\"https:\\\/\\\/vozolvapen.de\\\/wp-content\\\/uploads\\\/2025\\\/12\\\/cropped-vozovapen-logo.webp\",\"width\":470,\"height\":110,\"caption\":\"vozolvapen\"},\"image\":{\"@id\":\"https:\\\/\\\/vozolvapen.de\\\/#\\\/schema\\\/logo\\\/image\\\/\"}}]}<\/script>\n<!-- \/ Yoast SEO Premium plugin. -->","yoast_head_json":{"title":"Bnag Leader 450k Pod 11 | 450.000 bign\u00e8 California Cherry 15 in 1","description":"450.000 boccate di Bnag Leader 450k Pod 11. Caratterizzata da ciliegia della California, mango del frutto della passione e bacche miste in un sistema ibrido 15-in-1.","robots":{"index":"index","follow":"follow","max-snippet":"max-snippet:-1","max-image-preview":"max-image-preview:large","max-video-preview":"max-video-preview:-1"},"canonical":"https:\/\/vozolvapen.de\/it\/product\/bnag-leader-450k-pod-11-california-cherry-passion-fruit-mango-berry-mix\/","og_locale":"it_IT","og_type":"article","og_title":"Bnag Leader 450k - Pod 11: California Cherry &amp; Passion Fruit 15-in-1 Hub","og_description":"450,000 puffs of Bnag Leader 450k Pod 11. Featuring California Cherry, Passion Fruit Mango, and Mixed Berries in a 15-in-1 hybrid system.","og_url":"https:\/\/vozolvapen.de\/it\/product\/bnag-leader-450k-pod-11-california-cherry-passion-fruit-mango-berry-mix\/","og_site_name":"vozolvapen","article_modified_time":"2026-05-12T09:42:37+00:00","og_image":[{"width":768,"height":768,"url":"https:\/\/vozolvapen.de\/wp-content\/uploads\/2026\/05\/450k-puffs-Bnag-Leader-450k-California-Berry-Harvest.webp","type":"image\/webp"}],"twitter_card":"summary_large_image","twitter_misc":{"Tempo di lettura stimato":"3 minuti"},"schema":{"@context":"https:\/\/schema.org","@graph":[{"@type":"WebPage","@id":"https:\/\/vozolvapen.de\/product\/bnag-leader-450k-pod-11-california-cherry-passion-fruit-mango-berry-mix\/","url":"https:\/\/vozolvapen.de\/product\/bnag-leader-450k-pod-11-california-cherry-passion-fruit-mango-berry-mix\/","name":"Bnag Leader 450k Pod 11 | 450.000 bign\u00e8 California Cherry 15 in 1","isPartOf":{"@id":"https:\/\/vozolvapen.de\/#website"},"primaryImageOfPage":{"@id":"https:\/\/vozolvapen.de\/product\/bnag-leader-450k-pod-11-california-cherry-passion-fruit-mango-berry-mix\/#primaryimage"},"image":{"@id":"https:\/\/vozolvapen.de\/product\/bnag-leader-450k-pod-11-california-cherry-passion-fruit-mango-berry-mix\/#primaryimage"},"thumbnailUrl":"https:\/\/vozolvapen.de\/wp-content\/uploads\/2026\/05\/450k-puffs-Bnag-Leader-450k-California-Berry-Harvest.webp","datePublished":"2026-05-12T09:02:19+00:00","dateModified":"2026-05-12T09:42:37+00:00","description":"450.000 boccate di Bnag Leader 450k Pod 11. Caratterizzata da ciliegia della California, mango del frutto della passione e bacche miste in un sistema ibrido 15-in-1.","breadcrumb":{"@id":"https:\/\/vozolvapen.de\/product\/bnag-leader-450k-pod-11-california-cherry-passion-fruit-mango-berry-mix\/#breadcrumb"},"inLanguage":"it-IT","potentialAction":[{"@type":"ReadAction","target":["https:\/\/vozolvapen.de\/product\/bnag-leader-450k-pod-11-california-cherry-passion-fruit-mango-berry-mix\/"]}]},{"@type":"ImageObject","inLanguage":"it-IT","@id":"https:\/\/vozolvapen.de\/product\/bnag-leader-450k-pod-11-california-cherry-passion-fruit-mango-berry-mix\/#primaryimage","url":"https:\/\/vozolvapen.de\/wp-content\/uploads\/2026\/05\/450k-puffs-Bnag-Leader-450k-California-Berry-Harvest.webp","contentUrl":"https:\/\/vozolvapen.de\/wp-content\/uploads\/2026\/05\/450k-puffs-Bnag-Leader-450k-California-Berry-Harvest.webp","width":768,"height":768,"caption":"450k Puffs Bnag Leader California Berry Harvest Disposable Vape Device"},{"@type":"BreadcrumbList","@id":"https:\/\/vozolvapen.de\/product\/bnag-leader-450k-pod-11-california-cherry-passion-fruit-mango-berry-mix\/#breadcrumb","itemListElement":[{"@type":"ListItem","position":1,"name":"Home","item":"https:\/\/vozolvapen.de\/de\/"},{"@type":"ListItem","position":2,"name":"Shop","item":"https:\/\/vozolvapen.de\/shop\/"},{"@type":"ListItem","position":3,"name":"Bnag Leader 450k &#8211; Pod 11: California Cherry &amp; Passion Fruit 15-in-1 Hub"}]},{"@type":"WebSite","@id":"https:\/\/vozolvapen.de\/#website","url":"https:\/\/vozolvapen.de\/","name":"vozolvapen","description":"vozolvapen","publisher":{"@id":"https:\/\/vozolvapen.de\/#organization"},"potentialAction":[{"@type":"SearchAction","target":{"@type":"EntryPoint","urlTemplate":"https:\/\/vozolvapen.de\/?s={search_term_string}"},"query-input":{"@type":"PropertyValueSpecification","valueRequired":true,"valueName":"search_term_string"}}],"inLanguage":"it-IT"},{"@type":"Organization","@id":"https:\/\/vozolvapen.de\/#organization","name":"vozolvapen","url":"https:\/\/vozolvapen.de\/","logo":{"@type":"ImageObject","inLanguage":"it-IT","@id":"https:\/\/vozolvapen.de\/#\/schema\/logo\/image\/","url":"https:\/\/vozolvapen.de\/wp-content\/uploads\/2025\/12\/cropped-vozovapen-logo.webp","contentUrl":"https:\/\/vozolvapen.de\/wp-content\/uploads\/2025\/12\/cropped-vozovapen-logo.webp","width":470,"height":110,"caption":"vozolvapen"},"image":{"@id":"https:\/\/vozolvapen.de\/#\/schema\/logo\/image\/"}}]}},"tiered_pricing_type":"fixed","tiered_pricing_fixed_rules":{"30":"14.5","50":"12.5","100":"12.5","200":"11.5"},"tiered_pricing_product_settings":{"layout":"default","base_unit_name":{"singular":null,"plural":null},"default_variation":null},"tiered_pricing_minimum_quantity":10,"tiered_pricing_roles_data":[],"tiered_pricing_percentage_rules":[],"tiered_pricing_maximum_quantity":null,"tiered_pricing_quantity_step":"10","_links":{"self":[{"href":"https:\/\/vozolvapen.de\/it\/wp-json\/wp\/v2\/product\/70685","targetHints":{"allow":["GET"]}}],"collection":[{"href":"https:\/\/vozolvapen.de\/it\/wp-json\/wp\/v2\/product"}],"about":[{"href":"https:\/\/vozolvapen.de\/it\/wp-json\/wp\/v2\/types\/product"}],"replies":[{"embeddable":true,"href":"https:\/\/vozolvapen.de\/it\/wp-json\/wp\/v2\/comments?post=70685"}],"wp:featuredmedia":[{"embeddable":true,"href":"https:\/\/vozolvapen.de\/it\/wp-json\/wp\/v2\/media\/70817"}],"wp:attachment":[{"href":"https:\/\/vozolvapen.de\/it\/wp-json\/wp\/v2\/media?parent=70685"}],"wp:term":[{"taxonomy":"product_brand","embeddable":true,"href":"https:\/\/vozolvapen.de\/it\/wp-json\/wp\/v2\/product_brand?post=70685"},{"taxonomy":"product_cat","embeddable":true,"href":"https:\/\/vozolvapen.de\/it\/wp-json\/wp\/v2\/product_cat?post=70685"},{"taxonomy":"product_tag","embeddable":true,"href":"https:\/\/vozolvapen.de\/it\/wp-json\/wp\/v2\/product_tag?post=70685"}],"curies":[{"name":"wp","href":"https:\/\/api.w.org\/{rel}","templated":true}]}}