{"id":7600,"date":"2025-12-05T08:24:56","date_gmt":"2025-12-05T08:24:56","guid":{"rendered":"https:\/\/vozolvapen.de\/?post_type=product&#038;p=7600"},"modified":"2026-02-10T11:21:54","modified_gmt":"2026-02-10T11:21:54","slug":"jnr-falcon-16000-te-oolong-alla-pesca","status":"publish","type":"product","link":"https:\/\/vozolvapen.de\/it\/product\/jnr-falcon-16000-peach-oolong-tea\/","title":{"rendered":"JNR Falcon 16000 \u2013 T\u00e8 Oolong alla pesca"},"content":{"rendered":"<h1 data-path-to-node=\"54\"><span data-path-to-node=\"20,4,1,0\">JNR Falcon 16000 boccate \u2013 T\u00e8 Oolong alla pesca<\/span><\/h1>\n<h2 data-path-to-node=\"54\"><span data-path-to-node=\"20,5,0,0\"><b>Profilo aromatico<\/b><\/span><\/h2>\n<p>Sofisticatezza in ogni boccata. Questo gusto unico combina le note terrose e floreali del t\u00e8 Oolong di alta qualit\u00e0 con il nettare zuccherino delle pesche mature. Offre una sessione di svapo profumata, rilassante e delicatamente dolce.<\/p>\n<h2 data-path-to-node=\"61\"><b>Prestazioni Falcon 16000<\/b><\/h2>\n<p data-path-to-node=\"62\">Il <b>JNR Falcon 16000<\/b> \u00e8 progettato per completare qualsiasi profilo aromatico. Alimentato da un'elevata capacit\u00e0 <b>850 mAh<\/b> batteria ricaricabile e un enorme <b>22 ml<\/b> Pod e-liquid pre-riempito, questo dispositivo \u00e8 progettato per garantire prestazioni e durata massime. Il sistema integrato <b>Bobina doppia mesh da 1,0 \u03a9<\/b> garantisce una distribuzione uniforme del calore, estraendo il sapore pi\u00f9 puro e intenso dalla prima boccata fino alla sedicillesima millesima.<\/p>\n<h2 data-path-to-node=\"63\"><b>Caratteristiche principali del JNR Falcon 16000:<\/b><\/h2>\n<ul>\n<li data-path-to-node=\"64,0,0\"><b>Comodit\u00e0 della doppia ricarica:<\/b> Dotato di entrambi <b>Type-C e ricarica rapida Lighting<\/b> porte, assicurandoti di poter ricaricare facilmente la batteria da 850 mAh.<\/li>\n<li data-path-to-node=\"64,1,0\"><b>Flusso d'aria personalizzabile:<\/b> Ottimizza la tua esperienza di svapo con il <b>Flusso d'aria regolabile<\/b> controllo, consentendo di passare da un tiro MTL pi\u00f9 stretto a un tiro RDL pi\u00f9 arioso.<\/li>\n<li data-path-to-node=\"64,2,0\"><b>Vantaggi del commercio all'ingrosso europeo:<\/b> Fai scorta con fiducia. Spediamo questo prodotto pi\u00f9 venduto <b>puff JNR 16k<\/b> modello direttamente dal nostro <b>Magazzino europeo<\/b> per veloce, affidabile <b>Consegna in 1-3 giorni<\/b>.<\/li>\n<\/ul>\n<p data-path-to-node=\"65\"><b>Ordina oggi stesso il tuo Peach Oolong Tea JNR Falcon 16000 e prova la differenza in termini di prestazioni e qualit\u00e0.<\/b><\/p>\n<h3 data-path-to-node=\"54\"><span style=\"font-size: 16px;\">Ecco ulteriori consigli per te:<\/span><\/h3>\n<p dir=\"auto\">Scopri sapori ancora pi\u00f9 incredibili con la sigaretta elettronica JNR Falcon 16000 Puff!<\/p>\n<p dir=\"auto\"><a href=\"https:\/\/vozolvapen.de\/it\/product-category\/vaporizzatore-jnr\/jnr-falcon-16000-boccate-vape\/\">Visualizza tutte le variet\u00e0 qui \u2192<\/a><\/p>\n<p dir=\"auto\">Esplora la nostra collezione completa e acquista le migliori marche di sigarette elettroniche che ti piaceranno.<\/p>\n<p dir=\"auto\"><a href=\"https:\/\/vozolvapen.de\/it\/\">Sfoglia tutti i marchi ora \u2192<\/a><\/p>\n<p dir=\"auto\">Scopri la serie completa JNR Vape: tutti i gusti, tutti gli stili!<\/p>\n<p dir=\"auto\"><a href=\"https:\/\/vozolvapen.de\/it\/product-category\/vaporizzatore-jnr\/\">Scopri l'intera collezione JNR Vape \u2192<\/a><\/p>","protected":false},"excerpt":{"rendered":"<p>Sofisticato t\u00e8 Oolong infuso con pesca dolce e profumata.<\/p>","protected":false},"featured_media":7620,"comment_status":"open","ping_status":"closed","template":"","meta":{"_acf_changed":false},"product_brand":[],"product_cat":[134,60],"product_tag":[],"class_list":{"0":"post-7600","1":"product","2":"type-product","3":"status-publish","4":"has-post-thumbnail","6":"product_cat-eu-warehouse-in-stock","7":"product_cat-jnr-falcon-16000-puff-vape","9":"first","10":"instock","11":"shipping-taxable","12":"purchasable","13":"product-type-variable"},"acf":[],"yoast_head":"<!-- This site is optimized with the Yoast SEO Premium plugin v26.1 (Yoast SEO v27.5) - https:\/\/yoast.com\/product\/yoast-seo-premium-wordpress\/ -->\n<title>Peach Oolong Tea - JNR Falcon 16000 Puffs Disposable - vozolvapen<\/title>\n<meta name=\"description\" content=\"Try the JNR Falcon 16000 Peach Oolong Tea. A sophisticated blend of floral Oolong tea and sweet ripe peaches. 16000 puffs, adjustable airflow, wholesale available.\" \/>\n<meta name=\"robots\" content=\"index, follow, max-snippet:-1, max-image-preview:large, max-video-preview:-1\" \/>\n<link rel=\"canonical\" href=\"https:\/\/vozolvapen.de\/it\/product\/jnr-falcon-16000-te-oolong-alla-pesca\/\" \/>\n<meta property=\"og:locale\" content=\"it_IT\" \/>\n<meta property=\"og:type\" content=\"article\" \/>\n<meta property=\"og:title\" content=\"JNR Falcon 16000 - Peach Oolong Tea\" \/>\n<meta property=\"og:description\" content=\"Try the JNR Falcon 16000 Peach Oolong Tea. A sophisticated blend of floral Oolong tea and sweet ripe peaches. 16000 puffs, adjustable airflow, wholesale available.\" \/>\n<meta property=\"og:url\" content=\"https:\/\/vozolvapen.de\/it\/product\/jnr-falcon-16000-te-oolong-alla-pesca\/\" \/>\n<meta property=\"og:site_name\" content=\"vozolvapen\" \/>\n<meta property=\"article:modified_time\" content=\"2026-02-10T11:21:54+00:00\" \/>\n<meta property=\"og:image\" content=\"https:\/\/vozolvapen.de\/wp-content\/uploads\/2025\/12\/JNR-Falcon-16000-Puff-Vape-Peach-Oolong-Tea-FN11.webp\" \/>\n\t<meta property=\"og:image:width\" content=\"1200\" \/>\n\t<meta property=\"og:image:height\" content=\"1200\" \/>\n\t<meta property=\"og:image:type\" content=\"image\/webp\" \/>\n<meta name=\"twitter:card\" content=\"summary_large_image\" \/>\n<meta name=\"twitter:label1\" content=\"Tempo di lettura stimato\" \/>\n\t<meta name=\"twitter:data1\" content=\"2 minuti\" \/>\n<script type=\"application\/ld+json\" class=\"yoast-schema-graph\">{\"@context\":\"https:\\\/\\\/schema.org\",\"@graph\":[{\"@type\":\"WebPage\",\"@id\":\"https:\\\/\\\/vozolvapen.de\\\/product\\\/jnr-falcon-16000-peach-oolong-tea\\\/\",\"url\":\"https:\\\/\\\/vozolvapen.de\\\/product\\\/jnr-falcon-16000-peach-oolong-tea\\\/\",\"name\":\"Peach Oolong Tea - JNR Falcon 16000 Puffs Disposable - vozolvapen\",\"isPartOf\":{\"@id\":\"https:\\\/\\\/vozolvapen.de\\\/#website\"},\"primaryImageOfPage\":{\"@id\":\"https:\\\/\\\/vozolvapen.de\\\/product\\\/jnr-falcon-16000-peach-oolong-tea\\\/#primaryimage\"},\"image\":{\"@id\":\"https:\\\/\\\/vozolvapen.de\\\/product\\\/jnr-falcon-16000-peach-oolong-tea\\\/#primaryimage\"},\"thumbnailUrl\":\"https:\\\/\\\/vozolvapen.de\\\/wp-content\\\/uploads\\\/2025\\\/12\\\/JNR-Falcon-16000-Puff-Vape-Peach-Oolong-Tea-FN11.webp\",\"datePublished\":\"2025-12-05T08:24:56+00:00\",\"dateModified\":\"2026-02-10T11:21:54+00:00\",\"description\":\"Try the JNR Falcon 16000 Peach Oolong Tea. A sophisticated blend of floral Oolong tea and sweet ripe peaches. 16000 puffs, adjustable airflow, wholesale available.\",\"breadcrumb\":{\"@id\":\"https:\\\/\\\/vozolvapen.de\\\/product\\\/jnr-falcon-16000-peach-oolong-tea\\\/#breadcrumb\"},\"inLanguage\":\"it-IT\",\"potentialAction\":[{\"@type\":\"ReadAction\",\"target\":[\"https:\\\/\\\/vozolvapen.de\\\/product\\\/jnr-falcon-16000-peach-oolong-tea\\\/\"]}]},{\"@type\":\"ImageObject\",\"inLanguage\":\"it-IT\",\"@id\":\"https:\\\/\\\/vozolvapen.de\\\/product\\\/jnr-falcon-16000-peach-oolong-tea\\\/#primaryimage\",\"url\":\"https:\\\/\\\/vozolvapen.de\\\/wp-content\\\/uploads\\\/2025\\\/12\\\/JNR-Falcon-16000-Puff-Vape-Peach-Oolong-Tea-FN11.webp\",\"contentUrl\":\"https:\\\/\\\/vozolvapen.de\\\/wp-content\\\/uploads\\\/2025\\\/12\\\/JNR-Falcon-16000-Puff-Vape-Peach-Oolong-Tea-FN11.webp\",\"width\":1200,\"height\":1200,\"caption\":\"Jnr Falcon 16000 Puff Vape Peach Oolong Tea Fn11 Disposable Device\"},{\"@type\":\"BreadcrumbList\",\"@id\":\"https:\\\/\\\/vozolvapen.de\\\/product\\\/jnr-falcon-16000-peach-oolong-tea\\\/#breadcrumb\",\"itemListElement\":[{\"@type\":\"ListItem\",\"position\":1,\"name\":\"Home\",\"item\":\"https:\\\/\\\/vozolvapen.de\\\/de\\\/\"},{\"@type\":\"ListItem\",\"position\":2,\"name\":\"Shop\",\"item\":\"https:\\\/\\\/vozolvapen.de\\\/shop\\\/\"},{\"@type\":\"ListItem\",\"position\":3,\"name\":\"JNR Falcon 16000 &#8211; Peach Oolong Tea\"}]},{\"@type\":\"WebSite\",\"@id\":\"https:\\\/\\\/vozolvapen.de\\\/#website\",\"url\":\"https:\\\/\\\/vozolvapen.de\\\/\",\"name\":\"vozolvapen\",\"description\":\"vozolvapen\",\"publisher\":{\"@id\":\"https:\\\/\\\/vozolvapen.de\\\/#organization\"},\"potentialAction\":[{\"@type\":\"SearchAction\",\"target\":{\"@type\":\"EntryPoint\",\"urlTemplate\":\"https:\\\/\\\/vozolvapen.de\\\/?s={search_term_string}\"},\"query-input\":{\"@type\":\"PropertyValueSpecification\",\"valueRequired\":true,\"valueName\":\"search_term_string\"}}],\"inLanguage\":\"it-IT\"},{\"@type\":\"Organization\",\"@id\":\"https:\\\/\\\/vozolvapen.de\\\/#organization\",\"name\":\"vozolvapen\",\"url\":\"https:\\\/\\\/vozolvapen.de\\\/\",\"logo\":{\"@type\":\"ImageObject\",\"inLanguage\":\"it-IT\",\"@id\":\"https:\\\/\\\/vozolvapen.de\\\/#\\\/schema\\\/logo\\\/image\\\/\",\"url\":\"https:\\\/\\\/vozolvapen.de\\\/wp-content\\\/uploads\\\/2025\\\/12\\\/cropped-vozovapen-logo.webp\",\"contentUrl\":\"https:\\\/\\\/vozolvapen.de\\\/wp-content\\\/uploads\\\/2025\\\/12\\\/cropped-vozovapen-logo.webp\",\"width\":470,\"height\":110,\"caption\":\"vozolvapen\"},\"image\":{\"@id\":\"https:\\\/\\\/vozolvapen.de\\\/#\\\/schema\\\/logo\\\/image\\\/\"}}]}<\/script>\n<!-- \/ Yoast SEO Premium plugin. -->","yoast_head_json":{"title":"T\u00e8 Oolong alla pesca - JNR Falcon 16000 boccate usa e getta - vozolvapen","description":"Prova il t\u00e8 Oolong alla pesca JNR Falcon 16000. Una miscela sofisticata di t\u00e8 Oolong floreale e dolci pesche mature. 16000 boccate, flusso d'aria regolabile, disponibile all'ingrosso.","robots":{"index":"index","follow":"follow","max-snippet":"max-snippet:-1","max-image-preview":"max-image-preview:large","max-video-preview":"max-video-preview:-1"},"canonical":"https:\/\/vozolvapen.de\/it\/product\/jnr-falcon-16000-te-oolong-alla-pesca\/","og_locale":"it_IT","og_type":"article","og_title":"JNR Falcon 16000 - Peach Oolong Tea","og_description":"Try the JNR Falcon 16000 Peach Oolong Tea. A sophisticated blend of floral Oolong tea and sweet ripe peaches. 16000 puffs, adjustable airflow, wholesale available.","og_url":"https:\/\/vozolvapen.de\/it\/product\/jnr-falcon-16000-te-oolong-alla-pesca\/","og_site_name":"vozolvapen","article_modified_time":"2026-02-10T11:21:54+00:00","og_image":[{"width":1200,"height":1200,"url":"https:\/\/vozolvapen.de\/wp-content\/uploads\/2025\/12\/JNR-Falcon-16000-Puff-Vape-Peach-Oolong-Tea-FN11.webp","type":"image\/webp"}],"twitter_card":"summary_large_image","twitter_misc":{"Tempo di lettura stimato":"2 minuti"},"schema":{"@context":"https:\/\/schema.org","@graph":[{"@type":"WebPage","@id":"https:\/\/vozolvapen.de\/product\/jnr-falcon-16000-peach-oolong-tea\/","url":"https:\/\/vozolvapen.de\/product\/jnr-falcon-16000-peach-oolong-tea\/","name":"T\u00e8 Oolong alla pesca - JNR Falcon 16000 boccate usa e getta - vozolvapen","isPartOf":{"@id":"https:\/\/vozolvapen.de\/#website"},"primaryImageOfPage":{"@id":"https:\/\/vozolvapen.de\/product\/jnr-falcon-16000-peach-oolong-tea\/#primaryimage"},"image":{"@id":"https:\/\/vozolvapen.de\/product\/jnr-falcon-16000-peach-oolong-tea\/#primaryimage"},"thumbnailUrl":"https:\/\/vozolvapen.de\/wp-content\/uploads\/2025\/12\/JNR-Falcon-16000-Puff-Vape-Peach-Oolong-Tea-FN11.webp","datePublished":"2025-12-05T08:24:56+00:00","dateModified":"2026-02-10T11:21:54+00:00","description":"Prova il t\u00e8 Oolong alla pesca JNR Falcon 16000. Una miscela sofisticata di t\u00e8 Oolong floreale e dolci pesche mature. 16000 boccate, flusso d'aria regolabile, disponibile all'ingrosso.","breadcrumb":{"@id":"https:\/\/vozolvapen.de\/product\/jnr-falcon-16000-peach-oolong-tea\/#breadcrumb"},"inLanguage":"it-IT","potentialAction":[{"@type":"ReadAction","target":["https:\/\/vozolvapen.de\/product\/jnr-falcon-16000-peach-oolong-tea\/"]}]},{"@type":"ImageObject","inLanguage":"it-IT","@id":"https:\/\/vozolvapen.de\/product\/jnr-falcon-16000-peach-oolong-tea\/#primaryimage","url":"https:\/\/vozolvapen.de\/wp-content\/uploads\/2025\/12\/JNR-Falcon-16000-Puff-Vape-Peach-Oolong-Tea-FN11.webp","contentUrl":"https:\/\/vozolvapen.de\/wp-content\/uploads\/2025\/12\/JNR-Falcon-16000-Puff-Vape-Peach-Oolong-Tea-FN11.webp","width":1200,"height":1200,"caption":"Jnr Falcon 16000 Puff Vape Peach Oolong Tea Fn11 Disposable Device"},{"@type":"BreadcrumbList","@id":"https:\/\/vozolvapen.de\/product\/jnr-falcon-16000-peach-oolong-tea\/#breadcrumb","itemListElement":[{"@type":"ListItem","position":1,"name":"Home","item":"https:\/\/vozolvapen.de\/de\/"},{"@type":"ListItem","position":2,"name":"Shop","item":"https:\/\/vozolvapen.de\/shop\/"},{"@type":"ListItem","position":3,"name":"JNR Falcon 16000 &#8211; Peach Oolong Tea"}]},{"@type":"WebSite","@id":"https:\/\/vozolvapen.de\/#website","url":"https:\/\/vozolvapen.de\/","name":"vozolvapen","description":"vozolvapen","publisher":{"@id":"https:\/\/vozolvapen.de\/#organization"},"potentialAction":[{"@type":"SearchAction","target":{"@type":"EntryPoint","urlTemplate":"https:\/\/vozolvapen.de\/?s={search_term_string}"},"query-input":{"@type":"PropertyValueSpecification","valueRequired":true,"valueName":"search_term_string"}}],"inLanguage":"it-IT"},{"@type":"Organization","@id":"https:\/\/vozolvapen.de\/#organization","name":"vozolvapen","url":"https:\/\/vozolvapen.de\/","logo":{"@type":"ImageObject","inLanguage":"it-IT","@id":"https:\/\/vozolvapen.de\/#\/schema\/logo\/image\/","url":"https:\/\/vozolvapen.de\/wp-content\/uploads\/2025\/12\/cropped-vozovapen-logo.webp","contentUrl":"https:\/\/vozolvapen.de\/wp-content\/uploads\/2025\/12\/cropped-vozovapen-logo.webp","width":470,"height":110,"caption":"vozolvapen"},"image":{"@id":"https:\/\/vozolvapen.de\/#\/schema\/logo\/image\/"}}]}},"tiered_pricing_type":"fixed","tiered_pricing_fixed_rules":{"30":"13.63","50":"10.63","100":"9.63","200":"8.63"},"tiered_pricing_product_settings":{"layout":"default","base_unit_name":{"singular":null,"plural":null},"default_variation":{}},"tiered_pricing_minimum_quantity":10,"tiered_pricing_roles_data":[],"tiered_pricing_percentage_rules":[],"tiered_pricing_maximum_quantity":null,"tiered_pricing_quantity_step":"10","_links":{"self":[{"href":"https:\/\/vozolvapen.de\/it\/wp-json\/wp\/v2\/product\/7600","targetHints":{"allow":["GET"]}}],"collection":[{"href":"https:\/\/vozolvapen.de\/it\/wp-json\/wp\/v2\/product"}],"about":[{"href":"https:\/\/vozolvapen.de\/it\/wp-json\/wp\/v2\/types\/product"}],"replies":[{"embeddable":true,"href":"https:\/\/vozolvapen.de\/it\/wp-json\/wp\/v2\/comments?post=7600"}],"wp:featuredmedia":[{"embeddable":true,"href":"https:\/\/vozolvapen.de\/it\/wp-json\/wp\/v2\/media\/7620"}],"wp:attachment":[{"href":"https:\/\/vozolvapen.de\/it\/wp-json\/wp\/v2\/media?parent=7600"}],"wp:term":[{"taxonomy":"product_brand","embeddable":true,"href":"https:\/\/vozolvapen.de\/it\/wp-json\/wp\/v2\/product_brand?post=7600"},{"taxonomy":"product_cat","embeddable":true,"href":"https:\/\/vozolvapen.de\/it\/wp-json\/wp\/v2\/product_cat?post=7600"},{"taxonomy":"product_tag","embeddable":true,"href":"https:\/\/vozolvapen.de\/it\/wp-json\/wp\/v2\/product_tag?post=7600"}],"curies":[{"name":"wp","href":"https:\/\/api.w.org\/{rel}","templated":true}]}}