{"id":7869,"date":"2025-12-06T08:50:15","date_gmt":"2025-12-06T08:50:15","guid":{"rendered":"https:\/\/vozolvapen.de\/?post_type=product&#038;p=7869"},"modified":"2026-02-10T12:35:19","modified_gmt":"2026-02-10T12:35:19","slug":"puff-80k-bang-leader-80000-cola-ghiaccio-mirtillo-lampone-pesca-mango-anguria","status":"publish","type":"product","link":"https:\/\/vozolvapen.de\/it\/product\/puff-80k-bang-leader-80000-cola-ice-blueberry-raspberry-peach-mango-watermelon\/","title":{"rendered":"Puff 80k Bang Leader 80000 \u2013 Cola Ice + Mirtillo Lampone + Pesca Mango Anguria"},"content":{"rendered":"<h1>Bang Leader 80000 boccate: Cola Ice, Blue Razz e Tropical Punch 3 in 1<\/h1>\n<h2><b>Focus sul prodotto<\/b><\/h2>\n<p><b> Il Beverage &amp; Berry Blast<\/b> Questo <b>Bang Leader 80000 Puffs<\/b> Il pacchetto aromi \u00e8 un capolavoro di variet\u00e0, che unisce una classica bevanda fredda (Cola Ice) al profilo fruttato pi\u00f9 ricercato (Mirtillo Lampone) e a una delizia multifrutta (Pesca Mango Anguria). La batteria ricaricabile da 850 mAh e i 78 ml di e-liquid garantiscono questo <b>Puff 80000<\/b> Il potente dispositivo continua a erogare vapore ricco e soddisfacente per giorni e giorni.<\/p>\n<h2 data-path-to-node=\"14\"><b>Il Beverage &amp; Berry Blast: un'immersione profonda nel gusto<\/b><\/h2>\n<p data-path-to-node=\"14\">Questa dinamica combinazione 3 in 1 per il <b>Bang Leader 80000<\/b> \u00e8 una miscela perfetta di bevande rinfrescanti, bacche acidule e frutta succosa. Con un semplice cambio, puoi goderti tre esperienze di svapo distinte ma complementari, tutte all'interno della tua ultra-duratura <b>bang puff<\/b> dispositivo:<\/p>\n<ul>\n<li data-path-to-node=\"15,0,0\"><b>Cola Ice (Pod 1):<\/b> Il gusto frizzante, inconfondibile, dolce e intenso di una classica cola, servita ghiacciata con un finale gelido.<\/li>\n<li data-path-to-node=\"15,1,0\"><b>Mirtillo Lampone (Pod 2):<\/b> L'amato profilo \u201cBlue Razz\u201d: un perfetto equilibrio tra il dolce mirtillo e il lampone aspro e pungente.<\/li>\n<li data-path-to-node=\"15,2,0\"><b>Pesca, mango e anguria (Pod 3):<\/b> Un punch tropicale estivo, che unisce la morbida dolcezza della pesca, l'aroma esotico del mango e la rinfrescante idratazione dell'anguria.<\/li>\n<\/ul>\n<p data-path-to-node=\"16\">Ogni boccata \u00e8 alimentata dall'alta prestazione <b>Bobina mesh da 1,0 \u03a9<\/b>, garantendo la massima intensit\u00e0 di sapore e un'esperienza di svapo fluida e costante ogni volta che si cambia.<\/p>\n<h3 data-path-to-node=\"27\">A chi \u00e8 destinato questo gusto?<\/h3>\n<p><b>Il vaper tutto il giorno:<\/b> Perfetto per i vapers che desiderano un mix di bevande (Cola Ice), frutti di bosco (Mirtillo Lampone) e frutti tropicali per evitare l'affaticamento del gusto. La variet\u00e0 si adatta ai diversi momenti della giornata.<\/p>\n<h3 data-path-to-node=\"27\">Parametri fondamentali<\/h3>\n<table data-path-to-node=\"29\">\n<thead>\n<tr>\n<td><strong>Parametri di sapore<\/strong><\/td>\n<td><strong>Dettagli<\/strong><\/td>\n<\/tr>\n<\/thead>\n<tbody>\n<tr>\n<td><span data-path-to-node=\"29,1,0,0\"><b>Combinazione di sapori<\/b><\/span><\/td>\n<td>Cola ghiacciata + Mirtillo Lampone + Pesca Mango Anguria<\/td>\n<\/tr>\n<tr>\n<td><span data-path-to-node=\"29,2,0,0\"><b>Conteggio dei puff<\/b><\/span><\/td>\n<td><span data-path-to-node=\"29,2,1,0\">Fino a 80.000 boccate (Puff 80k)<\/span><\/td>\n<\/tr>\n<tr>\n<td><span data-path-to-node=\"29,3,0,0\"><b>Capacit\u00e0 del liquido elettronico<\/b><\/span><\/td>\n<td><span data-path-to-node=\"29,3,1,0\">78 ml Pre-riempito<\/span><\/td>\n<\/tr>\n<tr>\n<td><span data-path-to-node=\"29,4,0,0\"><b>Concentrazioni di nicotina<\/b><\/span><\/td>\n<td><span data-path-to-node=\"29,4,1,0\">0% \/ 2% \/ 3% \/ 5% Livello di nicotina<\/span><\/td>\n<\/tr>\n<tr>\n<td><span data-path-to-node=\"29,5,0,0\"><b>Bobina<\/b><\/span><\/td>\n<td><span data-path-to-node=\"29,5,1,0\">Bobina mesh da 1,0 \u03a9 per un gusto deciso<\/span><\/td>\n<\/tr>\n<tr>\n<td><span data-path-to-node=\"29,6,0,0\"><b>Batteria<\/b><\/span><\/td>\n<td><span data-path-to-node=\"29,6,1,0\">850 mAh ricaricabile<\/span><\/td>\n<\/tr>\n<tr>\n<td><span data-path-to-node=\"29,7,0,0\"><b>Spedizione<\/b><\/span><\/td>\n<td><span data-path-to-node=\"29,7,1,0\">Magazzino europeo (1-3 giorni)<\/span><\/td>\n<\/tr>\n<\/tbody>\n<\/table>\n<h2><strong>Puff 80k Bang Leader 80000 <\/strong><strong>Video:<\/strong><\/h2>\n<p><iframe title=\"Bang Leader 80000 Puffs Vape usa e getta \u2013 L&#039;esperienza definitiva con 80k puff\" src=\"https:\/\/player.vimeo.com\/video\/1150263452?badge=0&amp;autopause=0&amp;player_id=0&amp;app_id=58479\" width=\"400\" height=\"711\" frameborder=\"0\"><\/iframe><\/p>\n<h3 dir=\"auto\">Ecco ulteriori consigli per te:<\/h3>\n<p dir=\"auto\">Scopri sapori ancora pi\u00f9 incredibili con la sigaretta elettronica Puff 80k Bang Leader 80000!<\/p>\n<p dir=\"auto\"><a href=\"https:\/\/vozolvapen.de\/it\/product-category\/bang-vape\/puff-80k-bang-leader-80000-boccate-vape\/\">Visualizza tutte le variet\u00e0 qui \u2192<\/a><\/p>\n<p dir=\"auto\">Esplora la nostra collezione completa e acquista le migliori marche di sigarette elettroniche che ti piaceranno.<\/p>\n<p dir=\"auto\"><a href=\"https:\/\/vozolvapen.de\/it\/\">Sfoglia tutti i marchi ora \u2192<\/a><\/p>\n<p dir=\"auto\">Scopri la serie completa Bang Vape: tutti i gusti, tutti gli stili!<\/p>\n<p dir=\"auto\"><a href=\"https:\/\/vozolvapen.de\/it\/product-category\/bang-vape\/\">Scopri l'intera collezione Bang Vape \u2192<\/a><\/p>","protected":false},"excerpt":{"rendered":"<p>Il mix perfetto di bevanda, frutti di bosco e frutta. Passa dal gusto frizzante e rinfrescante della Cola Ice, al gusto pungente del Blueberry Raspberry, fino alla delizia estiva del Peach Mango Watermelon. Una variet\u00e0 di sapori senza pari nel tuo <b>Bang Leader 80000 Puffs<\/b>.<\/p>","protected":false},"featured_media":7882,"comment_status":"open","ping_status":"closed","template":"","meta":{"_acf_changed":false},"product_brand":[],"product_cat":[134,64],"product_tag":[],"class_list":{"0":"post-7869","1":"product","2":"type-product","3":"status-publish","4":"has-post-thumbnail","6":"product_cat-eu-warehouse-in-stock","7":"product_cat-puff-80k-bang-leader-80000-puffs-vape","9":"first","10":"instock","11":"shipping-taxable","12":"purchasable","13":"product-type-variable"},"acf":[],"yoast_head":"<!-- This site is optimized with the Yoast SEO Premium plugin v26.1 (Yoast SEO v27.5) - https:\/\/yoast.com\/product\/yoast-seo-premium-wordpress\/ -->\n<title>Puff 80k Bang Leader 80000: Cola Ice, Blue Razz &amp; Tropical Punch 3-in-1 - vozolvapen<\/title>\n<meta name=\"description\" content=\"The definitive Puff 80k blend! Bang Leader 80000 Puffs with chilled Cola Ice, tangy Blueberry Raspberry, and juicy Peach Mango Watermelon. A triple-threat bang puff for all-day vaping.\" \/>\n<meta name=\"robots\" content=\"index, follow, max-snippet:-1, max-image-preview:large, max-video-preview:-1\" \/>\n<link rel=\"canonical\" href=\"https:\/\/vozolvapen.de\/it\/product\/puff-80k-bang-leader-80000-cola-ghiaccio-mirtillo-lampone-pesca-mango-anguria\/\" \/>\n<meta property=\"og:locale\" content=\"it_IT\" \/>\n<meta property=\"og:type\" content=\"article\" \/>\n<meta property=\"og:title\" content=\"Puff 80k Bang Leader 80000 - Cola Ice + Blueberry Raspberry + Peach Mango Watermelon\" \/>\n<meta property=\"og:description\" content=\"The definitive Puff 80k blend! Bang Leader 80000 Puffs with chilled Cola Ice, tangy Blueberry Raspberry, and juicy Peach Mango Watermelon. A triple-threat bang puff for all-day vaping.\" \/>\n<meta property=\"og:url\" content=\"https:\/\/vozolvapen.de\/it\/product\/puff-80k-bang-leader-80000-cola-ghiaccio-mirtillo-lampone-pesca-mango-anguria\/\" \/>\n<meta property=\"og:site_name\" content=\"vozolvapen\" \/>\n<meta property=\"article:modified_time\" content=\"2026-02-10T12:35:19+00:00\" \/>\n<meta property=\"og:image\" content=\"https:\/\/vozolvapen.de\/wp-content\/uploads\/2025\/12\/Puff-80k-Bang-Leader-80000-cola-ice-blueberry-raspberry-peach-mango-watermelon.jpg.webp\" \/>\n\t<meta property=\"og:image:width\" content=\"1200\" \/>\n\t<meta property=\"og:image:height\" content=\"1200\" \/>\n\t<meta property=\"og:image:type\" content=\"image\/webp\" \/>\n<meta name=\"twitter:card\" content=\"summary_large_image\" \/>\n<meta name=\"twitter:label1\" content=\"Tempo di lettura stimato\" \/>\n\t<meta name=\"twitter:data1\" content=\"2 minuti\" \/>\n<script type=\"application\/ld+json\" class=\"yoast-schema-graph\">{\"@context\":\"https:\\\/\\\/schema.org\",\"@graph\":[{\"@type\":\"WebPage\",\"@id\":\"https:\\\/\\\/vozolvapen.de\\\/product\\\/puff-80k-bang-leader-80000-cola-ice-blueberry-raspberry-peach-mango-watermelon\\\/\",\"url\":\"https:\\\/\\\/vozolvapen.de\\\/product\\\/puff-80k-bang-leader-80000-cola-ice-blueberry-raspberry-peach-mango-watermelon\\\/\",\"name\":\"Puff 80k Bang Leader 80000: Cola Ice, Blue Razz & Tropical Punch 3-in-1 - vozolvapen\",\"isPartOf\":{\"@id\":\"https:\\\/\\\/vozolvapen.de\\\/#website\"},\"primaryImageOfPage\":{\"@id\":\"https:\\\/\\\/vozolvapen.de\\\/product\\\/puff-80k-bang-leader-80000-cola-ice-blueberry-raspberry-peach-mango-watermelon\\\/#primaryimage\"},\"image\":{\"@id\":\"https:\\\/\\\/vozolvapen.de\\\/product\\\/puff-80k-bang-leader-80000-cola-ice-blueberry-raspberry-peach-mango-watermelon\\\/#primaryimage\"},\"thumbnailUrl\":\"https:\\\/\\\/vozolvapen.de\\\/wp-content\\\/uploads\\\/2025\\\/12\\\/Puff-80k-Bang-Leader-80000-cola-ice-blueberry-raspberry-peach-mango-watermelon.jpg.webp\",\"datePublished\":\"2025-12-06T08:50:15+00:00\",\"dateModified\":\"2026-02-10T12:35:19+00:00\",\"description\":\"The definitive Puff 80k blend! Bang Leader 80000 Puffs with chilled Cola Ice, tangy Blueberry Raspberry, and juicy Peach Mango Watermelon. A triple-threat bang puff for all-day vaping.\",\"breadcrumb\":{\"@id\":\"https:\\\/\\\/vozolvapen.de\\\/product\\\/puff-80k-bang-leader-80000-cola-ice-blueberry-raspberry-peach-mango-watermelon\\\/#breadcrumb\"},\"inLanguage\":\"it-IT\",\"potentialAction\":[{\"@type\":\"ReadAction\",\"target\":[\"https:\\\/\\\/vozolvapen.de\\\/product\\\/puff-80k-bang-leader-80000-cola-ice-blueberry-raspberry-peach-mango-watermelon\\\/\"]}]},{\"@type\":\"ImageObject\",\"inLanguage\":\"it-IT\",\"@id\":\"https:\\\/\\\/vozolvapen.de\\\/product\\\/puff-80k-bang-leader-80000-cola-ice-blueberry-raspberry-peach-mango-watermelon\\\/#primaryimage\",\"url\":\"https:\\\/\\\/vozolvapen.de\\\/wp-content\\\/uploads\\\/2025\\\/12\\\/Puff-80k-Bang-Leader-80000-cola-ice-blueberry-raspberry-peach-mango-watermelon.jpg.webp\",\"contentUrl\":\"https:\\\/\\\/vozolvapen.de\\\/wp-content\\\/uploads\\\/2025\\\/12\\\/Puff-80k-Bang-Leader-80000-cola-ice-blueberry-raspberry-peach-mango-watermelon.jpg.webp\",\"width\":1200,\"height\":1200,\"caption\":\"Puff 80k Bang Leader 80000 Cola Ice Blueberry Raspberry Peach Mango Watermelon.jpg Disposable Vape Device\"},{\"@type\":\"BreadcrumbList\",\"@id\":\"https:\\\/\\\/vozolvapen.de\\\/product\\\/puff-80k-bang-leader-80000-cola-ice-blueberry-raspberry-peach-mango-watermelon\\\/#breadcrumb\",\"itemListElement\":[{\"@type\":\"ListItem\",\"position\":1,\"name\":\"Home\",\"item\":\"https:\\\/\\\/vozolvapen.de\\\/de\\\/\"},{\"@type\":\"ListItem\",\"position\":2,\"name\":\"Shop\",\"item\":\"https:\\\/\\\/vozolvapen.de\\\/shop\\\/\"},{\"@type\":\"ListItem\",\"position\":3,\"name\":\"Puff 80k Bang Leader 80000 &#8211; Cola Ice + Blueberry Raspberry + Peach Mango Watermelon\"}]},{\"@type\":\"WebSite\",\"@id\":\"https:\\\/\\\/vozolvapen.de\\\/#website\",\"url\":\"https:\\\/\\\/vozolvapen.de\\\/\",\"name\":\"vozolvapen\",\"description\":\"vozolvapen\",\"publisher\":{\"@id\":\"https:\\\/\\\/vozolvapen.de\\\/#organization\"},\"potentialAction\":[{\"@type\":\"SearchAction\",\"target\":{\"@type\":\"EntryPoint\",\"urlTemplate\":\"https:\\\/\\\/vozolvapen.de\\\/?s={search_term_string}\"},\"query-input\":{\"@type\":\"PropertyValueSpecification\",\"valueRequired\":true,\"valueName\":\"search_term_string\"}}],\"inLanguage\":\"it-IT\"},{\"@type\":\"Organization\",\"@id\":\"https:\\\/\\\/vozolvapen.de\\\/#organization\",\"name\":\"vozolvapen\",\"url\":\"https:\\\/\\\/vozolvapen.de\\\/\",\"logo\":{\"@type\":\"ImageObject\",\"inLanguage\":\"it-IT\",\"@id\":\"https:\\\/\\\/vozolvapen.de\\\/#\\\/schema\\\/logo\\\/image\\\/\",\"url\":\"https:\\\/\\\/vozolvapen.de\\\/wp-content\\\/uploads\\\/2025\\\/12\\\/cropped-vozovapen-logo.webp\",\"contentUrl\":\"https:\\\/\\\/vozolvapen.de\\\/wp-content\\\/uploads\\\/2025\\\/12\\\/cropped-vozovapen-logo.webp\",\"width\":470,\"height\":110,\"caption\":\"vozolvapen\"},\"image\":{\"@id\":\"https:\\\/\\\/vozolvapen.de\\\/#\\\/schema\\\/logo\\\/image\\\/\"}}]}<\/script>\n<!-- \/ Yoast SEO Premium plugin. -->","yoast_head_json":{"title":"Puff 80k Bang Leader 80000: Cola Ice, Blue Razz &amp; Tropical Punch 3 in 1 - vozolvapen","description":"La miscela definitiva Puff 80k! Bang Leader 80000 Puffs con Cola Ice ghiacciata, mirtillo e lampone dal gusto pungente e succosa pesca, mango e anguria. Una tripla minaccia per svapare tutto il giorno.","robots":{"index":"index","follow":"follow","max-snippet":"max-snippet:-1","max-image-preview":"max-image-preview:large","max-video-preview":"max-video-preview:-1"},"canonical":"https:\/\/vozolvapen.de\/it\/product\/puff-80k-bang-leader-80000-cola-ghiaccio-mirtillo-lampone-pesca-mango-anguria\/","og_locale":"it_IT","og_type":"article","og_title":"Puff 80k Bang Leader 80000 - Cola Ice + Blueberry Raspberry + Peach Mango Watermelon","og_description":"The definitive Puff 80k blend! Bang Leader 80000 Puffs with chilled Cola Ice, tangy Blueberry Raspberry, and juicy Peach Mango Watermelon. A triple-threat bang puff for all-day vaping.","og_url":"https:\/\/vozolvapen.de\/it\/product\/puff-80k-bang-leader-80000-cola-ghiaccio-mirtillo-lampone-pesca-mango-anguria\/","og_site_name":"vozolvapen","article_modified_time":"2026-02-10T12:35:19+00:00","og_image":[{"width":1200,"height":1200,"url":"https:\/\/vozolvapen.de\/wp-content\/uploads\/2025\/12\/Puff-80k-Bang-Leader-80000-cola-ice-blueberry-raspberry-peach-mango-watermelon.jpg.webp","type":"image\/webp"}],"twitter_card":"summary_large_image","twitter_misc":{"Tempo di lettura stimato":"2 minuti"},"schema":{"@context":"https:\/\/schema.org","@graph":[{"@type":"WebPage","@id":"https:\/\/vozolvapen.de\/product\/puff-80k-bang-leader-80000-cola-ice-blueberry-raspberry-peach-mango-watermelon\/","url":"https:\/\/vozolvapen.de\/product\/puff-80k-bang-leader-80000-cola-ice-blueberry-raspberry-peach-mango-watermelon\/","name":"Puff 80k Bang Leader 80000: Cola Ice, Blue Razz &amp; Tropical Punch 3 in 1 - vozolvapen","isPartOf":{"@id":"https:\/\/vozolvapen.de\/#website"},"primaryImageOfPage":{"@id":"https:\/\/vozolvapen.de\/product\/puff-80k-bang-leader-80000-cola-ice-blueberry-raspberry-peach-mango-watermelon\/#primaryimage"},"image":{"@id":"https:\/\/vozolvapen.de\/product\/puff-80k-bang-leader-80000-cola-ice-blueberry-raspberry-peach-mango-watermelon\/#primaryimage"},"thumbnailUrl":"https:\/\/vozolvapen.de\/wp-content\/uploads\/2025\/12\/Puff-80k-Bang-Leader-80000-cola-ice-blueberry-raspberry-peach-mango-watermelon.jpg.webp","datePublished":"2025-12-06T08:50:15+00:00","dateModified":"2026-02-10T12:35:19+00:00","description":"La miscela definitiva Puff 80k! Bang Leader 80000 Puffs con Cola Ice ghiacciata, mirtillo e lampone dal gusto pungente e succosa pesca, mango e anguria. Una tripla minaccia per svapare tutto il giorno.","breadcrumb":{"@id":"https:\/\/vozolvapen.de\/product\/puff-80k-bang-leader-80000-cola-ice-blueberry-raspberry-peach-mango-watermelon\/#breadcrumb"},"inLanguage":"it-IT","potentialAction":[{"@type":"ReadAction","target":["https:\/\/vozolvapen.de\/product\/puff-80k-bang-leader-80000-cola-ice-blueberry-raspberry-peach-mango-watermelon\/"]}]},{"@type":"ImageObject","inLanguage":"it-IT","@id":"https:\/\/vozolvapen.de\/product\/puff-80k-bang-leader-80000-cola-ice-blueberry-raspberry-peach-mango-watermelon\/#primaryimage","url":"https:\/\/vozolvapen.de\/wp-content\/uploads\/2025\/12\/Puff-80k-Bang-Leader-80000-cola-ice-blueberry-raspberry-peach-mango-watermelon.jpg.webp","contentUrl":"https:\/\/vozolvapen.de\/wp-content\/uploads\/2025\/12\/Puff-80k-Bang-Leader-80000-cola-ice-blueberry-raspberry-peach-mango-watermelon.jpg.webp","width":1200,"height":1200,"caption":"Puff 80k Bang Leader 80000 Cola Ice Blueberry Raspberry Peach Mango Watermelon.jpg Disposable Vape Device"},{"@type":"BreadcrumbList","@id":"https:\/\/vozolvapen.de\/product\/puff-80k-bang-leader-80000-cola-ice-blueberry-raspberry-peach-mango-watermelon\/#breadcrumb","itemListElement":[{"@type":"ListItem","position":1,"name":"Home","item":"https:\/\/vozolvapen.de\/de\/"},{"@type":"ListItem","position":2,"name":"Shop","item":"https:\/\/vozolvapen.de\/shop\/"},{"@type":"ListItem","position":3,"name":"Puff 80k Bang Leader 80000 &#8211; Cola Ice + Blueberry Raspberry + Peach Mango Watermelon"}]},{"@type":"WebSite","@id":"https:\/\/vozolvapen.de\/#website","url":"https:\/\/vozolvapen.de\/","name":"vozolvapen","description":"vozolvapen","publisher":{"@id":"https:\/\/vozolvapen.de\/#organization"},"potentialAction":[{"@type":"SearchAction","target":{"@type":"EntryPoint","urlTemplate":"https:\/\/vozolvapen.de\/?s={search_term_string}"},"query-input":{"@type":"PropertyValueSpecification","valueRequired":true,"valueName":"search_term_string"}}],"inLanguage":"it-IT"},{"@type":"Organization","@id":"https:\/\/vozolvapen.de\/#organization","name":"vozolvapen","url":"https:\/\/vozolvapen.de\/","logo":{"@type":"ImageObject","inLanguage":"it-IT","@id":"https:\/\/vozolvapen.de\/#\/schema\/logo\/image\/","url":"https:\/\/vozolvapen.de\/wp-content\/uploads\/2025\/12\/cropped-vozovapen-logo.webp","contentUrl":"https:\/\/vozolvapen.de\/wp-content\/uploads\/2025\/12\/cropped-vozovapen-logo.webp","width":470,"height":110,"caption":"vozolvapen"},"image":{"@id":"https:\/\/vozolvapen.de\/#\/schema\/logo\/image\/"}}]}},"tiered_pricing_type":"fixed","tiered_pricing_fixed_rules":{"30":"11.7","50":"9.7","100":"8.7","200":"8.2"},"tiered_pricing_product_settings":{"layout":"default","base_unit_name":{"singular":null,"plural":null},"default_variation":{}},"tiered_pricing_minimum_quantity":10,"tiered_pricing_roles_data":[],"tiered_pricing_percentage_rules":[],"tiered_pricing_maximum_quantity":null,"tiered_pricing_quantity_step":"10","_links":{"self":[{"href":"https:\/\/vozolvapen.de\/it\/wp-json\/wp\/v2\/product\/7869","targetHints":{"allow":["GET"]}}],"collection":[{"href":"https:\/\/vozolvapen.de\/it\/wp-json\/wp\/v2\/product"}],"about":[{"href":"https:\/\/vozolvapen.de\/it\/wp-json\/wp\/v2\/types\/product"}],"replies":[{"embeddable":true,"href":"https:\/\/vozolvapen.de\/it\/wp-json\/wp\/v2\/comments?post=7869"}],"wp:featuredmedia":[{"embeddable":true,"href":"https:\/\/vozolvapen.de\/it\/wp-json\/wp\/v2\/media\/7882"}],"wp:attachment":[{"href":"https:\/\/vozolvapen.de\/it\/wp-json\/wp\/v2\/media?parent=7869"}],"wp:term":[{"taxonomy":"product_brand","embeddable":true,"href":"https:\/\/vozolvapen.de\/it\/wp-json\/wp\/v2\/product_brand?post=7869"},{"taxonomy":"product_cat","embeddable":true,"href":"https:\/\/vozolvapen.de\/it\/wp-json\/wp\/v2\/product_cat?post=7869"},{"taxonomy":"product_tag","embeddable":true,"href":"https:\/\/vozolvapen.de\/it\/wp-json\/wp\/v2\/product_tag?post=7869"}],"curies":[{"name":"wp","href":"https:\/\/api.w.org\/{rel}","templated":true}]}}