{"id":23938,"date":"2025-12-12T08:14:00","date_gmt":"2025-12-12T08:14:00","guid":{"rendered":"https:\/\/vozolvapen.de\/?post_type=product&#038;p=23938"},"modified":"2025-12-12T08:59:06","modified_gmt":"2025-12-12T08:59:06","slug":"jnr-rage-grilla-55000-strawberry-ice","status":"publish","type":"product","link":"https:\/\/vozolvapen.de\/pl\/product\/jnr-rage-grilla-55000-strawberry-ice\/","title":{"rendered":"JNR Rage Grilla 55000 - Strawberry Ice"},"content":{"rendered":"<h1>Jnr Vape JNR Rage Grilla 55000 - Strawberry Ice<\/h1>\n<p>Do\u015bwiadcz idealnego po\u0142\u0105czenia s\u0142odyczy i ch\u0142odu dzi\u0119ki <b>JNR Rage Grilla 55000<\/b> w Strawberry Ice. Wzi\u0119li\u015bmy smak \u015bwie\u017co zebranych, dojrza\u0142ych truskawek i po\u0142\u0105czyli\u015bmy go z orze\u017awiaj\u0105cym, czystym podmuchem lodowatego mentolu. Smak <b>JNR Rage Grilla<\/b> Posiada zaawansowan\u0105 cewk\u0119 Dual Mesh Coil, kt\u00f3ra zapewnia maksymalne dostarczanie smaku i sta\u0142\u0105 temperatur\u0119 w ka\u017cdym z jej element\u00f3w. <b>Do 55000 zaci\u0105gni\u0119\u0107<\/b>. Natychmiastowe sprawdzanie poziomu e-liquidu i baterii na inteligentnym ekranie tego urz\u0105dzenia o du\u017cej pojemno\u015bci. <b>JNR 55k<\/b> urz\u0105dzenie.<\/p>\n<h2 data-path-to-node=\"2\">\ud83d\udccb <b>JNR Rage Grilla 55000<\/b> Specyfikacja techniczna<\/h2>\n<table data-path-to-node=\"6\">\n<thead>\n<tr>\n<td><strong>Parametr<\/strong><\/td>\n<td><strong>Specyfikacja<\/strong><\/td>\n<\/tr>\n<\/thead>\n<tbody>\n<tr>\n<td><span data-path-to-node=\"6,1,0,0\"><b>Nazwa modelu<\/b><\/span><\/td>\n<td><span data-path-to-node=\"6,1,1,0\"><b>JNR Rage Grilla 55000<\/b><\/span><\/td>\n<\/tr>\n<tr>\n<td><span data-path-to-node=\"6,2,0,0\"><b>Nazwa smaku<\/b><\/span><\/td>\n<td><span data-path-to-node=\"6,2,1,0\">L\u00f3d truskawkowy<\/span><\/td>\n<\/tr>\n<tr>\n<td><span data-path-to-node=\"6,3,0,0\"><b>Marka<\/b><\/span><\/td>\n<td><span data-path-to-node=\"6,3,1,0\"><b>JNR Vape<\/b><\/span><\/td>\n<\/tr>\n<tr>\n<td><span data-path-to-node=\"6,4,0,0\"><b>Puff Count<\/b><\/span><\/td>\n<td><span data-path-to-node=\"6,4,1,0\">UP do <b>55000 Puff\u00f3w<\/b> (<b>JNR 55k<\/b>)<\/span><\/td>\n<\/tr>\n<tr>\n<td><span data-path-to-node=\"6,5,0,0\"><b>Pojemno\u015b\u0107 E-Liquid<\/b><\/span><\/td>\n<td><span data-path-to-node=\"6,5,1,0\">Wst\u0119pnie nape\u0142niony 30 ml<\/span><\/td>\n<\/tr>\n<tr>\n<td><span data-path-to-node=\"6,6,0,0\"><b>Pojemno\u015b\u0107 akumulatora<\/b><\/span><\/td>\n<td><span data-path-to-node=\"6,6,1,0\">950 mAh (akumulator)<\/span><\/td>\n<\/tr>\n<tr>\n<td><span data-path-to-node=\"6,7,0,0\"><b>Typ cewki<\/b><\/span><\/td>\n<td><span data-path-to-node=\"6,7,1,0\">Cewka z podw\u00f3jn\u0105 siatk\u0105<\/span><\/td>\n<\/tr>\n<tr>\n<td><span data-path-to-node=\"6,8,0,0\"><b>Si\u0142a nikotyny<\/b><\/span><\/td>\n<td><span data-path-to-node=\"6,8,1,0\">2% \/ 5% Opcje<\/span><\/td>\n<\/tr>\n<tr>\n<td><span data-path-to-node=\"6,9,0,0\"><b>Wy\u015bwietlacz<\/b><\/span><\/td>\n<td><span data-path-to-node=\"6,9,1,0\">Inteligentny ekran (wska\u017anik baterii i e-cieczy)<\/span><\/td>\n<\/tr>\n<tr>\n<td><span data-path-to-node=\"6,10,0,0\"><b>\u0141adowanie<\/b><\/span><\/td>\n<td><span data-path-to-node=\"6,10,1,0\">Szybkie \u0142adowanie typu C<\/span><\/td>\n<\/tr>\n<tr>\n<td><\/td>\n<td><\/td>\n<\/tr>\n<\/tbody>\n<\/table>\n<h2>Dlaczego warto wybra\u0107 ten smak?<\/h2>\n<p><b>L\u00f3d truskawkowy<\/b> to definicja idealnego ca\u0142odziennego wapowania. \u0141\u0105czy w sobie autentyczne, s\u0142odkie nuty letnich truskawek ze \u015brednim, orze\u017awiaj\u0105cym mentolowym ch\u0142odem, oferuj\u0105c czysty i sp\u00f3jny profil smakowy od pierwszego do ostatniego zaci\u0105gni\u0119cia.<\/p>\n<h3>Dla kogo to jest?<\/h3>\n<p>Idealny dla <b>Pocz\u0105tkuj\u0105cy i klasyczni vaperzy<\/b> kt\u00f3rzy lubi\u0105 znajome, s\u0142odkie smaki owocowe i pragn\u0105 standardowego, nieobezw\u0142adniaj\u0105cego uczucia ch\u0142odzenia.<\/p>\n<h3>\u2b50\ufe0f <b>JNR Rage Grilla 55000<\/b> Przewodnik po smakach - Strawberry Ice<\/h3>\n<table data-path-to-node=\"5\">\n<thead>\n<tr>\n<td><strong>Metryczny<\/strong><\/td>\n<td><strong>Ocena gwiazdkowa<\/strong><\/td>\n<td><strong>Opis profilu<\/strong><\/td>\n<\/tr>\n<\/thead>\n<tbody>\n<tr>\n<td><span data-path-to-node=\"5,1,0,0\"><b>S\u0142odycz<\/b><\/span><\/td>\n<td><span data-path-to-node=\"5,1,1,0\">\u2605\u2605\u2605\u2605\u2606<\/span><\/td>\n<td><span data-path-to-node=\"5,1,2,0\">Wysoka s\u0142odycz pochodz\u0105ca z dojrza\u0142ych truskawek.<\/span><\/td>\n<\/tr>\n<tr>\n<td><span data-path-to-node=\"5,2,0,0\"><b>L\u00f3d\/ch\u0142odzenie<\/b><\/span><\/td>\n<td><span data-path-to-node=\"5,2,1,0\">\u2605\u2605\u2605\u2606\u2606<\/span><\/td>\n<td><span data-path-to-node=\"5,2,2,0\">\u015aredni poziom mentolu zapewnia rze\u015bki, orze\u017awiaj\u0105cy wydech.<\/span><\/td>\n<\/tr>\n<tr>\n<td><span data-path-to-node=\"5,3,0,0\"><b>Intensywno\u015b\u0107 smaku<\/b><\/span><\/td>\n<td><span data-path-to-node=\"5,3,1,0\">\u2605\u2605\u2605\u2605\u2606<\/span><\/td>\n<td><span data-path-to-node=\"5,3,2,0\">Mocny i natychmiastowy smak, klasyczny i zr\u00f3wnowa\u017cony.<\/span><\/td>\n<\/tr>\n<tr>\n<td><span data-path-to-node=\"5,4,0,0\"><b>Uwagi smakowe<\/b><\/span><\/td>\n<td><\/td>\n<td><span data-path-to-node=\"5,4,2,0\">S\u0142odka, dojrza\u0142a truskawka z czystym i ch\u0142odz\u0105cym mentolowym finiszem.<\/span><\/td>\n<\/tr>\n<\/tbody>\n<\/table>\n<h3 data-path-to-node=\"54\">Oto dalsze zalecenia dla Ciebie:<\/h3>\n<p dir=\"auto\">Odkryj jeszcze wi\u0119cej niesamowitych smak\u00f3w dzi\u0119ki JNR Rage Grilla 55000 Puff Vape!<\/p>\n<p dir=\"auto\"><a href=\"https:\/\/vozolvapen.de\/pl\/product-category\/jnr-vape\/jnr-rage-grilla-55000-puff-vape\/\">Zobacz wszystkie odmiany tutaj \u2192<\/a><\/p>\n<p dir=\"auto\">Zapoznaj si\u0119 z nasz\u0105 pe\u0142n\u0105 kolekcj\u0105 i kupuj produkty najlepszych marek vape, kt\u00f3re pokochasz.<\/p>\n<p dir=\"auto\"><a href=\"https:\/\/vozolvapen.de\/pl\/\">Przegl\u0105daj teraz wszystkie marki \u2192<\/a><\/p>\n<p dir=\"auto\">Sprawd\u017a ca\u0142\u0105 seri\u0119 JNR Vape - ka\u017cdy smak, ka\u017cdy styl!<\/p>\n<p dir=\"auto\"><a href=\"https:\/\/vozolvapen.de\/pl\/product-category\/jnr-vape\/\">Zobacz pe\u0142n\u0105 kolekcj\u0119 JNR Vape \u2192<\/a><\/p>","protected":false},"excerpt":{"rendered":"<p>Klasyczne po\u0142\u0105czenie s\u0142odkiej, dojrza\u0142ej truskawki z czystym, \u015brednio mentolowym finiszem. Ostry, ch\u0142odny i doskonale zbalansowany.<\/p>","protected":false},"featured_media":24798,"comment_status":"open","ping_status":"closed","template":"","meta":{"_acf_changed":false},"product_brand":[],"product_cat":[76],"product_tag":[],"class_list":{"0":"post-23938","1":"product","2":"type-product","3":"status-publish","4":"has-post-thumbnail","6":"product_cat-jnr-rage-grilla-55000-puff-vape","8":"first","9":"instock","10":"shipping-taxable","11":"purchasable","12":"product-type-variable"},"acf":[],"yoast_head":"<!-- This site is optimized with the Yoast SEO Premium plugin v26.1 (Yoast SEO v27.5) - https:\/\/yoast.com\/product\/yoast-seo-premium-wordpress\/ -->\n<title>JNR Rage Grilla 55000 Strawberry Ice | Best JNR 55k Puffs - vozolvapen<\/title>\n<meta name=\"description\" content=\"Buy JNR Rage Grilla 55000 Strawberry Ice. Classic sweet strawberry meets menthol chill. Puff JNR 55k capacity, 30ml E-liquid, Dual Mesh Coil. Shop JNR Vape today.\" \/>\n<meta name=\"robots\" content=\"index, follow, max-snippet:-1, max-image-preview:large, max-video-preview:-1\" \/>\n<link rel=\"canonical\" href=\"https:\/\/vozolvapen.de\/pl\/product\/jnr-rage-grilla-55000-strawberry-ice\/\" \/>\n<meta property=\"og:locale\" content=\"pl_PL\" \/>\n<meta property=\"og:type\" content=\"article\" \/>\n<meta property=\"og:title\" content=\"JNR Rage Grilla 55000 - Strawberry Ice\" \/>\n<meta property=\"og:description\" content=\"Buy JNR Rage Grilla 55000 Strawberry Ice. Classic sweet strawberry meets menthol chill. Puff JNR 55k capacity, 30ml E-liquid, Dual Mesh Coil. Shop JNR Vape today.\" \/>\n<meta property=\"og:url\" content=\"https:\/\/vozolvapen.de\/pl\/product\/jnr-rage-grilla-55000-strawberry-ice\/\" \/>\n<meta property=\"og:site_name\" content=\"vozolvapen\" \/>\n<meta property=\"article:modified_time\" content=\"2025-12-12T08:59:06+00:00\" \/>\n<meta property=\"og:image\" content=\"https:\/\/vozolvapen.de\/wp-content\/uploads\/2025\/12\/JNR-Rage-Grilla-55000-Strawberry-Ice.webp\" \/>\n\t<meta property=\"og:image:width\" content=\"800\" \/>\n\t<meta property=\"og:image:height\" content=\"800\" \/>\n\t<meta property=\"og:image:type\" content=\"image\/webp\" \/>\n<meta name=\"twitter:card\" content=\"summary_large_image\" \/>\n<meta name=\"twitter:label1\" content=\"Szacowany czas czytania\" \/>\n\t<meta name=\"twitter:data1\" content=\"2 minuty\" \/>\n<script type=\"application\/ld+json\" class=\"yoast-schema-graph\">{\"@context\":\"https:\\\/\\\/schema.org\",\"@graph\":[{\"@type\":\"WebPage\",\"@id\":\"https:\\\/\\\/vozolvapen.de\\\/product\\\/jnr-rage-grilla-55000-strawberry-ice\\\/\",\"url\":\"https:\\\/\\\/vozolvapen.de\\\/product\\\/jnr-rage-grilla-55000-strawberry-ice\\\/\",\"name\":\"JNR Rage Grilla 55000 Strawberry Ice | Best JNR 55k Puffs - vozolvapen\",\"isPartOf\":{\"@id\":\"https:\\\/\\\/vozolvapen.de\\\/#website\"},\"primaryImageOfPage\":{\"@id\":\"https:\\\/\\\/vozolvapen.de\\\/product\\\/jnr-rage-grilla-55000-strawberry-ice\\\/#primaryimage\"},\"image\":{\"@id\":\"https:\\\/\\\/vozolvapen.de\\\/product\\\/jnr-rage-grilla-55000-strawberry-ice\\\/#primaryimage\"},\"thumbnailUrl\":\"https:\\\/\\\/vozolvapen.de\\\/wp-content\\\/uploads\\\/2025\\\/12\\\/JNR-Rage-Grilla-55000-Strawberry-Ice.webp\",\"datePublished\":\"2025-12-12T08:14:00+00:00\",\"dateModified\":\"2025-12-12T08:59:06+00:00\",\"description\":\"Buy JNR Rage Grilla 55000 Strawberry Ice. Classic sweet strawberry meets menthol chill. Puff JNR 55k capacity, 30ml E-liquid, Dual Mesh Coil. Shop JNR Vape today.\",\"breadcrumb\":{\"@id\":\"https:\\\/\\\/vozolvapen.de\\\/product\\\/jnr-rage-grilla-55000-strawberry-ice\\\/#breadcrumb\"},\"inLanguage\":\"pl-PL\",\"potentialAction\":[{\"@type\":\"ReadAction\",\"target\":[\"https:\\\/\\\/vozolvapen.de\\\/product\\\/jnr-rage-grilla-55000-strawberry-ice\\\/\"]}]},{\"@type\":\"ImageObject\",\"inLanguage\":\"pl-PL\",\"@id\":\"https:\\\/\\\/vozolvapen.de\\\/product\\\/jnr-rage-grilla-55000-strawberry-ice\\\/#primaryimage\",\"url\":\"https:\\\/\\\/vozolvapen.de\\\/wp-content\\\/uploads\\\/2025\\\/12\\\/JNR-Rage-Grilla-55000-Strawberry-Ice.webp\",\"contentUrl\":\"https:\\\/\\\/vozolvapen.de\\\/wp-content\\\/uploads\\\/2025\\\/12\\\/JNR-Rage-Grilla-55000-Strawberry-Ice.webp\",\"width\":800,\"height\":800,\"caption\":\"JNR Rage Grilla 55000 - Strawberry Ice\"},{\"@type\":\"BreadcrumbList\",\"@id\":\"https:\\\/\\\/vozolvapen.de\\\/product\\\/jnr-rage-grilla-55000-strawberry-ice\\\/#breadcrumb\",\"itemListElement\":[{\"@type\":\"ListItem\",\"position\":1,\"name\":\"Home\",\"item\":\"https:\\\/\\\/vozolvapen.de\\\/de\\\/\"},{\"@type\":\"ListItem\",\"position\":2,\"name\":\"Shop\",\"item\":\"https:\\\/\\\/vozolvapen.de\\\/shop\\\/\"},{\"@type\":\"ListItem\",\"position\":3,\"name\":\"JNR Rage Grilla 55000 &#8211; Strawberry Ice\"}]},{\"@type\":\"WebSite\",\"@id\":\"https:\\\/\\\/vozolvapen.de\\\/#website\",\"url\":\"https:\\\/\\\/vozolvapen.de\\\/\",\"name\":\"vozolvapen\",\"description\":\"vozolvapen\",\"publisher\":{\"@id\":\"https:\\\/\\\/vozolvapen.de\\\/#organization\"},\"potentialAction\":[{\"@type\":\"SearchAction\",\"target\":{\"@type\":\"EntryPoint\",\"urlTemplate\":\"https:\\\/\\\/vozolvapen.de\\\/?s={search_term_string}\"},\"query-input\":{\"@type\":\"PropertyValueSpecification\",\"valueRequired\":true,\"valueName\":\"search_term_string\"}}],\"inLanguage\":\"pl-PL\"},{\"@type\":\"Organization\",\"@id\":\"https:\\\/\\\/vozolvapen.de\\\/#organization\",\"name\":\"vozolvapen\",\"url\":\"https:\\\/\\\/vozolvapen.de\\\/\",\"logo\":{\"@type\":\"ImageObject\",\"inLanguage\":\"pl-PL\",\"@id\":\"https:\\\/\\\/vozolvapen.de\\\/#\\\/schema\\\/logo\\\/image\\\/\",\"url\":\"https:\\\/\\\/vozolvapen.de\\\/wp-content\\\/uploads\\\/2025\\\/12\\\/cropped-vozovapen-logo.webp\",\"contentUrl\":\"https:\\\/\\\/vozolvapen.de\\\/wp-content\\\/uploads\\\/2025\\\/12\\\/cropped-vozovapen-logo.webp\",\"width\":470,\"height\":110,\"caption\":\"vozolvapen\"},\"image\":{\"@id\":\"https:\\\/\\\/vozolvapen.de\\\/#\\\/schema\\\/logo\\\/image\\\/\"}}]}<\/script>\n<!-- \/ Yoast SEO Premium plugin. -->","yoast_head_json":{"title":"JNR Rage Grilla 55000 Strawberry Ice | Najlepsze pufy JNR 55k - vozolvapen","description":"Kup JNR Rage Grilla 55000 Strawberry Ice. Klasyczna s\u0142odka truskawka \u0142\u0105czy si\u0119 z mentolowym ch\u0142odem. Pojemno\u015b\u0107 Puff JNR 55k, 30 ml e-liquidu, podw\u00f3jna cewka siatkowa. Kup JNR Vape ju\u017c dzi\u015b.","robots":{"index":"index","follow":"follow","max-snippet":"max-snippet:-1","max-image-preview":"max-image-preview:large","max-video-preview":"max-video-preview:-1"},"canonical":"https:\/\/vozolvapen.de\/pl\/product\/jnr-rage-grilla-55000-strawberry-ice\/","og_locale":"pl_PL","og_type":"article","og_title":"JNR Rage Grilla 55000 - Strawberry Ice","og_description":"Buy JNR Rage Grilla 55000 Strawberry Ice. Classic sweet strawberry meets menthol chill. Puff JNR 55k capacity, 30ml E-liquid, Dual Mesh Coil. Shop JNR Vape today.","og_url":"https:\/\/vozolvapen.de\/pl\/product\/jnr-rage-grilla-55000-strawberry-ice\/","og_site_name":"vozolvapen","article_modified_time":"2025-12-12T08:59:06+00:00","og_image":[{"width":800,"height":800,"url":"https:\/\/vozolvapen.de\/wp-content\/uploads\/2025\/12\/JNR-Rage-Grilla-55000-Strawberry-Ice.webp","type":"image\/webp"}],"twitter_card":"summary_large_image","twitter_misc":{"Szacowany czas czytania":"2 minuty"},"schema":{"@context":"https:\/\/schema.org","@graph":[{"@type":"WebPage","@id":"https:\/\/vozolvapen.de\/product\/jnr-rage-grilla-55000-strawberry-ice\/","url":"https:\/\/vozolvapen.de\/product\/jnr-rage-grilla-55000-strawberry-ice\/","name":"JNR Rage Grilla 55000 Strawberry Ice | Najlepsze pufy JNR 55k - vozolvapen","isPartOf":{"@id":"https:\/\/vozolvapen.de\/#website"},"primaryImageOfPage":{"@id":"https:\/\/vozolvapen.de\/product\/jnr-rage-grilla-55000-strawberry-ice\/#primaryimage"},"image":{"@id":"https:\/\/vozolvapen.de\/product\/jnr-rage-grilla-55000-strawberry-ice\/#primaryimage"},"thumbnailUrl":"https:\/\/vozolvapen.de\/wp-content\/uploads\/2025\/12\/JNR-Rage-Grilla-55000-Strawberry-Ice.webp","datePublished":"2025-12-12T08:14:00+00:00","dateModified":"2025-12-12T08:59:06+00:00","description":"Kup JNR Rage Grilla 55000 Strawberry Ice. Klasyczna s\u0142odka truskawka \u0142\u0105czy si\u0119 z mentolowym ch\u0142odem. Pojemno\u015b\u0107 Puff JNR 55k, 30 ml e-liquidu, podw\u00f3jna cewka siatkowa. Kup JNR Vape ju\u017c dzi\u015b.","breadcrumb":{"@id":"https:\/\/vozolvapen.de\/product\/jnr-rage-grilla-55000-strawberry-ice\/#breadcrumb"},"inLanguage":"pl-PL","potentialAction":[{"@type":"ReadAction","target":["https:\/\/vozolvapen.de\/product\/jnr-rage-grilla-55000-strawberry-ice\/"]}]},{"@type":"ImageObject","inLanguage":"pl-PL","@id":"https:\/\/vozolvapen.de\/product\/jnr-rage-grilla-55000-strawberry-ice\/#primaryimage","url":"https:\/\/vozolvapen.de\/wp-content\/uploads\/2025\/12\/JNR-Rage-Grilla-55000-Strawberry-Ice.webp","contentUrl":"https:\/\/vozolvapen.de\/wp-content\/uploads\/2025\/12\/JNR-Rage-Grilla-55000-Strawberry-Ice.webp","width":800,"height":800,"caption":"JNR Rage Grilla 55000 - Strawberry Ice"},{"@type":"BreadcrumbList","@id":"https:\/\/vozolvapen.de\/product\/jnr-rage-grilla-55000-strawberry-ice\/#breadcrumb","itemListElement":[{"@type":"ListItem","position":1,"name":"Home","item":"https:\/\/vozolvapen.de\/de\/"},{"@type":"ListItem","position":2,"name":"Shop","item":"https:\/\/vozolvapen.de\/shop\/"},{"@type":"ListItem","position":3,"name":"JNR Rage Grilla 55000 &#8211; Strawberry Ice"}]},{"@type":"WebSite","@id":"https:\/\/vozolvapen.de\/#website","url":"https:\/\/vozolvapen.de\/","name":"vozolvapen","description":"vozolvapen","publisher":{"@id":"https:\/\/vozolvapen.de\/#organization"},"potentialAction":[{"@type":"SearchAction","target":{"@type":"EntryPoint","urlTemplate":"https:\/\/vozolvapen.de\/?s={search_term_string}"},"query-input":{"@type":"PropertyValueSpecification","valueRequired":true,"valueName":"search_term_string"}}],"inLanguage":"pl-PL"},{"@type":"Organization","@id":"https:\/\/vozolvapen.de\/#organization","name":"vozolvapen","url":"https:\/\/vozolvapen.de\/","logo":{"@type":"ImageObject","inLanguage":"pl-PL","@id":"https:\/\/vozolvapen.de\/#\/schema\/logo\/image\/","url":"https:\/\/vozolvapen.de\/wp-content\/uploads\/2025\/12\/cropped-vozovapen-logo.webp","contentUrl":"https:\/\/vozolvapen.de\/wp-content\/uploads\/2025\/12\/cropped-vozovapen-logo.webp","width":470,"height":110,"caption":"vozolvapen"},"image":{"@id":"https:\/\/vozolvapen.de\/#\/schema\/logo\/image\/"}}]}},"tiered_pricing_type":"fixed","tiered_pricing_fixed_rules":{"30":"12.85","50":"10.85","100":"9.85","200":"8.85"},"tiered_pricing_product_settings":{"layout":"default","base_unit_name":{"singular":null,"plural":null},"default_variation":null},"tiered_pricing_minimum_quantity":10,"tiered_pricing_roles_data":[],"tiered_pricing_percentage_rules":[],"tiered_pricing_maximum_quantity":null,"tiered_pricing_quantity_step":"10","_links":{"self":[{"href":"https:\/\/vozolvapen.de\/pl\/wp-json\/wp\/v2\/product\/23938","targetHints":{"allow":["GET"]}}],"collection":[{"href":"https:\/\/vozolvapen.de\/pl\/wp-json\/wp\/v2\/product"}],"about":[{"href":"https:\/\/vozolvapen.de\/pl\/wp-json\/wp\/v2\/types\/product"}],"replies":[{"embeddable":true,"href":"https:\/\/vozolvapen.de\/pl\/wp-json\/wp\/v2\/comments?post=23938"}],"wp:featuredmedia":[{"embeddable":true,"href":"https:\/\/vozolvapen.de\/pl\/wp-json\/wp\/v2\/media\/24798"}],"wp:attachment":[{"href":"https:\/\/vozolvapen.de\/pl\/wp-json\/wp\/v2\/media?parent=23938"}],"wp:term":[{"taxonomy":"product_brand","embeddable":true,"href":"https:\/\/vozolvapen.de\/pl\/wp-json\/wp\/v2\/product_brand?post=23938"},{"taxonomy":"product_cat","embeddable":true,"href":"https:\/\/vozolvapen.de\/pl\/wp-json\/wp\/v2\/product_cat?post=23938"},{"taxonomy":"product_tag","embeddable":true,"href":"https:\/\/vozolvapen.de\/pl\/wp-json\/wp\/v2\/product_tag?post=23938"}],"curies":[{"name":"wp","href":"https:\/\/api.w.org\/{rel}","templated":true}]}}