{"id":24669,"date":"2025-12-12T08:14:42","date_gmt":"2025-12-12T08:14:42","guid":{"rendered":"https:\/\/vozolvapen.de\/?post_type=product&#038;p=24669"},"modified":"2025-12-12T09:00:28","modified_gmt":"2025-12-12T09:00:28","slug":"jnr-rage-grilla-55000-watermelon-bubblegum","status":"publish","type":"product","link":"https:\/\/vozolvapen.de\/pl\/product\/jnr-rage-grilla-55000-watermelon-bubblegum\/","title":{"rendered":"JNR Rage Grilla 55000 - Watermelon Bubblegum"},"content":{"rendered":"<h1>Jnr Vape JNR Rage Grilla 55000 - Watermelon Bubblegum<\/h1>\n<p>Rozkoszuj si\u0119 s\u0142odyczami o nostalgicznym smaku <b>JNR Rage Grilla 55000<\/b> Watermelon Bubblegum. Ten smak doskonale oddaje s\u0142odk\u0105 esencj\u0119 klasycznej r\u00f3\u017cowej gumy balonowej z dodatkiem \u015bwie\u017cego soku z arbuza. Smak <b>JNR Vape<\/b> Podw\u00f3jna cewka siatkowa zapewnia g\u0119st\u0105, s\u0142odk\u0105 par\u0119. Dzi\u0119ki ogromnej <b>puff jnr 55k<\/b> pojemno\u015b\u0107, s\u0142odycz trwa i trwa.<\/p>\n<h2 data-path-to-node=\"2\">\ud83d\udccb <b>JNR Rage Grilla 55000<\/b> Specyfikacja techniczna<\/h2>\n<table data-path-to-node=\"57\">\n<thead>\n<tr>\n<td><strong>Parametr<\/strong><\/td>\n<td><strong>Specyfikacja<\/strong><\/td>\n<\/tr>\n<\/thead>\n<tbody>\n<tr>\n<td><span data-path-to-node=\"57,1,0,0\"><b>Nazwa modelu<\/b><\/span><\/td>\n<td><span data-path-to-node=\"57,1,1,0\"><b>JNR Rage Grilla 55000<\/b><\/span><\/td>\n<\/tr>\n<tr>\n<td><span data-path-to-node=\"57,2,0,0\"><b>Nazwa smaku<\/b><\/span><\/td>\n<td><span data-path-to-node=\"57,2,1,0\">Arbuz Bubblegum<\/span><\/td>\n<\/tr>\n<tr>\n<td><span data-path-to-node=\"57,3,0,0\"><b>Marka<\/b><\/span><\/td>\n<td><span data-path-to-node=\"57,3,1,0\"><b>JNR Vape<\/b><\/span><\/td>\n<\/tr>\n<tr>\n<td><span data-path-to-node=\"57,4,0,0\"><b>Puff Count<\/b><\/span><\/td>\n<td><span data-path-to-node=\"57,4,1,0\">UP do <b>55000 Puff\u00f3w<\/b> (<b>JNR 55k<\/b>)<\/span><\/td>\n<\/tr>\n<tr>\n<td><span data-path-to-node=\"57,5,0,0\"><b>Pojemno\u015b\u0107 E-Liquid<\/b><\/span><\/td>\n<td><span data-path-to-node=\"57,5,1,0\">Wst\u0119pnie nape\u0142niony 30 ml<\/span><\/td>\n<\/tr>\n<tr>\n<td><span data-path-to-node=\"57,6,0,0\"><b>Pojemno\u015b\u0107 akumulatora<\/b><\/span><\/td>\n<td><span data-path-to-node=\"57,6,1,0\">950 mAh (akumulator)<\/span><\/td>\n<\/tr>\n<tr>\n<td><span data-path-to-node=\"57,7,0,0\"><b>Typ cewki<\/b><\/span><\/td>\n<td><span data-path-to-node=\"57,7,1,0\">Cewka z podw\u00f3jn\u0105 siatk\u0105<\/span><\/td>\n<\/tr>\n<tr>\n<td><span data-path-to-node=\"57,8,0,0\"><b>Si\u0142a nikotyny<\/b><\/span><\/td>\n<td><span data-path-to-node=\"57,8,1,0\">2% \/ 5% Opcje<\/span><\/td>\n<\/tr>\n<tr>\n<td><span data-path-to-node=\"57,9,0,0\"><b>Wy\u015bwietlacz<\/b><\/span><\/td>\n<td><span data-path-to-node=\"57,9,1,0\">Inteligentny ekran (wska\u017anik baterii i e-cieczy)<\/span><\/td>\n<\/tr>\n<tr>\n<td><span data-path-to-node=\"57,10,0,0\"><b>\u0141adowanie<\/b><\/span><\/td>\n<td><span data-path-to-node=\"57,10,1,0\">Szybkie \u0142adowanie typu C<\/span><\/td>\n<\/tr>\n<tr>\n<td><\/td>\n<td><\/td>\n<\/tr>\n<\/tbody>\n<\/table>\n<h2>Dlaczego warto wybra\u0107 ten smak?<\/h2>\n<p><b>Arbuz Bubblegum<\/b> to zabawny, nostalgiczny podmuch s\u0142odyczy. Doskonale odtwarza s\u0142odk\u0105, ci\u0105gn\u0105c\u0105 si\u0119 esencj\u0119 gumy balonowej w po\u0142\u0105czeniu ze znajomym, soczystym smakiem \u015bwie\u017cego arbuza.<\/p>\n<h3>Dla kogo to jest?<\/h3>\n<p>Odpowiedni dla <b>Sweet Tooth Vapers<\/b> i tych, kt\u00f3rzy lubi\u0105 mocne s\u0142odycze lub desery, kt\u00f3re s\u0105 intensywnie s\u0142odkie i przywo\u0142uj\u0105 wspomnienia z dzieci\u0144stwa.<\/p>\n<h3>\u2b50\ufe0f <b>JNR Rage Grilla 55000<\/b> Przewodnik po smakach - Watermelon Bubblegum<\/h3>\n<table data-path-to-node=\"56\">\n<thead>\n<tr>\n<td><strong>Metryczny<\/strong><\/td>\n<td><strong>Ocena gwiazdkowa<\/strong><\/td>\n<td><strong>Opis profilu<\/strong><\/td>\n<\/tr>\n<\/thead>\n<tbody>\n<tr>\n<td><span data-path-to-node=\"56,1,0,0\"><b>S\u0142odycz<\/b><\/span><\/td>\n<td><span data-path-to-node=\"56,1,1,0\">\u2605\u2605\u2605\u2605\u2605<\/span><\/td>\n<td><span data-path-to-node=\"56,1,2,0\">S\u0142odycz na poziomie deseru, odzwierciedlaj\u0105ca cukrow\u0105 baz\u0119 cukierk\u00f3w.<\/span><\/td>\n<\/tr>\n<tr>\n<td><span data-path-to-node=\"56,2,0,0\"><b>L\u00f3d\/ch\u0142odzenie<\/b><\/span><\/td>\n<td><span data-path-to-node=\"56,2,1,0\">\u2605\u2606\u2606\u2606\u2606<\/span><\/td>\n<td><span data-path-to-node=\"56,2,2,0\">Brak uczucia mentolu lub lodu (bez ch\u0142odzenia).<\/span><\/td>\n<\/tr>\n<tr>\n<td><span data-path-to-node=\"56,3,0,0\"><b>Intensywno\u015b\u0107 smaku<\/b><\/span><\/td>\n<td><span data-path-to-node=\"56,3,1,0\">\u2605\u2605\u2605\u2605\u2606<\/span><\/td>\n<td><span data-path-to-node=\"56,3,2,0\">Mocny, nostalgiczny i s\u0142odki smak.<\/span><\/td>\n<\/tr>\n<tr>\n<td><span data-path-to-node=\"56,4,0,0\"><b>Uwagi smakowe<\/b><\/span><\/td>\n<td><\/td>\n<td><span data-path-to-node=\"56,4,2,0\">Soczysty smak arbuza po\u0142\u0105czony z niepowtarzalnym smakiem klasycznych cukierk\u00f3w bubblegum.<\/span><\/td>\n<\/tr>\n<\/tbody>\n<\/table>\n<h3 data-path-to-node=\"54\">Oto dalsze zalecenia dla Ciebie:<\/h3>\n<p dir=\"auto\">Odkryj jeszcze wi\u0119cej niesamowitych smak\u00f3w dzi\u0119ki JNR Rage Grilla 55000 Puff Vape!<\/p>\n<p dir=\"auto\"><a href=\"https:\/\/vozolvapen.de\/pl\/product-category\/jnr-vape\/jnr-rage-grilla-55000-puff-vape\/\">Zobacz wszystkie odmiany tutaj \u2192<\/a><\/p>\n<p dir=\"auto\">Zapoznaj si\u0119 z nasz\u0105 pe\u0142n\u0105 kolekcj\u0105 i kupuj produkty najlepszych marek vape, kt\u00f3re pokochasz.<\/p>\n<p dir=\"auto\"><a href=\"https:\/\/vozolvapen.de\/pl\/\">Przegl\u0105daj teraz wszystkie marki \u2192<\/a><\/p>\n<p dir=\"auto\">Sprawd\u017a ca\u0142\u0105 seri\u0119 JNR Vape - ka\u017cdy smak, ka\u017cdy styl!<\/p>\n<p dir=\"auto\"><a href=\"https:\/\/vozolvapen.de\/pl\/product-category\/jnr-vape\/\">Zobacz pe\u0142n\u0105 kolekcj\u0119 JNR Vape \u2192<\/a><\/p>","protected":false},"excerpt":{"rendered":"<p>S\u0142odka nostalgia. Soczysty arbuzowy smak cukierk\u00f3w po\u0142\u0105czony z niepowtarzaln\u0105 s\u0142odk\u0105 esencj\u0105 gumy balonowej.<\/p>","protected":false},"featured_media":24843,"comment_status":"open","ping_status":"closed","template":"","meta":{"_acf_changed":false},"product_brand":[],"product_cat":[76],"product_tag":[],"class_list":{"0":"post-24669","1":"product","2":"type-product","3":"status-publish","4":"has-post-thumbnail","6":"product_cat-jnr-rage-grilla-55000-puff-vape","8":"first","9":"instock","10":"shipping-taxable","11":"purchasable","12":"product-type-variable"},"acf":[],"yoast_head":"<!-- This site is optimized with the Yoast SEO Premium plugin v26.1 (Yoast SEO v27.5) - https:\/\/yoast.com\/product\/yoast-seo-premium-wordpress\/ -->\n<title>JNR Rage Grilla 55000 Watermelon Bubblegum | Nostalgic JNR Vape - vozolvapen<\/title>\n<meta name=\"description\" content=\"JNR Rage Grilla 55000 Watermelon Bubblegum. Sweet watermelon candy flavor with high sweetness. JNR Rage Grilla with 950mAh battery.\" \/>\n<meta name=\"robots\" content=\"index, follow, max-snippet:-1, max-image-preview:large, max-video-preview:-1\" \/>\n<link rel=\"canonical\" href=\"https:\/\/vozolvapen.de\/pl\/product\/jnr-rage-grilla-55000-watermelon-bubblegum\/\" \/>\n<meta property=\"og:locale\" content=\"pl_PL\" \/>\n<meta property=\"og:type\" content=\"article\" \/>\n<meta property=\"og:title\" content=\"JNR Rage Grilla 55000 - Watermelon Bubblegum\" \/>\n<meta property=\"og:description\" content=\"JNR Rage Grilla 55000 Watermelon Bubblegum. Sweet watermelon candy flavor with high sweetness. JNR Rage Grilla with 950mAh battery.\" \/>\n<meta property=\"og:url\" content=\"https:\/\/vozolvapen.de\/pl\/product\/jnr-rage-grilla-55000-watermelon-bubblegum\/\" \/>\n<meta property=\"og:site_name\" content=\"vozolvapen\" \/>\n<meta property=\"article:modified_time\" content=\"2025-12-12T09:00:28+00:00\" \/>\n<meta property=\"og:image\" content=\"https:\/\/vozolvapen.de\/wp-content\/uploads\/2025\/12\/JNR-Rage-Grilla-55000-Watermelon-Bubblegum.webp\" \/>\n\t<meta property=\"og:image:width\" content=\"800\" \/>\n\t<meta property=\"og:image:height\" content=\"800\" \/>\n\t<meta property=\"og:image:type\" content=\"image\/webp\" \/>\n<meta name=\"twitter:card\" content=\"summary_large_image\" \/>\n<meta name=\"twitter:label1\" content=\"Szacowany czas czytania\" \/>\n\t<meta name=\"twitter:data1\" content=\"2 minuty\" \/>\n<script type=\"application\/ld+json\" class=\"yoast-schema-graph\">{\"@context\":\"https:\\\/\\\/schema.org\",\"@graph\":[{\"@type\":\"WebPage\",\"@id\":\"https:\\\/\\\/vozolvapen.de\\\/product\\\/jnr-rage-grilla-55000-watermelon-bubblegum\\\/\",\"url\":\"https:\\\/\\\/vozolvapen.de\\\/product\\\/jnr-rage-grilla-55000-watermelon-bubblegum\\\/\",\"name\":\"JNR Rage Grilla 55000 Watermelon Bubblegum | Nostalgic JNR Vape - vozolvapen\",\"isPartOf\":{\"@id\":\"https:\\\/\\\/vozolvapen.de\\\/#website\"},\"primaryImageOfPage\":{\"@id\":\"https:\\\/\\\/vozolvapen.de\\\/product\\\/jnr-rage-grilla-55000-watermelon-bubblegum\\\/#primaryimage\"},\"image\":{\"@id\":\"https:\\\/\\\/vozolvapen.de\\\/product\\\/jnr-rage-grilla-55000-watermelon-bubblegum\\\/#primaryimage\"},\"thumbnailUrl\":\"https:\\\/\\\/vozolvapen.de\\\/wp-content\\\/uploads\\\/2025\\\/12\\\/JNR-Rage-Grilla-55000-Watermelon-Bubblegum.webp\",\"datePublished\":\"2025-12-12T08:14:42+00:00\",\"dateModified\":\"2025-12-12T09:00:28+00:00\",\"description\":\"JNR Rage Grilla 55000 Watermelon Bubblegum. Sweet watermelon candy flavor with high sweetness. JNR Rage Grilla with 950mAh battery.\",\"breadcrumb\":{\"@id\":\"https:\\\/\\\/vozolvapen.de\\\/product\\\/jnr-rage-grilla-55000-watermelon-bubblegum\\\/#breadcrumb\"},\"inLanguage\":\"pl-PL\",\"potentialAction\":[{\"@type\":\"ReadAction\",\"target\":[\"https:\\\/\\\/vozolvapen.de\\\/product\\\/jnr-rage-grilla-55000-watermelon-bubblegum\\\/\"]}]},{\"@type\":\"ImageObject\",\"inLanguage\":\"pl-PL\",\"@id\":\"https:\\\/\\\/vozolvapen.de\\\/product\\\/jnr-rage-grilla-55000-watermelon-bubblegum\\\/#primaryimage\",\"url\":\"https:\\\/\\\/vozolvapen.de\\\/wp-content\\\/uploads\\\/2025\\\/12\\\/JNR-Rage-Grilla-55000-Watermelon-Bubblegum.webp\",\"contentUrl\":\"https:\\\/\\\/vozolvapen.de\\\/wp-content\\\/uploads\\\/2025\\\/12\\\/JNR-Rage-Grilla-55000-Watermelon-Bubblegum.webp\",\"width\":800,\"height\":800,\"caption\":\"JNR Rage Grilla 55000 - Watermelon Bubblegum\"},{\"@type\":\"BreadcrumbList\",\"@id\":\"https:\\\/\\\/vozolvapen.de\\\/product\\\/jnr-rage-grilla-55000-watermelon-bubblegum\\\/#breadcrumb\",\"itemListElement\":[{\"@type\":\"ListItem\",\"position\":1,\"name\":\"Home\",\"item\":\"https:\\\/\\\/vozolvapen.de\\\/de\\\/\"},{\"@type\":\"ListItem\",\"position\":2,\"name\":\"Shop\",\"item\":\"https:\\\/\\\/vozolvapen.de\\\/shop\\\/\"},{\"@type\":\"ListItem\",\"position\":3,\"name\":\"JNR Rage Grilla 55000 &#8211; Watermelon Bubblegum\"}]},{\"@type\":\"WebSite\",\"@id\":\"https:\\\/\\\/vozolvapen.de\\\/#website\",\"url\":\"https:\\\/\\\/vozolvapen.de\\\/\",\"name\":\"vozolvapen\",\"description\":\"vozolvapen\",\"publisher\":{\"@id\":\"https:\\\/\\\/vozolvapen.de\\\/#organization\"},\"potentialAction\":[{\"@type\":\"SearchAction\",\"target\":{\"@type\":\"EntryPoint\",\"urlTemplate\":\"https:\\\/\\\/vozolvapen.de\\\/?s={search_term_string}\"},\"query-input\":{\"@type\":\"PropertyValueSpecification\",\"valueRequired\":true,\"valueName\":\"search_term_string\"}}],\"inLanguage\":\"pl-PL\"},{\"@type\":\"Organization\",\"@id\":\"https:\\\/\\\/vozolvapen.de\\\/#organization\",\"name\":\"vozolvapen\",\"url\":\"https:\\\/\\\/vozolvapen.de\\\/\",\"logo\":{\"@type\":\"ImageObject\",\"inLanguage\":\"pl-PL\",\"@id\":\"https:\\\/\\\/vozolvapen.de\\\/#\\\/schema\\\/logo\\\/image\\\/\",\"url\":\"https:\\\/\\\/vozolvapen.de\\\/wp-content\\\/uploads\\\/2025\\\/12\\\/cropped-vozovapen-logo.webp\",\"contentUrl\":\"https:\\\/\\\/vozolvapen.de\\\/wp-content\\\/uploads\\\/2025\\\/12\\\/cropped-vozovapen-logo.webp\",\"width\":470,\"height\":110,\"caption\":\"vozolvapen\"},\"image\":{\"@id\":\"https:\\\/\\\/vozolvapen.de\\\/#\\\/schema\\\/logo\\\/image\\\/\"}}]}<\/script>\n<!-- \/ Yoast SEO Premium plugin. -->","yoast_head_json":{"title":"JNR Rage Grilla 55000 Watermelon Bubblegum | Nostalgiczny JNR Vape - vozolvapen","description":"JNR Rage Grilla 55000 Watermelon Bubblegum. S\u0142odki arbuzowy smak cukierk\u00f3w o wysokiej s\u0142odyczy. JNR Rage Grilla z bateri\u0105 950mAh.","robots":{"index":"index","follow":"follow","max-snippet":"max-snippet:-1","max-image-preview":"max-image-preview:large","max-video-preview":"max-video-preview:-1"},"canonical":"https:\/\/vozolvapen.de\/pl\/product\/jnr-rage-grilla-55000-watermelon-bubblegum\/","og_locale":"pl_PL","og_type":"article","og_title":"JNR Rage Grilla 55000 - Watermelon Bubblegum","og_description":"JNR Rage Grilla 55000 Watermelon Bubblegum. Sweet watermelon candy flavor with high sweetness. JNR Rage Grilla with 950mAh battery.","og_url":"https:\/\/vozolvapen.de\/pl\/product\/jnr-rage-grilla-55000-watermelon-bubblegum\/","og_site_name":"vozolvapen","article_modified_time":"2025-12-12T09:00:28+00:00","og_image":[{"width":800,"height":800,"url":"https:\/\/vozolvapen.de\/wp-content\/uploads\/2025\/12\/JNR-Rage-Grilla-55000-Watermelon-Bubblegum.webp","type":"image\/webp"}],"twitter_card":"summary_large_image","twitter_misc":{"Szacowany czas czytania":"2 minuty"},"schema":{"@context":"https:\/\/schema.org","@graph":[{"@type":"WebPage","@id":"https:\/\/vozolvapen.de\/product\/jnr-rage-grilla-55000-watermelon-bubblegum\/","url":"https:\/\/vozolvapen.de\/product\/jnr-rage-grilla-55000-watermelon-bubblegum\/","name":"JNR Rage Grilla 55000 Watermelon Bubblegum | Nostalgiczny JNR Vape - vozolvapen","isPartOf":{"@id":"https:\/\/vozolvapen.de\/#website"},"primaryImageOfPage":{"@id":"https:\/\/vozolvapen.de\/product\/jnr-rage-grilla-55000-watermelon-bubblegum\/#primaryimage"},"image":{"@id":"https:\/\/vozolvapen.de\/product\/jnr-rage-grilla-55000-watermelon-bubblegum\/#primaryimage"},"thumbnailUrl":"https:\/\/vozolvapen.de\/wp-content\/uploads\/2025\/12\/JNR-Rage-Grilla-55000-Watermelon-Bubblegum.webp","datePublished":"2025-12-12T08:14:42+00:00","dateModified":"2025-12-12T09:00:28+00:00","description":"JNR Rage Grilla 55000 Watermelon Bubblegum. S\u0142odki arbuzowy smak cukierk\u00f3w o wysokiej s\u0142odyczy. JNR Rage Grilla z bateri\u0105 950mAh.","breadcrumb":{"@id":"https:\/\/vozolvapen.de\/product\/jnr-rage-grilla-55000-watermelon-bubblegum\/#breadcrumb"},"inLanguage":"pl-PL","potentialAction":[{"@type":"ReadAction","target":["https:\/\/vozolvapen.de\/product\/jnr-rage-grilla-55000-watermelon-bubblegum\/"]}]},{"@type":"ImageObject","inLanguage":"pl-PL","@id":"https:\/\/vozolvapen.de\/product\/jnr-rage-grilla-55000-watermelon-bubblegum\/#primaryimage","url":"https:\/\/vozolvapen.de\/wp-content\/uploads\/2025\/12\/JNR-Rage-Grilla-55000-Watermelon-Bubblegum.webp","contentUrl":"https:\/\/vozolvapen.de\/wp-content\/uploads\/2025\/12\/JNR-Rage-Grilla-55000-Watermelon-Bubblegum.webp","width":800,"height":800,"caption":"JNR Rage Grilla 55000 - Watermelon Bubblegum"},{"@type":"BreadcrumbList","@id":"https:\/\/vozolvapen.de\/product\/jnr-rage-grilla-55000-watermelon-bubblegum\/#breadcrumb","itemListElement":[{"@type":"ListItem","position":1,"name":"Home","item":"https:\/\/vozolvapen.de\/de\/"},{"@type":"ListItem","position":2,"name":"Shop","item":"https:\/\/vozolvapen.de\/shop\/"},{"@type":"ListItem","position":3,"name":"JNR Rage Grilla 55000 &#8211; Watermelon Bubblegum"}]},{"@type":"WebSite","@id":"https:\/\/vozolvapen.de\/#website","url":"https:\/\/vozolvapen.de\/","name":"vozolvapen","description":"vozolvapen","publisher":{"@id":"https:\/\/vozolvapen.de\/#organization"},"potentialAction":[{"@type":"SearchAction","target":{"@type":"EntryPoint","urlTemplate":"https:\/\/vozolvapen.de\/?s={search_term_string}"},"query-input":{"@type":"PropertyValueSpecification","valueRequired":true,"valueName":"search_term_string"}}],"inLanguage":"pl-PL"},{"@type":"Organization","@id":"https:\/\/vozolvapen.de\/#organization","name":"vozolvapen","url":"https:\/\/vozolvapen.de\/","logo":{"@type":"ImageObject","inLanguage":"pl-PL","@id":"https:\/\/vozolvapen.de\/#\/schema\/logo\/image\/","url":"https:\/\/vozolvapen.de\/wp-content\/uploads\/2025\/12\/cropped-vozovapen-logo.webp","contentUrl":"https:\/\/vozolvapen.de\/wp-content\/uploads\/2025\/12\/cropped-vozovapen-logo.webp","width":470,"height":110,"caption":"vozolvapen"},"image":{"@id":"https:\/\/vozolvapen.de\/#\/schema\/logo\/image\/"}}]}},"tiered_pricing_type":"fixed","tiered_pricing_fixed_rules":{"30":"12.85","50":"10.85","100":"9.85","200":"8.85"},"tiered_pricing_product_settings":{"layout":"default","base_unit_name":{"singular":null,"plural":null},"default_variation":null},"tiered_pricing_minimum_quantity":10,"tiered_pricing_roles_data":[],"tiered_pricing_percentage_rules":[],"tiered_pricing_maximum_quantity":null,"tiered_pricing_quantity_step":"10","_links":{"self":[{"href":"https:\/\/vozolvapen.de\/pl\/wp-json\/wp\/v2\/product\/24669","targetHints":{"allow":["GET"]}}],"collection":[{"href":"https:\/\/vozolvapen.de\/pl\/wp-json\/wp\/v2\/product"}],"about":[{"href":"https:\/\/vozolvapen.de\/pl\/wp-json\/wp\/v2\/types\/product"}],"replies":[{"embeddable":true,"href":"https:\/\/vozolvapen.de\/pl\/wp-json\/wp\/v2\/comments?post=24669"}],"wp:featuredmedia":[{"embeddable":true,"href":"https:\/\/vozolvapen.de\/pl\/wp-json\/wp\/v2\/media\/24843"}],"wp:attachment":[{"href":"https:\/\/vozolvapen.de\/pl\/wp-json\/wp\/v2\/media?parent=24669"}],"wp:term":[{"taxonomy":"product_brand","embeddable":true,"href":"https:\/\/vozolvapen.de\/pl\/wp-json\/wp\/v2\/product_brand?post=24669"},{"taxonomy":"product_cat","embeddable":true,"href":"https:\/\/vozolvapen.de\/pl\/wp-json\/wp\/v2\/product_cat?post=24669"},{"taxonomy":"product_tag","embeddable":true,"href":"https:\/\/vozolvapen.de\/pl\/wp-json\/wp\/v2\/product_tag?post=24669"}],"curies":[{"name":"wp","href":"https:\/\/api.w.org\/{rel}","templated":true}]}}