{"id":24712,"date":"2025-12-12T08:14:45","date_gmt":"2025-12-12T08:14:45","guid":{"rendered":"https:\/\/vozolvapen.de\/?post_type=product&#038;p=24712"},"modified":"2025-12-12T09:00:32","modified_gmt":"2025-12-12T09:00:32","slug":"jnr-rage-grilla-55000-strawberry-banana","status":"publish","type":"product","link":"https:\/\/vozolvapen.de\/pl\/product\/jnr-rage-grilla-55000-strawberry-banana\/","title":{"rendered":"JNR Rage Grilla 55000 - Strawberry Banana"},"content":{"rendered":"<h1>Jnr Vape JNR Rage Grilla 55000 - Strawberry Banana<\/h1>\n<p>Klasyczna mieszanka smoothie, dostarczana bezb\u0142\u0119dnie przez <b>JNR Rage Grilla 55000<\/b> Strawberry Banana. Smak ten jest bogaty, kremowy i niekwa\u015bny, \u0142\u0105cz\u0105c dojrza\u0142e truskawki z mi\u0119kkim, s\u0142odkim bananem. Jest to idealny wyb\u00f3r dla waper\u00f3w, kt\u00f3rzy lubi\u0105 g\u0142adkie, deserowe profile owocowe. Sprawd\u017a zu\u017cycie na inteligentnym ekranie tego produktu premium <b>JNR Vape<\/b> i cieszy\u0107 si\u0119 d\u0142ugowieczno\u015bci\u0105 <b>JNR 55k<\/b> puffy.<\/p>\n<h2 data-path-to-node=\"2\">\ud83d\udccb <b>JNR Rage Grilla 55000<\/b> Specyfikacja techniczna<\/h2>\n<table data-path-to-node=\"60\">\n<thead>\n<tr>\n<td><strong>Parametr<\/strong><\/td>\n<td><strong>Specyfikacja<\/strong><\/td>\n<\/tr>\n<\/thead>\n<tbody>\n<tr>\n<td><span data-path-to-node=\"60,1,0,0\"><b>Nazwa modelu<\/b><\/span><\/td>\n<td><span data-path-to-node=\"60,1,1,0\"><b>JNR Rage Grilla 55000<\/b><\/span><\/td>\n<\/tr>\n<tr>\n<td><span data-path-to-node=\"60,2,0,0\"><b>Nazwa smaku<\/b><\/span><\/td>\n<td><span data-path-to-node=\"60,2,1,0\">Banan truskawkowy<\/span><\/td>\n<\/tr>\n<tr>\n<td><span data-path-to-node=\"60,3,0,0\"><b>Marka<\/b><\/span><\/td>\n<td><span data-path-to-node=\"60,3,1,0\"><b>JNR Vape<\/b><\/span><\/td>\n<\/tr>\n<tr>\n<td><span data-path-to-node=\"60,4,0,0\"><b>Puff Count<\/b><\/span><\/td>\n<td><span data-path-to-node=\"60,4,1,0\">UP do <b>55000 Puff\u00f3w<\/b> (<b>JNR 55k<\/b>)<\/span><\/td>\n<\/tr>\n<tr>\n<td><span data-path-to-node=\"60,5,0,0\"><b>Pojemno\u015b\u0107 E-Liquid<\/b><\/span><\/td>\n<td><span data-path-to-node=\"60,5,1,0\">Wst\u0119pnie nape\u0142niony 30 ml<\/span><\/td>\n<\/tr>\n<tr>\n<td><span data-path-to-node=\"60,6,0,0\"><b>Pojemno\u015b\u0107 akumulatora<\/b><\/span><\/td>\n<td><span data-path-to-node=\"60,6,1,0\">950 mAh (akumulator)<\/span><\/td>\n<\/tr>\n<tr>\n<td><span data-path-to-node=\"60,7,0,0\"><b>Typ cewki<\/b><\/span><\/td>\n<td><span data-path-to-node=\"60,7,1,0\">Cewka z podw\u00f3jn\u0105 siatk\u0105<\/span><\/td>\n<\/tr>\n<tr>\n<td><span data-path-to-node=\"60,8,0,0\"><b>Si\u0142a nikotyny<\/b><\/span><\/td>\n<td><span data-path-to-node=\"60,8,1,0\">2% \/ 5% Opcje<\/span><\/td>\n<\/tr>\n<tr>\n<td><span data-path-to-node=\"60,9,0,0\"><b>Wy\u015bwietlacz<\/b><\/span><\/td>\n<td><span data-path-to-node=\"60,9,1,0\">Inteligentny ekran (wska\u017anik baterii i e-cieczy)<\/span><\/td>\n<\/tr>\n<tr>\n<td><span data-path-to-node=\"60,10,0,0\"><b>\u0141adowanie<\/b><\/span><\/td>\n<td><span data-path-to-node=\"60,10,1,0\">Szybkie \u0142adowanie typu C<\/span><\/td>\n<\/tr>\n<tr>\n<td><\/td>\n<td><\/td>\n<\/tr>\n<\/tbody>\n<\/table>\n<h2>Dlaczego warto wybra\u0107 ten smak?<\/h2>\n<p><b>Banan truskawkowy<\/b> oferuje klasyczn\u0105, kremow\u0105 g\u0142adko\u015b\u0107 przypominaj\u0105c\u0105 idealnie zmiksowany koktajl. Jest to bogaty, aksamitny, nie lodowaty smak, kt\u00f3ry jest pocieszaj\u0105cy, znajomy i satysfakcjonuj\u0105co g\u0119sty.<\/p>\n<h3>Dla kogo to jest?<\/h3>\n<p>Idealny dla <b>Vapery o smaku smoothie i kremowym<\/b> kt\u00f3rzy preferuj\u0105 bogate, pocieszaj\u0105ce i intensywnie s\u0142odkie profile owocowe bez cierpko\u015bci i mentolu.<\/p>\n<h3>\u2b50\ufe0f <b>JNR Rage Grilla 55000<\/b> Przewodnik po smakach - Truskawka z bananem<\/h3>\n<table data-path-to-node=\"59\">\n<thead>\n<tr>\n<td><strong>Metryczny<\/strong><\/td>\n<td><strong>Ocena gwiazdkowa<\/strong><\/td>\n<td><strong>Opis profilu<\/strong><\/td>\n<\/tr>\n<\/thead>\n<tbody>\n<tr>\n<td><span data-path-to-node=\"59,1,0,0\"><b>S\u0142odycz<\/b><\/span><\/td>\n<td><span data-path-to-node=\"59,1,1,0\">\u2605\u2605\u2605\u2605\u2605<\/span><\/td>\n<td><span data-path-to-node=\"59,1,2,0\">Bardzo wysoka s\u0142odycz, charakterystyczna dla smoothie z dojrza\u0142ych owoc\u00f3w.<\/span><\/td>\n<\/tr>\n<tr>\n<td><span data-path-to-node=\"59,2,0,0\"><b>L\u00f3d\/ch\u0142odzenie<\/b><\/span><\/td>\n<td><span data-path-to-node=\"59,2,1,0\">\u2605\u2606\u2606\u2606\u2606<\/span><\/td>\n<td><span data-path-to-node=\"59,2,2,0\">Brak uczucia mentolu lub lodu (bez ch\u0142odzenia).<\/span><\/td>\n<\/tr>\n<tr>\n<td><span data-path-to-node=\"59,3,0,0\"><b>Intensywno\u015b\u0107 smaku<\/b><\/span><\/td>\n<td><span data-path-to-node=\"59,3,1,0\">\u2605\u2605\u2605\u2605\u2606<\/span><\/td>\n<td><span data-path-to-node=\"59,3,2,0\">Mocny, kremowy i aksamitny smak.<\/span><\/td>\n<\/tr>\n<tr>\n<td><span data-path-to-node=\"59,4,0,0\"><b>Uwagi smakowe<\/b><\/span><\/td>\n<td><\/td>\n<td><span data-path-to-node=\"59,4,2,0\">Klasyczne, kremowe smoothie z dojrza\u0142ych truskawek i s\u0142odkiego, g\u0142adkiego banana.<\/span><\/td>\n<\/tr>\n<\/tbody>\n<\/table>\n<h3 data-path-to-node=\"54\">Oto dalsze zalecenia dla Ciebie:<\/h3>\n<p dir=\"auto\">Odkryj jeszcze wi\u0119cej niesamowitych smak\u00f3w dzi\u0119ki JNR Rage Grilla 55000 Puff Vape!<\/p>\n<p dir=\"auto\"><a href=\"https:\/\/vozolvapen.de\/pl\/product-category\/jnr-vape\/jnr-rage-grilla-55000-puff-vape\/\">Zobacz wszystkie odmiany tutaj \u2192<\/a><\/p>\n<p dir=\"auto\">Zapoznaj si\u0119 z nasz\u0105 pe\u0142n\u0105 kolekcj\u0105 i kupuj produkty najlepszych marek vape, kt\u00f3re pokochasz.<\/p>\n<p dir=\"auto\"><a href=\"https:\/\/vozolvapen.de\/pl\/\">Przegl\u0105daj teraz wszystkie marki \u2192<\/a><\/p>\n<p dir=\"auto\">Sprawd\u017a ca\u0142\u0105 seri\u0119 JNR Vape - ka\u017cdy smak, ka\u017cdy styl!<\/p>\n<p dir=\"auto\"><a href=\"https:\/\/vozolvapen.de\/pl\/product-category\/jnr-vape\/\">Zobacz pe\u0142n\u0105 kolekcj\u0119 JNR Vape \u2192<\/a><\/p>","protected":false},"excerpt":{"rendered":"<p>Kremowy, aksamitny, nie lodowaty smak smoothie. Bogata truskawka p\u0142ynnie \u0142\u0105czy si\u0119 z g\u0142adkim, dojrza\u0142ym bananem.<\/p>","protected":false},"featured_media":24846,"comment_status":"open","ping_status":"closed","template":"","meta":{"_acf_changed":false},"product_brand":[],"product_cat":[76],"product_tag":[],"class_list":{"0":"post-24712","1":"product","2":"type-product","3":"status-publish","4":"has-post-thumbnail","6":"product_cat-jnr-rage-grilla-55000-puff-vape","8":"first","9":"instock","10":"shipping-taxable","11":"purchasable","12":"product-type-variable"},"acf":[],"yoast_head":"<!-- This site is optimized with the Yoast SEO Premium plugin v26.1 (Yoast SEO v27.5) - https:\/\/yoast.com\/product\/yoast-seo-premium-wordpress\/ -->\n<title>JNR Rage Grilla 55000 Strawberry Banana | Smooth JNR 55k - vozolvapen<\/title>\n<meta name=\"description\" content=\"Buy JNR Rage Grilla 55000 Strawberry Banana. Creamy, smooth, non-icy smoothie flavor. JNR Rage Grilla with 30ml liquid for 55000 puffs.\" \/>\n<meta name=\"robots\" content=\"index, follow, max-snippet:-1, max-image-preview:large, max-video-preview:-1\" \/>\n<link rel=\"canonical\" href=\"https:\/\/vozolvapen.de\/pl\/product\/jnr-rage-grilla-55000-strawberry-banana\/\" \/>\n<meta property=\"og:locale\" content=\"pl_PL\" \/>\n<meta property=\"og:type\" content=\"article\" \/>\n<meta property=\"og:title\" content=\"JNR Rage Grilla 55000 - Strawberry Banana\" \/>\n<meta property=\"og:description\" content=\"Buy JNR Rage Grilla 55000 Strawberry Banana. Creamy, smooth, non-icy smoothie flavor. JNR Rage Grilla with 30ml liquid for 55000 puffs.\" \/>\n<meta property=\"og:url\" content=\"https:\/\/vozolvapen.de\/pl\/product\/jnr-rage-grilla-55000-strawberry-banana\/\" \/>\n<meta property=\"og:site_name\" content=\"vozolvapen\" \/>\n<meta property=\"article:modified_time\" content=\"2025-12-12T09:00:32+00:00\" \/>\n<meta property=\"og:image\" content=\"https:\/\/vozolvapen.de\/wp-content\/uploads\/2025\/12\/JNR-Rage-Grilla-55000-Strawberry-Banana-.webp\" \/>\n\t<meta property=\"og:image:width\" content=\"800\" \/>\n\t<meta property=\"og:image:height\" content=\"800\" \/>\n\t<meta property=\"og:image:type\" content=\"image\/webp\" \/>\n<meta name=\"twitter:card\" content=\"summary_large_image\" \/>\n<meta name=\"twitter:label1\" content=\"Szacowany czas czytania\" \/>\n\t<meta name=\"twitter:data1\" content=\"2 minuty\" \/>\n<script type=\"application\/ld+json\" class=\"yoast-schema-graph\">{\"@context\":\"https:\\\/\\\/schema.org\",\"@graph\":[{\"@type\":\"WebPage\",\"@id\":\"https:\\\/\\\/vozolvapen.de\\\/product\\\/jnr-rage-grilla-55000-strawberry-banana\\\/\",\"url\":\"https:\\\/\\\/vozolvapen.de\\\/product\\\/jnr-rage-grilla-55000-strawberry-banana\\\/\",\"name\":\"JNR Rage Grilla 55000 Strawberry Banana | Smooth JNR 55k - vozolvapen\",\"isPartOf\":{\"@id\":\"https:\\\/\\\/vozolvapen.de\\\/#website\"},\"primaryImageOfPage\":{\"@id\":\"https:\\\/\\\/vozolvapen.de\\\/product\\\/jnr-rage-grilla-55000-strawberry-banana\\\/#primaryimage\"},\"image\":{\"@id\":\"https:\\\/\\\/vozolvapen.de\\\/product\\\/jnr-rage-grilla-55000-strawberry-banana\\\/#primaryimage\"},\"thumbnailUrl\":\"https:\\\/\\\/vozolvapen.de\\\/wp-content\\\/uploads\\\/2025\\\/12\\\/JNR-Rage-Grilla-55000-Strawberry-Banana-.webp\",\"datePublished\":\"2025-12-12T08:14:45+00:00\",\"dateModified\":\"2025-12-12T09:00:32+00:00\",\"description\":\"Buy JNR Rage Grilla 55000 Strawberry Banana. Creamy, smooth, non-icy smoothie flavor. JNR Rage Grilla with 30ml liquid for 55000 puffs.\",\"breadcrumb\":{\"@id\":\"https:\\\/\\\/vozolvapen.de\\\/product\\\/jnr-rage-grilla-55000-strawberry-banana\\\/#breadcrumb\"},\"inLanguage\":\"pl-PL\",\"potentialAction\":[{\"@type\":\"ReadAction\",\"target\":[\"https:\\\/\\\/vozolvapen.de\\\/product\\\/jnr-rage-grilla-55000-strawberry-banana\\\/\"]}]},{\"@type\":\"ImageObject\",\"inLanguage\":\"pl-PL\",\"@id\":\"https:\\\/\\\/vozolvapen.de\\\/product\\\/jnr-rage-grilla-55000-strawberry-banana\\\/#primaryimage\",\"url\":\"https:\\\/\\\/vozolvapen.de\\\/wp-content\\\/uploads\\\/2025\\\/12\\\/JNR-Rage-Grilla-55000-Strawberry-Banana-.webp\",\"contentUrl\":\"https:\\\/\\\/vozolvapen.de\\\/wp-content\\\/uploads\\\/2025\\\/12\\\/JNR-Rage-Grilla-55000-Strawberry-Banana-.webp\",\"width\":800,\"height\":800,\"caption\":\"JNR Rage Grilla 55000 - Strawberry Banana\"},{\"@type\":\"BreadcrumbList\",\"@id\":\"https:\\\/\\\/vozolvapen.de\\\/product\\\/jnr-rage-grilla-55000-strawberry-banana\\\/#breadcrumb\",\"itemListElement\":[{\"@type\":\"ListItem\",\"position\":1,\"name\":\"Home\",\"item\":\"https:\\\/\\\/vozolvapen.de\\\/de\\\/\"},{\"@type\":\"ListItem\",\"position\":2,\"name\":\"Shop\",\"item\":\"https:\\\/\\\/vozolvapen.de\\\/shop\\\/\"},{\"@type\":\"ListItem\",\"position\":3,\"name\":\"JNR Rage Grilla 55000 &#8211; Strawberry Banana\"}]},{\"@type\":\"WebSite\",\"@id\":\"https:\\\/\\\/vozolvapen.de\\\/#website\",\"url\":\"https:\\\/\\\/vozolvapen.de\\\/\",\"name\":\"vozolvapen\",\"description\":\"vozolvapen\",\"publisher\":{\"@id\":\"https:\\\/\\\/vozolvapen.de\\\/#organization\"},\"potentialAction\":[{\"@type\":\"SearchAction\",\"target\":{\"@type\":\"EntryPoint\",\"urlTemplate\":\"https:\\\/\\\/vozolvapen.de\\\/?s={search_term_string}\"},\"query-input\":{\"@type\":\"PropertyValueSpecification\",\"valueRequired\":true,\"valueName\":\"search_term_string\"}}],\"inLanguage\":\"pl-PL\"},{\"@type\":\"Organization\",\"@id\":\"https:\\\/\\\/vozolvapen.de\\\/#organization\",\"name\":\"vozolvapen\",\"url\":\"https:\\\/\\\/vozolvapen.de\\\/\",\"logo\":{\"@type\":\"ImageObject\",\"inLanguage\":\"pl-PL\",\"@id\":\"https:\\\/\\\/vozolvapen.de\\\/#\\\/schema\\\/logo\\\/image\\\/\",\"url\":\"https:\\\/\\\/vozolvapen.de\\\/wp-content\\\/uploads\\\/2025\\\/12\\\/cropped-vozovapen-logo.webp\",\"contentUrl\":\"https:\\\/\\\/vozolvapen.de\\\/wp-content\\\/uploads\\\/2025\\\/12\\\/cropped-vozovapen-logo.webp\",\"width\":470,\"height\":110,\"caption\":\"vozolvapen\"},\"image\":{\"@id\":\"https:\\\/\\\/vozolvapen.de\\\/#\\\/schema\\\/logo\\\/image\\\/\"}}]}<\/script>\n<!-- \/ Yoast SEO Premium plugin. -->","yoast_head_json":{"title":"JNR Rage Grilla 55000 Strawberry Banana | Smooth JNR 55k - vozolvapen","description":"Kup JNR Rage Grilla 55000 Strawberry Banana. Kremowy, g\u0142adki, nie lodowaty smak smoothie. JNR Rage Grilla z 30 ml p\u0142ynu na 55000 zaci\u0105gni\u0119\u0107.","robots":{"index":"index","follow":"follow","max-snippet":"max-snippet:-1","max-image-preview":"max-image-preview:large","max-video-preview":"max-video-preview:-1"},"canonical":"https:\/\/vozolvapen.de\/pl\/product\/jnr-rage-grilla-55000-strawberry-banana\/","og_locale":"pl_PL","og_type":"article","og_title":"JNR Rage Grilla 55000 - Strawberry Banana","og_description":"Buy JNR Rage Grilla 55000 Strawberry Banana. Creamy, smooth, non-icy smoothie flavor. JNR Rage Grilla with 30ml liquid for 55000 puffs.","og_url":"https:\/\/vozolvapen.de\/pl\/product\/jnr-rage-grilla-55000-strawberry-banana\/","og_site_name":"vozolvapen","article_modified_time":"2025-12-12T09:00:32+00:00","og_image":[{"width":800,"height":800,"url":"https:\/\/vozolvapen.de\/wp-content\/uploads\/2025\/12\/JNR-Rage-Grilla-55000-Strawberry-Banana-.webp","type":"image\/webp"}],"twitter_card":"summary_large_image","twitter_misc":{"Szacowany czas czytania":"2 minuty"},"schema":{"@context":"https:\/\/schema.org","@graph":[{"@type":"WebPage","@id":"https:\/\/vozolvapen.de\/product\/jnr-rage-grilla-55000-strawberry-banana\/","url":"https:\/\/vozolvapen.de\/product\/jnr-rage-grilla-55000-strawberry-banana\/","name":"JNR Rage Grilla 55000 Strawberry Banana | Smooth JNR 55k - vozolvapen","isPartOf":{"@id":"https:\/\/vozolvapen.de\/#website"},"primaryImageOfPage":{"@id":"https:\/\/vozolvapen.de\/product\/jnr-rage-grilla-55000-strawberry-banana\/#primaryimage"},"image":{"@id":"https:\/\/vozolvapen.de\/product\/jnr-rage-grilla-55000-strawberry-banana\/#primaryimage"},"thumbnailUrl":"https:\/\/vozolvapen.de\/wp-content\/uploads\/2025\/12\/JNR-Rage-Grilla-55000-Strawberry-Banana-.webp","datePublished":"2025-12-12T08:14:45+00:00","dateModified":"2025-12-12T09:00:32+00:00","description":"Kup JNR Rage Grilla 55000 Strawberry Banana. Kremowy, g\u0142adki, nie lodowaty smak smoothie. JNR Rage Grilla z 30 ml p\u0142ynu na 55000 zaci\u0105gni\u0119\u0107.","breadcrumb":{"@id":"https:\/\/vozolvapen.de\/product\/jnr-rage-grilla-55000-strawberry-banana\/#breadcrumb"},"inLanguage":"pl-PL","potentialAction":[{"@type":"ReadAction","target":["https:\/\/vozolvapen.de\/product\/jnr-rage-grilla-55000-strawberry-banana\/"]}]},{"@type":"ImageObject","inLanguage":"pl-PL","@id":"https:\/\/vozolvapen.de\/product\/jnr-rage-grilla-55000-strawberry-banana\/#primaryimage","url":"https:\/\/vozolvapen.de\/wp-content\/uploads\/2025\/12\/JNR-Rage-Grilla-55000-Strawberry-Banana-.webp","contentUrl":"https:\/\/vozolvapen.de\/wp-content\/uploads\/2025\/12\/JNR-Rage-Grilla-55000-Strawberry-Banana-.webp","width":800,"height":800,"caption":"JNR Rage Grilla 55000 - Strawberry Banana"},{"@type":"BreadcrumbList","@id":"https:\/\/vozolvapen.de\/product\/jnr-rage-grilla-55000-strawberry-banana\/#breadcrumb","itemListElement":[{"@type":"ListItem","position":1,"name":"Home","item":"https:\/\/vozolvapen.de\/de\/"},{"@type":"ListItem","position":2,"name":"Shop","item":"https:\/\/vozolvapen.de\/shop\/"},{"@type":"ListItem","position":3,"name":"JNR Rage Grilla 55000 &#8211; Strawberry Banana"}]},{"@type":"WebSite","@id":"https:\/\/vozolvapen.de\/#website","url":"https:\/\/vozolvapen.de\/","name":"vozolvapen","description":"vozolvapen","publisher":{"@id":"https:\/\/vozolvapen.de\/#organization"},"potentialAction":[{"@type":"SearchAction","target":{"@type":"EntryPoint","urlTemplate":"https:\/\/vozolvapen.de\/?s={search_term_string}"},"query-input":{"@type":"PropertyValueSpecification","valueRequired":true,"valueName":"search_term_string"}}],"inLanguage":"pl-PL"},{"@type":"Organization","@id":"https:\/\/vozolvapen.de\/#organization","name":"vozolvapen","url":"https:\/\/vozolvapen.de\/","logo":{"@type":"ImageObject","inLanguage":"pl-PL","@id":"https:\/\/vozolvapen.de\/#\/schema\/logo\/image\/","url":"https:\/\/vozolvapen.de\/wp-content\/uploads\/2025\/12\/cropped-vozovapen-logo.webp","contentUrl":"https:\/\/vozolvapen.de\/wp-content\/uploads\/2025\/12\/cropped-vozovapen-logo.webp","width":470,"height":110,"caption":"vozolvapen"},"image":{"@id":"https:\/\/vozolvapen.de\/#\/schema\/logo\/image\/"}}]}},"tiered_pricing_type":"fixed","tiered_pricing_fixed_rules":{"30":"12.85","50":"10.85","100":"9.85","200":"8.85"},"tiered_pricing_product_settings":{"layout":"default","base_unit_name":{"singular":null,"plural":null},"default_variation":null},"tiered_pricing_minimum_quantity":10,"tiered_pricing_roles_data":[],"tiered_pricing_percentage_rules":[],"tiered_pricing_maximum_quantity":null,"tiered_pricing_quantity_step":"10","_links":{"self":[{"href":"https:\/\/vozolvapen.de\/pl\/wp-json\/wp\/v2\/product\/24712","targetHints":{"allow":["GET"]}}],"collection":[{"href":"https:\/\/vozolvapen.de\/pl\/wp-json\/wp\/v2\/product"}],"about":[{"href":"https:\/\/vozolvapen.de\/pl\/wp-json\/wp\/v2\/types\/product"}],"replies":[{"embeddable":true,"href":"https:\/\/vozolvapen.de\/pl\/wp-json\/wp\/v2\/comments?post=24712"}],"wp:featuredmedia":[{"embeddable":true,"href":"https:\/\/vozolvapen.de\/pl\/wp-json\/wp\/v2\/media\/24846"}],"wp:attachment":[{"href":"https:\/\/vozolvapen.de\/pl\/wp-json\/wp\/v2\/media?parent=24712"}],"wp:term":[{"taxonomy":"product_brand","embeddable":true,"href":"https:\/\/vozolvapen.de\/pl\/wp-json\/wp\/v2\/product_brand?post=24712"},{"taxonomy":"product_cat","embeddable":true,"href":"https:\/\/vozolvapen.de\/pl\/wp-json\/wp\/v2\/product_cat?post=24712"},{"taxonomy":"product_tag","embeddable":true,"href":"https:\/\/vozolvapen.de\/pl\/wp-json\/wp\/v2\/product_tag?post=24712"}],"curies":[{"name":"wp","href":"https:\/\/api.w.org\/{rel}","templated":true}]}}