{"id":30208,"date":"2025-12-15T10:26:02","date_gmt":"2025-12-15T10:26:02","guid":{"rendered":"https:\/\/vozolvapen.de\/?post_type=product&#038;p=30208"},"modified":"2025-12-15T11:10:11","modified_gmt":"2025-12-15T11:10:11","slug":"jnr-alien-10000-mr-blue","status":"publish","type":"product","link":"https:\/\/vozolvapen.de\/pl\/product\/jnr-alien-10000-mr-blue\/","title":{"rendered":"JNR Alien 10000 - Mr.Blue"},"content":{"rendered":"<h1 data-path-to-node=\"129\"><b>JNR Alien 10000 - Mr. Blue | 10k JNR Power, Dual Mesh Flavor<\/b><\/h1>\n<p data-path-to-node=\"130\">Do\u015bwiadcz niesamowitego smaku Mr. Blue dzi\u0119ki zaawansowanym technologiom <b>JNR Alien 10000 Puffs<\/b> urz\u0105dzenie. To flagowe urz\u0105dzenie <b>puff jnr<\/b> Model \u0142\u0105czy w sobie ogromn\u0105 pojemno\u015b\u0107 (<b>10000 Puff\u00f3w<\/b>) z zaawansowanym systemem dwurdzeniowym i pot\u0119\u017cnym <b>Akumulator o pojemno\u015bci 850 mAh<\/b>, co czyni go najlepszym <b>akumulator puff jnr<\/b> wyb\u00f3r.<\/p>\n<h2 data-path-to-node=\"131\"><b>Profil smakowy: Deep Blue Fusion<\/b><\/h2>\n<p data-path-to-node=\"132\">Mr. Blue to z\u0142o\u017cony, g\u0142\u0119boki profil smakowy, zwykle obejmuj\u0105cy warstwow\u0105 mieszank\u0119 jag\u00f3d, czarnych porzeczek i malin z charakterystycznym ch\u0142odnym mentolowym wyko\u0144czeniem. The <b>JNR Alien 10000<\/b>\u2018s <b>Cewka z podw\u00f3jn\u0105 siatk\u0105<\/b> zapewnia, \u017ce ka\u017cdy puff jest intensywnie aromatyczny.<\/p>\n<h2 data-path-to-node=\"29\"><b>Dlaczego warto wybra\u0107 JNR Alien 10000?<\/b><\/h2>\n<ul data-path-to-node=\"30\">\n<li>\n<p data-path-to-node=\"30,0,0\"><b>D\u0142ugotrwa\u0142y:<\/b> Gwarancje do <b>10000 Puff\u00f3w<\/b> o smaku premium Mr.Blue.<\/p>\n<\/li>\n<li>\n<p data-path-to-node=\"30,1,0\"><b>Zoptymalizowana wydajno\u015b\u0107:<\/b> <b>Cewka z podw\u00f3jn\u0105 siatk\u0105<\/b> i technologia Dual Core zapewniaj\u0105 sp\u00f3jn\u0105 par\u0119 i czysty smak.<\/p>\n<\/li>\n<li>\n<p data-path-to-node=\"30,2,0\"><b>Kontrola u\u017cytkownika:<\/b> Cechy <b>Wy\u015bwietlacz cyfrowy<\/b> do monitorowania poziomu baterii i p\u0142yn\u00f3w oraz <b>Regulowany przep\u0142yw powietrza<\/b> kontrola.<\/p>\n<\/li>\n<li>\n<p data-path-to-node=\"30,3,0\"><b>Wygoda:<\/b> <b>Szybkie \u0142adowanie typu C<\/b> czyni to <b>puff 10k jnr<\/b> urz\u0105dzenie gotowe do pracy.<\/p>\n<\/li>\n<\/ul>\n<h2 data-path-to-node=\"31\"><b>Specyfikacja JNR Alien 10000<\/b><\/h2>\n<table data-path-to-node=\"32\">\n<thead>\n<tr>\n<td><strong>Parametr<\/strong><\/td>\n<td><strong>Szczeg\u00f3\u0142y<\/strong><\/td>\n<\/tr>\n<\/thead>\n<tbody>\n<tr>\n<td><span data-path-to-node=\"32,1,0,0\"><b>Model<\/b><\/span><\/td>\n<td><span data-path-to-node=\"32,1,1,0\"><b>JNR Alien 10000<\/b><\/span><\/td>\n<\/tr>\n<tr>\n<td><span data-path-to-node=\"32,2,0,0\"><b>Puffy<\/b><\/span><\/td>\n<td><span data-path-to-node=\"32,2,1,0\">UP do <b>10000 Puff\u00f3w<\/b> (<b>10k JNR<\/b>)<\/span><\/td>\n<\/tr>\n<tr>\n<td><span data-path-to-node=\"32,3,0,0\"><b>Typ cewki<\/b><\/span><\/td>\n<td><span data-path-to-node=\"32,3,1,0\">Podw\u00f3jna cewka siatkowa (1,2\u03a9)<\/span><\/td>\n<\/tr>\n<tr>\n<td><span data-path-to-node=\"32,4,0,0\"><b>Bateria<\/b><\/span><\/td>\n<td><span data-path-to-node=\"32,4,1,0\">850 mAh (<b>Akumulator Puff JNR<\/b>)<\/span><\/td>\n<\/tr>\n<tr>\n<td><span data-path-to-node=\"32,5,0,0\"><b>Cechy<\/b><\/span><\/td>\n<td><span data-path-to-node=\"32,5,1,0\">Cyfrowy wy\u015bwietlacz, regulowany przep\u0142yw powietrza<\/span><\/td>\n<\/tr>\n<tr>\n<td><span data-path-to-node=\"32,6,0,0\"><b>Nikotyna<\/b><\/span><\/td>\n<td><span data-path-to-node=\"32,6,1,0\">2% \/ 5%<\/span><\/td>\n<\/tr>\n<\/tbody>\n<\/table>\n<h2>Mr.Blue - \ud83c\udfaf <b>Dla kogo przeznaczony jest ten JNR Alien 10000 Flavor?\u00a0<\/b><\/h2>\n<p data-path-to-node=\"69\">To <b>Mr. Blue<\/b> smak w <b>JNR Alien 10000<\/b> zosta\u0142a stworzona specjalnie dla vaper\u00f3w, kt\u00f3rzy ceni\u0105 sobie <b>g\u0142\u0119boka, z\u0142o\u017cona mieszanka niebieskich owoc\u00f3w z silnym, lodowatym posmakiem<\/b> profil.<\/p>\n<table data-path-to-node=\"70\">\n<thead>\n<tr>\n<td><strong>Preferencje<\/strong><\/td>\n<td><strong>Zalecenie<\/strong><\/td>\n<\/tr>\n<\/thead>\n<tbody>\n<tr>\n<td><span data-path-to-node=\"70,1,0,0\"><b>Styl wapowania<\/b><\/span><\/td>\n<td><span data-path-to-node=\"70,1,1,0\">Idealny dla <b>MTL<\/b> waper\u00f3w, kt\u00f3rzy chc\u0105 ciemnego, intensywnego smaku i zauwa\u017calnego efektu ch\u0142odzenia.<\/span><\/td>\n<\/tr>\n<tr>\n<td><span data-path-to-node=\"70,2,0,0\"><b>Profil smakowy<\/b><\/span><\/td>\n<td><span data-path-to-node=\"70,2,1,0\">Spodoba ci si\u0119 to, je\u015bli lubisz <b>wielowarstwowe mieszanki jag\u00f3d (jagody\/czarne porzeczki), g\u0142\u0119bia smaku i silny mentol<\/b>.<\/span><\/td>\n<\/tr>\n<tr>\n<td><span data-path-to-node=\"70,3,0,0\"><b>Najlepsze dla<\/b><\/span><\/td>\n<td><span data-path-to-node=\"70,3,1,0\">Idealny jako <b>Intensywny smak ADV<\/b> ze wzgl\u0119du na jego <b>Odwa\u017cny profil, kt\u00f3ry pozostaje satysfakcjonuj\u0105cy przez d\u0142ugi czas<\/b>.<\/span><\/td>\n<\/tr>\n<tr>\n<td><span data-path-to-node=\"70,4,0,0\"><b>Niezalecane, je\u015bli<\/b><\/span><\/td>\n<td><span data-path-to-node=\"70,4,1,0\">Unikaj tego, je\u015bli nie lubisz <b>silny mentol<\/b> lub preferuj\u0105 jasne, lekkie smaki cytrusowe.<\/span><\/td>\n<\/tr>\n<\/tbody>\n<\/table>\n<h3 dir=\"auto\">Oto dalsze zalecenia dla Ciebie:<\/h3>\n<p dir=\"auto\">Odkryj jeszcze wi\u0119cej niesamowitych smak\u00f3w dzi\u0119ki JNR Alien 10000 Puff Vape!<\/p>\n<p dir=\"auto\"><a href=\"https:\/\/vozolvapen.de\/pl\/product-category\/jnr-vape\/jnr-alien-10000-puff-vape\/\">Zobacz wszystkie odmiany tutaj \u2192<\/a><\/p>\n<p dir=\"auto\">Zapoznaj si\u0119 z nasz\u0105 pe\u0142n\u0105 kolekcj\u0105 i kupuj produkty najlepszych marek vape, kt\u00f3re pokochasz.<\/p>\n<p dir=\"auto\"><a href=\"https:\/\/vozolvapen.de\/pl\/\">Przegl\u0105daj teraz wszystkie marki \u2192<\/a><\/p>\n<p dir=\"auto\">Sprawd\u017a ca\u0142\u0105 seri\u0119 JNR Vape - ka\u017cdy smak, ka\u017cdy styl!<\/p>\n<p dir=\"auto\"><a href=\"https:\/\/vozolvapen.de\/pl\/product-category\/jnr-vape\/\">Zobacz pe\u0142n\u0105 kolekcj\u0119 JNR Vape \u2192<\/a><\/p>","protected":false},"excerpt":{"rendered":"<p>Z\u0142o\u017cona, charakterystyczna mieszanka ciemnych jag\u00f3d. Zawiera warstwy jag\u00f3d, malin i czarnej porzeczki z wyra\u017anym ch\u0142odz\u0105cym mentolowym akcentem.<\/p>","protected":false},"featured_media":30842,"comment_status":"open","ping_status":"closed","template":"","meta":{"_acf_changed":false},"product_brand":[],"product_cat":[79],"product_tag":[],"class_list":{"0":"post-30208","1":"product","2":"type-product","3":"status-publish","4":"has-post-thumbnail","6":"product_cat-jnr-alien-10000-puff-vape","8":"first","9":"instock","10":"shipping-taxable","11":"purchasable","12":"product-type-variable"},"acf":[],"yoast_head":"<!-- This site is optimized with the Yoast SEO Premium plugin v26.1 (Yoast SEO v27.5) - https:\/\/yoast.com\/product\/yoast-seo-premium-wordpress\/ -->\n<title>Mr. Blue - JNR Alien 10000 Puffs Disposable - vozolvapen<\/title>\n<meta name=\"description\" content=\"Buy Mr. Blue JNR Alien 10000. Complex blue fruit and ice blend. 10k JNR quality, Dual Mesh Coil, puff rechargeable jnr.\" \/>\n<meta name=\"robots\" content=\"index, follow, max-snippet:-1, max-image-preview:large, max-video-preview:-1\" \/>\n<link rel=\"canonical\" href=\"https:\/\/vozolvapen.de\/pl\/product\/jnr-alien-10000-mr-blue\/\" \/>\n<meta property=\"og:locale\" content=\"pl_PL\" \/>\n<meta property=\"og:type\" content=\"article\" \/>\n<meta property=\"og:title\" content=\"JNR Alien 10000 - Mr.Blue\" \/>\n<meta property=\"og:description\" content=\"Buy Mr. Blue JNR Alien 10000. Complex blue fruit and ice blend. 10k JNR quality, Dual Mesh Coil, puff rechargeable jnr.\" \/>\n<meta property=\"og:url\" content=\"https:\/\/vozolvapen.de\/pl\/product\/jnr-alien-10000-mr-blue\/\" \/>\n<meta property=\"og:site_name\" content=\"vozolvapen\" \/>\n<meta property=\"article:modified_time\" content=\"2025-12-15T11:10:11+00:00\" \/>\n<meta property=\"og:image\" content=\"https:\/\/vozolvapen.de\/wp-content\/uploads\/2025\/12\/JNR-Alien-10000-Mr-Blue-1.webp\" \/>\n\t<meta property=\"og:image:width\" content=\"800\" \/>\n\t<meta property=\"og:image:height\" content=\"800\" \/>\n\t<meta property=\"og:image:type\" content=\"image\/webp\" \/>\n<meta name=\"twitter:card\" content=\"summary_large_image\" \/>\n<meta name=\"twitter:label1\" content=\"Szacowany czas czytania\" \/>\n\t<meta name=\"twitter:data1\" content=\"2 minuty\" \/>\n<script type=\"application\/ld+json\" class=\"yoast-schema-graph\">{\"@context\":\"https:\\\/\\\/schema.org\",\"@graph\":[{\"@type\":\"WebPage\",\"@id\":\"https:\\\/\\\/vozolvapen.de\\\/product\\\/jnr-alien-10000-mr-blue\\\/\",\"url\":\"https:\\\/\\\/vozolvapen.de\\\/product\\\/jnr-alien-10000-mr-blue\\\/\",\"name\":\"Mr. Blue - JNR Alien 10000 Puffs Disposable - vozolvapen\",\"isPartOf\":{\"@id\":\"https:\\\/\\\/vozolvapen.de\\\/#website\"},\"primaryImageOfPage\":{\"@id\":\"https:\\\/\\\/vozolvapen.de\\\/product\\\/jnr-alien-10000-mr-blue\\\/#primaryimage\"},\"image\":{\"@id\":\"https:\\\/\\\/vozolvapen.de\\\/product\\\/jnr-alien-10000-mr-blue\\\/#primaryimage\"},\"thumbnailUrl\":\"https:\\\/\\\/vozolvapen.de\\\/wp-content\\\/uploads\\\/2025\\\/12\\\/JNR-Alien-10000-Mr-Blue-1.webp\",\"datePublished\":\"2025-12-15T10:26:02+00:00\",\"dateModified\":\"2025-12-15T11:10:11+00:00\",\"description\":\"Buy Mr. Blue JNR Alien 10000. Complex blue fruit and ice blend. 10k JNR quality, Dual Mesh Coil, puff rechargeable jnr.\",\"breadcrumb\":{\"@id\":\"https:\\\/\\\/vozolvapen.de\\\/product\\\/jnr-alien-10000-mr-blue\\\/#breadcrumb\"},\"inLanguage\":\"pl-PL\",\"potentialAction\":[{\"@type\":\"ReadAction\",\"target\":[\"https:\\\/\\\/vozolvapen.de\\\/product\\\/jnr-alien-10000-mr-blue\\\/\"]}]},{\"@type\":\"ImageObject\",\"inLanguage\":\"pl-PL\",\"@id\":\"https:\\\/\\\/vozolvapen.de\\\/product\\\/jnr-alien-10000-mr-blue\\\/#primaryimage\",\"url\":\"https:\\\/\\\/vozolvapen.de\\\/wp-content\\\/uploads\\\/2025\\\/12\\\/JNR-Alien-10000-Mr-Blue-1.webp\",\"contentUrl\":\"https:\\\/\\\/vozolvapen.de\\\/wp-content\\\/uploads\\\/2025\\\/12\\\/JNR-Alien-10000-Mr-Blue-1.webp\",\"width\":800,\"height\":800,\"caption\":\"JNR Alien 10000 - Mr-Blue\"},{\"@type\":\"BreadcrumbList\",\"@id\":\"https:\\\/\\\/vozolvapen.de\\\/product\\\/jnr-alien-10000-mr-blue\\\/#breadcrumb\",\"itemListElement\":[{\"@type\":\"ListItem\",\"position\":1,\"name\":\"Home\",\"item\":\"https:\\\/\\\/vozolvapen.de\\\/de\\\/\"},{\"@type\":\"ListItem\",\"position\":2,\"name\":\"Shop\",\"item\":\"https:\\\/\\\/vozolvapen.de\\\/shop\\\/\"},{\"@type\":\"ListItem\",\"position\":3,\"name\":\"JNR Alien 10000 &#8211; Mr.Blue\"}]},{\"@type\":\"WebSite\",\"@id\":\"https:\\\/\\\/vozolvapen.de\\\/#website\",\"url\":\"https:\\\/\\\/vozolvapen.de\\\/\",\"name\":\"vozolvapen\",\"description\":\"vozolvapen\",\"publisher\":{\"@id\":\"https:\\\/\\\/vozolvapen.de\\\/#organization\"},\"potentialAction\":[{\"@type\":\"SearchAction\",\"target\":{\"@type\":\"EntryPoint\",\"urlTemplate\":\"https:\\\/\\\/vozolvapen.de\\\/?s={search_term_string}\"},\"query-input\":{\"@type\":\"PropertyValueSpecification\",\"valueRequired\":true,\"valueName\":\"search_term_string\"}}],\"inLanguage\":\"pl-PL\"},{\"@type\":\"Organization\",\"@id\":\"https:\\\/\\\/vozolvapen.de\\\/#organization\",\"name\":\"vozolvapen\",\"url\":\"https:\\\/\\\/vozolvapen.de\\\/\",\"logo\":{\"@type\":\"ImageObject\",\"inLanguage\":\"pl-PL\",\"@id\":\"https:\\\/\\\/vozolvapen.de\\\/#\\\/schema\\\/logo\\\/image\\\/\",\"url\":\"https:\\\/\\\/vozolvapen.de\\\/wp-content\\\/uploads\\\/2025\\\/12\\\/cropped-vozovapen-logo.webp\",\"contentUrl\":\"https:\\\/\\\/vozolvapen.de\\\/wp-content\\\/uploads\\\/2025\\\/12\\\/cropped-vozovapen-logo.webp\",\"width\":470,\"height\":110,\"caption\":\"vozolvapen\"},\"image\":{\"@id\":\"https:\\\/\\\/vozolvapen.de\\\/#\\\/schema\\\/logo\\\/image\\\/\"}}]}<\/script>\n<!-- \/ Yoast SEO Premium plugin. -->","yoast_head_json":{"title":"Mr. Blue - JNR Alien 10000 Puffs Jednorazowe - vozolvapen","description":"Kup Mr. Blue JNR Alien 10000. Z\u0142o\u017cona mieszanka niebieskich owoc\u00f3w i lodu. Jako\u015b\u0107 10k JNR, podw\u00f3jna cewka siatkowa, akumulator puff jnr.","robots":{"index":"index","follow":"follow","max-snippet":"max-snippet:-1","max-image-preview":"max-image-preview:large","max-video-preview":"max-video-preview:-1"},"canonical":"https:\/\/vozolvapen.de\/pl\/product\/jnr-alien-10000-mr-blue\/","og_locale":"pl_PL","og_type":"article","og_title":"JNR Alien 10000 - Mr.Blue","og_description":"Buy Mr. Blue JNR Alien 10000. Complex blue fruit and ice blend. 10k JNR quality, Dual Mesh Coil, puff rechargeable jnr.","og_url":"https:\/\/vozolvapen.de\/pl\/product\/jnr-alien-10000-mr-blue\/","og_site_name":"vozolvapen","article_modified_time":"2025-12-15T11:10:11+00:00","og_image":[{"width":800,"height":800,"url":"https:\/\/vozolvapen.de\/wp-content\/uploads\/2025\/12\/JNR-Alien-10000-Mr-Blue-1.webp","type":"image\/webp"}],"twitter_card":"summary_large_image","twitter_misc":{"Szacowany czas czytania":"2 minuty"},"schema":{"@context":"https:\/\/schema.org","@graph":[{"@type":"WebPage","@id":"https:\/\/vozolvapen.de\/product\/jnr-alien-10000-mr-blue\/","url":"https:\/\/vozolvapen.de\/product\/jnr-alien-10000-mr-blue\/","name":"Mr. Blue - JNR Alien 10000 Puffs Jednorazowe - vozolvapen","isPartOf":{"@id":"https:\/\/vozolvapen.de\/#website"},"primaryImageOfPage":{"@id":"https:\/\/vozolvapen.de\/product\/jnr-alien-10000-mr-blue\/#primaryimage"},"image":{"@id":"https:\/\/vozolvapen.de\/product\/jnr-alien-10000-mr-blue\/#primaryimage"},"thumbnailUrl":"https:\/\/vozolvapen.de\/wp-content\/uploads\/2025\/12\/JNR-Alien-10000-Mr-Blue-1.webp","datePublished":"2025-12-15T10:26:02+00:00","dateModified":"2025-12-15T11:10:11+00:00","description":"Kup Mr. Blue JNR Alien 10000. Z\u0142o\u017cona mieszanka niebieskich owoc\u00f3w i lodu. Jako\u015b\u0107 10k JNR, podw\u00f3jna cewka siatkowa, akumulator puff jnr.","breadcrumb":{"@id":"https:\/\/vozolvapen.de\/product\/jnr-alien-10000-mr-blue\/#breadcrumb"},"inLanguage":"pl-PL","potentialAction":[{"@type":"ReadAction","target":["https:\/\/vozolvapen.de\/product\/jnr-alien-10000-mr-blue\/"]}]},{"@type":"ImageObject","inLanguage":"pl-PL","@id":"https:\/\/vozolvapen.de\/product\/jnr-alien-10000-mr-blue\/#primaryimage","url":"https:\/\/vozolvapen.de\/wp-content\/uploads\/2025\/12\/JNR-Alien-10000-Mr-Blue-1.webp","contentUrl":"https:\/\/vozolvapen.de\/wp-content\/uploads\/2025\/12\/JNR-Alien-10000-Mr-Blue-1.webp","width":800,"height":800,"caption":"JNR Alien 10000 - Mr-Blue"},{"@type":"BreadcrumbList","@id":"https:\/\/vozolvapen.de\/product\/jnr-alien-10000-mr-blue\/#breadcrumb","itemListElement":[{"@type":"ListItem","position":1,"name":"Home","item":"https:\/\/vozolvapen.de\/de\/"},{"@type":"ListItem","position":2,"name":"Shop","item":"https:\/\/vozolvapen.de\/shop\/"},{"@type":"ListItem","position":3,"name":"JNR Alien 10000 &#8211; Mr.Blue"}]},{"@type":"WebSite","@id":"https:\/\/vozolvapen.de\/#website","url":"https:\/\/vozolvapen.de\/","name":"vozolvapen","description":"vozolvapen","publisher":{"@id":"https:\/\/vozolvapen.de\/#organization"},"potentialAction":[{"@type":"SearchAction","target":{"@type":"EntryPoint","urlTemplate":"https:\/\/vozolvapen.de\/?s={search_term_string}"},"query-input":{"@type":"PropertyValueSpecification","valueRequired":true,"valueName":"search_term_string"}}],"inLanguage":"pl-PL"},{"@type":"Organization","@id":"https:\/\/vozolvapen.de\/#organization","name":"vozolvapen","url":"https:\/\/vozolvapen.de\/","logo":{"@type":"ImageObject","inLanguage":"pl-PL","@id":"https:\/\/vozolvapen.de\/#\/schema\/logo\/image\/","url":"https:\/\/vozolvapen.de\/wp-content\/uploads\/2025\/12\/cropped-vozovapen-logo.webp","contentUrl":"https:\/\/vozolvapen.de\/wp-content\/uploads\/2025\/12\/cropped-vozovapen-logo.webp","width":470,"height":110,"caption":"vozolvapen"},"image":{"@id":"https:\/\/vozolvapen.de\/#\/schema\/logo\/image\/"}}]}},"tiered_pricing_type":"fixed","tiered_pricing_fixed_rules":{"30":"11","50":"9","100":"8","200":"7.5"},"tiered_pricing_product_settings":{"layout":"default","base_unit_name":{"singular":null,"plural":null},"default_variation":{}},"tiered_pricing_minimum_quantity":10,"tiered_pricing_roles_data":[],"tiered_pricing_percentage_rules":[],"tiered_pricing_maximum_quantity":null,"tiered_pricing_quantity_step":"10","_links":{"self":[{"href":"https:\/\/vozolvapen.de\/pl\/wp-json\/wp\/v2\/product\/30208","targetHints":{"allow":["GET"]}}],"collection":[{"href":"https:\/\/vozolvapen.de\/pl\/wp-json\/wp\/v2\/product"}],"about":[{"href":"https:\/\/vozolvapen.de\/pl\/wp-json\/wp\/v2\/types\/product"}],"replies":[{"embeddable":true,"href":"https:\/\/vozolvapen.de\/pl\/wp-json\/wp\/v2\/comments?post=30208"}],"wp:featuredmedia":[{"embeddable":true,"href":"https:\/\/vozolvapen.de\/pl\/wp-json\/wp\/v2\/media\/30842"}],"wp:attachment":[{"href":"https:\/\/vozolvapen.de\/pl\/wp-json\/wp\/v2\/media?parent=30208"}],"wp:term":[{"taxonomy":"product_brand","embeddable":true,"href":"https:\/\/vozolvapen.de\/pl\/wp-json\/wp\/v2\/product_brand?post=30208"},{"taxonomy":"product_cat","embeddable":true,"href":"https:\/\/vozolvapen.de\/pl\/wp-json\/wp\/v2\/product_cat?post=30208"},{"taxonomy":"product_tag","embeddable":true,"href":"https:\/\/vozolvapen.de\/pl\/wp-json\/wp\/v2\/product_tag?post=30208"}],"curies":[{"name":"wp","href":"https:\/\/api.w.org\/{rel}","templated":true}]}}