{"id":31733,"date":"2025-12-16T08:26:30","date_gmt":"2025-12-16T08:26:30","guid":{"rendered":"https:\/\/vozolvapen.de\/?post_type=product&#038;p=31733"},"modified":"2026-02-10T11:14:30","modified_gmt":"2026-02-10T11:14:30","slug":"puff-120k-bang-legend-120000-gum-sour-fruit-mix","status":"publish","type":"product","link":"https:\/\/vozolvapen.de\/pl\/product\/puff-120k-bang-legend-120000-gum-sour-fruit-mix\/","title":{"rendered":"Puff 120k Bang Legend 120000 - Mieszanka gumy i kwa\u015bnych owoc\u00f3w"},"content":{"rendered":"<h1 data-path-to-node=\"56\">Smak 6: <b>Puff 120k Bang Legend 120k<\/b> | Legendarna mieszanka 5 w 1 (Blueberry Ice, Watermelon Bubble Gum, Sour Apple Raspberry, Asparagus Mango Melon, Passion Fruit Kiwi Lime)<\/h1>\n<p data-path-to-node=\"57\">The <b>Puff 120k Bang Legend 120k<\/b> in Flavor 6 to najbardziej zabawna kolekcja, \u0142\u0105cz\u0105ca klasyczn\u0105 cukierkow\u0105 nostalgi\u0119 z intensywnymi profilami kwa\u015bnych owoc\u00f3w. Ten system 5 w 1, oferuj\u0105cy s\u0142odk\u0105 gum\u0119 do \u017cucia Watermelon Bubble Gum wraz z ekscytuj\u0105c\u0105 cierpko\u015bci\u0105 Sour Apple Raspberry, zapewnia \u015bwie\u017co\u015b\u0107 dozna\u0144. Intuicyjny mechaniczny prze\u0142\u0105cznik smaku na <b>Bang 120k<\/b> pozwala u\u017cytkownikom na natychmiastow\u0105 zmian\u0119 pomi\u0119dzy pi\u0119cioma r\u00f3\u017cnymi kapsu\u0142ami, zapewniaj\u0105c <b>120,000 Puffs<\/b> nigdy nie s\u0105 monotonne.<\/p>\n<h2 data-path-to-node=\"58\">Podzia\u0142 profilu smakowego 5 w 1<\/h2>\n<table data-path-to-node=\"59\">\n<thead>\n<tr>\n<td><strong>Zbiornik<\/strong><\/td>\n<td><strong>Smak<\/strong><\/td>\n<td><strong>Opis<\/strong><\/td>\n<td><strong>Do\u015bwiadczenie<\/strong><\/td>\n<\/tr>\n<\/thead>\n<tbody>\n<tr>\n<td><span data-path-to-node=\"59,1,0,0\"><b>1<\/b><\/span><\/td>\n<td><span data-path-to-node=\"59,1,1,0\">L\u00f3d jagodowy<\/span><\/td>\n<td><span data-path-to-node=\"59,1,2,0\">S\u0142odka, skoncentrowana jagoda z ostr\u0105 warstw\u0105 mentolu.<\/span><\/td>\n<td><span data-path-to-node=\"59,1,3,0\">Klasyczny ch\u0142odny jagodowy vape.<\/span><\/td>\n<\/tr>\n<tr>\n<td><span data-path-to-node=\"59,2,0,0\"><b>2<\/b><\/span><\/td>\n<td><span data-path-to-node=\"59,2,1,0\">Arbuzowa guma balonowa<\/span><\/td>\n<td><span data-path-to-node=\"59,2,2,0\">Soczysty smak arbuza po\u0142\u0105czony ze s\u0142odkim, cukrowym smakiem klasycznej r\u00f3\u017cowej gumy balonowej.<\/span><\/td>\n<td><span data-path-to-node=\"59,2,3,0\">Zabawne, do \u017cucia i bardzo nostalgiczne.<\/span><\/td>\n<\/tr>\n<tr>\n<td><span data-path-to-node=\"59,3,0,0\"><b>3<\/b><\/span><\/td>\n<td><span data-path-to-node=\"59,3,1,0\">Kwa\u015bne jab\u0142ko malina<\/span><\/td>\n<td><span data-path-to-node=\"59,3,2,0\">Cierpkie zielone jab\u0142ko zmieszane ze s\u0142odko-kwa\u015bn\u0105 malin\u0105 dla mocnego kopa.<\/span><\/td>\n<td><span data-path-to-node=\"59,3,3,0\">Intensywny owocowy smak z ekscytuj\u0105c\u0105 kwa\u015bn\u0105 nut\u0105.<\/span><\/td>\n<\/tr>\n<tr>\n<td><span data-path-to-node=\"59,4,0,0\"><b>4<\/b><\/span><\/td>\n<td><span data-path-to-node=\"59,4,1,0\">Szparagi Mango Melon<\/span><\/td>\n<td><span data-path-to-node=\"59,4,2,0\"><b>Exotic Sweet Fusion:<\/b> Po\u0142\u0105czenie tropikalnego mango i s\u0142odkiego melona z niezwyk\u0142\u0105, subteln\u0105 z\u0142o\u017cono\u015bci\u0105.<\/span><\/td>\n<td><span data-path-to-node=\"59,4,3,0\">G\u0142adki, s\u0142odki i niezwykle z\u0142o\u017cony profil owocowy.<\/span><\/td>\n<\/tr>\n<tr>\n<td><span data-path-to-node=\"59,5,0,0\"><b>5<\/b><\/span><\/td>\n<td><span data-path-to-node=\"59,5,1,0\">Passion Fruit Kiwi Lime<\/span><\/td>\n<td><span data-path-to-node=\"59,5,2,0\">Pikantna marakuja i kiwi rozja\u015bnione soczyst\u0105 limonk\u0105.<\/span><\/td>\n<td><span data-path-to-node=\"59,5,3,0\">Ostry, tropikalny i bardzo orze\u017awiaj\u0105cy.<\/span><\/td>\n<\/tr>\n<\/tbody>\n<\/table>\n<h2 data-path-to-node=\"60\"><b>Bang Legend 120k<\/b> Podstawowe specyfikacje<\/h2>\n<table data-path-to-node=\"61\">\n<thead>\n<tr>\n<td><strong>Parametr<\/strong><\/td>\n<td><strong>Szczeg\u00f3\u0142y<\/strong><\/td>\n<\/tr>\n<\/thead>\n<tbody>\n<tr>\n<td><span data-path-to-node=\"61,1,0,0\"><b>Model<\/b><\/span><\/td>\n<td><span data-path-to-node=\"61,1,1,0\">Puff 120k Bang Legend 120k<\/span><\/td>\n<\/tr>\n<tr>\n<td><span data-path-to-node=\"61,2,0,0\"><b>Max Puffs<\/b><\/span><\/td>\n<td><span data-path-to-node=\"61,2,1,0\">Do 120000 zaci\u0105gni\u0119\u0107<\/span><\/td>\n<\/tr>\n<tr>\n<td><span data-path-to-node=\"61,3,0,0\"><b>System aromat\u00f3w<\/b><\/span><\/td>\n<td><span data-path-to-node=\"61,3,1,0\">Prze\u0142\u0105czane zbiorniki 5 w 1<\/span><\/td>\n<\/tr>\n<tr>\n<td><span data-path-to-node=\"61,4,0,0\"><b>Bateria<\/b><\/span><\/td>\n<td><span data-path-to-node=\"61,4,1,0\">Akumulator 850 mAh<\/span><\/td>\n<\/tr>\n<tr>\n<td><span data-path-to-node=\"61,5,0,0\"><b>Mocne strony nikotyny<\/b><\/span><\/td>\n<td><span data-path-to-node=\"61,5,1,0\">0%, 2%, 3%, 5% S\u00f3l nikotynowa<\/span><\/td>\n<\/tr>\n<tr>\n<td><span data-path-to-node=\"61,6,0,0\"><b>Cewka<\/b><\/span><\/td>\n<td><span data-path-to-node=\"61,6,1,0\">Cewka 5*Mesh zapewniaj\u0105ca optymalny smak<\/span><\/td>\n<\/tr>\n<tr>\n<td><span data-path-to-node=\"61,7,0,0\"><b>\u0141adowanie<\/b><\/span><\/td>\n<td><span data-path-to-node=\"61,7,1,0\">Port typu C<\/span><\/td>\n<\/tr>\n<tr>\n<td><span data-path-to-node=\"61,8,0,0\"><b>Wy\u015bwietlacz<\/b><\/span><\/td>\n<td><span data-path-to-node=\"61,8,1,0\">Ekran LED (liczba zaci\u0105gni\u0119\u0107, bateria, tryb smaku)<\/span><\/td>\n<\/tr>\n<\/tbody>\n<\/table>\n<h3 data-path-to-node=\"12\">Sprzeda\u017c hurtowa <b>Bang Vape<\/b> <b>Puff 120k<\/b> Z szybk\u0105 wysy\u0142k\u0105 do Europy<\/h3>\n<p>Wsp\u00f3\u0142pracuj z nami, aby oferowa\u0107 prze\u0142omowe <b>Puff 120k Bang Legend 120k<\/b> w smaku 6. Nasze zapasy znajduj\u0105 si\u0119 w europejskim magazynie, gwarantuj\u0105c dostaw\u0119 w ci\u0105gu 1-3 dni. Zam\u00f3w hurtowo 10 sztuk w opakowaniu ju\u017c dzi\u015b i zmaksymalizuj swoje przychody dzi\u0119ki temu legendarnemu urz\u0105dzeniu.<\/p>\n<h2><strong>Puff 120k Bang Legend 120000 Vape <\/strong><strong>Wideo\uff1a<\/strong><\/h2>\n<p><iframe src=\"https:\/\/player.vimeo.com\/video\/1150263248?badge=0&amp;autopause=0&amp;player_id=0&amp;app_id=58479\" width=\"400\" height=\"711\" frameborder=\"0\" allow=\"autoplay; fullscreen; picture-in-picture; clipboard-write; encrypted-media; web-share\" referrerpolicy=\"strict-origin-when-cross-origin\" title=\"Bang Legend 120k Puffs: Rewolucyjny system smak\u00f3w 5 w 1 | Hurtownia Bang Vape\"><\/iframe><\/p>\n<h3 dir=\"auto\">Oto dalsze zalecenia dla Ciebie:<\/h3>\n<p dir=\"auto\">Odkryj jeszcze wi\u0119cej niesamowitych smak\u00f3w dzi\u0119ki Puff 120k Bang Legend 120000 Vape!<\/p>\n<p dir=\"auto\"><a href=\"https:\/\/vozolvapen.de\/pl\/product-category\/bang-vape\/puff-120k-bang-legend-120000-vape\/\">Zobacz wszystkie odmiany tutaj \u2192<\/a><\/p>\n<p dir=\"auto\">Zapoznaj si\u0119 z nasz\u0105 pe\u0142n\u0105 kolekcj\u0105 i kupuj produkty najlepszych marek vape, kt\u00f3re pokochasz.<\/p>\n<p dir=\"auto\"><a href=\"https:\/\/vozolvapen.de\/pl\/\">Przegl\u0105daj teraz wszystkie marki \u2192<\/a><\/p>\n<p dir=\"auto\">Sprawd\u017a ca\u0142\u0105 seri\u0119 Bang Vape - ka\u017cdy smak, ka\u017cdy styl!<\/p>\n<p dir=\"auto\"><a href=\"https:\/\/vozolvapen.de\/pl\/product-category\/bang-vape\/\">Zobacz pe\u0142n\u0105 kolekcj\u0119 Bang Vape \u2192<\/a><\/p>","protected":false},"excerpt":{"rendered":"<p><b>Zabawna kwaskowato\u015b\u0107 i krucha s\u0142odycz:<\/b> Wype\u0142niona zabaw\u0105 mieszanka, kt\u00f3ra kontrastuje s\u0142odk\u0105, \u017cuj\u0105c\u0105 rado\u015b\u0107 arbuzowej gumy balonowej z intensywn\u0105 cierpko\u015bci\u0105 kwa\u015bnej maliny jab\u0142kowej.<\/p>","protected":false},"featured_media":32109,"comment_status":"open","ping_status":"closed","template":"","meta":{"_acf_changed":false},"product_brand":[],"product_cat":[134,81],"product_tag":[],"class_list":{"0":"post-31733","1":"product","2":"type-product","3":"status-publish","4":"has-post-thumbnail","6":"product_cat-eu-warehouse-in-stock","7":"product_cat-puff-120k-bang-legend-120000-vape","9":"first","10":"instock","11":"shipping-taxable","12":"purchasable","13":"product-type-variable"},"acf":[],"yoast_head":"<!-- This site is optimized with the Yoast SEO Premium plugin v26.1 (Yoast SEO v27.5) - https:\/\/yoast.com\/product\/yoast-seo-premium-wordpress\/ -->\n<title>Bang Legend 120k Flavor 6: Watermelon Bubble Gum, Sour Apple Raspberry, 5-in-1 Vape | Bang 120k Wholesale - vozolvapen<\/title>\n<meta name=\"description\" content=\"Stock the Bang Legend 120k Flavor 6 wholesale! A 120k Puff blend: Blueberry Ice, Watermelon Bubble Gum, Sour Apple Raspberry, Asparagus Mango Melon, and Passion Fruit Kiwi Lime. 0-5% Nicotine. Fast 1-3 day EU delivery.\" \/>\n<meta name=\"robots\" content=\"index, follow, max-snippet:-1, max-image-preview:large, max-video-preview:-1\" \/>\n<link rel=\"canonical\" href=\"https:\/\/vozolvapen.de\/pl\/product\/puff-120k-bang-legend-120000-gum-sour-fruit-mix\/\" \/>\n<meta property=\"og:locale\" content=\"pl_PL\" \/>\n<meta property=\"og:type\" content=\"article\" \/>\n<meta property=\"og:title\" content=\"Puff 120k Bang Legend 120000 - Gum &amp; Sour Fruit Mix\" \/>\n<meta property=\"og:description\" content=\"Stock the Bang Legend 120k Flavor 6 wholesale! A 120k Puff blend: Blueberry Ice, Watermelon Bubble Gum, Sour Apple Raspberry, Asparagus Mango Melon, and Passion Fruit Kiwi Lime. 0-5% Nicotine. Fast 1-3 day EU delivery.\" \/>\n<meta property=\"og:url\" content=\"https:\/\/vozolvapen.de\/pl\/product\/puff-120k-bang-legend-120000-gum-sour-fruit-mix\/\" \/>\n<meta property=\"og:site_name\" content=\"vozolvapen\" \/>\n<meta property=\"article:modified_time\" content=\"2026-02-10T11:14:30+00:00\" \/>\n<meta property=\"og:image\" content=\"https:\/\/vozolvapen.de\/wp-content\/uploads\/2025\/12\/Puff-120k-Bang-Legend-120k-blueberry-ice-kiwi-passion-fruit-guava-triple-melon-peach-pineapple-passionate-kiss.jpg-1.webp\" \/>\n\t<meta property=\"og:image:width\" content=\"1200\" \/>\n\t<meta property=\"og:image:height\" content=\"1200\" \/>\n\t<meta property=\"og:image:type\" content=\"image\/webp\" \/>\n<meta name=\"twitter:card\" content=\"summary_large_image\" \/>\n<meta name=\"twitter:label1\" content=\"Szacowany czas czytania\" \/>\n\t<meta name=\"twitter:data1\" content=\"2 minuty\" \/>\n<script type=\"application\/ld+json\" class=\"yoast-schema-graph\">{\"@context\":\"https:\\\/\\\/schema.org\",\"@graph\":[{\"@type\":\"WebPage\",\"@id\":\"https:\\\/\\\/vozolvapen.de\\\/product\\\/puff-120k-bang-legend-120000-gum-sour-fruit-mix\\\/\",\"url\":\"https:\\\/\\\/vozolvapen.de\\\/product\\\/puff-120k-bang-legend-120000-gum-sour-fruit-mix\\\/\",\"name\":\"Bang Legend 120k Flavor 6: Watermelon Bubble Gum, Sour Apple Raspberry, 5-in-1 Vape | Bang 120k Wholesale - vozolvapen\",\"isPartOf\":{\"@id\":\"https:\\\/\\\/vozolvapen.de\\\/#website\"},\"primaryImageOfPage\":{\"@id\":\"https:\\\/\\\/vozolvapen.de\\\/product\\\/puff-120k-bang-legend-120000-gum-sour-fruit-mix\\\/#primaryimage\"},\"image\":{\"@id\":\"https:\\\/\\\/vozolvapen.de\\\/product\\\/puff-120k-bang-legend-120000-gum-sour-fruit-mix\\\/#primaryimage\"},\"thumbnailUrl\":\"https:\\\/\\\/vozolvapen.de\\\/wp-content\\\/uploads\\\/2025\\\/12\\\/Puff-120k-Bang-Legend-120k-blueberry-ice-kiwi-passion-fruit-guava-triple-melon-peach-pineapple-passionate-kiss.jpg-1.webp\",\"datePublished\":\"2025-12-16T08:26:30+00:00\",\"dateModified\":\"2026-02-10T11:14:30+00:00\",\"description\":\"Stock the Bang Legend 120k Flavor 6 wholesale! A 120k Puff blend: Blueberry Ice, Watermelon Bubble Gum, Sour Apple Raspberry, Asparagus Mango Melon, and Passion Fruit Kiwi Lime. 0-5% Nicotine. Fast 1-3 day EU delivery.\",\"breadcrumb\":{\"@id\":\"https:\\\/\\\/vozolvapen.de\\\/product\\\/puff-120k-bang-legend-120000-gum-sour-fruit-mix\\\/#breadcrumb\"},\"inLanguage\":\"pl-PL\",\"potentialAction\":[{\"@type\":\"ReadAction\",\"target\":[\"https:\\\/\\\/vozolvapen.de\\\/product\\\/puff-120k-bang-legend-120000-gum-sour-fruit-mix\\\/\"]}]},{\"@type\":\"ImageObject\",\"inLanguage\":\"pl-PL\",\"@id\":\"https:\\\/\\\/vozolvapen.de\\\/product\\\/puff-120k-bang-legend-120000-gum-sour-fruit-mix\\\/#primaryimage\",\"url\":\"https:\\\/\\\/vozolvapen.de\\\/wp-content\\\/uploads\\\/2025\\\/12\\\/Puff-120k-Bang-Legend-120k-blueberry-ice-kiwi-passion-fruit-guava-triple-melon-peach-pineapple-passionate-kiss.jpg-1.webp\",\"contentUrl\":\"https:\\\/\\\/vozolvapen.de\\\/wp-content\\\/uploads\\\/2025\\\/12\\\/Puff-120k-Bang-Legend-120k-blueberry-ice-kiwi-passion-fruit-guava-triple-melon-peach-pineapple-passionate-kiss.jpg-1.webp\",\"width\":1200,\"height\":1200,\"caption\":\"Puff 120k Bang Legend 120k-blueberry-ice-kiwi-passion-fruit-guava-triple-melon-peach-pineapple-passionate-kiss.jpg\"},{\"@type\":\"BreadcrumbList\",\"@id\":\"https:\\\/\\\/vozolvapen.de\\\/product\\\/puff-120k-bang-legend-120000-gum-sour-fruit-mix\\\/#breadcrumb\",\"itemListElement\":[{\"@type\":\"ListItem\",\"position\":1,\"name\":\"Home\",\"item\":\"https:\\\/\\\/vozolvapen.de\\\/de\\\/\"},{\"@type\":\"ListItem\",\"position\":2,\"name\":\"Shop\",\"item\":\"https:\\\/\\\/vozolvapen.de\\\/shop\\\/\"},{\"@type\":\"ListItem\",\"position\":3,\"name\":\"Puff 120k Bang Legend 120000 &#8211; Gum &#038; Sour Fruit Mix\"}]},{\"@type\":\"WebSite\",\"@id\":\"https:\\\/\\\/vozolvapen.de\\\/#website\",\"url\":\"https:\\\/\\\/vozolvapen.de\\\/\",\"name\":\"vozolvapen\",\"description\":\"vozolvapen\",\"publisher\":{\"@id\":\"https:\\\/\\\/vozolvapen.de\\\/#organization\"},\"potentialAction\":[{\"@type\":\"SearchAction\",\"target\":{\"@type\":\"EntryPoint\",\"urlTemplate\":\"https:\\\/\\\/vozolvapen.de\\\/?s={search_term_string}\"},\"query-input\":{\"@type\":\"PropertyValueSpecification\",\"valueRequired\":true,\"valueName\":\"search_term_string\"}}],\"inLanguage\":\"pl-PL\"},{\"@type\":\"Organization\",\"@id\":\"https:\\\/\\\/vozolvapen.de\\\/#organization\",\"name\":\"vozolvapen\",\"url\":\"https:\\\/\\\/vozolvapen.de\\\/\",\"logo\":{\"@type\":\"ImageObject\",\"inLanguage\":\"pl-PL\",\"@id\":\"https:\\\/\\\/vozolvapen.de\\\/#\\\/schema\\\/logo\\\/image\\\/\",\"url\":\"https:\\\/\\\/vozolvapen.de\\\/wp-content\\\/uploads\\\/2025\\\/12\\\/cropped-vozovapen-logo.webp\",\"contentUrl\":\"https:\\\/\\\/vozolvapen.de\\\/wp-content\\\/uploads\\\/2025\\\/12\\\/cropped-vozovapen-logo.webp\",\"width\":470,\"height\":110,\"caption\":\"vozolvapen\"},\"image\":{\"@id\":\"https:\\\/\\\/vozolvapen.de\\\/#\\\/schema\\\/logo\\\/image\\\/\"}}]}<\/script>\n<!-- \/ Yoast SEO Premium plugin. -->","yoast_head_json":{"title":"Bang Legend 120k Flavor 6: Watermelon Bubble Gum, Sour Apple Raspberry, 5-in-1 Vape | Bang 120k Wholesale - vozolvapen","description":"Zaopatrz si\u0119 w Bang Legend 120k Flavor 6 hurtowo! Mieszanka 120k Puff: Blueberry Ice, Watermelon Bubble Gum, Sour Apple Raspberry, Asparagus Mango Melon i Passion Fruit Kiwi Lime. Nikotyna 0-5%. Szybka dostawa na terenie UE w ci\u0105gu 1-3 dni.","robots":{"index":"index","follow":"follow","max-snippet":"max-snippet:-1","max-image-preview":"max-image-preview:large","max-video-preview":"max-video-preview:-1"},"canonical":"https:\/\/vozolvapen.de\/pl\/product\/puff-120k-bang-legend-120000-gum-sour-fruit-mix\/","og_locale":"pl_PL","og_type":"article","og_title":"Puff 120k Bang Legend 120000 - Gum & Sour Fruit Mix","og_description":"Stock the Bang Legend 120k Flavor 6 wholesale! A 120k Puff blend: Blueberry Ice, Watermelon Bubble Gum, Sour Apple Raspberry, Asparagus Mango Melon, and Passion Fruit Kiwi Lime. 0-5% Nicotine. Fast 1-3 day EU delivery.","og_url":"https:\/\/vozolvapen.de\/pl\/product\/puff-120k-bang-legend-120000-gum-sour-fruit-mix\/","og_site_name":"vozolvapen","article_modified_time":"2026-02-10T11:14:30+00:00","og_image":[{"width":1200,"height":1200,"url":"https:\/\/vozolvapen.de\/wp-content\/uploads\/2025\/12\/Puff-120k-Bang-Legend-120k-blueberry-ice-kiwi-passion-fruit-guava-triple-melon-peach-pineapple-passionate-kiss.jpg-1.webp","type":"image\/webp"}],"twitter_card":"summary_large_image","twitter_misc":{"Szacowany czas czytania":"2 minuty"},"schema":{"@context":"https:\/\/schema.org","@graph":[{"@type":"WebPage","@id":"https:\/\/vozolvapen.de\/product\/puff-120k-bang-legend-120000-gum-sour-fruit-mix\/","url":"https:\/\/vozolvapen.de\/product\/puff-120k-bang-legend-120000-gum-sour-fruit-mix\/","name":"Bang Legend 120k Flavor 6: Watermelon Bubble Gum, Sour Apple Raspberry, 5-in-1 Vape | Bang 120k Wholesale - vozolvapen","isPartOf":{"@id":"https:\/\/vozolvapen.de\/#website"},"primaryImageOfPage":{"@id":"https:\/\/vozolvapen.de\/product\/puff-120k-bang-legend-120000-gum-sour-fruit-mix\/#primaryimage"},"image":{"@id":"https:\/\/vozolvapen.de\/product\/puff-120k-bang-legend-120000-gum-sour-fruit-mix\/#primaryimage"},"thumbnailUrl":"https:\/\/vozolvapen.de\/wp-content\/uploads\/2025\/12\/Puff-120k-Bang-Legend-120k-blueberry-ice-kiwi-passion-fruit-guava-triple-melon-peach-pineapple-passionate-kiss.jpg-1.webp","datePublished":"2025-12-16T08:26:30+00:00","dateModified":"2026-02-10T11:14:30+00:00","description":"Zaopatrz si\u0119 w Bang Legend 120k Flavor 6 hurtowo! Mieszanka 120k Puff: Blueberry Ice, Watermelon Bubble Gum, Sour Apple Raspberry, Asparagus Mango Melon i Passion Fruit Kiwi Lime. Nikotyna 0-5%. Szybka dostawa na terenie UE w ci\u0105gu 1-3 dni.","breadcrumb":{"@id":"https:\/\/vozolvapen.de\/product\/puff-120k-bang-legend-120000-gum-sour-fruit-mix\/#breadcrumb"},"inLanguage":"pl-PL","potentialAction":[{"@type":"ReadAction","target":["https:\/\/vozolvapen.de\/product\/puff-120k-bang-legend-120000-gum-sour-fruit-mix\/"]}]},{"@type":"ImageObject","inLanguage":"pl-PL","@id":"https:\/\/vozolvapen.de\/product\/puff-120k-bang-legend-120000-gum-sour-fruit-mix\/#primaryimage","url":"https:\/\/vozolvapen.de\/wp-content\/uploads\/2025\/12\/Puff-120k-Bang-Legend-120k-blueberry-ice-kiwi-passion-fruit-guava-triple-melon-peach-pineapple-passionate-kiss.jpg-1.webp","contentUrl":"https:\/\/vozolvapen.de\/wp-content\/uploads\/2025\/12\/Puff-120k-Bang-Legend-120k-blueberry-ice-kiwi-passion-fruit-guava-triple-melon-peach-pineapple-passionate-kiss.jpg-1.webp","width":1200,"height":1200,"caption":"Puff 120k Bang Legend 120k-blueberry-ice-kiwi-passion-fruit-guava-triple-melon-peach-pineapple-passionate-kiss.jpg"},{"@type":"BreadcrumbList","@id":"https:\/\/vozolvapen.de\/product\/puff-120k-bang-legend-120000-gum-sour-fruit-mix\/#breadcrumb","itemListElement":[{"@type":"ListItem","position":1,"name":"Home","item":"https:\/\/vozolvapen.de\/de\/"},{"@type":"ListItem","position":2,"name":"Shop","item":"https:\/\/vozolvapen.de\/shop\/"},{"@type":"ListItem","position":3,"name":"Puff 120k Bang Legend 120000 &#8211; Gum &#038; Sour Fruit Mix"}]},{"@type":"WebSite","@id":"https:\/\/vozolvapen.de\/#website","url":"https:\/\/vozolvapen.de\/","name":"vozolvapen","description":"vozolvapen","publisher":{"@id":"https:\/\/vozolvapen.de\/#organization"},"potentialAction":[{"@type":"SearchAction","target":{"@type":"EntryPoint","urlTemplate":"https:\/\/vozolvapen.de\/?s={search_term_string}"},"query-input":{"@type":"PropertyValueSpecification","valueRequired":true,"valueName":"search_term_string"}}],"inLanguage":"pl-PL"},{"@type":"Organization","@id":"https:\/\/vozolvapen.de\/#organization","name":"vozolvapen","url":"https:\/\/vozolvapen.de\/","logo":{"@type":"ImageObject","inLanguage":"pl-PL","@id":"https:\/\/vozolvapen.de\/#\/schema\/logo\/image\/","url":"https:\/\/vozolvapen.de\/wp-content\/uploads\/2025\/12\/cropped-vozovapen-logo.webp","contentUrl":"https:\/\/vozolvapen.de\/wp-content\/uploads\/2025\/12\/cropped-vozovapen-logo.webp","width":470,"height":110,"caption":"vozolvapen"},"image":{"@id":"https:\/\/vozolvapen.de\/#\/schema\/logo\/image\/"}}]}},"tiered_pricing_type":"fixed","tiered_pricing_fixed_rules":{"30":"14.14","50":"12.14","100":"11.14","200":"9.64"},"tiered_pricing_product_settings":{"layout":"default","base_unit_name":{"singular":null,"plural":null},"default_variation":null},"tiered_pricing_minimum_quantity":10,"tiered_pricing_roles_data":[],"tiered_pricing_percentage_rules":[],"tiered_pricing_maximum_quantity":null,"tiered_pricing_quantity_step":"10","_links":{"self":[{"href":"https:\/\/vozolvapen.de\/pl\/wp-json\/wp\/v2\/product\/31733","targetHints":{"allow":["GET"]}}],"collection":[{"href":"https:\/\/vozolvapen.de\/pl\/wp-json\/wp\/v2\/product"}],"about":[{"href":"https:\/\/vozolvapen.de\/pl\/wp-json\/wp\/v2\/types\/product"}],"replies":[{"embeddable":true,"href":"https:\/\/vozolvapen.de\/pl\/wp-json\/wp\/v2\/comments?post=31733"}],"wp:featuredmedia":[{"embeddable":true,"href":"https:\/\/vozolvapen.de\/pl\/wp-json\/wp\/v2\/media\/32109"}],"wp:attachment":[{"href":"https:\/\/vozolvapen.de\/pl\/wp-json\/wp\/v2\/media?parent=31733"}],"wp:term":[{"taxonomy":"product_brand","embeddable":true,"href":"https:\/\/vozolvapen.de\/pl\/wp-json\/wp\/v2\/product_brand?post=31733"},{"taxonomy":"product_cat","embeddable":true,"href":"https:\/\/vozolvapen.de\/pl\/wp-json\/wp\/v2\/product_cat?post=31733"},{"taxonomy":"product_tag","embeddable":true,"href":"https:\/\/vozolvapen.de\/pl\/wp-json\/wp\/v2\/product_tag?post=31733"}],"curies":[{"name":"wp","href":"https:\/\/api.w.org\/{rel}","templated":true}]}}