{"id":33500,"date":"2025-12-17T08:17:48","date_gmt":"2025-12-17T08:17:48","guid":{"rendered":"https:\/\/vozolvapen.de\/?post_type=product&#038;p=33500"},"modified":"2026-02-10T11:08:08","modified_gmt":"2026-02-10T11:08:08","slug":"puff-45k-bang-leader-45000-watermelon-ice-strawberry-and-mango","status":"publish","type":"product","link":"https:\/\/vozolvapen.de\/pl\/product\/puff-45k-bang-leader-45000-watermelon-ice-strawberry-and-mango\/","title":{"rendered":"Puff 45k Bang Leader 45000 - Watermelon Ice &amp; Strawberry and Mango"},"content":{"rendered":"<h1 data-path-to-node=\"36,3,0\">Bang Leader 45000 - arbuzowy l\u00f3d oraz truskawka i mango<\/h1>\n<p>Orze\u017awienie spotyka si\u0119 z odpustem w <b>Bang Leader 45000<\/b>. Prze\u0142\u0105czaj mi\u0119dzy chrupi\u0105cym, arktycznym Watermelon Ice a bogat\u0105, aksamitn\u0105 mieszank\u0105 truskawek i mango. To <b>Puff 45000<\/b> Urz\u0105dzenie jest idealne dla tych, kt\u00f3rzy chc\u0105 zmieni\u0107 sw\u00f3j profil smakowy w zale\u017cno\u015bci od pory dnia, a wszystko to w jednym urz\u0105dzeniu wielokrotnego \u0142adowania.<\/p>\n<h2 data-path-to-node=\"36,4,0\"><b>Profil smakowy:<\/b><\/h2>\n<ul>\n<li data-path-to-node=\"36,4,1,0,0\"><b>Strona A - Watermelon Ice:<\/b> Chrupi\u0105ce, orze\u017awiaj\u0105ce plastry arbuza podawane na lodowej posypce.<\/li>\n<li data-path-to-node=\"36,4,1,1,0\"><b>Strona B - Truskawka i mango:<\/b> Bogata, aksamitna mieszanka rozgrzanych s\u0142o\u0144cem truskawek i z\u0142ocistego mi\u0105\u017cszu mango.<\/li>\n<\/ul>\n<h2 data-path-to-node=\"36,5,0\"><b>Dla kogo przeznaczony jest ten Bang Leader?<\/b><\/h2>\n<ul>\n<li data-path-to-node=\"36,5,1,0,0\"><b>Summer Vapers:<\/b> Obie strony zapewniaj\u0105 s\u0142oneczny, tropikalny klimat.<\/li>\n<li data-path-to-node=\"36,5,1,1,0\"><b>Fani tekstur:<\/b> Prze\u0142\u0105czaj mi\u0119dzy \u201cwodnist\u0105\u201d chrupko\u015bci\u0105 arbuza i \u201cmi\u0119sist\u0105\u201d owocowo\u015bci\u0105 mango.<\/li>\n<\/ul>\n<h2>Puff 45k Bang Leader 45000 Flavors Ratings<\/h2>\n<ul data-path-to-node=\"36\">\n<li>\n<p data-path-to-node=\"36,0,0\"><b>S\u0142odycz:<\/b> \u2605\u2605\u2605\u2605\u2606<\/p>\n<\/li>\n<li>\n<p data-path-to-node=\"36,1,0\"><b>Poziom lodu:<\/b> \u2605\u2605\u2605\u2605\u2606<\/p>\n<\/li>\n<li>\n<p data-path-to-node=\"36,2,0\"><b>Aromat:<\/b> \u2605\u2605\u2605\u2605\u2606<\/p>\n<\/li>\n<\/ul>\n<blockquote data-path-to-node=\"37\">\n<p data-path-to-node=\"37,0\"><b>Werdykt:<\/b> Klasyczny orze\u017awiaj\u0105cy l\u00f3d arbuzowy w po\u0142\u0105czeniu z bogatym, g\u0119stym smakiem mi\u0105\u017cszu truskawkowo-mango.<\/p>\n<\/blockquote>\n<h2 data-path-to-node=\"4,0\">Specyfikacja techniczna Bang Leader 45000<\/h2>\n<table data-path-to-node=\"11\">\n<thead>\n<tr>\n<td><strong>Cecha<\/strong><\/td>\n<td><strong>Szczeg\u00f3\u0142y<\/strong><\/td>\n<\/tr>\n<\/thead>\n<tbody>\n<tr>\n<td><span data-path-to-node=\"11,1,0,0\"><b>Marka<\/b><\/span><\/td>\n<td><span data-path-to-node=\"11,1,1,0\"><b>Bang Vape<\/b><\/span><\/td>\n<\/tr>\n<tr>\n<td><span data-path-to-node=\"11,2,0,0\"><b>Model<\/b><\/span><\/td>\n<td><span data-path-to-node=\"11,2,1,0\"><b>Bang Leader 45000<\/b><\/span><\/td>\n<\/tr>\n<tr>\n<td><span data-path-to-node=\"11,3,0,0\"><b>Pojemno\u015b\u0107 E-Liquid<\/b><\/span><\/td>\n<td><span data-path-to-node=\"11,3,1,0\">Wst\u0119pnie nape\u0142niony 40 ml<\/span><\/td>\n<\/tr>\n<tr>\n<td><span data-path-to-node=\"11,4,0,0\"><b>Puff Count<\/b><\/span><\/td>\n<td><span data-path-to-node=\"11,4,1,0\">Do <b>Puff 45000<\/b><\/span><\/td>\n<\/tr>\n<tr>\n<td><span data-path-to-node=\"11,5,0,0\"><b>Bateria<\/b><\/span><\/td>\n<td><span data-path-to-node=\"11,5,1,0\">Akumulator 750 mAh<\/span><\/td>\n<\/tr>\n<tr>\n<td><span data-path-to-node=\"11,6,0,0\"><b>Poziom nikotyny<\/b><\/span><\/td>\n<td><span data-path-to-node=\"11,6,1,0\">0% \/ 2% \/ 3% \/ 5%<\/span><\/td>\n<\/tr>\n<tr>\n<td><span data-path-to-node=\"11,7,0,0\"><b>Cewka<\/b><\/span><\/td>\n<td><span data-path-to-node=\"11,7,1,0\">Siatkowa cewka 0,8\u03a9<\/span><\/td>\n<\/tr>\n<\/tbody>\n<\/table>\n<h3 dir=\"auto\">Oto dalsze zalecenia dla Ciebie:<\/h3>\n<p dir=\"auto\">Odkryj jeszcze wi\u0119cej niesamowitych smak\u00f3w dzi\u0119ki Puff 45k Bang Leader 45000 Vape!<\/p>\n<p dir=\"auto\"><a href=\"https:\/\/vozolvapen.de\/pl\/product-category\/bang-vape\/puff-45k-bang-leader-45000-vape\/\">Zobacz wszystkie odmiany tutaj \u2192<\/a><\/p>\n<p dir=\"auto\">Zapoznaj si\u0119 z nasz\u0105 pe\u0142n\u0105 kolekcj\u0105 i kupuj produkty najlepszych marek vape, kt\u00f3re pokochasz.<\/p>\n<p dir=\"auto\"><a href=\"https:\/\/vozolvapen.de\/pl\/\">Przegl\u0105daj teraz wszystkie marki \u2192<\/a><\/p>\n<p dir=\"auto\">Sprawd\u017a ca\u0142\u0105 seri\u0119 Bang Vape - ka\u017cdy smak, ka\u017cdy styl!<\/p>\n<p dir=\"auto\"><a href=\"https:\/\/vozolvapen.de\/pl\/product-category\/bang-vape\/\">Zobacz pe\u0142n\u0105 kolekcj\u0119 Bang Vape \u2192<\/a><\/p>","protected":false},"excerpt":{"rendered":"<p>Mro\u017cone plastry arbuza na \u017cyczenie lub bogata, g\u0142adka s\u0142odycz truskawek i mango.<\/p>","protected":false},"featured_media":34050,"comment_status":"open","ping_status":"closed","template":"","meta":{"_acf_changed":false},"product_brand":[],"product_cat":[134,83],"product_tag":[],"class_list":{"0":"post-33500","1":"product","2":"type-product","3":"status-publish","4":"has-post-thumbnail","6":"product_cat-eu-warehouse-in-stock","7":"product_cat-puff-45k-bang-leader-45000-vape","9":"first","10":"instock","11":"shipping-taxable","12":"purchasable","13":"product-type-variable"},"acf":[],"yoast_head":"<!-- This site is optimized with the Yoast SEO Premium plugin v26.1 (Yoast SEO v27.5) - https:\/\/yoast.com\/product\/yoast-seo-premium-wordpress\/ -->\n<title>Watermelon Ice &amp; Strawberry Mango | Puff 45k Bang Leader 45000 - vozolvapen<\/title>\n<meta name=\"description\" content=\"Refresh with Watermelon Ice or indulge in Strawberry Mango. The Bang Leader 45000 offers 45k puffs of 2-in-1 variety.\" \/>\n<meta name=\"robots\" content=\"index, follow, max-snippet:-1, max-image-preview:large, max-video-preview:-1\" \/>\n<link rel=\"canonical\" href=\"https:\/\/vozolvapen.de\/pl\/product\/puff-45k-bang-leader-45000-watermelon-ice-strawberry-and-mango\/\" \/>\n<meta property=\"og:locale\" content=\"pl_PL\" \/>\n<meta property=\"og:type\" content=\"article\" \/>\n<meta property=\"og:title\" content=\"Puff 45k Bang Leader 45000 - Watermelon Ice &amp; Strawberry and Mango\" \/>\n<meta property=\"og:description\" content=\"Refresh with Watermelon Ice or indulge in Strawberry Mango. The Bang Leader 45000 offers 45k puffs of 2-in-1 variety.\" \/>\n<meta property=\"og:url\" content=\"https:\/\/vozolvapen.de\/pl\/product\/puff-45k-bang-leader-45000-watermelon-ice-strawberry-and-mango\/\" \/>\n<meta property=\"og:site_name\" content=\"vozolvapen\" \/>\n<meta property=\"article:modified_time\" content=\"2026-02-10T11:08:08+00:00\" \/>\n<meta property=\"og:image\" content=\"https:\/\/vozolvapen.de\/wp-content\/uploads\/2025\/12\/Puff-45k-Bang-Leader-45000-watermelon-ice-strawberry-and-mango.jpg.webp\" \/>\n\t<meta property=\"og:image:width\" content=\"800\" \/>\n\t<meta property=\"og:image:height\" content=\"800\" \/>\n\t<meta property=\"og:image:type\" content=\"image\/webp\" \/>\n<meta name=\"twitter:card\" content=\"summary_large_image\" \/>\n<meta name=\"twitter:label1\" content=\"Szacowany czas czytania\" \/>\n\t<meta name=\"twitter:data1\" content=\"2 minuty\" \/>\n<script type=\"application\/ld+json\" class=\"yoast-schema-graph\">{\"@context\":\"https:\\\/\\\/schema.org\",\"@graph\":[{\"@type\":\"WebPage\",\"@id\":\"https:\\\/\\\/vozolvapen.de\\\/product\\\/puff-45k-bang-leader-45000-watermelon-ice-strawberry-and-mango\\\/\",\"url\":\"https:\\\/\\\/vozolvapen.de\\\/product\\\/puff-45k-bang-leader-45000-watermelon-ice-strawberry-and-mango\\\/\",\"name\":\"Watermelon Ice & Strawberry Mango | Puff 45k Bang Leader 45000 - vozolvapen\",\"isPartOf\":{\"@id\":\"https:\\\/\\\/vozolvapen.de\\\/#website\"},\"primaryImageOfPage\":{\"@id\":\"https:\\\/\\\/vozolvapen.de\\\/product\\\/puff-45k-bang-leader-45000-watermelon-ice-strawberry-and-mango\\\/#primaryimage\"},\"image\":{\"@id\":\"https:\\\/\\\/vozolvapen.de\\\/product\\\/puff-45k-bang-leader-45000-watermelon-ice-strawberry-and-mango\\\/#primaryimage\"},\"thumbnailUrl\":\"https:\\\/\\\/vozolvapen.de\\\/wp-content\\\/uploads\\\/2025\\\/12\\\/Puff-45k-Bang-Leader-45000-watermelon-ice-strawberry-and-mango.jpg.webp\",\"datePublished\":\"2025-12-17T08:17:48+00:00\",\"dateModified\":\"2026-02-10T11:08:08+00:00\",\"description\":\"Refresh with Watermelon Ice or indulge in Strawberry Mango. The Bang Leader 45000 offers 45k puffs of 2-in-1 variety.\",\"breadcrumb\":{\"@id\":\"https:\\\/\\\/vozolvapen.de\\\/product\\\/puff-45k-bang-leader-45000-watermelon-ice-strawberry-and-mango\\\/#breadcrumb\"},\"inLanguage\":\"pl-PL\",\"potentialAction\":[{\"@type\":\"ReadAction\",\"target\":[\"https:\\\/\\\/vozolvapen.de\\\/product\\\/puff-45k-bang-leader-45000-watermelon-ice-strawberry-and-mango\\\/\"]}]},{\"@type\":\"ImageObject\",\"inLanguage\":\"pl-PL\",\"@id\":\"https:\\\/\\\/vozolvapen.de\\\/product\\\/puff-45k-bang-leader-45000-watermelon-ice-strawberry-and-mango\\\/#primaryimage\",\"url\":\"https:\\\/\\\/vozolvapen.de\\\/wp-content\\\/uploads\\\/2025\\\/12\\\/Puff-45k-Bang-Leader-45000-watermelon-ice-strawberry-and-mango.jpg.webp\",\"contentUrl\":\"https:\\\/\\\/vozolvapen.de\\\/wp-content\\\/uploads\\\/2025\\\/12\\\/Puff-45k-Bang-Leader-45000-watermelon-ice-strawberry-and-mango.jpg.webp\",\"width\":800,\"height\":800,\"caption\":\"Puff 45k Bang Leader 45000-watermelon-ice-strawberry-and-mango.jpg\"},{\"@type\":\"BreadcrumbList\",\"@id\":\"https:\\\/\\\/vozolvapen.de\\\/product\\\/puff-45k-bang-leader-45000-watermelon-ice-strawberry-and-mango\\\/#breadcrumb\",\"itemListElement\":[{\"@type\":\"ListItem\",\"position\":1,\"name\":\"Home\",\"item\":\"https:\\\/\\\/vozolvapen.de\\\/de\\\/\"},{\"@type\":\"ListItem\",\"position\":2,\"name\":\"Shop\",\"item\":\"https:\\\/\\\/vozolvapen.de\\\/shop\\\/\"},{\"@type\":\"ListItem\",\"position\":3,\"name\":\"Puff 45k Bang Leader 45000 &#8211; Watermelon Ice &#038; Strawberry and Mango\"}]},{\"@type\":\"WebSite\",\"@id\":\"https:\\\/\\\/vozolvapen.de\\\/#website\",\"url\":\"https:\\\/\\\/vozolvapen.de\\\/\",\"name\":\"vozolvapen\",\"description\":\"vozolvapen\",\"publisher\":{\"@id\":\"https:\\\/\\\/vozolvapen.de\\\/#organization\"},\"potentialAction\":[{\"@type\":\"SearchAction\",\"target\":{\"@type\":\"EntryPoint\",\"urlTemplate\":\"https:\\\/\\\/vozolvapen.de\\\/?s={search_term_string}\"},\"query-input\":{\"@type\":\"PropertyValueSpecification\",\"valueRequired\":true,\"valueName\":\"search_term_string\"}}],\"inLanguage\":\"pl-PL\"},{\"@type\":\"Organization\",\"@id\":\"https:\\\/\\\/vozolvapen.de\\\/#organization\",\"name\":\"vozolvapen\",\"url\":\"https:\\\/\\\/vozolvapen.de\\\/\",\"logo\":{\"@type\":\"ImageObject\",\"inLanguage\":\"pl-PL\",\"@id\":\"https:\\\/\\\/vozolvapen.de\\\/#\\\/schema\\\/logo\\\/image\\\/\",\"url\":\"https:\\\/\\\/vozolvapen.de\\\/wp-content\\\/uploads\\\/2025\\\/12\\\/cropped-vozovapen-logo.webp\",\"contentUrl\":\"https:\\\/\\\/vozolvapen.de\\\/wp-content\\\/uploads\\\/2025\\\/12\\\/cropped-vozovapen-logo.webp\",\"width\":470,\"height\":110,\"caption\":\"vozolvapen\"},\"image\":{\"@id\":\"https:\\\/\\\/vozolvapen.de\\\/#\\\/schema\\\/logo\\\/image\\\/\"}}]}<\/script>\n<!-- \/ Yoast SEO Premium plugin. -->","yoast_head_json":{"title":"Watermelon Ice &amp; Strawberry Mango | Puff 45k Bang Leader 45000 - vozolvapen","description":"Od\u015bwie\u017c si\u0119 arbuzowym lodem lub rozkoszuj si\u0119 truskawkowym mango. Bang Leader 45000 oferuje 45 tys. puff\u00f3w 2 w 1.","robots":{"index":"index","follow":"follow","max-snippet":"max-snippet:-1","max-image-preview":"max-image-preview:large","max-video-preview":"max-video-preview:-1"},"canonical":"https:\/\/vozolvapen.de\/pl\/product\/puff-45k-bang-leader-45000-watermelon-ice-strawberry-and-mango\/","og_locale":"pl_PL","og_type":"article","og_title":"Puff 45k Bang Leader 45000 - Watermelon Ice & Strawberry and Mango","og_description":"Refresh with Watermelon Ice or indulge in Strawberry Mango. The Bang Leader 45000 offers 45k puffs of 2-in-1 variety.","og_url":"https:\/\/vozolvapen.de\/pl\/product\/puff-45k-bang-leader-45000-watermelon-ice-strawberry-and-mango\/","og_site_name":"vozolvapen","article_modified_time":"2026-02-10T11:08:08+00:00","og_image":[{"width":800,"height":800,"url":"https:\/\/vozolvapen.de\/wp-content\/uploads\/2025\/12\/Puff-45k-Bang-Leader-45000-watermelon-ice-strawberry-and-mango.jpg.webp","type":"image\/webp"}],"twitter_card":"summary_large_image","twitter_misc":{"Szacowany czas czytania":"2 minuty"},"schema":{"@context":"https:\/\/schema.org","@graph":[{"@type":"WebPage","@id":"https:\/\/vozolvapen.de\/product\/puff-45k-bang-leader-45000-watermelon-ice-strawberry-and-mango\/","url":"https:\/\/vozolvapen.de\/product\/puff-45k-bang-leader-45000-watermelon-ice-strawberry-and-mango\/","name":"Watermelon Ice &amp; Strawberry Mango | Puff 45k Bang Leader 45000 - vozolvapen","isPartOf":{"@id":"https:\/\/vozolvapen.de\/#website"},"primaryImageOfPage":{"@id":"https:\/\/vozolvapen.de\/product\/puff-45k-bang-leader-45000-watermelon-ice-strawberry-and-mango\/#primaryimage"},"image":{"@id":"https:\/\/vozolvapen.de\/product\/puff-45k-bang-leader-45000-watermelon-ice-strawberry-and-mango\/#primaryimage"},"thumbnailUrl":"https:\/\/vozolvapen.de\/wp-content\/uploads\/2025\/12\/Puff-45k-Bang-Leader-45000-watermelon-ice-strawberry-and-mango.jpg.webp","datePublished":"2025-12-17T08:17:48+00:00","dateModified":"2026-02-10T11:08:08+00:00","description":"Od\u015bwie\u017c si\u0119 arbuzowym lodem lub rozkoszuj si\u0119 truskawkowym mango. Bang Leader 45000 oferuje 45 tys. puff\u00f3w 2 w 1.","breadcrumb":{"@id":"https:\/\/vozolvapen.de\/product\/puff-45k-bang-leader-45000-watermelon-ice-strawberry-and-mango\/#breadcrumb"},"inLanguage":"pl-PL","potentialAction":[{"@type":"ReadAction","target":["https:\/\/vozolvapen.de\/product\/puff-45k-bang-leader-45000-watermelon-ice-strawberry-and-mango\/"]}]},{"@type":"ImageObject","inLanguage":"pl-PL","@id":"https:\/\/vozolvapen.de\/product\/puff-45k-bang-leader-45000-watermelon-ice-strawberry-and-mango\/#primaryimage","url":"https:\/\/vozolvapen.de\/wp-content\/uploads\/2025\/12\/Puff-45k-Bang-Leader-45000-watermelon-ice-strawberry-and-mango.jpg.webp","contentUrl":"https:\/\/vozolvapen.de\/wp-content\/uploads\/2025\/12\/Puff-45k-Bang-Leader-45000-watermelon-ice-strawberry-and-mango.jpg.webp","width":800,"height":800,"caption":"Puff 45k Bang Leader 45000-watermelon-ice-strawberry-and-mango.jpg"},{"@type":"BreadcrumbList","@id":"https:\/\/vozolvapen.de\/product\/puff-45k-bang-leader-45000-watermelon-ice-strawberry-and-mango\/#breadcrumb","itemListElement":[{"@type":"ListItem","position":1,"name":"Home","item":"https:\/\/vozolvapen.de\/de\/"},{"@type":"ListItem","position":2,"name":"Shop","item":"https:\/\/vozolvapen.de\/shop\/"},{"@type":"ListItem","position":3,"name":"Puff 45k Bang Leader 45000 &#8211; Watermelon Ice &#038; Strawberry and Mango"}]},{"@type":"WebSite","@id":"https:\/\/vozolvapen.de\/#website","url":"https:\/\/vozolvapen.de\/","name":"vozolvapen","description":"vozolvapen","publisher":{"@id":"https:\/\/vozolvapen.de\/#organization"},"potentialAction":[{"@type":"SearchAction","target":{"@type":"EntryPoint","urlTemplate":"https:\/\/vozolvapen.de\/?s={search_term_string}"},"query-input":{"@type":"PropertyValueSpecification","valueRequired":true,"valueName":"search_term_string"}}],"inLanguage":"pl-PL"},{"@type":"Organization","@id":"https:\/\/vozolvapen.de\/#organization","name":"vozolvapen","url":"https:\/\/vozolvapen.de\/","logo":{"@type":"ImageObject","inLanguage":"pl-PL","@id":"https:\/\/vozolvapen.de\/#\/schema\/logo\/image\/","url":"https:\/\/vozolvapen.de\/wp-content\/uploads\/2025\/12\/cropped-vozovapen-logo.webp","contentUrl":"https:\/\/vozolvapen.de\/wp-content\/uploads\/2025\/12\/cropped-vozovapen-logo.webp","width":470,"height":110,"caption":"vozolvapen"},"image":{"@id":"https:\/\/vozolvapen.de\/#\/schema\/logo\/image\/"}}]}},"tiered_pricing_type":"fixed","tiered_pricing_fixed_rules":{"30":"11","50":"9","100":"8","200":"7.5"},"tiered_pricing_product_settings":{"layout":"default","base_unit_name":{"singular":null,"plural":null},"default_variation":{}},"tiered_pricing_minimum_quantity":10,"tiered_pricing_roles_data":[],"tiered_pricing_percentage_rules":[],"tiered_pricing_maximum_quantity":null,"tiered_pricing_quantity_step":"10","_links":{"self":[{"href":"https:\/\/vozolvapen.de\/pl\/wp-json\/wp\/v2\/product\/33500","targetHints":{"allow":["GET"]}}],"collection":[{"href":"https:\/\/vozolvapen.de\/pl\/wp-json\/wp\/v2\/product"}],"about":[{"href":"https:\/\/vozolvapen.de\/pl\/wp-json\/wp\/v2\/types\/product"}],"replies":[{"embeddable":true,"href":"https:\/\/vozolvapen.de\/pl\/wp-json\/wp\/v2\/comments?post=33500"}],"wp:featuredmedia":[{"embeddable":true,"href":"https:\/\/vozolvapen.de\/pl\/wp-json\/wp\/v2\/media\/34050"}],"wp:attachment":[{"href":"https:\/\/vozolvapen.de\/pl\/wp-json\/wp\/v2\/media?parent=33500"}],"wp:term":[{"taxonomy":"product_brand","embeddable":true,"href":"https:\/\/vozolvapen.de\/pl\/wp-json\/wp\/v2\/product_brand?post=33500"},{"taxonomy":"product_cat","embeddable":true,"href":"https:\/\/vozolvapen.de\/pl\/wp-json\/wp\/v2\/product_cat?post=33500"},{"taxonomy":"product_tag","embeddable":true,"href":"https:\/\/vozolvapen.de\/pl\/wp-json\/wp\/v2\/product_tag?post=33500"}],"curies":[{"name":"wp","href":"https:\/\/api.w.org\/{rel}","templated":true}]}}