{"id":33577,"date":"2025-12-17T08:17:52","date_gmt":"2025-12-17T08:17:52","guid":{"rendered":"https:\/\/vozolvapen.de\/?post_type=product&#038;p=33577"},"modified":"2026-02-10T11:08:06","modified_gmt":"2026-02-10T11:08:06","slug":"puff-45k-bang-leader-45000-strawberry-ice-cream-pink-lemon-ice","status":"publish","type":"product","link":"https:\/\/vozolvapen.de\/pl\/product\/puff-45k-bang-leader-45000-strawberry-ice-cream-pink-lemon-ice\/","title":{"rendered":"Puff 45k Bang Leader 45000 - Lody truskawkowe i r\u00f3\u017cowy l\u00f3d cytrynowy"},"content":{"rendered":"<h1 data-path-to-node=\"39,3,0\">Bang Leader 45000 - Lody truskawkowe i r\u00f3\u017cowe lody cytrynowe<\/h1>\n<p>Rozkoszuj si\u0119 tym, co najlepsze z obu \u015bwiat\u00f3w dzi\u0119ki <b>Puff 45k Bang Leader 45000<\/b>. Jedna strona oferuje kremow\u0105, dekadenck\u0105 rado\u015b\u0107 lod\u00f3w truskawkowych, podczas gdy druga zapewnia ostry, pikantny Pink Lemon Ice oczyszczaj\u0105cy podniebienie. To najlepszy deser i duet cytrus\u00f3w w zaawansowanej technologii. <b>45k vape<\/b> pakiet.<\/p>\n<h2 data-path-to-node=\"39,4,0\"><b>Profil smakowy:<\/b><\/h2>\n<ul>\n<li data-path-to-node=\"39,4,1,0,0\"><b>Strona A - Lody truskawkowe:<\/b> G\u0142adki, dekadencki smak deserowy z kremem waniliowym i s\u0142odkimi truskawkami.<\/li>\n<li data-path-to-node=\"39,4,1,1,0\"><b>Strona B - Pink Lemon Ice:<\/b> Ostra, pikantna r\u00f3\u017cowa lemoniada z orze\u017awiaj\u0105cym, zimnym mentolowym finiszem.<\/li>\n<\/ul>\n<h2 data-path-to-node=\"39,5,0\"><b>Dla kogo przeznaczony jest ten Bang Leader?<\/b><\/h2>\n<ul>\n<li data-path-to-node=\"39,5,1,0,0\"><b>Fani deser\u00f3w i napoj\u00f3w gazowanych:<\/b> Idealny, je\u015bli kochasz kremowe waporyzacje, ale od czasu do czasu potrzebujesz cytrusowego \u201coczyszczacza podniebienia\u201d.<\/li>\n<li data-path-to-node=\"39,5,1,1,0\"><b>Mi\u0142o\u015bnicy r\u00f3\u017cnorodno\u015bci:<\/b> Jest to jeden z najbardziej zr\u00f3\u017cnicowanych zestaw\u00f3w 2 w 1. <b>Lider Bang<\/b> sk\u0142ad.<\/li>\n<\/ul>\n<h2>Puff 45k Bang Leader 45000 Flavors Ratings<\/h2>\n<ul data-path-to-node=\"39\">\n<li>\n<p data-path-to-node=\"39,0,0\"><b>S\u0142odycz:<\/b> \u2605\u2605\u2605\u2605\u2606<\/p>\n<\/li>\n<li>\n<p data-path-to-node=\"39,1,0\"><b>Poziom lodu:<\/b> \u2605\u2605\u2605\u2606\u2606<\/p>\n<\/li>\n<li>\n<p data-path-to-node=\"39,2,0\"><b>Aromat:<\/b> \u2605\u2605\u2605\u2605\u2606 (Creamy &amp; Zesty)<\/p>\n<\/li>\n<\/ul>\n<blockquote data-path-to-node=\"40\">\n<p data-path-to-node=\"40,0\"><b>Werdykt:<\/b> Unikalna kombinacja \u201cnabia\u0142 kontra cytrusy\u201d, kt\u00f3ra ekscytuje podniebienie.<\/p>\n<\/blockquote>\n<h2 data-path-to-node=\"4,0\">Specyfikacja techniczna Bang Leader 45000<\/h2>\n<table data-path-to-node=\"11\">\n<thead>\n<tr>\n<td><strong>Cecha<\/strong><\/td>\n<td><strong>Szczeg\u00f3\u0142y<\/strong><\/td>\n<\/tr>\n<\/thead>\n<tbody>\n<tr>\n<td><span data-path-to-node=\"11,1,0,0\"><b>Marka<\/b><\/span><\/td>\n<td><span data-path-to-node=\"11,1,1,0\"><b>Bang Vape<\/b><\/span><\/td>\n<\/tr>\n<tr>\n<td><span data-path-to-node=\"11,2,0,0\"><b>Model<\/b><\/span><\/td>\n<td><span data-path-to-node=\"11,2,1,0\"><b>Bang Leader 45000<\/b><\/span><\/td>\n<\/tr>\n<tr>\n<td><span data-path-to-node=\"11,3,0,0\"><b>Pojemno\u015b\u0107 E-Liquid<\/b><\/span><\/td>\n<td><span data-path-to-node=\"11,3,1,0\">Wst\u0119pnie nape\u0142niony 40 ml<\/span><\/td>\n<\/tr>\n<tr>\n<td><span data-path-to-node=\"11,4,0,0\"><b>Puff Count<\/b><\/span><\/td>\n<td><span data-path-to-node=\"11,4,1,0\">Do <b>Puff 45000<\/b><\/span><\/td>\n<\/tr>\n<tr>\n<td><span data-path-to-node=\"11,5,0,0\"><b>Bateria<\/b><\/span><\/td>\n<td><span data-path-to-node=\"11,5,1,0\">Akumulator 750 mAh<\/span><\/td>\n<\/tr>\n<tr>\n<td><span data-path-to-node=\"11,6,0,0\"><b>Poziom nikotyny<\/b><\/span><\/td>\n<td><span data-path-to-node=\"11,6,1,0\">0% \/ 2% \/ 3% \/ 5%<\/span><\/td>\n<\/tr>\n<tr>\n<td><span data-path-to-node=\"11,7,0,0\"><b>Cewka<\/b><\/span><\/td>\n<td><span data-path-to-node=\"11,7,1,0\">Siatkowa cewka 0,8\u03a9<\/span><\/td>\n<\/tr>\n<\/tbody>\n<\/table>\n<h3 dir=\"auto\">Oto dalsze zalecenia dla Ciebie:<\/h3>\n<p dir=\"auto\">Odkryj jeszcze wi\u0119cej niesamowitych smak\u00f3w dzi\u0119ki Puff 45k Bang Leader 45000 Vape!<\/p>\n<p dir=\"auto\"><a href=\"https:\/\/vozolvapen.de\/pl\/product-category\/bang-vape\/puff-45k-bang-leader-45000-vape\/\">Zobacz wszystkie odmiany tutaj \u2192<\/a><\/p>\n<p dir=\"auto\">Zapoznaj si\u0119 z nasz\u0105 pe\u0142n\u0105 kolekcj\u0105 i kupuj produkty najlepszych marek vape, kt\u00f3re pokochasz.<\/p>\n<p dir=\"auto\"><a href=\"https:\/\/vozolvapen.de\/pl\/\">Przegl\u0105daj teraz wszystkie marki \u2192<\/a><\/p>\n<p dir=\"auto\">Sprawd\u017a ca\u0142\u0105 seri\u0119 Bang Vape - ka\u017cdy smak, ka\u017cdy styl!<\/p>\n<p dir=\"auto\"><a href=\"https:\/\/vozolvapen.de\/pl\/product-category\/bang-vape\/\">Zobacz pe\u0142n\u0105 kolekcj\u0119 Bang Vape \u2192<\/a><\/p>","protected":false},"excerpt":{"rendered":"<p>Rozkoszuj si\u0119 kremowym smakiem deseru lub orze\u017aw swoje podniebienie pikantn\u0105, sch\u0142odzon\u0105 r\u00f3\u017cow\u0105 lemoniad\u0105.<\/p>","protected":false},"featured_media":34051,"comment_status":"open","ping_status":"closed","template":"","meta":{"_acf_changed":false},"product_brand":[],"product_cat":[134,83],"product_tag":[],"class_list":{"0":"post-33577","1":"product","2":"type-product","3":"status-publish","4":"has-post-thumbnail","6":"product_cat-eu-warehouse-in-stock","7":"product_cat-puff-45k-bang-leader-45000-vape","9":"first","10":"instock","11":"shipping-taxable","12":"purchasable","13":"product-type-variable"},"acf":[],"yoast_head":"<!-- This site is optimized with the Yoast SEO Premium plugin v26.1 (Yoast SEO v27.5) - https:\/\/yoast.com\/product\/yoast-seo-premium-wordpress\/ -->\n<title>Strawberry Ice Cream &amp; Pink Lemon Ice | Bang Leader 45000 - vozolvapen<\/title>\n<meta name=\"description\" content=\"Creamy vs. Zesty. Experience Strawberry Ice Cream and Pink Lemon Ice on the Bang Leader 45000. 45k vape technology.\" \/>\n<meta name=\"robots\" content=\"index, follow, max-snippet:-1, max-image-preview:large, max-video-preview:-1\" \/>\n<link rel=\"canonical\" href=\"https:\/\/vozolvapen.de\/pl\/product\/puff-45k-bang-leader-45000-strawberry-ice-cream-pink-lemon-ice\/\" \/>\n<meta property=\"og:locale\" content=\"pl_PL\" \/>\n<meta property=\"og:type\" content=\"article\" \/>\n<meta property=\"og:title\" content=\"Puff 45k Bang Leader 45000 - Strawberry Ice Cream&amp; Pink Lemon Ice\" \/>\n<meta property=\"og:description\" content=\"Creamy vs. Zesty. Experience Strawberry Ice Cream and Pink Lemon Ice on the Bang Leader 45000. 45k vape technology.\" \/>\n<meta property=\"og:url\" content=\"https:\/\/vozolvapen.de\/pl\/product\/puff-45k-bang-leader-45000-strawberry-ice-cream-pink-lemon-ice\/\" \/>\n<meta property=\"og:site_name\" content=\"vozolvapen\" \/>\n<meta property=\"article:modified_time\" content=\"2026-02-10T11:08:06+00:00\" \/>\n<meta property=\"og:image\" content=\"https:\/\/vozolvapen.de\/wp-content\/uploads\/2025\/12\/Puff-45k-Bang-Leader-45000-red-bull-blueberry-watermelon.jpg-1.webp\" \/>\n\t<meta property=\"og:image:width\" content=\"800\" \/>\n\t<meta property=\"og:image:height\" content=\"800\" \/>\n\t<meta property=\"og:image:type\" content=\"image\/webp\" \/>\n<meta name=\"twitter:card\" content=\"summary_large_image\" \/>\n<meta name=\"twitter:label1\" content=\"Szacowany czas czytania\" \/>\n\t<meta name=\"twitter:data1\" content=\"2 minuty\" \/>\n<script type=\"application\/ld+json\" class=\"yoast-schema-graph\">{\"@context\":\"https:\\\/\\\/schema.org\",\"@graph\":[{\"@type\":\"WebPage\",\"@id\":\"https:\\\/\\\/vozolvapen.de\\\/product\\\/puff-45k-bang-leader-45000-strawberry-ice-cream-pink-lemon-ice\\\/\",\"url\":\"https:\\\/\\\/vozolvapen.de\\\/product\\\/puff-45k-bang-leader-45000-strawberry-ice-cream-pink-lemon-ice\\\/\",\"name\":\"Strawberry Ice Cream & Pink Lemon Ice | Bang Leader 45000 - vozolvapen\",\"isPartOf\":{\"@id\":\"https:\\\/\\\/vozolvapen.de\\\/#website\"},\"primaryImageOfPage\":{\"@id\":\"https:\\\/\\\/vozolvapen.de\\\/product\\\/puff-45k-bang-leader-45000-strawberry-ice-cream-pink-lemon-ice\\\/#primaryimage\"},\"image\":{\"@id\":\"https:\\\/\\\/vozolvapen.de\\\/product\\\/puff-45k-bang-leader-45000-strawberry-ice-cream-pink-lemon-ice\\\/#primaryimage\"},\"thumbnailUrl\":\"https:\\\/\\\/vozolvapen.de\\\/wp-content\\\/uploads\\\/2025\\\/12\\\/Puff-45k-Bang-Leader-45000-red-bull-blueberry-watermelon.jpg-1.webp\",\"datePublished\":\"2025-12-17T08:17:52+00:00\",\"dateModified\":\"2026-02-10T11:08:06+00:00\",\"description\":\"Creamy vs. Zesty. Experience Strawberry Ice Cream and Pink Lemon Ice on the Bang Leader 45000. 45k vape technology.\",\"breadcrumb\":{\"@id\":\"https:\\\/\\\/vozolvapen.de\\\/product\\\/puff-45k-bang-leader-45000-strawberry-ice-cream-pink-lemon-ice\\\/#breadcrumb\"},\"inLanguage\":\"pl-PL\",\"potentialAction\":[{\"@type\":\"ReadAction\",\"target\":[\"https:\\\/\\\/vozolvapen.de\\\/product\\\/puff-45k-bang-leader-45000-strawberry-ice-cream-pink-lemon-ice\\\/\"]}]},{\"@type\":\"ImageObject\",\"inLanguage\":\"pl-PL\",\"@id\":\"https:\\\/\\\/vozolvapen.de\\\/product\\\/puff-45k-bang-leader-45000-strawberry-ice-cream-pink-lemon-ice\\\/#primaryimage\",\"url\":\"https:\\\/\\\/vozolvapen.de\\\/wp-content\\\/uploads\\\/2025\\\/12\\\/Puff-45k-Bang-Leader-45000-red-bull-blueberry-watermelon.jpg-1.webp\",\"contentUrl\":\"https:\\\/\\\/vozolvapen.de\\\/wp-content\\\/uploads\\\/2025\\\/12\\\/Puff-45k-Bang-Leader-45000-red-bull-blueberry-watermelon.jpg-1.webp\",\"width\":800,\"height\":800,\"caption\":\"Puff 45k Bang Leader 45000-red-bull-blueberry-watermelon.jpg\"},{\"@type\":\"BreadcrumbList\",\"@id\":\"https:\\\/\\\/vozolvapen.de\\\/product\\\/puff-45k-bang-leader-45000-strawberry-ice-cream-pink-lemon-ice\\\/#breadcrumb\",\"itemListElement\":[{\"@type\":\"ListItem\",\"position\":1,\"name\":\"Home\",\"item\":\"https:\\\/\\\/vozolvapen.de\\\/de\\\/\"},{\"@type\":\"ListItem\",\"position\":2,\"name\":\"Shop\",\"item\":\"https:\\\/\\\/vozolvapen.de\\\/shop\\\/\"},{\"@type\":\"ListItem\",\"position\":3,\"name\":\"Puff 45k Bang Leader 45000 &#8211; Strawberry Ice Cream&#038; Pink Lemon Ice\"}]},{\"@type\":\"WebSite\",\"@id\":\"https:\\\/\\\/vozolvapen.de\\\/#website\",\"url\":\"https:\\\/\\\/vozolvapen.de\\\/\",\"name\":\"vozolvapen\",\"description\":\"vozolvapen\",\"publisher\":{\"@id\":\"https:\\\/\\\/vozolvapen.de\\\/#organization\"},\"potentialAction\":[{\"@type\":\"SearchAction\",\"target\":{\"@type\":\"EntryPoint\",\"urlTemplate\":\"https:\\\/\\\/vozolvapen.de\\\/?s={search_term_string}\"},\"query-input\":{\"@type\":\"PropertyValueSpecification\",\"valueRequired\":true,\"valueName\":\"search_term_string\"}}],\"inLanguage\":\"pl-PL\"},{\"@type\":\"Organization\",\"@id\":\"https:\\\/\\\/vozolvapen.de\\\/#organization\",\"name\":\"vozolvapen\",\"url\":\"https:\\\/\\\/vozolvapen.de\\\/\",\"logo\":{\"@type\":\"ImageObject\",\"inLanguage\":\"pl-PL\",\"@id\":\"https:\\\/\\\/vozolvapen.de\\\/#\\\/schema\\\/logo\\\/image\\\/\",\"url\":\"https:\\\/\\\/vozolvapen.de\\\/wp-content\\\/uploads\\\/2025\\\/12\\\/cropped-vozovapen-logo.webp\",\"contentUrl\":\"https:\\\/\\\/vozolvapen.de\\\/wp-content\\\/uploads\\\/2025\\\/12\\\/cropped-vozovapen-logo.webp\",\"width\":470,\"height\":110,\"caption\":\"vozolvapen\"},\"image\":{\"@id\":\"https:\\\/\\\/vozolvapen.de\\\/#\\\/schema\\\/logo\\\/image\\\/\"}}]}<\/script>\n<!-- \/ Yoast SEO Premium plugin. -->","yoast_head_json":{"title":"Strawberry Ice Cream &amp; Pink Lemon Ice | Bang Leader 45000 - vozolvapen","description":"Creamy vs. Zesty. Do\u015bwiadcz truskawkowych lod\u00f3w i r\u00f3\u017cowego lodu cytrynowego na Bang Leader 45000. Technologia vape 45k.","robots":{"index":"index","follow":"follow","max-snippet":"max-snippet:-1","max-image-preview":"max-image-preview:large","max-video-preview":"max-video-preview:-1"},"canonical":"https:\/\/vozolvapen.de\/pl\/product\/puff-45k-bang-leader-45000-strawberry-ice-cream-pink-lemon-ice\/","og_locale":"pl_PL","og_type":"article","og_title":"Puff 45k Bang Leader 45000 - Strawberry Ice Cream& Pink Lemon Ice","og_description":"Creamy vs. Zesty. Experience Strawberry Ice Cream and Pink Lemon Ice on the Bang Leader 45000. 45k vape technology.","og_url":"https:\/\/vozolvapen.de\/pl\/product\/puff-45k-bang-leader-45000-strawberry-ice-cream-pink-lemon-ice\/","og_site_name":"vozolvapen","article_modified_time":"2026-02-10T11:08:06+00:00","og_image":[{"width":800,"height":800,"url":"https:\/\/vozolvapen.de\/wp-content\/uploads\/2025\/12\/Puff-45k-Bang-Leader-45000-red-bull-blueberry-watermelon.jpg-1.webp","type":"image\/webp"}],"twitter_card":"summary_large_image","twitter_misc":{"Szacowany czas czytania":"2 minuty"},"schema":{"@context":"https:\/\/schema.org","@graph":[{"@type":"WebPage","@id":"https:\/\/vozolvapen.de\/product\/puff-45k-bang-leader-45000-strawberry-ice-cream-pink-lemon-ice\/","url":"https:\/\/vozolvapen.de\/product\/puff-45k-bang-leader-45000-strawberry-ice-cream-pink-lemon-ice\/","name":"Strawberry Ice Cream &amp; Pink Lemon Ice | Bang Leader 45000 - vozolvapen","isPartOf":{"@id":"https:\/\/vozolvapen.de\/#website"},"primaryImageOfPage":{"@id":"https:\/\/vozolvapen.de\/product\/puff-45k-bang-leader-45000-strawberry-ice-cream-pink-lemon-ice\/#primaryimage"},"image":{"@id":"https:\/\/vozolvapen.de\/product\/puff-45k-bang-leader-45000-strawberry-ice-cream-pink-lemon-ice\/#primaryimage"},"thumbnailUrl":"https:\/\/vozolvapen.de\/wp-content\/uploads\/2025\/12\/Puff-45k-Bang-Leader-45000-red-bull-blueberry-watermelon.jpg-1.webp","datePublished":"2025-12-17T08:17:52+00:00","dateModified":"2026-02-10T11:08:06+00:00","description":"Creamy vs. Zesty. Do\u015bwiadcz truskawkowych lod\u00f3w i r\u00f3\u017cowego lodu cytrynowego na Bang Leader 45000. Technologia vape 45k.","breadcrumb":{"@id":"https:\/\/vozolvapen.de\/product\/puff-45k-bang-leader-45000-strawberry-ice-cream-pink-lemon-ice\/#breadcrumb"},"inLanguage":"pl-PL","potentialAction":[{"@type":"ReadAction","target":["https:\/\/vozolvapen.de\/product\/puff-45k-bang-leader-45000-strawberry-ice-cream-pink-lemon-ice\/"]}]},{"@type":"ImageObject","inLanguage":"pl-PL","@id":"https:\/\/vozolvapen.de\/product\/puff-45k-bang-leader-45000-strawberry-ice-cream-pink-lemon-ice\/#primaryimage","url":"https:\/\/vozolvapen.de\/wp-content\/uploads\/2025\/12\/Puff-45k-Bang-Leader-45000-red-bull-blueberry-watermelon.jpg-1.webp","contentUrl":"https:\/\/vozolvapen.de\/wp-content\/uploads\/2025\/12\/Puff-45k-Bang-Leader-45000-red-bull-blueberry-watermelon.jpg-1.webp","width":800,"height":800,"caption":"Puff 45k Bang Leader 45000-red-bull-blueberry-watermelon.jpg"},{"@type":"BreadcrumbList","@id":"https:\/\/vozolvapen.de\/product\/puff-45k-bang-leader-45000-strawberry-ice-cream-pink-lemon-ice\/#breadcrumb","itemListElement":[{"@type":"ListItem","position":1,"name":"Home","item":"https:\/\/vozolvapen.de\/de\/"},{"@type":"ListItem","position":2,"name":"Shop","item":"https:\/\/vozolvapen.de\/shop\/"},{"@type":"ListItem","position":3,"name":"Puff 45k Bang Leader 45000 &#8211; Strawberry Ice Cream&#038; Pink Lemon Ice"}]},{"@type":"WebSite","@id":"https:\/\/vozolvapen.de\/#website","url":"https:\/\/vozolvapen.de\/","name":"vozolvapen","description":"vozolvapen","publisher":{"@id":"https:\/\/vozolvapen.de\/#organization"},"potentialAction":[{"@type":"SearchAction","target":{"@type":"EntryPoint","urlTemplate":"https:\/\/vozolvapen.de\/?s={search_term_string}"},"query-input":{"@type":"PropertyValueSpecification","valueRequired":true,"valueName":"search_term_string"}}],"inLanguage":"pl-PL"},{"@type":"Organization","@id":"https:\/\/vozolvapen.de\/#organization","name":"vozolvapen","url":"https:\/\/vozolvapen.de\/","logo":{"@type":"ImageObject","inLanguage":"pl-PL","@id":"https:\/\/vozolvapen.de\/#\/schema\/logo\/image\/","url":"https:\/\/vozolvapen.de\/wp-content\/uploads\/2025\/12\/cropped-vozovapen-logo.webp","contentUrl":"https:\/\/vozolvapen.de\/wp-content\/uploads\/2025\/12\/cropped-vozovapen-logo.webp","width":470,"height":110,"caption":"vozolvapen"},"image":{"@id":"https:\/\/vozolvapen.de\/#\/schema\/logo\/image\/"}}]}},"tiered_pricing_type":"fixed","tiered_pricing_fixed_rules":{"30":"11","50":"9","100":"8","200":"7.5"},"tiered_pricing_product_settings":{"layout":"default","base_unit_name":{"singular":null,"plural":null},"default_variation":{}},"tiered_pricing_minimum_quantity":10,"tiered_pricing_roles_data":[],"tiered_pricing_percentage_rules":[],"tiered_pricing_maximum_quantity":null,"tiered_pricing_quantity_step":"10","_links":{"self":[{"href":"https:\/\/vozolvapen.de\/pl\/wp-json\/wp\/v2\/product\/33577","targetHints":{"allow":["GET"]}}],"collection":[{"href":"https:\/\/vozolvapen.de\/pl\/wp-json\/wp\/v2\/product"}],"about":[{"href":"https:\/\/vozolvapen.de\/pl\/wp-json\/wp\/v2\/types\/product"}],"replies":[{"embeddable":true,"href":"https:\/\/vozolvapen.de\/pl\/wp-json\/wp\/v2\/comments?post=33577"}],"wp:featuredmedia":[{"embeddable":true,"href":"https:\/\/vozolvapen.de\/pl\/wp-json\/wp\/v2\/media\/34051"}],"wp:attachment":[{"href":"https:\/\/vozolvapen.de\/pl\/wp-json\/wp\/v2\/media?parent=33577"}],"wp:term":[{"taxonomy":"product_brand","embeddable":true,"href":"https:\/\/vozolvapen.de\/pl\/wp-json\/wp\/v2\/product_brand?post=33577"},{"taxonomy":"product_cat","embeddable":true,"href":"https:\/\/vozolvapen.de\/pl\/wp-json\/wp\/v2\/product_cat?post=33577"},{"taxonomy":"product_tag","embeddable":true,"href":"https:\/\/vozolvapen.de\/pl\/wp-json\/wp\/v2\/product_tag?post=33577"}],"curies":[{"name":"wp","href":"https:\/\/api.w.org\/{rel}","templated":true}]}}