{"id":37095,"date":"2025-12-18T08:40:11","date_gmt":"2025-12-18T08:40:11","guid":{"rendered":"https:\/\/vozolvapen.de\/?post_type=product&#038;p=37095"},"modified":"2026-02-10T11:07:08","modified_gmt":"2026-02-10T11:07:08","slug":"fumot-randm-tornado-15000-gummy-bear","status":"publish","type":"product","link":"https:\/\/vozolvapen.de\/pl\/product\/fumot-randm-tornado-15000-gummy-bear\/","title":{"rendered":"Fumot RandM Tornado 15000 - Gummy Bear"},"content":{"rendered":"<h1 data-path-to-node=\"3\">Fumot RandM Tornado 15000 - Gummy Bear<\/h1>\n<p>Zasmakuj t\u0119czy z <b data-path-to-node=\"49,3,0\" data-index-in-node=\"36\">Fumot RandM Tornado 15000<\/b> Gummy Bear. To <b data-path-to-node=\"49,3,0\" data-index-in-node=\"79\">tornado 15000<\/b> Smak to zachwycaj\u0105ca mieszanka r\u00f3\u017cnych owocowych cukierk\u00f3w \u017celowych, oferuj\u0105ca s\u0142odki i aromatyczny vape, kt\u00f3ry utrzymuje si\u0119 przez ca\u0142y czas. <b data-path-to-node=\"49,3,0\" data-index-in-node=\"207\">15 000 zaci\u0105gni\u0119\u0107<\/b>.<\/p>\n<h2>Oceny smak\u00f3w - Gummy Bear<\/h2>\n<ul>\n<li>\n<p data-path-to-node=\"45,0,0\"><b data-path-to-node=\"45,0,0\" data-index-in-node=\"0\">S\u0142odycz:<\/b> \u2605\u2605\u2605\u2605\u2605<\/p>\n<\/li>\n<li>\n<p data-path-to-node=\"45,1,0\"><b data-path-to-node=\"45,1,0\" data-index-in-node=\"0\">Poziom lodu:<\/b> \u2605\u2605\u2606\u2606\u2606<\/p>\n<\/li>\n<li>\n<p data-path-to-node=\"45,2,0\"><b data-path-to-node=\"45,2,0\" data-index-in-node=\"0\">Aromat:<\/b> \u2605\u2605\u2605\u2605\u2605<\/p>\n<\/li>\n<li>\n<p data-path-to-node=\"45,3,0\"><b data-path-to-node=\"45,3,0\" data-index-in-node=\"0\">Werdykt smakowy:<\/b> Zabawna t\u0119cza smak\u00f3w. To <b data-path-to-node=\"45,3,0\" data-index-in-node=\"50\">tornado 15000<\/b> Mieszanka \u017celk\u00f3w jest s\u0142odka, aromatyczna i niesamowicie uzale\u017cniaj\u0105ca dla entuzjast\u00f3w s\u0142odyczy.<\/p>\n<\/li>\n<\/ul>\n<h2 data-path-to-node=\"3\">\ud83c\udfaf <b data-path-to-node=\"3\" data-index-in-node=\"3\">Dla kogo to jest?<\/b><\/h2>\n<ul>\n<li>\n<p data-path-to-node=\"60,0,0\"><b data-path-to-node=\"60,0,0\" data-index-in-node=\"0\">Rainbow Vaper:<\/b> Nie mo\u017cesz zdecydowa\u0107 si\u0119 na jeden owoc? Ciesz si\u0119 r\u00f3\u017cnorodn\u0105 gam\u0105 owocowych \u017celk\u00f3w w ka\u017cdym zaci\u0105gni\u0119ciu.<\/p>\n<\/li>\n<li>\n<p data-path-to-node=\"60,1,0\"><b data-path-to-node=\"60,1,0\" data-index-in-node=\"0\">Cukierkowi pury\u015bci:<\/b> Dla tych, kt\u00f3rzy chc\u0105 poczu\u0107 s\u0142odki smak prawdziwych \u017celk\u00f3w.<\/p>\n<\/li>\n<li>\n<p data-path-to-node=\"60,2,0\"><b data-path-to-node=\"60,2,0\" data-index-in-node=\"0\">Fani wysokich aromat\u00f3w:<\/b> Jeden z najbardziej s\u0142odko pachn\u0105cych <b data-path-to-node=\"60,2,0\" data-index-in-node=\"48\">p\u0142yn randm<\/b> opcje w zakresie.<\/p>\n<\/li>\n<\/ul>\n<h2 data-path-to-node=\"3\"><b data-path-to-node=\"3\" data-index-in-node=\"0\">Specyfikacja<\/b><\/h2>\n<ul>\n<li data-path-to-node=\"4,0,0\"><b data-path-to-node=\"4,0,0\" data-index-in-node=\"0\">Pojemno\u015b\u0107:<\/b> 25ML wst\u0119pnie nape\u0142niony <b data-path-to-node=\"4,0,0\" data-index-in-node=\"26\">p\u0142yn randm<\/b><\/li>\n<li data-path-to-node=\"4,1,0\"><b data-path-to-node=\"4,1,0\" data-index-in-node=\"0\">Puffy:<\/b> Do 15 000<\/li>\n<li data-path-to-node=\"4,2,0\"><b data-path-to-node=\"4,2,0\" data-index-in-node=\"0\">Bateria:<\/b> 850 mAh (akumulator typu C)<\/li>\n<li data-path-to-node=\"4,3,0\"><b data-path-to-node=\"4,3,0\" data-index-in-node=\"0\">Wy\u015bwietlacz:<\/b> Inteligentny ekran LED (zasilanie i olej)<\/li>\n<li data-path-to-node=\"4,4,0\"><b data-path-to-node=\"4,4,0\" data-index-in-node=\"0\">Cewka:<\/b> Siatkowa cewka 1,0\u03a9<\/li>\n<li data-path-to-node=\"4,5,0\"><b data-path-to-node=\"4,5,0\" data-index-in-node=\"0\">Wysy\u0142ka:<\/b> Magazyn europejski (1-3 dni)<\/li>\n<\/ul>\n<h3 data-path-to-node=\"58\"><b data-path-to-node=\"58\" data-index-in-node=\"0\">Dla kogo przeznaczony jest Fumot RandM Tornado 15000?<\/b><\/h3>\n<ul data-path-to-node=\"59\">\n<li>\n<p data-path-to-node=\"59,0,0\"><b data-path-to-node=\"59,0,0\" data-index-in-node=\"0\">Power User:<\/b> Je\u015bli cz\u0119sto wapujesz i nie lubisz wymienia\u0107 urz\u0105dze\u0144, to <b data-path-to-node=\"59,0,0\" data-index-in-node=\"71\">15k tornado<\/b> pojemno\u015b\u0107 to idealne dopasowanie.<\/p>\n<\/li>\n<li>\n<p data-path-to-node=\"59,1,0\"><b data-path-to-node=\"59,1,0\" data-index-in-node=\"0\">The Tech Savvy:<\/b> Ci, kt\u00f3rzy chc\u0105 monitorowa\u0107 swoje <b data-path-to-node=\"59,1,0\" data-index-in-node=\"48\">p\u0142yn randm<\/b> i procent baterii na ekranie LED.<\/p>\n<\/li>\n<li>\n<p data-path-to-node=\"59,2,0\"><b data-path-to-node=\"59,2,0\" data-index-in-node=\"0\">Europejski Vaper:<\/b> Idealny dla tych, kt\u00f3rzy oczekuj\u0105 najwy\u017cszej jako\u015bci dostarczanej w ci\u0105gu 3 dni z lokalnego magazynu.<\/p>\n<\/li>\n<\/ul>\n<h3 dir=\"auto\">Oto dalsze zalecenia dla Ciebie:<\/h3>\n<p dir=\"auto\">Odkryj jeszcze wi\u0119cej niesamowitych smak\u00f3w dzi\u0119ki Fumot RandM Tornado 15000 Puff Vape!<\/p>\n<p dir=\"auto\"><a href=\"https:\/\/vozolvapen.de\/pl\/product-category\/fumot-vape\/fumot-randm-tornado-15000-puffs\/\">Zobacz wszystkie odmiany tutaj \u2192<\/a><\/p>\n<p dir=\"auto\">Zapoznaj si\u0119 z nasz\u0105 pe\u0142n\u0105 kolekcj\u0105 i kupuj produkty najlepszych marek vape, kt\u00f3re pokochasz.<\/p>\n<p dir=\"auto\"><a href=\"https:\/\/vozolvapen.de\/pl\/product-category\/fumot-vape\/\">Przegl\u0105daj teraz wszystkie marki \u2192<\/a><\/p>\n<p dir=\"auto\">Sprawd\u017a ca\u0142\u0105 seri\u0119 Fumot Vape - ka\u017cdy smak, ka\u017cdy styl!<\/p>\n<p dir=\"auto\"><a href=\"https:\/\/vozolvapen.de\/pl\/product-category\/fumot-vape\/\">Zobacz pe\u0142n\u0105 kolekcj\u0119 Fumot Vape \u2192<\/a><\/p>\n<h2 data-path-to-node=\"60\"><b data-path-to-node=\"60\" data-index-in-node=\"0\">Cz\u0119sto zadawane pytania (FAQ)<\/b><\/h2>\n<h3 data-path-to-node=\"61\"><b data-path-to-node=\"61\" data-index-in-node=\"0\">P: Sk\u0105d mam wiedzie\u0107, kiedy m\u00f3j Tornado 15000 jest pusty?<\/b><\/h3>\n<p data-path-to-node=\"61\">W przeciwie\u0144stwie do standardowych produkt\u00f3w jednorazowych <b data-path-to-node=\"61\" data-index-in-node=\"85\">Fumot RandM Tornado 15000<\/b> posiada wy\u015bwietlacz LED, kt\u00f3ry pokazuje dok\u0142adnie, ile <b data-path-to-node=\"61\" data-index-in-node=\"167\">p\u0142yn randm<\/b> pozostaje.<\/p>\n<h3 data-path-to-node=\"62\"><b data-path-to-node=\"62\" data-index-in-node=\"0\">P: Czy Tornado 15k mo\u017cna \u0142adowa\u0107?<\/b><\/h3>\n<p data-path-to-node=\"62\">Tak. Posiada port \u0142adowania typu C. Bateria o pojemno\u015bci 850 mAh zapewnia mo\u017cliwo\u015b\u0107 waporyzacji przez ca\u0142y zbiornik o pojemno\u015bci 25 ml bez utraty mocy.<\/p>\n<h3 data-path-to-node=\"63\"><b data-path-to-node=\"63\" data-index-in-node=\"0\">P: Co sprawia, \u017ce cewka mesh 1,0\u03a9 jest wyj\u0105tkowa?<\/b><\/h3>\n<p data-path-to-node=\"63\">O: Ta cewka zosta\u0142a zaprojektowana specjalnie dla <b data-path-to-node=\"63\" data-index-in-node=\"88\">Randm tornado 15000<\/b> aby zmaksymalizowa\u0107 powierzchni\u0119. Skutkuje to szybszym nagrzewaniem, mocniejszym smakiem i znacznie bogatsz\u0105 par\u0105 ni\u017c w przypadku tradycyjnych cewek.<\/p>\n<h3 data-path-to-node=\"64\"><b data-path-to-node=\"64\" data-index-in-node=\"0\">P: Jak szybka jest wysy\u0142ka z europejskiego magazynu?<\/b><\/h3>\n<p data-path-to-node=\"64\">O: Priorytetem jest dla nas szybko\u015b\u0107. Wi\u0119kszo\u015b\u0107 zam\u00f3wie\u0144 na <b data-path-to-node=\"64\" data-index-in-node=\"97\">Fumot RandM Tornado 15000<\/b> przyby\u0107 w ci\u0105gu <b data-path-to-node=\"64\" data-index-in-node=\"137\">1 do 3 dni roboczych<\/b> w Europie.<\/p>\n<h3 data-path-to-node=\"65\"><b data-path-to-node=\"65\" data-index-in-node=\"0\">P: Czy poziom nikotyny mo\u017cna regulowa\u0107?<\/b><\/h3>\n<p data-path-to-node=\"65\">Oferujemy <b data-path-to-node=\"65\" data-index-in-node=\"53\">Tornado 15000<\/b> w dw\u00f3ch mocach: 2% (20 mg) dla \u0142agodnego uderzenia i 5% (50 mg) dla tych, kt\u00f3rzy preferuj\u0105 silniejsze doznania nikotynowe.<\/p>","protected":false},"excerpt":{"rendered":"<p>T\u0119cza s\u0142odyczy w d\u0142oni. The <b data-path-to-node=\"3,15,2,0\" data-index-in-node=\"44\">Randm tornado 15000<\/b> Gummy Bear to s\u0142odki i aromatyczny przysmak zaprojektowany z my\u015bl\u0105 o d\u0142ugotrwa\u0142ej przyjemno\u015bci.<\/p>","protected":false},"featured_media":37519,"comment_status":"open","ping_status":"closed","template":"","meta":{"_acf_changed":false},"product_brand":[],"product_cat":[134,61],"product_tag":[],"class_list":{"0":"post-37095","1":"product","2":"type-product","3":"status-publish","4":"has-post-thumbnail","6":"product_cat-eu-warehouse-in-stock","7":"product_cat-fumot-randm-tornado-15000-puffs","9":"first","10":"instock","11":"shipping-taxable","12":"purchasable","13":"product-type-variable"},"acf":[],"yoast_head":"<!-- This site is optimized with the Yoast SEO Premium plugin v26.1 (Yoast SEO v27.5) - https:\/\/yoast.com\/product\/yoast-seo-premium-wordpress\/ -->\n<title>Gummy Bear Fumot RandM Tornado 15000 | 15k Tornado - vozolvapen<\/title>\n<meta name=\"description\" content=\"Sweet Gummy Bear Randm tornado 15000. 15,000 puffs of fruit candy flavor. Fast 1-3 day EU shipping.\" \/>\n<meta name=\"robots\" content=\"index, follow, max-snippet:-1, max-image-preview:large, max-video-preview:-1\" \/>\n<link rel=\"canonical\" href=\"https:\/\/vozolvapen.de\/pl\/product\/fumot-randm-tornado-15000-gummy-bear\/\" \/>\n<meta property=\"og:locale\" content=\"pl_PL\" \/>\n<meta property=\"og:type\" content=\"article\" \/>\n<meta property=\"og:title\" content=\"Fumot RandM Tornado 15000 - Gummy Bear\" \/>\n<meta property=\"og:description\" content=\"Sweet Gummy Bear Randm tornado 15000. 15,000 puffs of fruit candy flavor. Fast 1-3 day EU shipping.\" \/>\n<meta property=\"og:url\" content=\"https:\/\/vozolvapen.de\/pl\/product\/fumot-randm-tornado-15000-gummy-bear\/\" \/>\n<meta property=\"og:site_name\" content=\"vozolvapen\" \/>\n<meta property=\"article:modified_time\" content=\"2026-02-10T11:07:08+00:00\" \/>\n<meta property=\"og:image\" content=\"https:\/\/vozolvapen.de\/wp-content\/uploads\/2025\/12\/Fumot-RandM-Tornado-15000-Gummy-Bear-3.webp\" \/>\n\t<meta property=\"og:image:width\" content=\"1200\" \/>\n\t<meta property=\"og:image:height\" content=\"1200\" \/>\n\t<meta property=\"og:image:type\" content=\"image\/webp\" \/>\n<meta name=\"twitter:card\" content=\"summary_large_image\" \/>\n<meta name=\"twitter:label1\" content=\"Szacowany czas czytania\" \/>\n\t<meta name=\"twitter:data1\" content=\"3 minuty\" \/>\n<script type=\"application\/ld+json\" class=\"yoast-schema-graph\">{\"@context\":\"https:\\\/\\\/schema.org\",\"@graph\":[{\"@type\":\"WebPage\",\"@id\":\"https:\\\/\\\/vozolvapen.de\\\/product\\\/fumot-randm-tornado-15000-gummy-bear\\\/\",\"url\":\"https:\\\/\\\/vozolvapen.de\\\/product\\\/fumot-randm-tornado-15000-gummy-bear\\\/\",\"name\":\"Gummy Bear Fumot RandM Tornado 15000 | 15k Tornado - vozolvapen\",\"isPartOf\":{\"@id\":\"https:\\\/\\\/vozolvapen.de\\\/#website\"},\"primaryImageOfPage\":{\"@id\":\"https:\\\/\\\/vozolvapen.de\\\/product\\\/fumot-randm-tornado-15000-gummy-bear\\\/#primaryimage\"},\"image\":{\"@id\":\"https:\\\/\\\/vozolvapen.de\\\/product\\\/fumot-randm-tornado-15000-gummy-bear\\\/#primaryimage\"},\"thumbnailUrl\":\"https:\\\/\\\/vozolvapen.de\\\/wp-content\\\/uploads\\\/2025\\\/12\\\/Fumot-RandM-Tornado-15000-Gummy-Bear-3.webp\",\"datePublished\":\"2025-12-18T08:40:11+00:00\",\"dateModified\":\"2026-02-10T11:07:08+00:00\",\"description\":\"Sweet Gummy Bear Randm tornado 15000. 15,000 puffs of fruit candy flavor. Fast 1-3 day EU shipping.\",\"breadcrumb\":{\"@id\":\"https:\\\/\\\/vozolvapen.de\\\/product\\\/fumot-randm-tornado-15000-gummy-bear\\\/#breadcrumb\"},\"inLanguage\":\"pl-PL\",\"potentialAction\":[{\"@type\":\"ReadAction\",\"target\":[\"https:\\\/\\\/vozolvapen.de\\\/product\\\/fumot-randm-tornado-15000-gummy-bear\\\/\"]}]},{\"@type\":\"ImageObject\",\"inLanguage\":\"pl-PL\",\"@id\":\"https:\\\/\\\/vozolvapen.de\\\/product\\\/fumot-randm-tornado-15000-gummy-bear\\\/#primaryimage\",\"url\":\"https:\\\/\\\/vozolvapen.de\\\/wp-content\\\/uploads\\\/2025\\\/12\\\/Fumot-RandM-Tornado-15000-Gummy-Bear-3.webp\",\"contentUrl\":\"https:\\\/\\\/vozolvapen.de\\\/wp-content\\\/uploads\\\/2025\\\/12\\\/Fumot-RandM-Tornado-15000-Gummy-Bear-3.webp\",\"width\":1200,\"height\":1200,\"caption\":\"Fumot RandM Tornado 15000 - Gummy\u00a0Bear (3)\"},{\"@type\":\"BreadcrumbList\",\"@id\":\"https:\\\/\\\/vozolvapen.de\\\/product\\\/fumot-randm-tornado-15000-gummy-bear\\\/#breadcrumb\",\"itemListElement\":[{\"@type\":\"ListItem\",\"position\":1,\"name\":\"Home\",\"item\":\"https:\\\/\\\/vozolvapen.de\\\/de\\\/\"},{\"@type\":\"ListItem\",\"position\":2,\"name\":\"Shop\",\"item\":\"https:\\\/\\\/vozolvapen.de\\\/shop\\\/\"},{\"@type\":\"ListItem\",\"position\":3,\"name\":\"Fumot RandM Tornado 15000 &#8211; Gummy Bear\"}]},{\"@type\":\"WebSite\",\"@id\":\"https:\\\/\\\/vozolvapen.de\\\/#website\",\"url\":\"https:\\\/\\\/vozolvapen.de\\\/\",\"name\":\"vozolvapen\",\"description\":\"vozolvapen\",\"publisher\":{\"@id\":\"https:\\\/\\\/vozolvapen.de\\\/#organization\"},\"potentialAction\":[{\"@type\":\"SearchAction\",\"target\":{\"@type\":\"EntryPoint\",\"urlTemplate\":\"https:\\\/\\\/vozolvapen.de\\\/?s={search_term_string}\"},\"query-input\":{\"@type\":\"PropertyValueSpecification\",\"valueRequired\":true,\"valueName\":\"search_term_string\"}}],\"inLanguage\":\"pl-PL\"},{\"@type\":\"Organization\",\"@id\":\"https:\\\/\\\/vozolvapen.de\\\/#organization\",\"name\":\"vozolvapen\",\"url\":\"https:\\\/\\\/vozolvapen.de\\\/\",\"logo\":{\"@type\":\"ImageObject\",\"inLanguage\":\"pl-PL\",\"@id\":\"https:\\\/\\\/vozolvapen.de\\\/#\\\/schema\\\/logo\\\/image\\\/\",\"url\":\"https:\\\/\\\/vozolvapen.de\\\/wp-content\\\/uploads\\\/2025\\\/12\\\/cropped-vozovapen-logo.webp\",\"contentUrl\":\"https:\\\/\\\/vozolvapen.de\\\/wp-content\\\/uploads\\\/2025\\\/12\\\/cropped-vozovapen-logo.webp\",\"width\":470,\"height\":110,\"caption\":\"vozolvapen\"},\"image\":{\"@id\":\"https:\\\/\\\/vozolvapen.de\\\/#\\\/schema\\\/logo\\\/image\\\/\"}}]}<\/script>\n<!-- \/ Yoast SEO Premium plugin. -->","yoast_head_json":{"title":"Gummy Bear Fumot RandM Tornado 15000 | 15k Tornado - vozolvapen","description":"Sweet Gummy Bear Randm tornado 15000. 15 000 dra\u017cetek o smaku cukierk\u00f3w owocowych. Szybka wysy\u0142ka w ci\u0105gu 1-3 dni w UE.","robots":{"index":"index","follow":"follow","max-snippet":"max-snippet:-1","max-image-preview":"max-image-preview:large","max-video-preview":"max-video-preview:-1"},"canonical":"https:\/\/vozolvapen.de\/pl\/product\/fumot-randm-tornado-15000-gummy-bear\/","og_locale":"pl_PL","og_type":"article","og_title":"Fumot RandM Tornado 15000 - Gummy Bear","og_description":"Sweet Gummy Bear Randm tornado 15000. 15,000 puffs of fruit candy flavor. Fast 1-3 day EU shipping.","og_url":"https:\/\/vozolvapen.de\/pl\/product\/fumot-randm-tornado-15000-gummy-bear\/","og_site_name":"vozolvapen","article_modified_time":"2026-02-10T11:07:08+00:00","og_image":[{"width":1200,"height":1200,"url":"https:\/\/vozolvapen.de\/wp-content\/uploads\/2025\/12\/Fumot-RandM-Tornado-15000-Gummy-Bear-3.webp","type":"image\/webp"}],"twitter_card":"summary_large_image","twitter_misc":{"Szacowany czas czytania":"3 minuty"},"schema":{"@context":"https:\/\/schema.org","@graph":[{"@type":"WebPage","@id":"https:\/\/vozolvapen.de\/product\/fumot-randm-tornado-15000-gummy-bear\/","url":"https:\/\/vozolvapen.de\/product\/fumot-randm-tornado-15000-gummy-bear\/","name":"Gummy Bear Fumot RandM Tornado 15000 | 15k Tornado - vozolvapen","isPartOf":{"@id":"https:\/\/vozolvapen.de\/#website"},"primaryImageOfPage":{"@id":"https:\/\/vozolvapen.de\/product\/fumot-randm-tornado-15000-gummy-bear\/#primaryimage"},"image":{"@id":"https:\/\/vozolvapen.de\/product\/fumot-randm-tornado-15000-gummy-bear\/#primaryimage"},"thumbnailUrl":"https:\/\/vozolvapen.de\/wp-content\/uploads\/2025\/12\/Fumot-RandM-Tornado-15000-Gummy-Bear-3.webp","datePublished":"2025-12-18T08:40:11+00:00","dateModified":"2026-02-10T11:07:08+00:00","description":"Sweet Gummy Bear Randm tornado 15000. 15 000 dra\u017cetek o smaku cukierk\u00f3w owocowych. Szybka wysy\u0142ka w ci\u0105gu 1-3 dni w UE.","breadcrumb":{"@id":"https:\/\/vozolvapen.de\/product\/fumot-randm-tornado-15000-gummy-bear\/#breadcrumb"},"inLanguage":"pl-PL","potentialAction":[{"@type":"ReadAction","target":["https:\/\/vozolvapen.de\/product\/fumot-randm-tornado-15000-gummy-bear\/"]}]},{"@type":"ImageObject","inLanguage":"pl-PL","@id":"https:\/\/vozolvapen.de\/product\/fumot-randm-tornado-15000-gummy-bear\/#primaryimage","url":"https:\/\/vozolvapen.de\/wp-content\/uploads\/2025\/12\/Fumot-RandM-Tornado-15000-Gummy-Bear-3.webp","contentUrl":"https:\/\/vozolvapen.de\/wp-content\/uploads\/2025\/12\/Fumot-RandM-Tornado-15000-Gummy-Bear-3.webp","width":1200,"height":1200,"caption":"Fumot RandM Tornado 15000 - Gummy\u00a0Bear (3)"},{"@type":"BreadcrumbList","@id":"https:\/\/vozolvapen.de\/product\/fumot-randm-tornado-15000-gummy-bear\/#breadcrumb","itemListElement":[{"@type":"ListItem","position":1,"name":"Home","item":"https:\/\/vozolvapen.de\/de\/"},{"@type":"ListItem","position":2,"name":"Shop","item":"https:\/\/vozolvapen.de\/shop\/"},{"@type":"ListItem","position":3,"name":"Fumot RandM Tornado 15000 &#8211; Gummy Bear"}]},{"@type":"WebSite","@id":"https:\/\/vozolvapen.de\/#website","url":"https:\/\/vozolvapen.de\/","name":"vozolvapen","description":"vozolvapen","publisher":{"@id":"https:\/\/vozolvapen.de\/#organization"},"potentialAction":[{"@type":"SearchAction","target":{"@type":"EntryPoint","urlTemplate":"https:\/\/vozolvapen.de\/?s={search_term_string}"},"query-input":{"@type":"PropertyValueSpecification","valueRequired":true,"valueName":"search_term_string"}}],"inLanguage":"pl-PL"},{"@type":"Organization","@id":"https:\/\/vozolvapen.de\/#organization","name":"vozolvapen","url":"https:\/\/vozolvapen.de\/","logo":{"@type":"ImageObject","inLanguage":"pl-PL","@id":"https:\/\/vozolvapen.de\/#\/schema\/logo\/image\/","url":"https:\/\/vozolvapen.de\/wp-content\/uploads\/2025\/12\/cropped-vozovapen-logo.webp","contentUrl":"https:\/\/vozolvapen.de\/wp-content\/uploads\/2025\/12\/cropped-vozovapen-logo.webp","width":470,"height":110,"caption":"vozolvapen"},"image":{"@id":"https:\/\/vozolvapen.de\/#\/schema\/logo\/image\/"}}]}},"tiered_pricing_type":"fixed","tiered_pricing_fixed_rules":{"30":"12.2","50":"9.2","100":"8.2","200":"7.7"},"tiered_pricing_product_settings":{"layout":"default","base_unit_name":{"singular":null,"plural":null},"default_variation":{}},"tiered_pricing_minimum_quantity":10,"tiered_pricing_roles_data":[],"tiered_pricing_percentage_rules":[],"tiered_pricing_maximum_quantity":null,"tiered_pricing_quantity_step":"10","_links":{"self":[{"href":"https:\/\/vozolvapen.de\/pl\/wp-json\/wp\/v2\/product\/37095","targetHints":{"allow":["GET"]}}],"collection":[{"href":"https:\/\/vozolvapen.de\/pl\/wp-json\/wp\/v2\/product"}],"about":[{"href":"https:\/\/vozolvapen.de\/pl\/wp-json\/wp\/v2\/types\/product"}],"replies":[{"embeddable":true,"href":"https:\/\/vozolvapen.de\/pl\/wp-json\/wp\/v2\/comments?post=37095"}],"wp:featuredmedia":[{"embeddable":true,"href":"https:\/\/vozolvapen.de\/pl\/wp-json\/wp\/v2\/media\/37519"}],"wp:attachment":[{"href":"https:\/\/vozolvapen.de\/pl\/wp-json\/wp\/v2\/media?parent=37095"}],"wp:term":[{"taxonomy":"product_brand","embeddable":true,"href":"https:\/\/vozolvapen.de\/pl\/wp-json\/wp\/v2\/product_brand?post=37095"},{"taxonomy":"product_cat","embeddable":true,"href":"https:\/\/vozolvapen.de\/pl\/wp-json\/wp\/v2\/product_cat?post=37095"},{"taxonomy":"product_tag","embeddable":true,"href":"https:\/\/vozolvapen.de\/pl\/wp-json\/wp\/v2\/product_tag?post=37095"}],"curies":[{"name":"wp","href":"https:\/\/api.w.org\/{rel}","templated":true}]}}