{"id":40686,"date":"2025-12-22T09:29:49","date_gmt":"2025-12-22T09:29:49","guid":{"rendered":"https:\/\/vozolvapen.de\/?post_type=product&#038;p=40686"},"modified":"2026-02-10T11:01:47","modified_gmt":"2026-02-10T11:01:47","slug":"al-fakher-15000-ice-adjust-peach-ice","status":"publish","type":"product","link":"https:\/\/vozolvapen.de\/pl\/product\/al-fakher-15000-ice-adjust-peach-ice\/","title":{"rendered":"Al Fakher 15000 Ice Adjust - Peach Ice"},"content":{"rendered":"<h1 data-path-to-node=\"37\">Al Fakher 15000 Ice Adjust - Peach Ice<\/h1>\n<p data-path-to-node=\"38\">Aksamitny, kamienno-owocowy luksus. <b data-path-to-node=\"38\" data-index-in-node=\"29\">L\u00f3d brzoskwiniowy<\/b> oddaje delikatn\u0105 s\u0142odycz dojrza\u0142ej w s\u0142o\u0144cu brzoskwini i podaje j\u0105 z chrupi\u0105c\u0105, lodow\u0105 warstw\u0105. Jest to jeden z naj\u0142agodniejszych smak\u00f3w w kategorii <b data-path-to-node=\"38\" data-index-in-node=\"175\">Al Fakher vape 15000<\/b> sk\u0142ad.<\/p>\n<h2 data-path-to-node=\"39\"><b data-path-to-node=\"39\" data-index-in-node=\"0\">Ocena smaku - Peach Ice<\/b><\/h2>\n<ul data-path-to-node=\"40\">\n<li>\n<p data-path-to-node=\"40,0,0\"><b data-path-to-node=\"40,0,0\" data-index-in-node=\"0\">S\u0142odycz:<\/b> \u2605\u2605\u2605\u2605\u2606<\/p>\n<\/li>\n<li>\n<p data-path-to-node=\"40,1,0\"><b data-path-to-node=\"40,1,0\" data-index-in-node=\"0\">Poziom lodu:<\/b> \u2605\u2605\u2605\u2605\u2606 (regulowany)<\/p>\n<\/li>\n<li>\n<p data-path-to-node=\"40,2,0\"><b data-path-to-node=\"40,2,0\" data-index-in-node=\"0\">Aromat:<\/b> \u2605\u2605\u2605\u2605\u2606<\/p>\n<\/li>\n<li>\n<p data-path-to-node=\"40,3,0\"><b data-path-to-node=\"40,3,0\" data-index-in-node=\"0\">Werdykt smakowy:<\/b> Soczysty i kwiatowy. Brzoskwinia jest niesamowicie realistyczna, unikaj\u0105c \u201ccukierkowego\u201d smaku i wybieraj\u0105c bardziej naturalne uczucie nektaru.<\/p>\n<\/li>\n<\/ul>\n<h2 data-path-to-node=\"41\"><b data-path-to-node=\"41\" data-index-in-node=\"0\">Dla kogo to jest?<\/b><\/h2>\n<ul data-path-to-node=\"42\">\n<li>\n<p data-path-to-node=\"42,0,0\"><b data-path-to-node=\"42,0,0\" data-index-in-node=\"0\">Mi\u0142o\u015bnicy owoc\u00f3w pestkowych:<\/b> Dla tych, kt\u00f3rzy lubi\u0105 delikatn\u0105 s\u0142odycz brzoskwini.<\/p>\n<\/li>\n<li>\n<p data-path-to-node=\"42,1,0\"><b data-path-to-node=\"42,1,0\" data-index-in-node=\"0\">Smooth Vapers:<\/b> Peach tworzy wyj\u0105tkowo g\u0142adkie uderzenie w gard\u0142o przy 0,5% nikotyny.<\/p>\n<\/li>\n<li>\n<p data-path-to-node=\"42,2,0\"><b data-path-to-node=\"42,2,0\" data-index-in-node=\"0\">Summer Dreamers:<\/b> Orze\u017awiaj\u0105ce, kwiatowo-owocowe uderzenie.<\/p>\n<\/li>\n<\/ul>\n<h3 data-path-to-node=\"95\">Specyfikacja - AL Fakher 15000 Ice Adjust<\/h3>\n<ul>\n<li data-path-to-node=\"96,0,0\"><b data-path-to-node=\"96,0,0\" data-index-in-node=\"0\">Pojemno\u015b\u0107:<\/b> 22 ml wst\u0119pnie nape\u0142nionego e-liquidu<\/li>\n<li data-path-to-node=\"96,1,0\"><b data-path-to-node=\"96,1,0\" data-index-in-node=\"0\">Puffy:<\/b> Do 15 000<\/li>\n<li data-path-to-node=\"96,2,0\"><b data-path-to-node=\"96,2,0\" data-index-in-node=\"0\">Bateria:<\/b> 850 mAh (akumulator typu C)<\/li>\n<li data-path-to-node=\"96,3,0\"><b data-path-to-node=\"96,3,0\" data-index-in-node=\"0\">Wy\u015bwietlacz:<\/b> Cyfrowy inteligentny ekran (wska\u017aniki cieczy i baterii)<\/li>\n<li data-path-to-node=\"96,4,0\"><b data-path-to-node=\"96,4,0\" data-index-in-node=\"0\">Cechy:<\/b> <b data-path-to-node=\"96,4,0\" data-index-in-node=\"10\">Suwak regulacji lodu<\/b> &amp; Przycisk regulacji d\u017awi\u0119k\u00f3w<\/li>\n<li data-path-to-node=\"96,5,0\"><b data-path-to-node=\"96,5,0\" data-index-in-node=\"0\">Cewka:<\/b> 0,65ohm Dual Mesh (zoptymalizowany pod k\u0105tem DTL)<\/li>\n<li data-path-to-node=\"96,6,0\"><b data-path-to-node=\"96,6,0\" data-index-in-node=\"0\">Nikotyna:<\/b> 0,5% (5 mg\/ml) Styl shishy o niskiej zawarto\u015bci nikotyny<\/li>\n<li data-path-to-node=\"96,7,0\"><b data-path-to-node=\"96,7,0\" data-index-in-node=\"0\">Wysy\u0142ka:<\/b> Magazyn europejski (1-3 dni)<\/li>\n<\/ul>\n<h3 data-path-to-node=\"97\">Dla kogo przeznaczony jest Al Fakher 15000 Ice Adjust?<\/h3>\n<ul>\n<li data-path-to-node=\"98,0,0\"><b data-path-to-node=\"98,0,0\" data-index-in-node=\"0\">Maniak kontroli:<\/b> Je\u015bli chcesz dok\u0142adnie decydowa\u0107 o tym, jak zimny jest tw\u00f3j waporyzator przy ka\u017cdym zaci\u0105gni\u0119ciu, to <b data-path-to-node=\"98,0,0\" data-index-in-node=\"91\">Regulacja lodu<\/b> Funkcja jest Twoim nowym najlepszym przyjacielem.<\/li>\n<li data-path-to-node=\"98,1,0\"><b data-path-to-node=\"98,1,0\" data-index-in-node=\"0\">The Cloud Artist:<\/b> Ci, kt\u00f3rzy lubi\u0105 g\u0119ste, aromatyczne chmury waporyzacji DTL (Direct-to-Lung) przy g\u0142adkiej nikotynie 0,5%.<\/li>\n<li data-path-to-node=\"98,2,0\"><b data-path-to-node=\"98,2,0\" data-index-in-node=\"0\">Ekspert ds. wydajno\u015bci:<\/b> Vaperzy, kt\u00f3rzy chc\u0105 ogromnej liczby 15 000 zaci\u0105gni\u0119\u0107, kt\u00f3ra pozostaje sp\u00f3jna dzi\u0119ki podw\u00f3jnej cewce siatkowej.<\/li>\n<\/ul>\n<h3 data-path-to-node=\"147\"><b data-path-to-node=\"147\" data-index-in-node=\"0\">Oto dalsze zalecenia dla Ciebie:<\/b><\/h3>\n<p data-path-to-node=\"148\">Odkryj jeszcze wi\u0119cej niesamowitych smak\u00f3w dzi\u0119ki Al Fakher 15000 Ice Adjust<b data-path-to-node=\"148\" data-index-in-node=\"47\">\u00a0Puffs Vape<\/b>!<\/p>\n<p data-path-to-node=\"149\"><a class=\"ng-star-inserted\" href=\"https:\/\/vozolvapen.de\/pl\/product-category\/al-fakher\/al-fakher-15000-puffs-ice-adjust\/\" target=\"_blank\" rel=\"noopener\" data-hveid=\"0\" data-ved=\"0CAAQ_4QMahgKEwirptGFztCRAxUAAAAAHQAAAAAQqgI\">Zobacz wszystkie odmiany tutaj \u2192<\/a><\/p>\n<p data-path-to-node=\"150\">Zapoznaj si\u0119 z nasz\u0105 pe\u0142n\u0105 kolekcj\u0105 i kupuj produkty najlepszych marek vape, kt\u00f3re pokochasz.<\/p>\n<p data-path-to-node=\"151\"><a class=\"ng-star-inserted\" href=\"https:\/\/vozolvapen.de\/pl\/\" target=\"_blank\" rel=\"noopener\" data-hveid=\"0\" data-ved=\"0CAAQ_4QMahgKEwirptGFztCRAxUAAAAAHQAAAAAQqwI\">Przegl\u0105daj teraz wszystkie marki \u2192<\/a><\/p>\n<p data-path-to-node=\"152\">Sprawd\u017a ca\u0142o\u015b\u0107\u00a0<strong>Seria AL Fakher<\/strong>\u00a0- ka\u017cdy smak, ka\u017cdy styl!<\/p>\n<p data-path-to-node=\"153\"><a class=\"ng-star-inserted\" href=\"https:\/\/vozolvapen.de\/pl\/product-category\/al-fakher\/\" target=\"_blank\" rel=\"noopener\" data-hveid=\"0\" data-ved=\"0CAAQ_4QMahgKEwirptGFztCRAxUAAAAAHQAAAAAQrAI\">Zobacz pe\u0142n\u0105 kolekcj\u0119 Bang Vape \u2192<\/a><\/p>\n<h2 data-path-to-node=\"106\">Cz\u0119sto zadawane pytania (FAQ) - Al Fakher 15000 Ice Adjust<\/h2>\n<h3 data-path-to-node=\"107\"><b data-path-to-node=\"107\" data-index-in-node=\"0\">1. Jak d\u0142ugo faktycznie wytrzyma Al Fakher 15k?<\/b><\/h3>\n<p data-path-to-node=\"107\"><span class=\"citation-23\">The <\/span><b data-path-to-node=\"107\" data-index-in-node=\"57\"><span class=\"citation-23\">Al Fakher 15000<\/span><\/b><span class=\"citation-23 citation-end-23\"> jest zbudowany z my\u015bl\u0105 o ekstremalnej trwa\u0142o\u015bci.<\/span> Z <b data-path-to-node=\"107\" data-index-in-node=\"110\">22 ml<\/b> p\u0142ynu, wi\u0119kszo\u015b\u0107 codziennych u\u017cytkownik\u00f3w otrzyma <b data-path-to-node=\"107\" data-index-in-node=\"152\">3 do 4 tygodni<\/b> wysokiej jako\u015bci pary. Inteligentny ekran poinformuje Ci\u0119 dok\u0142adnie, kiedy poziom e-liquidu si\u0119 wyczerpie.<\/p>\n<h3 data-path-to-node=\"108\"><b data-path-to-node=\"108\" data-index-in-node=\"0\">2. Jak dzia\u0142a funkcja \u201cIce Adjust\u201d?<\/b><\/h3>\n<p data-path-to-node=\"108\">Na urz\u0105dzeniu znajduje si\u0119 mechaniczny suwak. Przesuwaj\u0105c go, kontrolujesz przep\u0142yw powietrza i intensywno\u015b\u0107 czynnika ch\u0142odz\u0105cego. <b data-path-to-node=\"108\" data-index-in-node=\"165\">Ustawienie 0<\/b> zapewnia czysty, ciep\u0142y smak; <b data-path-to-node=\"108\" data-index-in-node=\"203\">Ustawienie 5<\/b> zapewnia intensywny, arktyczny mr\u00f3z.<\/p>\n<h3 data-path-to-node=\"109\"><b data-path-to-node=\"109\" data-index-in-node=\"0\">3. Czy ten produkt jest autentyczny?<\/b><\/h3>\n<p data-path-to-node=\"109\">Tak. Dostarczamy tylko oryginalne 100% <b data-path-to-node=\"109\" data-index-in-node=\"63\">Al Fakher Vape<\/b> bezpo\u015brednio od oficjalnego producenta. Ka\u017cde urz\u0105dzenie zawiera weryfikowalny kod bezpiecze\u0144stwa.<\/p>\n<h3 data-path-to-node=\"110\"><b data-path-to-node=\"110\" data-index-in-node=\"0\">4. Jak szybka jest wysy\u0142ka do Europy?<\/b><\/h3>\n<p data-path-to-node=\"110\">Wysy\u0142amy z naszego <b data-path-to-node=\"110\" data-index-in-node=\"56\">Magazyn europejski<\/b>.<\/p>\n<ul data-path-to-node=\"111\">\n<li>\n<p data-path-to-node=\"111,0,0\"><b data-path-to-node=\"111,0,0\" data-index-in-node=\"0\">Niemcy:<\/b> 1-2 dni robocze.<\/p>\n<\/li>\n<li>\n<p data-path-to-node=\"111,1,0\"><b data-path-to-node=\"111,1,0\" data-index-in-node=\"0\">Reszta UE:<\/b> 2-3 dni robocze. Brak op\u0142at celnych i op\u00f3\u017anie\u0144.<\/p>\n<\/li>\n<\/ul>\n<h3 data-path-to-node=\"112\"><b data-path-to-node=\"112\" data-index-in-node=\"0\">5. Dlaczego jest to tylko 0,5% nikotyny?<\/b><\/h3>\n<p data-path-to-node=\"112\"><span class=\"citation-22\">The <\/span><b data-path-to-node=\"112\" data-index-in-node=\"37\"><span class=\"citation-22\">Al Fakher 15000<\/span><\/b><span class=\"citation-22\"> jest przeznaczony dla <\/span><b data-path-to-node=\"112\" data-index-in-node=\"69\"><span class=\"citation-22\">Waporyzacja w stylu sziszy<\/span><\/b><span class=\"citation-22 citation-end-22\">.<\/span> Ni\u017csza zawarto\u015b\u0107 nikotyny (5 mg \/ ml) pozwala na uzyskanie znacznie wi\u0119kszych, g\u0142adszych chmur i lepszych dozna\u0144 smakowych bez ostrego uderzenia w gard\u0142o soli o wysokiej zawarto\u015bci nikotyny.<\/p>","protected":false},"excerpt":{"rendered":"<p>Aksamitny luksus owoc\u00f3w pestkowych. S\u0142odki nektar brzoskwiniowy \u0142\u0105czy si\u0119 z chrupi\u0105c\u0105 lodow\u0105 warstw\u0105. Idealny dla waper\u00f3w, kt\u00f3rzy chc\u0105 g\u0142adkiego uderzenia nikotyny w gard\u0142o 0,5%.<\/p>","protected":false},"featured_media":41263,"comment_status":"open","ping_status":"closed","template":"","meta":{"_acf_changed":false},"product_brand":[],"product_cat":[93,134],"product_tag":[],"class_list":{"0":"post-40686","1":"product","2":"type-product","3":"status-publish","4":"has-post-thumbnail","6":"product_cat-al-fakher-15000-puffs-ice-adjust","7":"product_cat-eu-warehouse-in-stock","9":"first","10":"instock","11":"shipping-taxable","12":"purchasable","13":"product-type-variable"},"acf":[],"yoast_head":"<!-- This site is optimized with the Yoast SEO Premium plugin v26.1 (Yoast SEO v27.5) - https:\/\/yoast.com\/product\/yoast-seo-premium-wordpress\/ -->\n<title>Peach Ice - AL Fakher 15000 Ice Adjust - vozolvapen<\/title>\n<meta name=\"description\" content=\"Smooth Peach Ice AL Fakher 15000 Ice Adjust. 22mL juice and 850mAh battery. Order for fast 48-hour European shipping.\" \/>\n<meta name=\"robots\" content=\"index, follow, max-snippet:-1, max-image-preview:large, max-video-preview:-1\" \/>\n<link rel=\"canonical\" href=\"https:\/\/vozolvapen.de\/pl\/product\/al-fakher-15000-ice-adjust-peach-ice\/\" \/>\n<meta property=\"og:locale\" content=\"pl_PL\" \/>\n<meta property=\"og:type\" content=\"article\" \/>\n<meta property=\"og:title\" content=\"Al Fakher 15000 Ice Adjust - Peach Ice\" \/>\n<meta property=\"og:description\" content=\"Smooth Peach Ice AL Fakher 15000 Ice Adjust. 22mL juice and 850mAh battery. Order for fast 48-hour European shipping.\" \/>\n<meta property=\"og:url\" content=\"https:\/\/vozolvapen.de\/pl\/product\/al-fakher-15000-ice-adjust-peach-ice\/\" \/>\n<meta property=\"og:site_name\" content=\"vozolvapen\" \/>\n<meta property=\"article:modified_time\" content=\"2026-02-10T11:01:47+00:00\" \/>\n<meta property=\"og:image\" content=\"https:\/\/vozolvapen.de\/wp-content\/uploads\/2025\/12\/Al-Fakher-15000-Ice-Adjust-PEACH-ICE.webp\" \/>\n\t<meta property=\"og:image:width\" content=\"760\" \/>\n\t<meta property=\"og:image:height\" content=\"1200\" \/>\n\t<meta property=\"og:image:type\" content=\"image\/webp\" \/>\n<meta name=\"twitter:card\" content=\"summary_large_image\" \/>\n<meta name=\"twitter:label1\" content=\"Szacowany czas czytania\" \/>\n\t<meta name=\"twitter:data1\" content=\"3 minuty\" \/>\n<script type=\"application\/ld+json\" class=\"yoast-schema-graph\">{\"@context\":\"https:\\\/\\\/schema.org\",\"@graph\":[{\"@type\":\"WebPage\",\"@id\":\"https:\\\/\\\/vozolvapen.de\\\/product\\\/al-fakher-15000-ice-adjust-peach-ice\\\/\",\"url\":\"https:\\\/\\\/vozolvapen.de\\\/product\\\/al-fakher-15000-ice-adjust-peach-ice\\\/\",\"name\":\"Peach Ice - AL Fakher 15000 Ice Adjust - vozolvapen\",\"isPartOf\":{\"@id\":\"https:\\\/\\\/vozolvapen.de\\\/#website\"},\"primaryImageOfPage\":{\"@id\":\"https:\\\/\\\/vozolvapen.de\\\/product\\\/al-fakher-15000-ice-adjust-peach-ice\\\/#primaryimage\"},\"image\":{\"@id\":\"https:\\\/\\\/vozolvapen.de\\\/product\\\/al-fakher-15000-ice-adjust-peach-ice\\\/#primaryimage\"},\"thumbnailUrl\":\"https:\\\/\\\/vozolvapen.de\\\/wp-content\\\/uploads\\\/2025\\\/12\\\/Al-Fakher-15000-Ice-Adjust-PEACH-ICE.webp\",\"datePublished\":\"2025-12-22T09:29:49+00:00\",\"dateModified\":\"2026-02-10T11:01:47+00:00\",\"description\":\"Smooth Peach Ice AL Fakher 15000 Ice Adjust. 22mL juice and 850mAh battery. Order for fast 48-hour European shipping.\",\"breadcrumb\":{\"@id\":\"https:\\\/\\\/vozolvapen.de\\\/product\\\/al-fakher-15000-ice-adjust-peach-ice\\\/#breadcrumb\"},\"inLanguage\":\"pl-PL\",\"potentialAction\":[{\"@type\":\"ReadAction\",\"target\":[\"https:\\\/\\\/vozolvapen.de\\\/product\\\/al-fakher-15000-ice-adjust-peach-ice\\\/\"]}]},{\"@type\":\"ImageObject\",\"inLanguage\":\"pl-PL\",\"@id\":\"https:\\\/\\\/vozolvapen.de\\\/product\\\/al-fakher-15000-ice-adjust-peach-ice\\\/#primaryimage\",\"url\":\"https:\\\/\\\/vozolvapen.de\\\/wp-content\\\/uploads\\\/2025\\\/12\\\/Al-Fakher-15000-Ice-Adjust-PEACH-ICE.webp\",\"contentUrl\":\"https:\\\/\\\/vozolvapen.de\\\/wp-content\\\/uploads\\\/2025\\\/12\\\/Al-Fakher-15000-Ice-Adjust-PEACH-ICE.webp\",\"width\":760,\"height\":1200,\"caption\":\"Al Fakher 15000 Ice Adjust - PEACH ICE\"},{\"@type\":\"BreadcrumbList\",\"@id\":\"https:\\\/\\\/vozolvapen.de\\\/product\\\/al-fakher-15000-ice-adjust-peach-ice\\\/#breadcrumb\",\"itemListElement\":[{\"@type\":\"ListItem\",\"position\":1,\"name\":\"Home\",\"item\":\"https:\\\/\\\/vozolvapen.de\\\/de\\\/\"},{\"@type\":\"ListItem\",\"position\":2,\"name\":\"Shop\",\"item\":\"https:\\\/\\\/vozolvapen.de\\\/shop\\\/\"},{\"@type\":\"ListItem\",\"position\":3,\"name\":\"Al Fakher 15000 Ice Adjust &#8211; Peach Ice\"}]},{\"@type\":\"WebSite\",\"@id\":\"https:\\\/\\\/vozolvapen.de\\\/#website\",\"url\":\"https:\\\/\\\/vozolvapen.de\\\/\",\"name\":\"vozolvapen\",\"description\":\"vozolvapen\",\"publisher\":{\"@id\":\"https:\\\/\\\/vozolvapen.de\\\/#organization\"},\"potentialAction\":[{\"@type\":\"SearchAction\",\"target\":{\"@type\":\"EntryPoint\",\"urlTemplate\":\"https:\\\/\\\/vozolvapen.de\\\/?s={search_term_string}\"},\"query-input\":{\"@type\":\"PropertyValueSpecification\",\"valueRequired\":true,\"valueName\":\"search_term_string\"}}],\"inLanguage\":\"pl-PL\"},{\"@type\":\"Organization\",\"@id\":\"https:\\\/\\\/vozolvapen.de\\\/#organization\",\"name\":\"vozolvapen\",\"url\":\"https:\\\/\\\/vozolvapen.de\\\/\",\"logo\":{\"@type\":\"ImageObject\",\"inLanguage\":\"pl-PL\",\"@id\":\"https:\\\/\\\/vozolvapen.de\\\/#\\\/schema\\\/logo\\\/image\\\/\",\"url\":\"https:\\\/\\\/vozolvapen.de\\\/wp-content\\\/uploads\\\/2025\\\/12\\\/cropped-vozovapen-logo.webp\",\"contentUrl\":\"https:\\\/\\\/vozolvapen.de\\\/wp-content\\\/uploads\\\/2025\\\/12\\\/cropped-vozovapen-logo.webp\",\"width\":470,\"height\":110,\"caption\":\"vozolvapen\"},\"image\":{\"@id\":\"https:\\\/\\\/vozolvapen.de\\\/#\\\/schema\\\/logo\\\/image\\\/\"}}]}<\/script>\n<!-- \/ Yoast SEO Premium plugin. -->","yoast_head_json":{"title":"Peach Ice - AL Fakher 15000 Ice Adjust - vozolvapen","description":"Smooth Peach Ice AL Fakher 15000 Ice Adjust. 22 ml soku i bateria 850 mAh. Zam\u00f3w z szybk\u0105, 48-godzinn\u0105 wysy\u0142k\u0105 na terenie Europy.","robots":{"index":"index","follow":"follow","max-snippet":"max-snippet:-1","max-image-preview":"max-image-preview:large","max-video-preview":"max-video-preview:-1"},"canonical":"https:\/\/vozolvapen.de\/pl\/product\/al-fakher-15000-ice-adjust-peach-ice\/","og_locale":"pl_PL","og_type":"article","og_title":"Al Fakher 15000 Ice Adjust - Peach Ice","og_description":"Smooth Peach Ice AL Fakher 15000 Ice Adjust. 22mL juice and 850mAh battery. Order for fast 48-hour European shipping.","og_url":"https:\/\/vozolvapen.de\/pl\/product\/al-fakher-15000-ice-adjust-peach-ice\/","og_site_name":"vozolvapen","article_modified_time":"2026-02-10T11:01:47+00:00","og_image":[{"width":760,"height":1200,"url":"https:\/\/vozolvapen.de\/wp-content\/uploads\/2025\/12\/Al-Fakher-15000-Ice-Adjust-PEACH-ICE.webp","type":"image\/webp"}],"twitter_card":"summary_large_image","twitter_misc":{"Szacowany czas czytania":"3 minuty"},"schema":{"@context":"https:\/\/schema.org","@graph":[{"@type":"WebPage","@id":"https:\/\/vozolvapen.de\/product\/al-fakher-15000-ice-adjust-peach-ice\/","url":"https:\/\/vozolvapen.de\/product\/al-fakher-15000-ice-adjust-peach-ice\/","name":"Peach Ice - AL Fakher 15000 Ice Adjust - vozolvapen","isPartOf":{"@id":"https:\/\/vozolvapen.de\/#website"},"primaryImageOfPage":{"@id":"https:\/\/vozolvapen.de\/product\/al-fakher-15000-ice-adjust-peach-ice\/#primaryimage"},"image":{"@id":"https:\/\/vozolvapen.de\/product\/al-fakher-15000-ice-adjust-peach-ice\/#primaryimage"},"thumbnailUrl":"https:\/\/vozolvapen.de\/wp-content\/uploads\/2025\/12\/Al-Fakher-15000-Ice-Adjust-PEACH-ICE.webp","datePublished":"2025-12-22T09:29:49+00:00","dateModified":"2026-02-10T11:01:47+00:00","description":"Smooth Peach Ice AL Fakher 15000 Ice Adjust. 22 ml soku i bateria 850 mAh. Zam\u00f3w z szybk\u0105, 48-godzinn\u0105 wysy\u0142k\u0105 na terenie Europy.","breadcrumb":{"@id":"https:\/\/vozolvapen.de\/product\/al-fakher-15000-ice-adjust-peach-ice\/#breadcrumb"},"inLanguage":"pl-PL","potentialAction":[{"@type":"ReadAction","target":["https:\/\/vozolvapen.de\/product\/al-fakher-15000-ice-adjust-peach-ice\/"]}]},{"@type":"ImageObject","inLanguage":"pl-PL","@id":"https:\/\/vozolvapen.de\/product\/al-fakher-15000-ice-adjust-peach-ice\/#primaryimage","url":"https:\/\/vozolvapen.de\/wp-content\/uploads\/2025\/12\/Al-Fakher-15000-Ice-Adjust-PEACH-ICE.webp","contentUrl":"https:\/\/vozolvapen.de\/wp-content\/uploads\/2025\/12\/Al-Fakher-15000-Ice-Adjust-PEACH-ICE.webp","width":760,"height":1200,"caption":"Al Fakher 15000 Ice Adjust - PEACH ICE"},{"@type":"BreadcrumbList","@id":"https:\/\/vozolvapen.de\/product\/al-fakher-15000-ice-adjust-peach-ice\/#breadcrumb","itemListElement":[{"@type":"ListItem","position":1,"name":"Home","item":"https:\/\/vozolvapen.de\/de\/"},{"@type":"ListItem","position":2,"name":"Shop","item":"https:\/\/vozolvapen.de\/shop\/"},{"@type":"ListItem","position":3,"name":"Al Fakher 15000 Ice Adjust &#8211; Peach Ice"}]},{"@type":"WebSite","@id":"https:\/\/vozolvapen.de\/#website","url":"https:\/\/vozolvapen.de\/","name":"vozolvapen","description":"vozolvapen","publisher":{"@id":"https:\/\/vozolvapen.de\/#organization"},"potentialAction":[{"@type":"SearchAction","target":{"@type":"EntryPoint","urlTemplate":"https:\/\/vozolvapen.de\/?s={search_term_string}"},"query-input":{"@type":"PropertyValueSpecification","valueRequired":true,"valueName":"search_term_string"}}],"inLanguage":"pl-PL"},{"@type":"Organization","@id":"https:\/\/vozolvapen.de\/#organization","name":"vozolvapen","url":"https:\/\/vozolvapen.de\/","logo":{"@type":"ImageObject","inLanguage":"pl-PL","@id":"https:\/\/vozolvapen.de\/#\/schema\/logo\/image\/","url":"https:\/\/vozolvapen.de\/wp-content\/uploads\/2025\/12\/cropped-vozovapen-logo.webp","contentUrl":"https:\/\/vozolvapen.de\/wp-content\/uploads\/2025\/12\/cropped-vozovapen-logo.webp","width":470,"height":110,"caption":"vozolvapen"},"image":{"@id":"https:\/\/vozolvapen.de\/#\/schema\/logo\/image\/"}}]}},"tiered_pricing_type":"fixed","tiered_pricing_fixed_rules":{"30":"13.5","50":"11","100":"10.5","200":"9.5"},"tiered_pricing_product_settings":{"layout":"default","base_unit_name":{"singular":null,"plural":null},"default_variation":{}},"tiered_pricing_minimum_quantity":10,"tiered_pricing_roles_data":[],"tiered_pricing_percentage_rules":[],"tiered_pricing_maximum_quantity":null,"tiered_pricing_quantity_step":"10","_links":{"self":[{"href":"https:\/\/vozolvapen.de\/pl\/wp-json\/wp\/v2\/product\/40686","targetHints":{"allow":["GET"]}}],"collection":[{"href":"https:\/\/vozolvapen.de\/pl\/wp-json\/wp\/v2\/product"}],"about":[{"href":"https:\/\/vozolvapen.de\/pl\/wp-json\/wp\/v2\/types\/product"}],"replies":[{"embeddable":true,"href":"https:\/\/vozolvapen.de\/pl\/wp-json\/wp\/v2\/comments?post=40686"}],"wp:featuredmedia":[{"embeddable":true,"href":"https:\/\/vozolvapen.de\/pl\/wp-json\/wp\/v2\/media\/41263"}],"wp:attachment":[{"href":"https:\/\/vozolvapen.de\/pl\/wp-json\/wp\/v2\/media?parent=40686"}],"wp:term":[{"taxonomy":"product_brand","embeddable":true,"href":"https:\/\/vozolvapen.de\/pl\/wp-json\/wp\/v2\/product_brand?post=40686"},{"taxonomy":"product_cat","embeddable":true,"href":"https:\/\/vozolvapen.de\/pl\/wp-json\/wp\/v2\/product_cat?post=40686"},{"taxonomy":"product_tag","embeddable":true,"href":"https:\/\/vozolvapen.de\/pl\/wp-json\/wp\/v2\/product_tag?post=40686"}],"curies":[{"name":"wp","href":"https:\/\/api.w.org\/{rel}","templated":true}]}}