{"id":42370,"date":"2025-12-23T03:32:32","date_gmt":"2025-12-23T03:32:32","guid":{"rendered":"https:\/\/vozolvapen.de\/?post_type=product&#038;p=42370"},"modified":"2026-02-10T11:00:48","modified_gmt":"2026-02-10T11:00:48","slug":"jnr-falcon-16000-juicy-peaches","status":"publish","type":"product","link":"https:\/\/vozolvapen.de\/pl\/product\/jnr-falcon-16000-juicy-peaches\/","title":{"rendered":"JNR Falcon 16000 - Soczyste brzoskwinie"},"content":{"rendered":"<h1 data-path-to-node=\"79\">JNR Falcon 16000 - Soczyste brzoskwinie<\/h1>\n<p data-path-to-node=\"80\"><b data-path-to-node=\"80\" data-index-in-node=\"0\">Proste, kwiatowe i dojrza\u0142e w s\u0142o\u0144cu.<\/b> JNR Falcon 16000 Juicy Peaches to czysta reprezentacja mi\u0119kkiego nektaru brzoskwiniowego. Jest lekki, elegancki i niesamowicie aromatyczny.<\/p>\n<h2 data-path-to-node=\"81\"><b data-path-to-node=\"81\" data-index-in-node=\"0\">Ocena smaku - soczyste brzoskwinie<\/b><\/h2>\n<ul data-path-to-node=\"82\">\n<li>\n<p data-path-to-node=\"82,0,0\"><b data-path-to-node=\"82,0,0\" data-index-in-node=\"0\">S\u0142odycz:<\/b> \u2605\u2605\u2605\u2605\u2606<\/p>\n<\/li>\n<li>\n<p data-path-to-node=\"82,1,0\"><b data-path-to-node=\"82,1,0\" data-index-in-node=\"0\">Poziom lodu:<\/b> \u2605\u2605\u2606\u2606\u2606<\/p>\n<\/li>\n<li>\n<p data-path-to-node=\"82,2,0\"><b data-path-to-node=\"82,2,0\" data-index-in-node=\"0\">Aromat:<\/b> \u2605\u2605\u2605\u2605\u2605<\/p>\n<\/li>\n<li>\n<p data-path-to-node=\"82,3,0\"><b data-path-to-node=\"82,3,0\" data-index-in-node=\"0\">Werdykt smakowy:<\/b> Mi\u0119kkie i aksamitne. Korzystanie z <b data-path-to-node=\"82,3,0\" data-index-in-node=\"44\">Regulowany przep\u0142yw powietrza<\/b> na cia\u015bniejszych ustawieniach sprawia wra\u017cenie ciep\u0142ej, dojrza\u0142ej brzoskwini zerwanej prosto z drzewa.<\/p>\n<\/li>\n<\/ul>\n<h2 data-path-to-node=\"83\"><b data-path-to-node=\"83\" data-index-in-node=\"0\">Dla kogo to jest?<\/b><\/h2>\n<ul data-path-to-node=\"84\">\n<li>\n<p data-path-to-node=\"84,0,0\"><b data-path-to-node=\"84,0,0\" data-index-in-node=\"0\">Mi\u0142o\u015bnicy brzoskwi\u0144:<\/b> Czyste, niezmieszane owocowe do\u015bwiadczenie.<\/p>\n<\/li>\n<li>\n<p data-path-to-node=\"84,1,0\"><b data-path-to-node=\"84,1,0\" data-index-in-node=\"0\">The Smooth Vaper:<\/b> Bardzo niska dra\u017cliwo\u015b\u0107, wysoka satysfakcja smakowa.<\/p>\n<\/li>\n<\/ul>\n<h3 data-path-to-node=\"107\">Specyfikacja (wszystkie modele JNR Falcon 16000)<\/h3>\n<ul>\n<li data-path-to-node=\"108,0,0\"><b data-path-to-node=\"108,0,0\" data-index-in-node=\"0\">Pojemno\u015b\u0107:<\/b> 22 ml wst\u0119pnie nape\u0142nionego e-liquidu<\/li>\n<li data-path-to-node=\"108,1,0\"><b data-path-to-node=\"108,1,0\" data-index-in-node=\"0\">Puffy:<\/b> Do 16 000 zaci\u0105gni\u0119\u0107<\/li>\n<li data-path-to-node=\"108,2,0\"><b data-path-to-node=\"108,2,0\" data-index-in-node=\"0\">Bateria:<\/b> 850 mAh (akumulator)<\/li>\n<li data-path-to-node=\"108,3,0\"><b data-path-to-node=\"108,3,0\" data-index-in-node=\"0\">\u0141adowanie:<\/b> <b data-path-to-node=\"108,3,0\" data-index-in-node=\"10\">System podw\u00f3jnego portu<\/b> (Type-C i Lighting Quick Charge)<\/li>\n<li data-path-to-node=\"108,4,0\"><b data-path-to-node=\"108,4,0\" data-index-in-node=\"0\">Cewka:<\/b> Cewka siatkowa 1,0\u03a9 (technologia podw\u00f3jnej siatki)<\/li>\n<li data-path-to-node=\"108,5,0\"><b data-path-to-node=\"108,5,0\" data-index-in-node=\"0\">Przep\u0142yw powietrza:<\/b> Regulowany prze\u0142\u0105cznik przep\u0142ywu powietrza (na dole)<\/li>\n<li data-path-to-node=\"108,6,0\"><b data-path-to-node=\"108,6,0\" data-index-in-node=\"0\">Nikotyna:<\/b> 2% \/ 5% (20 mg \/ 50 mg)<\/li>\n<li data-path-to-node=\"108,7,0\"><b data-path-to-node=\"108,7,0\" data-index-in-node=\"0\">Wysy\u0142ka:<\/b> Magazyn europejski (1-3 dni)<\/li>\n<\/ul>\n<h3 data-path-to-node=\"109\">Dla kogo przeznaczony jest JNR Falcon 16000?<\/h3>\n<ul>\n<li data-path-to-node=\"110,0,0\"><b data-path-to-node=\"110,0,0\" data-index-in-node=\"0\">Podw\u00f3jny u\u017cytkownik:<\/b> Je\u015bli posiadasz iPhone'a i MacBooka, mo\u017cesz \u0142adowa\u0107 te urz\u0105dzenia za pomoc\u0105 <b data-path-to-node=\"110,0,0\" data-index-in-node=\"83\">dowolny<\/b> Kabel masz - koniec z szukaniem Type-C.<\/li>\n<li data-path-to-node=\"110,1,0\"><b data-path-to-node=\"110,1,0\" data-index-in-node=\"0\">Customizer:<\/b> U\u017cyj <b data-path-to-node=\"110,1,0\" data-index-in-node=\"24\">Regulowany przep\u0142yw powietrza<\/b> aby przej\u015b\u0107 od ciasnego, papierosowego uderzenia do du\u017cych, przewiewnych chmur.<\/li>\n<li data-path-to-node=\"110,2,0\"><b data-path-to-node=\"110,2,0\" data-index-in-node=\"0\">\u0141owca warto\u015bci:<\/b> Dzi\u0119ki 22 ml p\u0142ynu i 16 000 zaci\u0105gni\u0119\u0107, urz\u0105dzenie to oferuje jedne z najni\u017cszych \u201ckoszt\u00f3w za zaci\u0105gni\u0119cie\u201d w Europie.<\/li>\n<\/ul>\n<h2 data-path-to-node=\"119\">Cz\u0119sto zadawane pytania (FAQ) - JNR Falcon 16000<\/h2>\n<h3 data-path-to-node=\"120\"><b data-path-to-node=\"120\" data-index-in-node=\"0\">1. Co sprawia, \u017ce \u0142adowarka JNR Falcon 16000 jest wyj\u0105tkowa?<\/b><\/h3>\n<p data-path-to-node=\"120\"><span class=\"citation-39\">The <\/span><b data-path-to-node=\"120\" data-index-in-node=\"56\"><span class=\"citation-39\">JNR Falcon 16000<\/span><\/b><span class=\"citation-39\"> jest jednym z niewielu waporyzator\u00f3w na \u015bwiecie, kt\u00f3ry posiada <\/span><b data-path-to-node=\"120\" data-index-in-node=\"121\"><span class=\"citation-39\">Podw\u00f3jne porty \u0142adowania<\/span><\/b><span class=\"citation-39 citation-end-39\">.<\/span> Posiada port typu C ORAZ port Lighting (w stylu iPhone'a). Mo\u017cesz u\u017cy\u0107 dowolnego kabla, kt\u00f3ry ju\u017c masz!<\/p>\n<h3 data-path-to-node=\"121\"><b data-path-to-node=\"121\" data-index-in-node=\"0\">2. Na jak d\u0142ugo wystarczy 16 000 zaci\u0105gni\u0119\u0107?<\/b><\/h3>\n<p data-path-to-node=\"121\"><span class=\"citation-38\">The <\/span><b data-path-to-node=\"121\" data-index-in-node=\"49\"><span class=\"citation-38\">JNR puff 16k<\/span><\/b><span class=\"citation-38 citation-end-38\"> jest zbudowany z my\u015bl\u0105 o ekstremalnej trwa\u0142o\u015bci.<\/span> W przypadku umiarkowanego wapera urz\u0105dzenie to mo\u017ce z \u0142atwo\u015bci\u0105 wytrzyma\u0107 od 3 do 4 tygodni. Nawet w przypadku intensywnych u\u017cytkownik\u00f3w, zbiornik o pojemno\u015bci 22 ml zapewnia ogromny zapas, kt\u00f3ry przewy\u017csza standardowe jednoraz\u00f3wki.<\/p>\n<h3 data-path-to-node=\"122\"><b data-path-to-node=\"122\" data-index-in-node=\"0\">3. Czy przep\u0142yw powietrza jest regulowany?<\/b><\/h3>\n<p data-path-to-node=\"122\">Tak. Na podstawie urz\u0105dzenia znajduje si\u0119 prze\u0142\u0105cznik. Przesu\u0144 go do pozycji \u201cZamknij\u201d, aby ograniczy\u0107 wci\u0105ganie z ust do p\u0142uc (MTL) lub \u201cOtw\u00f3rz\u201d, aby uzyska\u0107 wi\u0119ksze, bardziej przewiewne doznania w chmurze.<\/p>\n<h3 data-path-to-node=\"123\"><b data-path-to-node=\"123\" data-index-in-node=\"0\">4. Czy ten produkt jest autentyczny?<\/b><\/h3>\n<p data-path-to-node=\"123\">Tak. Oferujemy wy\u0142\u0105cznie oryginalne produkty JNR Vape 100%. Ka\u017cde urz\u0105dzenie zawiera kod zdrapki zabezpieczaj\u0105cej, aby zweryfikowa\u0107 jego autentyczno\u015b\u0107 na oficjalnej stronie internetowej JNR.<\/p>\n<h3 data-path-to-node=\"124\"><b data-path-to-node=\"124\" data-index-in-node=\"0\">5. Jak szybka jest wysy\u0142ka do Europy?<\/b><\/h3>\n<p data-path-to-node=\"124\">Wysy\u0142amy bezpo\u015brednio z naszego <b data-path-to-node=\"124\" data-index-in-node=\"65\">Magazyn europejski<\/b>.<\/p>\n<ul data-path-to-node=\"125\">\n<li>\n<p data-path-to-node=\"125,0,0\"><b data-path-to-node=\"125,0,0\" data-index-in-node=\"0\">Niemcy:<\/b> 1-2 dni robocze.<\/p>\n<\/li>\n<li>\n<p data-path-to-node=\"125,1,0\"><b data-path-to-node=\"125,1,0\" data-index-in-node=\"0\">Inne kraje UE:<\/b> 2-3 dni robocze. Dostawa wolna od podatku i c\u0142a.<\/p>\n<\/li>\n<\/ul>\n<p data-path-to-node=\"126\"><b data-path-to-node=\"126\" data-index-in-node=\"0\">6. Dlaczego warto u\u017cywa\u0107 cewki siatkowej 1,0\u03a9?<\/b><\/p>\n<p data-path-to-node=\"126\">Op\u00f3r 1,0\u03a9 to \u201cs\u0142odki punkt\u201d dla smaku. Zapewnia wystarczaj\u0105c\u0105 ilo\u015b\u0107 ciep\u0142a, aby idealnie odparowa\u0107 22 ml p\u0142ynu, nie b\u0119d\u0105c tak gor\u0105cym, \u017ce spala sok, zapewniaj\u0105c, \u017ce 16 000 zaci\u0105gni\u0119\u0107 smakuje tak dobrze, jak pierwsze.<\/p>","protected":false},"excerpt":{"rendered":"<p>Mi\u0119kki, aksamitny i kwiatowy. Ten smak oddaje czyst\u0105 esencj\u0119 nektaru brzoskwiniowego w eleganckim urz\u0105dzeniu z inteligentn\u0105 bateri\u0105 850 mAh.<\/p>","protected":false},"featured_media":42743,"comment_status":"open","ping_status":"closed","template":"","meta":{"_acf_changed":false},"product_brand":[],"product_cat":[134,60],"product_tag":[],"class_list":{"0":"post-42370","1":"product","2":"type-product","3":"status-publish","4":"has-post-thumbnail","6":"product_cat-eu-warehouse-in-stock","7":"product_cat-jnr-falcon-16000-puff-vape","9":"first","10":"instock","11":"shipping-taxable","12":"purchasable","13":"product-type-variable"},"acf":[],"yoast_head":"<!-- This site is optimized with the Yoast SEO Premium plugin v26.1 (Yoast SEO v27.5) - https:\/\/yoast.com\/product\/yoast-seo-premium-wordpress\/ -->\n<title>Juicy Peaches - JNR Falcon 16000 - vozolvapen<\/title>\n<meta name=\"description\" content=\"Pure Juicy Peaches JNR Falcon 16000. 16,000 puffs of floral peach nectar. Fast 48h shipping from our local EU warehouse.\" \/>\n<meta name=\"robots\" content=\"index, follow, max-snippet:-1, max-image-preview:large, max-video-preview:-1\" \/>\n<link rel=\"canonical\" href=\"https:\/\/vozolvapen.de\/pl\/product\/jnr-falcon-16000-juicy-peaches\/\" \/>\n<meta property=\"og:locale\" content=\"pl_PL\" \/>\n<meta property=\"og:type\" content=\"article\" \/>\n<meta property=\"og:title\" content=\"JNR Falcon 16000 - Juicy Peaches\" \/>\n<meta property=\"og:description\" content=\"Pure Juicy Peaches JNR Falcon 16000. 16,000 puffs of floral peach nectar. Fast 48h shipping from our local EU warehouse.\" \/>\n<meta property=\"og:url\" content=\"https:\/\/vozolvapen.de\/pl\/product\/jnr-falcon-16000-juicy-peaches\/\" \/>\n<meta property=\"og:site_name\" content=\"vozolvapen\" \/>\n<meta property=\"article:modified_time\" content=\"2026-02-10T11:00:48+00:00\" \/>\n<meta property=\"og:image\" content=\"https:\/\/vozolvapen.de\/wp-content\/uploads\/2025\/12\/JNR-FALON-16000-16K-Puffs-Disposable-Vape-Adjustable-Airflow-EU-Warehouse.webp\" \/>\n\t<meta property=\"og:image:width\" content=\"1080\" \/>\n\t<meta property=\"og:image:height\" content=\"1080\" \/>\n\t<meta property=\"og:image:type\" content=\"image\/webp\" \/>\n<meta name=\"twitter:card\" content=\"summary_large_image\" \/>\n<meta name=\"twitter:label1\" content=\"Szacowany czas czytania\" \/>\n\t<meta name=\"twitter:data1\" content=\"3 minuty\" \/>\n<script type=\"application\/ld+json\" class=\"yoast-schema-graph\">{\"@context\":\"https:\\\/\\\/schema.org\",\"@graph\":[{\"@type\":\"WebPage\",\"@id\":\"https:\\\/\\\/vozolvapen.de\\\/product\\\/jnr-falcon-16000-juicy-peaches\\\/\",\"url\":\"https:\\\/\\\/vozolvapen.de\\\/product\\\/jnr-falcon-16000-juicy-peaches\\\/\",\"name\":\"Juicy Peaches - JNR Falcon 16000 - vozolvapen\",\"isPartOf\":{\"@id\":\"https:\\\/\\\/vozolvapen.de\\\/#website\"},\"primaryImageOfPage\":{\"@id\":\"https:\\\/\\\/vozolvapen.de\\\/product\\\/jnr-falcon-16000-juicy-peaches\\\/#primaryimage\"},\"image\":{\"@id\":\"https:\\\/\\\/vozolvapen.de\\\/product\\\/jnr-falcon-16000-juicy-peaches\\\/#primaryimage\"},\"thumbnailUrl\":\"https:\\\/\\\/vozolvapen.de\\\/wp-content\\\/uploads\\\/2025\\\/12\\\/JNR-FALON-16000-16K-Puffs-Disposable-Vape-Adjustable-Airflow-EU-Warehouse.webp\",\"datePublished\":\"2025-12-23T03:32:32+00:00\",\"dateModified\":\"2026-02-10T11:00:48+00:00\",\"description\":\"Pure Juicy Peaches JNR Falcon 16000. 16,000 puffs of floral peach nectar. Fast 48h shipping from our local EU warehouse.\",\"breadcrumb\":{\"@id\":\"https:\\\/\\\/vozolvapen.de\\\/product\\\/jnr-falcon-16000-juicy-peaches\\\/#breadcrumb\"},\"inLanguage\":\"pl-PL\",\"potentialAction\":[{\"@type\":\"ReadAction\",\"target\":[\"https:\\\/\\\/vozolvapen.de\\\/product\\\/jnr-falcon-16000-juicy-peaches\\\/\"]}]},{\"@type\":\"ImageObject\",\"inLanguage\":\"pl-PL\",\"@id\":\"https:\\\/\\\/vozolvapen.de\\\/product\\\/jnr-falcon-16000-juicy-peaches\\\/#primaryimage\",\"url\":\"https:\\\/\\\/vozolvapen.de\\\/wp-content\\\/uploads\\\/2025\\\/12\\\/JNR-FALON-16000-16K-Puffs-Disposable-Vape-Adjustable-Airflow-EU-Warehouse.webp\",\"contentUrl\":\"https:\\\/\\\/vozolvapen.de\\\/wp-content\\\/uploads\\\/2025\\\/12\\\/JNR-FALON-16000-16K-Puffs-Disposable-Vape-Adjustable-Airflow-EU-Warehouse.webp\",\"width\":1080,\"height\":1080,\"caption\":\"JNR FALON 16000 16K Puffs Disposable Vape Adjustable Airflow EU Warehouse\"},{\"@type\":\"BreadcrumbList\",\"@id\":\"https:\\\/\\\/vozolvapen.de\\\/product\\\/jnr-falcon-16000-juicy-peaches\\\/#breadcrumb\",\"itemListElement\":[{\"@type\":\"ListItem\",\"position\":1,\"name\":\"Home\",\"item\":\"https:\\\/\\\/vozolvapen.de\\\/de\\\/\"},{\"@type\":\"ListItem\",\"position\":2,\"name\":\"Shop\",\"item\":\"https:\\\/\\\/vozolvapen.de\\\/shop\\\/\"},{\"@type\":\"ListItem\",\"position\":3,\"name\":\"JNR Falcon 16000 &#8211; Juicy Peaches\"}]},{\"@type\":\"WebSite\",\"@id\":\"https:\\\/\\\/vozolvapen.de\\\/#website\",\"url\":\"https:\\\/\\\/vozolvapen.de\\\/\",\"name\":\"vozolvapen\",\"description\":\"vozolvapen\",\"publisher\":{\"@id\":\"https:\\\/\\\/vozolvapen.de\\\/#organization\"},\"potentialAction\":[{\"@type\":\"SearchAction\",\"target\":{\"@type\":\"EntryPoint\",\"urlTemplate\":\"https:\\\/\\\/vozolvapen.de\\\/?s={search_term_string}\"},\"query-input\":{\"@type\":\"PropertyValueSpecification\",\"valueRequired\":true,\"valueName\":\"search_term_string\"}}],\"inLanguage\":\"pl-PL\"},{\"@type\":\"Organization\",\"@id\":\"https:\\\/\\\/vozolvapen.de\\\/#organization\",\"name\":\"vozolvapen\",\"url\":\"https:\\\/\\\/vozolvapen.de\\\/\",\"logo\":{\"@type\":\"ImageObject\",\"inLanguage\":\"pl-PL\",\"@id\":\"https:\\\/\\\/vozolvapen.de\\\/#\\\/schema\\\/logo\\\/image\\\/\",\"url\":\"https:\\\/\\\/vozolvapen.de\\\/wp-content\\\/uploads\\\/2025\\\/12\\\/cropped-vozovapen-logo.webp\",\"contentUrl\":\"https:\\\/\\\/vozolvapen.de\\\/wp-content\\\/uploads\\\/2025\\\/12\\\/cropped-vozovapen-logo.webp\",\"width\":470,\"height\":110,\"caption\":\"vozolvapen\"},\"image\":{\"@id\":\"https:\\\/\\\/vozolvapen.de\\\/#\\\/schema\\\/logo\\\/image\\\/\"}}]}<\/script>\n<!-- \/ Yoast SEO Premium plugin. -->","yoast_head_json":{"title":"Juicy Peaches - JNR Falcon 16000 - vozolvapen","description":"Pure Juicy Peaches JNR Falcon 16000. 16 000 zaci\u0105gni\u0119\u0107 kwiatowym nektarem brzoskwiniowym. Szybka wysy\u0142ka w ci\u0105gu 48 godzin z naszego lokalnego magazynu w UE.","robots":{"index":"index","follow":"follow","max-snippet":"max-snippet:-1","max-image-preview":"max-image-preview:large","max-video-preview":"max-video-preview:-1"},"canonical":"https:\/\/vozolvapen.de\/pl\/product\/jnr-falcon-16000-juicy-peaches\/","og_locale":"pl_PL","og_type":"article","og_title":"JNR Falcon 16000 - Juicy Peaches","og_description":"Pure Juicy Peaches JNR Falcon 16000. 16,000 puffs of floral peach nectar. Fast 48h shipping from our local EU warehouse.","og_url":"https:\/\/vozolvapen.de\/pl\/product\/jnr-falcon-16000-juicy-peaches\/","og_site_name":"vozolvapen","article_modified_time":"2026-02-10T11:00:48+00:00","og_image":[{"width":1080,"height":1080,"url":"https:\/\/vozolvapen.de\/wp-content\/uploads\/2025\/12\/JNR-FALON-16000-16K-Puffs-Disposable-Vape-Adjustable-Airflow-EU-Warehouse.webp","type":"image\/webp"}],"twitter_card":"summary_large_image","twitter_misc":{"Szacowany czas czytania":"3 minuty"},"schema":{"@context":"https:\/\/schema.org","@graph":[{"@type":"WebPage","@id":"https:\/\/vozolvapen.de\/product\/jnr-falcon-16000-juicy-peaches\/","url":"https:\/\/vozolvapen.de\/product\/jnr-falcon-16000-juicy-peaches\/","name":"Juicy Peaches - JNR Falcon 16000 - vozolvapen","isPartOf":{"@id":"https:\/\/vozolvapen.de\/#website"},"primaryImageOfPage":{"@id":"https:\/\/vozolvapen.de\/product\/jnr-falcon-16000-juicy-peaches\/#primaryimage"},"image":{"@id":"https:\/\/vozolvapen.de\/product\/jnr-falcon-16000-juicy-peaches\/#primaryimage"},"thumbnailUrl":"https:\/\/vozolvapen.de\/wp-content\/uploads\/2025\/12\/JNR-FALON-16000-16K-Puffs-Disposable-Vape-Adjustable-Airflow-EU-Warehouse.webp","datePublished":"2025-12-23T03:32:32+00:00","dateModified":"2026-02-10T11:00:48+00:00","description":"Pure Juicy Peaches JNR Falcon 16000. 16 000 zaci\u0105gni\u0119\u0107 kwiatowym nektarem brzoskwiniowym. Szybka wysy\u0142ka w ci\u0105gu 48 godzin z naszego lokalnego magazynu w UE.","breadcrumb":{"@id":"https:\/\/vozolvapen.de\/product\/jnr-falcon-16000-juicy-peaches\/#breadcrumb"},"inLanguage":"pl-PL","potentialAction":[{"@type":"ReadAction","target":["https:\/\/vozolvapen.de\/product\/jnr-falcon-16000-juicy-peaches\/"]}]},{"@type":"ImageObject","inLanguage":"pl-PL","@id":"https:\/\/vozolvapen.de\/product\/jnr-falcon-16000-juicy-peaches\/#primaryimage","url":"https:\/\/vozolvapen.de\/wp-content\/uploads\/2025\/12\/JNR-FALON-16000-16K-Puffs-Disposable-Vape-Adjustable-Airflow-EU-Warehouse.webp","contentUrl":"https:\/\/vozolvapen.de\/wp-content\/uploads\/2025\/12\/JNR-FALON-16000-16K-Puffs-Disposable-Vape-Adjustable-Airflow-EU-Warehouse.webp","width":1080,"height":1080,"caption":"JNR FALON 16000 16K Puffs Disposable Vape Adjustable Airflow EU Warehouse"},{"@type":"BreadcrumbList","@id":"https:\/\/vozolvapen.de\/product\/jnr-falcon-16000-juicy-peaches\/#breadcrumb","itemListElement":[{"@type":"ListItem","position":1,"name":"Home","item":"https:\/\/vozolvapen.de\/de\/"},{"@type":"ListItem","position":2,"name":"Shop","item":"https:\/\/vozolvapen.de\/shop\/"},{"@type":"ListItem","position":3,"name":"JNR Falcon 16000 &#8211; Juicy Peaches"}]},{"@type":"WebSite","@id":"https:\/\/vozolvapen.de\/#website","url":"https:\/\/vozolvapen.de\/","name":"vozolvapen","description":"vozolvapen","publisher":{"@id":"https:\/\/vozolvapen.de\/#organization"},"potentialAction":[{"@type":"SearchAction","target":{"@type":"EntryPoint","urlTemplate":"https:\/\/vozolvapen.de\/?s={search_term_string}"},"query-input":{"@type":"PropertyValueSpecification","valueRequired":true,"valueName":"search_term_string"}}],"inLanguage":"pl-PL"},{"@type":"Organization","@id":"https:\/\/vozolvapen.de\/#organization","name":"vozolvapen","url":"https:\/\/vozolvapen.de\/","logo":{"@type":"ImageObject","inLanguage":"pl-PL","@id":"https:\/\/vozolvapen.de\/#\/schema\/logo\/image\/","url":"https:\/\/vozolvapen.de\/wp-content\/uploads\/2025\/12\/cropped-vozovapen-logo.webp","contentUrl":"https:\/\/vozolvapen.de\/wp-content\/uploads\/2025\/12\/cropped-vozovapen-logo.webp","width":470,"height":110,"caption":"vozolvapen"},"image":{"@id":"https:\/\/vozolvapen.de\/#\/schema\/logo\/image\/"}}]}},"tiered_pricing_type":"fixed","tiered_pricing_fixed_rules":{"30":"13.63","50":"10.63","100":"9.63","200":"8.63"},"tiered_pricing_product_settings":{"layout":"default","base_unit_name":{"singular":null,"plural":null},"default_variation":{}},"tiered_pricing_minimum_quantity":10,"tiered_pricing_roles_data":[],"tiered_pricing_percentage_rules":[],"tiered_pricing_maximum_quantity":null,"tiered_pricing_quantity_step":"10","_links":{"self":[{"href":"https:\/\/vozolvapen.de\/pl\/wp-json\/wp\/v2\/product\/42370","targetHints":{"allow":["GET"]}}],"collection":[{"href":"https:\/\/vozolvapen.de\/pl\/wp-json\/wp\/v2\/product"}],"about":[{"href":"https:\/\/vozolvapen.de\/pl\/wp-json\/wp\/v2\/types\/product"}],"replies":[{"embeddable":true,"href":"https:\/\/vozolvapen.de\/pl\/wp-json\/wp\/v2\/comments?post=42370"}],"wp:featuredmedia":[{"embeddable":true,"href":"https:\/\/vozolvapen.de\/pl\/wp-json\/wp\/v2\/media\/42743"}],"wp:attachment":[{"href":"https:\/\/vozolvapen.de\/pl\/wp-json\/wp\/v2\/media?parent=42370"}],"wp:term":[{"taxonomy":"product_brand","embeddable":true,"href":"https:\/\/vozolvapen.de\/pl\/wp-json\/wp\/v2\/product_brand?post=42370"},{"taxonomy":"product_cat","embeddable":true,"href":"https:\/\/vozolvapen.de\/pl\/wp-json\/wp\/v2\/product_cat?post=42370"},{"taxonomy":"product_tag","embeddable":true,"href":"https:\/\/vozolvapen.de\/pl\/wp-json\/wp\/v2\/product_tag?post=42370"}],"curies":[{"name":"wp","href":"https:\/\/api.w.org\/{rel}","templated":true}]}}