{"id":51741,"date":"2026-01-03T09:07:22","date_gmt":"2026-01-03T09:07:22","guid":{"rendered":"https:\/\/vozolvapen.de\/?post_type=product&#038;p=51741"},"modified":"2026-02-10T10:54:36","modified_gmt":"2026-02-10T10:54:36","slug":"jnr-falcon-16000-dragon-fruit","status":"publish","type":"product","link":"https:\/\/vozolvapen.de\/pl\/product\/jnr-falcon-16000-dragon-fruit\/","title":{"rendered":"JNR Falcon 16000 - Smoczy owoc"},"content":{"rendered":"<h1 data-path-to-node=\"51\"><b data-path-to-node=\"51\" data-index-in-node=\"0\">JNR Falcon 16000 - Smoczy owoc<\/b><\/h1>\n<p data-path-to-node=\"52\"><b class=\"\" data-path-to-node=\"52\" data-index-in-node=\"0\">Zenith Exotic:<\/b><span class=\"\"> Czysty,<\/span><span class=\"\"> botaniczny,<\/span><span class=\"\"> lekko s\u0142odki profil, kt\u00f3ry podkre\u015bla hybrydowy smak \u015bwie\u017cych smoczych owoc\u00f3w \u201cGruszka-Kiwi\u201d.<\/span><span class=\"\"> To <\/span><b class=\"\" data-path-to-node=\"52\" data-index-in-node=\"137\">puff 16k jnr<\/b><span class=\"\"> Wariant jest idealny dla tych, kt\u00f3rzy chc\u0105 by\u0107 czy\u015bci,<\/span><span class=\"\"> egzotyczne do\u015bwiadczenie bez mro\u017cenia, kt\u00f3re podkre\u015bla najwy\u017csz\u0105 jako\u015b\u0107 p\u0142yn\u00f3w JNR.<\/span><\/p>\n<h2 data-path-to-node=\"53\"><b class=\"\" data-path-to-node=\"53\" data-index-in-node=\"0\">Dragon Fruit Deep Dive<\/b><\/h2>\n<ul data-path-to-node=\"54\">\n<li>\n<p data-path-to-node=\"54,0,0\"><b class=\"\" data-path-to-node=\"54,0,0\" data-index-in-node=\"0\">Wdech:<\/b><span class=\"\"> \u0141agodny,<\/span><span class=\"\"> kwiatowa s\u0142odycz z orze\u017awiaj\u0105c\u0105 wodnist\u0105 konsystencj\u0105.<\/span><\/p>\n<\/li>\n<li>\n<p data-path-to-node=\"54,1,0\"><b class=\"\" data-path-to-node=\"54,1,0\" data-index-in-node=\"0\">The Exhale:<\/b><span class=\"\"> Czysty,<\/span><span class=\"\"> G\u0142adkie wyko\u0144czenie, kt\u00f3re pozostawia md\u0142y posmak,<\/span><span class=\"\"> przyjemny tropikalny aromat.<\/span><\/p>\n<\/li>\n<\/ul>\n<h2 data-path-to-node=\"55\"><b class=\"\" data-path-to-node=\"55\" data-index-in-node=\"0\">Dla kogo przeznaczony jest ten smak?<\/b><\/h2>\n<p data-path-to-node=\"55\"><b class=\"\" data-path-to-node=\"55\" data-index-in-node=\"24\">Ca\u0142odzienny Vaper:<\/b><span class=\"\"> Idealny dla vaper\u00f3w, kt\u00f3rzy uwa\u017caj\u0105, \u017ce ci\u0119\u017cka mi\u0119ta lub ci\u0119\u017cki cukier s\u0105 zbyt du\u017ce do d\u0142ugotrwa\u0142ego u\u017cytkowania i chc\u0105 lekko\u015bci,<\/span><span class=\"\"> egzotyczny codzienny kierowca.<\/span><\/p>\n<h2 data-path-to-node=\"27\"><b data-path-to-node=\"27\" data-index-in-node=\"0\">Smoczy owoc - specyfikacja<\/b><\/h2>\n<table data-path-to-node=\"28\">\n<thead>\n<tr>\n<td><strong>Sprz\u0119t i wydajno\u015b\u0107<\/strong><\/td>\n<td><strong>Szczeg\u00f3\u0142y<\/strong><\/td>\n<td><strong>Indeks dozna\u0144 smakowych<\/strong><\/td>\n<\/tr>\n<\/thead>\n<tbody>\n<tr>\n<td><span data-path-to-node=\"28,1,0,0\"><b data-path-to-node=\"28,1,0,0\" data-index-in-node=\"0\">Model<\/b><\/span><\/td>\n<td><span data-path-to-node=\"28,1,1,0\">JNR Falcon 16000<\/span><\/td>\n<td><span data-path-to-node=\"28,1,2,0\"><b data-path-to-node=\"28,1,2,0\" data-index-in-node=\"0\">Intensywno\u015b\u0107 ch\u0142odzenia:<\/b> \u2744\ufe0f<\/span><\/td>\n<\/tr>\n<tr>\n<td><span data-path-to-node=\"28,2,0,0\"><b data-path-to-node=\"28,2,0,0\" data-index-in-node=\"0\">Jednostka sprzeda\u017cy hurtowej<\/b><\/span><\/td>\n<td><span data-path-to-node=\"28,2,1,0\"><b data-path-to-node=\"28,2,1,0\" data-index-in-node=\"0\">puff jnr 16k grossiste<\/b> Opakowanie<\/span><\/td>\n<td><span data-path-to-node=\"28,2,2,0\"><b data-path-to-node=\"28,2,2,0\" data-index-in-node=\"0\">Botaniczna s\u0142odycz:<\/b> \ud83d\udc09\ud83d\udc09\ud83d\udc09<\/span><\/td>\n<\/tr>\n<tr>\n<td><span data-path-to-node=\"28,3,0,0\"><b data-path-to-node=\"28,3,0,0\" data-index-in-node=\"0\">Puff Limit<\/b><\/span><\/td>\n<td><span data-path-to-node=\"28,3,1,0\">16,000 Puffs<\/span><\/td>\n<td><span data-path-to-node=\"28,3,2,0\"><b data-path-to-node=\"28,3,2,0\" data-index-in-node=\"0\">Czysto\u015b\u0107 podniebienia:<\/b> \ud83e\uddfc\ud83e\uddfc\ud83e\uddfc\ud83e\uddfc<\/span><\/td>\n<\/tr>\n<tr>\n<td><span data-path-to-node=\"28,4,0,0\"><b data-path-to-node=\"28,4,0,0\" data-index-in-node=\"0\">\u0141adowanie<\/b><\/span><\/td>\n<td><span data-path-to-node=\"28,4,1,0\">B\u0142yskawiczne szybkie \u0142adowanie<\/span><\/td>\n<td><span data-path-to-node=\"28,4,2,0\"><b data-path-to-node=\"28,4,2,0\" data-index-in-node=\"0\">Najlepszy przep\u0142yw powietrza:<\/b> Mocny (intensywny aromat)<\/span><\/td>\n<\/tr>\n<\/tbody>\n<\/table>\n<h3 class=\"\" data-path-to-node=\"57\"><b data-path-to-node=\"57\" data-index-in-node=\"0\">Nawigacja wewn\u0119trzna i linki<\/b><\/h3>\n<p data-path-to-node=\"58\"><span class=\"\">Odkryj jeszcze wi\u0119cej niesamowitych smak\u00f3w dzi\u0119ki <\/span><b class=\"\" data-path-to-node=\"58\" data-index-in-node=\"47\">JNR Falcon 16000 Puff Vape<\/b><span class=\"\">!<\/span><\/p>\n<p data-path-to-node=\"59\"><a class=\"ng-star-inserted\" href=\"https:\/\/vozolvapen.de\/pl\/product-category\/jnr-vape\/jnr-falcon-16000-puff-vape\/\" target=\"_blank\" rel=\"noopener\" data-hveid=\"0\" data-ved=\"0CAAQ_4QMahgKEwiSjOaG9-6RAxUAAAAAHQAAAAAQsAQ\">Zobacz wszystkie odmiany tutaj \u2192<\/a><\/p>\n<p data-path-to-node=\"60\"><span class=\"\">Zapoznaj si\u0119 z nasz\u0105 pe\u0142n\u0105 kolekcj\u0105 i kupuj produkty najlepszych marek vape, kt\u00f3re pokochasz.<\/span><\/p>\n<p data-path-to-node=\"61\"><a class=\"ng-star-inserted\" href=\"https:\/\/vozolvapen.de\/pl\/\" target=\"_blank\" rel=\"noopener\" data-hveid=\"0\" data-ved=\"0CAAQ_4QMahgKEwiSjOaG9-6RAxUAAAAAHQAAAAAQsQQ\">Przegl\u0105daj teraz wszystkie marki \u2192<\/a><\/p>\n<p data-path-to-node=\"62\"><span class=\"\">Sprawd\u017a ca\u0142o\u015b\u0107 <\/span><b class=\"\" data-path-to-node=\"62\" data-index-in-node=\"23\">JNR Vape<\/b><span class=\"\"> seria - ka\u017cdy smak,<\/span><span class=\"\"> ka\u017cdy styl!<\/span><\/p>\n<p data-path-to-node=\"63\"><a class=\"ng-star-inserted\" href=\"https:\/\/vozolvapen.de\/pl\/product-category\/jnr-vape\/\" target=\"_blank\" rel=\"noopener\" data-hveid=\"0\" data-ved=\"0CAAQ_4QMahgKEwiSjOaG9-6RAxUAAAAAHQAAAAAQsgQ\">Zobacz pe\u0142n\u0105 kolekcj\u0119 JNR Vape \u2192<\/a><\/p>\n<h3 data-path-to-node=\"64\"><b class=\"\" data-path-to-node=\"64\" data-index-in-node=\"0\">Szukasz puff jnr 16k grossiste?<\/b><\/h3>\n<p data-path-to-node=\"64\"><span class=\"\">Oferujemy ceny hurtowe na wszystkie <\/span><b class=\"\" data-path-to-node=\"64\" data-index-in-node=\"67\">jnr falcon 16k<\/b><span class=\"\"> modele.<\/span><span class=\"\"> Korzystaj z op\u0142aconej wysy\u0142ki z naszego <\/span><b class=\"\" data-path-to-node=\"64\" data-index-in-node=\"124\">Magazyn europejski<\/b><span class=\"\"> z dostaw\u0105 w ci\u0105gu zaledwie 1-3 dni.<\/span><span class=\"\"> Skontaktuj si\u0119 z nami, aby uzyska\u0107 ceny hurtowe na 10 opakowa\u0144.<\/span><\/p>","protected":false},"excerpt":{"rendered":"<p><b data-path-to-node=\"4,9,4,0\" data-index-in-node=\"0\">Zenith Exotic.<\/b> Lekka, botaniczna rozkosz z czyst\u0105, gruszkow\u0105 s\u0142odycz\u0105 \u015bwie\u017cego smoczego owocu. Czysty i orze\u017awiaj\u0105cy na ca\u0142y dzie\u0144.<\/p>","protected":false},"featured_media":51833,"comment_status":"open","ping_status":"closed","template":"","meta":{"_acf_changed":false},"product_brand":[],"product_cat":[134,60],"product_tag":[],"class_list":{"0":"post-51741","1":"product","2":"type-product","3":"status-publish","4":"has-post-thumbnail","6":"product_cat-eu-warehouse-in-stock","7":"product_cat-jnr-falcon-16000-puff-vape","9":"first","10":"instock","11":"shipping-taxable","12":"purchasable","13":"product-type-variable"},"acf":[],"yoast_head":"<!-- This site is optimized with the Yoast SEO Premium plugin v26.1 (Yoast SEO v27.5) - https:\/\/yoast.com\/product\/yoast-seo-premium-wordpress\/ -->\n<title>Dragon Fruit JNR Falcon 16k | Pure Exotic 16000 - vozolvapen<\/title>\n<meta name=\"description\" content=\"Pure Dragon Fruit JNR Falcon 16k. 16,000 puffs of exotic sweetness. 22ml reservoir, 1.0\u03a9 dual mesh coil. Your reliable puff 16k jnr choice.\" \/>\n<meta name=\"robots\" content=\"index, follow, max-snippet:-1, max-image-preview:large, max-video-preview:-1\" \/>\n<link rel=\"canonical\" href=\"https:\/\/vozolvapen.de\/pl\/product\/jnr-falcon-16000-dragon-fruit\/\" \/>\n<meta property=\"og:locale\" content=\"pl_PL\" \/>\n<meta property=\"og:type\" content=\"article\" \/>\n<meta property=\"og:title\" content=\"JNR Falcon 16000 - Dragon Fruit\" \/>\n<meta property=\"og:description\" content=\"Pure Dragon Fruit JNR Falcon 16k. 16,000 puffs of exotic sweetness. 22ml reservoir, 1.0\u03a9 dual mesh coil. Your reliable puff 16k jnr choice.\" \/>\n<meta property=\"og:url\" content=\"https:\/\/vozolvapen.de\/pl\/product\/jnr-falcon-16000-dragon-fruit\/\" \/>\n<meta property=\"og:site_name\" content=\"vozolvapen\" \/>\n<meta property=\"article:modified_time\" content=\"2026-02-10T10:54:36+00:00\" \/>\n<meta property=\"og:image\" content=\"https:\/\/vozolvapen.de\/wp-content\/uploads\/2026\/01\/JNR-FALCON-16000-16K-Puffs-Disposable-Vape-28-Flavor-1.webp\" \/>\n\t<meta property=\"og:image:width\" content=\"1080\" \/>\n\t<meta property=\"og:image:height\" content=\"1080\" \/>\n\t<meta property=\"og:image:type\" content=\"image\/webp\" \/>\n<meta name=\"twitter:card\" content=\"summary_large_image\" \/>\n<meta name=\"twitter:label1\" content=\"Szacowany czas czytania\" \/>\n\t<meta name=\"twitter:data1\" content=\"2 minuty\" \/>\n<script type=\"application\/ld+json\" class=\"yoast-schema-graph\">{\"@context\":\"https:\\\/\\\/schema.org\",\"@graph\":[{\"@type\":\"WebPage\",\"@id\":\"https:\\\/\\\/vozolvapen.de\\\/product\\\/jnr-falcon-16000-dragon-fruit\\\/\",\"url\":\"https:\\\/\\\/vozolvapen.de\\\/product\\\/jnr-falcon-16000-dragon-fruit\\\/\",\"name\":\"Dragon Fruit JNR Falcon 16k | Pure Exotic 16000 - vozolvapen\",\"isPartOf\":{\"@id\":\"https:\\\/\\\/vozolvapen.de\\\/#website\"},\"primaryImageOfPage\":{\"@id\":\"https:\\\/\\\/vozolvapen.de\\\/product\\\/jnr-falcon-16000-dragon-fruit\\\/#primaryimage\"},\"image\":{\"@id\":\"https:\\\/\\\/vozolvapen.de\\\/product\\\/jnr-falcon-16000-dragon-fruit\\\/#primaryimage\"},\"thumbnailUrl\":\"https:\\\/\\\/vozolvapen.de\\\/wp-content\\\/uploads\\\/2026\\\/01\\\/JNR-FALCON-16000-16K-Puffs-Disposable-Vape-28-Flavor-1.webp\",\"datePublished\":\"2026-01-03T09:07:22+00:00\",\"dateModified\":\"2026-02-10T10:54:36+00:00\",\"description\":\"Pure Dragon Fruit JNR Falcon 16k. 16,000 puffs of exotic sweetness. 22ml reservoir, 1.0\u03a9 dual mesh coil. Your reliable puff 16k jnr choice.\",\"breadcrumb\":{\"@id\":\"https:\\\/\\\/vozolvapen.de\\\/product\\\/jnr-falcon-16000-dragon-fruit\\\/#breadcrumb\"},\"inLanguage\":\"pl-PL\",\"potentialAction\":[{\"@type\":\"ReadAction\",\"target\":[\"https:\\\/\\\/vozolvapen.de\\\/product\\\/jnr-falcon-16000-dragon-fruit\\\/\"]}]},{\"@type\":\"ImageObject\",\"inLanguage\":\"pl-PL\",\"@id\":\"https:\\\/\\\/vozolvapen.de\\\/product\\\/jnr-falcon-16000-dragon-fruit\\\/#primaryimage\",\"url\":\"https:\\\/\\\/vozolvapen.de\\\/wp-content\\\/uploads\\\/2026\\\/01\\\/JNR-FALCON-16000-16K-Puffs-Disposable-Vape-28-Flavor-1.webp\",\"contentUrl\":\"https:\\\/\\\/vozolvapen.de\\\/wp-content\\\/uploads\\\/2026\\\/01\\\/JNR-FALCON-16000-16K-Puffs-Disposable-Vape-28-Flavor-1.webp\",\"width\":1080,\"height\":1080,\"caption\":\"JNR FALCON 16000 16K Puffs Disposable Vape 28 Flavor #1\"},{\"@type\":\"BreadcrumbList\",\"@id\":\"https:\\\/\\\/vozolvapen.de\\\/product\\\/jnr-falcon-16000-dragon-fruit\\\/#breadcrumb\",\"itemListElement\":[{\"@type\":\"ListItem\",\"position\":1,\"name\":\"Home\",\"item\":\"https:\\\/\\\/vozolvapen.de\\\/de\\\/\"},{\"@type\":\"ListItem\",\"position\":2,\"name\":\"Shop\",\"item\":\"https:\\\/\\\/vozolvapen.de\\\/shop\\\/\"},{\"@type\":\"ListItem\",\"position\":3,\"name\":\"JNR Falcon 16000 &#8211; Dragon Fruit\"}]},{\"@type\":\"WebSite\",\"@id\":\"https:\\\/\\\/vozolvapen.de\\\/#website\",\"url\":\"https:\\\/\\\/vozolvapen.de\\\/\",\"name\":\"vozolvapen\",\"description\":\"vozolvapen\",\"publisher\":{\"@id\":\"https:\\\/\\\/vozolvapen.de\\\/#organization\"},\"potentialAction\":[{\"@type\":\"SearchAction\",\"target\":{\"@type\":\"EntryPoint\",\"urlTemplate\":\"https:\\\/\\\/vozolvapen.de\\\/?s={search_term_string}\"},\"query-input\":{\"@type\":\"PropertyValueSpecification\",\"valueRequired\":true,\"valueName\":\"search_term_string\"}}],\"inLanguage\":\"pl-PL\"},{\"@type\":\"Organization\",\"@id\":\"https:\\\/\\\/vozolvapen.de\\\/#organization\",\"name\":\"vozolvapen\",\"url\":\"https:\\\/\\\/vozolvapen.de\\\/\",\"logo\":{\"@type\":\"ImageObject\",\"inLanguage\":\"pl-PL\",\"@id\":\"https:\\\/\\\/vozolvapen.de\\\/#\\\/schema\\\/logo\\\/image\\\/\",\"url\":\"https:\\\/\\\/vozolvapen.de\\\/wp-content\\\/uploads\\\/2025\\\/12\\\/cropped-vozovapen-logo.webp\",\"contentUrl\":\"https:\\\/\\\/vozolvapen.de\\\/wp-content\\\/uploads\\\/2025\\\/12\\\/cropped-vozovapen-logo.webp\",\"width\":470,\"height\":110,\"caption\":\"vozolvapen\"},\"image\":{\"@id\":\"https:\\\/\\\/vozolvapen.de\\\/#\\\/schema\\\/logo\\\/image\\\/\"}}]}<\/script>\n<!-- \/ Yoast SEO Premium plugin. -->","yoast_head_json":{"title":"Dragon Fruit JNR Falcon 16k | Pure Exotic 16000 - vozolvapen","description":"Pure Dragon Fruit JNR Falcon 16k. 16 000 zaci\u0105gni\u0119\u0107 egzotycznej s\u0142odyczy. Zbiornik 22 ml, podw\u00f3jna cewka siatkowa 1,0\u03a9. Niezawodny wyb\u00f3r puff 16k jnr.","robots":{"index":"index","follow":"follow","max-snippet":"max-snippet:-1","max-image-preview":"max-image-preview:large","max-video-preview":"max-video-preview:-1"},"canonical":"https:\/\/vozolvapen.de\/pl\/product\/jnr-falcon-16000-dragon-fruit\/","og_locale":"pl_PL","og_type":"article","og_title":"JNR Falcon 16000 - Dragon Fruit","og_description":"Pure Dragon Fruit JNR Falcon 16k. 16,000 puffs of exotic sweetness. 22ml reservoir, 1.0\u03a9 dual mesh coil. Your reliable puff 16k jnr choice.","og_url":"https:\/\/vozolvapen.de\/pl\/product\/jnr-falcon-16000-dragon-fruit\/","og_site_name":"vozolvapen","article_modified_time":"2026-02-10T10:54:36+00:00","og_image":[{"width":1080,"height":1080,"url":"https:\/\/vozolvapen.de\/wp-content\/uploads\/2026\/01\/JNR-FALCON-16000-16K-Puffs-Disposable-Vape-28-Flavor-1.webp","type":"image\/webp"}],"twitter_card":"summary_large_image","twitter_misc":{"Szacowany czas czytania":"2 minuty"},"schema":{"@context":"https:\/\/schema.org","@graph":[{"@type":"WebPage","@id":"https:\/\/vozolvapen.de\/product\/jnr-falcon-16000-dragon-fruit\/","url":"https:\/\/vozolvapen.de\/product\/jnr-falcon-16000-dragon-fruit\/","name":"Dragon Fruit JNR Falcon 16k | Pure Exotic 16000 - vozolvapen","isPartOf":{"@id":"https:\/\/vozolvapen.de\/#website"},"primaryImageOfPage":{"@id":"https:\/\/vozolvapen.de\/product\/jnr-falcon-16000-dragon-fruit\/#primaryimage"},"image":{"@id":"https:\/\/vozolvapen.de\/product\/jnr-falcon-16000-dragon-fruit\/#primaryimage"},"thumbnailUrl":"https:\/\/vozolvapen.de\/wp-content\/uploads\/2026\/01\/JNR-FALCON-16000-16K-Puffs-Disposable-Vape-28-Flavor-1.webp","datePublished":"2026-01-03T09:07:22+00:00","dateModified":"2026-02-10T10:54:36+00:00","description":"Pure Dragon Fruit JNR Falcon 16k. 16 000 zaci\u0105gni\u0119\u0107 egzotycznej s\u0142odyczy. Zbiornik 22 ml, podw\u00f3jna cewka siatkowa 1,0\u03a9. Niezawodny wyb\u00f3r puff 16k jnr.","breadcrumb":{"@id":"https:\/\/vozolvapen.de\/product\/jnr-falcon-16000-dragon-fruit\/#breadcrumb"},"inLanguage":"pl-PL","potentialAction":[{"@type":"ReadAction","target":["https:\/\/vozolvapen.de\/product\/jnr-falcon-16000-dragon-fruit\/"]}]},{"@type":"ImageObject","inLanguage":"pl-PL","@id":"https:\/\/vozolvapen.de\/product\/jnr-falcon-16000-dragon-fruit\/#primaryimage","url":"https:\/\/vozolvapen.de\/wp-content\/uploads\/2026\/01\/JNR-FALCON-16000-16K-Puffs-Disposable-Vape-28-Flavor-1.webp","contentUrl":"https:\/\/vozolvapen.de\/wp-content\/uploads\/2026\/01\/JNR-FALCON-16000-16K-Puffs-Disposable-Vape-28-Flavor-1.webp","width":1080,"height":1080,"caption":"JNR FALCON 16000 16K Puffs Disposable Vape 28 Flavor #1"},{"@type":"BreadcrumbList","@id":"https:\/\/vozolvapen.de\/product\/jnr-falcon-16000-dragon-fruit\/#breadcrumb","itemListElement":[{"@type":"ListItem","position":1,"name":"Home","item":"https:\/\/vozolvapen.de\/de\/"},{"@type":"ListItem","position":2,"name":"Shop","item":"https:\/\/vozolvapen.de\/shop\/"},{"@type":"ListItem","position":3,"name":"JNR Falcon 16000 &#8211; Dragon Fruit"}]},{"@type":"WebSite","@id":"https:\/\/vozolvapen.de\/#website","url":"https:\/\/vozolvapen.de\/","name":"vozolvapen","description":"vozolvapen","publisher":{"@id":"https:\/\/vozolvapen.de\/#organization"},"potentialAction":[{"@type":"SearchAction","target":{"@type":"EntryPoint","urlTemplate":"https:\/\/vozolvapen.de\/?s={search_term_string}"},"query-input":{"@type":"PropertyValueSpecification","valueRequired":true,"valueName":"search_term_string"}}],"inLanguage":"pl-PL"},{"@type":"Organization","@id":"https:\/\/vozolvapen.de\/#organization","name":"vozolvapen","url":"https:\/\/vozolvapen.de\/","logo":{"@type":"ImageObject","inLanguage":"pl-PL","@id":"https:\/\/vozolvapen.de\/#\/schema\/logo\/image\/","url":"https:\/\/vozolvapen.de\/wp-content\/uploads\/2025\/12\/cropped-vozovapen-logo.webp","contentUrl":"https:\/\/vozolvapen.de\/wp-content\/uploads\/2025\/12\/cropped-vozovapen-logo.webp","width":470,"height":110,"caption":"vozolvapen"},"image":{"@id":"https:\/\/vozolvapen.de\/#\/schema\/logo\/image\/"}}]}},"tiered_pricing_type":"fixed","tiered_pricing_fixed_rules":{"30":"13.63","50":"10.63","100":"9.63","200":"8.63"},"tiered_pricing_product_settings":{"layout":"default","base_unit_name":{"singular":null,"plural":null},"default_variation":{}},"tiered_pricing_minimum_quantity":10,"tiered_pricing_roles_data":[],"tiered_pricing_percentage_rules":[],"tiered_pricing_maximum_quantity":null,"tiered_pricing_quantity_step":"10","_links":{"self":[{"href":"https:\/\/vozolvapen.de\/pl\/wp-json\/wp\/v2\/product\/51741","targetHints":{"allow":["GET"]}}],"collection":[{"href":"https:\/\/vozolvapen.de\/pl\/wp-json\/wp\/v2\/product"}],"about":[{"href":"https:\/\/vozolvapen.de\/pl\/wp-json\/wp\/v2\/types\/product"}],"replies":[{"embeddable":true,"href":"https:\/\/vozolvapen.de\/pl\/wp-json\/wp\/v2\/comments?post=51741"}],"wp:featuredmedia":[{"embeddable":true,"href":"https:\/\/vozolvapen.de\/pl\/wp-json\/wp\/v2\/media\/51833"}],"wp:attachment":[{"href":"https:\/\/vozolvapen.de\/pl\/wp-json\/wp\/v2\/media?parent=51741"}],"wp:term":[{"taxonomy":"product_brand","embeddable":true,"href":"https:\/\/vozolvapen.de\/pl\/wp-json\/wp\/v2\/product_brand?post=51741"},{"taxonomy":"product_cat","embeddable":true,"href":"https:\/\/vozolvapen.de\/pl\/wp-json\/wp\/v2\/product_cat?post=51741"},{"taxonomy":"product_tag","embeddable":true,"href":"https:\/\/vozolvapen.de\/pl\/wp-json\/wp\/v2\/product_tag?post=51741"}],"curies":[{"name":"wp","href":"https:\/\/api.w.org\/{rel}","templated":true}]}}