{"id":52738,"date":"2026-01-05T03:21:53","date_gmt":"2026-01-05T03:21:53","guid":{"rendered":"https:\/\/vozolvapen.de\/?post_type=product&#038;p=52738"},"modified":"2026-04-08T03:11:21","modified_gmt":"2026-04-08T03:11:21","slug":"puff-32k-bang-leader-32k-vape-strawberry-watermelon-grape-ice","status":"publish","type":"product","link":"https:\/\/vozolvapen.de\/pl\/product\/puff-32k-bang-leader-32k-vape-strawberry-watermelon-grape-ice\/","title":{"rendered":"Puff 32k Bang Leader 32K Vape - truskawkowy arbuz i l\u00f3d winogronowy"},"content":{"rendered":"<h1 data-path-to-node=\"20\"><b data-path-to-node=\"20\" data-index-in-node=\"0\">Bang Leader 32000 Puffs 2 w 1: truskawkowy arbuz i l\u00f3d winogronowy<\/b><\/h1>\n<p data-path-to-node=\"21\"><b data-path-to-node=\"21\" data-index-in-node=\"0\">The Vineyard Frost:<\/b> Zderzenie dw\u00f3ch legendarnych profili smakowych w jednym <b data-path-to-node=\"21\" data-index-in-node=\"68\">Puff 32000<\/b> podwozie. Ta seria podkre\u015bla wszechstronno\u015b\u0107 <b data-path-to-node=\"21\" data-index-in-node=\"134\">vaper 32k<\/b> tech, umo\u017cliwiaj\u0105c natychmiastowe przej\u015bcie od ciep\u0142ej, letniej mieszanki jag\u00f3d do ostrego, mro\u017conego winogrona z winnicy.<\/p>\n<h2 data-path-to-node=\"22\"><b data-path-to-node=\"22\" data-index-in-node=\"0\">The Berry &amp; Vine Deep Dive<\/b><\/h2>\n<ul data-path-to-node=\"23\">\n<li>\n<p data-path-to-node=\"23,0,0\"><b data-path-to-node=\"23,0,0\" data-index-in-node=\"0\">Mode A - Strawberry Watermelon:<\/b> Soczyste truskawki w po\u0142\u0105czeniu z chrupi\u0105cym sokiem z arbuza.<\/p>\n<\/li>\n<li>\n<p data-path-to-node=\"23,1,0\"><b data-path-to-node=\"23,1,0\" data-index-in-node=\"0\">Tryb B - Grape Ice:<\/b> Intensywne nuty fioletowych winogron z mentolowym wyko\u0144czeniem zapewniaj\u0105cym maksymalne uderzenie w gard\u0142o.<\/p>\n<\/li>\n<\/ul>\n<h2 data-path-to-node=\"24\"><b data-path-to-node=\"24\" data-index-in-node=\"0\">Dla kogo przeznaczony jest ten smak?<\/b><\/h2>\n<p data-path-to-node=\"24\"><b data-path-to-node=\"24\" data-index-in-node=\"24\">Fan \u201cSweet &amp; Icy\u201d:<\/b> Dla tych, kt\u00f3rzy chc\u0105 wysokiej g\u0119sto\u015bci <b data-path-to-node=\"24\" data-index-in-node=\"81\">32k vape<\/b> kt\u00f3ry oferuje zar\u00f3wno g\u0142\u0119bok\u0105 s\u0142odycz, jak i mro\u017c\u0105cy wydech.<\/p>\n<h2 data-path-to-node=\"6\">Przewodnik po smakach Bang Leader 32K - truskawkowy arbuz i l\u00f3d winogronowy<\/h2>\n<p data-path-to-node=\"19\"><b data-path-to-node=\"19\" data-index-in-node=\"0\">Sensoryczna karta wynik\u00f3w:<\/b><\/p>\n<ul data-path-to-node=\"20\">\n<li>\n<p data-path-to-node=\"20,0,0\"><b data-path-to-node=\"20,0,0\" data-index-in-node=\"0\">Aromat :<\/b> \u2b50\u2b50\u2b50\u2b50\u2606<\/p>\n<\/li>\n<li>\n<p data-path-to-node=\"20,1,0\"><b data-path-to-node=\"20,1,0\" data-index-in-node=\"0\">Odczucie w ustach :<\/b> \u2b50\u2b50\u2b50\u2b50\u2606<\/p>\n<\/li>\n<li>\n<p data-path-to-node=\"20,2,0\"><b data-path-to-node=\"20,2,0\" data-index-in-node=\"0\">Poziom lodu :<\/b> \u2b50\u2b50\u2b50\u2b50\u2606<\/p>\n<\/li>\n<li>\n<p data-path-to-node=\"20,3,0\"><b data-path-to-node=\"20,3,0\" data-index-in-node=\"0\">S\u0142odycz :<\/b> \u2b50\u2b50\u2b50\u2b50\u2b50<\/p>\n<\/li>\n<\/ul>\n<p data-path-to-node=\"21\"><b data-path-to-node=\"21\" data-index-in-node=\"0\">Werdykt eksperta:<\/b> Dla tych, kt\u00f3rzy lubi\u0105 s\u0142odycze. To <b data-path-to-node=\"21\" data-index-in-node=\"59\">Puff 32000<\/b> Powerhouse zapewnia z jednej strony cukierkowe wyko\u0144czenie winogron, a z drugiej bujn\u0105 mieszank\u0119 jag\u00f3d i melona. Wysokie nasycenie i wysoka satysfakcja.<\/p>\n<h2 data-path-to-node=\"60\">Specyfikacje Puff 32k Bang Leader 32K Vape Core<\/h2>\n<table data-path-to-node=\"13\">\n<thead>\n<tr>\n<td><strong>Specyfikacja techniczna<\/strong><\/td>\n<td><strong>Warto\u015b\u0107 Bang Leader 32K<\/strong><\/td>\n<td><strong>Profil wydajno\u015bci<\/strong><\/td>\n<\/tr>\n<\/thead>\n<tbody>\n<tr>\n<td><span data-path-to-node=\"13,1,0,0\"><b data-path-to-node=\"13,1,0,0\" data-index-in-node=\"0\">Core Tech<\/b><\/span><\/td>\n<td><span data-path-to-node=\"13,1,1,0\">Dwa niezale\u017cne zbiorniki<\/span><\/td>\n<td><span data-path-to-node=\"13,1,2,0\"><b data-path-to-node=\"13,1,2,0\" data-index-in-node=\"0\">Indeks s\u0142odyczy:<\/b> \ud83c\udf6c\ud83c\udf6c\ud83c\udf6c\ud83c\udf6c\ud83c\udf6c<\/span><\/td>\n<\/tr>\n<tr>\n<td><span data-path-to-node=\"13,2,0,0\"><b data-path-to-node=\"13,2,0,0\" data-index-in-node=\"0\">Budowa cewki<\/b><\/span><\/td>\n<td><span data-path-to-node=\"13,2,1,0\">Cewka siatkowa 1,0 Ohm<\/span><\/td>\n<td><span data-path-to-node=\"13,2,2,0\"><b data-path-to-node=\"13,2,2,0\" data-index-in-node=\"0\">Intensywno\u015b\u0107 ch\u0142odzenia:<\/b> \u2744\ufe0f\u2744\ufe0f\u2744\ufe0f<\/span><\/td>\n<\/tr>\n<tr>\n<td><span data-path-to-node=\"13,3,0,0\"><b data-path-to-node=\"13,3,0,0\" data-index-in-node=\"0\">Opcje nikotyny<\/b><\/span><\/td>\n<td><span data-path-to-node=\"13,3,1,0\"><b data-path-to-node=\"13,3,1,0\" data-index-in-node=\"0\">vaper 32k<\/b> Niestandardowa wytrzyma\u0142o\u015b\u0107<\/span><\/td>\n<td><span data-path-to-node=\"13,3,2,0\"><b data-path-to-node=\"13,3,2,0\" data-index-in-node=\"0\">Flavor Pop:<\/b> B\u0142yskawiczne i s\u0142odkie<\/span><\/td>\n<\/tr>\n<tr>\n<td><span data-path-to-node=\"13,4,0,0\"><b data-path-to-node=\"13,4,0,0\" data-index-in-node=\"0\">P\u0142ynna baza<\/b><\/span><\/td>\n<td><span data-path-to-node=\"13,4,1,0\">Premium 50\/50 VG\/PG<\/span><\/td>\n<td><span data-path-to-node=\"13,4,2,0\"><b data-path-to-node=\"13,4,2,0\" data-index-in-node=\"0\">Najlepsze dla:<\/b> Mi\u0142o\u015bnicy s\u0142odkich smak\u00f3w<\/span><\/td>\n<\/tr>\n<\/tbody>\n<\/table>\n<h3 dir=\"auto\">Oto dalsze zalecenia dla Ciebie:<\/h3>\n<p dir=\"auto\">Odkryj jeszcze wi\u0119cej niesamowitych smak\u00f3w dzi\u0119ki Puff 32k Bang Leader 32K Vape!<\/p>\n<p dir=\"auto\"><a href=\"https:\/\/vozolvapen.de\/pl\/product-category\/bang-vape\/puff-32k-bang-leader-32k-vape-2-in-1\/\">Zobacz wszystkie odmiany tutaj \u2192<\/a><\/p>\n<p dir=\"auto\">Zapoznaj si\u0119 z nasz\u0105 pe\u0142n\u0105 kolekcj\u0105 i kupuj produkty najlepszych marek vape, kt\u00f3re pokochasz.<\/p>\n<p dir=\"auto\"><a href=\"https:\/\/vozolvapen.de\/pl\/\">Przegl\u0105daj teraz wszystkie marki \u2192<\/a><\/p>\n<p dir=\"auto\">Sprawd\u017a ca\u0142\u0105 seri\u0119 Bang Vape - ka\u017cdy smak, ka\u017cdy styl!<\/p>\n<p dir=\"auto\"><a href=\"https:\/\/vozolvapen.de\/pl\/product-category\/bang-vape\/\">Zobacz pe\u0142n\u0105 kolekcj\u0119 Bang Vape \u2192<\/a><\/p>","protected":false},"excerpt":{"rendered":"<p><b data-path-to-node=\"4,4,4,0\" data-index-in-node=\"0\">The Candy Mix.<\/b> Dla tych, kt\u00f3rzy pragn\u0105 s\u0142odyczy. A <b data-path-to-node=\"4,4,4,0\" data-index-in-node=\"48\">vaper 32k<\/b> Powerhouse z s\u0142odkimi jagodami i lodowatymi winogronami z winnicy w podw\u00f3jnym zbiorniku o pojemno\u015bci 56 ml.<\/p>","protected":false},"featured_media":53669,"comment_status":"open","ping_status":"closed","template":"","meta":{"_acf_changed":false},"product_brand":[],"product_cat":[134,108],"product_tag":[],"class_list":{"0":"post-52738","1":"product","2":"type-product","3":"status-publish","4":"has-post-thumbnail","6":"product_cat-eu-warehouse-in-stock","7":"product_cat-puff-32k-bang-leader-32k-vape-2-in-1","9":"first","10":"instock","11":"shipping-taxable","12":"purchasable","13":"product-type-variable"},"acf":[],"yoast_head":"<!-- This site is optimized with the Yoast SEO Premium plugin v26.1 (Yoast SEO v27.5) - https:\/\/yoast.com\/product\/yoast-seo-premium-wordpress\/ -->\n<title>Strawberry Watermelon &amp; Grape Ice Bang Leader 32k - vozolvapen<\/title>\n<meta name=\"description\" content=\"Shop the sweet Strawberry Watermelon &amp; Grape Ice Bang Leader 32000. High-capacity 32k vape with 2-in-1 flavor tech. Get 100% authentic Bang Vape gear.\" \/>\n<meta name=\"robots\" content=\"index, follow, max-snippet:-1, max-image-preview:large, max-video-preview:-1\" \/>\n<link rel=\"canonical\" href=\"https:\/\/vozolvapen.de\/pl\/product\/puff-32k-bang-leader-32k-vape-strawberry-watermelon-grape-ice\/\" \/>\n<meta property=\"og:locale\" content=\"pl_PL\" \/>\n<meta property=\"og:type\" content=\"article\" \/>\n<meta property=\"og:title\" content=\"Puff 32k Bang Leader 32K Vape - Strawberry Watermelon &amp; Grape Ice\" \/>\n<meta property=\"og:description\" content=\"Shop the sweet Strawberry Watermelon &amp; Grape Ice Bang Leader 32000. High-capacity 32k vape with 2-in-1 flavor tech. Get 100% authentic Bang Vape gear.\" \/>\n<meta property=\"og:url\" content=\"https:\/\/vozolvapen.de\/pl\/product\/puff-32k-bang-leader-32k-vape-strawberry-watermelon-grape-ice\/\" \/>\n<meta property=\"og:site_name\" content=\"vozolvapen\" \/>\n<meta property=\"article:modified_time\" content=\"2026-04-08T03:11:21+00:00\" \/>\n<meta property=\"og:image\" content=\"https:\/\/vozolvapen.de\/wp-content\/uploads\/2026\/01\/Puff-32k-Bang-Leader-32K-Vape-Strawberry-Watermelon-Grape-Ice.webp\" \/>\n\t<meta property=\"og:image:width\" content=\"800\" \/>\n\t<meta property=\"og:image:height\" content=\"800\" \/>\n\t<meta property=\"og:image:type\" content=\"image\/webp\" \/>\n<meta name=\"twitter:card\" content=\"summary_large_image\" \/>\n<meta name=\"twitter:label1\" content=\"Szacowany czas czytania\" \/>\n\t<meta name=\"twitter:data1\" content=\"2 minuty\" \/>\n<script type=\"application\/ld+json\" class=\"yoast-schema-graph\">{\"@context\":\"https:\\\/\\\/schema.org\",\"@graph\":[{\"@type\":\"WebPage\",\"@id\":\"https:\\\/\\\/vozolvapen.de\\\/product\\\/puff-32k-bang-leader-32k-vape-strawberry-watermelon-grape-ice\\\/\",\"url\":\"https:\\\/\\\/vozolvapen.de\\\/product\\\/puff-32k-bang-leader-32k-vape-strawberry-watermelon-grape-ice\\\/\",\"name\":\"Strawberry Watermelon & Grape Ice Bang Leader 32k - vozolvapen\",\"isPartOf\":{\"@id\":\"https:\\\/\\\/vozolvapen.de\\\/#website\"},\"primaryImageOfPage\":{\"@id\":\"https:\\\/\\\/vozolvapen.de\\\/product\\\/puff-32k-bang-leader-32k-vape-strawberry-watermelon-grape-ice\\\/#primaryimage\"},\"image\":{\"@id\":\"https:\\\/\\\/vozolvapen.de\\\/product\\\/puff-32k-bang-leader-32k-vape-strawberry-watermelon-grape-ice\\\/#primaryimage\"},\"thumbnailUrl\":\"https:\\\/\\\/vozolvapen.de\\\/wp-content\\\/uploads\\\/2026\\\/01\\\/Puff-32k-Bang-Leader-32K-Vape-Strawberry-Watermelon-Grape-Ice.webp\",\"datePublished\":\"2026-01-05T03:21:53+00:00\",\"dateModified\":\"2026-04-08T03:11:21+00:00\",\"description\":\"Shop the sweet Strawberry Watermelon & Grape Ice Bang Leader 32000. High-capacity 32k vape with 2-in-1 flavor tech. Get 100% authentic Bang Vape gear.\",\"breadcrumb\":{\"@id\":\"https:\\\/\\\/vozolvapen.de\\\/product\\\/puff-32k-bang-leader-32k-vape-strawberry-watermelon-grape-ice\\\/#breadcrumb\"},\"inLanguage\":\"pl-PL\",\"potentialAction\":[{\"@type\":\"ReadAction\",\"target\":[\"https:\\\/\\\/vozolvapen.de\\\/product\\\/puff-32k-bang-leader-32k-vape-strawberry-watermelon-grape-ice\\\/\"]}]},{\"@type\":\"ImageObject\",\"inLanguage\":\"pl-PL\",\"@id\":\"https:\\\/\\\/vozolvapen.de\\\/product\\\/puff-32k-bang-leader-32k-vape-strawberry-watermelon-grape-ice\\\/#primaryimage\",\"url\":\"https:\\\/\\\/vozolvapen.de\\\/wp-content\\\/uploads\\\/2026\\\/01\\\/Puff-32k-Bang-Leader-32K-Vape-Strawberry-Watermelon-Grape-Ice.webp\",\"contentUrl\":\"https:\\\/\\\/vozolvapen.de\\\/wp-content\\\/uploads\\\/2026\\\/01\\\/Puff-32k-Bang-Leader-32K-Vape-Strawberry-Watermelon-Grape-Ice.webp\",\"width\":800,\"height\":800,\"caption\":\"Puff 32k Bang Leader 32K Vape - Strawberry Watermelon & Grape Ice\"},{\"@type\":\"BreadcrumbList\",\"@id\":\"https:\\\/\\\/vozolvapen.de\\\/product\\\/puff-32k-bang-leader-32k-vape-strawberry-watermelon-grape-ice\\\/#breadcrumb\",\"itemListElement\":[{\"@type\":\"ListItem\",\"position\":1,\"name\":\"Home\",\"item\":\"https:\\\/\\\/vozolvapen.de\\\/de\\\/\"},{\"@type\":\"ListItem\",\"position\":2,\"name\":\"Shop\",\"item\":\"https:\\\/\\\/vozolvapen.de\\\/shop\\\/\"},{\"@type\":\"ListItem\",\"position\":3,\"name\":\"Puff 32k Bang Leader 32K Vape &#8211; Strawberry Watermelon &#038; Grape Ice\"}]},{\"@type\":\"WebSite\",\"@id\":\"https:\\\/\\\/vozolvapen.de\\\/#website\",\"url\":\"https:\\\/\\\/vozolvapen.de\\\/\",\"name\":\"vozolvapen\",\"description\":\"vozolvapen\",\"publisher\":{\"@id\":\"https:\\\/\\\/vozolvapen.de\\\/#organization\"},\"potentialAction\":[{\"@type\":\"SearchAction\",\"target\":{\"@type\":\"EntryPoint\",\"urlTemplate\":\"https:\\\/\\\/vozolvapen.de\\\/?s={search_term_string}\"},\"query-input\":{\"@type\":\"PropertyValueSpecification\",\"valueRequired\":true,\"valueName\":\"search_term_string\"}}],\"inLanguage\":\"pl-PL\"},{\"@type\":\"Organization\",\"@id\":\"https:\\\/\\\/vozolvapen.de\\\/#organization\",\"name\":\"vozolvapen\",\"url\":\"https:\\\/\\\/vozolvapen.de\\\/\",\"logo\":{\"@type\":\"ImageObject\",\"inLanguage\":\"pl-PL\",\"@id\":\"https:\\\/\\\/vozolvapen.de\\\/#\\\/schema\\\/logo\\\/image\\\/\",\"url\":\"https:\\\/\\\/vozolvapen.de\\\/wp-content\\\/uploads\\\/2025\\\/12\\\/cropped-vozovapen-logo.webp\",\"contentUrl\":\"https:\\\/\\\/vozolvapen.de\\\/wp-content\\\/uploads\\\/2025\\\/12\\\/cropped-vozovapen-logo.webp\",\"width\":470,\"height\":110,\"caption\":\"vozolvapen\"},\"image\":{\"@id\":\"https:\\\/\\\/vozolvapen.de\\\/#\\\/schema\\\/logo\\\/image\\\/\"}}]}<\/script>\n<!-- \/ Yoast SEO Premium plugin. -->","yoast_head_json":{"title":"Strawberry Watermelon &amp; Grape Ice Bang Leader 32k - vozolvapen","description":"Kup s\u0142odki tyto\u0144 Strawberry Watermelon &amp; Grape Ice Bang Leader 32000. Waporyzator 32k o du\u017cej pojemno\u015bci z technologi\u0105 smakow\u0105 2 w 1. Zdob\u0105d\u017a autentyczny sprz\u0119t Bang Vape 100%.","robots":{"index":"index","follow":"follow","max-snippet":"max-snippet:-1","max-image-preview":"max-image-preview:large","max-video-preview":"max-video-preview:-1"},"canonical":"https:\/\/vozolvapen.de\/pl\/product\/puff-32k-bang-leader-32k-vape-strawberry-watermelon-grape-ice\/","og_locale":"pl_PL","og_type":"article","og_title":"Puff 32k Bang Leader 32K Vape - Strawberry Watermelon & Grape Ice","og_description":"Shop the sweet Strawberry Watermelon & Grape Ice Bang Leader 32000. High-capacity 32k vape with 2-in-1 flavor tech. Get 100% authentic Bang Vape gear.","og_url":"https:\/\/vozolvapen.de\/pl\/product\/puff-32k-bang-leader-32k-vape-strawberry-watermelon-grape-ice\/","og_site_name":"vozolvapen","article_modified_time":"2026-04-08T03:11:21+00:00","og_image":[{"width":800,"height":800,"url":"https:\/\/vozolvapen.de\/wp-content\/uploads\/2026\/01\/Puff-32k-Bang-Leader-32K-Vape-Strawberry-Watermelon-Grape-Ice.webp","type":"image\/webp"}],"twitter_card":"summary_large_image","twitter_misc":{"Szacowany czas czytania":"2 minuty"},"schema":{"@context":"https:\/\/schema.org","@graph":[{"@type":"WebPage","@id":"https:\/\/vozolvapen.de\/product\/puff-32k-bang-leader-32k-vape-strawberry-watermelon-grape-ice\/","url":"https:\/\/vozolvapen.de\/product\/puff-32k-bang-leader-32k-vape-strawberry-watermelon-grape-ice\/","name":"Strawberry Watermelon &amp; Grape Ice Bang Leader 32k - vozolvapen","isPartOf":{"@id":"https:\/\/vozolvapen.de\/#website"},"primaryImageOfPage":{"@id":"https:\/\/vozolvapen.de\/product\/puff-32k-bang-leader-32k-vape-strawberry-watermelon-grape-ice\/#primaryimage"},"image":{"@id":"https:\/\/vozolvapen.de\/product\/puff-32k-bang-leader-32k-vape-strawberry-watermelon-grape-ice\/#primaryimage"},"thumbnailUrl":"https:\/\/vozolvapen.de\/wp-content\/uploads\/2026\/01\/Puff-32k-Bang-Leader-32K-Vape-Strawberry-Watermelon-Grape-Ice.webp","datePublished":"2026-01-05T03:21:53+00:00","dateModified":"2026-04-08T03:11:21+00:00","description":"Kup s\u0142odki tyto\u0144 Strawberry Watermelon &amp; Grape Ice Bang Leader 32000. Waporyzator 32k o du\u017cej pojemno\u015bci z technologi\u0105 smakow\u0105 2 w 1. Zdob\u0105d\u017a autentyczny sprz\u0119t Bang Vape 100%.","breadcrumb":{"@id":"https:\/\/vozolvapen.de\/product\/puff-32k-bang-leader-32k-vape-strawberry-watermelon-grape-ice\/#breadcrumb"},"inLanguage":"pl-PL","potentialAction":[{"@type":"ReadAction","target":["https:\/\/vozolvapen.de\/product\/puff-32k-bang-leader-32k-vape-strawberry-watermelon-grape-ice\/"]}]},{"@type":"ImageObject","inLanguage":"pl-PL","@id":"https:\/\/vozolvapen.de\/product\/puff-32k-bang-leader-32k-vape-strawberry-watermelon-grape-ice\/#primaryimage","url":"https:\/\/vozolvapen.de\/wp-content\/uploads\/2026\/01\/Puff-32k-Bang-Leader-32K-Vape-Strawberry-Watermelon-Grape-Ice.webp","contentUrl":"https:\/\/vozolvapen.de\/wp-content\/uploads\/2026\/01\/Puff-32k-Bang-Leader-32K-Vape-Strawberry-Watermelon-Grape-Ice.webp","width":800,"height":800,"caption":"Puff 32k Bang Leader 32K Vape - Strawberry Watermelon & Grape Ice"},{"@type":"BreadcrumbList","@id":"https:\/\/vozolvapen.de\/product\/puff-32k-bang-leader-32k-vape-strawberry-watermelon-grape-ice\/#breadcrumb","itemListElement":[{"@type":"ListItem","position":1,"name":"Home","item":"https:\/\/vozolvapen.de\/de\/"},{"@type":"ListItem","position":2,"name":"Shop","item":"https:\/\/vozolvapen.de\/shop\/"},{"@type":"ListItem","position":3,"name":"Puff 32k Bang Leader 32K Vape &#8211; Strawberry Watermelon &#038; Grape Ice"}]},{"@type":"WebSite","@id":"https:\/\/vozolvapen.de\/#website","url":"https:\/\/vozolvapen.de\/","name":"vozolvapen","description":"vozolvapen","publisher":{"@id":"https:\/\/vozolvapen.de\/#organization"},"potentialAction":[{"@type":"SearchAction","target":{"@type":"EntryPoint","urlTemplate":"https:\/\/vozolvapen.de\/?s={search_term_string}"},"query-input":{"@type":"PropertyValueSpecification","valueRequired":true,"valueName":"search_term_string"}}],"inLanguage":"pl-PL"},{"@type":"Organization","@id":"https:\/\/vozolvapen.de\/#organization","name":"vozolvapen","url":"https:\/\/vozolvapen.de\/","logo":{"@type":"ImageObject","inLanguage":"pl-PL","@id":"https:\/\/vozolvapen.de\/#\/schema\/logo\/image\/","url":"https:\/\/vozolvapen.de\/wp-content\/uploads\/2025\/12\/cropped-vozovapen-logo.webp","contentUrl":"https:\/\/vozolvapen.de\/wp-content\/uploads\/2025\/12\/cropped-vozovapen-logo.webp","width":470,"height":110,"caption":"vozolvapen"},"image":{"@id":"https:\/\/vozolvapen.de\/#\/schema\/logo\/image\/"}}]}},"tiered_pricing_type":"fixed","tiered_pricing_fixed_rules":{"30":"10.6","50":"8.6","100":"7.6","200":"7.1"},"tiered_pricing_product_settings":{"layout":"default","base_unit_name":{"singular":null,"plural":null},"default_variation":{}},"tiered_pricing_minimum_quantity":10,"tiered_pricing_roles_data":[],"tiered_pricing_percentage_rules":[],"tiered_pricing_maximum_quantity":null,"tiered_pricing_quantity_step":"10","_links":{"self":[{"href":"https:\/\/vozolvapen.de\/pl\/wp-json\/wp\/v2\/product\/52738","targetHints":{"allow":["GET"]}}],"collection":[{"href":"https:\/\/vozolvapen.de\/pl\/wp-json\/wp\/v2\/product"}],"about":[{"href":"https:\/\/vozolvapen.de\/pl\/wp-json\/wp\/v2\/types\/product"}],"replies":[{"embeddable":true,"href":"https:\/\/vozolvapen.de\/pl\/wp-json\/wp\/v2\/comments?post=52738"}],"wp:featuredmedia":[{"embeddable":true,"href":"https:\/\/vozolvapen.de\/pl\/wp-json\/wp\/v2\/media\/53669"}],"wp:attachment":[{"href":"https:\/\/vozolvapen.de\/pl\/wp-json\/wp\/v2\/media?parent=52738"}],"wp:term":[{"taxonomy":"product_brand","embeddable":true,"href":"https:\/\/vozolvapen.de\/pl\/wp-json\/wp\/v2\/product_brand?post=52738"},{"taxonomy":"product_cat","embeddable":true,"href":"https:\/\/vozolvapen.de\/pl\/wp-json\/wp\/v2\/product_cat?post=52738"},{"taxonomy":"product_tag","embeddable":true,"href":"https:\/\/vozolvapen.de\/pl\/wp-json\/wp\/v2\/product_tag?post=52738"}],"curies":[{"name":"wp","href":"https:\/\/api.w.org\/{rel}","templated":true}]}}