{"id":53277,"date":"2026-01-05T03:22:15","date_gmt":"2026-01-05T03:22:15","guid":{"rendered":"https:\/\/vozolvapen.de\/?post_type=product&#038;p=53277"},"modified":"2026-04-08T03:12:34","modified_gmt":"2026-04-08T03:12:34","slug":"puff-32k-bang-leader-32k-vape-strawberry-kiwi-peach-ice","status":"publish","type":"product","link":"https:\/\/vozolvapen.de\/pl\/product\/puff-32k-bang-leader-32k-vape-strawberry-kiwi-peach-ice\/","title":{"rendered":"Puff 32k Bang Leader 32K Vape - Strawberry Kiwi &amp; Peach Ice"},"content":{"rendered":"<h1 data-path-to-node=\"8\"><b data-path-to-node=\"8\" data-index-in-node=\"0\">Bang Leader 32000 Puffs 2 w 1: truskawka kiwi i brzoskwinia z lodem<\/b><\/h1>\n<p data-path-to-node=\"9\"><b data-path-to-node=\"9\" data-index-in-node=\"0\">The Orchard Frost:<\/b> Harmonijna mieszanka ulubionych owoc\u00f3w ogrodowych i lodowatych owoc\u00f3w pestkowych z sadu. To <b data-path-to-node=\"9\" data-index-in-node=\"93\">32k vape<\/b> wykorzystuje <b data-path-to-node=\"9\" data-index-in-node=\"115\">Bang Leader's<\/b> Dwa zbiorniki o pojemno\u015bci 28 ml zapewniaj\u0105 przej\u015bcie od pikantnej mieszanki jag\u00f3d i kiwi do g\u0142adkiego wydechu mro\u017conej brzoskwini.<\/p>\n<h2 data-path-to-node=\"10\"><b data-path-to-node=\"10\" data-index-in-node=\"0\">G\u0142\u0119bokie zanurzenie w dojrzewaj\u0105cym w s\u0142o\u0144cu mrozie<\/b><\/h2>\n<ul data-path-to-node=\"11\">\n<li>\n<p data-path-to-node=\"11,0,0\"><b data-path-to-node=\"11,0,0\" data-index-in-node=\"0\">Mode A - Strawberry Kiwi:<\/b> Z\u0142oty standard owocowych duet\u00f3w - s\u0142odkie truskawki w po\u0142\u0105czeniu z pikantnym posmakiem \u015bwie\u017cego kiwi.<\/p>\n<\/li>\n<li>\n<p data-path-to-node=\"11,1,0\"><b data-path-to-node=\"11,1,0\" data-index-in-node=\"0\">Tryb B - Peach Ice:<\/b> Mi\u0119kkie, aksamitne nuty brzoskwini zako\u0144czone rze\u015bkim, arktycznym powiewem mentolu.<\/p>\n<\/li>\n<\/ul>\n<h2 data-path-to-node=\"12\"><b data-path-to-node=\"12\" data-index-in-node=\"0\">Dla kogo przeznaczony jest ten smak?<\/b><\/h2>\n<p data-path-to-node=\"12\"><b data-path-to-node=\"12\" data-index-in-node=\"24\">Ca\u0142odzienny Vaper:<\/b> Zr\u00f3wnowa\u017cony <b data-path-to-node=\"12\" data-index-in-node=\"54\">bang vape<\/b> wyb\u00f3r dla u\u017cytkownik\u00f3w, kt\u00f3rzy ceni\u0105 sobie subteln\u0105 s\u0142odycz i wysok\u0105 g\u0119sto\u015b\u0107 pary.<\/p>\n<h2 data-path-to-node=\"6\">Przewodnik po smakach Bang Leader 32K - Strawberry Kiwi &amp; Peach Ice<\/h2>\n<p data-path-to-node=\"54\"><b data-path-to-node=\"54\" data-index-in-node=\"0\">Sensoryczna karta wynik\u00f3w:<\/b><\/p>\n<ul data-path-to-node=\"55\">\n<li>\n<p data-path-to-node=\"55,0,0\"><b data-path-to-node=\"55,0,0\" data-index-in-node=\"0\">Aromat :<\/b> \u2b50\u2b50\u2b50\u2b50\u2606<\/p>\n<\/li>\n<li>\n<p data-path-to-node=\"55,1,0\"><b data-path-to-node=\"55,1,0\" data-index-in-node=\"0\">Odczucie w ustach :<\/b> \u2b50\u2b50\u2b50\u2b50\u2b50<\/p>\n<\/li>\n<li>\n<p data-path-to-node=\"55,2,0\"><b data-path-to-node=\"55,2,0\" data-index-in-node=\"0\">Poziom lodu :<\/b> \u2b50\u2b50\u2b50\u2b50\u2606<\/p>\n<\/li>\n<li>\n<p data-path-to-node=\"55,3,0\"><b data-path-to-node=\"55,3,0\" data-index-in-node=\"0\">S\u0142odycz :<\/b> \u2b50\u2b50\u2b50\u2b50\u2606<\/p>\n<\/li>\n<\/ul>\n<p data-path-to-node=\"56\"><b data-path-to-node=\"56\" data-index-in-node=\"0\">Werdykt eksperta:<\/b> Klasyczny i elegancki. The <b data-path-to-node=\"56\" data-index-in-node=\"41\">L\u00f3d brzoskwiniowy<\/b> jest tutaj gwiazd\u0105, oferuj\u0105c mi\u0119kki, aksamitny wydech. Jest niezawodny <b data-path-to-node=\"56\" data-index-in-node=\"118\">vaper 32k<\/b> dla u\u017cytkownik\u00f3w, kt\u00f3rzy oczekuj\u0105 p\u0142ynnej, sp\u00f3jnej wydajno\u015bci we wszystkich <b data-path-to-node=\"56\" data-index-in-node=\"192\">32000 zaci\u0105gni\u0119\u0107<\/b>.<\/p>\n<h2 data-path-to-node=\"60\">Specyfikacje Puff 32k Bang Leader 32K Vape Core<\/h2>\n<table data-path-to-node=\"34\">\n<thead>\n<tr>\n<td><strong>Specyfikacja techniczna<\/strong><\/td>\n<td><strong>Warto\u015b\u0107 Bang Leader 32K<\/strong><\/td>\n<td><strong>Profil wydajno\u015bci<\/strong><\/td>\n<\/tr>\n<\/thead>\n<tbody>\n<tr>\n<td><span data-path-to-node=\"34,1,0,0\"><b data-path-to-node=\"34,1,0,0\" data-index-in-node=\"0\">Typ produktu<\/b><\/span><\/td>\n<td><span data-path-to-node=\"34,1,1,0\"><b data-path-to-node=\"34,1,1,0\" data-index-in-node=\"0\">Bang Vape<\/b> 2 w 1<\/span><\/td>\n<td><span data-path-to-node=\"34,1,2,0\"><b data-path-to-node=\"34,1,2,0\" data-index-in-node=\"0\">Mi\u0119kko\u015b\u0107:<\/b> \ud83c\udf51\ud83c\udf51\ud83c\udf51\ud83c\udf51<\/span><\/td>\n<\/tr>\n<tr>\n<td><span data-path-to-node=\"34,2,0,0\"><b data-path-to-node=\"34,2,0,0\" data-index-in-node=\"0\">Puff Rating<\/b><\/span><\/td>\n<td><span data-path-to-node=\"34,2,1,0\">32,000 Puffs Max<\/span><\/td>\n<td><span data-path-to-node=\"34,2,2,0\"><b data-path-to-node=\"34,2,2,0\" data-index-in-node=\"0\">Lodowe wyko\u0144czenie:<\/b> Chrupi\u0105cy powiew sadu<\/span><\/td>\n<\/tr>\n<tr>\n<td><span data-path-to-node=\"34,3,0,0\"><b data-path-to-node=\"34,3,0,0\" data-index-in-node=\"0\">Bateria<\/b><\/span><\/td>\n<td><span data-path-to-node=\"34,3,1,0\">650mAh Long-Life<\/span><\/td>\n<td><span data-path-to-node=\"34,3,2,0\"><b data-path-to-node=\"34,3,2,0\" data-index-in-node=\"0\">Klarowno\u015b\u0107 smaku:<\/b> Wysoka rozdzielczo\u015b\u0107<\/span><\/td>\n<\/tr>\n<tr>\n<td><span data-path-to-node=\"34,4,0,0\"><b data-path-to-node=\"34,4,0,0\" data-index-in-node=\"0\">Rozmiar zbiornika<\/b><\/span><\/td>\n<td><span data-path-to-node=\"34,4,1,0\">28 ml + 28 ml<\/span><\/td>\n<td><span data-path-to-node=\"34,4,2,0\"><b data-path-to-node=\"34,4,2,0\" data-index-in-node=\"0\">Najlepsze dla:<\/b> Smooth Exhale Lovers<\/span><\/td>\n<\/tr>\n<\/tbody>\n<\/table>\n<h3 dir=\"auto\">Oto dalsze zalecenia dla Ciebie:<\/h3>\n<p dir=\"auto\">Odkryj jeszcze wi\u0119cej niesamowitych smak\u00f3w dzi\u0119ki Puff 32k Bang Leader 32K Vape!<\/p>\n<p dir=\"auto\"><a href=\"https:\/\/vozolvapen.de\/pl\/product-category\/bang-vape\/puff-32k-bang-leader-32k-vape-2-in-1\/\">Zobacz wszystkie odmiany tutaj \u2192<\/a><\/p>\n<p dir=\"auto\">Zapoznaj si\u0119 z nasz\u0105 pe\u0142n\u0105 kolekcj\u0105 i kupuj produkty najlepszych marek vape, kt\u00f3re pokochasz.<\/p>\n<p dir=\"auto\"><a href=\"https:\/\/vozolvapen.de\/pl\/\">Przegl\u0105daj teraz wszystkie marki \u2192<\/a><\/p>\n<p dir=\"auto\">Sprawd\u017a ca\u0142\u0105 seri\u0119 Bang Vape - ka\u017cdy smak, ka\u017cdy styl!<\/p>\n<p dir=\"auto\"><a href=\"https:\/\/vozolvapen.de\/pl\/product-category\/bang-vape\/\">Zobacz pe\u0142n\u0105 kolekcj\u0119 Bang Vape \u2192<\/a><\/p>","protected":false},"excerpt":{"rendered":"<p><b data-path-to-node=\"4,11,4,0\" data-index-in-node=\"0\">Letni sad.<\/b> P\u0142ynny <b data-path-to-node=\"4,11,4,0\" data-index-in-node=\"25\">vaper 32k<\/b> kt\u00f3ry przechodzi od pikantnej mieszanki jag\u00f3d i kiwi do aksamitnego, mro\u017anego wydechu brzoskwini.<\/p>","protected":false},"featured_media":53683,"comment_status":"open","ping_status":"closed","template":"","meta":{"_acf_changed":false},"product_brand":[],"product_cat":[134,108],"product_tag":[],"class_list":{"0":"post-53277","1":"product","2":"type-product","3":"status-publish","4":"has-post-thumbnail","6":"product_cat-eu-warehouse-in-stock","7":"product_cat-puff-32k-bang-leader-32k-vape-2-in-1","9":"first","10":"instock","11":"shipping-taxable","12":"purchasable","13":"product-type-variable"},"acf":[],"yoast_head":"<!-- This site is optimized with the Yoast SEO Premium plugin v26.1 (Yoast SEO v27.5) - https:\/\/yoast.com\/product\/yoast-seo-premium-wordpress\/ -->\n<title>Strawberry Kiwi &amp; Peach Ice Bang Leader 32000 - vozolvapen<\/title>\n<meta name=\"description\" content=\"Experience the crisp Strawberry Kiwi &amp; Peach Ice Bang Leader 32000. 32k vape puffs with a 2-in-1 manual toggle. Shipped directly from EU warehouse.\" \/>\n<meta name=\"robots\" content=\"index, follow, max-snippet:-1, max-image-preview:large, max-video-preview:-1\" \/>\n<link rel=\"canonical\" href=\"https:\/\/vozolvapen.de\/pl\/product\/puff-32k-bang-leader-32k-vape-strawberry-kiwi-peach-ice\/\" \/>\n<meta property=\"og:locale\" content=\"pl_PL\" \/>\n<meta property=\"og:type\" content=\"article\" \/>\n<meta property=\"og:title\" content=\"Puff 32k Bang Leader 32K Vape - Strawberry Kiwi &amp; Peach Ice\" \/>\n<meta property=\"og:description\" content=\"Experience the crisp Strawberry Kiwi &amp; Peach Ice Bang Leader 32000. 32k vape puffs with a 2-in-1 manual toggle. Shipped directly from EU warehouse.\" \/>\n<meta property=\"og:url\" content=\"https:\/\/vozolvapen.de\/pl\/product\/puff-32k-bang-leader-32k-vape-strawberry-kiwi-peach-ice\/\" \/>\n<meta property=\"og:site_name\" content=\"vozolvapen\" \/>\n<meta property=\"article:modified_time\" content=\"2026-04-08T03:12:34+00:00\" \/>\n<meta property=\"og:image\" content=\"https:\/\/vozolvapen.de\/wp-content\/uploads\/2026\/01\/Puff-32k-Bang-Leader-32K-Vape-Strawberry-Kiwi-Peach-Ice.webp\" \/>\n\t<meta property=\"og:image:width\" content=\"800\" \/>\n\t<meta property=\"og:image:height\" content=\"800\" \/>\n\t<meta property=\"og:image:type\" content=\"image\/webp\" \/>\n<meta name=\"twitter:card\" content=\"summary_large_image\" \/>\n<meta name=\"twitter:label1\" content=\"Szacowany czas czytania\" \/>\n\t<meta name=\"twitter:data1\" content=\"2 minuty\" \/>\n<script type=\"application\/ld+json\" class=\"yoast-schema-graph\">{\"@context\":\"https:\\\/\\\/schema.org\",\"@graph\":[{\"@type\":\"WebPage\",\"@id\":\"https:\\\/\\\/vozolvapen.de\\\/product\\\/puff-32k-bang-leader-32k-vape-strawberry-kiwi-peach-ice\\\/\",\"url\":\"https:\\\/\\\/vozolvapen.de\\\/product\\\/puff-32k-bang-leader-32k-vape-strawberry-kiwi-peach-ice\\\/\",\"name\":\"Strawberry Kiwi & Peach Ice Bang Leader 32000 - vozolvapen\",\"isPartOf\":{\"@id\":\"https:\\\/\\\/vozolvapen.de\\\/#website\"},\"primaryImageOfPage\":{\"@id\":\"https:\\\/\\\/vozolvapen.de\\\/product\\\/puff-32k-bang-leader-32k-vape-strawberry-kiwi-peach-ice\\\/#primaryimage\"},\"image\":{\"@id\":\"https:\\\/\\\/vozolvapen.de\\\/product\\\/puff-32k-bang-leader-32k-vape-strawberry-kiwi-peach-ice\\\/#primaryimage\"},\"thumbnailUrl\":\"https:\\\/\\\/vozolvapen.de\\\/wp-content\\\/uploads\\\/2026\\\/01\\\/Puff-32k-Bang-Leader-32K-Vape-Strawberry-Kiwi-Peach-Ice.webp\",\"datePublished\":\"2026-01-05T03:22:15+00:00\",\"dateModified\":\"2026-04-08T03:12:34+00:00\",\"description\":\"Experience the crisp Strawberry Kiwi & Peach Ice Bang Leader 32000. 32k vape puffs with a 2-in-1 manual toggle. Shipped directly from EU warehouse.\",\"breadcrumb\":{\"@id\":\"https:\\\/\\\/vozolvapen.de\\\/product\\\/puff-32k-bang-leader-32k-vape-strawberry-kiwi-peach-ice\\\/#breadcrumb\"},\"inLanguage\":\"pl-PL\",\"potentialAction\":[{\"@type\":\"ReadAction\",\"target\":[\"https:\\\/\\\/vozolvapen.de\\\/product\\\/puff-32k-bang-leader-32k-vape-strawberry-kiwi-peach-ice\\\/\"]}]},{\"@type\":\"ImageObject\",\"inLanguage\":\"pl-PL\",\"@id\":\"https:\\\/\\\/vozolvapen.de\\\/product\\\/puff-32k-bang-leader-32k-vape-strawberry-kiwi-peach-ice\\\/#primaryimage\",\"url\":\"https:\\\/\\\/vozolvapen.de\\\/wp-content\\\/uploads\\\/2026\\\/01\\\/Puff-32k-Bang-Leader-32K-Vape-Strawberry-Kiwi-Peach-Ice.webp\",\"contentUrl\":\"https:\\\/\\\/vozolvapen.de\\\/wp-content\\\/uploads\\\/2026\\\/01\\\/Puff-32k-Bang-Leader-32K-Vape-Strawberry-Kiwi-Peach-Ice.webp\",\"width\":800,\"height\":800,\"caption\":\"Puff 32k Bang Leader 32K Vape - Strawberry Kiwi & Peach Ice\"},{\"@type\":\"BreadcrumbList\",\"@id\":\"https:\\\/\\\/vozolvapen.de\\\/product\\\/puff-32k-bang-leader-32k-vape-strawberry-kiwi-peach-ice\\\/#breadcrumb\",\"itemListElement\":[{\"@type\":\"ListItem\",\"position\":1,\"name\":\"Home\",\"item\":\"https:\\\/\\\/vozolvapen.de\\\/de\\\/\"},{\"@type\":\"ListItem\",\"position\":2,\"name\":\"Shop\",\"item\":\"https:\\\/\\\/vozolvapen.de\\\/shop\\\/\"},{\"@type\":\"ListItem\",\"position\":3,\"name\":\"Puff 32k Bang Leader 32K Vape &#8211; Strawberry Kiwi &#038; Peach Ice\"}]},{\"@type\":\"WebSite\",\"@id\":\"https:\\\/\\\/vozolvapen.de\\\/#website\",\"url\":\"https:\\\/\\\/vozolvapen.de\\\/\",\"name\":\"vozolvapen\",\"description\":\"vozolvapen\",\"publisher\":{\"@id\":\"https:\\\/\\\/vozolvapen.de\\\/#organization\"},\"potentialAction\":[{\"@type\":\"SearchAction\",\"target\":{\"@type\":\"EntryPoint\",\"urlTemplate\":\"https:\\\/\\\/vozolvapen.de\\\/?s={search_term_string}\"},\"query-input\":{\"@type\":\"PropertyValueSpecification\",\"valueRequired\":true,\"valueName\":\"search_term_string\"}}],\"inLanguage\":\"pl-PL\"},{\"@type\":\"Organization\",\"@id\":\"https:\\\/\\\/vozolvapen.de\\\/#organization\",\"name\":\"vozolvapen\",\"url\":\"https:\\\/\\\/vozolvapen.de\\\/\",\"logo\":{\"@type\":\"ImageObject\",\"inLanguage\":\"pl-PL\",\"@id\":\"https:\\\/\\\/vozolvapen.de\\\/#\\\/schema\\\/logo\\\/image\\\/\",\"url\":\"https:\\\/\\\/vozolvapen.de\\\/wp-content\\\/uploads\\\/2025\\\/12\\\/cropped-vozovapen-logo.webp\",\"contentUrl\":\"https:\\\/\\\/vozolvapen.de\\\/wp-content\\\/uploads\\\/2025\\\/12\\\/cropped-vozovapen-logo.webp\",\"width\":470,\"height\":110,\"caption\":\"vozolvapen\"},\"image\":{\"@id\":\"https:\\\/\\\/vozolvapen.de\\\/#\\\/schema\\\/logo\\\/image\\\/\"}}]}<\/script>\n<!-- \/ Yoast SEO Premium plugin. -->","yoast_head_json":{"title":"Strawberry Kiwi &amp; Peach Ice Bang Leader 32000 - vozolvapen","description":"Poczuj rze\u015bki smak Strawberry Kiwi &amp; Peach Ice Bang Leader 32000. 32 tys. zaci\u0105gni\u0119\u0107 z r\u0119cznym prze\u0142\u0105cznikiem 2 w 1. Wysy\u0142ka bezpo\u015brednio z magazynu w UE.","robots":{"index":"index","follow":"follow","max-snippet":"max-snippet:-1","max-image-preview":"max-image-preview:large","max-video-preview":"max-video-preview:-1"},"canonical":"https:\/\/vozolvapen.de\/pl\/product\/puff-32k-bang-leader-32k-vape-strawberry-kiwi-peach-ice\/","og_locale":"pl_PL","og_type":"article","og_title":"Puff 32k Bang Leader 32K Vape - Strawberry Kiwi & Peach Ice","og_description":"Experience the crisp Strawberry Kiwi & Peach Ice Bang Leader 32000. 32k vape puffs with a 2-in-1 manual toggle. Shipped directly from EU warehouse.","og_url":"https:\/\/vozolvapen.de\/pl\/product\/puff-32k-bang-leader-32k-vape-strawberry-kiwi-peach-ice\/","og_site_name":"vozolvapen","article_modified_time":"2026-04-08T03:12:34+00:00","og_image":[{"width":800,"height":800,"url":"https:\/\/vozolvapen.de\/wp-content\/uploads\/2026\/01\/Puff-32k-Bang-Leader-32K-Vape-Strawberry-Kiwi-Peach-Ice.webp","type":"image\/webp"}],"twitter_card":"summary_large_image","twitter_misc":{"Szacowany czas czytania":"2 minuty"},"schema":{"@context":"https:\/\/schema.org","@graph":[{"@type":"WebPage","@id":"https:\/\/vozolvapen.de\/product\/puff-32k-bang-leader-32k-vape-strawberry-kiwi-peach-ice\/","url":"https:\/\/vozolvapen.de\/product\/puff-32k-bang-leader-32k-vape-strawberry-kiwi-peach-ice\/","name":"Strawberry Kiwi &amp; Peach Ice Bang Leader 32000 - vozolvapen","isPartOf":{"@id":"https:\/\/vozolvapen.de\/#website"},"primaryImageOfPage":{"@id":"https:\/\/vozolvapen.de\/product\/puff-32k-bang-leader-32k-vape-strawberry-kiwi-peach-ice\/#primaryimage"},"image":{"@id":"https:\/\/vozolvapen.de\/product\/puff-32k-bang-leader-32k-vape-strawberry-kiwi-peach-ice\/#primaryimage"},"thumbnailUrl":"https:\/\/vozolvapen.de\/wp-content\/uploads\/2026\/01\/Puff-32k-Bang-Leader-32K-Vape-Strawberry-Kiwi-Peach-Ice.webp","datePublished":"2026-01-05T03:22:15+00:00","dateModified":"2026-04-08T03:12:34+00:00","description":"Poczuj rze\u015bki smak Strawberry Kiwi &amp; Peach Ice Bang Leader 32000. 32 tys. zaci\u0105gni\u0119\u0107 z r\u0119cznym prze\u0142\u0105cznikiem 2 w 1. Wysy\u0142ka bezpo\u015brednio z magazynu w UE.","breadcrumb":{"@id":"https:\/\/vozolvapen.de\/product\/puff-32k-bang-leader-32k-vape-strawberry-kiwi-peach-ice\/#breadcrumb"},"inLanguage":"pl-PL","potentialAction":[{"@type":"ReadAction","target":["https:\/\/vozolvapen.de\/product\/puff-32k-bang-leader-32k-vape-strawberry-kiwi-peach-ice\/"]}]},{"@type":"ImageObject","inLanguage":"pl-PL","@id":"https:\/\/vozolvapen.de\/product\/puff-32k-bang-leader-32k-vape-strawberry-kiwi-peach-ice\/#primaryimage","url":"https:\/\/vozolvapen.de\/wp-content\/uploads\/2026\/01\/Puff-32k-Bang-Leader-32K-Vape-Strawberry-Kiwi-Peach-Ice.webp","contentUrl":"https:\/\/vozolvapen.de\/wp-content\/uploads\/2026\/01\/Puff-32k-Bang-Leader-32K-Vape-Strawberry-Kiwi-Peach-Ice.webp","width":800,"height":800,"caption":"Puff 32k Bang Leader 32K Vape - Strawberry Kiwi & Peach Ice"},{"@type":"BreadcrumbList","@id":"https:\/\/vozolvapen.de\/product\/puff-32k-bang-leader-32k-vape-strawberry-kiwi-peach-ice\/#breadcrumb","itemListElement":[{"@type":"ListItem","position":1,"name":"Home","item":"https:\/\/vozolvapen.de\/de\/"},{"@type":"ListItem","position":2,"name":"Shop","item":"https:\/\/vozolvapen.de\/shop\/"},{"@type":"ListItem","position":3,"name":"Puff 32k Bang Leader 32K Vape &#8211; Strawberry Kiwi &#038; Peach Ice"}]},{"@type":"WebSite","@id":"https:\/\/vozolvapen.de\/#website","url":"https:\/\/vozolvapen.de\/","name":"vozolvapen","description":"vozolvapen","publisher":{"@id":"https:\/\/vozolvapen.de\/#organization"},"potentialAction":[{"@type":"SearchAction","target":{"@type":"EntryPoint","urlTemplate":"https:\/\/vozolvapen.de\/?s={search_term_string}"},"query-input":{"@type":"PropertyValueSpecification","valueRequired":true,"valueName":"search_term_string"}}],"inLanguage":"pl-PL"},{"@type":"Organization","@id":"https:\/\/vozolvapen.de\/#organization","name":"vozolvapen","url":"https:\/\/vozolvapen.de\/","logo":{"@type":"ImageObject","inLanguage":"pl-PL","@id":"https:\/\/vozolvapen.de\/#\/schema\/logo\/image\/","url":"https:\/\/vozolvapen.de\/wp-content\/uploads\/2025\/12\/cropped-vozovapen-logo.webp","contentUrl":"https:\/\/vozolvapen.de\/wp-content\/uploads\/2025\/12\/cropped-vozovapen-logo.webp","width":470,"height":110,"caption":"vozolvapen"},"image":{"@id":"https:\/\/vozolvapen.de\/#\/schema\/logo\/image\/"}}]}},"tiered_pricing_type":"fixed","tiered_pricing_fixed_rules":{"30":"10.6","50":"8.6","100":"7.6","200":"7.1"},"tiered_pricing_product_settings":{"layout":"default","base_unit_name":{"singular":null,"plural":null},"default_variation":{}},"tiered_pricing_minimum_quantity":10,"tiered_pricing_roles_data":[],"tiered_pricing_percentage_rules":[],"tiered_pricing_maximum_quantity":null,"tiered_pricing_quantity_step":"10","_links":{"self":[{"href":"https:\/\/vozolvapen.de\/pl\/wp-json\/wp\/v2\/product\/53277","targetHints":{"allow":["GET"]}}],"collection":[{"href":"https:\/\/vozolvapen.de\/pl\/wp-json\/wp\/v2\/product"}],"about":[{"href":"https:\/\/vozolvapen.de\/pl\/wp-json\/wp\/v2\/types\/product"}],"replies":[{"embeddable":true,"href":"https:\/\/vozolvapen.de\/pl\/wp-json\/wp\/v2\/comments?post=53277"}],"wp:featuredmedia":[{"embeddable":true,"href":"https:\/\/vozolvapen.de\/pl\/wp-json\/wp\/v2\/media\/53683"}],"wp:attachment":[{"href":"https:\/\/vozolvapen.de\/pl\/wp-json\/wp\/v2\/media?parent=53277"}],"wp:term":[{"taxonomy":"product_brand","embeddable":true,"href":"https:\/\/vozolvapen.de\/pl\/wp-json\/wp\/v2\/product_brand?post=53277"},{"taxonomy":"product_cat","embeddable":true,"href":"https:\/\/vozolvapen.de\/pl\/wp-json\/wp\/v2\/product_cat?post=53277"},{"taxonomy":"product_tag","embeddable":true,"href":"https:\/\/vozolvapen.de\/pl\/wp-json\/wp\/v2\/product_tag?post=53277"}],"curies":[{"name":"wp","href":"https:\/\/api.w.org\/{rel}","templated":true}]}}