{"id":53355,"date":"2026-01-05T03:22:18","date_gmt":"2026-01-05T03:22:18","guid":{"rendered":"https:\/\/vozolvapen.de\/?post_type=product&#038;p=53355"},"modified":"2026-04-08T03:12:39","modified_gmt":"2026-04-08T03:12:39","slug":"puff-32k-bang-leader-32k-vape-strawberry-kiwi-sour-apple-raspberry","status":"publish","type":"product","link":"https:\/\/vozolvapen.de\/pl\/product\/puff-32k-bang-leader-32k-vape-strawberry-kiwi-sour-apple-raspberry\/","title":{"rendered":"Puff 32k Bang Leader 32K Vape - truskawka kiwi i kwa\u015bne jab\u0142ko malina"},"content":{"rendered":"<h1 data-path-to-node=\"14\"><b data-path-to-node=\"14\" data-index-in-node=\"0\">Bang Leader 32000 Puffs 2 w 1: Truskawka Kiwi i Kwa\u015bne Jab\u0142ko Malina<\/b><\/h1>\n<p data-path-to-node=\"15\"><b data-path-to-node=\"15\" data-index-in-node=\"0\">Zesty Fusion:<\/b> Dla vaper\u00f3w, kt\u00f3rzy pragn\u0105 dozna\u0144 typu \u201clip-pucking\u201d. To <b data-path-to-node=\"15\" data-index-in-node=\"74\">Puff 32000<\/b> Urz\u0105dzenie zosta\u0142o zaprojektowane z my\u015bl\u0105 o maksymalnym efekcie smakowym. Wysy\u0142ka za po\u015brednictwem naszej <b data-path-to-node=\"15\" data-index-in-node=\"149\">Magazyn europejski (dostawa w ci\u0105gu 1-3 dni)<\/b>, Ten prze\u0142\u0105cznik 2 w 1 prze\u0142\u0105cza si\u0119 z klasycznej s\u0142odko-cierpkiej mieszanki na odwa\u017cn\u0105, kwa\u015bn\u0105 eksplozj\u0119 owoc\u00f3w.<\/p>\n<h2 data-path-to-node=\"16\"><b data-path-to-node=\"16\" data-index-in-node=\"0\">G\u0142\u0119bokie zanurzenie w pikantnym sadzie<\/b><\/h2>\n<ul data-path-to-node=\"17\">\n<li>\n<p data-path-to-node=\"17,0,0\"><b data-path-to-node=\"17,0,0\" data-index-in-node=\"0\">Mode A - Strawberry Kiwi:<\/b> G\u0142adka, niezawodna mieszanka czerwonych jag\u00f3d i zielonego kiwi.<\/p>\n<\/li>\n<li>\n<p data-path-to-node=\"17,1,0\"><b data-path-to-node=\"17,1,0\" data-index-in-node=\"0\">Mode B - Sour Apple Raspberry:<\/b> Ostre nuty jab\u0142ka granny smith w po\u0142\u0105czeniu z cierpkimi malinami nadaj\u0105 mu pikanterii.<\/p>\n<\/li>\n<\/ul>\n<h2 data-path-to-node=\"18\"><b data-path-to-node=\"18\" data-index-in-node=\"0\">Dla kogo przeznaczony jest ten smak?<\/b><\/h2>\n<p data-path-to-node=\"18\"><b data-path-to-node=\"18\" data-index-in-node=\"24\">The Sour Hunter:<\/b> Idealny dla tych, kt\u00f3rzy chc\u0105 <b data-path-to-node=\"18\" data-index-in-node=\"72\">vaper 32k<\/b> ma ostry, orze\u017awiaj\u0105cy smak.<\/p>\n<h2 data-path-to-node=\"6\">Przewodnik po smakach Bang Leader 32K - Truskawka Kiwi i Kwa\u015bne Jab\u0142ko Malina<\/h2>\n<p data-path-to-node=\"59\"><b data-path-to-node=\"59\" data-index-in-node=\"0\">Sensoryczna karta wynik\u00f3w:<\/b><\/p>\n<ul data-path-to-node=\"60\">\n<li>\n<p data-path-to-node=\"60,0,0\"><b data-path-to-node=\"60,0,0\" data-index-in-node=\"0\">Aromat :<\/b> \u2b50\u2b50\u2b50\u2b50\u2b50<\/p>\n<\/li>\n<li>\n<p data-path-to-node=\"60,1,0\"><b data-path-to-node=\"60,1,0\" data-index-in-node=\"0\">Odczucie w ustach :<\/b> \u2b50\u2b50\u2b50\u2b50\u2606<\/p>\n<\/li>\n<li>\n<p data-path-to-node=\"60,2,0\"><b data-path-to-node=\"60,2,0\" data-index-in-node=\"0\">Poziom lodu :<\/b> \u2b50\u2b50\u2b50\u2606\u2606<\/p>\n<\/li>\n<li>\n<p data-path-to-node=\"60,3,0\"><b data-path-to-node=\"60,3,0\" data-index-in-node=\"0\">S\u0142odycz :<\/b> \u2b50\u2b50\u2b50\u2606\u2606<\/p>\n<\/li>\n<\/ul>\n<p data-path-to-node=\"61\"><b data-path-to-node=\"61\" data-index-in-node=\"0\">Werdykt eksperta:<\/b> Kr\u00f3l \u201cZesty\u201d. The <b data-path-to-node=\"61\" data-index-in-node=\"38\">Kwa\u015bne jab\u0142ko<\/b> zapewnia orze\u017awiaj\u0105cy kwa\u015bny smak, kt\u00f3ry zapobiega \u201cj\u0119zykowi wapera\u201d. To <b data-path-to-node=\"61\" data-index-in-node=\"120\">32k vape<\/b> pozostaje ostry i \u017cywy od pierwszego do ostatniego zaci\u0105gni\u0119cia.<\/p>\n<h2 data-path-to-node=\"60\">Specyfikacje Puff 32k Bang Leader 32K Vape Core<\/h2>\n<table data-path-to-node=\"37\">\n<thead>\n<tr>\n<td><strong>Specyfikacja techniczna<\/strong><\/td>\n<td><strong>Warto\u015b\u0107 Bang Leader 32K<\/strong><\/td>\n<td><strong>Profil wydajno\u015bci<\/strong><\/td>\n<\/tr>\n<\/thead>\n<tbody>\n<tr>\n<td><span data-path-to-node=\"37,1,0,0\"><b data-path-to-node=\"37,1,0,0\" data-index-in-node=\"0\">Seria<\/b><\/span><\/td>\n<td><span data-path-to-node=\"37,1,1,0\"><b data-path-to-node=\"37,1,1,0\" data-index-in-node=\"0\">Puff 32000<\/b> Zest<\/span><\/td>\n<td><span data-path-to-node=\"37,1,2,0\"><b data-path-to-node=\"37,1,2,0\" data-index-in-node=\"0\">Wsp\u00f3\u0142czynnik kwa\u015bno\u015bci:<\/b> \ud83c\udf4f\ud83c\udf4f\ud83c\udf4f\ud83c\udf4f\ud83c\udf4f<\/span><\/td>\n<\/tr>\n<tr>\n<td><span data-path-to-node=\"37,2,0,0\"><b data-path-to-node=\"37,2,0,0\" data-index-in-node=\"0\">Odporno\u015b\u0107 cewki<\/b><\/span><\/td>\n<td><span data-path-to-node=\"37,2,1,0\">1.0 Ohm Mesh<\/span><\/td>\n<td><span data-path-to-node=\"37,2,2,0\"><b data-path-to-node=\"37,2,2,0\" data-index-in-node=\"0\">Intensywno\u015b\u0107 ch\u0142odzenia:<\/b> \u2744\ufe0f<\/span><\/td>\n<\/tr>\n<tr>\n<td><span data-path-to-node=\"37,3,0,0\"><b data-path-to-node=\"37,3,0,0\" data-index-in-node=\"0\">Typ p\u0142ynu E-Liquid<\/b><\/span><\/td>\n<td><span data-path-to-node=\"37,3,1,0\">Mieszanka owoc\u00f3w premium<\/span><\/td>\n<td><span data-path-to-node=\"37,3,2,0\"><b data-path-to-node=\"37,3,2,0\" data-index-in-node=\"0\">Odczucie w ustach:<\/b> Tangy &amp; Pucking<\/span><\/td>\n<\/tr>\n<tr>\n<td><span data-path-to-node=\"37,4,0,0\"><b data-path-to-node=\"37,4,0,0\" data-index-in-node=\"0\">Waga<\/b><\/span><\/td>\n<td><span data-path-to-node=\"37,4,1,0\">105g Przyjazny dla kieszeni<\/span><\/td>\n<td><span data-path-to-node=\"37,4,2,0\"><b data-path-to-node=\"37,4,2,0\" data-index-in-node=\"0\">Najlepsze dla:<\/b> Stymulacja podniebienia<\/span><\/td>\n<\/tr>\n<\/tbody>\n<\/table>\n<h3 dir=\"auto\">Oto dalsze zalecenia dla Ciebie:<\/h3>\n<p dir=\"auto\">Odkryj jeszcze wi\u0119cej niesamowitych smak\u00f3w dzi\u0119ki Puff 32k Bang Leader 32K Vape!<\/p>\n<p dir=\"auto\"><a href=\"https:\/\/vozolvapen.de\/pl\/product-category\/bang-vape\/puff-32k-bang-leader-32k-vape-2-in-1\/\">Zobacz wszystkie odmiany tutaj \u2192<\/a><\/p>\n<p dir=\"auto\">Zapoznaj si\u0119 z nasz\u0105 pe\u0142n\u0105 kolekcj\u0105 i kupuj produkty najlepszych marek vape, kt\u00f3re pokochasz.<\/p>\n<p dir=\"auto\"><a href=\"https:\/\/vozolvapen.de\/pl\/\">Przegl\u0105daj teraz wszystkie marki \u2192<\/a><\/p>\n<p dir=\"auto\">Sprawd\u017a ca\u0142\u0105 seri\u0119 Bang Vape - ka\u017cdy smak, ka\u017cdy styl!<\/p>\n<p dir=\"auto\"><a href=\"https:\/\/vozolvapen.de\/pl\/product-category\/bang-vape\/\">Zobacz pe\u0142n\u0105 kolekcj\u0119 Bang Vape \u2192<\/a><\/p>","protected":false},"excerpt":{"rendered":"<p><b data-path-to-node=\"4,12,4,0\" data-index-in-node=\"0\">The Zesty Kick.<\/b> Zresetuj swoje podniebienie dzi\u0119ki temu <b data-path-to-node=\"4,12,4,0\" data-index-in-node=\"44\">Puff 32000<\/b> kwa\u015bny specjalista. Prze\u0142\u0105czaj si\u0119 mi\u0119dzy s\u0142odkim klasykiem a mieszank\u0105 zielonych jab\u0142ek.<\/p>","protected":false},"featured_media":53685,"comment_status":"open","ping_status":"closed","template":"","meta":{"_acf_changed":false},"product_brand":[],"product_cat":[134,108],"product_tag":[],"class_list":{"0":"post-53355","1":"product","2":"type-product","3":"status-publish","4":"has-post-thumbnail","6":"product_cat-eu-warehouse-in-stock","7":"product_cat-puff-32k-bang-leader-32k-vape-2-in-1","9":"first","10":"instock","11":"shipping-taxable","12":"purchasable","13":"product-type-variable"},"acf":[],"yoast_head":"<!-- This site is optimized with the Yoast SEO Premium plugin v26.1 (Yoast SEO v27.5) - https:\/\/yoast.com\/product\/yoast-seo-premium-wordpress\/ -->\n<title>Strawberry Kiwi &amp; Sour Apple Raspberry Bang Leader - vozolvapen<\/title>\n<meta name=\"description\" content=\"Shop the tangy Strawberry Kiwi &amp; Sour Apple Raspberry Bang Leader 32000. 2-in-1 zesty 32k vape. Fast 1-3 day delivery. Best bang vape flavors.\" \/>\n<meta name=\"robots\" content=\"index, follow, max-snippet:-1, max-image-preview:large, max-video-preview:-1\" \/>\n<link rel=\"canonical\" href=\"https:\/\/vozolvapen.de\/pl\/product\/puff-32k-bang-leader-32k-vape-strawberry-kiwi-sour-apple-raspberry\/\" \/>\n<meta property=\"og:locale\" content=\"pl_PL\" \/>\n<meta property=\"og:type\" content=\"article\" \/>\n<meta property=\"og:title\" content=\"Puff 32k Bang Leader 32K Vape - Strawberry Kiwi &amp; Sour Apple Raspberry\" \/>\n<meta property=\"og:description\" content=\"Shop the tangy Strawberry Kiwi &amp; Sour Apple Raspberry Bang Leader 32000. 2-in-1 zesty 32k vape. Fast 1-3 day delivery. Best bang vape flavors.\" \/>\n<meta property=\"og:url\" content=\"https:\/\/vozolvapen.de\/pl\/product\/puff-32k-bang-leader-32k-vape-strawberry-kiwi-sour-apple-raspberry\/\" \/>\n<meta property=\"og:site_name\" content=\"vozolvapen\" \/>\n<meta property=\"article:modified_time\" content=\"2026-04-08T03:12:39+00:00\" \/>\n<meta property=\"og:image\" content=\"https:\/\/vozolvapen.de\/wp-content\/uploads\/2026\/01\/Puff-32k-Bang-Leader-32K-Vape-Strawberry-Kiwi-Sour-Apple-Raspberry.webp\" \/>\n\t<meta property=\"og:image:width\" content=\"800\" \/>\n\t<meta property=\"og:image:height\" content=\"800\" \/>\n\t<meta property=\"og:image:type\" content=\"image\/webp\" \/>\n<meta name=\"twitter:card\" content=\"summary_large_image\" \/>\n<meta name=\"twitter:label1\" content=\"Szacowany czas czytania\" \/>\n\t<meta name=\"twitter:data1\" content=\"2 minuty\" \/>\n<script type=\"application\/ld+json\" class=\"yoast-schema-graph\">{\"@context\":\"https:\\\/\\\/schema.org\",\"@graph\":[{\"@type\":\"WebPage\",\"@id\":\"https:\\\/\\\/vozolvapen.de\\\/product\\\/puff-32k-bang-leader-32k-vape-strawberry-kiwi-sour-apple-raspberry\\\/\",\"url\":\"https:\\\/\\\/vozolvapen.de\\\/product\\\/puff-32k-bang-leader-32k-vape-strawberry-kiwi-sour-apple-raspberry\\\/\",\"name\":\"Strawberry Kiwi & Sour Apple Raspberry Bang Leader - vozolvapen\",\"isPartOf\":{\"@id\":\"https:\\\/\\\/vozolvapen.de\\\/#website\"},\"primaryImageOfPage\":{\"@id\":\"https:\\\/\\\/vozolvapen.de\\\/product\\\/puff-32k-bang-leader-32k-vape-strawberry-kiwi-sour-apple-raspberry\\\/#primaryimage\"},\"image\":{\"@id\":\"https:\\\/\\\/vozolvapen.de\\\/product\\\/puff-32k-bang-leader-32k-vape-strawberry-kiwi-sour-apple-raspberry\\\/#primaryimage\"},\"thumbnailUrl\":\"https:\\\/\\\/vozolvapen.de\\\/wp-content\\\/uploads\\\/2026\\\/01\\\/Puff-32k-Bang-Leader-32K-Vape-Strawberry-Kiwi-Sour-Apple-Raspberry.webp\",\"datePublished\":\"2026-01-05T03:22:18+00:00\",\"dateModified\":\"2026-04-08T03:12:39+00:00\",\"description\":\"Shop the tangy Strawberry Kiwi & Sour Apple Raspberry Bang Leader 32000. 2-in-1 zesty 32k vape. Fast 1-3 day delivery. Best bang vape flavors.\",\"breadcrumb\":{\"@id\":\"https:\\\/\\\/vozolvapen.de\\\/product\\\/puff-32k-bang-leader-32k-vape-strawberry-kiwi-sour-apple-raspberry\\\/#breadcrumb\"},\"inLanguage\":\"pl-PL\",\"potentialAction\":[{\"@type\":\"ReadAction\",\"target\":[\"https:\\\/\\\/vozolvapen.de\\\/product\\\/puff-32k-bang-leader-32k-vape-strawberry-kiwi-sour-apple-raspberry\\\/\"]}]},{\"@type\":\"ImageObject\",\"inLanguage\":\"pl-PL\",\"@id\":\"https:\\\/\\\/vozolvapen.de\\\/product\\\/puff-32k-bang-leader-32k-vape-strawberry-kiwi-sour-apple-raspberry\\\/#primaryimage\",\"url\":\"https:\\\/\\\/vozolvapen.de\\\/wp-content\\\/uploads\\\/2026\\\/01\\\/Puff-32k-Bang-Leader-32K-Vape-Strawberry-Kiwi-Sour-Apple-Raspberry.webp\",\"contentUrl\":\"https:\\\/\\\/vozolvapen.de\\\/wp-content\\\/uploads\\\/2026\\\/01\\\/Puff-32k-Bang-Leader-32K-Vape-Strawberry-Kiwi-Sour-Apple-Raspberry.webp\",\"width\":800,\"height\":800,\"caption\":\"Puff 32k Bang Leader 32K Vape - Strawberry Kiwi & Sour Apple Raspberry\"},{\"@type\":\"BreadcrumbList\",\"@id\":\"https:\\\/\\\/vozolvapen.de\\\/product\\\/puff-32k-bang-leader-32k-vape-strawberry-kiwi-sour-apple-raspberry\\\/#breadcrumb\",\"itemListElement\":[{\"@type\":\"ListItem\",\"position\":1,\"name\":\"Home\",\"item\":\"https:\\\/\\\/vozolvapen.de\\\/de\\\/\"},{\"@type\":\"ListItem\",\"position\":2,\"name\":\"Shop\",\"item\":\"https:\\\/\\\/vozolvapen.de\\\/shop\\\/\"},{\"@type\":\"ListItem\",\"position\":3,\"name\":\"Puff 32k Bang Leader 32K Vape &#8211; Strawberry Kiwi &#038; Sour Apple Raspberry\"}]},{\"@type\":\"WebSite\",\"@id\":\"https:\\\/\\\/vozolvapen.de\\\/#website\",\"url\":\"https:\\\/\\\/vozolvapen.de\\\/\",\"name\":\"vozolvapen\",\"description\":\"vozolvapen\",\"publisher\":{\"@id\":\"https:\\\/\\\/vozolvapen.de\\\/#organization\"},\"potentialAction\":[{\"@type\":\"SearchAction\",\"target\":{\"@type\":\"EntryPoint\",\"urlTemplate\":\"https:\\\/\\\/vozolvapen.de\\\/?s={search_term_string}\"},\"query-input\":{\"@type\":\"PropertyValueSpecification\",\"valueRequired\":true,\"valueName\":\"search_term_string\"}}],\"inLanguage\":\"pl-PL\"},{\"@type\":\"Organization\",\"@id\":\"https:\\\/\\\/vozolvapen.de\\\/#organization\",\"name\":\"vozolvapen\",\"url\":\"https:\\\/\\\/vozolvapen.de\\\/\",\"logo\":{\"@type\":\"ImageObject\",\"inLanguage\":\"pl-PL\",\"@id\":\"https:\\\/\\\/vozolvapen.de\\\/#\\\/schema\\\/logo\\\/image\\\/\",\"url\":\"https:\\\/\\\/vozolvapen.de\\\/wp-content\\\/uploads\\\/2025\\\/12\\\/cropped-vozovapen-logo.webp\",\"contentUrl\":\"https:\\\/\\\/vozolvapen.de\\\/wp-content\\\/uploads\\\/2025\\\/12\\\/cropped-vozovapen-logo.webp\",\"width\":470,\"height\":110,\"caption\":\"vozolvapen\"},\"image\":{\"@id\":\"https:\\\/\\\/vozolvapen.de\\\/#\\\/schema\\\/logo\\\/image\\\/\"}}]}<\/script>\n<!-- \/ Yoast SEO Premium plugin. -->","yoast_head_json":{"title":"Strawberry Kiwi &amp; Sour Apple Raspberry Bang Leader - vozolvapen","description":"Kup pikantn\u0105 truskawk\u0119 kiwi i kwa\u015bne jab\u0142ko malinowe Bang Leader 32000. Waporyzator 2 w 1 zesty 32k. Szybka dostawa w ci\u0105gu 1-3 dni. Najlepsze smaki bang vape.","robots":{"index":"index","follow":"follow","max-snippet":"max-snippet:-1","max-image-preview":"max-image-preview:large","max-video-preview":"max-video-preview:-1"},"canonical":"https:\/\/vozolvapen.de\/pl\/product\/puff-32k-bang-leader-32k-vape-strawberry-kiwi-sour-apple-raspberry\/","og_locale":"pl_PL","og_type":"article","og_title":"Puff 32k Bang Leader 32K Vape - Strawberry Kiwi & Sour Apple Raspberry","og_description":"Shop the tangy Strawberry Kiwi & Sour Apple Raspberry Bang Leader 32000. 2-in-1 zesty 32k vape. Fast 1-3 day delivery. Best bang vape flavors.","og_url":"https:\/\/vozolvapen.de\/pl\/product\/puff-32k-bang-leader-32k-vape-strawberry-kiwi-sour-apple-raspberry\/","og_site_name":"vozolvapen","article_modified_time":"2026-04-08T03:12:39+00:00","og_image":[{"width":800,"height":800,"url":"https:\/\/vozolvapen.de\/wp-content\/uploads\/2026\/01\/Puff-32k-Bang-Leader-32K-Vape-Strawberry-Kiwi-Sour-Apple-Raspberry.webp","type":"image\/webp"}],"twitter_card":"summary_large_image","twitter_misc":{"Szacowany czas czytania":"2 minuty"},"schema":{"@context":"https:\/\/schema.org","@graph":[{"@type":"WebPage","@id":"https:\/\/vozolvapen.de\/product\/puff-32k-bang-leader-32k-vape-strawberry-kiwi-sour-apple-raspberry\/","url":"https:\/\/vozolvapen.de\/product\/puff-32k-bang-leader-32k-vape-strawberry-kiwi-sour-apple-raspberry\/","name":"Strawberry Kiwi &amp; Sour Apple Raspberry Bang Leader - vozolvapen","isPartOf":{"@id":"https:\/\/vozolvapen.de\/#website"},"primaryImageOfPage":{"@id":"https:\/\/vozolvapen.de\/product\/puff-32k-bang-leader-32k-vape-strawberry-kiwi-sour-apple-raspberry\/#primaryimage"},"image":{"@id":"https:\/\/vozolvapen.de\/product\/puff-32k-bang-leader-32k-vape-strawberry-kiwi-sour-apple-raspberry\/#primaryimage"},"thumbnailUrl":"https:\/\/vozolvapen.de\/wp-content\/uploads\/2026\/01\/Puff-32k-Bang-Leader-32K-Vape-Strawberry-Kiwi-Sour-Apple-Raspberry.webp","datePublished":"2026-01-05T03:22:18+00:00","dateModified":"2026-04-08T03:12:39+00:00","description":"Kup pikantn\u0105 truskawk\u0119 kiwi i kwa\u015bne jab\u0142ko malinowe Bang Leader 32000. Waporyzator 2 w 1 zesty 32k. Szybka dostawa w ci\u0105gu 1-3 dni. Najlepsze smaki bang vape.","breadcrumb":{"@id":"https:\/\/vozolvapen.de\/product\/puff-32k-bang-leader-32k-vape-strawberry-kiwi-sour-apple-raspberry\/#breadcrumb"},"inLanguage":"pl-PL","potentialAction":[{"@type":"ReadAction","target":["https:\/\/vozolvapen.de\/product\/puff-32k-bang-leader-32k-vape-strawberry-kiwi-sour-apple-raspberry\/"]}]},{"@type":"ImageObject","inLanguage":"pl-PL","@id":"https:\/\/vozolvapen.de\/product\/puff-32k-bang-leader-32k-vape-strawberry-kiwi-sour-apple-raspberry\/#primaryimage","url":"https:\/\/vozolvapen.de\/wp-content\/uploads\/2026\/01\/Puff-32k-Bang-Leader-32K-Vape-Strawberry-Kiwi-Sour-Apple-Raspberry.webp","contentUrl":"https:\/\/vozolvapen.de\/wp-content\/uploads\/2026\/01\/Puff-32k-Bang-Leader-32K-Vape-Strawberry-Kiwi-Sour-Apple-Raspberry.webp","width":800,"height":800,"caption":"Puff 32k Bang Leader 32K Vape - Strawberry Kiwi & Sour Apple Raspberry"},{"@type":"BreadcrumbList","@id":"https:\/\/vozolvapen.de\/product\/puff-32k-bang-leader-32k-vape-strawberry-kiwi-sour-apple-raspberry\/#breadcrumb","itemListElement":[{"@type":"ListItem","position":1,"name":"Home","item":"https:\/\/vozolvapen.de\/de\/"},{"@type":"ListItem","position":2,"name":"Shop","item":"https:\/\/vozolvapen.de\/shop\/"},{"@type":"ListItem","position":3,"name":"Puff 32k Bang Leader 32K Vape &#8211; Strawberry Kiwi &#038; Sour Apple Raspberry"}]},{"@type":"WebSite","@id":"https:\/\/vozolvapen.de\/#website","url":"https:\/\/vozolvapen.de\/","name":"vozolvapen","description":"vozolvapen","publisher":{"@id":"https:\/\/vozolvapen.de\/#organization"},"potentialAction":[{"@type":"SearchAction","target":{"@type":"EntryPoint","urlTemplate":"https:\/\/vozolvapen.de\/?s={search_term_string}"},"query-input":{"@type":"PropertyValueSpecification","valueRequired":true,"valueName":"search_term_string"}}],"inLanguage":"pl-PL"},{"@type":"Organization","@id":"https:\/\/vozolvapen.de\/#organization","name":"vozolvapen","url":"https:\/\/vozolvapen.de\/","logo":{"@type":"ImageObject","inLanguage":"pl-PL","@id":"https:\/\/vozolvapen.de\/#\/schema\/logo\/image\/","url":"https:\/\/vozolvapen.de\/wp-content\/uploads\/2025\/12\/cropped-vozovapen-logo.webp","contentUrl":"https:\/\/vozolvapen.de\/wp-content\/uploads\/2025\/12\/cropped-vozovapen-logo.webp","width":470,"height":110,"caption":"vozolvapen"},"image":{"@id":"https:\/\/vozolvapen.de\/#\/schema\/logo\/image\/"}}]}},"tiered_pricing_type":"fixed","tiered_pricing_fixed_rules":{"30":"10.6","50":"8.6","100":"7.6","200":"7.1"},"tiered_pricing_product_settings":{"layout":"default","base_unit_name":{"singular":null,"plural":null},"default_variation":{}},"tiered_pricing_minimum_quantity":10,"tiered_pricing_roles_data":[],"tiered_pricing_percentage_rules":[],"tiered_pricing_maximum_quantity":null,"tiered_pricing_quantity_step":"10","_links":{"self":[{"href":"https:\/\/vozolvapen.de\/pl\/wp-json\/wp\/v2\/product\/53355","targetHints":{"allow":["GET"]}}],"collection":[{"href":"https:\/\/vozolvapen.de\/pl\/wp-json\/wp\/v2\/product"}],"about":[{"href":"https:\/\/vozolvapen.de\/pl\/wp-json\/wp\/v2\/types\/product"}],"replies":[{"embeddable":true,"href":"https:\/\/vozolvapen.de\/pl\/wp-json\/wp\/v2\/comments?post=53355"}],"wp:featuredmedia":[{"embeddable":true,"href":"https:\/\/vozolvapen.de\/pl\/wp-json\/wp\/v2\/media\/53685"}],"wp:attachment":[{"href":"https:\/\/vozolvapen.de\/pl\/wp-json\/wp\/v2\/media?parent=53355"}],"wp:term":[{"taxonomy":"product_brand","embeddable":true,"href":"https:\/\/vozolvapen.de\/pl\/wp-json\/wp\/v2\/product_brand?post=53355"},{"taxonomy":"product_cat","embeddable":true,"href":"https:\/\/vozolvapen.de\/pl\/wp-json\/wp\/v2\/product_cat?post=53355"},{"taxonomy":"product_tag","embeddable":true,"href":"https:\/\/vozolvapen.de\/pl\/wp-json\/wp\/v2\/product_tag?post=53355"}],"curies":[{"name":"wp","href":"https:\/\/api.w.org\/{rel}","templated":true}]}}