{"id":57538,"date":"2026-01-09T03:05:56","date_gmt":"2026-01-09T03:05:56","guid":{"rendered":"https:\/\/vozolvapen.de\/?post_type=product&#038;p=57538"},"modified":"2026-02-10T10:46:03","modified_gmt":"2026-02-10T10:46:03","slug":"jnr-falcon-x-18000-puff-vape-cherry-cola","status":"publish","type":"product","link":"https:\/\/vozolvapen.de\/pl\/product\/jnr-falcon-x-18000-puff-vape-cherry-cola\/","title":{"rendered":"JNR Falcon-X 18000 Puff Vape - Cherry Cola"},"content":{"rendered":"<h1 data-path-to-node=\"30\"><b data-path-to-node=\"30\" data-index-in-node=\"0\">Cherry Cola - JNR Falcon-X 18000 puff 18k jnr<\/b><\/h1>\n<p data-path-to-node=\"31\">Zaspok\u00f3j swoje pragnienie nostalgicznym smakiem Cherry Cola. The <b data-path-to-node=\"31\" data-index-in-node=\"66\">jnr falcon 18000<\/b> wykorzystuje technologi\u0119 Dual Core, aby odtworzy\u0107 musuj\u0105ce, musuj\u0105ce uczucie ulubionego napoju gazowanego.<\/p>\n<h2 data-path-to-node=\"32\"><b data-path-to-node=\"32\" data-index-in-node=\"0\">Profil smakowy<\/b><\/h2>\n<p data-path-to-node=\"32\">Smak ten doskonale na\u015bladuje klasyczn\u0105 ciemn\u0105 col\u0119, z karmelowo-s\u0142odk\u0105 baz\u0105 i b\u0105belkow\u0105 konsystencj\u0105, zwie\u0144czon\u0105 obfitym pluskiem s\u0142odkiego syropu wi\u015bniowego.<\/p>\n<h2 data-path-to-node=\"33\"><b data-path-to-node=\"33\" data-index-in-node=\"0\">Przewodnik personalizacji<\/b><\/h2>\n<p data-path-to-node=\"33\">Aby uzyska\u0107 uczucie \u201cmusowania\u201d, nale\u017cy u\u017cy\u0107 \u015bredniego ustawienia przep\u0142ywu powietrza. Tworzy to wystarczaj\u0105c\u0105 turbulencj\u0119 w <b data-path-to-node=\"33\" data-index-in-node=\"119\">jnr puff<\/b> komora, aby nuty coli by\u0142y wyczuwalne na j\u0119zyku.<\/p>\n<h2 data-path-to-node=\"26\">JNR Falcon-X 18000 Flavor - Cherry Cola<\/h2>\n<table data-path-to-node=\"15\">\n<thead>\n<tr>\n<td><strong>Cecha<\/strong><\/td>\n<td><strong>Ocena<\/strong><\/td>\n<td><strong>Werdykt<\/strong><\/td>\n<\/tr>\n<\/thead>\n<tbody>\n<tr>\n<td><span data-path-to-node=\"15,1,0,0\"><b data-path-to-node=\"15,1,0,0\" data-index-in-node=\"0\">S\u0142odycz<\/b><\/span><\/td>\n<td><span data-path-to-node=\"15,1,1,0\">\u2605\u2605\u2605\u2605\u2606<\/span><\/td>\n<td><span data-path-to-node=\"15,1,2,0\">Autentyczna s\u0142odycz w stylu syropu.<\/span><\/td>\n<\/tr>\n<tr>\n<td><span data-path-to-node=\"15,2,0,0\"><b data-path-to-node=\"15,2,0,0\" data-index-in-node=\"0\">Icy\/Coolness<\/b><\/span><\/td>\n<td><span data-path-to-node=\"15,2,1,0\">\u2605\u2605\u2605\u2606\u2606<\/span><\/td>\n<td><span data-path-to-node=\"15,2,2,0\">Na\u015bladuje ch\u0142odz\u0105ce uczucie zimnego napoju gazowanego.<\/span><\/td>\n<\/tr>\n<tr>\n<td><span data-path-to-node=\"15,3,0,0\"><b data-path-to-node=\"15,3,0,0\" data-index-in-node=\"0\">Aromat\/kompleksowo\u015b\u0107<\/b><\/span><\/td>\n<td><span data-path-to-node=\"15,3,1,0\">\u2605\u2605\u2605\u2605\u2605<\/span><\/td>\n<td><span data-path-to-node=\"15,3,2,0\">Z\u0142o\u017cone uczucie \u201cmusowania\u201d dzi\u0119ki technologii Dual Core.<\/span><\/td>\n<\/tr>\n<tr>\n<td><span data-path-to-node=\"15,4,0,0\"><b data-path-to-node=\"15,4,0,0\" data-index-in-node=\"0\">Podstawowe uwagi<\/b><\/span><\/td>\n<td><span data-path-to-node=\"15,4,1,0\"><b data-path-to-node=\"15,4,1,0\" data-index-in-node=\"0\">Musuj\u0105ca Cola<\/b><\/span><\/td>\n<td><span data-path-to-node=\"15,4,2,0\"><b data-path-to-node=\"15,4,2,0\" data-index-in-node=\"0\">S\u0142odka wi\u015bnia<\/b><\/span><\/td>\n<\/tr>\n<\/tbody>\n<\/table>\n<h2><strong>JNR Falcon-X 18000 <\/strong><strong>Wideo\uff1a<\/strong><\/h2>\n<p><iframe title=\"JNR Falcon X 18000 Puff Vape\" src=\"https:\/\/player.vimeo.com\/video\/1151536729?badge=0&amp;autopause=0&amp;player_id=0&amp;app_id=58479\" width=\"400\" height=\"711\" frameborder=\"0\"><\/iframe><\/p>\n<h3 data-path-to-node=\"2\">JNR Falcon-X 18000 Puff Vape - specyfikacja techniczna<\/h3>\n<table data-path-to-node=\"8\">\n<thead>\n<tr>\n<td><strong>Funkcja sprz\u0119towa<\/strong><\/td>\n<td><strong>Szczeg\u00f3\u0142y specyfikacji<\/strong><\/td>\n<\/tr>\n<\/thead>\n<tbody>\n<tr>\n<td><span data-path-to-node=\"8,1,0,0\"><b data-path-to-node=\"8,1,0,0\" data-index-in-node=\"0\">Seria marek<\/b><\/span><\/td>\n<td><span data-path-to-node=\"8,1,1,0\"><b data-path-to-node=\"8,1,1,0\" data-index-in-node=\"0\">jnr 18000<\/b> Falcon-X<\/span><\/td>\n<\/tr>\n<tr>\n<td><span data-path-to-node=\"8,2,0,0\"><b data-path-to-node=\"8,2,0,0\" data-index-in-node=\"0\">Pojemno\u015b\u0107 zbiornika<\/b><\/span><\/td>\n<td><span data-path-to-node=\"8,2,1,0\">24 ml kapsu\u0142ka o du\u017cej pojemno\u015bci<\/span><\/td>\n<\/tr>\n<tr>\n<td><span data-path-to-node=\"8,3,0,0\"><b data-path-to-node=\"8,3,0,0\" data-index-in-node=\"0\">Technologia cewek<\/b><\/span><\/td>\n<td><span data-path-to-node=\"8,3,1,0\">Zaawansowana podw\u00f3jna siatka 0,6\u03a9 (zoptymalizowana pod k\u0105tem smaku)<\/span><\/td>\n<\/tr>\n<tr>\n<td><span data-path-to-node=\"8,4,0,0\"><b data-path-to-node=\"8,4,0,0\" data-index-in-node=\"0\">Zdolno\u015b\u0107 trafienia<\/b><\/span><\/td>\n<td><span data-path-to-node=\"8,4,1,0\">18,000 Puffs (<b data-path-to-node=\"8,4,1,0\" data-index-in-node=\"14\">puff 18k jnr<\/b>)<\/span><\/td>\n<\/tr>\n<tr>\n<td><span data-path-to-node=\"8,5,0,0\"><b data-path-to-node=\"8,5,0,0\" data-index-in-node=\"0\">Interfejs \u0142adowania<\/b><\/span><\/td>\n<td><span data-path-to-node=\"8,5,1,0\">Szybkie \u0142adowanie typu C<\/span><\/td>\n<\/tr>\n<tr>\n<td><span data-path-to-node=\"8,6,0,0\"><b data-path-to-node=\"8,6,0,0\" data-index-in-node=\"0\">Interfejs u\u017cytkownika<\/b><\/span><\/td>\n<td><span data-path-to-node=\"8,6,1,0\">Cyfrowy wska\u017anik poziomu w czasie rzeczywistym<\/span><\/td>\n<\/tr>\n<tr>\n<td><span data-path-to-node=\"8,7,0,0\"><b data-path-to-node=\"8,7,0,0\" data-index-in-node=\"0\">Si\u0142a nikotyny<\/b><\/span><\/td>\n<td><span data-path-to-node=\"8,7,1,0\">Dost\u0119pne w wersjach 2% i 5% Salt Nic<\/span><\/td>\n<\/tr>\n<\/tbody>\n<\/table>\n<h3 dir=\"auto\">Oto dalsze zalecenia dla Ciebie:<\/h3>\n<p dir=\"auto\">Odkryj jeszcze wi\u0119cej niesamowitych smak\u00f3w dzi\u0119ki JNR Falcon-X 18000 Puff Vape!<\/p>\n<p dir=\"auto\"><a href=\"https:\/\/vozolvapen.de\/pl\/product-category\/jnr-vape\/jnr-falcon-x-18000-puff-vape\/\">Zobacz wszystkie odmiany tutaj \u2192<\/a><\/p>\n<p dir=\"auto\">Zapoznaj si\u0119 z nasz\u0105 pe\u0142n\u0105 kolekcj\u0105 i kupuj produkty najlepszych marek vape, kt\u00f3re pokochasz.<\/p>\n<p dir=\"auto\"><a href=\"https:\/\/vozolvapen.de\/pl\/\">Przegl\u0105daj teraz wszystkie marki \u2192<\/a><\/p>\n<p dir=\"auto\">Sprawd\u017a ca\u0142\u0105 seri\u0119 JNR Vape - ka\u017cdy smak, ka\u017cdy styl!<\/p>\n<p dir=\"auto\"><a href=\"https:\/\/vozolvapen.de\/pl\/product-category\/jnr-vape\/\">Zobacz pe\u0142n\u0105 kolekcj\u0119 JNR Vape \u2192<\/a><\/p>","protected":false},"excerpt":{"rendered":"<p>Klasyczny nap\u00f3j gazowany z wi\u015bniow\u0105 nut\u0105. The <b data-path-to-node=\"3,5,4,0\" data-index-in-node=\"69\">JNR Falcon-X<\/b> wykorzystuje cewk\u0119 z siatk\u0105 0,6\u03a9, aby uzyska\u0107 efekt 18 tys. puff\u00f3w.<\/p>","protected":false},"featured_media":58565,"comment_status":"open","ping_status":"closed","template":"","meta":{"_acf_changed":false},"product_brand":[],"product_cat":[134,59],"product_tag":[],"class_list":{"0":"post-57538","1":"product","2":"type-product","3":"status-publish","4":"has-post-thumbnail","6":"product_cat-eu-warehouse-in-stock","7":"product_cat-jnr-falcon-x-18000-puff-vape","9":"first","10":"instock","11":"shipping-taxable","12":"purchasable","13":"product-type-variable"},"acf":[],"yoast_head":"<!-- This site is optimized with the Yoast SEO Premium plugin v26.1 (Yoast SEO v27.5) - https:\/\/yoast.com\/product\/yoast-seo-premium-wordpress\/ -->\n<title>Cherry Cola JNR Falcon 18000 | JNR 18000 Vape - vozolvapen<\/title>\n<meta name=\"description\" content=\"Refresh with Cherry Cola JNR 18000. 18k puffs of fizzy soda flavor with a digital display. Authentic JNR puff shipped from EU.\" \/>\n<meta name=\"robots\" content=\"index, follow, max-snippet:-1, max-image-preview:large, max-video-preview:-1\" \/>\n<link rel=\"canonical\" href=\"https:\/\/vozolvapen.de\/pl\/product\/jnr-falcon-x-18000-puff-vape-cherry-cola\/\" \/>\n<meta property=\"og:locale\" content=\"pl_PL\" \/>\n<meta property=\"og:type\" content=\"article\" \/>\n<meta property=\"og:title\" content=\"JNR Falcon-X 18000 Puff Vape - Cherry Cola\" \/>\n<meta property=\"og:description\" content=\"Refresh with Cherry Cola JNR 18000. 18k puffs of fizzy soda flavor with a digital display. Authentic JNR puff shipped from EU.\" \/>\n<meta property=\"og:url\" content=\"https:\/\/vozolvapen.de\/pl\/product\/jnr-falcon-x-18000-puff-vape-cherry-cola\/\" \/>\n<meta property=\"og:site_name\" content=\"vozolvapen\" \/>\n<meta property=\"article:modified_time\" content=\"2026-02-10T10:46:03+00:00\" \/>\n<meta property=\"og:image\" content=\"https:\/\/vozolvapen.de\/wp-content\/uploads\/2026\/01\/JNR-Falcon-X-18000-Cherry-Cola.webp\" \/>\n\t<meta property=\"og:image:width\" content=\"1200\" \/>\n\t<meta property=\"og:image:height\" content=\"1200\" \/>\n\t<meta property=\"og:image:type\" content=\"image\/webp\" \/>\n<meta name=\"twitter:card\" content=\"summary_large_image\" \/>\n<meta name=\"twitter:label1\" content=\"Szacowany czas czytania\" \/>\n\t<meta name=\"twitter:data1\" content=\"2 minuty\" \/>\n<script type=\"application\/ld+json\" class=\"yoast-schema-graph\">{\"@context\":\"https:\\\/\\\/schema.org\",\"@graph\":[{\"@type\":\"WebPage\",\"@id\":\"https:\\\/\\\/vozolvapen.de\\\/product\\\/jnr-falcon-x-18000-puff-vape-cherry-cola\\\/\",\"url\":\"https:\\\/\\\/vozolvapen.de\\\/product\\\/jnr-falcon-x-18000-puff-vape-cherry-cola\\\/\",\"name\":\"Cherry Cola JNR Falcon 18000 | JNR 18000 Vape - vozolvapen\",\"isPartOf\":{\"@id\":\"https:\\\/\\\/vozolvapen.de\\\/#website\"},\"primaryImageOfPage\":{\"@id\":\"https:\\\/\\\/vozolvapen.de\\\/product\\\/jnr-falcon-x-18000-puff-vape-cherry-cola\\\/#primaryimage\"},\"image\":{\"@id\":\"https:\\\/\\\/vozolvapen.de\\\/product\\\/jnr-falcon-x-18000-puff-vape-cherry-cola\\\/#primaryimage\"},\"thumbnailUrl\":\"https:\\\/\\\/vozolvapen.de\\\/wp-content\\\/uploads\\\/2026\\\/01\\\/JNR-Falcon-X-18000-Cherry-Cola.webp\",\"datePublished\":\"2026-01-09T03:05:56+00:00\",\"dateModified\":\"2026-02-10T10:46:03+00:00\",\"description\":\"Refresh with Cherry Cola JNR 18000. 18k puffs of fizzy soda flavor with a digital display. Authentic JNR puff shipped from EU.\",\"breadcrumb\":{\"@id\":\"https:\\\/\\\/vozolvapen.de\\\/product\\\/jnr-falcon-x-18000-puff-vape-cherry-cola\\\/#breadcrumb\"},\"inLanguage\":\"pl-PL\",\"potentialAction\":[{\"@type\":\"ReadAction\",\"target\":[\"https:\\\/\\\/vozolvapen.de\\\/product\\\/jnr-falcon-x-18000-puff-vape-cherry-cola\\\/\"]}]},{\"@type\":\"ImageObject\",\"inLanguage\":\"pl-PL\",\"@id\":\"https:\\\/\\\/vozolvapen.de\\\/product\\\/jnr-falcon-x-18000-puff-vape-cherry-cola\\\/#primaryimage\",\"url\":\"https:\\\/\\\/vozolvapen.de\\\/wp-content\\\/uploads\\\/2026\\\/01\\\/JNR-Falcon-X-18000-Cherry-Cola.webp\",\"contentUrl\":\"https:\\\/\\\/vozolvapen.de\\\/wp-content\\\/uploads\\\/2026\\\/01\\\/JNR-Falcon-X-18000-Cherry-Cola.webp\",\"width\":1200,\"height\":1200,\"caption\":\"JNR Falcon X 18000 Cherry Cola\"},{\"@type\":\"BreadcrumbList\",\"@id\":\"https:\\\/\\\/vozolvapen.de\\\/product\\\/jnr-falcon-x-18000-puff-vape-cherry-cola\\\/#breadcrumb\",\"itemListElement\":[{\"@type\":\"ListItem\",\"position\":1,\"name\":\"Home\",\"item\":\"https:\\\/\\\/vozolvapen.de\\\/de\\\/\"},{\"@type\":\"ListItem\",\"position\":2,\"name\":\"Shop\",\"item\":\"https:\\\/\\\/vozolvapen.de\\\/shop\\\/\"},{\"@type\":\"ListItem\",\"position\":3,\"name\":\"JNR Falcon-X 18000 Puff Vape &#8211; Cherry Cola\"}]},{\"@type\":\"WebSite\",\"@id\":\"https:\\\/\\\/vozolvapen.de\\\/#website\",\"url\":\"https:\\\/\\\/vozolvapen.de\\\/\",\"name\":\"vozolvapen\",\"description\":\"vozolvapen\",\"publisher\":{\"@id\":\"https:\\\/\\\/vozolvapen.de\\\/#organization\"},\"potentialAction\":[{\"@type\":\"SearchAction\",\"target\":{\"@type\":\"EntryPoint\",\"urlTemplate\":\"https:\\\/\\\/vozolvapen.de\\\/?s={search_term_string}\"},\"query-input\":{\"@type\":\"PropertyValueSpecification\",\"valueRequired\":true,\"valueName\":\"search_term_string\"}}],\"inLanguage\":\"pl-PL\"},{\"@type\":\"Organization\",\"@id\":\"https:\\\/\\\/vozolvapen.de\\\/#organization\",\"name\":\"vozolvapen\",\"url\":\"https:\\\/\\\/vozolvapen.de\\\/\",\"logo\":{\"@type\":\"ImageObject\",\"inLanguage\":\"pl-PL\",\"@id\":\"https:\\\/\\\/vozolvapen.de\\\/#\\\/schema\\\/logo\\\/image\\\/\",\"url\":\"https:\\\/\\\/vozolvapen.de\\\/wp-content\\\/uploads\\\/2025\\\/12\\\/cropped-vozovapen-logo.webp\",\"contentUrl\":\"https:\\\/\\\/vozolvapen.de\\\/wp-content\\\/uploads\\\/2025\\\/12\\\/cropped-vozovapen-logo.webp\",\"width\":470,\"height\":110,\"caption\":\"vozolvapen\"},\"image\":{\"@id\":\"https:\\\/\\\/vozolvapen.de\\\/#\\\/schema\\\/logo\\\/image\\\/\"}}]}<\/script>\n<!-- \/ Yoast SEO Premium plugin. -->","yoast_head_json":{"title":"Cherry Cola JNR Falcon 18000 | JNR 18000 Vape - vozolvapen","description":"Od\u015bwie\u017c si\u0119 z Cherry Cola JNR 18000. 18 tys. puff\u00f3w o smaku napoju gazowanego z cyfrowym wy\u015bwietlaczem. Autentyczna dmuchawa JNR wysy\u0142ana z UE.","robots":{"index":"index","follow":"follow","max-snippet":"max-snippet:-1","max-image-preview":"max-image-preview:large","max-video-preview":"max-video-preview:-1"},"canonical":"https:\/\/vozolvapen.de\/pl\/product\/jnr-falcon-x-18000-puff-vape-cherry-cola\/","og_locale":"pl_PL","og_type":"article","og_title":"JNR Falcon-X 18000 Puff Vape - Cherry Cola","og_description":"Refresh with Cherry Cola JNR 18000. 18k puffs of fizzy soda flavor with a digital display. Authentic JNR puff shipped from EU.","og_url":"https:\/\/vozolvapen.de\/pl\/product\/jnr-falcon-x-18000-puff-vape-cherry-cola\/","og_site_name":"vozolvapen","article_modified_time":"2026-02-10T10:46:03+00:00","og_image":[{"width":1200,"height":1200,"url":"https:\/\/vozolvapen.de\/wp-content\/uploads\/2026\/01\/JNR-Falcon-X-18000-Cherry-Cola.webp","type":"image\/webp"}],"twitter_card":"summary_large_image","twitter_misc":{"Szacowany czas czytania":"2 minuty"},"schema":{"@context":"https:\/\/schema.org","@graph":[{"@type":"WebPage","@id":"https:\/\/vozolvapen.de\/product\/jnr-falcon-x-18000-puff-vape-cherry-cola\/","url":"https:\/\/vozolvapen.de\/product\/jnr-falcon-x-18000-puff-vape-cherry-cola\/","name":"Cherry Cola JNR Falcon 18000 | JNR 18000 Vape - vozolvapen","isPartOf":{"@id":"https:\/\/vozolvapen.de\/#website"},"primaryImageOfPage":{"@id":"https:\/\/vozolvapen.de\/product\/jnr-falcon-x-18000-puff-vape-cherry-cola\/#primaryimage"},"image":{"@id":"https:\/\/vozolvapen.de\/product\/jnr-falcon-x-18000-puff-vape-cherry-cola\/#primaryimage"},"thumbnailUrl":"https:\/\/vozolvapen.de\/wp-content\/uploads\/2026\/01\/JNR-Falcon-X-18000-Cherry-Cola.webp","datePublished":"2026-01-09T03:05:56+00:00","dateModified":"2026-02-10T10:46:03+00:00","description":"Od\u015bwie\u017c si\u0119 z Cherry Cola JNR 18000. 18 tys. puff\u00f3w o smaku napoju gazowanego z cyfrowym wy\u015bwietlaczem. Autentyczna dmuchawa JNR wysy\u0142ana z UE.","breadcrumb":{"@id":"https:\/\/vozolvapen.de\/product\/jnr-falcon-x-18000-puff-vape-cherry-cola\/#breadcrumb"},"inLanguage":"pl-PL","potentialAction":[{"@type":"ReadAction","target":["https:\/\/vozolvapen.de\/product\/jnr-falcon-x-18000-puff-vape-cherry-cola\/"]}]},{"@type":"ImageObject","inLanguage":"pl-PL","@id":"https:\/\/vozolvapen.de\/product\/jnr-falcon-x-18000-puff-vape-cherry-cola\/#primaryimage","url":"https:\/\/vozolvapen.de\/wp-content\/uploads\/2026\/01\/JNR-Falcon-X-18000-Cherry-Cola.webp","contentUrl":"https:\/\/vozolvapen.de\/wp-content\/uploads\/2026\/01\/JNR-Falcon-X-18000-Cherry-Cola.webp","width":1200,"height":1200,"caption":"JNR Falcon X 18000 Cherry Cola"},{"@type":"BreadcrumbList","@id":"https:\/\/vozolvapen.de\/product\/jnr-falcon-x-18000-puff-vape-cherry-cola\/#breadcrumb","itemListElement":[{"@type":"ListItem","position":1,"name":"Home","item":"https:\/\/vozolvapen.de\/de\/"},{"@type":"ListItem","position":2,"name":"Shop","item":"https:\/\/vozolvapen.de\/shop\/"},{"@type":"ListItem","position":3,"name":"JNR Falcon-X 18000 Puff Vape &#8211; Cherry Cola"}]},{"@type":"WebSite","@id":"https:\/\/vozolvapen.de\/#website","url":"https:\/\/vozolvapen.de\/","name":"vozolvapen","description":"vozolvapen","publisher":{"@id":"https:\/\/vozolvapen.de\/#organization"},"potentialAction":[{"@type":"SearchAction","target":{"@type":"EntryPoint","urlTemplate":"https:\/\/vozolvapen.de\/?s={search_term_string}"},"query-input":{"@type":"PropertyValueSpecification","valueRequired":true,"valueName":"search_term_string"}}],"inLanguage":"pl-PL"},{"@type":"Organization","@id":"https:\/\/vozolvapen.de\/#organization","name":"vozolvapen","url":"https:\/\/vozolvapen.de\/","logo":{"@type":"ImageObject","inLanguage":"pl-PL","@id":"https:\/\/vozolvapen.de\/#\/schema\/logo\/image\/","url":"https:\/\/vozolvapen.de\/wp-content\/uploads\/2025\/12\/cropped-vozovapen-logo.webp","contentUrl":"https:\/\/vozolvapen.de\/wp-content\/uploads\/2025\/12\/cropped-vozovapen-logo.webp","width":470,"height":110,"caption":"vozolvapen"},"image":{"@id":"https:\/\/vozolvapen.de\/#\/schema\/logo\/image\/"}}]}},"tiered_pricing_type":"fixed","tiered_pricing_fixed_rules":{"30":"13.86","50":"10.86","100":"9.86","200":"8.86"},"tiered_pricing_product_settings":{"layout":"default","base_unit_name":{"singular":null,"plural":null},"default_variation":{}},"tiered_pricing_minimum_quantity":10,"tiered_pricing_roles_data":[],"tiered_pricing_percentage_rules":[],"tiered_pricing_maximum_quantity":null,"tiered_pricing_quantity_step":"10","_links":{"self":[{"href":"https:\/\/vozolvapen.de\/pl\/wp-json\/wp\/v2\/product\/57538","targetHints":{"allow":["GET"]}}],"collection":[{"href":"https:\/\/vozolvapen.de\/pl\/wp-json\/wp\/v2\/product"}],"about":[{"href":"https:\/\/vozolvapen.de\/pl\/wp-json\/wp\/v2\/types\/product"}],"replies":[{"embeddable":true,"href":"https:\/\/vozolvapen.de\/pl\/wp-json\/wp\/v2\/comments?post=57538"}],"wp:featuredmedia":[{"embeddable":true,"href":"https:\/\/vozolvapen.de\/pl\/wp-json\/wp\/v2\/media\/58565"}],"wp:attachment":[{"href":"https:\/\/vozolvapen.de\/pl\/wp-json\/wp\/v2\/media?parent=57538"}],"wp:term":[{"taxonomy":"product_brand","embeddable":true,"href":"https:\/\/vozolvapen.de\/pl\/wp-json\/wp\/v2\/product_brand?post=57538"},{"taxonomy":"product_cat","embeddable":true,"href":"https:\/\/vozolvapen.de\/pl\/wp-json\/wp\/v2\/product_cat?post=57538"},{"taxonomy":"product_tag","embeddable":true,"href":"https:\/\/vozolvapen.de\/pl\/wp-json\/wp\/v2\/product_tag?post=57538"}],"curies":[{"name":"wp","href":"https:\/\/api.w.org\/{rel}","templated":true}]}}