{"id":66415,"date":"2026-02-02T09:58:53","date_gmt":"2026-02-02T09:58:53","guid":{"rendered":"https:\/\/vozolvapen.de\/?post_type=product&#038;p=66415"},"modified":"2026-03-15T07:08:54","modified_gmt":"2026-03-15T07:08:54","slug":"razz-bar-60000-60k-puffs-disposable-vape-crystal-lcd-display-eu-warehouse-wholesale","status":"publish","type":"product","link":"https:\/\/vozolvapen.de\/pl\/product\/razz-bar-60000-60k-puffs-disposable-vape-crystal-lcd-display-eu-warehouse-wholesale\/","title":{"rendered":"Razz Bar 60000 60k Puffs Jednorazowy Vape | Kryszta\u0142owy wy\u015bwietlacz LCD | Hurtownia w UE"},"content":{"rendered":"<h1 style=\"text-align: center;\">Razz Bar 60000 60k Puffs jednorazowy Vape<\/h1>\n<p>Do\u015bwiadcz ostatecznej rewolucji w waporyzacji dzi\u0119ki <b data-path-to-node=\"1\" data-index-in-node=\"51\">Razz Bar 60000<\/b>, jest najbardziej pojemnym urz\u0105dzeniem jednorazowego u\u017cytku na rynku. Wyposa\u017cony w osza\u0142amiaj\u0105cy <b data-path-to-node=\"1\" data-index-in-node=\"143\">Kryszta\u0142<\/b> design i inteligentny <b data-path-to-node=\"1\" data-index-in-node=\"170\">Wy\u015bwietlacz LED<\/b>, w <b data-path-to-node=\"1\" data-index-in-node=\"187\">Razz Bar 60k<\/b> oferuje niesamowit\u0105 <b data-path-to-node=\"1\" data-index-in-node=\"221\">60 000 zaci\u0105gni\u0119\u0107<\/b> najwy\u017cszej jako\u015bci smaku, wyznaczaj\u0105c nowy z\u0142oty standard d\u0142ugowieczno\u015bci i stylu. <b data-path-to-node=\"1\" data-index-in-node=\"312\">Razz Bar 60k Vape<\/b> seria.<\/p>\n<h2>Razz Bar 60000 Specyfikacja produktu<\/h2>\n<table data-path-to-node=\"4\">\n<thead>\n<tr>\n<td><strong>Cecha<\/strong><\/td>\n<td><strong>Szczeg\u00f3\u0142y techniczne<\/strong><\/td>\n<\/tr>\n<\/thead>\n<tbody>\n<tr>\n<td><span data-path-to-node=\"4,1,0,0\"><b data-path-to-node=\"4,1,0,0\" data-index-in-node=\"0\">Model<\/b><\/span><\/td>\n<td><span data-path-to-node=\"4,1,1,0\"><b data-path-to-node=\"4,1,1,0\" data-index-in-node=\"0\">Razz Bar 60000 (seria Crystal)<\/b><\/span><\/td>\n<\/tr>\n<tr>\n<td><span data-path-to-node=\"4,2,0,0\"><b data-path-to-node=\"4,2,0,0\" data-index-in-node=\"0\">Max Puffs<\/b><\/span><\/td>\n<td><span data-path-to-node=\"4,2,1,0\">Do <b data-path-to-node=\"4,2,1,0\" data-index-in-node=\"6\">60,000 Puffs<\/b><\/span><\/td>\n<\/tr>\n<tr>\n<td><span data-path-to-node=\"4,3,0,0\"><b data-path-to-node=\"4,3,0,0\" data-index-in-node=\"0\">Pojemno\u015b\u0107 E-Liquid<\/b><\/span><\/td>\n<td><span data-path-to-node=\"4,3,1,0\">Wst\u0119pnie nape\u0142niony zbiornik 30 ml<\/span><\/td>\n<\/tr>\n<tr>\n<td><span data-path-to-node=\"4,4,0,0\"><b data-path-to-node=\"4,4,0,0\" data-index-in-node=\"0\">Bateria<\/b><\/span><\/td>\n<td><span data-path-to-node=\"4,4,1,0\">Akumulator 650 mAh (typ C)<\/span><\/td>\n<\/tr>\n<tr>\n<td><span data-path-to-node=\"4,5,0,0\"><b data-path-to-node=\"4,5,0,0\" data-index-in-node=\"0\">Technologia cewek<\/b><\/span><\/td>\n<td><span data-path-to-node=\"4,5,1,0\">Siatkowa cewka 1,0\u03a9 (wyrazisty smak)<\/span><\/td>\n<\/tr>\n<tr>\n<td><span data-path-to-node=\"4,6,0,0\"><b data-path-to-node=\"4,6,0,0\" data-index-in-node=\"0\">Si\u0142a nikotyny<\/b><\/span><\/td>\n<td><span data-path-to-node=\"4,6,1,0\">Dost\u0119pne w wersjach 2% (20 mg) \/ 5% (50 mg)<\/span><\/td>\n<\/tr>\n<tr>\n<td><span data-path-to-node=\"4,7,0,0\"><b data-path-to-node=\"4,7,0,0\" data-index-in-node=\"0\">Ekran<\/b><\/span><\/td>\n<td><span data-path-to-node=\"4,7,1,0\">Inteligentny wy\u015bwietlacz LED (zasilanie i olej)<\/span><\/td>\n<\/tr>\n<tr>\n<td><span data-path-to-node=\"4,8,0,0\"><b data-path-to-node=\"4,8,0,0\" data-index-in-node=\"0\">Wysy\u0142ka<\/b><\/span><\/td>\n<td><span data-path-to-node=\"4,8,1,0\">Magazyn UE (dostawa w ci\u0105gu 1-3 dni)<\/span><\/td>\n<\/tr>\n<\/tbody>\n<\/table>\n<h2><a href=\"https:\/\/vozolvapen.de\/wp-content\/uploads\/2026\/01\/Razz-Bar-60000-60k-puffs-flavors-list.webp\"><img fetchpriority=\"high\" decoding=\"async\" class=\"alignnone size-full wp-image-55829\" src=\"https:\/\/vozolvapen.de\/wp-content\/uploads\/2026\/01\/Razz-Bar-60000-60k-puffs-flavors-list.webp\" alt=\"Lista smak\u00f3w Razz Bar 60000 60k puff\u00f3w\" width=\"910\" height=\"1200\" srcset=\"https:\/\/vozolvapen.de\/wp-content\/uploads\/2026\/01\/Razz-Bar-60000-60k-puffs-flavors-list.webp 910w, https:\/\/vozolvapen.de\/wp-content\/uploads\/2026\/01\/Razz-Bar-60000-60k-puffs-flavors-list-228x300.webp 228w, https:\/\/vozolvapen.de\/wp-content\/uploads\/2026\/01\/Razz-Bar-60000-60k-puffs-flavors-list-777x1024.webp 777w, https:\/\/vozolvapen.de\/wp-content\/uploads\/2026\/01\/Razz-Bar-60000-60k-puffs-flavors-list-768x1013.webp 768w, https:\/\/vozolvapen.de\/wp-content\/uploads\/2026\/01\/Razz-Bar-60000-60k-puffs-flavors-list-9x12.webp 9w, https:\/\/vozolvapen.de\/wp-content\/uploads\/2026\/01\/Razz-Bar-60000-60k-puffs-flavors-list-441x582.webp 441w, https:\/\/vozolvapen.de\/wp-content\/uploads\/2026\/01\/Razz-Bar-60000-60k-puffs-flavors-list-300x396.webp 300w, https:\/\/vozolvapen.de\/wp-content\/uploads\/2026\/01\/Razz-Bar-60000-60k-puffs-flavors-list-800x1055.webp 800w, https:\/\/vozolvapen.de\/wp-content\/uploads\/2026\/01\/Razz-Bar-60000-60k-puffs-flavors-list-150x198.webp 150w\" sizes=\"(max-width: 910px) 100vw, 910px\" \/><\/a><\/h2>\n<h2>Poznaj bibliotek\u0119 smak\u00f3w Razz Bar 60k<\/h2>\n<p>1. banan truskawkowy<br \/>\n2. soczysty l\u00f3d brzoskwiniowy<br \/>\n3.Coco Loco<br \/>\n4.Blueberry Sour Raspberry<br \/>\n5. wata cukrowa<br \/>\n6. \u017celkowy mi\u015b<br \/>\n7. arbuz jagodowy<br \/>\n8.cytryna brzoskwinia marakuja<br \/>\n9.Black lce Dragon Fruit Strawberry<br \/>\n10.mieszane jagody<br \/>\n11.Love 66<br \/>\n12.Truskawkowe kiwi<br \/>\n13.owoce tropikalne<br \/>\n14.truskawkowo-waniliowa cola<br \/>\n15.Lemon Lime<br \/>\n16.Letni sen<\/p>\n<h2><strong>Razz Bar 60000 60k puff\u00f3w <\/strong><strong>Wideo\uff1a<\/strong><\/h2>\n<p><iframe title=\"Razz Bar 60000 60k puff\u00f3w Crystal\" src=\"https:\/\/player.vimeo.com\/video\/1152116198?badge=0&amp;autopause=0&amp;player_id=0&amp;app_id=58479\" width=\"400\" height=\"711\" frameborder=\"0\" data-mce-fragment=\"1\"><\/iframe><\/p>\n<h2>Kryszta\u0142owe do\u015bwiadczenie: Dlaczego warto wybra\u0107 Razz Bar 60k?<\/h2>\n<p data-path-to-node=\"11\">The <b data-path-to-node=\"11\" data-index-in-node=\"4\">Razz Bar 60000 Vape<\/b> nie chodzi tylko o liczby; chodzi o najwy\u017cszej jako\u015bci, bezproblemowe do\u015bwiadczenie.<\/p>\n<ul>\n<li data-path-to-node=\"12,0,0\"><b data-path-to-node=\"12,0,0\" data-index-in-node=\"0\">World-Record Puffs:<\/b> Z <b data-path-to-node=\"12,0,0\" data-index-in-node=\"29\">60k Razz Bar<\/b>, Otrzymujesz urz\u0105dzenie, kt\u00f3re przetrwa pi\u0119\u0107 standardowych jednoraz\u00f3wek, co czyni je najbardziej op\u0142acalnym. <b data-path-to-node=\"12,0,0\" data-index-in-node=\"135\">Razz Bar 60k puff<\/b> wyb\u00f3r dla intensywnych u\u017cytkownik\u00f3w.<\/li>\n<li data-path-to-node=\"12,1,0\"><b data-path-to-node=\"12,1,0\" data-index-in-node=\"0\">Crystal Smart Design:<\/b> Przezroczysty <b data-path-to-node=\"12,1,0\" data-index-in-node=\"38\">Kryszta\u0142<\/b> obudowa zawiera \u017cywy <b data-path-to-node=\"12,1,0\" data-index-in-node=\"70\">Wy\u015bwietlacz LED<\/b> kt\u00f3ry \u015bledzi poziom na\u0142adowania baterii i poziom e-juice w czasie rzeczywistym.<\/li>\n<li data-path-to-node=\"12,2,0\"><b data-path-to-node=\"12,2,0\" data-index-in-node=\"0\">Najwy\u017csza wydajno\u015b\u0107 smakowa:<\/b> Siatkowa cewka 1,0 \u03a9 jest zoptymalizowana pod k\u0105tem zbiornika 30 ml, zapewniaj\u0105c, \u017ce <b data-path-to-node=\"12,2,0\" data-index-in-node=\"94\">Razz Bar 60000<\/b> smakuje tak samo \u015bwie\u017co przy puff 60,000 jak przy puff 1.<\/li>\n<li data-path-to-node=\"12,3,0\"><b data-path-to-node=\"12,3,0\" data-index-in-node=\"0\">Ekologiczne \u0142adowanie:<\/b> Bateria o pojemno\u015bci 650 mAh obs\u0142uguje szybkie \u0142adowanie typu C, zmniejszaj\u0105c ilo\u015b\u0107 odpad\u00f3w i maksymalizuj\u0105c moc.<\/li>\n<\/ul>\n<h2>Zam\u00f3wienia hurtowe i B2B<\/h2>\n<p data-path-to-node=\"15\">Czy jeste\u015b sprzedawc\u0105 detalicznym, kt\u00f3ry chce zaopatrzy\u0107 si\u0119 w najgor\u0119tsze waporyzatory o du\u017cej pojemno\u015bci w Europie? Oferujemy ekskluzywne <b data-path-to-node=\"15\" data-index-in-node=\"97\">Razz Bar 60k<\/b> ceny hurtowe dla nabywc\u00f3w hurtowych.<\/p>\n<ul>\n<li data-path-to-node=\"16,0,0\"><b data-path-to-node=\"16,0,0\" data-index-in-node=\"0\">Opakowanie:<\/b> 10 sztuk w opakowaniu \/ 135 g na sztuk\u0119.<\/li>\n<li data-path-to-node=\"16,1,0\"><b data-path-to-node=\"16,1,0\" data-index-in-node=\"0\">Logistyka:<\/b> Wysy\u0142ane bezpo\u015brednio z naszego <b data-path-to-node=\"16,1,0\" data-index-in-node=\"37\">Magazyn europejski<\/b>.<\/li>\n<li data-path-to-node=\"16,2,0\"><b data-path-to-node=\"16,2,0\" data-index-in-node=\"0\">Korzy\u015bci:<\/b> Bezc\u0142owa wysy\u0142ka na terenie UE i gwarantowana ekspresowa dostawa do sklepu w ci\u0105gu 1-3 dni. Skontaktuj si\u0119 z nami ju\u017c dzi\u015b, aby uzyska\u0107 indywidualn\u0105 wycen\u0119 <b data-path-to-node=\"16,2,0\" data-index-in-node=\"140\">Razz Bar 60000 puff<\/b> seria zbiorcza.<\/li>\n<\/ul>\n<h2><strong>Razz Bar 60000 <\/strong>FAQ<\/h2>\n<h3 data-path-to-node=\"19\"><b data-path-to-node=\"19\" data-index-in-node=\"0\">P: Czy Razz Bar 60k rzeczywi\u015bcie zapewnia 60 000 zaci\u0105gni\u0119\u0107?<\/b><\/h3>\n<p data-path-to-node=\"19\">O: Tak! The <b data-path-to-node=\"19\" data-index-in-node=\"66\">Razz Bar 60000<\/b> Wyposa\u017cony jest w masywny zbiornik o pojemno\u015bci 30 ml i wydajn\u0105 technologi\u0119 cewki siatkowej zaprojektowan\u0105 tak, aby osi\u0105gn\u0105\u0107 do <b data-path-to-node=\"19\" data-index-in-node=\"169\">60 tys. puff\u00f3w<\/b> w standardowych warunkach u\u017cytkowania.<\/p>\n<h3 data-path-to-node=\"20\"><b data-path-to-node=\"20\" data-index-in-node=\"0\">P: Sk\u0105d mam wiedzie\u0107, kiedy poziom e-liquidu jest niski?<\/b><\/h3>\n<p data-path-to-node=\"20\">O: Wbudowany <b data-path-to-node=\"20\" data-index-in-node=\"59\">Wy\u015bwietlacz LED<\/b> zapewnia monitorowanie w czasie rzeczywistym pozosta\u0142ej ilo\u015bci e-liquidu i \u017cywotno\u015bci baterii, dzi\u0119ki czemu nigdy nie zostaniesz zaskoczony.<\/p>\n<h3 data-path-to-node=\"21\"><b data-path-to-node=\"21\" data-index-in-node=\"0\">P: Jak szybka jest wysy\u0142ka do Niemiec\/Francji\/W\u0142och?<\/b><\/h3>\n<p data-path-to-node=\"21\">O: Poniewa\u017c wysy\u0142amy z centralnego <b data-path-to-node=\"21\" data-index-in-node=\"78\">Magazyn europejski<\/b>, wi\u0119kszo\u015b\u0107 zam\u00f3wie\u0144 na <b data-path-to-node=\"21\" data-index-in-node=\"118\">Razz Bar 60k Vape<\/b> przyby\u0107 w ci\u0105gu <b data-path-to-node=\"21\" data-index-in-node=\"150\">1-3 dni robocze<\/b>.<\/p>","protected":false},"excerpt":{"rendered":"<ul>\n<li data-path-to-node=\"13,0,0\"><b data-path-to-node=\"13,0,0\" data-index-in-node=\"0\">Niezr\u00f3wnana trwa\u0142o\u015b\u0107:<\/b> Do <b data-path-to-node=\"13,0,0\" data-index-in-node=\"27\">60k Razz Bar<\/b> zaci\u0105gni\u0119\u0107 przez wiele tygodni nieprzerwanego u\u017cytkowania.<\/li>\n<li data-path-to-node=\"13,1,0\"><b data-path-to-node=\"13,1,0\" data-index-in-node=\"0\">Inteligentny monitor LED:<\/b> \u015aledzenie poziomu e-cieczy w czasie rzeczywistym i \u017cywotno\u015b\u0107 baterii 650 mAh.<\/li>\n<li data-path-to-node=\"13,2,0\"><b data-path-to-node=\"13,2,0\" data-index-in-node=\"0\">Cewka siatkowa 1,0\u03a9:<\/b> Specjalnie dostrojony dla odwa\u017cnej, bogatej pary i sp\u00f3jnego smaku.<\/li>\n<li data-path-to-node=\"13,3,0\"><b data-path-to-node=\"13,3,0\" data-index-in-node=\"0\">Crystal Aesthetics:<\/b> Elegancka, przezroczysta konstrukcja, kt\u00f3ra jest tak dobra, jak wygl\u0105da.<\/li>\n<li data-path-to-node=\"13,4,0\"><b data-path-to-node=\"13,4,0\" data-index-in-node=\"0\">Ekspresowa wysy\u0142ka na terenie UE:<\/b> Dostawa w ci\u0105gu 1-3 dni z naszego europejskiego magazynu (bezc\u0142owego).<\/li>\n<\/ul>","protected":false},"featured_media":55828,"comment_status":"open","ping_status":"closed","template":"","meta":{"_acf_changed":false},"product_brand":[],"product_cat":[134,110],"product_tag":[],"class_list":{"0":"post-66415","1":"product","2":"type-product","3":"status-publish","4":"has-post-thumbnail","6":"product_cat-eu-warehouse-in-stock","7":"product_cat-razz-bar","9":"first","10":"instock","11":"shipping-taxable","12":"purchasable","13":"product-type-variable"},"acf":[],"yoast_head":"<!-- This site is optimized with the Yoast SEO Premium plugin v26.1 (Yoast SEO v27.5) - https:\/\/yoast.com\/product\/yoast-seo-premium-wordpress\/ -->\n<title>Razz Bar 60000 Puffs | 60k Crystal Edition Smart Vape - vozolvapen<\/title>\n<meta name=\"description\" content=\"Shop the Razz Bar 60000. Featuring 60k puffs, a 30ML tank, LED display, and 1.0\u03a9 mesh coil. Fast 1-3 day EU delivery. Experience the ultimate Razz Bar 60k now!\" \/>\n<meta name=\"robots\" content=\"index, follow, max-snippet:-1, max-image-preview:large, max-video-preview:-1\" \/>\n<link rel=\"canonical\" href=\"https:\/\/vozolvapen.de\/pl\/product\/razz-bar-60000-60k-puffs-disposable-vape-crystal-lcd-display-eu-warehouse-wholesale\/\" \/>\n<meta property=\"og:locale\" content=\"pl_PL\" \/>\n<meta property=\"og:type\" content=\"article\" \/>\n<meta property=\"og:title\" content=\"Razz Bar 60000 60k Puffs Disposable Vape | Crystal LCD Display | EU Warehouse Wholesale\" \/>\n<meta property=\"og:description\" content=\"Shop the Razz Bar 60000. Featuring 60k puffs, a 30ML tank, LED display, and 1.0\u03a9 mesh coil. Fast 1-3 day EU delivery. Experience the ultimate Razz Bar 60k now!\" \/>\n<meta property=\"og:url\" content=\"https:\/\/vozolvapen.de\/pl\/product\/razz-bar-60000-60k-puffs-disposable-vape-crystal-lcd-display-eu-warehouse-wholesale\/\" \/>\n<meta property=\"og:site_name\" content=\"vozolvapen\" \/>\n<meta property=\"article:modified_time\" content=\"2026-03-15T07:08:54+00:00\" \/>\n<meta property=\"og:image\" content=\"https:\/\/vozolvapen.de\/wp-content\/uploads\/2026\/01\/Razz-Bar-60000-60k-puffs-3.webp\" \/>\n\t<meta property=\"og:image:width\" content=\"1200\" \/>\n\t<meta property=\"og:image:height\" content=\"1200\" \/>\n\t<meta property=\"og:image:type\" content=\"image\/webp\" \/>\n<meta name=\"twitter:card\" content=\"summary_large_image\" \/>\n<meta name=\"twitter:label1\" content=\"Szacowany czas czytania\" \/>\n\t<meta name=\"twitter:data1\" content=\"3 minuty\" \/>\n<script type=\"application\/ld+json\" class=\"yoast-schema-graph\">{\"@context\":\"https:\\\/\\\/schema.org\",\"@graph\":[{\"@type\":\"WebPage\",\"@id\":\"https:\\\/\\\/vozolvapen.de\\\/product\\\/razz-bar-60000-60k-puffs-disposable-vape-crystal-lcd-display-eu-warehouse-wholesale\\\/\",\"url\":\"https:\\\/\\\/vozolvapen.de\\\/product\\\/razz-bar-60000-60k-puffs-disposable-vape-crystal-lcd-display-eu-warehouse-wholesale\\\/\",\"name\":\"Razz Bar 60000 Puffs | 60k Crystal Edition Smart Vape - vozolvapen\",\"isPartOf\":{\"@id\":\"https:\\\/\\\/vozolvapen.de\\\/#website\"},\"primaryImageOfPage\":{\"@id\":\"https:\\\/\\\/vozolvapen.de\\\/product\\\/razz-bar-60000-60k-puffs-disposable-vape-crystal-lcd-display-eu-warehouse-wholesale\\\/#primaryimage\"},\"image\":{\"@id\":\"https:\\\/\\\/vozolvapen.de\\\/product\\\/razz-bar-60000-60k-puffs-disposable-vape-crystal-lcd-display-eu-warehouse-wholesale\\\/#primaryimage\"},\"thumbnailUrl\":\"https:\\\/\\\/vozolvapen.de\\\/wp-content\\\/uploads\\\/2026\\\/01\\\/Razz-Bar-60000-60k-puffs-3.webp\",\"datePublished\":\"2026-02-02T09:58:53+00:00\",\"dateModified\":\"2026-03-15T07:08:54+00:00\",\"description\":\"Shop the Razz Bar 60000. Featuring 60k puffs, a 30ML tank, LED display, and 1.0\u03a9 mesh coil. Fast 1-3 day EU delivery. Experience the ultimate Razz Bar 60k now!\",\"breadcrumb\":{\"@id\":\"https:\\\/\\\/vozolvapen.de\\\/product\\\/razz-bar-60000-60k-puffs-disposable-vape-crystal-lcd-display-eu-warehouse-wholesale\\\/#breadcrumb\"},\"inLanguage\":\"pl-PL\",\"potentialAction\":[{\"@type\":\"ReadAction\",\"target\":[\"https:\\\/\\\/vozolvapen.de\\\/product\\\/razz-bar-60000-60k-puffs-disposable-vape-crystal-lcd-display-eu-warehouse-wholesale\\\/\"]}]},{\"@type\":\"ImageObject\",\"inLanguage\":\"pl-PL\",\"@id\":\"https:\\\/\\\/vozolvapen.de\\\/product\\\/razz-bar-60000-60k-puffs-disposable-vape-crystal-lcd-display-eu-warehouse-wholesale\\\/#primaryimage\",\"url\":\"https:\\\/\\\/vozolvapen.de\\\/wp-content\\\/uploads\\\/2026\\\/01\\\/Razz-Bar-60000-60k-puffs-3.webp\",\"contentUrl\":\"https:\\\/\\\/vozolvapen.de\\\/wp-content\\\/uploads\\\/2026\\\/01\\\/Razz-Bar-60000-60k-puffs-3.webp\",\"width\":1200,\"height\":1200,\"caption\":\"Razz Bar 60000 60k puffs (3)\"},{\"@type\":\"BreadcrumbList\",\"@id\":\"https:\\\/\\\/vozolvapen.de\\\/product\\\/razz-bar-60000-60k-puffs-disposable-vape-crystal-lcd-display-eu-warehouse-wholesale\\\/#breadcrumb\",\"itemListElement\":[{\"@type\":\"ListItem\",\"position\":1,\"name\":\"Home\",\"item\":\"https:\\\/\\\/vozolvapen.de\\\/de\\\/\"},{\"@type\":\"ListItem\",\"position\":2,\"name\":\"Shop\",\"item\":\"https:\\\/\\\/vozolvapen.de\\\/shop\\\/\"},{\"@type\":\"ListItem\",\"position\":3,\"name\":\"Razz Bar 60000 60k Puffs Disposable Vape | Crystal LCD Display | EU Warehouse Wholesale\"}]},{\"@type\":\"WebSite\",\"@id\":\"https:\\\/\\\/vozolvapen.de\\\/#website\",\"url\":\"https:\\\/\\\/vozolvapen.de\\\/\",\"name\":\"vozolvapen\",\"description\":\"vozolvapen\",\"publisher\":{\"@id\":\"https:\\\/\\\/vozolvapen.de\\\/#organization\"},\"potentialAction\":[{\"@type\":\"SearchAction\",\"target\":{\"@type\":\"EntryPoint\",\"urlTemplate\":\"https:\\\/\\\/vozolvapen.de\\\/?s={search_term_string}\"},\"query-input\":{\"@type\":\"PropertyValueSpecification\",\"valueRequired\":true,\"valueName\":\"search_term_string\"}}],\"inLanguage\":\"pl-PL\"},{\"@type\":\"Organization\",\"@id\":\"https:\\\/\\\/vozolvapen.de\\\/#organization\",\"name\":\"vozolvapen\",\"url\":\"https:\\\/\\\/vozolvapen.de\\\/\",\"logo\":{\"@type\":\"ImageObject\",\"inLanguage\":\"pl-PL\",\"@id\":\"https:\\\/\\\/vozolvapen.de\\\/#\\\/schema\\\/logo\\\/image\\\/\",\"url\":\"https:\\\/\\\/vozolvapen.de\\\/wp-content\\\/uploads\\\/2025\\\/12\\\/cropped-vozovapen-logo.webp\",\"contentUrl\":\"https:\\\/\\\/vozolvapen.de\\\/wp-content\\\/uploads\\\/2025\\\/12\\\/cropped-vozovapen-logo.webp\",\"width\":470,\"height\":110,\"caption\":\"vozolvapen\"},\"image\":{\"@id\":\"https:\\\/\\\/vozolvapen.de\\\/#\\\/schema\\\/logo\\\/image\\\/\"}}]}<\/script>\n<!-- \/ Yoast SEO Premium plugin. -->","yoast_head_json":{"title":"Razz Bar 60000 Puffs | 60k Crystal Edition Smart Vape - vozolvapen","description":"Kup Razz Bar 60000. Wyposa\u017cony w 60 tys. zaci\u0105gni\u0119\u0107, zbiornik 30 ml, wy\u015bwietlacz LED i cewk\u0119 siatkow\u0105 1,0 \u03a9. Szybka dostawa w ci\u0105gu 1-3 dni w UE. Do\u015bwiadcz najwy\u017cszej jako\u015bci Razz Bar 60k ju\u017c teraz!","robots":{"index":"index","follow":"follow","max-snippet":"max-snippet:-1","max-image-preview":"max-image-preview:large","max-video-preview":"max-video-preview:-1"},"canonical":"https:\/\/vozolvapen.de\/pl\/product\/razz-bar-60000-60k-puffs-disposable-vape-crystal-lcd-display-eu-warehouse-wholesale\/","og_locale":"pl_PL","og_type":"article","og_title":"Razz Bar 60000 60k Puffs Disposable Vape | Crystal LCD Display | EU Warehouse Wholesale","og_description":"Shop the Razz Bar 60000. Featuring 60k puffs, a 30ML tank, LED display, and 1.0\u03a9 mesh coil. Fast 1-3 day EU delivery. Experience the ultimate Razz Bar 60k now!","og_url":"https:\/\/vozolvapen.de\/pl\/product\/razz-bar-60000-60k-puffs-disposable-vape-crystal-lcd-display-eu-warehouse-wholesale\/","og_site_name":"vozolvapen","article_modified_time":"2026-03-15T07:08:54+00:00","og_image":[{"width":1200,"height":1200,"url":"https:\/\/vozolvapen.de\/wp-content\/uploads\/2026\/01\/Razz-Bar-60000-60k-puffs-3.webp","type":"image\/webp"}],"twitter_card":"summary_large_image","twitter_misc":{"Szacowany czas czytania":"3 minuty"},"schema":{"@context":"https:\/\/schema.org","@graph":[{"@type":"WebPage","@id":"https:\/\/vozolvapen.de\/product\/razz-bar-60000-60k-puffs-disposable-vape-crystal-lcd-display-eu-warehouse-wholesale\/","url":"https:\/\/vozolvapen.de\/product\/razz-bar-60000-60k-puffs-disposable-vape-crystal-lcd-display-eu-warehouse-wholesale\/","name":"Razz Bar 60000 Puffs | 60k Crystal Edition Smart Vape - vozolvapen","isPartOf":{"@id":"https:\/\/vozolvapen.de\/#website"},"primaryImageOfPage":{"@id":"https:\/\/vozolvapen.de\/product\/razz-bar-60000-60k-puffs-disposable-vape-crystal-lcd-display-eu-warehouse-wholesale\/#primaryimage"},"image":{"@id":"https:\/\/vozolvapen.de\/product\/razz-bar-60000-60k-puffs-disposable-vape-crystal-lcd-display-eu-warehouse-wholesale\/#primaryimage"},"thumbnailUrl":"https:\/\/vozolvapen.de\/wp-content\/uploads\/2026\/01\/Razz-Bar-60000-60k-puffs-3.webp","datePublished":"2026-02-02T09:58:53+00:00","dateModified":"2026-03-15T07:08:54+00:00","description":"Kup Razz Bar 60000. Wyposa\u017cony w 60 tys. zaci\u0105gni\u0119\u0107, zbiornik 30 ml, wy\u015bwietlacz LED i cewk\u0119 siatkow\u0105 1,0 \u03a9. Szybka dostawa w ci\u0105gu 1-3 dni w UE. Do\u015bwiadcz najwy\u017cszej jako\u015bci Razz Bar 60k ju\u017c teraz!","breadcrumb":{"@id":"https:\/\/vozolvapen.de\/product\/razz-bar-60000-60k-puffs-disposable-vape-crystal-lcd-display-eu-warehouse-wholesale\/#breadcrumb"},"inLanguage":"pl-PL","potentialAction":[{"@type":"ReadAction","target":["https:\/\/vozolvapen.de\/product\/razz-bar-60000-60k-puffs-disposable-vape-crystal-lcd-display-eu-warehouse-wholesale\/"]}]},{"@type":"ImageObject","inLanguage":"pl-PL","@id":"https:\/\/vozolvapen.de\/product\/razz-bar-60000-60k-puffs-disposable-vape-crystal-lcd-display-eu-warehouse-wholesale\/#primaryimage","url":"https:\/\/vozolvapen.de\/wp-content\/uploads\/2026\/01\/Razz-Bar-60000-60k-puffs-3.webp","contentUrl":"https:\/\/vozolvapen.de\/wp-content\/uploads\/2026\/01\/Razz-Bar-60000-60k-puffs-3.webp","width":1200,"height":1200,"caption":"Razz Bar 60000 60k puffs (3)"},{"@type":"BreadcrumbList","@id":"https:\/\/vozolvapen.de\/product\/razz-bar-60000-60k-puffs-disposable-vape-crystal-lcd-display-eu-warehouse-wholesale\/#breadcrumb","itemListElement":[{"@type":"ListItem","position":1,"name":"Home","item":"https:\/\/vozolvapen.de\/de\/"},{"@type":"ListItem","position":2,"name":"Shop","item":"https:\/\/vozolvapen.de\/shop\/"},{"@type":"ListItem","position":3,"name":"Razz Bar 60000 60k Puffs Disposable Vape | Crystal LCD Display | EU Warehouse Wholesale"}]},{"@type":"WebSite","@id":"https:\/\/vozolvapen.de\/#website","url":"https:\/\/vozolvapen.de\/","name":"vozolvapen","description":"vozolvapen","publisher":{"@id":"https:\/\/vozolvapen.de\/#organization"},"potentialAction":[{"@type":"SearchAction","target":{"@type":"EntryPoint","urlTemplate":"https:\/\/vozolvapen.de\/?s={search_term_string}"},"query-input":{"@type":"PropertyValueSpecification","valueRequired":true,"valueName":"search_term_string"}}],"inLanguage":"pl-PL"},{"@type":"Organization","@id":"https:\/\/vozolvapen.de\/#organization","name":"vozolvapen","url":"https:\/\/vozolvapen.de\/","logo":{"@type":"ImageObject","inLanguage":"pl-PL","@id":"https:\/\/vozolvapen.de\/#\/schema\/logo\/image\/","url":"https:\/\/vozolvapen.de\/wp-content\/uploads\/2025\/12\/cropped-vozovapen-logo.webp","contentUrl":"https:\/\/vozolvapen.de\/wp-content\/uploads\/2025\/12\/cropped-vozovapen-logo.webp","width":470,"height":110,"caption":"vozolvapen"},"image":{"@id":"https:\/\/vozolvapen.de\/#\/schema\/logo\/image\/"}}]}},"tiered_pricing_type":"fixed","tiered_pricing_fixed_rules":{"100":"9.3","400":"8.25"},"tiered_pricing_product_settings":{"layout":"default","base_unit_name":{"singular":null,"plural":null},"default_variation":{}},"tiered_pricing_minimum_quantity":50,"tiered_pricing_roles_data":[],"tiered_pricing_percentage_rules":[],"tiered_pricing_maximum_quantity":null,"tiered_pricing_quantity_step":"10","_links":{"self":[{"href":"https:\/\/vozolvapen.de\/pl\/wp-json\/wp\/v2\/product\/66415","targetHints":{"allow":["GET"]}}],"collection":[{"href":"https:\/\/vozolvapen.de\/pl\/wp-json\/wp\/v2\/product"}],"about":[{"href":"https:\/\/vozolvapen.de\/pl\/wp-json\/wp\/v2\/types\/product"}],"replies":[{"embeddable":true,"href":"https:\/\/vozolvapen.de\/pl\/wp-json\/wp\/v2\/comments?post=66415"}],"wp:featuredmedia":[{"embeddable":true,"href":"https:\/\/vozolvapen.de\/pl\/wp-json\/wp\/v2\/media\/55828"}],"wp:attachment":[{"href":"https:\/\/vozolvapen.de\/pl\/wp-json\/wp\/v2\/media?parent=66415"}],"wp:term":[{"taxonomy":"product_brand","embeddable":true,"href":"https:\/\/vozolvapen.de\/pl\/wp-json\/wp\/v2\/product_brand?post=66415"},{"taxonomy":"product_cat","embeddable":true,"href":"https:\/\/vozolvapen.de\/pl\/wp-json\/wp\/v2\/product_cat?post=66415"},{"taxonomy":"product_tag","embeddable":true,"href":"https:\/\/vozolvapen.de\/pl\/wp-json\/wp\/v2\/product_tag?post=66415"}],"curies":[{"name":"wp","href":"https:\/\/api.w.org\/{rel}","templated":true}]}}