{"id":66550,"date":"2026-02-03T08:14:53","date_gmt":"2026-02-03T08:14:53","guid":{"rendered":"https:\/\/vozolvapen.de\/?post_type=product&#038;p=66550"},"modified":"2026-02-26T08:41:52","modified_gmt":"2026-02-26T08:41:52","slug":"vozol-rave-40000-40k-puffs-disposable-vape-party-mode-eu-warehouse-wholesale","status":"publish","type":"product","link":"https:\/\/vozolvapen.de\/pl\/product\/vozol-rave-40000-40k-puffs-disposable-vape-party-mode-eu-warehouse-wholesale\/","title":{"rendered":"VOZOL RAVE 40000 40k Puffs Jednorazowe Vape | Tryb imprezowy | Hurtownia UE"},"content":{"rendered":"<h1 style=\"text-align: center;\">VOZOL RAVE 40000 puff\u00f3w jednorazowych Vape<\/h1>\n<p>Do\u015bwiadcz po\u0142\u0105czenia wysokiej jako\u015bci smaku i futurystycznej technologii dzi\u0119ki <b data-path-to-node=\"1\" data-index-in-node=\"75\">Vozol Rave 40000<\/b>. Zaprojektowany dla tych, kt\u00f3rzy chc\u0105 <b data-path-to-node=\"1\" data-index-in-node=\"127\">vozol vape<\/b> aby dzia\u0142a\u0107 tak mocno, jak gra <b data-path-to-node=\"1\" data-index-in-node=\"174\">Vozol Rave 40k<\/b> zapewnia do 40 000 zaci\u0105gni\u0119\u0107 owini\u0119tych \u017cywym blaskiem 270\u00b0, kt\u00f3ry bije w rytm Twojego zaci\u0105gania.<\/p>\n<h2 data-path-to-node=\"3\">Podstawowe parametry i wydajno\u015b\u0107<\/h2>\n<table data-path-to-node=\"4\">\n<thead>\n<tr>\n<td><strong>Pozycja<\/strong><\/td>\n<td><strong>Szczeg\u00f3\u0142y<\/strong><\/td>\n<\/tr>\n<\/thead>\n<tbody>\n<tr>\n<td><span data-path-to-node=\"4,1,0,0\"><b data-path-to-node=\"4,1,0,0\" data-index-in-node=\"0\">Model<\/b><\/span><\/td>\n<td><span data-path-to-node=\"4,1,1,0\">VOZOL RAVE 40000<\/span><\/td>\n<\/tr>\n<tr>\n<td><span data-path-to-node=\"4,2,0,0\"><b data-path-to-node=\"4,2,0,0\" data-index-in-node=\"0\">Pojemno\u015b\u0107 dmuchawy<\/b><\/span><\/td>\n<td><span data-path-to-node=\"4,2,1,0\">Do 40 000 zaci\u0105gni\u0119\u0107<\/span><\/td>\n<\/tr>\n<tr>\n<td><span data-path-to-node=\"4,3,0,0\"><b data-path-to-node=\"4,3,0,0\" data-index-in-node=\"0\">Bateria<\/b><\/span><\/td>\n<td><span data-path-to-node=\"4,3,1,0\">1000 mAh (80% \u0141adowanie w 20 minut)<\/span><\/td>\n<\/tr>\n<tr>\n<td><span data-path-to-node=\"4,4,0,0\"><b data-path-to-node=\"4,4,0,0\" data-index-in-node=\"0\">Obj\u0119to\u015b\u0107 p\u0142ynu E-Liquid<\/b><\/span><\/td>\n<td><span data-path-to-node=\"4,4,1,0\">20ML wst\u0119pnie nape\u0142niony<\/span><\/td>\n<\/tr>\n<tr>\n<td><span data-path-to-node=\"4,5,0,0\"><b data-path-to-node=\"4,5,0,0\" data-index-in-node=\"0\">Technologia cewek<\/b><\/span><\/td>\n<td><span data-path-to-node=\"4,5,1,0\">Precyzyjna siatka 1,2\u03a9<\/span><\/td>\n<\/tr>\n<tr>\n<td><span data-path-to-node=\"4,6,0,0\"><b data-path-to-node=\"4,6,0,0\" data-index-in-node=\"0\">Poziom nikotyny<\/b><\/span><\/td>\n<td><span data-path-to-node=\"4,6,1,0\">5% (50 mg\/ml)<\/span><\/td>\n<\/tr>\n<tr>\n<td><span data-path-to-node=\"4,7,0,0\"><b data-path-to-node=\"4,7,0,0\" data-index-in-node=\"0\">Wizualizacje<\/b><\/span><\/td>\n<td><span data-path-to-node=\"4,7,1,0\">Animacja waporyzacji 270\u00b0 Glow &amp; Eclipse<\/span><\/td>\n<\/tr>\n<tr>\n<td><span data-path-to-node=\"4,8,0,0\"><b data-path-to-node=\"4,8,0,0\" data-index-in-node=\"0\">Wysy\u0142ka<\/b><\/span><\/td>\n<td><span data-path-to-node=\"4,8,1,0\"><b data-path-to-node=\"4,8,1,0\" data-index-in-node=\"0\">Magazyn UE (dostawa w ci\u0105gu 1-3 dni)<\/b><\/span><\/td>\n<\/tr>\n<\/tbody>\n<\/table>\n<h2 data-path-to-node=\"6\">VOZOL RAVE 40000 Sensoryczna Podr\u00f3\u017c Smak\u00f3w: Kolekcja<\/h2>\n<p data-path-to-node=\"7\">The <b data-path-to-node=\"7\" data-index-in-node=\"4\">Vozol 40000<\/b> to mistrzowska klasa w owocowej \u201cmiksologii\u201d. Zamiast p\u0142askiej s\u0142odyczy, spodziewaj si\u0119 wielowarstwowej podr\u00f3\u017cy od pierwszego wdechu do utrzymuj\u0105cego si\u0119 posmaku.<\/p>\n<p data-path-to-node=\"7\">1. Blue Razz Ice<br \/>\n2. L\u00f3d jagodowy<br \/>\n3. Arbuz jagodowy<br \/>\n4. Wi\u015bniowa truskawka<br \/>\n5. Cool Mint<br \/>\n6. Podw\u00f3jne jab\u0142ko<br \/>\n7. L\u00f3d winogronowy<br \/>\n8. Mi\u0142o\u015b\u0107 777<br \/>\n9. Mango Ice<br \/>\n10. Mango Peach<br \/>\n11. L\u00f3d brzoskwiniowy<br \/>\n12. Lemoniada brzoskwiniowo-malinowa<br \/>\n13. L\u00f3d truskawkowy<br \/>\n14. Truskawka Kiwi<br \/>\n15. Mango truskawkowe<br \/>\n16. Arbuz truskawkowy<br \/>\n17. Brzoskwinia truskawkowa<br \/>\n18. Arbuz Bubblegum<br \/>\n19. Arbuzowy l\u00f3d<br \/>\n20. Arbuz Razz Rancher<\/p>\n<h2 data-path-to-node=\"10\">Dlaczego Vozol Rave 40000 bije na g\u0142ow\u0119 konkurencj\u0119<\/h2>\n<p data-path-to-node=\"11\">To nie jest po prostu kolejne urz\u0105dzenie typu high-puff; to skok technologiczny w <b data-path-to-node=\"11\" data-index-in-node=\"75\">vozol 40000<\/b> seria.<\/p>\n<ul data-path-to-node=\"12\">\n<li>\n<p data-path-to-node=\"12,0,0\"><b data-path-to-node=\"12,0,0\" data-index-in-node=\"0\">Wibruj\u0105cy blask 270\u00b0 i tryb synchronizacji z rytmem:<\/b> Twoje urz\u0105dzenie to nie tylko narz\u0119dzie; to nastr\u00f3j. Diody LED reaguj\u0105 na rytm wapowania, dzi\u0119ki czemu jest to najlepsze akcesorium imprezowe.<\/p>\n<\/li>\n<li>\n<p data-path-to-node=\"12,1,0\"><b data-path-to-node=\"12,1,0\" data-index-in-node=\"0\">B\u0142yskawiczne \u0142adowanie:<\/b> Zapomnij o czekaniu. Dzi\u0119ki baterii o pojemno\u015bci 1000 mAh <b data-path-to-node=\"12,1,0\" data-index-in-node=\"74\">80% \u0142aduje si\u0119 w zaledwie 20 minut<\/b>, Dzi\u0119ki temu sp\u0119dzasz wi\u0119cej czasu na waporyzacji, a mniej na pod\u0142\u0105czeniu do kabla.<\/p>\n<\/li>\n<li>\n<p data-path-to-node=\"12,2,0\"><b data-path-to-node=\"12,2,0\" data-index-in-node=\"0\">Animacja Eclipse Vaping:<\/b> Osza\u0142amiaj\u0105cy cyfrowy interfejs, kt\u00f3ry sprawia, \u017ce sprawdzanie poziomu na\u0142adowania baterii i energii jest jak spojrzenie na wysokiej klasy smartwatch.<\/p>\n<\/li>\n<li>\n<p data-path-to-node=\"12,3,0\"><b data-path-to-node=\"12,3,0\" data-index-in-node=\"0\">Sp\u00f3jna siatka 1,2\u03a9:<\/b> Podczas gdy inne zanikaj\u0105, <b data-path-to-node=\"12,3,0\" data-index-in-node=\"45\">Vozol Rave<\/b> zachowuje integralno\u015b\u0107 smaku od pierwszego do 40 000 zaci\u0105gni\u0119\u0107.<\/p>\n<\/li>\n<\/ul>\n<h2 data-path-to-node=\"14\">Sprzeda\u017c hurtowa i B2B: zwi\u0119ksz swoje zyski<\/h2>\n<p data-path-to-node=\"15\">The <b data-path-to-node=\"15\" data-index-in-node=\"4\">Vozol 40000 puff\u00f3w<\/b> Model ten jest wysokomar\u017cow\u0105 pot\u0119g\u0105 dla detalist\u00f3w i hurtownik\u00f3w.<\/p>\n<ul data-path-to-node=\"16\">\n<li>\n<p data-path-to-node=\"16,0,0\"><b data-path-to-node=\"16,0,0\" data-index-in-node=\"0\">Shelf Appeal:<\/b> Blask 270\u00b0 i ikonografia \u201cMonkey\u201d przyci\u0105gaj\u0105 uwag\u0119 w ka\u017cdej gablocie.<\/p>\n<\/li>\n<li>\n<p data-path-to-node=\"16,1,0\"><b data-path-to-node=\"16,1,0\" data-index-in-node=\"0\">Przewaga logistyczna:<\/b> Wysy\u0142ane z naszego <b data-path-to-node=\"16,1,0\" data-index-in-node=\"38\">Magazyn europejski<\/b>, Zapewniamy realizacj\u0119 zam\u00f3wienia w ci\u0105gu 1-3 dni, dzi\u0119ki czemu mo\u017cna szybciej uzupe\u0142ni\u0107 zapasy i wyeliminowa\u0107 utrat\u0119 przychod\u00f3w z powodu braku towaru w magazynie.<\/p>\n<\/li>\n<li>\n<p data-path-to-node=\"16,2,0\"><b data-path-to-node=\"16,2,0\" data-index-in-node=\"0\">Gotowo\u015b\u0107 do sprzeda\u017cy hurtowej:<\/b> Pakowane w 10-cz\u0119\u015bciowe pude\u0142ka ekspozycyjne, doskonale wywa\u017cone przy 113 g\/szt. dla efektywnej wysy\u0142ki.<\/p>\n<\/li>\n<\/ul>\n<h2 data-path-to-node=\"18\">Cz\u0119sto zadawane pytania (FAQ)<\/h2>\n<h3 data-path-to-node=\"19\"><b data-path-to-node=\"19\" data-index-in-node=\"0\">P: Czy tryb \u201cParty Mode\u201d zbyt szybko wyczerpuje bateri\u0119?<\/b><\/h3>\n<p data-path-to-node=\"19\"><b data-path-to-node=\"19\" data-index-in-node=\"53\">A:<\/b> Wcale nie. Bateria o pojemno\u015bci 1000 mAh jest zoptymalizowana do obs\u0142ugi zar\u00f3wno diod LED, jak i cewki. Nawet w przypadku intensywnego u\u017cytkowania, 20-minutowe szybkie \u0142adowanie umo\u017cliwia natychmiastowy powr\u00f3t do dzia\u0142ania.<\/p>\n<h3 data-path-to-node=\"20\"><b data-path-to-node=\"20\" data-index-in-node=\"0\">P: Jak smak utrzymuje si\u0119 przy tak du\u017cej liczbie puff\u00f3w?<\/b><\/h3>\n<p data-path-to-node=\"20\"><b data-path-to-node=\"20\" data-index-in-node=\"58\">A:<\/b> The <b data-path-to-node=\"20\" data-index-in-node=\"65\">Vozol Rave<\/b> wykorzystuje cewk\u0119 o rezystancji 1,2\u03a9, specjalnie dostrojon\u0105 pod k\u0105tem stabilno\u015bci termicznej, zapobiegaj\u0105c \u201cprzypalonemu smakowi\u201d, gdy zbiornik o pojemno\u015bci 20 ml staje si\u0119 niski.<\/p>\n<h3 data-path-to-node=\"21\"><b data-path-to-node=\"21\" data-index-in-node=\"0\">P: Czy uderzenie nikotyny jest \u0142agodne czy ostre?<\/b><\/h3>\n<p data-path-to-node=\"21\"><b data-path-to-node=\"21\" data-index-in-node=\"40\">A:<\/b> Przy 5% zapewnia satysfakcjonuj\u0105ce, mocne uderzenie, ale precyzyjna cewka zapewnia, \u017ce para jest jedwabista, a nie dra\u017cni\u0105ca dla gard\u0142a.<\/p>","protected":false},"excerpt":{"rendered":"<ul>\n<li data-path-to-node=\"10,0,0\"><b data-path-to-node=\"10,0,0\" data-index-in-node=\"0\">D\u0142ugowieczno\u015b\u0107:<\/b> 40 000 zaci\u0105gni\u0119\u0107 z 20 ml najwy\u017cszej jako\u015bci e-liquidu.<\/li>\n<li data-path-to-node=\"10,1,0\"><b data-path-to-node=\"10,1,0\" data-index-in-node=\"0\">Technika:<\/b> Tryb imprezowy z synchronizacj\u0105 rytm\u00f3w i 20-minutowe b\u0142yskawiczne \u0142adowanie.<\/li>\n<li data-path-to-node=\"10,2,0\"><b data-path-to-node=\"10,2,0\" data-index-in-node=\"0\">Precyzja:<\/b> Siatkowa cewka 1,2\u03a9 zapewnia g\u0142adki, wierny smak.<\/li>\n<li data-path-to-node=\"10,3,0\"><b data-path-to-node=\"10,3,0\" data-index-in-node=\"0\">Logistyka:<\/b> <b data-path-to-node=\"10,3,0\" data-index-in-node=\"11\">Magazyn UE - dostawa w ci\u0105gu 1-3 dni.<\/b><\/li>\n<\/ul>","protected":false},"featured_media":66263,"comment_status":"open","ping_status":"closed","template":"","meta":{"_acf_changed":false},"product_brand":[],"product_cat":[134,52],"product_tag":[],"class_list":{"0":"post-66550","1":"product","2":"type-product","3":"status-publish","4":"has-post-thumbnail","6":"product_cat-eu-warehouse-in-stock","7":"product_cat-vozol-vape","9":"first","10":"instock","11":"shipping-taxable","12":"purchasable","13":"product-type-variable"},"acf":[],"yoast_head":"<!-- This site is optimized with the Yoast SEO Premium plugin v26.1 (Yoast SEO v27.5) - https:\/\/yoast.com\/product\/yoast-seo-premium-wordpress\/ -->\n<title>VOZOL RAVE 40000 Puffs | 270\u00b0 Glow Party Mode | Vozol Rave 40kVOZOL RAVE 40000 40k Puffs Disposable Vape | Party Mode | EU Warehouse Wholesale - vozolvapen<\/title>\n<meta name=\"description\" content=\"Level up with VOZOL RAVE 40000. Featuring 40k puffs, a 270\u00b0 vibrant glow, and 80% charge in just 20 mins. Premium flavor meets party tech. Fast 1-3 day EU shipping!\" \/>\n<meta name=\"robots\" content=\"index, follow, max-snippet:-1, max-image-preview:large, max-video-preview:-1\" \/>\n<link rel=\"canonical\" href=\"https:\/\/vozolvapen.de\/pl\/product\/vozol-rave-40000-40k-puffs-disposable-vape-party-mode-eu-warehouse-wholesale\/\" \/>\n<meta property=\"og:locale\" content=\"pl_PL\" \/>\n<meta property=\"og:type\" content=\"article\" \/>\n<meta property=\"og:title\" content=\"VOZOL RAVE 40000 40k Puffs Disposable Vape | Party Mode | EU Warehouse Wholesale\" \/>\n<meta property=\"og:description\" content=\"Level up with VOZOL RAVE 40000. Featuring 40k puffs, a 270\u00b0 vibrant glow, and 80% charge in just 20 mins. Premium flavor meets party tech. Fast 1-3 day EU shipping!\" \/>\n<meta property=\"og:url\" content=\"https:\/\/vozolvapen.de\/pl\/product\/vozol-rave-40000-40k-puffs-disposable-vape-party-mode-eu-warehouse-wholesale\/\" \/>\n<meta property=\"og:site_name\" content=\"vozolvapen\" \/>\n<meta property=\"article:modified_time\" content=\"2026-02-26T08:41:52+00:00\" \/>\n<meta property=\"og:image\" content=\"https:\/\/vozolvapen.de\/wp-content\/uploads\/2026\/01\/VOZOL-RAVE-40000-Blue-Razz-Ice-2.webp\" \/>\n\t<meta property=\"og:image:width\" content=\"1200\" \/>\n\t<meta property=\"og:image:height\" content=\"1200\" \/>\n\t<meta property=\"og:image:type\" content=\"image\/webp\" \/>\n<meta name=\"twitter:card\" content=\"summary_large_image\" \/>\n<meta name=\"twitter:label1\" content=\"Szacowany czas czytania\" \/>\n\t<meta name=\"twitter:data1\" content=\"3 minuty\" \/>\n<script type=\"application\/ld+json\" class=\"yoast-schema-graph\">{\"@context\":\"https:\\\/\\\/schema.org\",\"@graph\":[{\"@type\":\"WebPage\",\"@id\":\"https:\\\/\\\/vozolvapen.de\\\/product\\\/vozol-rave-40000-40k-puffs-disposable-vape-party-mode-eu-warehouse-wholesale\\\/\",\"url\":\"https:\\\/\\\/vozolvapen.de\\\/product\\\/vozol-rave-40000-40k-puffs-disposable-vape-party-mode-eu-warehouse-wholesale\\\/\",\"name\":\"VOZOL RAVE 40000 Puffs | 270\u00b0 Glow Party Mode | Vozol Rave 40kVOZOL RAVE 40000 40k Puffs Disposable Vape | Party Mode | EU Warehouse Wholesale - vozolvapen\",\"isPartOf\":{\"@id\":\"https:\\\/\\\/vozolvapen.de\\\/#website\"},\"primaryImageOfPage\":{\"@id\":\"https:\\\/\\\/vozolvapen.de\\\/product\\\/vozol-rave-40000-40k-puffs-disposable-vape-party-mode-eu-warehouse-wholesale\\\/#primaryimage\"},\"image\":{\"@id\":\"https:\\\/\\\/vozolvapen.de\\\/product\\\/vozol-rave-40000-40k-puffs-disposable-vape-party-mode-eu-warehouse-wholesale\\\/#primaryimage\"},\"thumbnailUrl\":\"https:\\\/\\\/vozolvapen.de\\\/wp-content\\\/uploads\\\/2026\\\/01\\\/VOZOL-RAVE-40000-Blue-Razz-Ice-2.webp\",\"datePublished\":\"2026-02-03T08:14:53+00:00\",\"dateModified\":\"2026-02-26T08:41:52+00:00\",\"description\":\"Level up with VOZOL RAVE 40000. Featuring 40k puffs, a 270\u00b0 vibrant glow, and 80% charge in just 20 mins. Premium flavor meets party tech. Fast 1-3 day EU shipping!\",\"breadcrumb\":{\"@id\":\"https:\\\/\\\/vozolvapen.de\\\/product\\\/vozol-rave-40000-40k-puffs-disposable-vape-party-mode-eu-warehouse-wholesale\\\/#breadcrumb\"},\"inLanguage\":\"pl-PL\",\"potentialAction\":[{\"@type\":\"ReadAction\",\"target\":[\"https:\\\/\\\/vozolvapen.de\\\/product\\\/vozol-rave-40000-40k-puffs-disposable-vape-party-mode-eu-warehouse-wholesale\\\/\"]}]},{\"@type\":\"ImageObject\",\"inLanguage\":\"pl-PL\",\"@id\":\"https:\\\/\\\/vozolvapen.de\\\/product\\\/vozol-rave-40000-40k-puffs-disposable-vape-party-mode-eu-warehouse-wholesale\\\/#primaryimage\",\"url\":\"https:\\\/\\\/vozolvapen.de\\\/wp-content\\\/uploads\\\/2026\\\/01\\\/VOZOL-RAVE-40000-Blue-Razz-Ice-2.webp\",\"contentUrl\":\"https:\\\/\\\/vozolvapen.de\\\/wp-content\\\/uploads\\\/2026\\\/01\\\/VOZOL-RAVE-40000-Blue-Razz-Ice-2.webp\",\"width\":1200,\"height\":1200,\"caption\":\"VOZOL RAVE 40000 - Blue Razz Ice #2\"},{\"@type\":\"BreadcrumbList\",\"@id\":\"https:\\\/\\\/vozolvapen.de\\\/product\\\/vozol-rave-40000-40k-puffs-disposable-vape-party-mode-eu-warehouse-wholesale\\\/#breadcrumb\",\"itemListElement\":[{\"@type\":\"ListItem\",\"position\":1,\"name\":\"Home\",\"item\":\"https:\\\/\\\/vozolvapen.de\\\/de\\\/\"},{\"@type\":\"ListItem\",\"position\":2,\"name\":\"Shop\",\"item\":\"https:\\\/\\\/vozolvapen.de\\\/shop\\\/\"},{\"@type\":\"ListItem\",\"position\":3,\"name\":\"VOZOL RAVE 40000 40k Puffs Disposable Vape | Party Mode | EU Warehouse Wholesale\"}]},{\"@type\":\"WebSite\",\"@id\":\"https:\\\/\\\/vozolvapen.de\\\/#website\",\"url\":\"https:\\\/\\\/vozolvapen.de\\\/\",\"name\":\"vozolvapen\",\"description\":\"vozolvapen\",\"publisher\":{\"@id\":\"https:\\\/\\\/vozolvapen.de\\\/#organization\"},\"potentialAction\":[{\"@type\":\"SearchAction\",\"target\":{\"@type\":\"EntryPoint\",\"urlTemplate\":\"https:\\\/\\\/vozolvapen.de\\\/?s={search_term_string}\"},\"query-input\":{\"@type\":\"PropertyValueSpecification\",\"valueRequired\":true,\"valueName\":\"search_term_string\"}}],\"inLanguage\":\"pl-PL\"},{\"@type\":\"Organization\",\"@id\":\"https:\\\/\\\/vozolvapen.de\\\/#organization\",\"name\":\"vozolvapen\",\"url\":\"https:\\\/\\\/vozolvapen.de\\\/\",\"logo\":{\"@type\":\"ImageObject\",\"inLanguage\":\"pl-PL\",\"@id\":\"https:\\\/\\\/vozolvapen.de\\\/#\\\/schema\\\/logo\\\/image\\\/\",\"url\":\"https:\\\/\\\/vozolvapen.de\\\/wp-content\\\/uploads\\\/2025\\\/12\\\/cropped-vozovapen-logo.webp\",\"contentUrl\":\"https:\\\/\\\/vozolvapen.de\\\/wp-content\\\/uploads\\\/2025\\\/12\\\/cropped-vozovapen-logo.webp\",\"width\":470,\"height\":110,\"caption\":\"vozolvapen\"},\"image\":{\"@id\":\"https:\\\/\\\/vozolvapen.de\\\/#\\\/schema\\\/logo\\\/image\\\/\"}}]}<\/script>\n<!-- \/ Yoast SEO Premium plugin. -->","yoast_head_json":{"title":"VOZOL RAVE 40000 Puffs | 270\u00b0 Glow Party Mode | Vozol Rave 40kVOZOL RAVE 40000 40k Puffs Disposable Vape | Party Mode | EU Warehouse Wholesale - vozolvapen","description":"Podnie\u015b poziom z VOZOL RAVE 40000. Wyposa\u017cony w 40 tys. zaci\u0105gni\u0119\u0107, \u017cywy blask 270\u00b0 i \u0142adowanie 80% w zaledwie 20 minut. Smak premium \u0142\u0105czy si\u0119 z technologi\u0105 imprezow\u0105. Szybka wysy\u0142ka w ci\u0105gu 1-3 dni w UE!","robots":{"index":"index","follow":"follow","max-snippet":"max-snippet:-1","max-image-preview":"max-image-preview:large","max-video-preview":"max-video-preview:-1"},"canonical":"https:\/\/vozolvapen.de\/pl\/product\/vozol-rave-40000-40k-puffs-disposable-vape-party-mode-eu-warehouse-wholesale\/","og_locale":"pl_PL","og_type":"article","og_title":"VOZOL RAVE 40000 40k Puffs Disposable Vape | Party Mode | EU Warehouse Wholesale","og_description":"Level up with VOZOL RAVE 40000. Featuring 40k puffs, a 270\u00b0 vibrant glow, and 80% charge in just 20 mins. Premium flavor meets party tech. Fast 1-3 day EU shipping!","og_url":"https:\/\/vozolvapen.de\/pl\/product\/vozol-rave-40000-40k-puffs-disposable-vape-party-mode-eu-warehouse-wholesale\/","og_site_name":"vozolvapen","article_modified_time":"2026-02-26T08:41:52+00:00","og_image":[{"width":1200,"height":1200,"url":"https:\/\/vozolvapen.de\/wp-content\/uploads\/2026\/01\/VOZOL-RAVE-40000-Blue-Razz-Ice-2.webp","type":"image\/webp"}],"twitter_card":"summary_large_image","twitter_misc":{"Szacowany czas czytania":"3 minuty"},"schema":{"@context":"https:\/\/schema.org","@graph":[{"@type":"WebPage","@id":"https:\/\/vozolvapen.de\/product\/vozol-rave-40000-40k-puffs-disposable-vape-party-mode-eu-warehouse-wholesale\/","url":"https:\/\/vozolvapen.de\/product\/vozol-rave-40000-40k-puffs-disposable-vape-party-mode-eu-warehouse-wholesale\/","name":"VOZOL RAVE 40000 Puffs | 270\u00b0 Glow Party Mode | Vozol Rave 40kVOZOL RAVE 40000 40k Puffs Disposable Vape | Party Mode | EU Warehouse Wholesale - vozolvapen","isPartOf":{"@id":"https:\/\/vozolvapen.de\/#website"},"primaryImageOfPage":{"@id":"https:\/\/vozolvapen.de\/product\/vozol-rave-40000-40k-puffs-disposable-vape-party-mode-eu-warehouse-wholesale\/#primaryimage"},"image":{"@id":"https:\/\/vozolvapen.de\/product\/vozol-rave-40000-40k-puffs-disposable-vape-party-mode-eu-warehouse-wholesale\/#primaryimage"},"thumbnailUrl":"https:\/\/vozolvapen.de\/wp-content\/uploads\/2026\/01\/VOZOL-RAVE-40000-Blue-Razz-Ice-2.webp","datePublished":"2026-02-03T08:14:53+00:00","dateModified":"2026-02-26T08:41:52+00:00","description":"Podnie\u015b poziom z VOZOL RAVE 40000. Wyposa\u017cony w 40 tys. zaci\u0105gni\u0119\u0107, \u017cywy blask 270\u00b0 i \u0142adowanie 80% w zaledwie 20 minut. Smak premium \u0142\u0105czy si\u0119 z technologi\u0105 imprezow\u0105. Szybka wysy\u0142ka w ci\u0105gu 1-3 dni w UE!","breadcrumb":{"@id":"https:\/\/vozolvapen.de\/product\/vozol-rave-40000-40k-puffs-disposable-vape-party-mode-eu-warehouse-wholesale\/#breadcrumb"},"inLanguage":"pl-PL","potentialAction":[{"@type":"ReadAction","target":["https:\/\/vozolvapen.de\/product\/vozol-rave-40000-40k-puffs-disposable-vape-party-mode-eu-warehouse-wholesale\/"]}]},{"@type":"ImageObject","inLanguage":"pl-PL","@id":"https:\/\/vozolvapen.de\/product\/vozol-rave-40000-40k-puffs-disposable-vape-party-mode-eu-warehouse-wholesale\/#primaryimage","url":"https:\/\/vozolvapen.de\/wp-content\/uploads\/2026\/01\/VOZOL-RAVE-40000-Blue-Razz-Ice-2.webp","contentUrl":"https:\/\/vozolvapen.de\/wp-content\/uploads\/2026\/01\/VOZOL-RAVE-40000-Blue-Razz-Ice-2.webp","width":1200,"height":1200,"caption":"VOZOL RAVE 40000 - Blue Razz Ice #2"},{"@type":"BreadcrumbList","@id":"https:\/\/vozolvapen.de\/product\/vozol-rave-40000-40k-puffs-disposable-vape-party-mode-eu-warehouse-wholesale\/#breadcrumb","itemListElement":[{"@type":"ListItem","position":1,"name":"Home","item":"https:\/\/vozolvapen.de\/de\/"},{"@type":"ListItem","position":2,"name":"Shop","item":"https:\/\/vozolvapen.de\/shop\/"},{"@type":"ListItem","position":3,"name":"VOZOL RAVE 40000 40k Puffs Disposable Vape | Party Mode | EU Warehouse Wholesale"}]},{"@type":"WebSite","@id":"https:\/\/vozolvapen.de\/#website","url":"https:\/\/vozolvapen.de\/","name":"vozolvapen","description":"vozolvapen","publisher":{"@id":"https:\/\/vozolvapen.de\/#organization"},"potentialAction":[{"@type":"SearchAction","target":{"@type":"EntryPoint","urlTemplate":"https:\/\/vozolvapen.de\/?s={search_term_string}"},"query-input":{"@type":"PropertyValueSpecification","valueRequired":true,"valueName":"search_term_string"}}],"inLanguage":"pl-PL"},{"@type":"Organization","@id":"https:\/\/vozolvapen.de\/#organization","name":"vozolvapen","url":"https:\/\/vozolvapen.de\/","logo":{"@type":"ImageObject","inLanguage":"pl-PL","@id":"https:\/\/vozolvapen.de\/#\/schema\/logo\/image\/","url":"https:\/\/vozolvapen.de\/wp-content\/uploads\/2025\/12\/cropped-vozovapen-logo.webp","contentUrl":"https:\/\/vozolvapen.de\/wp-content\/uploads\/2025\/12\/cropped-vozovapen-logo.webp","width":470,"height":110,"caption":"vozolvapen"},"image":{"@id":"https:\/\/vozolvapen.de\/#\/schema\/logo\/image\/"}}]}},"tiered_pricing_type":"fixed","tiered_pricing_fixed_rules":{"30":"14.04","50":"11.54","100":"11.04","200":"10.04"},"tiered_pricing_product_settings":{"layout":"default","base_unit_name":{"singular":null,"plural":null},"default_variation":null},"tiered_pricing_minimum_quantity":10,"tiered_pricing_roles_data":[],"tiered_pricing_percentage_rules":[],"tiered_pricing_maximum_quantity":null,"tiered_pricing_quantity_step":"10","_links":{"self":[{"href":"https:\/\/vozolvapen.de\/pl\/wp-json\/wp\/v2\/product\/66550","targetHints":{"allow":["GET"]}}],"collection":[{"href":"https:\/\/vozolvapen.de\/pl\/wp-json\/wp\/v2\/product"}],"about":[{"href":"https:\/\/vozolvapen.de\/pl\/wp-json\/wp\/v2\/types\/product"}],"replies":[{"embeddable":true,"href":"https:\/\/vozolvapen.de\/pl\/wp-json\/wp\/v2\/comments?post=66550"}],"wp:featuredmedia":[{"embeddable":true,"href":"https:\/\/vozolvapen.de\/pl\/wp-json\/wp\/v2\/media\/66263"}],"wp:attachment":[{"href":"https:\/\/vozolvapen.de\/pl\/wp-json\/wp\/v2\/media?parent=66550"}],"wp:term":[{"taxonomy":"product_brand","embeddable":true,"href":"https:\/\/vozolvapen.de\/pl\/wp-json\/wp\/v2\/product_brand?post=66550"},{"taxonomy":"product_cat","embeddable":true,"href":"https:\/\/vozolvapen.de\/pl\/wp-json\/wp\/v2\/product_cat?post=66550"},{"taxonomy":"product_tag","embeddable":true,"href":"https:\/\/vozolvapen.de\/pl\/wp-json\/wp\/v2\/product_tag?post=66550"}],"curies":[{"name":"wp","href":"https:\/\/api.w.org\/{rel}","templated":true}]}}