{"id":69874,"date":"2026-05-11T05:55:42","date_gmt":"2026-05-11T05:55:42","guid":{"rendered":"https:\/\/vozolvapen.de\/?post_type=product&#038;p=69874"},"modified":"2026-05-11T07:30:37","modified_gmt":"2026-05-11T07:30:37","slug":"hyppe-infiniti-50k-50000-puffs-mighty-mint","status":"publish","type":"product","link":"https:\/\/vozolvapen.de\/pl\/product\/hyppe-infiniti-50k-50000-puffs-mighty-mint\/","title":{"rendered":"Hyppe Infiniti 50K 50000 Puffs - Mighty Mint"},"content":{"rendered":"<p>Dla prawdziwych entuzjast\u00f3w mentolu <strong>Hyppe Infiniti 50K Mighty Mint<\/strong> zapewnia agresywny ch\u0142\u00f3d poni\u017cej zera, kt\u00f3ry uderza z maksymaln\u0105 si\u0142\u0105. Wykorzystaj pojemno\u015b\u0107 50 000 zaci\u0105gni\u0119\u0107, aby uzyska\u0107 niezmiennie silne, lodowate doznania, kt\u00f3re dominuj\u0105 w powietrzu. <strong>hippe niesko\u0144czono\u015b\u0107<\/strong> zar\u00f3wno pod wzgl\u0119dem mocy, jak i \u017cywotno\u015bci.<\/p>\n\n\n\n<h2 class=\"wp-block-heading\" id=\"h-mighty-mint-arctic-intensity\">Mighty Mint (Arctic Intensity)<\/h2>\n\n\n\n<p><strong>Wdech:<\/strong> Podmuch mentolu o wysokim st\u0119\u017ceniu. To agresywne uderzenie poni\u017cej zera, kt\u00f3re zapewnia natychmiastowe ch\u0142odz\u0105ce \u201cuderzenie\u201d w klatk\u0119 piersiow\u0105.<\/p>\n\n\n\n<p><strong>Sekcja \u015brodkowa:<\/strong> Czyste, skoncentrowane olejki mi\u0119towe. Smak jest ostry i mocny, zaprojektowany tak, aby zdominowa\u0107 zmys\u0142y.<\/p>\n\n\n\n<p><strong>Posmak:<\/strong> Trwa\u0142e, mro\u017ane uczucie. Oddech b\u0119dzie lodowaty jeszcze przez kilka minut po ostatnim zaci\u0105gni\u0119ciu.<\/p>\n\n\n\n<p><strong>Wibracja:<\/strong> Intensywny, mocny i orze\u017awiaj\u0105cy.<\/p>\n\n\n\n<h2 class=\"wp-block-heading\" id=\"h-product-specifications\">Specyfikacja produktu<\/h2>\n\n\n\n<figure class=\"wp-block-table\"><table class=\"has-fixed-layout\"><thead><tr><td><strong>Atrybut techniczny<\/strong><\/td><td><strong>Szczeg\u00f3\u0142y specyfikacji<\/strong><\/td><td><strong>Korzy\u015bci z wydajno\u015bci<\/strong><\/td><\/tr><\/thead><tbody><tr><td><strong>Seria modeli<\/strong><\/td><td>Hyppe Infiniti 50K<\/td><td>Inteligentna jednoraz\u00f3wka o du\u017cej pojemno\u015bci.<\/td><\/tr><tr><td><strong>Puff Count<\/strong><\/td><td>Do 50 000 zaci\u0105gni\u0119\u0107<\/td><td>Wiod\u0105ca w bran\u017cy trwa\u0142o\u015b\u0107 zapewniaj\u0105ca d\u0142ugoterminow\u0105 warto\u015b\u0107.<\/td><\/tr><tr><td><strong>Technologia wy\u015bwietlania<\/strong><\/td><td><strong>Pe\u0142ny ekran panoramiczny 360<\/strong><\/td><td>\u015aledzenie poziomu e-cieczy i baterii w czasie rzeczywistym.<\/td><\/tr><tr><td><strong>Tryby wydajno\u015bci<\/strong><\/td><td><strong>Tryby normalny i Boost<\/strong><\/td><td>Prze\u0142\u0105czanie mi\u0119dzy wyd\u0142u\u017con\u0105 \u017cywotno\u015bci\u0105 a intensywno\u015bci\u0105 smaku.<\/td><\/tr><tr><td><strong>Architektura cewki<\/strong><\/td><td>Zaawansowana cewka siatkowa 1,0\u03a9<\/td><td>Szybkie nagrzewanie zapewnia sp\u00f3jne, g\u0119ste chmury pary.<\/td><\/tr><tr><td><strong>Si\u0142a nikotyny<\/strong><\/td><td>5% (50mg\/mL) Sole nikotyny<\/td><td>G\u0142adkie uderzenie w gard\u0142o z szybk\u0105 satysfakcj\u0105.<\/td><\/tr><tr><td><strong>Pojemno\u015b\u0107 cieczy<\/strong><\/td><td>Bardzo du\u017cy wst\u0119pnie nape\u0142niony zbiornik<\/td><td>Podtrzymuje ogromny potencja\u0142 50 000 puff\u00f3w.<\/td><\/tr><tr><td><strong>System akumulator\u00f3w<\/strong><\/td><td>650mAh Kobalt o wysokiej g\u0119sto\u015bci<\/td><td>Stabilna moc wyj\u015bciowa nawet przy niskim poziomie na\u0142adowania.<\/td><\/tr><tr><td><strong>Interfejs \u0142adowania<\/strong><\/td><td>Szybkie \u0142adowanie USB typu C<\/td><td>Zminimalizuj przestoje dzi\u0119ki szybkiej synchronizacji \u0142adowania.<\/td><\/tr><tr><td><strong>Aktywacja<\/strong><\/td><td>Precyzyjny Draw-Activated<\/td><td>Natychmiastowa reakcja bez konieczno\u015bci u\u017cywania przycisk\u00f3w.<\/td><\/tr><tr><td><strong>Funkcje bezpiecze\u0144stwa<\/strong><\/td><td>Zabezpieczenie przed prze\u0142adowaniem i zwarciem<\/td><td>Zaprojektowany z my\u015bl\u0105 o bezpiecznym i niezawodnym codziennym u\u017cytkowaniu.<\/td><\/tr><\/tbody><\/table><\/figure>\n\n\n\n<h2 class=\"wp-block-heading\" id=\"h-hyppe-infiniti-50k-flavor-specific-faq\">Hyppe Infiniti 50K: Najcz\u0119\u015bciej zadawane pytania dotycz\u0105ce smaku<\/h2>\n\n\n\n<blockquote class=\"wp-block-quote is-layout-flow wp-block-quote-is-layout-flow\">\n<p><strong>P: W jaki spos\u00f3b smak Mighty Mint pozostaje niezmienny przez 50 000 zaci\u0105gni\u0119\u0107?<\/strong> <strong>A:<\/strong> The <strong>Hyppe Infiniti 50K<\/strong> wykorzystuje dwutorowy system cewek siatkowych 1,0\u03a9. W przeciwie\u0144stwie do standardowych produkt\u00f3w jednorazowych, w kt\u00f3rych smak ulega degradacji wraz z up\u0142ywem czasu. <strong>Infiniti 50000<\/strong> Architektura zapewnia, \u017ce profil Mighty Mint pozostaje wyra\u017any i nasycony od pierwszego zaci\u0105gni\u0119cia do ostatniej kropli z ogromnego zbiornika o pojemno\u015bci 29 ml.<\/p>\n<\/blockquote>\n\n\n\n<blockquote class=\"wp-block-quote is-layout-flow wp-block-quote-is-layout-flow\">\n<p><strong>P: Czy korzystanie z trybu Boost wp\u0142ynie na notatki degustacyjne Mighty Mint?<\/strong> <strong>A:<\/strong> Tak, ale w pozytywny spos\u00f3b. Prze\u0142\u0105czenie na <strong>Tryb Boost<\/strong> na <strong>Hyppe Infinity vape<\/strong> zwi\u0119ksza moc wyj\u015bciow\u0105 elementu grzejnego. W przypadku Mighty Mint skutkuje to cieplejsz\u0105 par\u0105, zintensyfikowanym aromatem i wyra\u017aniejszym \u201crozkwitem\u201d nut owocowych lub mentolowych, cho\u0107 zu\u017cywa e-liquid nieco szybciej.<\/p>\n<\/blockquote>\n\n\n\n<blockquote class=\"wp-block-quote is-layout-flow wp-block-quote-is-layout-flow\">\n<p><strong>P: Czy profil Mighty Mint jest zbyt s\u0142odki lub lodowaty?<\/strong> <strong>A:<\/strong> Mighty Mint to tyto\u0144 o profilu Icy. Zaprojektowany do ca\u0142odziennego u\u017cytku, r\u00f3wnowa\u017cy wysokiej jako\u015bci aromaty z g\u0142adkim uderzeniem w gard\u0142o. Mo\u017cesz monitorowa\u0107 \u201cwibracje\u201d i intensywno\u015b\u0107 zaci\u0105gni\u0119\u0107 w czasie rzeczywistym na ekranie urz\u0105dzenia. <strong>Inteligentny wy\u015bwietlacz 360 stopni<\/strong>.<\/p>\n<\/blockquote>\n\n\n\n<blockquote class=\"wp-block-quote is-layout-flow wp-block-quote-is-layout-flow\">\n<p><strong>P: Sk\u0105d mam wiedzie\u0107, czy m\u00f3j Hyppe Infiniti 50K Mighty Mint jest autentyczny?<\/strong> <strong>A:<\/strong> Wszystkie autentyczne <strong>Hyppe Infiniti 50000<\/strong> Urz\u0105dzenia s\u0105 dostarczane z unikalnym kodem weryfikacyjnym na opakowaniu. Dodatkowo, najwy\u017csza jako\u015b\u0107 wykonania <strong>Wy\u015bwietlacz vape mit 360<\/strong> i wyrafinowana z\u0142o\u017cono\u015b\u0107 Mighty Mint to cechy charakterystyczne prawdziwej in\u017cynierii Hyppe.<\/p>\n<\/blockquote>\n\n\n\n<blockquote class=\"wp-block-quote is-layout-flow wp-block-quote-is-layout-flow\">\n<p><strong>P: Dlaczego powinienem wybra\u0107 Mighty Mint w wersji 50 000 puff\u00f3w?<\/strong> <strong>A:<\/strong> The <strong>Hyppe Infiniti 50K<\/strong> oferuje najlepszy w bran\u017cy stosunek kosztu do liczby zaci\u0105gni\u0119\u0107. Wybieraj\u0105c wersj\u0119 Mighty Mint z 50 000 zaci\u0105gni\u0119\u0107, zmniejszasz cz\u0119stotliwo\u015b\u0107 wymiany urz\u0105dzenia, jednocze\u015bnie ciesz\u0105c si\u0119 flagowym inteligentnym urz\u0105dzeniem o futurystycznym wygl\u0105dzie. <strong>Gablota na vape<\/strong> estetyczne.<\/p>\n<\/blockquote>\n\n\n\n<h2 class=\"wp-block-heading\" id=\"h-related-hyppe-50k-flavors\">Powi\u0105zane smaki Hyppe 50K<\/h2>\n\n\n\n<p>1.<a href=\"https:\/\/vozolvapen.de\/pl\/product\/hyppe-infiniti-50k-50000-puffs-naked\/\">NAKED<\/a><br>2.<a href=\"https:\/\/vozolvapen.de\/pl\/product\/hyppe-infiniti-50k-50000-puffs-blue-razz-freeze\/\">Blue Razz Freeze<\/a><br>3.<a href=\"https:\/\/vozolvapen.de\/pl\/product\/hyppe-infiniti-50k-50000-puffs-cool-mint\/\">Cool Mint<\/a><br>4.<a href=\"https:\/\/vozolvapen.de\/pl\/product\/hyppe-infiniti-50k-50000-puffs-peach-freeze\/\">PEACH FREE ZE<\/a><br>5.<a href=\"https:\/\/vozolvapen.de\/pl\/product\/hyppe-infiniti-50k-50000-puffs-white-gummy-freeze\/\">Bia\u0142e \u017celki mro\u017cone<\/a><br>6.<a href=\"https:\/\/vozolvapen.de\/pl\/product\/hyppe-infiniti-50k-50000-puffs-sou-summer-fab\/\">Sou Summer Fab<\/a><br>7.<a href=\"https:\/\/vozolvapen.de\/pl\/product\/hyppe-infiniti-50k-50000-puffs-hawaiian-fog\/\">HawaiianFoG<\/a><br>8.<a href=\"https:\/\/vozolvapen.de\/pl\/product\/hyppe-infiniti-50k-50000-puffs-virginia-tobacco\/\">VirginiaTobacco<\/a><br>9.<a href=\"https:\/\/vozolvapen.de\/pl\/product\/hyppe-infiniti-50k-50000-puffs-grape-aloe-freeze\/\">Grape Aloe Freeze<\/a><br>10.<a href=\"https:\/\/vozolvapen.de\/pl\/product\/hyppe-infiniti-50k-50000-puffs-sour-watermelon-freeze\/\">Kwa\u015bny arbuz mro\u017cony<\/a><br>11.<a href=\"https:\/\/vozolvapen.de\/pl\/product\/hyppe-infiniti-50k-50000-puffs-kiwi-melon-blush\/\">KIWI MELON BLUSH<\/a><br>13.<a href=\"https:\/\/vozolvapen.de\/pl\/product\/hyppe-infiniti-50k-50000-puffs-fizzy-cola\/\">FIZZY COLA<\/a><\/p>\n\n\n\n<p><\/p>","protected":false},"excerpt":{"rendered":"<p>Pot\u0119ga mentolu. <b data-path-to-node=\"31,2,0\" data-index-in-node=\"46\">Mighty Mint Hyppe Infiniti 50K<\/b> zapewnia intensywny, orze\u017awiaj\u0105cy arktyczny podmuch zaprojektowany z my\u015bl\u0105 o maksymalnym wp\u0142ywie na zmys\u0142y. Prawdziwa waga ci\u0119\u017cka w kategorii 50 000 puff\u00f3w.<\/p>","protected":false},"featured_media":69916,"comment_status":"open","ping_status":"closed","template":"","meta":{"_acf_changed":false},"product_brand":[],"product_cat":[170],"product_tag":[],"class_list":{"0":"post-69874","1":"product","2":"type-product","3":"status-publish","4":"has-post-thumbnail","6":"product_cat-hyppe-infiniti-50k-50000-puffs","8":"first","9":"instock","10":"shipping-taxable","11":"purchasable","12":"product-type-variable"},"acf":[],"yoast_head":"<!-- This site is optimized with the Yoast SEO Premium plugin v26.1 (Yoast SEO v27.5) - https:\/\/yoast.com\/product\/yoast-seo-premium-wordpress\/ -->\n<title>Mighty Mint Hyppe Infiniti 50K | Strong Menthol 50,000 Puffs<\/title>\n<meta name=\"description\" content=\"Maximum chill! Mighty Mint Hyppe Infiniti 50K delivers 50,000 puffs of aggressive arctic frost. Track your levels on the 360\u00b0 panoramic screen.\" \/>\n<meta name=\"robots\" content=\"index, follow, max-snippet:-1, max-image-preview:large, max-video-preview:-1\" \/>\n<link rel=\"canonical\" href=\"https:\/\/vozolvapen.de\/pl\/product\/hyppe-infiniti-50k-50000-puffs-mighty-mint\/\" \/>\n<meta property=\"og:locale\" content=\"pl_PL\" \/>\n<meta property=\"og:type\" content=\"article\" \/>\n<meta property=\"og:title\" content=\"Hyppe Infiniti 50K 50000 Puffs - Mighty Mint\" \/>\n<meta property=\"og:description\" content=\"Maximum chill! Mighty Mint Hyppe Infiniti 50K delivers 50,000 puffs of aggressive arctic frost. Track your levels on the 360\u00b0 panoramic screen.\" \/>\n<meta property=\"og:url\" content=\"https:\/\/vozolvapen.de\/pl\/product\/hyppe-infiniti-50k-50000-puffs-mighty-mint\/\" \/>\n<meta property=\"og:site_name\" content=\"vozolvapen\" \/>\n<meta property=\"article:modified_time\" content=\"2026-05-11T07:30:37+00:00\" \/>\n<meta property=\"og:image\" content=\"https:\/\/vozolvapen.de\/wp-content\/uploads\/2026\/05\/hyppe-infiniti-50k-disposable-vape.webp\" \/>\n\t<meta property=\"og:image:width\" content=\"800\" \/>\n\t<meta property=\"og:image:height\" content=\"800\" \/>\n\t<meta property=\"og:image:type\" content=\"image\/webp\" \/>\n<meta name=\"twitter:card\" content=\"summary_large_image\" \/>\n<meta name=\"twitter:label1\" content=\"Szacowany czas czytania\" \/>\n\t<meta name=\"twitter:data1\" content=\"2 minuty\" \/>\n<script type=\"application\/ld+json\" class=\"yoast-schema-graph\">{\"@context\":\"https:\\\/\\\/schema.org\",\"@graph\":[{\"@type\":\"WebPage\",\"@id\":\"https:\\\/\\\/vozolvapen.de\\\/product\\\/hyppe-infiniti-50k-50000-puffs-mighty-mint\\\/\",\"url\":\"https:\\\/\\\/vozolvapen.de\\\/product\\\/hyppe-infiniti-50k-50000-puffs-mighty-mint\\\/\",\"name\":\"Mighty Mint Hyppe Infiniti 50K | Strong Menthol 50,000 Puffs\",\"isPartOf\":{\"@id\":\"https:\\\/\\\/vozolvapen.de\\\/#website\"},\"primaryImageOfPage\":{\"@id\":\"https:\\\/\\\/vozolvapen.de\\\/product\\\/hyppe-infiniti-50k-50000-puffs-mighty-mint\\\/#primaryimage\"},\"image\":{\"@id\":\"https:\\\/\\\/vozolvapen.de\\\/product\\\/hyppe-infiniti-50k-50000-puffs-mighty-mint\\\/#primaryimage\"},\"thumbnailUrl\":\"https:\\\/\\\/vozolvapen.de\\\/wp-content\\\/uploads\\\/2026\\\/05\\\/hyppe-infiniti-50k-disposable-vape.webp\",\"datePublished\":\"2026-05-11T05:55:42+00:00\",\"dateModified\":\"2026-05-11T07:30:37+00:00\",\"description\":\"Maximum chill! Mighty Mint Hyppe Infiniti 50K delivers 50,000 puffs of aggressive arctic frost. Track your levels on the 360\u00b0 panoramic screen.\",\"breadcrumb\":{\"@id\":\"https:\\\/\\\/vozolvapen.de\\\/product\\\/hyppe-infiniti-50k-50000-puffs-mighty-mint\\\/#breadcrumb\"},\"inLanguage\":\"pl-PL\",\"potentialAction\":[{\"@type\":\"ReadAction\",\"target\":[\"https:\\\/\\\/vozolvapen.de\\\/product\\\/hyppe-infiniti-50k-50000-puffs-mighty-mint\\\/\"]}]},{\"@type\":\"ImageObject\",\"inLanguage\":\"pl-PL\",\"@id\":\"https:\\\/\\\/vozolvapen.de\\\/product\\\/hyppe-infiniti-50k-50000-puffs-mighty-mint\\\/#primaryimage\",\"url\":\"https:\\\/\\\/vozolvapen.de\\\/wp-content\\\/uploads\\\/2026\\\/05\\\/hyppe-infiniti-50k-disposable-vape.webp\",\"contentUrl\":\"https:\\\/\\\/vozolvapen.de\\\/wp-content\\\/uploads\\\/2026\\\/05\\\/hyppe-infiniti-50k-disposable-vape.webp\",\"width\":800,\"height\":800,\"caption\":\"Hyppe Infiniti 50k Disposable Vape Device\"},{\"@type\":\"BreadcrumbList\",\"@id\":\"https:\\\/\\\/vozolvapen.de\\\/product\\\/hyppe-infiniti-50k-50000-puffs-mighty-mint\\\/#breadcrumb\",\"itemListElement\":[{\"@type\":\"ListItem\",\"position\":1,\"name\":\"Home\",\"item\":\"https:\\\/\\\/vozolvapen.de\\\/de\\\/\"},{\"@type\":\"ListItem\",\"position\":2,\"name\":\"Shop\",\"item\":\"https:\\\/\\\/vozolvapen.de\\\/shop\\\/\"},{\"@type\":\"ListItem\",\"position\":3,\"name\":\"Hyppe Infiniti 50K 50000 Puffs &#8211; Mighty Mint\"}]},{\"@type\":\"WebSite\",\"@id\":\"https:\\\/\\\/vozolvapen.de\\\/#website\",\"url\":\"https:\\\/\\\/vozolvapen.de\\\/\",\"name\":\"vozolvapen\",\"description\":\"vozolvapen\",\"publisher\":{\"@id\":\"https:\\\/\\\/vozolvapen.de\\\/#organization\"},\"potentialAction\":[{\"@type\":\"SearchAction\",\"target\":{\"@type\":\"EntryPoint\",\"urlTemplate\":\"https:\\\/\\\/vozolvapen.de\\\/?s={search_term_string}\"},\"query-input\":{\"@type\":\"PropertyValueSpecification\",\"valueRequired\":true,\"valueName\":\"search_term_string\"}}],\"inLanguage\":\"pl-PL\"},{\"@type\":\"Organization\",\"@id\":\"https:\\\/\\\/vozolvapen.de\\\/#organization\",\"name\":\"vozolvapen\",\"url\":\"https:\\\/\\\/vozolvapen.de\\\/\",\"logo\":{\"@type\":\"ImageObject\",\"inLanguage\":\"pl-PL\",\"@id\":\"https:\\\/\\\/vozolvapen.de\\\/#\\\/schema\\\/logo\\\/image\\\/\",\"url\":\"https:\\\/\\\/vozolvapen.de\\\/wp-content\\\/uploads\\\/2025\\\/12\\\/cropped-vozovapen-logo.webp\",\"contentUrl\":\"https:\\\/\\\/vozolvapen.de\\\/wp-content\\\/uploads\\\/2025\\\/12\\\/cropped-vozovapen-logo.webp\",\"width\":470,\"height\":110,\"caption\":\"vozolvapen\"},\"image\":{\"@id\":\"https:\\\/\\\/vozolvapen.de\\\/#\\\/schema\\\/logo\\\/image\\\/\"}}]}<\/script>\n<!-- \/ Yoast SEO Premium plugin. -->","yoast_head_json":{"title":"Mighty Mint Hyppe Infiniti 50K | Strong Menthol 50,000 Puffs","description":"Maksymalny ch\u0142\u00f3d! Mighty Mint Hyppe Infiniti 50K zapewnia 50 000 podmuch\u00f3w agresywnego arktycznego mrozu. \u015aled\u017a swoje poziomy na panoramicznym ekranie 360\u00b0.","robots":{"index":"index","follow":"follow","max-snippet":"max-snippet:-1","max-image-preview":"max-image-preview:large","max-video-preview":"max-video-preview:-1"},"canonical":"https:\/\/vozolvapen.de\/pl\/product\/hyppe-infiniti-50k-50000-puffs-mighty-mint\/","og_locale":"pl_PL","og_type":"article","og_title":"Hyppe Infiniti 50K 50000 Puffs - Mighty Mint","og_description":"Maximum chill! Mighty Mint Hyppe Infiniti 50K delivers 50,000 puffs of aggressive arctic frost. Track your levels on the 360\u00b0 panoramic screen.","og_url":"https:\/\/vozolvapen.de\/pl\/product\/hyppe-infiniti-50k-50000-puffs-mighty-mint\/","og_site_name":"vozolvapen","article_modified_time":"2026-05-11T07:30:37+00:00","og_image":[{"width":800,"height":800,"url":"https:\/\/vozolvapen.de\/wp-content\/uploads\/2026\/05\/hyppe-infiniti-50k-disposable-vape.webp","type":"image\/webp"}],"twitter_card":"summary_large_image","twitter_misc":{"Szacowany czas czytania":"2 minuty"},"schema":{"@context":"https:\/\/schema.org","@graph":[{"@type":"WebPage","@id":"https:\/\/vozolvapen.de\/product\/hyppe-infiniti-50k-50000-puffs-mighty-mint\/","url":"https:\/\/vozolvapen.de\/product\/hyppe-infiniti-50k-50000-puffs-mighty-mint\/","name":"Mighty Mint Hyppe Infiniti 50K | Strong Menthol 50,000 Puffs","isPartOf":{"@id":"https:\/\/vozolvapen.de\/#website"},"primaryImageOfPage":{"@id":"https:\/\/vozolvapen.de\/product\/hyppe-infiniti-50k-50000-puffs-mighty-mint\/#primaryimage"},"image":{"@id":"https:\/\/vozolvapen.de\/product\/hyppe-infiniti-50k-50000-puffs-mighty-mint\/#primaryimage"},"thumbnailUrl":"https:\/\/vozolvapen.de\/wp-content\/uploads\/2026\/05\/hyppe-infiniti-50k-disposable-vape.webp","datePublished":"2026-05-11T05:55:42+00:00","dateModified":"2026-05-11T07:30:37+00:00","description":"Maksymalny ch\u0142\u00f3d! Mighty Mint Hyppe Infiniti 50K zapewnia 50 000 podmuch\u00f3w agresywnego arktycznego mrozu. \u015aled\u017a swoje poziomy na panoramicznym ekranie 360\u00b0.","breadcrumb":{"@id":"https:\/\/vozolvapen.de\/product\/hyppe-infiniti-50k-50000-puffs-mighty-mint\/#breadcrumb"},"inLanguage":"pl-PL","potentialAction":[{"@type":"ReadAction","target":["https:\/\/vozolvapen.de\/product\/hyppe-infiniti-50k-50000-puffs-mighty-mint\/"]}]},{"@type":"ImageObject","inLanguage":"pl-PL","@id":"https:\/\/vozolvapen.de\/product\/hyppe-infiniti-50k-50000-puffs-mighty-mint\/#primaryimage","url":"https:\/\/vozolvapen.de\/wp-content\/uploads\/2026\/05\/hyppe-infiniti-50k-disposable-vape.webp","contentUrl":"https:\/\/vozolvapen.de\/wp-content\/uploads\/2026\/05\/hyppe-infiniti-50k-disposable-vape.webp","width":800,"height":800,"caption":"Hyppe Infiniti 50k Disposable Vape Device"},{"@type":"BreadcrumbList","@id":"https:\/\/vozolvapen.de\/product\/hyppe-infiniti-50k-50000-puffs-mighty-mint\/#breadcrumb","itemListElement":[{"@type":"ListItem","position":1,"name":"Home","item":"https:\/\/vozolvapen.de\/de\/"},{"@type":"ListItem","position":2,"name":"Shop","item":"https:\/\/vozolvapen.de\/shop\/"},{"@type":"ListItem","position":3,"name":"Hyppe Infiniti 50K 50000 Puffs &#8211; Mighty Mint"}]},{"@type":"WebSite","@id":"https:\/\/vozolvapen.de\/#website","url":"https:\/\/vozolvapen.de\/","name":"vozolvapen","description":"vozolvapen","publisher":{"@id":"https:\/\/vozolvapen.de\/#organization"},"potentialAction":[{"@type":"SearchAction","target":{"@type":"EntryPoint","urlTemplate":"https:\/\/vozolvapen.de\/?s={search_term_string}"},"query-input":{"@type":"PropertyValueSpecification","valueRequired":true,"valueName":"search_term_string"}}],"inLanguage":"pl-PL"},{"@type":"Organization","@id":"https:\/\/vozolvapen.de\/#organization","name":"vozolvapen","url":"https:\/\/vozolvapen.de\/","logo":{"@type":"ImageObject","inLanguage":"pl-PL","@id":"https:\/\/vozolvapen.de\/#\/schema\/logo\/image\/","url":"https:\/\/vozolvapen.de\/wp-content\/uploads\/2025\/12\/cropped-vozovapen-logo.webp","contentUrl":"https:\/\/vozolvapen.de\/wp-content\/uploads\/2025\/12\/cropped-vozovapen-logo.webp","width":470,"height":110,"caption":"vozolvapen"},"image":{"@id":"https:\/\/vozolvapen.de\/#\/schema\/logo\/image\/"}}]}},"tiered_pricing_type":"fixed","tiered_pricing_fixed_rules":{"30":"11.8","50":"9.3","100":"8.8","200":"8.2"},"tiered_pricing_product_settings":{"layout":"default","base_unit_name":{"singular":null,"plural":null},"default_variation":null},"tiered_pricing_minimum_quantity":10,"tiered_pricing_roles_data":[],"tiered_pricing_percentage_rules":[],"tiered_pricing_maximum_quantity":null,"tiered_pricing_quantity_step":"10","_links":{"self":[{"href":"https:\/\/vozolvapen.de\/pl\/wp-json\/wp\/v2\/product\/69874","targetHints":{"allow":["GET"]}}],"collection":[{"href":"https:\/\/vozolvapen.de\/pl\/wp-json\/wp\/v2\/product"}],"about":[{"href":"https:\/\/vozolvapen.de\/pl\/wp-json\/wp\/v2\/types\/product"}],"replies":[{"embeddable":true,"href":"https:\/\/vozolvapen.de\/pl\/wp-json\/wp\/v2\/comments?post=69874"}],"wp:featuredmedia":[{"embeddable":true,"href":"https:\/\/vozolvapen.de\/pl\/wp-json\/wp\/v2\/media\/69916"}],"wp:attachment":[{"href":"https:\/\/vozolvapen.de\/pl\/wp-json\/wp\/v2\/media?parent=69874"}],"wp:term":[{"taxonomy":"product_brand","embeddable":true,"href":"https:\/\/vozolvapen.de\/pl\/wp-json\/wp\/v2\/product_brand?post=69874"},{"taxonomy":"product_cat","embeddable":true,"href":"https:\/\/vozolvapen.de\/pl\/wp-json\/wp\/v2\/product_cat?post=69874"},{"taxonomy":"product_tag","embeddable":true,"href":"https:\/\/vozolvapen.de\/pl\/wp-json\/wp\/v2\/product_tag?post=69874"}],"curies":[{"name":"wp","href":"https:\/\/api.w.org\/{rel}","templated":true}]}}