{"id":70223,"date":"2026-05-12T09:01:49","date_gmt":"2026-05-12T09:01:49","guid":{"rendered":"https:\/\/vozolvapen.de\/?post_type=product&#038;p=70223"},"modified":"2026-05-12T09:42:06","modified_gmt":"2026-05-12T09:42:06","slug":"bnag-leader-450k-pod-4-pineapple-coconut-mango-peach","status":"publish","type":"product","link":"https:\/\/vozolvapen.de\/pl\/product\/bnag-leader-450k-pod-4-pineapple-coconut-mango-peach\/","title":{"rendered":"Bnag Leader 450k - Pod 4: Tropikalna wyspa i kremowy koncentrator 15 w 1"},"content":{"rendered":"<p>The <strong>Lider Bnag 450 tys.<\/strong> (Bnag Leader 450000) jest klejnotem koronnym <strong>Optymalizacja vape jednorazowego u\u017cytku<\/strong>. <strong>Pod 4<\/strong> zosta\u0142 zaprojektowany specjalnie dla waper\u00f3w, kt\u00f3rzy pragn\u0105 luksusowych, inspirowanych wakacjami dozna\u0144 sensorycznych. Jako najwy\u017cszej klasy <strong>450k vape<\/strong>, wykorzystuje zaawansowany <strong>Smak 15 w 1<\/strong> hybrydowy system, pozwalaj\u0105cy na stworzenie spersonalizowanego tropikalnego raju o \u017cywotno\u015bci 450 000 puff\u00f3w.<\/p>\n\n\n\n<h2 class=\"wp-block-heading\" id=\"h-technical-parameters-amp-performance\"><strong>Parametry techniczne i wydajno\u015b\u0107:<\/strong><\/h2>\n\n\n\n<ul class=\"wp-block-list\">\n<li><strong>Liczba zaci\u0105gni\u0119\u0107:<\/strong> Do 450 000 zaci\u0105gni\u0119\u0107 (niezr\u00f3wnana wytrzyma\u0142o\u015b\u0107 rynkowa)<\/li>\n\n\n\n<li><strong>Flavor Logic:<\/strong> Konfigurowalna hybryda 15 w 1<\/li>\n\n\n\n<li><strong>Sprz\u0119t:<\/strong> Zaawansowana cewka siatkowa 1,2\u03a9 | Bateria kobaltowa 850 mAh<\/li>\n\n\n\n<li><strong>\u0141adowanie:<\/strong> Przysz\u0142o\u015bciowy szybki port typu C<\/li>\n\n\n\n<li><strong>Precyzja nikotyny:<\/strong> 0% | 2% | 3% | 5% Opcje s\u0142onej nikotyny<\/li>\n<\/ul>\n\n\n\n<h2 class=\"wp-block-heading\">Pok\u0142ad smaku 15 w 1 \u201cEgzotyczna ucieczka\u201d (kapsu\u0142a 4)<\/h2>\n\n\n\n<p>Po co wybiera\u0107 jeden owoc, skoro mo\u017cna posiada\u0107 ca\u0142\u0105 wysp\u0119? <strong>Pod 4<\/strong> zawiera cztery kremowe i \u017cywe p\u0142yny bazowe. U\u017cyj mechanicznego prze\u0142\u0105cznika, aby cieszy\u0107 si\u0119 nimi w czystej postaci lub stw\u00f3rz 11 unikalnych hybryd \u201cCreamy-Tropical\u201d.<\/p>\n\n\n\n<h3 class=\"wp-block-heading\"><strong>4 podstawowe sk\u0142adniki egzotyczne:<\/strong><\/h3>\n\n\n\n<ol start=\"1\" class=\"wp-block-list\">\n<li><strong>Kokos z ananasem:<\/strong> Aksamitna kremowa baza inspirowana Pina Colad\u0105 ze s\u0142odkim ananasowym rdzeniem.<\/li>\n\n\n\n<li><strong>Blue Razz:<\/strong> Jasna, elektryzuj\u0105ca niebieska malinowa iskra, kt\u00f3ra dodaje cukierkowego \u201cpopu\u201d.\u201d<\/li>\n\n\n\n<li><strong>Jagody mieszane:<\/strong> G\u0119sty, d\u017cemowy zbi\u00f3r le\u015bnych jag\u00f3d o g\u0142\u0119bokim aromatycznym ciele.<\/li>\n\n\n\n<li><strong>Mango Peach:<\/strong> Bujny, sk\u0105pany w s\u0142o\u0144cu nektar o jedwabistym, pestkowo-owocowym finiszu.<\/li>\n<\/ol>\n\n\n\n<h3 class=\"wp-block-heading\"><strong>Charakterystyczne mieszanki hybrydowe:<\/strong><\/h3>\n\n\n\n<ul class=\"wp-block-list\">\n<li><strong>Blue Colada (Mix 1+2):<\/strong> Kremowy Pineapple Coconut \u0142\u0105czy si\u0119 z elektrycznym Blue Razz, tworz\u0105c wibruj\u0105cy klimat pla\u017cowo-klubowy.<\/li>\n\n\n\n<li><strong>Tropical Berry Cream (Mix 1+3):<\/strong> Ci\u0119\u017ckie, przypominaj\u0105ce smoothie po\u0142\u0105czenie kokosa i mieszanych jag\u00f3d.<\/li>\n\n\n\n<li><strong>Brzoskwiniowo-jagodowy wsch\u00f3d s\u0142o\u0144ca (mieszanka 3+4):<\/strong> S\u0142odka, nie pikantna mieszanka brzoskwini z mango i mieszanych jag\u00f3d.<\/li>\n\n\n\n<li><strong>The Island Masterpiece (Mix 1+2+3+4):<\/strong> Wszystkie cztery komory otwieraj\u0105 si\u0119 na z\u0142o\u017con\u0105 tropikaln\u0105 symfoni\u0119 15 w 1.<\/li>\n<\/ul>\n\n\n\n<h2 class=\"wp-block-heading\">Skupienie sensoryczne: Flagowe nasycenie par\u0105 wodn\u0105<\/h2>\n\n\n\n<p>Korzystanie z <strong>Wyszukiwanie s\u0142\u00f3w kluczowych dla vapes<\/strong> aby odpowiedzie\u0107 na intencje u\u017cytkownika, skupiamy si\u0119 na \u201codczuciu w ustach\u201d <strong>Bnag Leader 450000<\/strong>\u2019wysokowydajna cewka siatkowa 1,2\u03a9.<\/p>\n\n\n\n<ul class=\"wp-block-list\">\n<li><strong>Wdech:<\/strong> Natychmiastowe, kremowe doznanie z Pineapple Coconut, po kt\u00f3rym nast\u0119puje jasna kwasowo\u015b\u0107 Blue Razz.<\/li>\n\n\n\n<li><strong>Sekcja \u015brodkowa:<\/strong> Mango Peach zapewnia \u201cg\u0119st\u0105\u201d konsystencj\u0119 pary, pokrywaj\u0105c podniebienie jedwabistym owocowym nektarem.<\/li>\n\n\n\n<li><strong>Posmak:<\/strong> Czysty, s\u0142odki i trwa\u0142y. Mieszane jagody zapewniaj\u0105 wyrafinowany kwiatowy \u015blad, kt\u00f3ry pozostaje niezmienny przez ca\u0142y czas trwania zapachu. <strong>450 000 puff<\/strong> czas trwania.<\/li>\n<\/ul>\n\n\n\n<h2 class=\"wp-block-heading\">Najcz\u0119\u015bciej zadawane pytania i optymalizacja Rich Snippet<\/h2>\n\n\n\n<p><strong>P: Jak zarz\u0105dza\u0107 smakami 15 w 1 w Bnag Leader 450k?<\/strong><\/p>\n\n\n\n<p> <strong>A:<\/strong> The <strong>Bnag Leader 450000<\/strong> wykorzystuje mechaniczny system prze\u0142\u0105czania. Prze\u0142\u0105czaj mi\u0119dzy smakiem 1, 2, 3 lub 4 lub w\u0142\u0105cz kilka prze\u0142\u0105cznik\u00f3w, aby aktywowa\u0107 wewn\u0119trzne komory mieszania w celu uzyskania niestandardowego profilu hybrydowego.<\/p>\n\n\n\n<p><strong>P: Czy vape 450k jest zbyt du\u017cy do codziennego noszenia?<\/strong> <\/p>\n\n\n\n<p><strong>A:<\/strong> Pomimo swojej ogromnej <strong>450 000 puff<\/strong> Bnag Leader 450k charakteryzuje si\u0119 ergonomiczn\u0105 konstrukcj\u0105, kt\u00f3ra r\u00f3wnowa\u017cy bateri\u0119 850 mAh z eleganck\u0105 obudow\u0105, idealn\u0105 do podr\u00f3\u017cy.<\/p>\n\n\n\n<p><strong>P: Czy mog\u0119 kupi\u0107 Bnag Leader 450k hurtowo?<\/strong> <\/p>\n\n\n\n<p><strong>A:<\/strong> Tak. Zapewniamy <strong>Marketing cyfrowy sklepu Vape<\/strong> aktywa i ceny hurtowe (10 sztuk\/opakowanie) dla globalnych sprzedawc\u00f3w detalicznych poszukuj\u0105cych zapas\u00f3w o wysokiej rotacji.<\/p>\n\n\n\n<h2 class=\"wp-block-heading\">Poznaj wi\u0119cej do\u015bwiadcze\u0144 sensorycznych 15 w 1<\/h2>\n\n\n\n<p>Je\u015bli podoba\u0142a Ci si\u0119 z\u0142o\u017cona technologia hybrydowa <strong>Bnag Leader 450000<\/strong>, Odkryj te wyselekcjonowane alternatywy zaprojektowane, aby przesuwa\u0107 granice <strong>450k vape<\/strong> rewolucja.<\/p>\n\n\n\n<p>1.<a href=\"https:\/\/vozolvapen.de\/pl\/product\/bnag-leader-450k-pod-1-watermelon-cherry-mango\/\">Stacja Tropical Red &amp; Mango<\/a><br>2.<a href=\"https:\/\/vozolvapen.de\/pl\/product\/bnag-leader-450k-pod-2-cola-ice-energy-drink\/\">Soda i Energy Spark<\/a><br>3.<a href=\"https:\/\/vozolvapen.de\/pl\/product\/bnag-leader-450k-pod-3-watermelon-ice-red-bull\/\">Icy Revitalizer<\/a><br>5.<a href=\"https:\/\/vozolvapen.de\/pl\/product\/bnag-leader-450k-pod-5-energy-drink-blueberry-watermelon-gummy-bear\/\">Sour Candy Energy<\/a><br>6.<a href=\"https:\/\/vozolvapen.de\/pl\/product\/bnag-leader-450k-pod-6-strawberry-watermelon-kiwi-guava\/\">Antologia Letni sad<\/a><br>7.<a href=\"https:\/\/vozolvapen.de\/pl\/product\/bnag-leader-450k-pod-7-fuji-apple-ice-blueberry-mint-lime-romance\/\">Fuji Romance &amp; Mint<\/a><br>8.<a href=\"https:\/\/vozolvapen.de\/pl\/product\/bnag-leader-450k-pod-8-peach-ice-blueberry-ice-rainbow-candy-lemon-sour-orange\/\">Rainbow Candy Zest<\/a><br>9.<a href=\"https:\/\/vozolvapen.de\/pl\/product\/bnag-leader-450k-pod-9-blueberry-ice-peach-mango-watermelon-passion-kiss-melon-apple\/\">Passion Melon Kiss<\/a><br>10.<a href=\"https:\/\/vozolvapen.de\/pl\/product\/bnag-leader-450k-pod-10-watermelon-ice-blueberry-cherry-sour-mango-pineapple\/\">Letni kwa\u015bny ananas<\/a><br>11.<a href=\"https:\/\/vozolvapen.de\/pl\/product\/bnag-leader-450k-pod-11-california-cherry-passion-fruit-mango-berry-mix\/\">Kalifornijskie zbiory jag\u00f3d<\/a><br>12.<a href=\"https:\/\/vozolvapen.de\/pl\/product\/bnag-leader-450k-pod-12-love66-red-mojito-strawberry-mango\/\">Love &amp; Mojito Lounge<\/a><\/p>","protected":false},"excerpt":{"rendered":"<p data-path-to-node=\"6\">Kremowa tropikalna ucieczka. Ta hybryda 15 w 1 zawiera aksamitne Pineapple Coconut i Blue Razz w po\u0142\u0105czeniu z soczystym Mango Peach. Wykorzystuj\u0105c cewk\u0119 siatkow\u0105 1,2\u03a9, zapewnia 450 000 zaci\u0105gni\u0119\u0107 g\u0142adkiej, inspirowanej wakacjami pary.<\/p>","protected":false},"featured_media":70818,"comment_status":"open","ping_status":"closed","template":"","meta":{"_acf_changed":false},"product_brand":[],"product_cat":[171],"product_tag":[],"class_list":{"0":"post-70223","1":"product","2":"type-product","3":"status-publish","4":"has-post-thumbnail","6":"product_cat-puff-450k-bang-leader-450k-15-in-1","8":"first","9":"instock","10":"shipping-taxable","11":"purchasable","12":"product-type-variable"},"acf":[],"yoast_head":"<!-- This site is optimized with the Yoast SEO Premium plugin v26.1 (Yoast SEO v27.5) - https:\/\/yoast.com\/product\/yoast-seo-premium-wordpress\/ -->\n<title>Bnag Leader 450k Pod 4 | 450k Puffs Pineapple Coconut 15-in-1<\/title>\n<meta name=\"description\" content=\"Escape with Bnag Leader 450k Pod 4. 450,000 puffs of Pineapple Coconut, Blue Razz, Mixed Berries, and Mango Peach. The ultimate 450k exotic hybrid vape.\" \/>\n<meta name=\"robots\" content=\"index, follow, max-snippet:-1, max-image-preview:large, max-video-preview:-1\" \/>\n<link rel=\"canonical\" href=\"https:\/\/vozolvapen.de\/pl\/product\/bnag-leader-450k-pod-4-pineapple-coconut-mango-peach\/\" \/>\n<meta property=\"og:locale\" content=\"pl_PL\" \/>\n<meta property=\"og:type\" content=\"article\" \/>\n<meta property=\"og:title\" content=\"Bnag Leader 450k - Pod 4: Tropical Island &amp; Creamy 15-in-1 Hub\" \/>\n<meta property=\"og:description\" content=\"Escape with Bnag Leader 450k Pod 4. 450,000 puffs of Pineapple Coconut, Blue Razz, Mixed Berries, and Mango Peach. The ultimate 450k exotic hybrid vape.\" \/>\n<meta property=\"og:url\" content=\"https:\/\/vozolvapen.de\/pl\/product\/bnag-leader-450k-pod-4-pineapple-coconut-mango-peach\/\" \/>\n<meta property=\"og:site_name\" content=\"vozolvapen\" \/>\n<meta property=\"article:modified_time\" content=\"2026-05-12T09:42:06+00:00\" \/>\n<meta property=\"og:image\" content=\"https:\/\/vozolvapen.de\/wp-content\/uploads\/2026\/05\/450k-puffs-Bnag-Leader-450k-Exotic-Island-Cream.webp\" \/>\n\t<meta property=\"og:image:width\" content=\"768\" \/>\n\t<meta property=\"og:image:height\" content=\"768\" \/>\n\t<meta property=\"og:image:type\" content=\"image\/webp\" \/>\n<meta name=\"twitter:card\" content=\"summary_large_image\" \/>\n<meta name=\"twitter:label1\" content=\"Szacowany czas czytania\" \/>\n\t<meta name=\"twitter:data1\" content=\"3 minuty\" \/>\n<script type=\"application\/ld+json\" class=\"yoast-schema-graph\">{\"@context\":\"https:\\\/\\\/schema.org\",\"@graph\":[{\"@type\":\"WebPage\",\"@id\":\"https:\\\/\\\/vozolvapen.de\\\/product\\\/bnag-leader-450k-pod-4-pineapple-coconut-mango-peach\\\/\",\"url\":\"https:\\\/\\\/vozolvapen.de\\\/product\\\/bnag-leader-450k-pod-4-pineapple-coconut-mango-peach\\\/\",\"name\":\"Bnag Leader 450k Pod 4 | 450k Puffs Pineapple Coconut 15-in-1\",\"isPartOf\":{\"@id\":\"https:\\\/\\\/vozolvapen.de\\\/#website\"},\"primaryImageOfPage\":{\"@id\":\"https:\\\/\\\/vozolvapen.de\\\/product\\\/bnag-leader-450k-pod-4-pineapple-coconut-mango-peach\\\/#primaryimage\"},\"image\":{\"@id\":\"https:\\\/\\\/vozolvapen.de\\\/product\\\/bnag-leader-450k-pod-4-pineapple-coconut-mango-peach\\\/#primaryimage\"},\"thumbnailUrl\":\"https:\\\/\\\/vozolvapen.de\\\/wp-content\\\/uploads\\\/2026\\\/05\\\/450k-puffs-Bnag-Leader-450k-Exotic-Island-Cream.webp\",\"datePublished\":\"2026-05-12T09:01:49+00:00\",\"dateModified\":\"2026-05-12T09:42:06+00:00\",\"description\":\"Escape with Bnag Leader 450k Pod 4. 450,000 puffs of Pineapple Coconut, Blue Razz, Mixed Berries, and Mango Peach. The ultimate 450k exotic hybrid vape.\",\"breadcrumb\":{\"@id\":\"https:\\\/\\\/vozolvapen.de\\\/product\\\/bnag-leader-450k-pod-4-pineapple-coconut-mango-peach\\\/#breadcrumb\"},\"inLanguage\":\"pl-PL\",\"potentialAction\":[{\"@type\":\"ReadAction\",\"target\":[\"https:\\\/\\\/vozolvapen.de\\\/product\\\/bnag-leader-450k-pod-4-pineapple-coconut-mango-peach\\\/\"]}]},{\"@type\":\"ImageObject\",\"inLanguage\":\"pl-PL\",\"@id\":\"https:\\\/\\\/vozolvapen.de\\\/product\\\/bnag-leader-450k-pod-4-pineapple-coconut-mango-peach\\\/#primaryimage\",\"url\":\"https:\\\/\\\/vozolvapen.de\\\/wp-content\\\/uploads\\\/2026\\\/05\\\/450k-puffs-Bnag-Leader-450k-Exotic-Island-Cream.webp\",\"contentUrl\":\"https:\\\/\\\/vozolvapen.de\\\/wp-content\\\/uploads\\\/2026\\\/05\\\/450k-puffs-Bnag-Leader-450k-Exotic-Island-Cream.webp\",\"width\":768,\"height\":768,\"caption\":\"450k Puffs Bnag Leader Exotic Island Cream Disposable Vape Device\"},{\"@type\":\"BreadcrumbList\",\"@id\":\"https:\\\/\\\/vozolvapen.de\\\/product\\\/bnag-leader-450k-pod-4-pineapple-coconut-mango-peach\\\/#breadcrumb\",\"itemListElement\":[{\"@type\":\"ListItem\",\"position\":1,\"name\":\"Home\",\"item\":\"https:\\\/\\\/vozolvapen.de\\\/de\\\/\"},{\"@type\":\"ListItem\",\"position\":2,\"name\":\"Shop\",\"item\":\"https:\\\/\\\/vozolvapen.de\\\/shop\\\/\"},{\"@type\":\"ListItem\",\"position\":3,\"name\":\"Bnag Leader 450k &#8211; Pod 4: Tropical Island &amp; Creamy 15-in-1 Hub\"}]},{\"@type\":\"WebSite\",\"@id\":\"https:\\\/\\\/vozolvapen.de\\\/#website\",\"url\":\"https:\\\/\\\/vozolvapen.de\\\/\",\"name\":\"vozolvapen\",\"description\":\"vozolvapen\",\"publisher\":{\"@id\":\"https:\\\/\\\/vozolvapen.de\\\/#organization\"},\"potentialAction\":[{\"@type\":\"SearchAction\",\"target\":{\"@type\":\"EntryPoint\",\"urlTemplate\":\"https:\\\/\\\/vozolvapen.de\\\/?s={search_term_string}\"},\"query-input\":{\"@type\":\"PropertyValueSpecification\",\"valueRequired\":true,\"valueName\":\"search_term_string\"}}],\"inLanguage\":\"pl-PL\"},{\"@type\":\"Organization\",\"@id\":\"https:\\\/\\\/vozolvapen.de\\\/#organization\",\"name\":\"vozolvapen\",\"url\":\"https:\\\/\\\/vozolvapen.de\\\/\",\"logo\":{\"@type\":\"ImageObject\",\"inLanguage\":\"pl-PL\",\"@id\":\"https:\\\/\\\/vozolvapen.de\\\/#\\\/schema\\\/logo\\\/image\\\/\",\"url\":\"https:\\\/\\\/vozolvapen.de\\\/wp-content\\\/uploads\\\/2025\\\/12\\\/cropped-vozovapen-logo.webp\",\"contentUrl\":\"https:\\\/\\\/vozolvapen.de\\\/wp-content\\\/uploads\\\/2025\\\/12\\\/cropped-vozovapen-logo.webp\",\"width\":470,\"height\":110,\"caption\":\"vozolvapen\"},\"image\":{\"@id\":\"https:\\\/\\\/vozolvapen.de\\\/#\\\/schema\\\/logo\\\/image\\\/\"}}]}<\/script>\n<!-- \/ Yoast SEO Premium plugin. -->","yoast_head_json":{"title":"Bnag Leader 450k Pod 4 | 450k Puffs Pineapple Coconut 15-in-1","description":"Escape with Bnag Leader 450k Pod 4. 450 000 zaci\u0105gni\u0119\u0107 tytoniem Pineapple Coconut, Blue Razz, Mixed Berries i Mango Peach. Najlepszy egzotyczny vape hybrydowy 450k.","robots":{"index":"index","follow":"follow","max-snippet":"max-snippet:-1","max-image-preview":"max-image-preview:large","max-video-preview":"max-video-preview:-1"},"canonical":"https:\/\/vozolvapen.de\/pl\/product\/bnag-leader-450k-pod-4-pineapple-coconut-mango-peach\/","og_locale":"pl_PL","og_type":"article","og_title":"Bnag Leader 450k - Pod 4: Tropical Island &amp; Creamy 15-in-1 Hub","og_description":"Escape with Bnag Leader 450k Pod 4. 450,000 puffs of Pineapple Coconut, Blue Razz, Mixed Berries, and Mango Peach. The ultimate 450k exotic hybrid vape.","og_url":"https:\/\/vozolvapen.de\/pl\/product\/bnag-leader-450k-pod-4-pineapple-coconut-mango-peach\/","og_site_name":"vozolvapen","article_modified_time":"2026-05-12T09:42:06+00:00","og_image":[{"width":768,"height":768,"url":"https:\/\/vozolvapen.de\/wp-content\/uploads\/2026\/05\/450k-puffs-Bnag-Leader-450k-Exotic-Island-Cream.webp","type":"image\/webp"}],"twitter_card":"summary_large_image","twitter_misc":{"Szacowany czas czytania":"3 minuty"},"schema":{"@context":"https:\/\/schema.org","@graph":[{"@type":"WebPage","@id":"https:\/\/vozolvapen.de\/product\/bnag-leader-450k-pod-4-pineapple-coconut-mango-peach\/","url":"https:\/\/vozolvapen.de\/product\/bnag-leader-450k-pod-4-pineapple-coconut-mango-peach\/","name":"Bnag Leader 450k Pod 4 | 450k Puffs Pineapple Coconut 15-in-1","isPartOf":{"@id":"https:\/\/vozolvapen.de\/#website"},"primaryImageOfPage":{"@id":"https:\/\/vozolvapen.de\/product\/bnag-leader-450k-pod-4-pineapple-coconut-mango-peach\/#primaryimage"},"image":{"@id":"https:\/\/vozolvapen.de\/product\/bnag-leader-450k-pod-4-pineapple-coconut-mango-peach\/#primaryimage"},"thumbnailUrl":"https:\/\/vozolvapen.de\/wp-content\/uploads\/2026\/05\/450k-puffs-Bnag-Leader-450k-Exotic-Island-Cream.webp","datePublished":"2026-05-12T09:01:49+00:00","dateModified":"2026-05-12T09:42:06+00:00","description":"Escape with Bnag Leader 450k Pod 4. 450 000 zaci\u0105gni\u0119\u0107 tytoniem Pineapple Coconut, Blue Razz, Mixed Berries i Mango Peach. Najlepszy egzotyczny vape hybrydowy 450k.","breadcrumb":{"@id":"https:\/\/vozolvapen.de\/product\/bnag-leader-450k-pod-4-pineapple-coconut-mango-peach\/#breadcrumb"},"inLanguage":"pl-PL","potentialAction":[{"@type":"ReadAction","target":["https:\/\/vozolvapen.de\/product\/bnag-leader-450k-pod-4-pineapple-coconut-mango-peach\/"]}]},{"@type":"ImageObject","inLanguage":"pl-PL","@id":"https:\/\/vozolvapen.de\/product\/bnag-leader-450k-pod-4-pineapple-coconut-mango-peach\/#primaryimage","url":"https:\/\/vozolvapen.de\/wp-content\/uploads\/2026\/05\/450k-puffs-Bnag-Leader-450k-Exotic-Island-Cream.webp","contentUrl":"https:\/\/vozolvapen.de\/wp-content\/uploads\/2026\/05\/450k-puffs-Bnag-Leader-450k-Exotic-Island-Cream.webp","width":768,"height":768,"caption":"450k Puffs Bnag Leader Exotic Island Cream Disposable Vape Device"},{"@type":"BreadcrumbList","@id":"https:\/\/vozolvapen.de\/product\/bnag-leader-450k-pod-4-pineapple-coconut-mango-peach\/#breadcrumb","itemListElement":[{"@type":"ListItem","position":1,"name":"Home","item":"https:\/\/vozolvapen.de\/de\/"},{"@type":"ListItem","position":2,"name":"Shop","item":"https:\/\/vozolvapen.de\/shop\/"},{"@type":"ListItem","position":3,"name":"Bnag Leader 450k &#8211; Pod 4: Tropical Island &amp; Creamy 15-in-1 Hub"}]},{"@type":"WebSite","@id":"https:\/\/vozolvapen.de\/#website","url":"https:\/\/vozolvapen.de\/","name":"vozolvapen","description":"vozolvapen","publisher":{"@id":"https:\/\/vozolvapen.de\/#organization"},"potentialAction":[{"@type":"SearchAction","target":{"@type":"EntryPoint","urlTemplate":"https:\/\/vozolvapen.de\/?s={search_term_string}"},"query-input":{"@type":"PropertyValueSpecification","valueRequired":true,"valueName":"search_term_string"}}],"inLanguage":"pl-PL"},{"@type":"Organization","@id":"https:\/\/vozolvapen.de\/#organization","name":"vozolvapen","url":"https:\/\/vozolvapen.de\/","logo":{"@type":"ImageObject","inLanguage":"pl-PL","@id":"https:\/\/vozolvapen.de\/#\/schema\/logo\/image\/","url":"https:\/\/vozolvapen.de\/wp-content\/uploads\/2025\/12\/cropped-vozovapen-logo.webp","contentUrl":"https:\/\/vozolvapen.de\/wp-content\/uploads\/2025\/12\/cropped-vozovapen-logo.webp","width":470,"height":110,"caption":"vozolvapen"},"image":{"@id":"https:\/\/vozolvapen.de\/#\/schema\/logo\/image\/"}}]}},"tiered_pricing_type":"fixed","tiered_pricing_fixed_rules":{"30":"14.5","50":"12.5","100":"12.5","200":"11.5"},"tiered_pricing_product_settings":{"layout":"default","base_unit_name":{"singular":null,"plural":null},"default_variation":null},"tiered_pricing_minimum_quantity":10,"tiered_pricing_roles_data":[],"tiered_pricing_percentage_rules":[],"tiered_pricing_maximum_quantity":null,"tiered_pricing_quantity_step":"10","_links":{"self":[{"href":"https:\/\/vozolvapen.de\/pl\/wp-json\/wp\/v2\/product\/70223","targetHints":{"allow":["GET"]}}],"collection":[{"href":"https:\/\/vozolvapen.de\/pl\/wp-json\/wp\/v2\/product"}],"about":[{"href":"https:\/\/vozolvapen.de\/pl\/wp-json\/wp\/v2\/types\/product"}],"replies":[{"embeddable":true,"href":"https:\/\/vozolvapen.de\/pl\/wp-json\/wp\/v2\/comments?post=70223"}],"wp:featuredmedia":[{"embeddable":true,"href":"https:\/\/vozolvapen.de\/pl\/wp-json\/wp\/v2\/media\/70818"}],"wp:attachment":[{"href":"https:\/\/vozolvapen.de\/pl\/wp-json\/wp\/v2\/media?parent=70223"}],"wp:term":[{"taxonomy":"product_brand","embeddable":true,"href":"https:\/\/vozolvapen.de\/pl\/wp-json\/wp\/v2\/product_brand?post=70223"},{"taxonomy":"product_cat","embeddable":true,"href":"https:\/\/vozolvapen.de\/pl\/wp-json\/wp\/v2\/product_cat?post=70223"},{"taxonomy":"product_tag","embeddable":true,"href":"https:\/\/vozolvapen.de\/pl\/wp-json\/wp\/v2\/product_tag?post=70223"}],"curies":[{"name":"wp","href":"https:\/\/api.w.org\/{rel}","templated":true}]}}