{"id":70355,"date":"2026-05-12T09:01:56","date_gmt":"2026-05-12T09:01:56","guid":{"rendered":"https:\/\/vozolvapen.de\/?post_type=product&#038;p=70355"},"modified":"2026-05-12T09:42:10","modified_gmt":"2026-05-12T09:42:10","slug":"bnag-leader-450k-pod-6-strawberry-watermelon-kiwi-guava","status":"publish","type":"product","link":"https:\/\/vozolvapen.de\/pl\/product\/bnag-leader-450k-pod-6-strawberry-watermelon-kiwi-guava\/","title":{"rendered":"Bnag Leader 450k - Pod 6: Letni sad i egzotyczne centrum 15 w 1"},"content":{"rendered":"<p>The <strong>Lider Bnag 450 tys.<\/strong> (Bnag Leader 450000) reprezentuje szczyt mo\u017cliwo\u015bci <strong>Pozycjonowanie stron internetowych z e-liquidami<\/strong> i in\u017cynierii. <strong>Pod 6<\/strong> to mistrzowska klasa w \u201ctropikalnym nasyceniu\u201d, stworzona dla waper\u00f3w, kt\u00f3rzy wymagaj\u0105 z\u0142o\u017conych, wielowarstwowych dozna\u0144 owocowych. Jako premierowy <strong>450k vape<\/strong>, jest wyposa\u017cony w mechaniczny <strong>Smak 15 w 1<\/strong> hybrydowy prze\u0142\u0105cznik, daj\u0105cy moc nawigowania 450 000 zaci\u0105gni\u0119\u0107 sk\u0105panym w s\u0142o\u0144cu smakiem z flagow\u0105 precyzj\u0105.<\/p>\n\n\n\n<h2 class=\"wp-block-heading\" id=\"h-technical-parameters-amp-performance\"><strong>Parametry techniczne i wydajno\u015b\u0107:<\/strong><\/h2>\n\n\n\n<ul class=\"wp-block-list\">\n<li><strong>Pojemno\u015b\u0107 dmuchawy:<\/strong> Do 450 000 zaci\u0105gni\u0119\u0107 (niezr\u00f3wnana trwa\u0142o\u015b\u0107)<\/li>\n\n\n\n<li><strong>Flavor Logic:<\/strong> Mechaniczny system hybrydowy 15 w 1<\/li>\n\n\n\n<li><strong>Sprz\u0119t:<\/strong> Zaawansowana cewka siatkowa 1,2\u03a9 | Bateria kobaltowa 850 mAh<\/li>\n\n\n\n<li><strong>\u0141adowanie:<\/strong> Szybki interfejs \u0142adowania typu C<\/li>\n\n\n\n<li><strong>Precyzja nikotyny:<\/strong> 0% | 2% | 3% | 5% Poziom nikotyny w soli<\/li>\n<\/ul>\n\n\n\n<h2 class=\"wp-block-heading\">Pok\u0142ad smak\u00f3w 15 w 1 \u201cEgzotyczny sad\u201d (kapsu\u0142a 6)<\/h2>\n\n\n\n<p>Dlaczego ogranicza\u0107 si\u0119 do jednego owocu? <strong>Pod 6<\/strong> zawiera cztery wielokrotnie nagradzane tropikalne liquidy bazowe. U\u017cyj prze\u0142\u0105cznika hybrydowego, aby cieszy\u0107 si\u0119 nimi w czystej postaci lub stworzy\u0107 11 unikalnych kombinacji \u201cExotic-Fusion\u201d.<\/p>\n\n\n\n<h3 class=\"wp-block-heading\"><strong>4 podstawowe sk\u0142adniki sadu:<\/strong><\/h3>\n\n\n\n<ol start=\"1\" class=\"wp-block-list\">\n<li><strong>Arbuz truskawkowy:<\/strong> Ponadczasowa, przewiewna mieszanka s\u0142odkich letnich jag\u00f3d i nawil\u017caj\u0105cego melona.<\/li>\n\n\n\n<li><strong>Kiwi Passion Fruit Guava:<\/strong> \u201cZ\u0142ote trio\u201d tropikalnej waporyzacji - cierpki, aromatyczny i kremowy.<\/li>\n\n\n\n<li><strong>Mango Ice:<\/strong> Soczysta, mi\u0119sista baza z mango Alphonso z rze\u015bkim, arktycznym wydechem.<\/li>\n\n\n\n<li><strong>Arbuz Kwa\u015bna Brzoskwinia:<\/strong> \u017bywy, pikantny akcent owoc\u00f3w pestkowych z soczystym rdzeniem arbuza.<\/li>\n<\/ol>\n\n\n\n<h3 class=\"wp-block-heading\"><strong>Charakterystyczne mieszanki hybrydowe:<\/strong><\/h3>\n\n\n\n<ul class=\"wp-block-list\">\n<li><strong>The Tropical Titan (Mix 2+3):<\/strong> Kiwi Passion Fruit Guava \u0142\u0105czy si\u0119 z Mango Ice, zapewniaj\u0105c intensywne tropikalne nasycenie.<\/li>\n\n\n\n<li><strong>Summer Candy (Mix 1+4):<\/strong> Truskawkowy arbuz z dodatkiem arbuzowej kwa\u015bnej brzoskwini zapewnia pikantne, przepyszne wyko\u0144czenie.<\/li>\n\n\n\n<li><strong>The Icy Orchard (Mix 1+3):<\/strong> Ch\u0142odz\u0105ce po\u0142\u0105czenie klasycznego truskawkowego arbuza i mro\u017anego mango.<\/li>\n\n\n\n<li><strong>The Ultimate Exotic (Mix 1+2+3+4):<\/strong> Wszystkie cztery komory otwieraj\u0105 si\u0119 na z\u0142o\u017con\u0105 symfoni\u0119 owoc\u00f3w tropikalnych 15 w 1.<\/li>\n<\/ul>\n\n\n\n<h2 class=\"wp-block-heading\">Koncentracja sensoryczna: atomizacja w wysokiej rozdzielczo\u015bci<\/h2>\n\n\n\n<p>D\u017awignia finansowa <strong>Wyszukiwanie s\u0142\u00f3w kluczowych dla vapes<\/strong> oraz <strong>Marketing cyfrowy sklepu Vape<\/strong> wgl\u0105d, koncentrujemy si\u0119 na \u201cAromatycznym rozkwicie\u201d <strong>Bnag Leader 450000<\/strong>\u20181,2\u03a9.<\/p>\n\n\n\n<ul class=\"wp-block-list\">\n<li><strong>Wdech:<\/strong> Natychmiastowy przyp\u0142yw \u201cmokrych\u201d nut tropikalnych z guawy i marakui, zapewniaj\u0105cy g\u0119sty, aromatyczny pocz\u0105tek.<\/li>\n\n\n\n<li><strong>Sekcja \u015brodkowa:<\/strong> Truskawka i mango zapewniaj\u0105 g\u0119st\u0105, d\u017cemow\u0105 konsystencj\u0119, kt\u00f3ra tworzy wra\u017cenie \u201c\u017cucia\u201d pary.<\/li>\n\n\n\n<li><strong>Posmak:<\/strong> Orze\u017awiaj\u0105ca nuta. Watermelon Sour Peach pozostawia jasny, cierpki \u015blad, kt\u00f3ry utrzymuje podniebienie podekscytowane przez ca\u0142y czas. <strong>450 000 puff<\/strong> czas trwania.<\/li>\n<\/ul>\n\n\n\n<h2 class=\"wp-block-heading\">Najcz\u0119\u015bciej zadawane pytania i optymalizacja Rich Snippet<\/h2>\n\n\n\n<p><strong>P: Czy Bnag Leader 450k Pod 6 zawiera prawdziwy mentol?<\/strong> <\/p>\n\n\n\n<p><strong>A:<\/strong> Tak. Baza \u201cMango Ice\u201d zapewnia zr\u00f3wnowa\u017cony czynnik ch\u0142odz\u0105cy, kt\u00f3ry mo\u017cna miesza\u0107 z pozosta\u0142ymi 3 smakami, aby doda\u0107 orze\u017awiaj\u0105cego ch\u0142odu do ka\u017cdego <strong>Smaki 15 w 1<\/strong> niestandardowe mieszanki.<\/p>\n\n\n\n<p><strong>P: Jak mog\u0119 na\u0142adowa\u0107 Bnag Leader 450000?<\/strong> <\/p>\n\n\n\n<p><strong>A:<\/strong> Urz\u0105dzenie jest wyposa\u017cone w <strong>Typ-C<\/strong> w podstawie. Zalecamy korzystanie ze standardowej \u0142adowarki 5 V, aby utrzyma\u0107 d\u0142ug\u0105 \u017cywotno\u015b\u0107 baterii 850 mAh przez ca\u0142y okres u\u017cytkowania. <strong>450 000 puff<\/strong> cykl.<\/p>\n\n\n\n<p><strong>P: Czy Pod 6 jest dost\u0119pny dla globalnej sprzeda\u017cy hurtowej B2B?<\/strong> <\/p>\n\n\n\n<p><strong>A:<\/strong> Tak. Oferujemy <strong>Pozycjonowanie stron z e-papierosami<\/strong> wsparcie i opakowania hurtowe (10 sztuk w opakowaniu) dla mi\u0119dzynarodowych dystrybutor\u00f3w.<\/p>\n\n\n\n<h2 class=\"wp-block-heading\">Poznaj wi\u0119cej do\u015bwiadcze\u0144 sensorycznych 15 w 1<\/h2>\n\n\n\n<p>Je\u015bli podoba\u0142a Ci si\u0119 z\u0142o\u017cona technologia hybrydowa <strong>Bnag Leader 450000<\/strong>, Odkryj te wyselekcjonowane alternatywy zaprojektowane, aby przesuwa\u0107 granice <strong>450k vape<\/strong> rewolucja.<\/p>\n\n\n\n<p>1.<a href=\"https:\/\/vozolvapen.de\/pl\/product\/bnag-leader-450k-pod-1-watermelon-cherry-mango\/\">Stacja Tropical Red &amp; Mango<\/a><br>2.<a href=\"https:\/\/vozolvapen.de\/pl\/product\/bnag-leader-450k-pod-2-cola-ice-energy-drink\/\">Soda i Energy Spark<\/a><br>3.<a href=\"https:\/\/vozolvapen.de\/pl\/product\/bnag-leader-450k-pod-3-watermelon-ice-red-bull\/\">Icy Revitalizer<\/a><br>4.<a href=\"https:\/\/vozolvapen.de\/pl\/product\/bnag-leader-450k-pod-4-pineapple-coconut-mango-peach\/\">Exotic Island Cream<\/a><br>5.<a href=\"https:\/\/vozolvapen.de\/pl\/product\/bnag-leader-450k-pod-5-energy-drink-blueberry-watermelon-gummy-bear\/\">Sour Candy Energy<\/a><br>7.<a href=\"https:\/\/vozolvapen.de\/pl\/product\/bnag-leader-450k-pod-7-fuji-apple-ice-blueberry-mint-lime-romance\/\">Fuji Romance &amp; Mint<\/a><br>8.<a href=\"https:\/\/vozolvapen.de\/pl\/product\/bnag-leader-450k-pod-8-peach-ice-blueberry-ice-rainbow-candy-lemon-sour-orange\/\">Rainbow Candy Zest<\/a><br>9.<a href=\"https:\/\/vozolvapen.de\/pl\/product\/bnag-leader-450k-pod-9-blueberry-ice-peach-mango-watermelon-passion-kiss-melon-apple\/\">Passion Melon Kiss<\/a><br>10.<a href=\"https:\/\/vozolvapen.de\/pl\/product\/bnag-leader-450k-pod-10-watermelon-ice-blueberry-cherry-sour-mango-pineapple\/\">Letni kwa\u015bny ananas<\/a><br>11.<a href=\"https:\/\/vozolvapen.de\/pl\/product\/bnag-leader-450k-pod-11-california-cherry-passion-fruit-mango-berry-mix\/\">Kalifornijskie zbiory jag\u00f3d<\/a><br>12.<a href=\"https:\/\/vozolvapen.de\/pl\/product\/bnag-leader-450k-pod-12-love66-red-mojito-strawberry-mango\/\">Love &amp; Mojito Lounge<\/a><\/p>","protected":false},"excerpt":{"rendered":"<p data-path-to-node=\"8\">Mistrzowska klasa tropikalnego nasycenia. Zawiera \u201cz\u0142ote trio\u201d kiwi, marakui i gujawy wraz z truskawkowym arbuzem i lodem mango. Najwy\u017cszy poziom <b data-path-to-node=\"8\" data-index-in-node=\"200\">Pozycjonowanie produkt\u00f3w do wapowania<\/b> wyb\u00f3r dla u\u017cytkownik\u00f3w poszukuj\u0105cych z\u0142o\u017conych, wielowarstwowych chmur owocowych.<\/p>","protected":false},"featured_media":70825,"comment_status":"open","ping_status":"closed","template":"","meta":{"_acf_changed":false},"product_brand":[],"product_cat":[171],"product_tag":[],"class_list":{"0":"post-70355","1":"product","2":"type-product","3":"status-publish","4":"has-post-thumbnail","6":"product_cat-puff-450k-bang-leader-450k-15-in-1","8":"first","9":"instock","10":"shipping-taxable","11":"purchasable","12":"product-type-variable"},"acf":[],"yoast_head":"<!-- This site is optimized with the Yoast SEO Premium plugin v26.1 (Yoast SEO v27.5) - https:\/\/yoast.com\/product\/yoast-seo-premium-wordpress\/ -->\n<title>Bnag Leader 450k Pod 6 | 450k Puffs Strawberry Kiwi Guava 15-in-1<\/title>\n<meta name=\"description\" content=\"Shop Bnag Leader 450k Pod 6. 450,000 puffs of Strawberry Watermelon, Kiwi Passion Fruit Guava, Mango Ice, and Sour Peach. Ultimate 15-in-1 exotic vape.\" \/>\n<meta name=\"robots\" content=\"index, follow, max-snippet:-1, max-image-preview:large, max-video-preview:-1\" \/>\n<link rel=\"canonical\" href=\"https:\/\/vozolvapen.de\/pl\/product\/bnag-leader-450k-pod-6-strawberry-watermelon-kiwi-guava\/\" \/>\n<meta property=\"og:locale\" content=\"pl_PL\" \/>\n<meta property=\"og:type\" content=\"article\" \/>\n<meta property=\"og:title\" content=\"Bnag Leader 450k - Pod 6: Summer Orchard &amp; Exotic 15-in-1 Hub\" \/>\n<meta property=\"og:description\" content=\"Shop Bnag Leader 450k Pod 6. 450,000 puffs of Strawberry Watermelon, Kiwi Passion Fruit Guava, Mango Ice, and Sour Peach. Ultimate 15-in-1 exotic vape.\" \/>\n<meta property=\"og:url\" content=\"https:\/\/vozolvapen.de\/pl\/product\/bnag-leader-450k-pod-6-strawberry-watermelon-kiwi-guava\/\" \/>\n<meta property=\"og:site_name\" content=\"vozolvapen\" \/>\n<meta property=\"article:modified_time\" content=\"2026-05-12T09:42:10+00:00\" \/>\n<meta property=\"og:image\" content=\"https:\/\/vozolvapen.de\/wp-content\/uploads\/2026\/05\/450k-puffs-Bnag-Leader-450k-Summer-Orchard-Anthology.webp\" \/>\n\t<meta property=\"og:image:width\" content=\"768\" \/>\n\t<meta property=\"og:image:height\" content=\"768\" \/>\n\t<meta property=\"og:image:type\" content=\"image\/webp\" \/>\n<meta name=\"twitter:card\" content=\"summary_large_image\" \/>\n<meta name=\"twitter:label1\" content=\"Szacowany czas czytania\" \/>\n\t<meta name=\"twitter:data1\" content=\"3 minuty\" \/>\n<script type=\"application\/ld+json\" class=\"yoast-schema-graph\">{\"@context\":\"https:\\\/\\\/schema.org\",\"@graph\":[{\"@type\":\"WebPage\",\"@id\":\"https:\\\/\\\/vozolvapen.de\\\/product\\\/bnag-leader-450k-pod-6-strawberry-watermelon-kiwi-guava\\\/\",\"url\":\"https:\\\/\\\/vozolvapen.de\\\/product\\\/bnag-leader-450k-pod-6-strawberry-watermelon-kiwi-guava\\\/\",\"name\":\"Bnag Leader 450k Pod 6 | 450k Puffs Strawberry Kiwi Guava 15-in-1\",\"isPartOf\":{\"@id\":\"https:\\\/\\\/vozolvapen.de\\\/#website\"},\"primaryImageOfPage\":{\"@id\":\"https:\\\/\\\/vozolvapen.de\\\/product\\\/bnag-leader-450k-pod-6-strawberry-watermelon-kiwi-guava\\\/#primaryimage\"},\"image\":{\"@id\":\"https:\\\/\\\/vozolvapen.de\\\/product\\\/bnag-leader-450k-pod-6-strawberry-watermelon-kiwi-guava\\\/#primaryimage\"},\"thumbnailUrl\":\"https:\\\/\\\/vozolvapen.de\\\/wp-content\\\/uploads\\\/2026\\\/05\\\/450k-puffs-Bnag-Leader-450k-Summer-Orchard-Anthology.webp\",\"datePublished\":\"2026-05-12T09:01:56+00:00\",\"dateModified\":\"2026-05-12T09:42:10+00:00\",\"description\":\"Shop Bnag Leader 450k Pod 6. 450,000 puffs of Strawberry Watermelon, Kiwi Passion Fruit Guava, Mango Ice, and Sour Peach. Ultimate 15-in-1 exotic vape.\",\"breadcrumb\":{\"@id\":\"https:\\\/\\\/vozolvapen.de\\\/product\\\/bnag-leader-450k-pod-6-strawberry-watermelon-kiwi-guava\\\/#breadcrumb\"},\"inLanguage\":\"pl-PL\",\"potentialAction\":[{\"@type\":\"ReadAction\",\"target\":[\"https:\\\/\\\/vozolvapen.de\\\/product\\\/bnag-leader-450k-pod-6-strawberry-watermelon-kiwi-guava\\\/\"]}]},{\"@type\":\"ImageObject\",\"inLanguage\":\"pl-PL\",\"@id\":\"https:\\\/\\\/vozolvapen.de\\\/product\\\/bnag-leader-450k-pod-6-strawberry-watermelon-kiwi-guava\\\/#primaryimage\",\"url\":\"https:\\\/\\\/vozolvapen.de\\\/wp-content\\\/uploads\\\/2026\\\/05\\\/450k-puffs-Bnag-Leader-450k-Summer-Orchard-Anthology.webp\",\"contentUrl\":\"https:\\\/\\\/vozolvapen.de\\\/wp-content\\\/uploads\\\/2026\\\/05\\\/450k-puffs-Bnag-Leader-450k-Summer-Orchard-Anthology.webp\",\"width\":768,\"height\":768,\"caption\":\"450k Puffs Bnag Leader Summer Orchard Anthology Disposable Vape Device\"},{\"@type\":\"BreadcrumbList\",\"@id\":\"https:\\\/\\\/vozolvapen.de\\\/product\\\/bnag-leader-450k-pod-6-strawberry-watermelon-kiwi-guava\\\/#breadcrumb\",\"itemListElement\":[{\"@type\":\"ListItem\",\"position\":1,\"name\":\"Home\",\"item\":\"https:\\\/\\\/vozolvapen.de\\\/de\\\/\"},{\"@type\":\"ListItem\",\"position\":2,\"name\":\"Shop\",\"item\":\"https:\\\/\\\/vozolvapen.de\\\/shop\\\/\"},{\"@type\":\"ListItem\",\"position\":3,\"name\":\"Bnag Leader 450k &#8211; Pod 6: Summer Orchard &amp; Exotic 15-in-1 Hub\"}]},{\"@type\":\"WebSite\",\"@id\":\"https:\\\/\\\/vozolvapen.de\\\/#website\",\"url\":\"https:\\\/\\\/vozolvapen.de\\\/\",\"name\":\"vozolvapen\",\"description\":\"vozolvapen\",\"publisher\":{\"@id\":\"https:\\\/\\\/vozolvapen.de\\\/#organization\"},\"potentialAction\":[{\"@type\":\"SearchAction\",\"target\":{\"@type\":\"EntryPoint\",\"urlTemplate\":\"https:\\\/\\\/vozolvapen.de\\\/?s={search_term_string}\"},\"query-input\":{\"@type\":\"PropertyValueSpecification\",\"valueRequired\":true,\"valueName\":\"search_term_string\"}}],\"inLanguage\":\"pl-PL\"},{\"@type\":\"Organization\",\"@id\":\"https:\\\/\\\/vozolvapen.de\\\/#organization\",\"name\":\"vozolvapen\",\"url\":\"https:\\\/\\\/vozolvapen.de\\\/\",\"logo\":{\"@type\":\"ImageObject\",\"inLanguage\":\"pl-PL\",\"@id\":\"https:\\\/\\\/vozolvapen.de\\\/#\\\/schema\\\/logo\\\/image\\\/\",\"url\":\"https:\\\/\\\/vozolvapen.de\\\/wp-content\\\/uploads\\\/2025\\\/12\\\/cropped-vozovapen-logo.webp\",\"contentUrl\":\"https:\\\/\\\/vozolvapen.de\\\/wp-content\\\/uploads\\\/2025\\\/12\\\/cropped-vozovapen-logo.webp\",\"width\":470,\"height\":110,\"caption\":\"vozolvapen\"},\"image\":{\"@id\":\"https:\\\/\\\/vozolvapen.de\\\/#\\\/schema\\\/logo\\\/image\\\/\"}}]}<\/script>\n<!-- \/ Yoast SEO Premium plugin. -->","yoast_head_json":{"title":"Bnag Leader 450k Pod 6 | 450k Puffs Strawberry Kiwi Guava 15-in-1","description":"Sklep Bnag Leader 450k Pod 6. 450 000 zaci\u0105gni\u0119\u0107 truskawkowym arbuzem, kiwi, passiflor\u0105, mango i kwa\u015bn\u0105 brzoskwini\u0105. Najlepszy egzotyczny vape 15 w 1.","robots":{"index":"index","follow":"follow","max-snippet":"max-snippet:-1","max-image-preview":"max-image-preview:large","max-video-preview":"max-video-preview:-1"},"canonical":"https:\/\/vozolvapen.de\/pl\/product\/bnag-leader-450k-pod-6-strawberry-watermelon-kiwi-guava\/","og_locale":"pl_PL","og_type":"article","og_title":"Bnag Leader 450k - Pod 6: Summer Orchard &amp; Exotic 15-in-1 Hub","og_description":"Shop Bnag Leader 450k Pod 6. 450,000 puffs of Strawberry Watermelon, Kiwi Passion Fruit Guava, Mango Ice, and Sour Peach. Ultimate 15-in-1 exotic vape.","og_url":"https:\/\/vozolvapen.de\/pl\/product\/bnag-leader-450k-pod-6-strawberry-watermelon-kiwi-guava\/","og_site_name":"vozolvapen","article_modified_time":"2026-05-12T09:42:10+00:00","og_image":[{"width":768,"height":768,"url":"https:\/\/vozolvapen.de\/wp-content\/uploads\/2026\/05\/450k-puffs-Bnag-Leader-450k-Summer-Orchard-Anthology.webp","type":"image\/webp"}],"twitter_card":"summary_large_image","twitter_misc":{"Szacowany czas czytania":"3 minuty"},"schema":{"@context":"https:\/\/schema.org","@graph":[{"@type":"WebPage","@id":"https:\/\/vozolvapen.de\/product\/bnag-leader-450k-pod-6-strawberry-watermelon-kiwi-guava\/","url":"https:\/\/vozolvapen.de\/product\/bnag-leader-450k-pod-6-strawberry-watermelon-kiwi-guava\/","name":"Bnag Leader 450k Pod 6 | 450k Puffs Strawberry Kiwi Guava 15-in-1","isPartOf":{"@id":"https:\/\/vozolvapen.de\/#website"},"primaryImageOfPage":{"@id":"https:\/\/vozolvapen.de\/product\/bnag-leader-450k-pod-6-strawberry-watermelon-kiwi-guava\/#primaryimage"},"image":{"@id":"https:\/\/vozolvapen.de\/product\/bnag-leader-450k-pod-6-strawberry-watermelon-kiwi-guava\/#primaryimage"},"thumbnailUrl":"https:\/\/vozolvapen.de\/wp-content\/uploads\/2026\/05\/450k-puffs-Bnag-Leader-450k-Summer-Orchard-Anthology.webp","datePublished":"2026-05-12T09:01:56+00:00","dateModified":"2026-05-12T09:42:10+00:00","description":"Sklep Bnag Leader 450k Pod 6. 450 000 zaci\u0105gni\u0119\u0107 truskawkowym arbuzem, kiwi, passiflor\u0105, mango i kwa\u015bn\u0105 brzoskwini\u0105. Najlepszy egzotyczny vape 15 w 1.","breadcrumb":{"@id":"https:\/\/vozolvapen.de\/product\/bnag-leader-450k-pod-6-strawberry-watermelon-kiwi-guava\/#breadcrumb"},"inLanguage":"pl-PL","potentialAction":[{"@type":"ReadAction","target":["https:\/\/vozolvapen.de\/product\/bnag-leader-450k-pod-6-strawberry-watermelon-kiwi-guava\/"]}]},{"@type":"ImageObject","inLanguage":"pl-PL","@id":"https:\/\/vozolvapen.de\/product\/bnag-leader-450k-pod-6-strawberry-watermelon-kiwi-guava\/#primaryimage","url":"https:\/\/vozolvapen.de\/wp-content\/uploads\/2026\/05\/450k-puffs-Bnag-Leader-450k-Summer-Orchard-Anthology.webp","contentUrl":"https:\/\/vozolvapen.de\/wp-content\/uploads\/2026\/05\/450k-puffs-Bnag-Leader-450k-Summer-Orchard-Anthology.webp","width":768,"height":768,"caption":"450k Puffs Bnag Leader Summer Orchard Anthology Disposable Vape Device"},{"@type":"BreadcrumbList","@id":"https:\/\/vozolvapen.de\/product\/bnag-leader-450k-pod-6-strawberry-watermelon-kiwi-guava\/#breadcrumb","itemListElement":[{"@type":"ListItem","position":1,"name":"Home","item":"https:\/\/vozolvapen.de\/de\/"},{"@type":"ListItem","position":2,"name":"Shop","item":"https:\/\/vozolvapen.de\/shop\/"},{"@type":"ListItem","position":3,"name":"Bnag Leader 450k &#8211; Pod 6: Summer Orchard &amp; Exotic 15-in-1 Hub"}]},{"@type":"WebSite","@id":"https:\/\/vozolvapen.de\/#website","url":"https:\/\/vozolvapen.de\/","name":"vozolvapen","description":"vozolvapen","publisher":{"@id":"https:\/\/vozolvapen.de\/#organization"},"potentialAction":[{"@type":"SearchAction","target":{"@type":"EntryPoint","urlTemplate":"https:\/\/vozolvapen.de\/?s={search_term_string}"},"query-input":{"@type":"PropertyValueSpecification","valueRequired":true,"valueName":"search_term_string"}}],"inLanguage":"pl-PL"},{"@type":"Organization","@id":"https:\/\/vozolvapen.de\/#organization","name":"vozolvapen","url":"https:\/\/vozolvapen.de\/","logo":{"@type":"ImageObject","inLanguage":"pl-PL","@id":"https:\/\/vozolvapen.de\/#\/schema\/logo\/image\/","url":"https:\/\/vozolvapen.de\/wp-content\/uploads\/2025\/12\/cropped-vozovapen-logo.webp","contentUrl":"https:\/\/vozolvapen.de\/wp-content\/uploads\/2025\/12\/cropped-vozovapen-logo.webp","width":470,"height":110,"caption":"vozolvapen"},"image":{"@id":"https:\/\/vozolvapen.de\/#\/schema\/logo\/image\/"}}]}},"tiered_pricing_type":"fixed","tiered_pricing_fixed_rules":{"30":"14.5","50":"12.5","100":"12.5","200":"11.5"},"tiered_pricing_product_settings":{"layout":"default","base_unit_name":{"singular":null,"plural":null},"default_variation":null},"tiered_pricing_minimum_quantity":10,"tiered_pricing_roles_data":[],"tiered_pricing_percentage_rules":[],"tiered_pricing_maximum_quantity":null,"tiered_pricing_quantity_step":"10","_links":{"self":[{"href":"https:\/\/vozolvapen.de\/pl\/wp-json\/wp\/v2\/product\/70355","targetHints":{"allow":["GET"]}}],"collection":[{"href":"https:\/\/vozolvapen.de\/pl\/wp-json\/wp\/v2\/product"}],"about":[{"href":"https:\/\/vozolvapen.de\/pl\/wp-json\/wp\/v2\/types\/product"}],"replies":[{"embeddable":true,"href":"https:\/\/vozolvapen.de\/pl\/wp-json\/wp\/v2\/comments?post=70355"}],"wp:featuredmedia":[{"embeddable":true,"href":"https:\/\/vozolvapen.de\/pl\/wp-json\/wp\/v2\/media\/70825"}],"wp:attachment":[{"href":"https:\/\/vozolvapen.de\/pl\/wp-json\/wp\/v2\/media?parent=70355"}],"wp:term":[{"taxonomy":"product_brand","embeddable":true,"href":"https:\/\/vozolvapen.de\/pl\/wp-json\/wp\/v2\/product_brand?post=70355"},{"taxonomy":"product_cat","embeddable":true,"href":"https:\/\/vozolvapen.de\/pl\/wp-json\/wp\/v2\/product_cat?post=70355"},{"taxonomy":"product_tag","embeddable":true,"href":"https:\/\/vozolvapen.de\/pl\/wp-json\/wp\/v2\/product_tag?post=70355"}],"curies":[{"name":"wp","href":"https:\/\/api.w.org\/{rel}","templated":true}]}}