{"id":70421,"date":"2026-05-12T09:01:59","date_gmt":"2026-05-12T09:01:59","guid":{"rendered":"https:\/\/vozolvapen.de\/?post_type=product&#038;p=70421"},"modified":"2026-05-12T09:42:56","modified_gmt":"2026-05-12T09:42:56","slug":"bnag-leader-450k-pod-7-fuji-apple-ice-blueberry-mint-lime-romance","status":"publish","type":"product","link":"https:\/\/vozolvapen.de\/pl\/product\/bnag-leader-450k-pod-7-fuji-apple-ice-blueberry-mint-lime-romance\/","title":{"rendered":"Bnag Leader 450k - Pod 7: Fuji Apple Ice &amp; Lime Romance 15-w-1 Hub"},"content":{"rendered":"<p>The <strong>Lider Bnag 450 tys.<\/strong> (Bnag Leader 450000) jest globalnym punktem odniesienia dla <strong>Optymalizacja e-handlu e-papierosami<\/strong>. <strong>Pod 7<\/strong> to elegancka kolekcja stworzona dla entuzjast\u00f3w \u201cCrisp &amp; Clean\u201d, oferuj\u0105ca wyrafinowane odej\u015bcie od ci\u0119\u017ckich s\u0142odyczy. Jako flagowy produkt <strong>450k vape<\/strong>, Jest on wyposa\u017cony w nasz opatentowany mechaniczny <strong>Smak 15 w 1<\/strong> hybrydowy prze\u0142\u0105cznik, umo\u017cliwiaj\u0105cy nawigacj\u0119 po 450 000 zaci\u0105gni\u0119\u0107 najwy\u017cszej jako\u015bci nutami botanicznymi i owocowymi z chirurgiczn\u0105 precyzj\u0105.<\/p>\n\n\n\n<h2 class=\"wp-block-heading\" id=\"h-technical-parameters-amp-performance\"><strong>Parametry techniczne i wydajno\u015b\u0107:<\/strong><\/h2>\n\n\n\n<ul class=\"wp-block-list\">\n<li><strong>Pojemno\u015b\u0107 dmuchawy:<\/strong> Do 450 000 zaci\u0105gni\u0119\u0107 (niezr\u00f3wnany zwrot z inwestycji)<\/li>\n\n\n\n<li><strong>Flavor Logic:<\/strong> Mechaniczny system hybrydowy 15 w 1<\/li>\n\n\n\n<li><strong>Sprz\u0119t:<\/strong> Zaawansowana cewka siatkowa 1,2\u03a9 | Bateria kobaltowa 850 mAh<\/li>\n\n\n\n<li><strong>\u0141adowanie:<\/strong> Szybki interfejs \u0142adowania typu C<\/li>\n\n\n\n<li><strong>Precyzja nikotyny:<\/strong> 0% | 2% | 3% | 5% S\u00f3l Si\u0142a nikotyny<\/li>\n<\/ul>\n\n\n\n<h2 class=\"wp-block-heading\">Pok\u0142ad smaku 15 w 1 \u201cArktyczny sad\u201d (kapsu\u0142a 7)<\/h2>\n\n\n\n<p>Po co zadowala\u0107 si\u0119 jednym przymrozkiem, skoro mo\u017cna mie\u0107 sad zimowy? <strong>Pod 7<\/strong> zawiera cztery wysokiej jako\u015bci p\u0142yny bazowe. U\u017cyj prze\u0142\u0105cznika hybrydowego, aby cieszy\u0107 si\u0119 nimi w czystej postaci lub stworzy\u0107 11 unikalnych kombinacji \u201cZesty-Ice\u201d.<\/p>\n\n\n\n<h3 class=\"wp-block-heading\"><strong>4 podstawowe sk\u0142adniki witalno\u015bci:<\/strong><\/h3>\n\n\n\n<ol start=\"1\" class=\"wp-block-list\">\n<li><strong>Arbuzowy l\u00f3d:<\/strong> Ch\u0142odna baza nawil\u017caj\u0105ca, kt\u00f3ra zapewnia g\u0142adki, sch\u0142odzony podk\u0142ad.<\/li>\n\n\n\n<li><strong>Blueberry Mint:<\/strong> Wyrafinowane po\u0142\u0105czenie s\u0142odkich le\u015bnych jag\u00f3d i ch\u0142odz\u0105cej mi\u0119ty.<\/li>\n\n\n\n<li><strong>Fuji Apple Ice:<\/strong> Wysokiej jako\u015bci, chrupi\u0105cy smak czerwonego jab\u0142ka z czystym, lodowatym wyko\u0144czeniem.<\/li>\n\n\n\n<li><strong>Lime Romance:<\/strong> Ostry, kwiatowo-cytrusowy profil, kt\u00f3ry dodaje romantycznej, aromatycznej \u201ciskry\u201d do ka\u017cdego zaci\u0105gni\u0119cia.<\/li>\n<\/ol>\n\n\n\n<h3 class=\"wp-block-heading\"><strong>Charakterystyczne mieszanki hybrydowe:<\/strong><\/h3>\n\n\n\n<ul class=\"wp-block-list\">\n<li><strong>Romantyczny mr\u00f3z (Mix 3+4):<\/strong> Fuji Apple Ice \u0142\u0105czy si\u0119 z Lime Romance, tworz\u0105c rze\u015bk\u0105, kwiatowo-cytrusow\u0105 eksplozj\u0119.<\/li>\n\n\n\n<li><strong>Blueberry Mojito (Mix 2+4):<\/strong> Blueberry Mint z dodatkiem Lime Romance zapewnia pikantny, zio\u0142owo-jagodowy profil.<\/li>\n\n\n\n<li><strong>The Chilled Orchard (Mix 1+3):<\/strong> Podw\u00f3jnie mro\u017cone po\u0142\u0105czenie klasycznego arbuza i chrupi\u0105cego jab\u0142ka Fuji.<\/li>\n\n\n\n<li><strong>The Ultimate Arctic Romance (Mix 1+2+3+4):<\/strong> Wszystkie cztery komory otwieraj\u0105 si\u0119 na z\u0142o\u017con\u0105 symfoni\u0119 botaniczn\u0105 i owocow\u0105 15 w 1.<\/li>\n<\/ul>\n\n\n\n<h2 class=\"wp-block-heading\">Focus sensoryczny: Nasycenie smakiem nowej generacji<\/h2>\n\n\n\n<p>Korzystanie z <strong>Wyszukiwanie s\u0142\u00f3w kluczowych dla vapes<\/strong> aby ukierunkowa\u0107 si\u0119 na konkretne odczucia u\u017cytkownika, skupiamy si\u0119 na <strong>Bnag Leader 450000<\/strong>\u2019wydajno\u015b\u0107 siatki 1,2\u03a9 i <strong>Optymalizacja adres\u00f3w URL i architektury witryny<\/strong>.<\/p>\n\n\n\n<ul class=\"wp-block-list\">\n<li><strong>Wdech:<\/strong> Uderza natychmiastowym, ostrym \u201cchrupni\u0119ciem\u201d jab\u0142ka Fuji, po kt\u00f3rym nast\u0119puje przewiewna botaniczna nuta mi\u0119ty jagodowej.<\/li>\n\n\n\n<li><strong>Sekcja \u015brodkowa:<\/strong> Watermelon Ice zapewnia \u201cmokry\u201d, nawil\u017caj\u0105cy smak w ustach, kt\u00f3ry r\u00f3wnowa\u017cy cytrusow\u0105 sk\u00f3rk\u0119 Lime Romance.<\/li>\n\n\n\n<li><strong>Posmak:<\/strong> Czysty i kwiatowy. Lime Romance pozostawia wyrafinowany, cytrusowy \u015blad przypominaj\u0105cy perfumy, kt\u00f3ry zapewnia <strong>450 000 puff<\/strong> Podr\u00f3\u017c nigdy nie jest md\u0142a.<\/li>\n<\/ul>\n\n\n\n<hr class=\"wp-block-separator has-alpha-channel-opacity\"\/>\n\n\n\n<h2 class=\"wp-block-heading\">Najcz\u0119\u015bciej zadawane pytania i optymalizacja Rich Snippet<\/h2>\n\n\n\n<p><strong>P: Czy smak \u201cLime Romance\u201d w Pod 7 jest bardzo kwa\u015bny?<\/strong> <\/p>\n\n\n\n<p><strong>A:<\/strong> Nie. <strong>Lime Romance<\/strong> zosta\u0142 zaprojektowany jako pikantny, aromatyczny profil cytrusowy, a nie ostry kwa\u015bny. Dzia\u0142a jako kwiatowy wzmacniacz w <strong>Smaki 15 w 1<\/strong> system.<\/p>\n\n\n\n<p><strong>P: Czy Bnag Leader 450k obs\u0142uguje multi-flavor cloud chasing?<\/strong><\/p>\n\n\n\n<p><strong>A:<\/strong> Tak. <strong>All-Mix<\/strong> ustawienie na <strong>450k vape<\/strong>, Siatkowa cewka 1,2\u03a9 rozpyla wszystkie cztery p\u0142yny jednocze\u015bnie, zapewniaj\u0105c maksymaln\u0105 g\u0119sto\u015b\u0107 chmury i z\u0142o\u017cono\u015b\u0107 smaku.<\/p>\n\n\n\n<p><strong>P: Czy Pod 7 jest dost\u0119pny dla mi\u0119dzynarodowej sprzeda\u017cy hurtowej B2B?<\/strong> <\/p>\n\n\n\n<p><strong>A:<\/strong> Tak. Zapewniamy pe\u0142n\u0105 <strong>Marketing cyfrowy sklepu Vape<\/strong> wsparcie i opakowania hurtowe (10 sztuk) dla globalnych dystrybutor\u00f3w.<\/p>\n\n\n\n<h2 class=\"wp-block-heading\">Poznaj wi\u0119cej do\u015bwiadcze\u0144 sensorycznych 15 w 1<\/h2>\n\n\n\n<p>Je\u015bli podoba\u0142a Ci si\u0119 z\u0142o\u017cona technologia hybrydowa <strong>Bnag Leader 450000<\/strong>, Odkryj te wyselekcjonowane alternatywy zaprojektowane, aby przesuwa\u0107 granice <strong>450k vape<\/strong> rewolucja.<\/p>\n\n\n\n<p>1.<a href=\"https:\/\/vozolvapen.de\/pl\/product\/bnag-leader-450k-pod-1-watermelon-cherry-mango\/\">Stacja Tropical Red &amp; Mango<\/a><br>2.<a href=\"https:\/\/vozolvapen.de\/pl\/product\/bnag-leader-450k-pod-2-cola-ice-energy-drink\/\">Soda i Energy Spark<\/a><br>3.<a href=\"https:\/\/vozolvapen.de\/pl\/product\/bnag-leader-450k-pod-3-watermelon-ice-red-bull\/\">Icy Revitalizer<\/a><br>4.<a href=\"https:\/\/vozolvapen.de\/pl\/product\/bnag-leader-450k-pod-4-pineapple-coconut-mango-peach\/\">Exotic Island Cream<\/a><br>5.<a href=\"https:\/\/vozolvapen.de\/pl\/product\/bnag-leader-450k-pod-5-energy-drink-blueberry-watermelon-gummy-bear\/\">Sour Candy Energy<\/a><br>6.<a href=\"https:\/\/vozolvapen.de\/pl\/product\/bnag-leader-450k-pod-6-strawberry-watermelon-kiwi-guava\/\">Antologia Letni sad<\/a><br>8.<a href=\"https:\/\/vozolvapen.de\/pl\/product\/bnag-leader-450k-pod-8-peach-ice-blueberry-ice-rainbow-candy-lemon-sour-orange\/\">Rainbow Candy Zest<\/a><br>9.<a href=\"https:\/\/vozolvapen.de\/pl\/product\/bnag-leader-450k-pod-9-blueberry-ice-peach-mango-watermelon-passion-kiss-melon-apple\/\">Passion Melon Kiss<\/a><br>10.<a href=\"https:\/\/vozolvapen.de\/pl\/product\/bnag-leader-450k-pod-10-watermelon-ice-blueberry-cherry-sour-mango-pineapple\/\">Letni kwa\u015bny ananas<\/a><br>11.<a href=\"https:\/\/vozolvapen.de\/pl\/product\/bnag-leader-450k-pod-11-california-cherry-passion-fruit-mango-berry-mix\/\">Kalifornijskie zbiory jag\u00f3d<\/a><br>12.<a href=\"https:\/\/vozolvapen.de\/pl\/product\/bnag-leader-450k-pod-12-love66-red-mojito-strawberry-mango\/\">Love &amp; Mojito Lounge<\/a><\/p>","protected":false},"excerpt":{"rendered":"<p data-path-to-node=\"9\">Wyrafinowanie \u0142\u0105czy si\u0119 z orze\u017awieniem poni\u017cej zera. <b data-path-to-node=\"9\" data-index-in-node=\"80\">Pod 7<\/b> \u0142\u0105czy chrupi\u0105cy Fuji Apple Ice z aromatyczn\u0105 sk\u00f3rk\u0105 Lime Romance i Blueberry Mint. Czysty, botaniczny aromat <b data-path-to-node=\"9\" data-index-in-node=\"201\">450k vape<\/b> Zaprojektowany z my\u015bl\u0105 o wyrafinowanej, niek\u0142opotliwej podr\u00f3\u017cy 450 000 zaci\u0105gni\u0119\u0107.<\/p>","protected":false},"featured_media":70819,"comment_status":"open","ping_status":"closed","template":"","meta":{"_acf_changed":false},"product_brand":[],"product_cat":[171],"product_tag":[],"class_list":{"0":"post-70421","1":"product","2":"type-product","3":"status-publish","4":"has-post-thumbnail","6":"product_cat-puff-450k-bang-leader-450k-15-in-1","8":"first","9":"instock","10":"shipping-taxable","11":"purchasable","12":"product-type-variable"},"acf":[],"yoast_head":"<!-- This site is optimized with the Yoast SEO Premium plugin v26.1 (Yoast SEO v27.5) - https:\/\/yoast.com\/product\/yoast-seo-premium-wordpress\/ -->\n<title>Bnag Leader 450k Pod 7 | 450,000 Puffs Fuji Apple &amp; Lime 15-in-1<\/title>\n<meta name=\"description\" content=\"Refresh with Bnag Leader 450k Pod 7. 450,000 puffs of Fuji Apple Ice, Blueberry Mint, and Lime Romance. Discover the ultimate 15-in-1 chilled hybrid vape.\" \/>\n<meta name=\"robots\" content=\"index, follow, max-snippet:-1, max-image-preview:large, max-video-preview:-1\" \/>\n<link rel=\"canonical\" href=\"https:\/\/vozolvapen.de\/pl\/product\/bnag-leader-450k-pod-7-fuji-apple-ice-blueberry-mint-lime-romance\/\" \/>\n<meta property=\"og:locale\" content=\"pl_PL\" \/>\n<meta property=\"og:type\" content=\"article\" \/>\n<meta property=\"og:title\" content=\"Bnag Leader 450k - Pod 7: Fuji Apple Ice &amp; Lime Romance 15-in-1 Hub\" \/>\n<meta property=\"og:description\" content=\"Refresh with Bnag Leader 450k Pod 7. 450,000 puffs of Fuji Apple Ice, Blueberry Mint, and Lime Romance. Discover the ultimate 15-in-1 chilled hybrid vape.\" \/>\n<meta property=\"og:url\" content=\"https:\/\/vozolvapen.de\/pl\/product\/bnag-leader-450k-pod-7-fuji-apple-ice-blueberry-mint-lime-romance\/\" \/>\n<meta property=\"og:site_name\" content=\"vozolvapen\" \/>\n<meta property=\"article:modified_time\" content=\"2026-05-12T09:42:56+00:00\" \/>\n<meta property=\"og:image\" content=\"https:\/\/vozolvapen.de\/wp-content\/uploads\/2026\/05\/450k-puffs-Bnag-Leader-450k-Fuji-Romance-Mint.webp\" \/>\n\t<meta property=\"og:image:width\" content=\"768\" \/>\n\t<meta property=\"og:image:height\" content=\"768\" \/>\n\t<meta property=\"og:image:type\" content=\"image\/webp\" \/>\n<meta name=\"twitter:card\" content=\"summary_large_image\" \/>\n<meta name=\"twitter:label1\" content=\"Szacowany czas czytania\" \/>\n\t<meta name=\"twitter:data1\" content=\"3 minuty\" \/>\n<script type=\"application\/ld+json\" class=\"yoast-schema-graph\">{\"@context\":\"https:\\\/\\\/schema.org\",\"@graph\":[{\"@type\":\"WebPage\",\"@id\":\"https:\\\/\\\/vozolvapen.de\\\/product\\\/bnag-leader-450k-pod-7-fuji-apple-ice-blueberry-mint-lime-romance\\\/\",\"url\":\"https:\\\/\\\/vozolvapen.de\\\/product\\\/bnag-leader-450k-pod-7-fuji-apple-ice-blueberry-mint-lime-romance\\\/\",\"name\":\"Bnag Leader 450k Pod 7 | 450,000 Puffs Fuji Apple & Lime 15-in-1\",\"isPartOf\":{\"@id\":\"https:\\\/\\\/vozolvapen.de\\\/#website\"},\"primaryImageOfPage\":{\"@id\":\"https:\\\/\\\/vozolvapen.de\\\/product\\\/bnag-leader-450k-pod-7-fuji-apple-ice-blueberry-mint-lime-romance\\\/#primaryimage\"},\"image\":{\"@id\":\"https:\\\/\\\/vozolvapen.de\\\/product\\\/bnag-leader-450k-pod-7-fuji-apple-ice-blueberry-mint-lime-romance\\\/#primaryimage\"},\"thumbnailUrl\":\"https:\\\/\\\/vozolvapen.de\\\/wp-content\\\/uploads\\\/2026\\\/05\\\/450k-puffs-Bnag-Leader-450k-Fuji-Romance-Mint.webp\",\"datePublished\":\"2026-05-12T09:01:59+00:00\",\"dateModified\":\"2026-05-12T09:42:56+00:00\",\"description\":\"Refresh with Bnag Leader 450k Pod 7. 450,000 puffs of Fuji Apple Ice, Blueberry Mint, and Lime Romance. Discover the ultimate 15-in-1 chilled hybrid vape.\",\"breadcrumb\":{\"@id\":\"https:\\\/\\\/vozolvapen.de\\\/product\\\/bnag-leader-450k-pod-7-fuji-apple-ice-blueberry-mint-lime-romance\\\/#breadcrumb\"},\"inLanguage\":\"pl-PL\",\"potentialAction\":[{\"@type\":\"ReadAction\",\"target\":[\"https:\\\/\\\/vozolvapen.de\\\/product\\\/bnag-leader-450k-pod-7-fuji-apple-ice-blueberry-mint-lime-romance\\\/\"]}]},{\"@type\":\"ImageObject\",\"inLanguage\":\"pl-PL\",\"@id\":\"https:\\\/\\\/vozolvapen.de\\\/product\\\/bnag-leader-450k-pod-7-fuji-apple-ice-blueberry-mint-lime-romance\\\/#primaryimage\",\"url\":\"https:\\\/\\\/vozolvapen.de\\\/wp-content\\\/uploads\\\/2026\\\/05\\\/450k-puffs-Bnag-Leader-450k-Fuji-Romance-Mint.webp\",\"contentUrl\":\"https:\\\/\\\/vozolvapen.de\\\/wp-content\\\/uploads\\\/2026\\\/05\\\/450k-puffs-Bnag-Leader-450k-Fuji-Romance-Mint.webp\",\"width\":768,\"height\":768,\"caption\":\"450k Puffs Bnag Leader Fuji Romance Mint Disposable Vape Device\"},{\"@type\":\"BreadcrumbList\",\"@id\":\"https:\\\/\\\/vozolvapen.de\\\/product\\\/bnag-leader-450k-pod-7-fuji-apple-ice-blueberry-mint-lime-romance\\\/#breadcrumb\",\"itemListElement\":[{\"@type\":\"ListItem\",\"position\":1,\"name\":\"Home\",\"item\":\"https:\\\/\\\/vozolvapen.de\\\/de\\\/\"},{\"@type\":\"ListItem\",\"position\":2,\"name\":\"Shop\",\"item\":\"https:\\\/\\\/vozolvapen.de\\\/shop\\\/\"},{\"@type\":\"ListItem\",\"position\":3,\"name\":\"Bnag Leader 450k &#8211; Pod 7: Fuji Apple Ice &amp; Lime Romance 15-in-1 Hub\"}]},{\"@type\":\"WebSite\",\"@id\":\"https:\\\/\\\/vozolvapen.de\\\/#website\",\"url\":\"https:\\\/\\\/vozolvapen.de\\\/\",\"name\":\"vozolvapen\",\"description\":\"vozolvapen\",\"publisher\":{\"@id\":\"https:\\\/\\\/vozolvapen.de\\\/#organization\"},\"potentialAction\":[{\"@type\":\"SearchAction\",\"target\":{\"@type\":\"EntryPoint\",\"urlTemplate\":\"https:\\\/\\\/vozolvapen.de\\\/?s={search_term_string}\"},\"query-input\":{\"@type\":\"PropertyValueSpecification\",\"valueRequired\":true,\"valueName\":\"search_term_string\"}}],\"inLanguage\":\"pl-PL\"},{\"@type\":\"Organization\",\"@id\":\"https:\\\/\\\/vozolvapen.de\\\/#organization\",\"name\":\"vozolvapen\",\"url\":\"https:\\\/\\\/vozolvapen.de\\\/\",\"logo\":{\"@type\":\"ImageObject\",\"inLanguage\":\"pl-PL\",\"@id\":\"https:\\\/\\\/vozolvapen.de\\\/#\\\/schema\\\/logo\\\/image\\\/\",\"url\":\"https:\\\/\\\/vozolvapen.de\\\/wp-content\\\/uploads\\\/2025\\\/12\\\/cropped-vozovapen-logo.webp\",\"contentUrl\":\"https:\\\/\\\/vozolvapen.de\\\/wp-content\\\/uploads\\\/2025\\\/12\\\/cropped-vozovapen-logo.webp\",\"width\":470,\"height\":110,\"caption\":\"vozolvapen\"},\"image\":{\"@id\":\"https:\\\/\\\/vozolvapen.de\\\/#\\\/schema\\\/logo\\\/image\\\/\"}}]}<\/script>\n<!-- \/ Yoast SEO Premium plugin. -->","yoast_head_json":{"title":"Bnag Leader 450k Pod 7 | 450,000 Puffs Fuji Apple &amp; Lime 15-in-1","description":"Od\u015bwie\u017c si\u0119 z Bnag Leader 450k Pod 7. 450 000 zaci\u0105gni\u0119\u0107 Fuji Apple Ice, Blueberry Mint i Lime Romance. Odkryj najlepszy sch\u0142odzony waporyzator hybrydowy 15 w 1.","robots":{"index":"index","follow":"follow","max-snippet":"max-snippet:-1","max-image-preview":"max-image-preview:large","max-video-preview":"max-video-preview:-1"},"canonical":"https:\/\/vozolvapen.de\/pl\/product\/bnag-leader-450k-pod-7-fuji-apple-ice-blueberry-mint-lime-romance\/","og_locale":"pl_PL","og_type":"article","og_title":"Bnag Leader 450k - Pod 7: Fuji Apple Ice &amp; Lime Romance 15-in-1 Hub","og_description":"Refresh with Bnag Leader 450k Pod 7. 450,000 puffs of Fuji Apple Ice, Blueberry Mint, and Lime Romance. Discover the ultimate 15-in-1 chilled hybrid vape.","og_url":"https:\/\/vozolvapen.de\/pl\/product\/bnag-leader-450k-pod-7-fuji-apple-ice-blueberry-mint-lime-romance\/","og_site_name":"vozolvapen","article_modified_time":"2026-05-12T09:42:56+00:00","og_image":[{"width":768,"height":768,"url":"https:\/\/vozolvapen.de\/wp-content\/uploads\/2026\/05\/450k-puffs-Bnag-Leader-450k-Fuji-Romance-Mint.webp","type":"image\/webp"}],"twitter_card":"summary_large_image","twitter_misc":{"Szacowany czas czytania":"3 minuty"},"schema":{"@context":"https:\/\/schema.org","@graph":[{"@type":"WebPage","@id":"https:\/\/vozolvapen.de\/product\/bnag-leader-450k-pod-7-fuji-apple-ice-blueberry-mint-lime-romance\/","url":"https:\/\/vozolvapen.de\/product\/bnag-leader-450k-pod-7-fuji-apple-ice-blueberry-mint-lime-romance\/","name":"Bnag Leader 450k Pod 7 | 450,000 Puffs Fuji Apple &amp; Lime 15-in-1","isPartOf":{"@id":"https:\/\/vozolvapen.de\/#website"},"primaryImageOfPage":{"@id":"https:\/\/vozolvapen.de\/product\/bnag-leader-450k-pod-7-fuji-apple-ice-blueberry-mint-lime-romance\/#primaryimage"},"image":{"@id":"https:\/\/vozolvapen.de\/product\/bnag-leader-450k-pod-7-fuji-apple-ice-blueberry-mint-lime-romance\/#primaryimage"},"thumbnailUrl":"https:\/\/vozolvapen.de\/wp-content\/uploads\/2026\/05\/450k-puffs-Bnag-Leader-450k-Fuji-Romance-Mint.webp","datePublished":"2026-05-12T09:01:59+00:00","dateModified":"2026-05-12T09:42:56+00:00","description":"Od\u015bwie\u017c si\u0119 z Bnag Leader 450k Pod 7. 450 000 zaci\u0105gni\u0119\u0107 Fuji Apple Ice, Blueberry Mint i Lime Romance. Odkryj najlepszy sch\u0142odzony waporyzator hybrydowy 15 w 1.","breadcrumb":{"@id":"https:\/\/vozolvapen.de\/product\/bnag-leader-450k-pod-7-fuji-apple-ice-blueberry-mint-lime-romance\/#breadcrumb"},"inLanguage":"pl-PL","potentialAction":[{"@type":"ReadAction","target":["https:\/\/vozolvapen.de\/product\/bnag-leader-450k-pod-7-fuji-apple-ice-blueberry-mint-lime-romance\/"]}]},{"@type":"ImageObject","inLanguage":"pl-PL","@id":"https:\/\/vozolvapen.de\/product\/bnag-leader-450k-pod-7-fuji-apple-ice-blueberry-mint-lime-romance\/#primaryimage","url":"https:\/\/vozolvapen.de\/wp-content\/uploads\/2026\/05\/450k-puffs-Bnag-Leader-450k-Fuji-Romance-Mint.webp","contentUrl":"https:\/\/vozolvapen.de\/wp-content\/uploads\/2026\/05\/450k-puffs-Bnag-Leader-450k-Fuji-Romance-Mint.webp","width":768,"height":768,"caption":"450k Puffs Bnag Leader Fuji Romance Mint Disposable Vape Device"},{"@type":"BreadcrumbList","@id":"https:\/\/vozolvapen.de\/product\/bnag-leader-450k-pod-7-fuji-apple-ice-blueberry-mint-lime-romance\/#breadcrumb","itemListElement":[{"@type":"ListItem","position":1,"name":"Home","item":"https:\/\/vozolvapen.de\/de\/"},{"@type":"ListItem","position":2,"name":"Shop","item":"https:\/\/vozolvapen.de\/shop\/"},{"@type":"ListItem","position":3,"name":"Bnag Leader 450k &#8211; Pod 7: Fuji Apple Ice &amp; Lime Romance 15-in-1 Hub"}]},{"@type":"WebSite","@id":"https:\/\/vozolvapen.de\/#website","url":"https:\/\/vozolvapen.de\/","name":"vozolvapen","description":"vozolvapen","publisher":{"@id":"https:\/\/vozolvapen.de\/#organization"},"potentialAction":[{"@type":"SearchAction","target":{"@type":"EntryPoint","urlTemplate":"https:\/\/vozolvapen.de\/?s={search_term_string}"},"query-input":{"@type":"PropertyValueSpecification","valueRequired":true,"valueName":"search_term_string"}}],"inLanguage":"pl-PL"},{"@type":"Organization","@id":"https:\/\/vozolvapen.de\/#organization","name":"vozolvapen","url":"https:\/\/vozolvapen.de\/","logo":{"@type":"ImageObject","inLanguage":"pl-PL","@id":"https:\/\/vozolvapen.de\/#\/schema\/logo\/image\/","url":"https:\/\/vozolvapen.de\/wp-content\/uploads\/2025\/12\/cropped-vozovapen-logo.webp","contentUrl":"https:\/\/vozolvapen.de\/wp-content\/uploads\/2025\/12\/cropped-vozovapen-logo.webp","width":470,"height":110,"caption":"vozolvapen"},"image":{"@id":"https:\/\/vozolvapen.de\/#\/schema\/logo\/image\/"}}]}},"tiered_pricing_type":"fixed","tiered_pricing_fixed_rules":{"30":"14.5","50":"12.5","100":"12.5","200":"11.5"},"tiered_pricing_product_settings":{"layout":"default","base_unit_name":{"singular":null,"plural":null},"default_variation":null},"tiered_pricing_minimum_quantity":10,"tiered_pricing_roles_data":[],"tiered_pricing_percentage_rules":[],"tiered_pricing_maximum_quantity":null,"tiered_pricing_quantity_step":"10","_links":{"self":[{"href":"https:\/\/vozolvapen.de\/pl\/wp-json\/wp\/v2\/product\/70421","targetHints":{"allow":["GET"]}}],"collection":[{"href":"https:\/\/vozolvapen.de\/pl\/wp-json\/wp\/v2\/product"}],"about":[{"href":"https:\/\/vozolvapen.de\/pl\/wp-json\/wp\/v2\/types\/product"}],"replies":[{"embeddable":true,"href":"https:\/\/vozolvapen.de\/pl\/wp-json\/wp\/v2\/comments?post=70421"}],"wp:featuredmedia":[{"embeddable":true,"href":"https:\/\/vozolvapen.de\/pl\/wp-json\/wp\/v2\/media\/70819"}],"wp:attachment":[{"href":"https:\/\/vozolvapen.de\/pl\/wp-json\/wp\/v2\/media?parent=70421"}],"wp:term":[{"taxonomy":"product_brand","embeddable":true,"href":"https:\/\/vozolvapen.de\/pl\/wp-json\/wp\/v2\/product_brand?post=70421"},{"taxonomy":"product_cat","embeddable":true,"href":"https:\/\/vozolvapen.de\/pl\/wp-json\/wp\/v2\/product_cat?post=70421"},{"taxonomy":"product_tag","embeddable":true,"href":"https:\/\/vozolvapen.de\/pl\/wp-json\/wp\/v2\/product_tag?post=70421"}],"curies":[{"name":"wp","href":"https:\/\/api.w.org\/{rel}","templated":true}]}}