{"id":70619,"date":"2026-05-12T09:02:13","date_gmt":"2026-05-12T09:02:13","guid":{"rendered":"https:\/\/vozolvapen.de\/?post_type=product&#038;p=70619"},"modified":"2026-05-12T09:42:34","modified_gmt":"2026-05-12T09:42:34","slug":"bnag-leader-450k-pod-10-watermelon-ice-blueberry-cherry-sour-mango-pineapple","status":"publish","type":"product","link":"https:\/\/vozolvapen.de\/pl\/product\/bnag-leader-450k-pod-10-watermelon-ice-blueberry-cherry-sour-mango-pineapple\/","title":{"rendered":"Bnag Leader 450k - Pod 10: Summer Time &amp; Sour Mango 15-w-1 Hub"},"content":{"rendered":"<p>The <strong>Lider Bnag 450 tys.<\/strong> (Bnag Leader 450000) jest szczytowym osi\u0105gni\u0119ciem <strong>Marketing cyfrowy sklepu Vape<\/strong> i in\u017cynierii precyzyjnej. <strong>Pod 10<\/strong> to wysokooktanowa kolekcja stworzona dla entuzjast\u00f3w \u201cZesty &amp; Refreshing\u201d, \u0142\u0105cz\u0105ca ostr\u0105 tropikaln\u0105 kwasowo\u015b\u0107 z soczystymi letnimi klasykami. Jako flagowy produkt <strong>450k vape<\/strong>, Jest on wyposa\u017cony w nasz opatentowany mechaniczny <strong>Smak 15 w 1<\/strong> Prze\u0142\u0105cznik hybrydowy, umo\u017cliwiaj\u0105cy nawigacj\u0119 450 000 zaci\u0105gni\u0119\u0107 o wysokiej rozdzielczo\u015bci smaku z chirurgiczn\u0105 precyzj\u0105 i <strong>Optymalizacja adres\u00f3w URL i architektury witryny<\/strong>.<\/p>\n\n\n\n<h2 class=\"wp-block-heading\" id=\"h-technical-parameters-amp-performance\"><strong>Parametry techniczne i wydajno\u015b\u0107:<\/strong><\/h2>\n\n\n\n<ul class=\"wp-block-list\">\n<li><strong>Pojemno\u015b\u0107 dmuchawy:<\/strong> Do 450 000 puff\u00f3w (niezr\u00f3wnana warto\u015b\u0107 rynkowa)<\/li>\n\n\n\n<li><strong>Flavor Logic:<\/strong> Mechaniczny system hybrydowy 15 w 1<\/li>\n\n\n\n<li><strong>Sprz\u0119t:<\/strong> Zaawansowana cewka siatkowa 1,2\u03a9 | Bateria kobaltowa 850 mAh<\/li>\n\n\n\n<li><strong>\u0141adowanie:<\/strong> Szybki interfejs \u0142adowania typu C<\/li>\n\n\n\n<li><strong>Precyzja nikotyny:<\/strong> 0% | 2% | 3% | 5% S\u00f3l Si\u0142a nikotyny<\/li>\n<\/ul>\n\n\n\n<h2 class=\"wp-block-heading\">Zestaw smak\u00f3w 15 w 1 \u201cSummer Zest\u201d (kapsu\u0142a 10)<\/h2>\n\n\n\n<p>Po co zadowala\u0107 si\u0119 jednym sezonem, skoro mo\u017cna zorganizowa\u0107 letni festiwal? <strong>Pod 10<\/strong> zawiera cztery wysokiej jako\u015bci p\u0142yny bazowe. U\u017cyj prze\u0142\u0105cznika hybrydowego, aby cieszy\u0107 si\u0119 nimi w czystej postaci lub stworzy\u0107 11 unikalnych kombinacji \u201cSour-Tropical\u201d.<\/p>\n\n\n\n<h3 class=\"wp-block-heading\"><strong>4 podstawowe sk\u0142adniki witalno\u015bci:<\/strong><\/h3>\n\n\n\n<ol start=\"1\" class=\"wp-block-list\">\n<li><strong>Arbuzowy l\u00f3d:<\/strong> Chrupi\u0105ca, pokryta szronem baza nawil\u017caj\u0105ca dla g\u0142adkiego, sch\u0142odzonego podk\u0142adu.<\/li>\n\n\n\n<li><strong>Blueberry Cherry:<\/strong> G\u0142\u0119bokie, d\u017cemowe po\u0142\u0105czenie le\u015bnych jag\u00f3d i s\u0142odyczy owoc\u00f3w pestkowych.<\/li>\n\n\n\n<li><strong>Czas letni:<\/strong> Autorska mieszanka s\u0142onecznych cytrus\u00f3w i lekkich nut tropikalnych.<\/li>\n\n\n\n<li><strong>Kwa\u015bne mango z ananasem:<\/strong> Tropikalny duet o wysokiej intensywno\u015bci, kt\u00f3ry zapewnia ostry, pikantny \u201czing\u201d.\u201d<\/li>\n<\/ol>\n\n\n\n<h3 class=\"wp-block-heading\"><strong>Charakterystyczne mieszanki hybrydowe:<\/strong><\/h3>\n\n\n\n<ul class=\"wp-block-list\">\n<li><strong>Tropical Pucker (Mix 3+4):<\/strong> Summer Time \u0142\u0105czy si\u0119 z Sour Mango Pineapple, tworz\u0105c jasn\u0105, kwa\u015bn\u0105 tropikaln\u0105 eksplozj\u0119.<\/li>\n\n\n\n<li><strong>Icy Berry Refresh (Mix 1+2):<\/strong> Arbuzowy l\u00f3d nasycony g\u0142\u0119bok\u0105 s\u0142odycz\u0105 jag\u00f3d i wi\u015bni.<\/li>\n\n\n\n<li><strong>Zesty Summer Frost (Mix 1+3):<\/strong> Sch\u0142odzony arbuz zr\u00f3wnowa\u017cony \u017cywymi cytrusowymi nutami Summer Time.<\/li>\n\n\n\n<li><strong>The Ultimate Summer Mix (Mix 1+2+3+4):<\/strong> Wszystkie cztery komory otwieraj\u0105 si\u0119 na z\u0142o\u017con\u0105, kwa\u015bno-owocow\u0105 symfoni\u0119 15 w 1.<\/li>\n<\/ul>\n\n\n\n<h2 class=\"wp-block-heading\">Focus sensoryczny: Nasycenie smakiem nowej generacji<\/h2>\n\n\n\n<p>Korzystanie z <strong>Wyszukiwanie s\u0142\u00f3w kluczowych dla vapes<\/strong> aby ukierunkowa\u0107 si\u0119 na konkretne odczucia u\u017cytkownika, skupiamy si\u0119 na <strong>Bnag Leader 450000<\/strong>\u2019wydajno\u015b\u0107 siatki 1,2\u03a9 i <strong>Optymalizacja struktury tre\u015bci<\/strong>.<\/p>\n\n\n\n<ul class=\"wp-block-list\">\n<li><strong>Wdech:<\/strong> Uderza natychmiastowym, pikantnym \u201cpucker\u201d z Sour Mango Pineapple, po kt\u00f3rym nast\u0119puj\u0105 jasne, wietrzne nuty Summer Time.<\/li>\n\n\n\n<li><strong>Sekcja \u015brodkowa:<\/strong> Watermelon Ice zapewnia \u201cmokry\u201d, nawil\u017caj\u0105cy smak w ustach, kt\u00f3ry r\u00f3wnowa\u017cy ostr\u0105 kwaskowato\u015b\u0107 owoc\u00f3w tropikalnych.<\/li>\n\n\n\n<li><strong>Posmak:<\/strong> Czysty i trwa\u0142y. Blueberry Cherry pozostawia wyrafinowany, ciemny owocowy \u015blad, kt\u00f3ry zapewnia <strong>450 000 puff<\/strong> podr\u00f3\u017c pozostaje ekscytuj\u0105ca i zr\u00f3wnowa\u017cona.<\/li>\n<\/ul>\n\n\n\n<h2 class=\"wp-block-heading\">Najcz\u0119\u015bciej zadawane pytania i optymalizacja Rich Snippet<\/h2>\n\n\n\n<p><strong>P: Jak bardzo \u201ckwa\u015bny\u201d jest Sour Mango Pineapple w Pod 10?<\/strong><\/p>\n\n\n\n<p> <strong>A:<\/strong> Zosta\u0142 zaprojektowany tak, aby by\u0142 cierpki i pikantny, stymuluj\u0105c podniebienie bez przyt\u0142aczania. Dzia\u0142a jako doskona\u0142y \u201crozja\u015bniacz smaku\u201d w <strong>Smaki 15 w 1<\/strong> system.<\/p>\n\n\n\n<p><strong>P: Czy Bnag Leader 450k wymaga jakiejkolwiek konserwacji?<\/strong> <\/p>\n\n\n\n<p><strong>A:<\/strong> Nie. Jest to w pe\u0142ni jednorazowy system. Wystarczy na\u0142adowa\u0107 bateri\u0119 850 mAh przez <strong>Typ-C<\/strong> aby zapewni\u0107, \u017ce cewka z siatk\u0105 1,2\u03a9 skutecznie rozpyla e-ciecz, a\u017c do osi\u0105gni\u0119cia <strong>450k vape<\/strong> limit.<\/p>\n\n\n\n<p><strong>P: Czy Pod 10 jest dost\u0119pny w sprzeda\u017cy hurtowej B2B?<\/strong> <\/p>\n\n\n\n<p><strong>A:<\/strong> Tak. Oferujemy specjalistyczne <strong>Pozycjonowanie stron z e-papierosami<\/strong> wsparcie i opakowania hurtowe (10 sztuk) dla globalnych dystrybutor\u00f3w, kt\u00f3rzy chc\u0105 zdoby\u0107 letni rynek.<\/p>\n\n\n\n<h2 class=\"wp-block-heading\">Poznaj wi\u0119cej do\u015bwiadcze\u0144 sensorycznych 15 w 1<\/h2>\n\n\n\n<p>Je\u015bli podoba\u0142a Ci si\u0119 z\u0142o\u017cona technologia hybrydowa <strong>Bnag Leader 450000<\/strong>, Odkryj te wyselekcjonowane alternatywy zaprojektowane, aby przesuwa\u0107 granice <strong>450k vape<\/strong> rewolucja.<\/p>\n\n\n\n<p>1.<a href=\"https:\/\/vozolvapen.de\/pl\/product\/bnag-leader-450k-pod-1-watermelon-cherry-mango\/\">Stacja Tropical Red &amp; Mango<\/a><br>2.<a href=\"https:\/\/vozolvapen.de\/pl\/product\/bnag-leader-450k-pod-2-cola-ice-energy-drink\/\">Soda i Energy Spark<\/a><br>3.<a href=\"https:\/\/vozolvapen.de\/pl\/product\/bnag-leader-450k-pod-3-watermelon-ice-red-bull\/\">Icy Revitalizer<\/a><br>4.<a href=\"https:\/\/vozolvapen.de\/pl\/product\/bnag-leader-450k-pod-4-pineapple-coconut-mango-peach\/\">Exotic Island Cream<\/a><br>5.<a href=\"https:\/\/vozolvapen.de\/pl\/product\/bnag-leader-450k-pod-5-energy-drink-blueberry-watermelon-gummy-bear\/\">Sour Candy Energy<\/a><br>6.<a href=\"https:\/\/vozolvapen.de\/pl\/product\/bnag-leader-450k-pod-6-strawberry-watermelon-kiwi-guava\/\">Antologia Letni sad<\/a><br>7.<a href=\"https:\/\/vozolvapen.de\/pl\/product\/bnag-leader-450k-pod-7-fuji-apple-ice-blueberry-mint-lime-romance\/\">Fuji Romance &amp; Mint<\/a><br>8.<a href=\"https:\/\/vozolvapen.de\/pl\/product\/bnag-leader-450k-pod-8-peach-ice-blueberry-ice-rainbow-candy-lemon-sour-orange\/\">Rainbow Candy Zest<\/a><br>9.<a href=\"https:\/\/vozolvapen.de\/pl\/product\/bnag-leader-450k-pod-9-blueberry-ice-peach-mango-watermelon-passion-kiss-melon-apple\/\">Passion Melon Kiss<\/a><br>11.<a href=\"https:\/\/vozolvapen.de\/pl\/product\/bnag-leader-450k-pod-11-california-cherry-passion-fruit-mango-berry-mix\/\">Kalifornijskie zbiory jag\u00f3d<\/a><br>12.<a href=\"https:\/\/vozolvapen.de\/pl\/product\/bnag-leader-450k-pod-12-love66-red-mojito-strawberry-mango\/\">Love &amp; Mojito Lounge<\/a><\/p>","protected":false},"excerpt":{"rendered":"<p data-path-to-node=\"12\">Najlepszy smak lata. Zawiera kwa\u015bne mango z ananasem o wysokiej kwasowo\u015bci i opatentowan\u0105 mieszank\u0119 cytrus\u00f3w \u201cSummer Time\u201d. To <b data-path-to-node=\"12\" data-index-in-node=\"166\">450 tys. puff<\/b> Powerhouse wykorzystuje podw\u00f3jne prze\u0142\u0105czanie smak\u00f3w, aby zapewni\u0107 od\u015bwie\u017cenie podniebienia podczas najd\u0142u\u017cszych cykli waporyzacji.<\/p>","protected":false},"featured_media":70826,"comment_status":"open","ping_status":"closed","template":"","meta":{"_acf_changed":false},"product_brand":[],"product_cat":[171],"product_tag":[],"class_list":{"0":"post-70619","1":"product","2":"type-product","3":"status-publish","4":"has-post-thumbnail","6":"product_cat-puff-450k-bang-leader-450k-15-in-1","8":"first","9":"instock","10":"shipping-taxable","11":"purchasable","12":"product-type-variable"},"acf":[],"yoast_head":"<!-- This site is optimized with the Yoast SEO Premium plugin v26.1 (Yoast SEO v27.5) - https:\/\/yoast.com\/product\/yoast-seo-premium-wordpress\/ -->\n<title>Bnag Leader 450k Pod 10 | 450k Puffs Sour Mango Pineapple 15-in-1<\/title>\n<meta name=\"description\" content=\"Experience 450,000 puffs of Bnag Leader 450k Pod 10. Featuring Sour Mango Pineapple, Summer Time, and Watermelon Ice in a revolutionary 15-in-1 hybrid vape.\" \/>\n<meta name=\"robots\" content=\"index, follow, max-snippet:-1, max-image-preview:large, max-video-preview:-1\" \/>\n<link rel=\"canonical\" href=\"https:\/\/vozolvapen.de\/pl\/product\/bnag-leader-450k-pod-10-watermelon-ice-blueberry-cherry-sour-mango-pineapple\/\" \/>\n<meta property=\"og:locale\" content=\"pl_PL\" \/>\n<meta property=\"og:type\" content=\"article\" \/>\n<meta property=\"og:title\" content=\"Bnag Leader 450k - Pod 10: Summer Time &amp; Sour Mango 15-in-1 Hub\" \/>\n<meta property=\"og:description\" content=\"Experience 450,000 puffs of Bnag Leader 450k Pod 10. Featuring Sour Mango Pineapple, Summer Time, and Watermelon Ice in a revolutionary 15-in-1 hybrid vape.\" \/>\n<meta property=\"og:url\" content=\"https:\/\/vozolvapen.de\/pl\/product\/bnag-leader-450k-pod-10-watermelon-ice-blueberry-cherry-sour-mango-pineapple\/\" \/>\n<meta property=\"og:site_name\" content=\"vozolvapen\" \/>\n<meta property=\"article:modified_time\" content=\"2026-05-12T09:42:34+00:00\" \/>\n<meta property=\"og:image\" content=\"https:\/\/vozolvapen.de\/wp-content\/uploads\/2026\/05\/450k-puffs-Bnag-Leader-450k-Summer-Sour-Pineapple.webp\" \/>\n\t<meta property=\"og:image:width\" content=\"768\" \/>\n\t<meta property=\"og:image:height\" content=\"768\" \/>\n\t<meta property=\"og:image:type\" content=\"image\/webp\" \/>\n<meta name=\"twitter:card\" content=\"summary_large_image\" \/>\n<meta name=\"twitter:label1\" content=\"Szacowany czas czytania\" \/>\n\t<meta name=\"twitter:data1\" content=\"3 minuty\" \/>\n<script type=\"application\/ld+json\" class=\"yoast-schema-graph\">{\"@context\":\"https:\\\/\\\/schema.org\",\"@graph\":[{\"@type\":\"WebPage\",\"@id\":\"https:\\\/\\\/vozolvapen.de\\\/product\\\/bnag-leader-450k-pod-10-watermelon-ice-blueberry-cherry-sour-mango-pineapple\\\/\",\"url\":\"https:\\\/\\\/vozolvapen.de\\\/product\\\/bnag-leader-450k-pod-10-watermelon-ice-blueberry-cherry-sour-mango-pineapple\\\/\",\"name\":\"Bnag Leader 450k Pod 10 | 450k Puffs Sour Mango Pineapple 15-in-1\",\"isPartOf\":{\"@id\":\"https:\\\/\\\/vozolvapen.de\\\/#website\"},\"primaryImageOfPage\":{\"@id\":\"https:\\\/\\\/vozolvapen.de\\\/product\\\/bnag-leader-450k-pod-10-watermelon-ice-blueberry-cherry-sour-mango-pineapple\\\/#primaryimage\"},\"image\":{\"@id\":\"https:\\\/\\\/vozolvapen.de\\\/product\\\/bnag-leader-450k-pod-10-watermelon-ice-blueberry-cherry-sour-mango-pineapple\\\/#primaryimage\"},\"thumbnailUrl\":\"https:\\\/\\\/vozolvapen.de\\\/wp-content\\\/uploads\\\/2026\\\/05\\\/450k-puffs-Bnag-Leader-450k-Summer-Sour-Pineapple.webp\",\"datePublished\":\"2026-05-12T09:02:13+00:00\",\"dateModified\":\"2026-05-12T09:42:34+00:00\",\"description\":\"Experience 450,000 puffs of Bnag Leader 450k Pod 10. Featuring Sour Mango Pineapple, Summer Time, and Watermelon Ice in a revolutionary 15-in-1 hybrid vape.\",\"breadcrumb\":{\"@id\":\"https:\\\/\\\/vozolvapen.de\\\/product\\\/bnag-leader-450k-pod-10-watermelon-ice-blueberry-cherry-sour-mango-pineapple\\\/#breadcrumb\"},\"inLanguage\":\"pl-PL\",\"potentialAction\":[{\"@type\":\"ReadAction\",\"target\":[\"https:\\\/\\\/vozolvapen.de\\\/product\\\/bnag-leader-450k-pod-10-watermelon-ice-blueberry-cherry-sour-mango-pineapple\\\/\"]}]},{\"@type\":\"ImageObject\",\"inLanguage\":\"pl-PL\",\"@id\":\"https:\\\/\\\/vozolvapen.de\\\/product\\\/bnag-leader-450k-pod-10-watermelon-ice-blueberry-cherry-sour-mango-pineapple\\\/#primaryimage\",\"url\":\"https:\\\/\\\/vozolvapen.de\\\/wp-content\\\/uploads\\\/2026\\\/05\\\/450k-puffs-Bnag-Leader-450k-Summer-Sour-Pineapple.webp\",\"contentUrl\":\"https:\\\/\\\/vozolvapen.de\\\/wp-content\\\/uploads\\\/2026\\\/05\\\/450k-puffs-Bnag-Leader-450k-Summer-Sour-Pineapple.webp\",\"width\":768,\"height\":768,\"caption\":\"450k Puffs Bnag Leader Summer Sour Pineapple Disposable Vape Device\"},{\"@type\":\"BreadcrumbList\",\"@id\":\"https:\\\/\\\/vozolvapen.de\\\/product\\\/bnag-leader-450k-pod-10-watermelon-ice-blueberry-cherry-sour-mango-pineapple\\\/#breadcrumb\",\"itemListElement\":[{\"@type\":\"ListItem\",\"position\":1,\"name\":\"Home\",\"item\":\"https:\\\/\\\/vozolvapen.de\\\/de\\\/\"},{\"@type\":\"ListItem\",\"position\":2,\"name\":\"Shop\",\"item\":\"https:\\\/\\\/vozolvapen.de\\\/shop\\\/\"},{\"@type\":\"ListItem\",\"position\":3,\"name\":\"Bnag Leader 450k &#8211; Pod 10: Summer Time &amp; Sour Mango 15-in-1 Hub\"}]},{\"@type\":\"WebSite\",\"@id\":\"https:\\\/\\\/vozolvapen.de\\\/#website\",\"url\":\"https:\\\/\\\/vozolvapen.de\\\/\",\"name\":\"vozolvapen\",\"description\":\"vozolvapen\",\"publisher\":{\"@id\":\"https:\\\/\\\/vozolvapen.de\\\/#organization\"},\"potentialAction\":[{\"@type\":\"SearchAction\",\"target\":{\"@type\":\"EntryPoint\",\"urlTemplate\":\"https:\\\/\\\/vozolvapen.de\\\/?s={search_term_string}\"},\"query-input\":{\"@type\":\"PropertyValueSpecification\",\"valueRequired\":true,\"valueName\":\"search_term_string\"}}],\"inLanguage\":\"pl-PL\"},{\"@type\":\"Organization\",\"@id\":\"https:\\\/\\\/vozolvapen.de\\\/#organization\",\"name\":\"vozolvapen\",\"url\":\"https:\\\/\\\/vozolvapen.de\\\/\",\"logo\":{\"@type\":\"ImageObject\",\"inLanguage\":\"pl-PL\",\"@id\":\"https:\\\/\\\/vozolvapen.de\\\/#\\\/schema\\\/logo\\\/image\\\/\",\"url\":\"https:\\\/\\\/vozolvapen.de\\\/wp-content\\\/uploads\\\/2025\\\/12\\\/cropped-vozovapen-logo.webp\",\"contentUrl\":\"https:\\\/\\\/vozolvapen.de\\\/wp-content\\\/uploads\\\/2025\\\/12\\\/cropped-vozovapen-logo.webp\",\"width\":470,\"height\":110,\"caption\":\"vozolvapen\"},\"image\":{\"@id\":\"https:\\\/\\\/vozolvapen.de\\\/#\\\/schema\\\/logo\\\/image\\\/\"}}]}<\/script>\n<!-- \/ Yoast SEO Premium plugin. -->","yoast_head_json":{"title":"Bnag Leader 450k Pod 10 | 450k Puffs Sour Mango Pineapple 15-in-1","description":"Do\u015bwiadcz 450 000 zaci\u0105gni\u0119\u0107 Bnag Leader 450k Pod 10. Zawiera Sour Mango Pineapple, Summer Time i Watermelon Ice w rewolucyjnym hybrydowym vape 15 w 1.","robots":{"index":"index","follow":"follow","max-snippet":"max-snippet:-1","max-image-preview":"max-image-preview:large","max-video-preview":"max-video-preview:-1"},"canonical":"https:\/\/vozolvapen.de\/pl\/product\/bnag-leader-450k-pod-10-watermelon-ice-blueberry-cherry-sour-mango-pineapple\/","og_locale":"pl_PL","og_type":"article","og_title":"Bnag Leader 450k - Pod 10: Summer Time &amp; Sour Mango 15-in-1 Hub","og_description":"Experience 450,000 puffs of Bnag Leader 450k Pod 10. Featuring Sour Mango Pineapple, Summer Time, and Watermelon Ice in a revolutionary 15-in-1 hybrid vape.","og_url":"https:\/\/vozolvapen.de\/pl\/product\/bnag-leader-450k-pod-10-watermelon-ice-blueberry-cherry-sour-mango-pineapple\/","og_site_name":"vozolvapen","article_modified_time":"2026-05-12T09:42:34+00:00","og_image":[{"width":768,"height":768,"url":"https:\/\/vozolvapen.de\/wp-content\/uploads\/2026\/05\/450k-puffs-Bnag-Leader-450k-Summer-Sour-Pineapple.webp","type":"image\/webp"}],"twitter_card":"summary_large_image","twitter_misc":{"Szacowany czas czytania":"3 minuty"},"schema":{"@context":"https:\/\/schema.org","@graph":[{"@type":"WebPage","@id":"https:\/\/vozolvapen.de\/product\/bnag-leader-450k-pod-10-watermelon-ice-blueberry-cherry-sour-mango-pineapple\/","url":"https:\/\/vozolvapen.de\/product\/bnag-leader-450k-pod-10-watermelon-ice-blueberry-cherry-sour-mango-pineapple\/","name":"Bnag Leader 450k Pod 10 | 450k Puffs Sour Mango Pineapple 15-in-1","isPartOf":{"@id":"https:\/\/vozolvapen.de\/#website"},"primaryImageOfPage":{"@id":"https:\/\/vozolvapen.de\/product\/bnag-leader-450k-pod-10-watermelon-ice-blueberry-cherry-sour-mango-pineapple\/#primaryimage"},"image":{"@id":"https:\/\/vozolvapen.de\/product\/bnag-leader-450k-pod-10-watermelon-ice-blueberry-cherry-sour-mango-pineapple\/#primaryimage"},"thumbnailUrl":"https:\/\/vozolvapen.de\/wp-content\/uploads\/2026\/05\/450k-puffs-Bnag-Leader-450k-Summer-Sour-Pineapple.webp","datePublished":"2026-05-12T09:02:13+00:00","dateModified":"2026-05-12T09:42:34+00:00","description":"Do\u015bwiadcz 450 000 zaci\u0105gni\u0119\u0107 Bnag Leader 450k Pod 10. Zawiera Sour Mango Pineapple, Summer Time i Watermelon Ice w rewolucyjnym hybrydowym vape 15 w 1.","breadcrumb":{"@id":"https:\/\/vozolvapen.de\/product\/bnag-leader-450k-pod-10-watermelon-ice-blueberry-cherry-sour-mango-pineapple\/#breadcrumb"},"inLanguage":"pl-PL","potentialAction":[{"@type":"ReadAction","target":["https:\/\/vozolvapen.de\/product\/bnag-leader-450k-pod-10-watermelon-ice-blueberry-cherry-sour-mango-pineapple\/"]}]},{"@type":"ImageObject","inLanguage":"pl-PL","@id":"https:\/\/vozolvapen.de\/product\/bnag-leader-450k-pod-10-watermelon-ice-blueberry-cherry-sour-mango-pineapple\/#primaryimage","url":"https:\/\/vozolvapen.de\/wp-content\/uploads\/2026\/05\/450k-puffs-Bnag-Leader-450k-Summer-Sour-Pineapple.webp","contentUrl":"https:\/\/vozolvapen.de\/wp-content\/uploads\/2026\/05\/450k-puffs-Bnag-Leader-450k-Summer-Sour-Pineapple.webp","width":768,"height":768,"caption":"450k Puffs Bnag Leader Summer Sour Pineapple Disposable Vape Device"},{"@type":"BreadcrumbList","@id":"https:\/\/vozolvapen.de\/product\/bnag-leader-450k-pod-10-watermelon-ice-blueberry-cherry-sour-mango-pineapple\/#breadcrumb","itemListElement":[{"@type":"ListItem","position":1,"name":"Home","item":"https:\/\/vozolvapen.de\/de\/"},{"@type":"ListItem","position":2,"name":"Shop","item":"https:\/\/vozolvapen.de\/shop\/"},{"@type":"ListItem","position":3,"name":"Bnag Leader 450k &#8211; Pod 10: Summer Time &amp; Sour Mango 15-in-1 Hub"}]},{"@type":"WebSite","@id":"https:\/\/vozolvapen.de\/#website","url":"https:\/\/vozolvapen.de\/","name":"vozolvapen","description":"vozolvapen","publisher":{"@id":"https:\/\/vozolvapen.de\/#organization"},"potentialAction":[{"@type":"SearchAction","target":{"@type":"EntryPoint","urlTemplate":"https:\/\/vozolvapen.de\/?s={search_term_string}"},"query-input":{"@type":"PropertyValueSpecification","valueRequired":true,"valueName":"search_term_string"}}],"inLanguage":"pl-PL"},{"@type":"Organization","@id":"https:\/\/vozolvapen.de\/#organization","name":"vozolvapen","url":"https:\/\/vozolvapen.de\/","logo":{"@type":"ImageObject","inLanguage":"pl-PL","@id":"https:\/\/vozolvapen.de\/#\/schema\/logo\/image\/","url":"https:\/\/vozolvapen.de\/wp-content\/uploads\/2025\/12\/cropped-vozovapen-logo.webp","contentUrl":"https:\/\/vozolvapen.de\/wp-content\/uploads\/2025\/12\/cropped-vozovapen-logo.webp","width":470,"height":110,"caption":"vozolvapen"},"image":{"@id":"https:\/\/vozolvapen.de\/#\/schema\/logo\/image\/"}}]}},"tiered_pricing_type":"fixed","tiered_pricing_fixed_rules":{"30":"14.5","50":"12.5","100":"12.5","200":"11.5"},"tiered_pricing_product_settings":{"layout":"default","base_unit_name":{"singular":null,"plural":null},"default_variation":null},"tiered_pricing_minimum_quantity":10,"tiered_pricing_roles_data":[],"tiered_pricing_percentage_rules":[],"tiered_pricing_maximum_quantity":null,"tiered_pricing_quantity_step":"10","_links":{"self":[{"href":"https:\/\/vozolvapen.de\/pl\/wp-json\/wp\/v2\/product\/70619","targetHints":{"allow":["GET"]}}],"collection":[{"href":"https:\/\/vozolvapen.de\/pl\/wp-json\/wp\/v2\/product"}],"about":[{"href":"https:\/\/vozolvapen.de\/pl\/wp-json\/wp\/v2\/types\/product"}],"replies":[{"embeddable":true,"href":"https:\/\/vozolvapen.de\/pl\/wp-json\/wp\/v2\/comments?post=70619"}],"wp:featuredmedia":[{"embeddable":true,"href":"https:\/\/vozolvapen.de\/pl\/wp-json\/wp\/v2\/media\/70826"}],"wp:attachment":[{"href":"https:\/\/vozolvapen.de\/pl\/wp-json\/wp\/v2\/media?parent=70619"}],"wp:term":[{"taxonomy":"product_brand","embeddable":true,"href":"https:\/\/vozolvapen.de\/pl\/wp-json\/wp\/v2\/product_brand?post=70619"},{"taxonomy":"product_cat","embeddable":true,"href":"https:\/\/vozolvapen.de\/pl\/wp-json\/wp\/v2\/product_cat?post=70619"},{"taxonomy":"product_tag","embeddable":true,"href":"https:\/\/vozolvapen.de\/pl\/wp-json\/wp\/v2\/product_tag?post=70619"}],"curies":[{"name":"wp","href":"https:\/\/api.w.org\/{rel}","templated":true}]}}